{"id":19535,"date":"2024-05-09T12:32:04","date_gmt":"2024-05-09T10:32:04","guid":{"rendered":"https:\/\/radarservice.eu\/produkt\/usb-c-rj11-stromkabel-for-radardetektor\/"},"modified":"2024-05-09T12:33:40","modified_gmt":"2024-05-09T10:33:40","slug":"usb-c-rj11-stromkabel-for-radardetektor","status":"publish","type":"product","link":"https:\/\/radarservice.eu\/sv\/produkt\/usb-c-rj11-stromkabel-for-radardetektor\/","title":{"rendered":"USB-C \/ RJ11 str\u00f6mkabel f\u00f6r radardetektor"},"content":{"rendered":"<div><strong>USB-C RJ11-anslutningskabel f\u00f6r radardetektor<\/strong><\/div>\n<div><\/div>\n<div>12V-USBC-kabel, sladdansluten, ca 2 m l\u00e5ng i utdraget l\u00e4ge med LED-statusindikator.<\/div>\n<div><\/div>\n<div>Kompatibel med:<\/div>\n<ul>\n<li>NAVTY P1<\/li>\n<li>Escort: MAX, MAX2, MAX3, MAX360, MAX360c<\/li>\n<li>Escort X 8500 (X50),<\/li>\n<li>Escort 9500iX<\/li>\n<li>Eskort Redline, Redline EX<\/li>\n<li>Eskort EX 360, EX 360C<\/li>\n<li>Valentine One: V1 Gen1, V1 Gen2,<\/li>\n<li>Genevo MAX,<\/li>\n<li>Uniden: R3 R3, R4, R7, R8<\/li>\n<\/ul>\n<p>&nbsp;<\/p>\n<div><\/div>\n","protected":false},"excerpt":{"rendered":"<div><strong>USB-C str\u00f6mkabel med ca 2 m l\u00e4ngd och status-LED\u00a0<\/strong><\/div>\n<div><\/div>\n<div>Kompatibel med:<\/div>\n<ul>\n<li>NAVTY P1<\/li>\n<li>Genevo MAX<\/li>\n<li>Escort radardetektor (RJ11-anslutning)<\/li>\n<li>Uniden radardetektor (RJ11-anslutning)<\/li>\n<li>Beltronics radardetektor (RJ11-anslutning)<\/li>\n<li>Valentine One: V1 Gen1, V1 Gen2<\/li>\n<\/ul>\n<div><\/div>\n<div><\/div>\n","protected":false},"featured_media":19533,"comment_status":"open","ping_status":"closed","template":"","meta":[],"product_brand":[],"product_cat":[1818,1881,1756,1776,1892,1826],"product_tag":[],"class_list":{"0":"post-19535","1":"product","2":"type-product","3":"status-publish","4":"has-post-thumbnail","6":"product_cat-beltronics-sv","7":"product_cat-escort-sv","8":"product_cat-genevo-sv","9":"product_cat-navty-sv","10":"product_cat-tillbehoer","11":"product_cat-valentine-one-sv","13":"first","14":"instock","15":"taxable","16":"shipping-taxable","17":"purchasable","18":"product-type-simple"},"yoast_head":"<!-- This site is optimized with the Yoast SEO plugin v27.2 - https:\/\/yoast.com\/product\/yoast-seo-wordpress\/ -->\n<title>USB-C \/ RJ11 str\u00f6mkabel f\u00f6r radardetektor | Radar Service<\/title>\n<meta name=\"description\" content=\"USB-C \/ RJ11 str\u00f6mkabel f\u00f6r radardetektor | Radar Service\" \/>\n<meta name=\"robots\" content=\"index, follow, max-snippet:-1, max-image-preview:large, max-video-preview:-1\" \/>\n<link rel=\"canonical\" href=\"https:\/\/radarservice.eu\/sv\/produkt\/usb-c-rj11-stromkabel-for-radardetektor\/\" \/>\n<meta property=\"og:locale\" content=\"sv_SE\" \/>\n<meta property=\"og:type\" content=\"article\" \/>\n<meta property=\"og:title\" content=\"USB-C \/ RJ11 str\u00f6mkabel f\u00f6r radardetektor | Radar Service\" \/>\n<meta property=\"og:description\" content=\"USB-C \/ RJ11 str\u00f6mkabel f\u00f6r radardetektor | Radar Service\" \/>\n<meta property=\"og:url\" content=\"https:\/\/radarservice.eu\/sv\/produkt\/usb-c-rj11-stromkabel-for-radardetektor\/\" \/>\n<meta property=\"og:site_name\" content=\"Radar Service\" \/>\n<meta property=\"article:modified_time\" content=\"2024-05-09T10:33:40+00:00\" \/>\n<meta property=\"og:image\" content=\"https:\/\/radarservice.eu\/wp-content\/uploads\/2024\/05\/usbc_to_rj11_cable_genevo.webp\" \/>\n\t<meta property=\"og:image:width\" content=\"1800\" \/>\n\t<meta property=\"og:image:height\" content=\"1200\" \/>\n\t<meta property=\"og:image:type\" content=\"image\/webp\" \/>\n<meta name=\"twitter:card\" content=\"summary_large_image\" \/>\n<script type=\"application\/ld+json\" class=\"yoast-schema-graph\">{\"@context\":\"https:\/\/schema.org\",\"@graph\":[{\"@type\":\"WebPage\",\"@id\":\"https:\/\/radarservice.eu\/sv\/produkt\/usb-c-rj11-stromkabel-for-radardetektor\/\",\"url\":\"https:\/\/radarservice.eu\/sv\/produkt\/usb-c-rj11-stromkabel-for-radardetektor\/\",\"name\":\"USB-C \/ RJ11 str\u00f6mkabel f\u00f6r radardetektor | Radar Service\",\"isPartOf\":{\"@id\":\"https:\/\/radarservice.eu\/sv\/#website\"},\"primaryImageOfPage\":{\"@id\":\"https:\/\/radarservice.eu\/sv\/produkt\/usb-c-rj11-stromkabel-for-radardetektor\/#primaryimage\"},\"image\":{\"@id\":\"https:\/\/radarservice.eu\/sv\/produkt\/usb-c-rj11-stromkabel-for-radardetektor\/#primaryimage\"},\"thumbnailUrl\":\"https:\/\/radarservice.eu\/wp-content\/uploads\/2024\/05\/usbc_to_rj11_cable_genevo.webp\",\"datePublished\":\"2024-05-09T10:32:04+00:00\",\"dateModified\":\"2024-05-09T10:33:40+00:00\",\"description\":\"USB-C \/ RJ11 str\u00f6mkabel f\u00f6r radardetektor | Radar Service\",\"breadcrumb\":{\"@id\":\"https:\/\/radarservice.eu\/sv\/produkt\/usb-c-rj11-stromkabel-for-radardetektor\/#breadcrumb\"},\"inLanguage\":\"sv-SE\",\"potentialAction\":[{\"@type\":\"ReadAction\",\"target\":[\"https:\/\/radarservice.eu\/sv\/produkt\/usb-c-rj11-stromkabel-for-radardetektor\/\"]}]},{\"@type\":\"ImageObject\",\"inLanguage\":\"sv-SE\",\"@id\":\"https:\/\/radarservice.eu\/sv\/produkt\/usb-c-rj11-stromkabel-for-radardetektor\/#primaryimage\",\"url\":\"https:\/\/radarservice.eu\/wp-content\/uploads\/2024\/05\/usbc_to_rj11_cable_genevo.webp\",\"contentUrl\":\"https:\/\/radarservice.eu\/wp-content\/uploads\/2024\/05\/usbc_to_rj11_cable_genevo.webp\",\"width\":1800,\"height\":1200,\"caption\":\"USB-C RJ11 str\u00f6mkabel f\u00f6r radardetektor\"},{\"@type\":\"BreadcrumbList\",\"@id\":\"https:\/\/radarservice.eu\/sv\/produkt\/usb-c-rj11-stromkabel-for-radardetektor\/#breadcrumb\",\"itemListElement\":[{\"@type\":\"ListItem\",\"position\":1,\"name\":\"Butik\",\"item\":\"https:\/\/radarservice.eu\/sv\/butik\/\"},{\"@type\":\"ListItem\",\"position\":2,\"name\":\"USB-C \/ RJ11 str\u00f6mkabel f\u00f6r radardetektor\"}]},{\"@type\":\"WebSite\",\"@id\":\"https:\/\/radarservice.eu\/sv\/#website\",\"url\":\"https:\/\/radarservice.eu\/sv\/\",\"name\":\"Radar Service\",\"description\":\"Radar detector Laser jammer mobile fix\",\"publisher\":{\"@id\":\"https:\/\/radarservice.eu\/sv\/#organization\"},\"potentialAction\":[{\"@type\":\"SearchAction\",\"target\":{\"@type\":\"EntryPoint\",\"urlTemplate\":\"https:\/\/radarservice.eu\/sv\/?s={search_term_string}\"},\"query-input\":{\"@type\":\"PropertyValueSpecification\",\"valueRequired\":true,\"valueName\":\"search_term_string\"}}],\"inLanguage\":\"sv-SE\"},{\"@type\":\"Organization\",\"@id\":\"https:\/\/radarservice.eu\/sv\/#organization\",\"name\":\"RadarService\",\"url\":\"https:\/\/radarservice.eu\/sv\/\",\"logo\":{\"@type\":\"ImageObject\",\"inLanguage\":\"sv-SE\",\"@id\":\"https:\/\/radarservice.eu\/sv\/#\/schema\/logo\/image\/\",\"url\":\"https:\/\/radarservice.eu\/wp-content\/uploads\/2021\/03\/Radar_detector_service.png\",\"contentUrl\":\"https:\/\/radarservice.eu\/wp-content\/uploads\/2021\/03\/Radar_detector_service.png\",\"width\":174,\"height\":48,\"caption\":\"RadarService\"},\"image\":{\"@id\":\"https:\/\/radarservice.eu\/sv\/#\/schema\/logo\/image\/\"}}]}<\/script>\n<!-- \/ Yoast SEO plugin. -->","yoast_head_json":{"title":"USB-C \/ RJ11 str\u00f6mkabel f\u00f6r radardetektor | Radar Service","description":"USB-C \/ RJ11 str\u00f6mkabel f\u00f6r radardetektor | Radar Service","robots":{"index":"index","follow":"follow","max-snippet":"max-snippet:-1","max-image-preview":"max-image-preview:large","max-video-preview":"max-video-preview:-1"},"canonical":"https:\/\/radarservice.eu\/sv\/produkt\/usb-c-rj11-stromkabel-for-radardetektor\/","og_locale":"sv_SE","og_type":"article","og_title":"USB-C \/ RJ11 str\u00f6mkabel f\u00f6r radardetektor | Radar Service","og_description":"USB-C \/ RJ11 str\u00f6mkabel f\u00f6r radardetektor | Radar Service","og_url":"https:\/\/radarservice.eu\/sv\/produkt\/usb-c-rj11-stromkabel-for-radardetektor\/","og_site_name":"Radar Service","article_modified_time":"2024-05-09T10:33:40+00:00","og_image":[{"width":1800,"height":1200,"url":"https:\/\/radarservice.eu\/wp-content\/uploads\/2024\/05\/usbc_to_rj11_cable_genevo.webp","type":"image\/webp"}],"twitter_card":"summary_large_image","schema":{"@context":"https:\/\/schema.org","@graph":[{"@type":"WebPage","@id":"https:\/\/radarservice.eu\/sv\/produkt\/usb-c-rj11-stromkabel-for-radardetektor\/","url":"https:\/\/radarservice.eu\/sv\/produkt\/usb-c-rj11-stromkabel-for-radardetektor\/","name":"USB-C \/ RJ11 str\u00f6mkabel f\u00f6r radardetektor | Radar Service","isPartOf":{"@id":"https:\/\/radarservice.eu\/sv\/#website"},"primaryImageOfPage":{"@id":"https:\/\/radarservice.eu\/sv\/produkt\/usb-c-rj11-stromkabel-for-radardetektor\/#primaryimage"},"image":{"@id":"https:\/\/radarservice.eu\/sv\/produkt\/usb-c-rj11-stromkabel-for-radardetektor\/#primaryimage"},"thumbnailUrl":"https:\/\/radarservice.eu\/wp-content\/uploads\/2024\/05\/usbc_to_rj11_cable_genevo.webp","datePublished":"2024-05-09T10:32:04+00:00","dateModified":"2024-05-09T10:33:40+00:00","description":"USB-C \/ RJ11 str\u00f6mkabel f\u00f6r radardetektor | Radar Service","breadcrumb":{"@id":"https:\/\/radarservice.eu\/sv\/produkt\/usb-c-rj11-stromkabel-for-radardetektor\/#breadcrumb"},"inLanguage":"sv-SE","potentialAction":[{"@type":"ReadAction","target":["https:\/\/radarservice.eu\/sv\/produkt\/usb-c-rj11-stromkabel-for-radardetektor\/"]}]},{"@type":"ImageObject","inLanguage":"sv-SE","@id":"https:\/\/radarservice.eu\/sv\/produkt\/usb-c-rj11-stromkabel-for-radardetektor\/#primaryimage","url":"https:\/\/radarservice.eu\/wp-content\/uploads\/2024\/05\/usbc_to_rj11_cable_genevo.webp","contentUrl":"https:\/\/radarservice.eu\/wp-content\/uploads\/2024\/05\/usbc_to_rj11_cable_genevo.webp","width":1800,"height":1200,"caption":"USB-C RJ11 str\u00f6mkabel f\u00f6r radardetektor"},{"@type":"BreadcrumbList","@id":"https:\/\/radarservice.eu\/sv\/produkt\/usb-c-rj11-stromkabel-for-radardetektor\/#breadcrumb","itemListElement":[{"@type":"ListItem","position":1,"name":"Butik","item":"https:\/\/radarservice.eu\/sv\/butik\/"},{"@type":"ListItem","position":2,"name":"USB-C \/ RJ11 str\u00f6mkabel f\u00f6r radardetektor"}]},{"@type":"WebSite","@id":"https:\/\/radarservice.eu\/sv\/#website","url":"https:\/\/radarservice.eu\/sv\/","name":"Radar Service","description":"Radar detector Laser jammer mobile fix","publisher":{"@id":"https:\/\/radarservice.eu\/sv\/#organization"},"potentialAction":[{"@type":"SearchAction","target":{"@type":"EntryPoint","urlTemplate":"https:\/\/radarservice.eu\/sv\/?s={search_term_string}"},"query-input":{"@type":"PropertyValueSpecification","valueRequired":true,"valueName":"search_term_string"}}],"inLanguage":"sv-SE"},{"@type":"Organization","@id":"https:\/\/radarservice.eu\/sv\/#organization","name":"RadarService","url":"https:\/\/radarservice.eu\/sv\/","logo":{"@type":"ImageObject","inLanguage":"sv-SE","@id":"https:\/\/radarservice.eu\/sv\/#\/schema\/logo\/image\/","url":"https:\/\/radarservice.eu\/wp-content\/uploads\/2021\/03\/Radar_detector_service.png","contentUrl":"https:\/\/radarservice.eu\/wp-content\/uploads\/2021\/03\/Radar_detector_service.png","width":174,"height":48,"caption":"RadarService"},"image":{"@id":"https:\/\/radarservice.eu\/sv\/#\/schema\/logo\/image\/"}}]}},"_links":{"self":[{"href":"https:\/\/radarservice.eu\/sv\/wp-json\/wp\/v2\/product\/19535","targetHints":{"allow":["GET"]}}],"collection":[{"href":"https:\/\/radarservice.eu\/sv\/wp-json\/wp\/v2\/product"}],"about":[{"href":"https:\/\/radarservice.eu\/sv\/wp-json\/wp\/v2\/types\/product"}],"replies":[{"embeddable":true,"href":"https:\/\/radarservice.eu\/sv\/wp-json\/wp\/v2\/comments?post=19535"}],"wp:featuredmedia":[{"embeddable":true,"href":"https:\/\/radarservice.eu\/sv\/wp-json\/wp\/v2\/media\/19533"}],"wp:attachment":[{"href":"https:\/\/radarservice.eu\/sv\/wp-json\/wp\/v2\/media?parent=19535"}],"wp:term":[{"taxonomy":"product_brand","embeddable":true,"href":"https:\/\/radarservice.eu\/sv\/wp-json\/wp\/v2\/product_brand?post=19535"},{"taxonomy":"product_cat","embeddable":true,"href":"https:\/\/radarservice.eu\/sv\/wp-json\/wp\/v2\/product_cat?post=19535"},{"taxonomy":"product_tag","embeddable":true,"href":"https:\/\/radarservice.eu\/sv\/wp-json\/wp\/v2\/product_tag?post=19535"}],"curies":[{"name":"wp","href":"https:\/\/api.w.org\/{rel}","templated":true}]}}