{"id":19457,"date":"2024-04-02T18:22:49","date_gmt":"2024-04-02T16:22:49","guid":{"rendered":"https:\/\/radarservice.eu\/produkt\/hifi-set-for-antilaser-al-prioritet\/"},"modified":"2024-04-02T18:22:49","modified_gmt":"2024-04-02T16:22:49","slug":"hifi-set-for-antilaser-al-prioritet","status":"publish","type":"product","link":"https:\/\/radarservice.eu\/sv\/produkt\/hifi-set-for-antilaser-al-prioritet\/","title":{"rendered":"HIFI-SET F\u00d6R ANTILASER AL-PRIORITET"},"content":{"rendered":"<p>L\u00e5t din AL Priority varna dig med ett r\u00f6stmeddelande. R\u00f6stmeddelandet ger dig h\u00f6g och detaljerad varningsinformation.<\/p>\n<p>AL Priority\u00ae HiFi-uppgraderingsset inneh\u00e5ller:<br \/>\n* HiFi-kontrollsats<br \/>\n* H\u00f6gtalare<\/p>\n","protected":false},"excerpt":{"rendered":"<p><b><strong>AL Priority\u00ae HiFi-uppgraderingsmodul inklusive extern h\u00f6gtalare<\/strong><\/b><\/p>\n","protected":false},"featured_media":19446,"comment_status":"open","ping_status":"closed","template":"","meta":[],"product_brand":[],"product_cat":[1770,1769,1892],"product_tag":[],"class_list":{"0":"post-19457","1":"product","2":"type-product","3":"status-publish","4":"has-post-thumbnail","6":"product_cat-anti-laser-sv","7":"product_cat-laser-stoersaendare","8":"product_cat-tillbehoer","10":"first","11":"instock","12":"taxable","13":"shipping-taxable","14":"purchasable","15":"product-type-simple"},"yoast_head":"<!-- This site is optimized with the Yoast SEO plugin v27.2 - https:\/\/yoast.com\/product\/yoast-seo-wordpress\/ -->\n<title>HIFI-SET F\u00d6R ANTILASER AL-PRIORITET | Radar Service<\/title>\n<meta name=\"description\" content=\"HIFI-SET F\u00d6R ANTILASER AL-PRIORITET | Radar Service\" \/>\n<meta name=\"robots\" content=\"index, follow, max-snippet:-1, max-image-preview:large, max-video-preview:-1\" \/>\n<link rel=\"canonical\" href=\"https:\/\/radarservice.eu\/sv\/produkt\/hifi-set-for-antilaser-al-prioritet\/\" \/>\n<meta property=\"og:locale\" content=\"sv_SE\" \/>\n<meta property=\"og:type\" content=\"article\" \/>\n<meta property=\"og:title\" content=\"HIFI-SET F\u00d6R ANTILASER AL-PRIORITET | Radar Service\" \/>\n<meta property=\"og:description\" content=\"HIFI-SET F\u00d6R ANTILASER AL-PRIORITET | Radar Service\" \/>\n<meta property=\"og:url\" content=\"https:\/\/radarservice.eu\/sv\/produkt\/hifi-set-for-antilaser-al-prioritet\/\" \/>\n<meta property=\"og:site_name\" content=\"Radar Service\" \/>\n<meta property=\"og:image\" content=\"https:\/\/radarservice.eu\/wp-content\/uploads\/2024\/04\/ALP-HiFi-Set.jpg\" \/>\n\t<meta property=\"og:image:width\" content=\"756\" \/>\n\t<meta property=\"og:image:height\" content=\"582\" \/>\n\t<meta property=\"og:image:type\" content=\"image\/jpeg\" \/>\n<meta name=\"twitter:card\" content=\"summary_large_image\" \/>\n<script type=\"application\/ld+json\" class=\"yoast-schema-graph\">{\"@context\":\"https:\/\/schema.org\",\"@graph\":[{\"@type\":\"WebPage\",\"@id\":\"https:\/\/radarservice.eu\/sv\/produkt\/hifi-set-for-antilaser-al-prioritet\/\",\"url\":\"https:\/\/radarservice.eu\/sv\/produkt\/hifi-set-for-antilaser-al-prioritet\/\",\"name\":\"HIFI-SET F\u00d6R ANTILASER AL-PRIORITET | Radar Service\",\"isPartOf\":{\"@id\":\"https:\/\/radarservice.eu\/sv\/#website\"},\"primaryImageOfPage\":{\"@id\":\"https:\/\/radarservice.eu\/sv\/produkt\/hifi-set-for-antilaser-al-prioritet\/#primaryimage\"},\"image\":{\"@id\":\"https:\/\/radarservice.eu\/sv\/produkt\/hifi-set-for-antilaser-al-prioritet\/#primaryimage\"},\"thumbnailUrl\":\"https:\/\/radarservice.eu\/wp-content\/uploads\/2024\/04\/ALP-HiFi-Set.jpg\",\"datePublished\":\"2024-04-02T16:22:49+00:00\",\"description\":\"HIFI-SET F\u00d6R ANTILASER AL-PRIORITET | Radar Service\",\"breadcrumb\":{\"@id\":\"https:\/\/radarservice.eu\/sv\/produkt\/hifi-set-for-antilaser-al-prioritet\/#breadcrumb\"},\"inLanguage\":\"sv-SE\",\"potentialAction\":[{\"@type\":\"ReadAction\",\"target\":[\"https:\/\/radarservice.eu\/sv\/produkt\/hifi-set-for-antilaser-al-prioritet\/\"]}]},{\"@type\":\"ImageObject\",\"inLanguage\":\"sv-SE\",\"@id\":\"https:\/\/radarservice.eu\/sv\/produkt\/hifi-set-for-antilaser-al-prioritet\/#primaryimage\",\"url\":\"https:\/\/radarservice.eu\/wp-content\/uploads\/2024\/04\/ALP-HiFi-Set.jpg\",\"contentUrl\":\"https:\/\/radarservice.eu\/wp-content\/uploads\/2024\/04\/ALP-HiFi-Set.jpg\",\"width\":756,\"height\":582,\"caption\":\"ALP-HiFi-Set\"},{\"@type\":\"BreadcrumbList\",\"@id\":\"https:\/\/radarservice.eu\/sv\/produkt\/hifi-set-for-antilaser-al-prioritet\/#breadcrumb\",\"itemListElement\":[{\"@type\":\"ListItem\",\"position\":1,\"name\":\"Butik\",\"item\":\"https:\/\/radarservice.eu\/sv\/butik\/\"},{\"@type\":\"ListItem\",\"position\":2,\"name\":\"HIFI-SET F\u00d6R ANTILASER AL-PRIORITET\"}]},{\"@type\":\"WebSite\",\"@id\":\"https:\/\/radarservice.eu\/sv\/#website\",\"url\":\"https:\/\/radarservice.eu\/sv\/\",\"name\":\"Radar Service\",\"description\":\"Radar detector Laser jammer mobile fix\",\"publisher\":{\"@id\":\"https:\/\/radarservice.eu\/sv\/#organization\"},\"potentialAction\":[{\"@type\":\"SearchAction\",\"target\":{\"@type\":\"EntryPoint\",\"urlTemplate\":\"https:\/\/radarservice.eu\/sv\/?s={search_term_string}\"},\"query-input\":{\"@type\":\"PropertyValueSpecification\",\"valueRequired\":true,\"valueName\":\"search_term_string\"}}],\"inLanguage\":\"sv-SE\"},{\"@type\":\"Organization\",\"@id\":\"https:\/\/radarservice.eu\/sv\/#organization\",\"name\":\"RadarService\",\"url\":\"https:\/\/radarservice.eu\/sv\/\",\"logo\":{\"@type\":\"ImageObject\",\"inLanguage\":\"sv-SE\",\"@id\":\"https:\/\/radarservice.eu\/sv\/#\/schema\/logo\/image\/\",\"url\":\"https:\/\/radarservice.eu\/wp-content\/uploads\/2021\/03\/Radar_detector_service.png\",\"contentUrl\":\"https:\/\/radarservice.eu\/wp-content\/uploads\/2021\/03\/Radar_detector_service.png\",\"width\":174,\"height\":48,\"caption\":\"RadarService\"},\"image\":{\"@id\":\"https:\/\/radarservice.eu\/sv\/#\/schema\/logo\/image\/\"}}]}<\/script>\n<!-- \/ Yoast SEO plugin. -->","yoast_head_json":{"title":"HIFI-SET F\u00d6R ANTILASER AL-PRIORITET | Radar Service","description":"HIFI-SET F\u00d6R ANTILASER AL-PRIORITET | Radar Service","robots":{"index":"index","follow":"follow","max-snippet":"max-snippet:-1","max-image-preview":"max-image-preview:large","max-video-preview":"max-video-preview:-1"},"canonical":"https:\/\/radarservice.eu\/sv\/produkt\/hifi-set-for-antilaser-al-prioritet\/","og_locale":"sv_SE","og_type":"article","og_title":"HIFI-SET F\u00d6R ANTILASER AL-PRIORITET | Radar Service","og_description":"HIFI-SET F\u00d6R ANTILASER AL-PRIORITET | Radar Service","og_url":"https:\/\/radarservice.eu\/sv\/produkt\/hifi-set-for-antilaser-al-prioritet\/","og_site_name":"Radar Service","og_image":[{"width":756,"height":582,"url":"https:\/\/radarservice.eu\/wp-content\/uploads\/2024\/04\/ALP-HiFi-Set.jpg","type":"image\/jpeg"}],"twitter_card":"summary_large_image","schema":{"@context":"https:\/\/schema.org","@graph":[{"@type":"WebPage","@id":"https:\/\/radarservice.eu\/sv\/produkt\/hifi-set-for-antilaser-al-prioritet\/","url":"https:\/\/radarservice.eu\/sv\/produkt\/hifi-set-for-antilaser-al-prioritet\/","name":"HIFI-SET F\u00d6R ANTILASER AL-PRIORITET | Radar Service","isPartOf":{"@id":"https:\/\/radarservice.eu\/sv\/#website"},"primaryImageOfPage":{"@id":"https:\/\/radarservice.eu\/sv\/produkt\/hifi-set-for-antilaser-al-prioritet\/#primaryimage"},"image":{"@id":"https:\/\/radarservice.eu\/sv\/produkt\/hifi-set-for-antilaser-al-prioritet\/#primaryimage"},"thumbnailUrl":"https:\/\/radarservice.eu\/wp-content\/uploads\/2024\/04\/ALP-HiFi-Set.jpg","datePublished":"2024-04-02T16:22:49+00:00","description":"HIFI-SET F\u00d6R ANTILASER AL-PRIORITET | Radar Service","breadcrumb":{"@id":"https:\/\/radarservice.eu\/sv\/produkt\/hifi-set-for-antilaser-al-prioritet\/#breadcrumb"},"inLanguage":"sv-SE","potentialAction":[{"@type":"ReadAction","target":["https:\/\/radarservice.eu\/sv\/produkt\/hifi-set-for-antilaser-al-prioritet\/"]}]},{"@type":"ImageObject","inLanguage":"sv-SE","@id":"https:\/\/radarservice.eu\/sv\/produkt\/hifi-set-for-antilaser-al-prioritet\/#primaryimage","url":"https:\/\/radarservice.eu\/wp-content\/uploads\/2024\/04\/ALP-HiFi-Set.jpg","contentUrl":"https:\/\/radarservice.eu\/wp-content\/uploads\/2024\/04\/ALP-HiFi-Set.jpg","width":756,"height":582,"caption":"ALP-HiFi-Set"},{"@type":"BreadcrumbList","@id":"https:\/\/radarservice.eu\/sv\/produkt\/hifi-set-for-antilaser-al-prioritet\/#breadcrumb","itemListElement":[{"@type":"ListItem","position":1,"name":"Butik","item":"https:\/\/radarservice.eu\/sv\/butik\/"},{"@type":"ListItem","position":2,"name":"HIFI-SET F\u00d6R ANTILASER AL-PRIORITET"}]},{"@type":"WebSite","@id":"https:\/\/radarservice.eu\/sv\/#website","url":"https:\/\/radarservice.eu\/sv\/","name":"Radar Service","description":"Radar detector Laser jammer mobile fix","publisher":{"@id":"https:\/\/radarservice.eu\/sv\/#organization"},"potentialAction":[{"@type":"SearchAction","target":{"@type":"EntryPoint","urlTemplate":"https:\/\/radarservice.eu\/sv\/?s={search_term_string}"},"query-input":{"@type":"PropertyValueSpecification","valueRequired":true,"valueName":"search_term_string"}}],"inLanguage":"sv-SE"},{"@type":"Organization","@id":"https:\/\/radarservice.eu\/sv\/#organization","name":"RadarService","url":"https:\/\/radarservice.eu\/sv\/","logo":{"@type":"ImageObject","inLanguage":"sv-SE","@id":"https:\/\/radarservice.eu\/sv\/#\/schema\/logo\/image\/","url":"https:\/\/radarservice.eu\/wp-content\/uploads\/2021\/03\/Radar_detector_service.png","contentUrl":"https:\/\/radarservice.eu\/wp-content\/uploads\/2021\/03\/Radar_detector_service.png","width":174,"height":48,"caption":"RadarService"},"image":{"@id":"https:\/\/radarservice.eu\/sv\/#\/schema\/logo\/image\/"}}]}},"_links":{"self":[{"href":"https:\/\/radarservice.eu\/sv\/wp-json\/wp\/v2\/product\/19457","targetHints":{"allow":["GET"]}}],"collection":[{"href":"https:\/\/radarservice.eu\/sv\/wp-json\/wp\/v2\/product"}],"about":[{"href":"https:\/\/radarservice.eu\/sv\/wp-json\/wp\/v2\/types\/product"}],"replies":[{"embeddable":true,"href":"https:\/\/radarservice.eu\/sv\/wp-json\/wp\/v2\/comments?post=19457"}],"wp:featuredmedia":[{"embeddable":true,"href":"https:\/\/radarservice.eu\/sv\/wp-json\/wp\/v2\/media\/19446"}],"wp:attachment":[{"href":"https:\/\/radarservice.eu\/sv\/wp-json\/wp\/v2\/media?parent=19457"}],"wp:term":[{"taxonomy":"product_brand","embeddable":true,"href":"https:\/\/radarservice.eu\/sv\/wp-json\/wp\/v2\/product_brand?post=19457"},{"taxonomy":"product_cat","embeddable":true,"href":"https:\/\/radarservice.eu\/sv\/wp-json\/wp\/v2\/product_cat?post=19457"},{"taxonomy":"product_tag","embeddable":true,"href":"https:\/\/radarservice.eu\/sv\/wp-json\/wp\/v2\/product_tag?post=19457"}],"curies":[{"name":"wp","href":"https:\/\/api.w.org\/{rel}","templated":true}]}}