{"id":18872,"date":"2023-01-23T15:28:44","date_gmt":"2023-01-23T14:28:44","guid":{"rendered":"https:\/\/radarservice.eu\/?post_type=product&#038;p=18872"},"modified":"2026-03-10T17:08:12","modified_gmt":"2026-03-10T16:08:12","slug":"target-blu-eye-v2","status":"publish","type":"product","link":"https:\/\/radarservice.eu\/sv\/produkt\/target-blu-eye-v2\/","title":{"rendered":"Target Blu Eye V2"},"content":{"rendered":"<div>Target BluEye 2 \u00e4r ett innovativt och p\u00e5litligt trafiks\u00e4kerhetssystem som har utvecklats speciellt f\u00f6r att ge bilister \u00f6kad s\u00e4kerhet p\u00e5 v\u00e4garna. Denna unika enhet anv\u00e4nder modern teknik f\u00f6r att i god tid varna f\u00f6rare om n\u00e4rmande utryckningsfordon som polis, brandk\u00e5r och ambulans.<\/div>\n<div><\/div>\n<div><\/div>\n<div><strong>Tidig varningssystem<\/strong><\/div>\n<div>Target BluEye 2 k\u00e4nner av signaler fr\u00e5n utryckningsfordon redan p\u00e5 l\u00e5ngt avst\u00e5nd. Detta g\u00f6r det m\u00f6jligt f\u00f6r f\u00f6raren att reagera i tid och g\u00f6ra plats f\u00f6r utryckningsfordonen.<\/div>\n<div><\/div>\n<div><strong>Enkel anv\u00e4ndning<\/strong><\/div>\n<div>Target Blu Eye 2 finns i tv\u00e5 versioner. Versionen med LED-kretskort kan monteras flexibelt i fordonet eller i backspegeln. LCD-versionen levereras med en frist\u00e5ende LCD-peksk\u00e4rm som kan anv\u00e4ndas omedelbart utan ytterligare monteringsarbete.<\/div>\n<div><\/div>\n<div><strong>Enkel installation<\/strong><\/div>\n<div>Installationen av Target BluEye 2 \u00e4r enkel och kr\u00e4ver inga specialverktyg eller specialistkunskaper. Det intuitiva anv\u00e4ndargr\u00e4nssnittet g\u00f6r anv\u00e4ndningen enkel och anv\u00e4ndarv\u00e4nlig. Target BluEye<\/div>\n<div><\/div>\n<div><strong>Akustiska och visuella varningssignaler<\/strong><\/div>\n<div>Target BluEye 2 informerar f\u00f6raren om n\u00e4rmande utryckningsfordon med b\u00e5de akustiska och visuella signaler, vilket f\u00f6rb\u00e4ttrar uppm\u00e4rksamheten och reaktionstiden.<\/div>\n<div><\/div>\n<div><strong>S\u00e4kerhet och komfort f\u00f6r alla f\u00f6rare<\/strong><\/div>\n<div>Med Target BluEye 2 vid din sida \u00f6kar du inte bara din egen s\u00e4kerhet, utan bidrar ocks\u00e5 till s\u00e4kerheten f\u00f6r r\u00e4ddningspersonal. Var alltid v\u00e4l informerad och f\u00f6rberedd f\u00f6r att kunna g\u00f6ra plats i en n\u00f6dsituation. Target Blu Eye 2 \u00e4r det perfekta tillbeh\u00f6ret f\u00f6r alla fordon och ett oumb\u00e4rligt verktyg f\u00f6r ansvarsfulla f\u00f6rare.<\/div>\n<div><\/div>\n<div>Optiska och akustiska varningar kan v\u00e4ljas via LED-kortet\/LCD-displayen. Avst\u00e5ndet till ett utryckningsfordon kan avl\u00e4sas p\u00e5 mottagningsstyrkan.<\/div>\n<div><\/div>\n<div><strong>\u00d6versikt:<\/strong><\/div>\n<div>+ Extremt anv\u00e4ndarv\u00e4nlig<\/div>\n<div>+ Kompakt storlek<\/div>\n<div>+ L\u00e4tt att installera<\/div>\n<div><\/div>\n<div><strong>Leveransomfattning:<\/strong><\/div>\n<div>* Target Blu Eye 2<\/div>\n<div>* Liten man\u00f6ver- och displayenhet<\/div>\n<div>* Extern dipolantenn<\/div>\n<div>* Kabelsats f\u00f6r montering<\/div>\n","protected":false},"excerpt":{"rendered":"<p>Target BluEye 2 \u00e4r ett innovativt och p\u00e5litligt trafiks\u00e4kerhetssystem som har utvecklats speciellt f\u00f6r att ge bilister \u00f6kad s\u00e4kerhet p\u00e5 v\u00e4garna. Denna unika enhet anv\u00e4nder modern teknik f\u00f6r att i god tid varna f\u00f6rare om n\u00e4rmande utryckningsfordon som polis, brandk\u00e5r och ambulans. Tidig varningssystem Target BluEye 2 k\u00e4nner av signaler fr\u00e5n utryckningsfordon redan p\u00e5 l\u00e5ngt [&#8230;]\n","protected":false},"featured_media":18886,"comment_status":"open","ping_status":"closed","template":"","meta":[],"product_brand":[],"product_cat":[1755,1771],"product_tag":[1846,1841,1847,1844,1845,1848,1840,1842,1843],"class_list":{"0":"post-18872","1":"product","2":"type-product","3":"status-publish","4":"has-post-thumbnail","6":"product_cat-fast-monterade-radardetektorer","7":"product_cat-target-sv","8":"product_tag-ambulans-sv","9":"product_tag-blu-eye-sv","10":"product_tag-brandkaren","11":"product_tag-civil-patrull","12":"product_tag-polis","13":"product_tag-raddningstjanst","14":"product_tag-target-sv","15":"product_tag-tetra-netz-sv","16":"product_tag-tradlost-natverk","18":"first","19":"instock","20":"taxable","21":"shipping-taxable","22":"purchasable","23":"product-type-variable"},"yoast_head":"<!-- This site is optimized with the Yoast SEO plugin v27.2 - https:\/\/yoast.com\/product\/yoast-seo-wordpress\/ -->\n<title>Target Blu Eye V2 | Radar Service<\/title>\n<meta name=\"description\" content=\"Target BluEye \u00e4r det lagliga s\u00e4ttet att uppt\u00e4cka utryckningsfordon och kontrollstationer via digital radio.\" \/>\n<meta name=\"robots\" content=\"index, follow, max-snippet:-1, max-image-preview:large, max-video-preview:-1\" \/>\n<link rel=\"canonical\" href=\"https:\/\/radarservice.eu\/sv\/produkt\/target-blu-eye-v2\/\" \/>\n<meta property=\"og:locale\" content=\"sv_SE\" \/>\n<meta property=\"og:type\" content=\"article\" \/>\n<meta property=\"og:title\" content=\"Target Blu Eye V2 | Radar Service\" \/>\n<meta property=\"og:description\" content=\"Target BluEye \u00e4r det lagliga s\u00e4ttet att uppt\u00e4cka utryckningsfordon och kontrollstationer via digital radio.\" \/>\n<meta property=\"og:url\" content=\"https:\/\/radarservice.eu\/sv\/produkt\/target-blu-eye-v2\/\" \/>\n<meta property=\"og:site_name\" content=\"Radar Service\" \/>\n<meta property=\"article:modified_time\" content=\"2026-03-10T16:08:12+00:00\" \/>\n<meta property=\"og:image\" content=\"https:\/\/radarservice.eu\/wp-content\/uploads\/2023\/01\/Target_blueye2_main_unit.jpg\" \/>\n\t<meta property=\"og:image:width\" content=\"1600\" \/>\n\t<meta property=\"og:image:height\" content=\"1344\" \/>\n\t<meta property=\"og:image:type\" content=\"image\/jpeg\" \/>\n<meta name=\"twitter:card\" content=\"summary_large_image\" \/>\n<meta name=\"twitter:label1\" content=\"Ber\u00e4knad l\u00e4stid\" \/>\n\t<meta name=\"twitter:data1\" content=\"2 minuter\" \/>\n<script type=\"application\/ld+json\" class=\"yoast-schema-graph\">{\"@context\":\"https:\/\/schema.org\",\"@graph\":[{\"@type\":\"WebPage\",\"@id\":\"https:\/\/radarservice.eu\/sv\/produkt\/target-blu-eye-v2\/\",\"url\":\"https:\/\/radarservice.eu\/sv\/produkt\/target-blu-eye-v2\/\",\"name\":\"Target Blu Eye V2 | Radar Service\",\"isPartOf\":{\"@id\":\"https:\/\/radarservice.eu\/sv\/#website\"},\"primaryImageOfPage\":{\"@id\":\"https:\/\/radarservice.eu\/sv\/produkt\/target-blu-eye-v2\/#primaryimage\"},\"image\":{\"@id\":\"https:\/\/radarservice.eu\/sv\/produkt\/target-blu-eye-v2\/#primaryimage\"},\"thumbnailUrl\":\"https:\/\/radarservice.eu\/wp-content\/uploads\/2023\/01\/Target_blueye2_main_unit.jpg\",\"datePublished\":\"2023-01-23T14:28:44+00:00\",\"dateModified\":\"2026-03-10T16:08:12+00:00\",\"description\":\"Target BluEye \u00e4r det lagliga s\u00e4ttet att uppt\u00e4cka utryckningsfordon och kontrollstationer via digital radio.\",\"breadcrumb\":{\"@id\":\"https:\/\/radarservice.eu\/sv\/produkt\/target-blu-eye-v2\/#breadcrumb\"},\"inLanguage\":\"sv-SE\",\"potentialAction\":[{\"@type\":\"ReadAction\",\"target\":[\"https:\/\/radarservice.eu\/sv\/produkt\/target-blu-eye-v2\/\"]}]},{\"@type\":\"ImageObject\",\"inLanguage\":\"sv-SE\",\"@id\":\"https:\/\/radarservice.eu\/sv\/produkt\/target-blu-eye-v2\/#primaryimage\",\"url\":\"https:\/\/radarservice.eu\/wp-content\/uploads\/2023\/01\/Target_blueye2_main_unit.jpg\",\"contentUrl\":\"https:\/\/radarservice.eu\/wp-content\/uploads\/2023\/01\/Target_blueye2_main_unit.jpg\",\"width\":1600,\"height\":1344,\"caption\":\"Target BluEye 2\"},{\"@type\":\"BreadcrumbList\",\"@id\":\"https:\/\/radarservice.eu\/sv\/produkt\/target-blu-eye-v2\/#breadcrumb\",\"itemListElement\":[{\"@type\":\"ListItem\",\"position\":1,\"name\":\"Butik\",\"item\":\"https:\/\/radarservice.eu\/sv\/butik\/\"},{\"@type\":\"ListItem\",\"position\":2,\"name\":\"Target Blu Eye V2\"}]},{\"@type\":\"WebSite\",\"@id\":\"https:\/\/radarservice.eu\/sv\/#website\",\"url\":\"https:\/\/radarservice.eu\/sv\/\",\"name\":\"Radar Service\",\"description\":\"Radar detector Laser jammer mobile fix\",\"publisher\":{\"@id\":\"https:\/\/radarservice.eu\/sv\/#organization\"},\"potentialAction\":[{\"@type\":\"SearchAction\",\"target\":{\"@type\":\"EntryPoint\",\"urlTemplate\":\"https:\/\/radarservice.eu\/sv\/?s={search_term_string}\"},\"query-input\":{\"@type\":\"PropertyValueSpecification\",\"valueRequired\":true,\"valueName\":\"search_term_string\"}}],\"inLanguage\":\"sv-SE\"},{\"@type\":\"Organization\",\"@id\":\"https:\/\/radarservice.eu\/sv\/#organization\",\"name\":\"RadarService\",\"url\":\"https:\/\/radarservice.eu\/sv\/\",\"logo\":{\"@type\":\"ImageObject\",\"inLanguage\":\"sv-SE\",\"@id\":\"https:\/\/radarservice.eu\/sv\/#\/schema\/logo\/image\/\",\"url\":\"https:\/\/radarservice.eu\/wp-content\/uploads\/2021\/03\/Radar_detector_service.png\",\"contentUrl\":\"https:\/\/radarservice.eu\/wp-content\/uploads\/2021\/03\/Radar_detector_service.png\",\"width\":174,\"height\":48,\"caption\":\"RadarService\"},\"image\":{\"@id\":\"https:\/\/radarservice.eu\/sv\/#\/schema\/logo\/image\/\"}}]}<\/script>\n<!-- \/ Yoast SEO plugin. -->","yoast_head_json":{"title":"Target Blu Eye V2 | Radar Service","description":"Target BluEye \u00e4r det lagliga s\u00e4ttet att uppt\u00e4cka utryckningsfordon och kontrollstationer via digital radio.","robots":{"index":"index","follow":"follow","max-snippet":"max-snippet:-1","max-image-preview":"max-image-preview:large","max-video-preview":"max-video-preview:-1"},"canonical":"https:\/\/radarservice.eu\/sv\/produkt\/target-blu-eye-v2\/","og_locale":"sv_SE","og_type":"article","og_title":"Target Blu Eye V2 | Radar Service","og_description":"Target BluEye \u00e4r det lagliga s\u00e4ttet att uppt\u00e4cka utryckningsfordon och kontrollstationer via digital radio.","og_url":"https:\/\/radarservice.eu\/sv\/produkt\/target-blu-eye-v2\/","og_site_name":"Radar Service","article_modified_time":"2026-03-10T16:08:12+00:00","og_image":[{"width":1600,"height":1344,"url":"https:\/\/radarservice.eu\/wp-content\/uploads\/2023\/01\/Target_blueye2_main_unit.jpg","type":"image\/jpeg"}],"twitter_card":"summary_large_image","twitter_misc":{"Ber\u00e4knad l\u00e4stid":"2 minuter"},"schema":{"@context":"https:\/\/schema.org","@graph":[{"@type":"WebPage","@id":"https:\/\/radarservice.eu\/sv\/produkt\/target-blu-eye-v2\/","url":"https:\/\/radarservice.eu\/sv\/produkt\/target-blu-eye-v2\/","name":"Target Blu Eye V2 | Radar Service","isPartOf":{"@id":"https:\/\/radarservice.eu\/sv\/#website"},"primaryImageOfPage":{"@id":"https:\/\/radarservice.eu\/sv\/produkt\/target-blu-eye-v2\/#primaryimage"},"image":{"@id":"https:\/\/radarservice.eu\/sv\/produkt\/target-blu-eye-v2\/#primaryimage"},"thumbnailUrl":"https:\/\/radarservice.eu\/wp-content\/uploads\/2023\/01\/Target_blueye2_main_unit.jpg","datePublished":"2023-01-23T14:28:44+00:00","dateModified":"2026-03-10T16:08:12+00:00","description":"Target BluEye \u00e4r det lagliga s\u00e4ttet att uppt\u00e4cka utryckningsfordon och kontrollstationer via digital radio.","breadcrumb":{"@id":"https:\/\/radarservice.eu\/sv\/produkt\/target-blu-eye-v2\/#breadcrumb"},"inLanguage":"sv-SE","potentialAction":[{"@type":"ReadAction","target":["https:\/\/radarservice.eu\/sv\/produkt\/target-blu-eye-v2\/"]}]},{"@type":"ImageObject","inLanguage":"sv-SE","@id":"https:\/\/radarservice.eu\/sv\/produkt\/target-blu-eye-v2\/#primaryimage","url":"https:\/\/radarservice.eu\/wp-content\/uploads\/2023\/01\/Target_blueye2_main_unit.jpg","contentUrl":"https:\/\/radarservice.eu\/wp-content\/uploads\/2023\/01\/Target_blueye2_main_unit.jpg","width":1600,"height":1344,"caption":"Target BluEye 2"},{"@type":"BreadcrumbList","@id":"https:\/\/radarservice.eu\/sv\/produkt\/target-blu-eye-v2\/#breadcrumb","itemListElement":[{"@type":"ListItem","position":1,"name":"Butik","item":"https:\/\/radarservice.eu\/sv\/butik\/"},{"@type":"ListItem","position":2,"name":"Target Blu Eye V2"}]},{"@type":"WebSite","@id":"https:\/\/radarservice.eu\/sv\/#website","url":"https:\/\/radarservice.eu\/sv\/","name":"Radar Service","description":"Radar detector Laser jammer mobile fix","publisher":{"@id":"https:\/\/radarservice.eu\/sv\/#organization"},"potentialAction":[{"@type":"SearchAction","target":{"@type":"EntryPoint","urlTemplate":"https:\/\/radarservice.eu\/sv\/?s={search_term_string}"},"query-input":{"@type":"PropertyValueSpecification","valueRequired":true,"valueName":"search_term_string"}}],"inLanguage":"sv-SE"},{"@type":"Organization","@id":"https:\/\/radarservice.eu\/sv\/#organization","name":"RadarService","url":"https:\/\/radarservice.eu\/sv\/","logo":{"@type":"ImageObject","inLanguage":"sv-SE","@id":"https:\/\/radarservice.eu\/sv\/#\/schema\/logo\/image\/","url":"https:\/\/radarservice.eu\/wp-content\/uploads\/2021\/03\/Radar_detector_service.png","contentUrl":"https:\/\/radarservice.eu\/wp-content\/uploads\/2021\/03\/Radar_detector_service.png","width":174,"height":48,"caption":"RadarService"},"image":{"@id":"https:\/\/radarservice.eu\/sv\/#\/schema\/logo\/image\/"}}]}},"_links":{"self":[{"href":"https:\/\/radarservice.eu\/sv\/wp-json\/wp\/v2\/product\/18872","targetHints":{"allow":["GET"]}}],"collection":[{"href":"https:\/\/radarservice.eu\/sv\/wp-json\/wp\/v2\/product"}],"about":[{"href":"https:\/\/radarservice.eu\/sv\/wp-json\/wp\/v2\/types\/product"}],"replies":[{"embeddable":true,"href":"https:\/\/radarservice.eu\/sv\/wp-json\/wp\/v2\/comments?post=18872"}],"wp:featuredmedia":[{"embeddable":true,"href":"https:\/\/radarservice.eu\/sv\/wp-json\/wp\/v2\/media\/18886"}],"wp:attachment":[{"href":"https:\/\/radarservice.eu\/sv\/wp-json\/wp\/v2\/media?parent=18872"}],"wp:term":[{"taxonomy":"product_brand","embeddable":true,"href":"https:\/\/radarservice.eu\/sv\/wp-json\/wp\/v2\/product_brand?post=18872"},{"taxonomy":"product_cat","embeddable":true,"href":"https:\/\/radarservice.eu\/sv\/wp-json\/wp\/v2\/product_cat?post=18872"},{"taxonomy":"product_tag","embeddable":true,"href":"https:\/\/radarservice.eu\/sv\/wp-json\/wp\/v2\/product_tag?post=18872"}],"curies":[{"name":"wp","href":"https:\/\/api.w.org\/{rel}","templated":true}]}}