{"id":16140,"date":"2021-05-14T17:12:48","date_gmt":"2021-05-14T15:12:48","guid":{"rendered":"https:\/\/radarservice.eu\/produkt\/escort-9500ix-europe-radardetektor\/"},"modified":"2021-05-14T17:12:48","modified_gmt":"2021-05-14T15:12:48","slug":"escort-9500ix-europe-radardetektor","status":"publish","type":"product","link":"https:\/\/radarservice.eu\/sv\/produkt\/escort-9500ix-europe-radardetektor\/","title":{"rendered":"Escort 9500iX Europe Radardetektor"},"content":{"rendered":"<p>Radardetektorn Escort 9500ix ger dig perfekt skydd mot hastighetsf\u00e4llor, laserm\u00e4tningar och alla fasta fartkameror i hela Europa. Med Escort 9500 iX EU erbjuder f\u00f6retaget Escort ett alternativ till de v\u00e4lk\u00e4nda Bel- och Valentine One-radardetektorerna. Genom en nyutvecklad radar- och lasermottagare i kombination med det integrerade GPS-chippet kunde falsklarmen reduceras till ett minimum.<\/p>\n<p>.<\/p>\n<p>9500iX GPS \u00e4r inte bara en enkel GPS-radiodetektor som visar fasta fartkameror, utan ocks\u00e5 en aktiv radar- och laserdetektor som varnar f\u00f6r mobila fartkameror. Beroende p\u00e5 m\u00e4tmetod och radarm\u00e4tare varnar Escort 9500 Europe cirka 200-500 meter f\u00f6re en radar- eller laserm\u00e4tning. Dessa f\u00f6rvarningsavst\u00e5nd \u00e4r j\u00e4mf\u00f6rbara med andra topputrustning.<\/p>\n<p><strong>\u00d6versikt:<\/strong><br \/>\n+ mobil radardetektor<br \/>\n+ h\u00f6guppl\u00f6st textdisplay<br \/>\n+ 360\u00b0-graders detektering av alla radark\u00e4llor i Europa (X \/ K \/ Ka-bandet)<br \/>\n+ Varning av radarm\u00e4tningar<br \/>\n+ Varning f\u00f6r laserm\u00e4tningar<br \/>\n+ Varning f\u00f6r station\u00e4r radar<br \/>\n+ Varning f\u00f6r r\u00f6dljus\u00f6vervakning<br \/>\n+ Varning f\u00f6r sektionskontrollm\u00e4tningar<br \/>\n+ kan uppdateras via USB-anslutning<br \/>\n+ EUROPA-databasen f\u00f6r fasta fartkameror \u00e4r redan f\u00f6rinstallerad<br \/>\n+ l\u00e4mplig f\u00f6r anv\u00e4ndning i Europa<br \/>\n+ egna faropunkter som kan lagras<br \/>\n+ M\u00e5tt (BxLxH i mm): 70 x 115 x 32<\/p>\n<p><strong>Frekvens\u00f6versikt:<\/strong><br \/>\n+ 10,525-10,575 GHz (X-band)<br \/>\n+ 24.050-24.250 GHz (K-bandet &#8211; SuperWide)<br \/>\nkan v\u00e4ljas i:<br \/>\n+ 24.050-24.110 GHz (K-band 1)<br \/>\n+ 24.111-24.185 GHz (K-band 2)<br \/>\n+ 24.186-24.250 GHz (K-band 3)<br \/>\n+ 33.400-36.000 GHz (KA-bandet &#8211; SuperWide)<br \/>\nkan v\u00e4ljas i:<br \/>\n+ 33.720-33.910 GHz (KA-band 1)<br \/>\n+ 34.200-34.390 GHz (KA band 2)<br \/>\n+ 34.700-34.790 GHz (KA band 3)<br \/>\n+ 35,400-35,590 GHz (KA band 4)<\/p>\n<p><strong>Leveransens omfattning:<\/strong><br \/>\n* Escort 9500 iX radardetektor europeisk version<br \/>.<br \/>\n* Travel Box<br \/>\n* Vindrutef\u00e4ste (sugkoppar)<br \/>\n* 12V str\u00f6manslutningskabel f\u00f6r cigarett\u00e4ndare<br \/>\n* Bruksanvisning<\/p>\n<p><strong>Anm\u00e4rkning:<\/strong> Escort 9500ix Europe har lasermottagning, men f\u00f6r s\u00e4kert laserskydd rekommenderar vi att du anv\u00e4nder en aktiv laserblockerare, t.ex. Antilaser ALP Priority eller Lasertrack Flare.<\/p>\n","protected":false},"excerpt":{"rendered":"<p>\u27a8 Escort 9500ix EU Radardetektor best\u00e4ll nu!<\/p>\n","protected":false},"featured_media":16141,"comment_status":"open","ping_status":"closed","template":"","meta":[],"product_brand":[],"product_cat":[1881,1775],"product_tag":[1923,1759,1925,1924,1907,1758],"class_list":{"0":"post-16140","1":"product","2":"type-product","3":"status-publish","4":"has-post-thumbnail","6":"product_cat-escort-sv","7":"product_cat-mobila-radardetektorer","8":"product_tag-escort-9500ix-sv","9":"product_tag-europa-sv","10":"product_tag-fasta-hastighetsfallor-sv","11":"product_tag-gps-mottagare","12":"product_tag-laservarning","13":"product_tag-radardetektor","15":"first","16":"onbackorder","17":"taxable","18":"shipping-taxable","19":"purchasable","20":"product-type-simple"},"yoast_head":"<!-- This site is optimized with the Yoast SEO plugin v27.2 - https:\/\/yoast.com\/product\/yoast-seo-wordpress\/ -->\n<title>Escort 9500iX Europe Radardetektor | Radar Service<\/title>\n<meta name=\"description\" content=\"Escort 9500iX Europe Radardetektor | Radar Service\" \/>\n<meta name=\"robots\" content=\"index, follow, max-snippet:-1, max-image-preview:large, max-video-preview:-1\" \/>\n<link rel=\"canonical\" href=\"https:\/\/radarservice.eu\/sv\/produkt\/escort-9500ix-europe-radardetektor\/\" \/>\n<meta property=\"og:locale\" content=\"sv_SE\" \/>\n<meta property=\"og:type\" content=\"article\" \/>\n<meta property=\"og:title\" content=\"Escort 9500iX Europe Radardetektor | Radar Service\" \/>\n<meta property=\"og:description\" content=\"Escort 9500iX Europe Radardetektor | Radar Service\" \/>\n<meta property=\"og:url\" content=\"https:\/\/radarservice.eu\/sv\/produkt\/escort-9500ix-europe-radardetektor\/\" \/>\n<meta property=\"og:site_name\" content=\"Radar Service\" \/>\n<meta property=\"og:image\" content=\"https:\/\/radarservice.eu\/wp-content\/uploads\/2020\/09\/Escort_9500ix_EU_solo.jpg\" \/>\n\t<meta property=\"og:image:width\" content=\"500\" \/>\n\t<meta property=\"og:image:height\" content=\"500\" \/>\n\t<meta property=\"og:image:type\" content=\"image\/jpeg\" \/>\n<meta name=\"twitter:card\" content=\"summary_large_image\" \/>\n<meta name=\"twitter:label1\" content=\"Ber\u00e4knad l\u00e4stid\" \/>\n\t<meta name=\"twitter:data1\" content=\"1 minut\" \/>\n<script type=\"application\/ld+json\" class=\"yoast-schema-graph\">{\"@context\":\"https:\/\/schema.org\",\"@graph\":[{\"@type\":\"WebPage\",\"@id\":\"https:\/\/radarservice.eu\/sv\/produkt\/escort-9500ix-europe-radardetektor\/\",\"url\":\"https:\/\/radarservice.eu\/sv\/produkt\/escort-9500ix-europe-radardetektor\/\",\"name\":\"Escort 9500iX Europe Radardetektor | Radar Service\",\"isPartOf\":{\"@id\":\"https:\/\/radarservice.eu\/sv\/#website\"},\"primaryImageOfPage\":{\"@id\":\"https:\/\/radarservice.eu\/sv\/produkt\/escort-9500ix-europe-radardetektor\/#primaryimage\"},\"image\":{\"@id\":\"https:\/\/radarservice.eu\/sv\/produkt\/escort-9500ix-europe-radardetektor\/#primaryimage\"},\"thumbnailUrl\":\"https:\/\/radarservice.eu\/wp-content\/uploads\/2020\/09\/Escort_9500ix_EU_solo.jpg\",\"datePublished\":\"2021-05-14T15:12:48+00:00\",\"description\":\"Escort 9500iX Europe Radardetektor | Radar Service\",\"breadcrumb\":{\"@id\":\"https:\/\/radarservice.eu\/sv\/produkt\/escort-9500ix-europe-radardetektor\/#breadcrumb\"},\"inLanguage\":\"sv-SE\",\"potentialAction\":[{\"@type\":\"ReadAction\",\"target\":[\"https:\/\/radarservice.eu\/sv\/produkt\/escort-9500ix-europe-radardetektor\/\"]}]},{\"@type\":\"ImageObject\",\"inLanguage\":\"sv-SE\",\"@id\":\"https:\/\/radarservice.eu\/sv\/produkt\/escort-9500ix-europe-radardetektor\/#primaryimage\",\"url\":\"https:\/\/radarservice.eu\/wp-content\/uploads\/2020\/09\/Escort_9500ix_EU_solo.jpg\",\"contentUrl\":\"https:\/\/radarservice.eu\/wp-content\/uploads\/2020\/09\/Escort_9500ix_EU_solo.jpg\",\"width\":500,\"height\":500,\"caption\":\"Escort 9500ix Europa\"},{\"@type\":\"BreadcrumbList\",\"@id\":\"https:\/\/radarservice.eu\/sv\/produkt\/escort-9500ix-europe-radardetektor\/#breadcrumb\",\"itemListElement\":[{\"@type\":\"ListItem\",\"position\":1,\"name\":\"Butik\",\"item\":\"https:\/\/radarservice.eu\/sv\/butik\/\"},{\"@type\":\"ListItem\",\"position\":2,\"name\":\"Escort 9500iX Europe Radardetektor\"}]},{\"@type\":\"WebSite\",\"@id\":\"https:\/\/radarservice.eu\/sv\/#website\",\"url\":\"https:\/\/radarservice.eu\/sv\/\",\"name\":\"Radar Service\",\"description\":\"Radar detector Laser jammer mobile fix\",\"publisher\":{\"@id\":\"https:\/\/radarservice.eu\/sv\/#organization\"},\"potentialAction\":[{\"@type\":\"SearchAction\",\"target\":{\"@type\":\"EntryPoint\",\"urlTemplate\":\"https:\/\/radarservice.eu\/sv\/?s={search_term_string}\"},\"query-input\":{\"@type\":\"PropertyValueSpecification\",\"valueRequired\":true,\"valueName\":\"search_term_string\"}}],\"inLanguage\":\"sv-SE\"},{\"@type\":\"Organization\",\"@id\":\"https:\/\/radarservice.eu\/sv\/#organization\",\"name\":\"RadarService\",\"url\":\"https:\/\/radarservice.eu\/sv\/\",\"logo\":{\"@type\":\"ImageObject\",\"inLanguage\":\"sv-SE\",\"@id\":\"https:\/\/radarservice.eu\/sv\/#\/schema\/logo\/image\/\",\"url\":\"https:\/\/radarservice.eu\/wp-content\/uploads\/2021\/03\/Radar_detector_service.png\",\"contentUrl\":\"https:\/\/radarservice.eu\/wp-content\/uploads\/2021\/03\/Radar_detector_service.png\",\"width\":174,\"height\":48,\"caption\":\"RadarService\"},\"image\":{\"@id\":\"https:\/\/radarservice.eu\/sv\/#\/schema\/logo\/image\/\"}}]}<\/script>\n<!-- \/ Yoast SEO plugin. -->","yoast_head_json":{"title":"Escort 9500iX Europe Radardetektor | Radar Service","description":"Escort 9500iX Europe Radardetektor | Radar Service","robots":{"index":"index","follow":"follow","max-snippet":"max-snippet:-1","max-image-preview":"max-image-preview:large","max-video-preview":"max-video-preview:-1"},"canonical":"https:\/\/radarservice.eu\/sv\/produkt\/escort-9500ix-europe-radardetektor\/","og_locale":"sv_SE","og_type":"article","og_title":"Escort 9500iX Europe Radardetektor | Radar Service","og_description":"Escort 9500iX Europe Radardetektor | Radar Service","og_url":"https:\/\/radarservice.eu\/sv\/produkt\/escort-9500ix-europe-radardetektor\/","og_site_name":"Radar Service","og_image":[{"width":500,"height":500,"url":"https:\/\/radarservice.eu\/wp-content\/uploads\/2020\/09\/Escort_9500ix_EU_solo.jpg","type":"image\/jpeg"}],"twitter_card":"summary_large_image","twitter_misc":{"Ber\u00e4knad l\u00e4stid":"1 minut"},"schema":{"@context":"https:\/\/schema.org","@graph":[{"@type":"WebPage","@id":"https:\/\/radarservice.eu\/sv\/produkt\/escort-9500ix-europe-radardetektor\/","url":"https:\/\/radarservice.eu\/sv\/produkt\/escort-9500ix-europe-radardetektor\/","name":"Escort 9500iX Europe Radardetektor | Radar Service","isPartOf":{"@id":"https:\/\/radarservice.eu\/sv\/#website"},"primaryImageOfPage":{"@id":"https:\/\/radarservice.eu\/sv\/produkt\/escort-9500ix-europe-radardetektor\/#primaryimage"},"image":{"@id":"https:\/\/radarservice.eu\/sv\/produkt\/escort-9500ix-europe-radardetektor\/#primaryimage"},"thumbnailUrl":"https:\/\/radarservice.eu\/wp-content\/uploads\/2020\/09\/Escort_9500ix_EU_solo.jpg","datePublished":"2021-05-14T15:12:48+00:00","description":"Escort 9500iX Europe Radardetektor | Radar Service","breadcrumb":{"@id":"https:\/\/radarservice.eu\/sv\/produkt\/escort-9500ix-europe-radardetektor\/#breadcrumb"},"inLanguage":"sv-SE","potentialAction":[{"@type":"ReadAction","target":["https:\/\/radarservice.eu\/sv\/produkt\/escort-9500ix-europe-radardetektor\/"]}]},{"@type":"ImageObject","inLanguage":"sv-SE","@id":"https:\/\/radarservice.eu\/sv\/produkt\/escort-9500ix-europe-radardetektor\/#primaryimage","url":"https:\/\/radarservice.eu\/wp-content\/uploads\/2020\/09\/Escort_9500ix_EU_solo.jpg","contentUrl":"https:\/\/radarservice.eu\/wp-content\/uploads\/2020\/09\/Escort_9500ix_EU_solo.jpg","width":500,"height":500,"caption":"Escort 9500ix Europa"},{"@type":"BreadcrumbList","@id":"https:\/\/radarservice.eu\/sv\/produkt\/escort-9500ix-europe-radardetektor\/#breadcrumb","itemListElement":[{"@type":"ListItem","position":1,"name":"Butik","item":"https:\/\/radarservice.eu\/sv\/butik\/"},{"@type":"ListItem","position":2,"name":"Escort 9500iX Europe Radardetektor"}]},{"@type":"WebSite","@id":"https:\/\/radarservice.eu\/sv\/#website","url":"https:\/\/radarservice.eu\/sv\/","name":"Radar Service","description":"Radar detector Laser jammer mobile fix","publisher":{"@id":"https:\/\/radarservice.eu\/sv\/#organization"},"potentialAction":[{"@type":"SearchAction","target":{"@type":"EntryPoint","urlTemplate":"https:\/\/radarservice.eu\/sv\/?s={search_term_string}"},"query-input":{"@type":"PropertyValueSpecification","valueRequired":true,"valueName":"search_term_string"}}],"inLanguage":"sv-SE"},{"@type":"Organization","@id":"https:\/\/radarservice.eu\/sv\/#organization","name":"RadarService","url":"https:\/\/radarservice.eu\/sv\/","logo":{"@type":"ImageObject","inLanguage":"sv-SE","@id":"https:\/\/radarservice.eu\/sv\/#\/schema\/logo\/image\/","url":"https:\/\/radarservice.eu\/wp-content\/uploads\/2021\/03\/Radar_detector_service.png","contentUrl":"https:\/\/radarservice.eu\/wp-content\/uploads\/2021\/03\/Radar_detector_service.png","width":174,"height":48,"caption":"RadarService"},"image":{"@id":"https:\/\/radarservice.eu\/sv\/#\/schema\/logo\/image\/"}}]}},"_links":{"self":[{"href":"https:\/\/radarservice.eu\/sv\/wp-json\/wp\/v2\/product\/16140","targetHints":{"allow":["GET"]}}],"collection":[{"href":"https:\/\/radarservice.eu\/sv\/wp-json\/wp\/v2\/product"}],"about":[{"href":"https:\/\/radarservice.eu\/sv\/wp-json\/wp\/v2\/types\/product"}],"replies":[{"embeddable":true,"href":"https:\/\/radarservice.eu\/sv\/wp-json\/wp\/v2\/comments?post=16140"}],"wp:featuredmedia":[{"embeddable":true,"href":"https:\/\/radarservice.eu\/sv\/wp-json\/wp\/v2\/media\/16141"}],"wp:attachment":[{"href":"https:\/\/radarservice.eu\/sv\/wp-json\/wp\/v2\/media?parent=16140"}],"wp:term":[{"taxonomy":"product_brand","embeddable":true,"href":"https:\/\/radarservice.eu\/sv\/wp-json\/wp\/v2\/product_brand?post=16140"},{"taxonomy":"product_cat","embeddable":true,"href":"https:\/\/radarservice.eu\/sv\/wp-json\/wp\/v2\/product_cat?post=16140"},{"taxonomy":"product_tag","embeddable":true,"href":"https:\/\/radarservice.eu\/sv\/wp-json\/wp\/v2\/product_tag?post=16140"}],"curies":[{"name":"wp","href":"https:\/\/api.w.org\/{rel}","templated":true}]}}