{"id":16136,"date":"2021-05-14T17:11:10","date_gmt":"2021-05-14T15:11:10","guid":{"rendered":"https:\/\/radarservice.eu\/produkt\/genevo-one-s-radarvarnare\/"},"modified":"2021-05-14T17:11:10","modified_gmt":"2021-05-14T15:11:10","slug":"genevo-one-s-radarvarnare","status":"publish","type":"product","link":"https:\/\/radarservice.eu\/sv\/produkt\/genevo-one-s-radarvarnare\/","title":{"rendered":"Genevo One S Radarvarnare"},"content":{"rendered":"<p>Radardetektorn Genevo One S \u00e4r perfekt l\u00e4mpad f\u00f6r mobil anv\u00e4ndning av radardetektorn.<br \/>\nGenevo One ger en mycket bra f\u00f6rhandsvarning om mobila hastighetsm\u00e4tningar och en varning f\u00f6r fasta hastighetskameror i hela Europa.<\/p>\n<p>.<\/p>\n<p>Genevo S rapporterar hastighets\u00f6vertr\u00e4delser b\u00e5de p\u00e5 displayen och med hj\u00e4lp av ett tyskt r\u00f6stmeddelande. F\u00f6raren f\u00e5r detaljerad information om den uppt\u00e4ckta <br \/>\nradarf\u00e4lla, POI-varning eller laserm\u00e4tning. Vid radardetektering visas signalens styrka ocks\u00e5 med hj\u00e4lp av ett pip f\u00f6r att indikera avst\u00e5ndet till radarf\u00e4llan.<\/p>\n<p>.<\/p>\n<p>Anv\u00e4ndaren kan ocks\u00e5 spara eller ta bort sina egna GPS-platser (POI) s\u00e5 att en ljudvarning ges vid dessa platser om s\u00e5 \u00f6nskas.<\/p>\n<p>G1 kan programmeras efter behov med hj\u00e4lp av en tysk meny, vilket g\u00f6r att den kan anpassas till kundens s\u00e4rskilda krav och \u00f6nskem\u00e5l.<\/p>\n<p><strong>\u00d6versikt:<\/strong><br \/>\n+ den mest kompakta mobila radardetektorn med radarantenn f\u00f6r mobila fartkameror samt GPS-teknik<br \/>.<br \/>\n+ 360\u00b0-graders detektering av alla radark\u00e4llor i Europa (X \/ K \/ Ka-bandet)<br \/>\n+ Varning f\u00f6r laserm\u00e4tningar<br \/>\n+ Varning f\u00f6r station\u00e4r radar<br \/>\n+ Varning f\u00f6r r\u00f6dljus\u00f6vervakning<br \/>\n+ Varning f\u00f6r sektionskontrollm\u00e4tningar<br \/>\n+ Konfigurationsm\u00f6jligheter med hj\u00e4lp av tysk meny<br \/>\n+ kan uppdateras via USB-anslutning<br \/> + EUROPA-databas f\u00f6r fasta fartkameror<br \/>\n+ EUROPA-databasen f\u00f6r fasta fartkameror \u00e4r redan f\u00f6rinstallerad<br \/>\n+ larmsignaler och inst\u00e4llningar helt p\u00e5 tyska<br \/>\n+ l\u00e4mplig f\u00f6r anv\u00e4ndning i Tyskland, \u00d6sterrike, Schweiz och V\u00e4steuropa<br \/>\n+ egna faropunkter som kan lagras<\/p>\n<p><strong>Omfattning av leveransen:<\/strong><br \/>\n* Radardetektor Genevo One S med integrerad GPS-mottagare<br \/>.<br \/>\n* F\u00f6rinstallerad EU-databas f\u00f6r hela Europa<br \/>\n* Tillbeh\u00f6r f\u00f6r montering p\u00e5 vindrutan (sugkoppar)<br \/>\n* 12V str\u00f6mf\u00f6rs\u00f6rjning med cigarett\u00e4ndaranslutning<br \/>\n* Tysk bruksanvisning<br \/>\n* 24 m\u00e5naders garanti<\/p>\n<p><strong>Notera:<\/strong> Genevo One har lasermottagning, men f\u00f6r s\u00e4kert laserskydd rekommenderar vi att du anv\u00e4nder en aktiv laserblockerare, t.ex. Antilaser ALP Priority eller Lasertrack Flare.<\/p>\n","protected":false},"excerpt":{"rendered":"<p>Radardetektorn Genevo One S \u00e4r perfekt l\u00e4mpad f\u00f6r mobil anv\u00e4ndning av radardetektorn. Genevo One ger en mycket bra f\u00f6rhandsvarning om mobila hastighetsm\u00e4tningar och en varning f\u00f6r fasta hastighetskameror i hela Europa. . Genevo S rapporterar hastighets\u00f6vertr\u00e4delser b\u00e5de p\u00e5 displayen och med hj\u00e4lp av ett tyskt r\u00f6stmeddelande. F\u00f6raren f\u00e5r detaljerad information om den uppt\u00e4ckta radarf\u00e4lla, POI-varning [&#8230;]\n","protected":false},"featured_media":16139,"comment_status":"open","ping_status":"closed","template":"","meta":[],"product_brand":[],"product_cat":[1756,1775],"product_tag":[1759,1921,1920,1922,1853,1758],"class_list":{"0":"post-16136","1":"product","2":"type-product","3":"status-publish","4":"has-post-thumbnail","6":"product_cat-genevo-sv","7":"product_cat-mobila-radardetektorer","8":"product_tag-europa-sv","9":"product_tag-g1-sv","10":"product_tag-genevo-one-sv","11":"product_tag-genevo-one-s-sv","12":"product_tag-mobil-radardetektor","13":"product_tag-radardetektor","15":"first","16":"instock","17":"taxable","18":"shipping-taxable","19":"purchasable","20":"product-type-simple"},"yoast_head":"<!-- This site is optimized with the Yoast SEO plugin v27.2 - https:\/\/yoast.com\/product\/yoast-seo-wordpress\/ -->\n<title>Genevo One S Radarvarnare | Radar Service<\/title>\n<meta name=\"description\" content=\"Genevo One S Radarvarnare | Radar Service\" \/>\n<meta name=\"robots\" content=\"index, follow, max-snippet:-1, max-image-preview:large, max-video-preview:-1\" \/>\n<link rel=\"canonical\" href=\"https:\/\/radarservice.eu\/sv\/produkt\/genevo-one-s-radarvarnare\/\" \/>\n<meta property=\"og:locale\" content=\"sv_SE\" \/>\n<meta property=\"og:type\" content=\"article\" \/>\n<meta property=\"og:title\" content=\"Genevo One S Radarvarnare | Radar Service\" \/>\n<meta property=\"og:description\" content=\"Genevo One S Radarvarnare | Radar Service\" \/>\n<meta property=\"og:url\" content=\"https:\/\/radarservice.eu\/sv\/produkt\/genevo-one-s-radarvarnare\/\" \/>\n<meta property=\"og:site_name\" content=\"Radar Service\" \/>\n<meta property=\"og:image\" content=\"https:\/\/radarservice.eu\/wp-content\/uploads\/2020\/09\/Genevo_One_S_Packung.jpg\" \/>\n\t<meta property=\"og:image:width\" content=\"1600\" \/>\n\t<meta property=\"og:image:height\" content=\"1031\" \/>\n\t<meta property=\"og:image:type\" content=\"image\/jpeg\" \/>\n<meta name=\"twitter:card\" content=\"summary_large_image\" \/>\n<meta name=\"twitter:label1\" content=\"Ber\u00e4knad l\u00e4stid\" \/>\n\t<meta name=\"twitter:data1\" content=\"2 minuter\" \/>\n<script type=\"application\/ld+json\" class=\"yoast-schema-graph\">{\"@context\":\"https:\/\/schema.org\",\"@graph\":[{\"@type\":\"WebPage\",\"@id\":\"https:\/\/radarservice.eu\/sv\/produkt\/genevo-one-s-radarvarnare\/\",\"url\":\"https:\/\/radarservice.eu\/sv\/produkt\/genevo-one-s-radarvarnare\/\",\"name\":\"Genevo One S Radarvarnare | Radar Service\",\"isPartOf\":{\"@id\":\"https:\/\/radarservice.eu\/sv\/#website\"},\"primaryImageOfPage\":{\"@id\":\"https:\/\/radarservice.eu\/sv\/produkt\/genevo-one-s-radarvarnare\/#primaryimage\"},\"image\":{\"@id\":\"https:\/\/radarservice.eu\/sv\/produkt\/genevo-one-s-radarvarnare\/#primaryimage\"},\"thumbnailUrl\":\"https:\/\/radarservice.eu\/wp-content\/uploads\/2020\/09\/Genevo_One_S_Packung.jpg\",\"datePublished\":\"2021-05-14T15:11:10+00:00\",\"description\":\"Genevo One S Radarvarnare | Radar Service\",\"breadcrumb\":{\"@id\":\"https:\/\/radarservice.eu\/sv\/produkt\/genevo-one-s-radarvarnare\/#breadcrumb\"},\"inLanguage\":\"sv-SE\",\"potentialAction\":[{\"@type\":\"ReadAction\",\"target\":[\"https:\/\/radarservice.eu\/sv\/produkt\/genevo-one-s-radarvarnare\/\"]}]},{\"@type\":\"ImageObject\",\"inLanguage\":\"sv-SE\",\"@id\":\"https:\/\/radarservice.eu\/sv\/produkt\/genevo-one-s-radarvarnare\/#primaryimage\",\"url\":\"https:\/\/radarservice.eu\/wp-content\/uploads\/2020\/09\/Genevo_One_S_Packung.jpg\",\"contentUrl\":\"https:\/\/radarservice.eu\/wp-content\/uploads\/2020\/09\/Genevo_One_S_Packung.jpg\",\"width\":1600,\"height\":1031,\"caption\":\"Genevo One S f\u00f6rpackning\"},{\"@type\":\"BreadcrumbList\",\"@id\":\"https:\/\/radarservice.eu\/sv\/produkt\/genevo-one-s-radarvarnare\/#breadcrumb\",\"itemListElement\":[{\"@type\":\"ListItem\",\"position\":1,\"name\":\"Butik\",\"item\":\"https:\/\/radarservice.eu\/sv\/butik\/\"},{\"@type\":\"ListItem\",\"position\":2,\"name\":\"Genevo One S Radarvarnare\"}]},{\"@type\":\"WebSite\",\"@id\":\"https:\/\/radarservice.eu\/sv\/#website\",\"url\":\"https:\/\/radarservice.eu\/sv\/\",\"name\":\"Radar Service\",\"description\":\"Radar detector Laser jammer mobile fix\",\"publisher\":{\"@id\":\"https:\/\/radarservice.eu\/sv\/#organization\"},\"potentialAction\":[{\"@type\":\"SearchAction\",\"target\":{\"@type\":\"EntryPoint\",\"urlTemplate\":\"https:\/\/radarservice.eu\/sv\/?s={search_term_string}\"},\"query-input\":{\"@type\":\"PropertyValueSpecification\",\"valueRequired\":true,\"valueName\":\"search_term_string\"}}],\"inLanguage\":\"sv-SE\"},{\"@type\":\"Organization\",\"@id\":\"https:\/\/radarservice.eu\/sv\/#organization\",\"name\":\"RadarService\",\"url\":\"https:\/\/radarservice.eu\/sv\/\",\"logo\":{\"@type\":\"ImageObject\",\"inLanguage\":\"sv-SE\",\"@id\":\"https:\/\/radarservice.eu\/sv\/#\/schema\/logo\/image\/\",\"url\":\"https:\/\/radarservice.eu\/wp-content\/uploads\/2021\/03\/Radar_detector_service.png\",\"contentUrl\":\"https:\/\/radarservice.eu\/wp-content\/uploads\/2021\/03\/Radar_detector_service.png\",\"width\":174,\"height\":48,\"caption\":\"RadarService\"},\"image\":{\"@id\":\"https:\/\/radarservice.eu\/sv\/#\/schema\/logo\/image\/\"}}]}<\/script>\n<!-- \/ Yoast SEO plugin. -->","yoast_head_json":{"title":"Genevo One S Radarvarnare | Radar Service","description":"Genevo One S Radarvarnare | Radar Service","robots":{"index":"index","follow":"follow","max-snippet":"max-snippet:-1","max-image-preview":"max-image-preview:large","max-video-preview":"max-video-preview:-1"},"canonical":"https:\/\/radarservice.eu\/sv\/produkt\/genevo-one-s-radarvarnare\/","og_locale":"sv_SE","og_type":"article","og_title":"Genevo One S Radarvarnare | Radar Service","og_description":"Genevo One S Radarvarnare | Radar Service","og_url":"https:\/\/radarservice.eu\/sv\/produkt\/genevo-one-s-radarvarnare\/","og_site_name":"Radar Service","og_image":[{"width":1600,"height":1031,"url":"https:\/\/radarservice.eu\/wp-content\/uploads\/2020\/09\/Genevo_One_S_Packung.jpg","type":"image\/jpeg"}],"twitter_card":"summary_large_image","twitter_misc":{"Ber\u00e4knad l\u00e4stid":"2 minuter"},"schema":{"@context":"https:\/\/schema.org","@graph":[{"@type":"WebPage","@id":"https:\/\/radarservice.eu\/sv\/produkt\/genevo-one-s-radarvarnare\/","url":"https:\/\/radarservice.eu\/sv\/produkt\/genevo-one-s-radarvarnare\/","name":"Genevo One S Radarvarnare | Radar Service","isPartOf":{"@id":"https:\/\/radarservice.eu\/sv\/#website"},"primaryImageOfPage":{"@id":"https:\/\/radarservice.eu\/sv\/produkt\/genevo-one-s-radarvarnare\/#primaryimage"},"image":{"@id":"https:\/\/radarservice.eu\/sv\/produkt\/genevo-one-s-radarvarnare\/#primaryimage"},"thumbnailUrl":"https:\/\/radarservice.eu\/wp-content\/uploads\/2020\/09\/Genevo_One_S_Packung.jpg","datePublished":"2021-05-14T15:11:10+00:00","description":"Genevo One S Radarvarnare | Radar Service","breadcrumb":{"@id":"https:\/\/radarservice.eu\/sv\/produkt\/genevo-one-s-radarvarnare\/#breadcrumb"},"inLanguage":"sv-SE","potentialAction":[{"@type":"ReadAction","target":["https:\/\/radarservice.eu\/sv\/produkt\/genevo-one-s-radarvarnare\/"]}]},{"@type":"ImageObject","inLanguage":"sv-SE","@id":"https:\/\/radarservice.eu\/sv\/produkt\/genevo-one-s-radarvarnare\/#primaryimage","url":"https:\/\/radarservice.eu\/wp-content\/uploads\/2020\/09\/Genevo_One_S_Packung.jpg","contentUrl":"https:\/\/radarservice.eu\/wp-content\/uploads\/2020\/09\/Genevo_One_S_Packung.jpg","width":1600,"height":1031,"caption":"Genevo One S f\u00f6rpackning"},{"@type":"BreadcrumbList","@id":"https:\/\/radarservice.eu\/sv\/produkt\/genevo-one-s-radarvarnare\/#breadcrumb","itemListElement":[{"@type":"ListItem","position":1,"name":"Butik","item":"https:\/\/radarservice.eu\/sv\/butik\/"},{"@type":"ListItem","position":2,"name":"Genevo One S Radarvarnare"}]},{"@type":"WebSite","@id":"https:\/\/radarservice.eu\/sv\/#website","url":"https:\/\/radarservice.eu\/sv\/","name":"Radar Service","description":"Radar detector Laser jammer mobile fix","publisher":{"@id":"https:\/\/radarservice.eu\/sv\/#organization"},"potentialAction":[{"@type":"SearchAction","target":{"@type":"EntryPoint","urlTemplate":"https:\/\/radarservice.eu\/sv\/?s={search_term_string}"},"query-input":{"@type":"PropertyValueSpecification","valueRequired":true,"valueName":"search_term_string"}}],"inLanguage":"sv-SE"},{"@type":"Organization","@id":"https:\/\/radarservice.eu\/sv\/#organization","name":"RadarService","url":"https:\/\/radarservice.eu\/sv\/","logo":{"@type":"ImageObject","inLanguage":"sv-SE","@id":"https:\/\/radarservice.eu\/sv\/#\/schema\/logo\/image\/","url":"https:\/\/radarservice.eu\/wp-content\/uploads\/2021\/03\/Radar_detector_service.png","contentUrl":"https:\/\/radarservice.eu\/wp-content\/uploads\/2021\/03\/Radar_detector_service.png","width":174,"height":48,"caption":"RadarService"},"image":{"@id":"https:\/\/radarservice.eu\/sv\/#\/schema\/logo\/image\/"}}]}},"_links":{"self":[{"href":"https:\/\/radarservice.eu\/sv\/wp-json\/wp\/v2\/product\/16136","targetHints":{"allow":["GET"]}}],"collection":[{"href":"https:\/\/radarservice.eu\/sv\/wp-json\/wp\/v2\/product"}],"about":[{"href":"https:\/\/radarservice.eu\/sv\/wp-json\/wp\/v2\/types\/product"}],"replies":[{"embeddable":true,"href":"https:\/\/radarservice.eu\/sv\/wp-json\/wp\/v2\/comments?post=16136"}],"wp:featuredmedia":[{"embeddable":true,"href":"https:\/\/radarservice.eu\/sv\/wp-json\/wp\/v2\/media\/16139"}],"wp:attachment":[{"href":"https:\/\/radarservice.eu\/sv\/wp-json\/wp\/v2\/media?parent=16136"}],"wp:term":[{"taxonomy":"product_brand","embeddable":true,"href":"https:\/\/radarservice.eu\/sv\/wp-json\/wp\/v2\/product_brand?post=16136"},{"taxonomy":"product_cat","embeddable":true,"href":"https:\/\/radarservice.eu\/sv\/wp-json\/wp\/v2\/product_cat?post=16136"},{"taxonomy":"product_tag","embeddable":true,"href":"https:\/\/radarservice.eu\/sv\/wp-json\/wp\/v2\/product_tag?post=16136"}],"curies":[{"name":"wp","href":"https:\/\/api.w.org\/{rel}","templated":true}]}}