{"id":16117,"date":"2021-05-14T17:01:37","date_gmt":"2021-05-14T15:01:37","guid":{"rendered":"https:\/\/radarservice.eu\/produkt\/beltronics-sti-r-plus-m-edition\/"},"modified":"2021-05-14T17:01:37","modified_gmt":"2021-05-14T15:01:37","slug":"beltronics-sti-r-plus-m-edition","status":"publish","type":"product","link":"https:\/\/radarservice.eu\/sv\/produkt\/beltronics-sti-r-plus-m-edition\/","title":{"rendered":"Beltronics STI-R PLUS M Edition"},"content":{"rendered":"<p>Beltronics STIR PLUS M Edition \u00e4r en h\u00f6gklassig fast radardetektor och st\u00f6der i &#8221;M&#8221;-versionen \u00e4ven de nya Multaradar CD-hastighetsf\u00e4llorna.<br \/>.<br \/>\nM Edition rekommenderas f\u00f6r alla kunder som k\u00f6r i l\u00e4nder med Multaradardetektorer (t.ex. Nederl\u00e4nderna, Slovakien och \u00d6sterrike).<\/p>\n<p>De f\u00f6rb\u00e4ttrade radar- och lasersensorerna ger maximal r\u00e4ckvidd och f\u00f6rvarningstid.<br \/>\nMed BEL:s nya AutoScan-funktion analyserar STI-R Plus M permanent alla inkommande signaler, vilket minskar on\u00f6diga falsklarm.<br \/>\nDen externa radarantennen installeras osynligt p\u00e5 fordonets framsida. Den visuella och akustiska visningen sker via en liten display och en separat h\u00f6gtalare i fordonets inre.<br \/>\nKontroll- och displaymoduler kan ocks\u00e5 installeras osynligt under ratten, instrumentbr\u00e4dan eller i ett f\u00f6rvaringsfack.<\/p>\n<p>.<\/p>\n<p>Den enkla anv\u00e4ndningen och de digitala r\u00f6stmeddelanden som radarvarnaren ger f\u00f6raren all information de beh\u00f6ver och enkel \u00e5tkomst utan att distrahera dem fr\u00e5n trafiken.<\/p>\n<p><strong>\u00d6versikt:<\/strong><br \/>\n+ Fast radardetektor med h\u00f6gsta tillf\u00f6rlitlighet<br \/>.<br \/>\n+ Multaradar CD-detektering<br \/>\n+ Varning f\u00f6r laserm\u00e4tningar<br \/>\n+ Varning f\u00f6r sektionskontrollm\u00e4tningar<br \/>\n+ Varning f\u00f6r station\u00e4r radar<br \/>\n+ Varning f\u00f6r r\u00f6dljus\u00f6vervakning<br \/>\n+ Hastighetsberoende varning &amp; Ljudstadsl\u00e4ge (ytterligare minskning av falska larm)<br \/>\n+ 100 % osynlig f\u00f6r polisens elektroniska radardetektorer (t.ex. Schweiz, Nederl\u00e4nderna)<br \/>\n+ automatisk justering av sk\u00e4rmens ljusstyrka<br \/>\n+ l\u00e4mplig f\u00f6r anv\u00e4ndning i Europa (rekommenderas s\u00e4rskilt f\u00f6r Nederl\u00e4nderna, Slovakien och \u00d6sterrike)<\/p>\n<p>.<\/p>\n<p><strong>Leveransens omfattning:<\/strong><br \/>\n* STIR Plus M radarmottagare<br \/>\n* Separat display<br \/>\n* Kontrollenhet<br \/>\n* Kontrollenhet<br \/>\n* H\u00f6gtalare<br \/>\n* Monteringsmaterial<br \/>\n* Anv\u00e4ndarmanual och installationsinstruktioner,<\/p>\n<p><strong>Notera:<\/strong> Bel STIR Plus M har ett mycket bra laserskydd, men f\u00f6r ett absolut s\u00e4kert laserskydd rekommenderar vi att du anv\u00e4nder en aktiv laserblocker, t.ex. Genevo FF2 eller AL Priority!<\/p>\n","protected":false},"excerpt":{"rendered":"<p>Beltronics STIR PLUS M Edition \u00e4r en h\u00f6gklassig fast radardetektor och st\u00f6der i &#8221;M&#8221;-versionen \u00e4ven de nya Multaradar CD-hastighetsf\u00e4llorna.. M Edition rekommenderas f\u00f6r alla kunder som k\u00f6r i l\u00e4nder med Multaradardetektorer (t.ex. Nederl\u00e4nderna, Slovakien och \u00d6sterrike). De f\u00f6rb\u00e4ttrade radar- och lasersensorerna ger maximal r\u00e4ckvidd och f\u00f6rvarningstid. Med BEL:s nya AutoScan-funktion analyserar STI-R Plus M permanent [&#8230;]\n","protected":false},"featured_media":16118,"comment_status":"open","ping_status":"closed","template":"","meta":[],"product_brand":[],"product_cat":[1818,1755],"product_tag":[1904,1819,1784,1907,1905,1906],"class_list":{"0":"post-16117","1":"product","2":"type-product","3":"status-publish","4":"has-post-thumbnail","6":"product_cat-beltronics-sv","7":"product_cat-fast-monterade-radardetektorer","8":"product_tag-bel-sti-r-plus-m-edition-sv","9":"product_tag-beltronics-sv","10":"product_tag-fast-radardetektor","11":"product_tag-laservarning","12":"product_tag-multaradar-sv","13":"product_tag-skydd-mot-laser","15":"first","16":"onbackorder","17":"taxable","18":"shipping-taxable","19":"purchasable","20":"product-type-simple"},"yoast_head":"<!-- This site is optimized with the Yoast SEO plugin v27.2 - https:\/\/yoast.com\/product\/yoast-seo-wordpress\/ -->\n<title>Beltronics STI-R PLUS M Edition | Radar Service<\/title>\n<meta name=\"description\" content=\"Beltronics STIR PLUS M Edition \u00e4r en h\u00f6gklassig fast radardetektor som \u00e4ven uppt\u00e4cker de nya Multaradar MRCD \/ MRCT \/ Moving radarf\u00e4llorna.\" \/>\n<meta name=\"robots\" content=\"index, follow, max-snippet:-1, max-image-preview:large, max-video-preview:-1\" \/>\n<link rel=\"canonical\" href=\"https:\/\/radarservice.eu\/sv\/produkt\/beltronics-sti-r-plus-m-edition\/\" \/>\n<meta property=\"og:locale\" content=\"sv_SE\" \/>\n<meta property=\"og:type\" content=\"article\" \/>\n<meta property=\"og:title\" content=\"Beltronics STI-R PLUS M Edition | Radar Service\" \/>\n<meta property=\"og:description\" content=\"Beltronics STIR PLUS M Edition \u00e4r en h\u00f6gklassig fast radardetektor som \u00e4ven uppt\u00e4cker de nya Multaradar MRCD \/ MRCT \/ Moving radarf\u00e4llorna.\" \/>\n<meta property=\"og:url\" content=\"https:\/\/radarservice.eu\/sv\/produkt\/beltronics-sti-r-plus-m-edition\/\" \/>\n<meta property=\"og:site_name\" content=\"Radar Service\" \/>\n<meta property=\"og:image\" content=\"https:\/\/radarservice.eu\/wp-content\/uploads\/2020\/09\/bel_stir_plus_m.jpg\" \/>\n\t<meta property=\"og:image:width\" content=\"600\" \/>\n\t<meta property=\"og:image:height\" content=\"480\" \/>\n\t<meta property=\"og:image:type\" content=\"image\/jpeg\" \/>\n<meta name=\"twitter:card\" content=\"summary_large_image\" \/>\n<meta name=\"twitter:label1\" content=\"Ber\u00e4knad l\u00e4stid\" \/>\n\t<meta name=\"twitter:data1\" content=\"1 minut\" \/>\n<script type=\"application\/ld+json\" class=\"yoast-schema-graph\">{\"@context\":\"https:\/\/schema.org\",\"@graph\":[{\"@type\":\"WebPage\",\"@id\":\"https:\/\/radarservice.eu\/sv\/produkt\/beltronics-sti-r-plus-m-edition\/\",\"url\":\"https:\/\/radarservice.eu\/sv\/produkt\/beltronics-sti-r-plus-m-edition\/\",\"name\":\"Beltronics STI-R PLUS M Edition | Radar Service\",\"isPartOf\":{\"@id\":\"https:\/\/radarservice.eu\/sv\/#website\"},\"primaryImageOfPage\":{\"@id\":\"https:\/\/radarservice.eu\/sv\/produkt\/beltronics-sti-r-plus-m-edition\/#primaryimage\"},\"image\":{\"@id\":\"https:\/\/radarservice.eu\/sv\/produkt\/beltronics-sti-r-plus-m-edition\/#primaryimage\"},\"thumbnailUrl\":\"https:\/\/radarservice.eu\/wp-content\/uploads\/2020\/09\/bel_stir_plus_m.jpg\",\"datePublished\":\"2021-05-14T15:01:37+00:00\",\"description\":\"Beltronics STIR PLUS M Edition \u00e4r en h\u00f6gklassig fast radardetektor som \u00e4ven uppt\u00e4cker de nya Multaradar MRCD \/ MRCT \/ Moving radarf\u00e4llorna.\",\"breadcrumb\":{\"@id\":\"https:\/\/radarservice.eu\/sv\/produkt\/beltronics-sti-r-plus-m-edition\/#breadcrumb\"},\"inLanguage\":\"sv-SE\",\"potentialAction\":[{\"@type\":\"ReadAction\",\"target\":[\"https:\/\/radarservice.eu\/sv\/produkt\/beltronics-sti-r-plus-m-edition\/\"]}]},{\"@type\":\"ImageObject\",\"inLanguage\":\"sv-SE\",\"@id\":\"https:\/\/radarservice.eu\/sv\/produkt\/beltronics-sti-r-plus-m-edition\/#primaryimage\",\"url\":\"https:\/\/radarservice.eu\/wp-content\/uploads\/2020\/09\/bel_stir_plus_m.jpg\",\"contentUrl\":\"https:\/\/radarservice.eu\/wp-content\/uploads\/2020\/09\/bel_stir_plus_m.jpg\",\"width\":600,\"height\":480,\"caption\":\"Bel STiR Plus M Radardetektor\"},{\"@type\":\"BreadcrumbList\",\"@id\":\"https:\/\/radarservice.eu\/sv\/produkt\/beltronics-sti-r-plus-m-edition\/#breadcrumb\",\"itemListElement\":[{\"@type\":\"ListItem\",\"position\":1,\"name\":\"Butik\",\"item\":\"https:\/\/radarservice.eu\/sv\/butik\/\"},{\"@type\":\"ListItem\",\"position\":2,\"name\":\"Beltronics STI-R PLUS M Edition\"}]},{\"@type\":\"WebSite\",\"@id\":\"https:\/\/radarservice.eu\/sv\/#website\",\"url\":\"https:\/\/radarservice.eu\/sv\/\",\"name\":\"Radar Service\",\"description\":\"Radar detector Laser jammer mobile fix\",\"publisher\":{\"@id\":\"https:\/\/radarservice.eu\/sv\/#organization\"},\"potentialAction\":[{\"@type\":\"SearchAction\",\"target\":{\"@type\":\"EntryPoint\",\"urlTemplate\":\"https:\/\/radarservice.eu\/sv\/?s={search_term_string}\"},\"query-input\":{\"@type\":\"PropertyValueSpecification\",\"valueRequired\":true,\"valueName\":\"search_term_string\"}}],\"inLanguage\":\"sv-SE\"},{\"@type\":\"Organization\",\"@id\":\"https:\/\/radarservice.eu\/sv\/#organization\",\"name\":\"RadarService\",\"url\":\"https:\/\/radarservice.eu\/sv\/\",\"logo\":{\"@type\":\"ImageObject\",\"inLanguage\":\"sv-SE\",\"@id\":\"https:\/\/radarservice.eu\/sv\/#\/schema\/logo\/image\/\",\"url\":\"https:\/\/radarservice.eu\/wp-content\/uploads\/2021\/03\/Radar_detector_service.png\",\"contentUrl\":\"https:\/\/radarservice.eu\/wp-content\/uploads\/2021\/03\/Radar_detector_service.png\",\"width\":174,\"height\":48,\"caption\":\"RadarService\"},\"image\":{\"@id\":\"https:\/\/radarservice.eu\/sv\/#\/schema\/logo\/image\/\"}}]}<\/script>\n<!-- \/ Yoast SEO plugin. -->","yoast_head_json":{"title":"Beltronics STI-R PLUS M Edition | Radar Service","description":"Beltronics STIR PLUS M Edition \u00e4r en h\u00f6gklassig fast radardetektor som \u00e4ven uppt\u00e4cker de nya Multaradar MRCD \/ MRCT \/ Moving radarf\u00e4llorna.","robots":{"index":"index","follow":"follow","max-snippet":"max-snippet:-1","max-image-preview":"max-image-preview:large","max-video-preview":"max-video-preview:-1"},"canonical":"https:\/\/radarservice.eu\/sv\/produkt\/beltronics-sti-r-plus-m-edition\/","og_locale":"sv_SE","og_type":"article","og_title":"Beltronics STI-R PLUS M Edition | Radar Service","og_description":"Beltronics STIR PLUS M Edition \u00e4r en h\u00f6gklassig fast radardetektor som \u00e4ven uppt\u00e4cker de nya Multaradar MRCD \/ MRCT \/ Moving radarf\u00e4llorna.","og_url":"https:\/\/radarservice.eu\/sv\/produkt\/beltronics-sti-r-plus-m-edition\/","og_site_name":"Radar Service","og_image":[{"width":600,"height":480,"url":"https:\/\/radarservice.eu\/wp-content\/uploads\/2020\/09\/bel_stir_plus_m.jpg","type":"image\/jpeg"}],"twitter_card":"summary_large_image","twitter_misc":{"Ber\u00e4knad l\u00e4stid":"1 minut"},"schema":{"@context":"https:\/\/schema.org","@graph":[{"@type":"WebPage","@id":"https:\/\/radarservice.eu\/sv\/produkt\/beltronics-sti-r-plus-m-edition\/","url":"https:\/\/radarservice.eu\/sv\/produkt\/beltronics-sti-r-plus-m-edition\/","name":"Beltronics STI-R PLUS M Edition | Radar Service","isPartOf":{"@id":"https:\/\/radarservice.eu\/sv\/#website"},"primaryImageOfPage":{"@id":"https:\/\/radarservice.eu\/sv\/produkt\/beltronics-sti-r-plus-m-edition\/#primaryimage"},"image":{"@id":"https:\/\/radarservice.eu\/sv\/produkt\/beltronics-sti-r-plus-m-edition\/#primaryimage"},"thumbnailUrl":"https:\/\/radarservice.eu\/wp-content\/uploads\/2020\/09\/bel_stir_plus_m.jpg","datePublished":"2021-05-14T15:01:37+00:00","description":"Beltronics STIR PLUS M Edition \u00e4r en h\u00f6gklassig fast radardetektor som \u00e4ven uppt\u00e4cker de nya Multaradar MRCD \/ MRCT \/ Moving radarf\u00e4llorna.","breadcrumb":{"@id":"https:\/\/radarservice.eu\/sv\/produkt\/beltronics-sti-r-plus-m-edition\/#breadcrumb"},"inLanguage":"sv-SE","potentialAction":[{"@type":"ReadAction","target":["https:\/\/radarservice.eu\/sv\/produkt\/beltronics-sti-r-plus-m-edition\/"]}]},{"@type":"ImageObject","inLanguage":"sv-SE","@id":"https:\/\/radarservice.eu\/sv\/produkt\/beltronics-sti-r-plus-m-edition\/#primaryimage","url":"https:\/\/radarservice.eu\/wp-content\/uploads\/2020\/09\/bel_stir_plus_m.jpg","contentUrl":"https:\/\/radarservice.eu\/wp-content\/uploads\/2020\/09\/bel_stir_plus_m.jpg","width":600,"height":480,"caption":"Bel STiR Plus M Radardetektor"},{"@type":"BreadcrumbList","@id":"https:\/\/radarservice.eu\/sv\/produkt\/beltronics-sti-r-plus-m-edition\/#breadcrumb","itemListElement":[{"@type":"ListItem","position":1,"name":"Butik","item":"https:\/\/radarservice.eu\/sv\/butik\/"},{"@type":"ListItem","position":2,"name":"Beltronics STI-R PLUS M Edition"}]},{"@type":"WebSite","@id":"https:\/\/radarservice.eu\/sv\/#website","url":"https:\/\/radarservice.eu\/sv\/","name":"Radar Service","description":"Radar detector Laser jammer mobile fix","publisher":{"@id":"https:\/\/radarservice.eu\/sv\/#organization"},"potentialAction":[{"@type":"SearchAction","target":{"@type":"EntryPoint","urlTemplate":"https:\/\/radarservice.eu\/sv\/?s={search_term_string}"},"query-input":{"@type":"PropertyValueSpecification","valueRequired":true,"valueName":"search_term_string"}}],"inLanguage":"sv-SE"},{"@type":"Organization","@id":"https:\/\/radarservice.eu\/sv\/#organization","name":"RadarService","url":"https:\/\/radarservice.eu\/sv\/","logo":{"@type":"ImageObject","inLanguage":"sv-SE","@id":"https:\/\/radarservice.eu\/sv\/#\/schema\/logo\/image\/","url":"https:\/\/radarservice.eu\/wp-content\/uploads\/2021\/03\/Radar_detector_service.png","contentUrl":"https:\/\/radarservice.eu\/wp-content\/uploads\/2021\/03\/Radar_detector_service.png","width":174,"height":48,"caption":"RadarService"},"image":{"@id":"https:\/\/radarservice.eu\/sv\/#\/schema\/logo\/image\/"}}]}},"_links":{"self":[{"href":"https:\/\/radarservice.eu\/sv\/wp-json\/wp\/v2\/product\/16117","targetHints":{"allow":["GET"]}}],"collection":[{"href":"https:\/\/radarservice.eu\/sv\/wp-json\/wp\/v2\/product"}],"about":[{"href":"https:\/\/radarservice.eu\/sv\/wp-json\/wp\/v2\/types\/product"}],"replies":[{"embeddable":true,"href":"https:\/\/radarservice.eu\/sv\/wp-json\/wp\/v2\/comments?post=16117"}],"wp:featuredmedia":[{"embeddable":true,"href":"https:\/\/radarservice.eu\/sv\/wp-json\/wp\/v2\/media\/16118"}],"wp:attachment":[{"href":"https:\/\/radarservice.eu\/sv\/wp-json\/wp\/v2\/media?parent=16117"}],"wp:term":[{"taxonomy":"product_brand","embeddable":true,"href":"https:\/\/radarservice.eu\/sv\/wp-json\/wp\/v2\/product_brand?post=16117"},{"taxonomy":"product_cat","embeddable":true,"href":"https:\/\/radarservice.eu\/sv\/wp-json\/wp\/v2\/product_cat?post=16117"},{"taxonomy":"product_tag","embeddable":true,"href":"https:\/\/radarservice.eu\/sv\/wp-json\/wp\/v2\/product_tag?post=16117"}],"curies":[{"name":"wp","href":"https:\/\/api.w.org\/{rel}","templated":true}]}}