{"id":16112,"date":"2021-05-14T16:59:34","date_gmt":"2021-05-14T14:59:34","guid":{"rendered":"https:\/\/radarservice.eu\/produkt\/blind-hp-905-laserstoerare\/"},"modified":"2021-05-14T16:59:34","modified_gmt":"2021-05-14T14:59:34","slug":"blind-hp-905-laserstoerare","status":"publish","type":"product","link":"https:\/\/radarservice.eu\/sv\/produkt\/blind-hp-905-laserstoerare\/","title":{"rendered":"Blind HP-905 laserst\u00f6rare"},"content":{"rendered":"<p>Blinder HP 905 \u00e4r den senaste versionen av laserblockeraren fr\u00e5n f\u00f6retaget Blinder fr\u00e5n Danmark. Laserst\u00f6raren HP905 har nu laserdioder i st\u00e4llet f\u00f6r lysdioder, eftersom de har anv\u00e4nts av f\u00f6retaget Antilaser under en l\u00e4ngre tid. De nyutvecklade laserdioderna ger n\u00e4stan 100 g\u00e5nger h\u00f6gre prestanda \u00e4n tidigare modeller med LED-teknik. I den nya utvecklingen har man dessutom sett till att sensorerna \u00e4r extremt kompakta och diskret installerbara.<br \/>.<br \/>\nMed hj\u00e4lp av de olika inst\u00e4llningsalternativen kan Blinder konfigureras b\u00e5de som en ren parkeringsassistent, laservarnare eller laserst\u00f6rare.<\/p>\n<p>.<\/p>\n<p><strong>Funktioner:<\/strong><br \/>\n+ Parkeringshj\u00e4lp \/ st\u00f6rning \/ detektionsl\u00e4ge justerbart<br \/>.<br \/>\n+ Ultrakompakta lasersensorer (mycket sm\u00e5!)<br \/>\n+ Laserdioder med h\u00f6g effekt och ultrah\u00f6g prestanda f\u00f6r detektering<br \/>\n+ Vattent\u00e4tt sensorhus i anodiserad aluminium<br \/>\n+ Ljudlarm (autentiskt r\u00f6stmeddelande)<br \/>\n+ Sensorm\u00e5tt: 51 mm x 34 mm x 12,7 mm<br \/>\n+ M\u00e5tt p\u00e5 kontrollenheten: 51 mm x 34 mm x 12,7 mm<\/p>\n<p><strong>Leveransens omfattning:<\/strong><br \/>\n* Lasersensorer<br \/>\n* Kontrollenhet med h\u00f6gtalare<br \/>\n* USB-kabel<br \/>\n* Monteringsmaterial<br \/>\n* Bruksanvisning<\/p>\n","protected":false},"excerpt":{"rendered":"<p>Blinder HP 905 \u00e4r den senaste versionen av laserblockeraren fr\u00e5n f\u00f6retaget Blinder fr\u00e5n Danmark. Laserst\u00f6raren HP905 har nu laserdioder i st\u00e4llet f\u00f6r lysdioder, eftersom de har anv\u00e4nts av f\u00f6retaget Antilaser under en l\u00e4ngre tid. De nyutvecklade laserdioderna ger n\u00e4stan 100 g\u00e5nger h\u00f6gre prestanda \u00e4n tidigare modeller med LED-teknik. I den nya utvecklingen har man dessutom [&#8230;]\n","protected":false},"featured_media":16113,"comment_status":"open","ping_status":"closed","template":"","meta":[],"product_brand":[],"product_cat":[1897,1769],"product_tag":[1902,1807,1808,1781,1903],"class_list":{"0":"post-16112","1":"product","2":"type-product","3":"status-publish","4":"has-post-thumbnail","6":"product_cat-blinder-sv","7":"product_cat-laser-stoersaendare","8":"product_tag-blinder-hp-905-sv","9":"product_tag-laser-storsandare","10":"product_tag-laserblocker-sv","11":"product_tag-laserdetektor","12":"product_tag-parkeringsassistent","14":"first","15":"instock","16":"taxable","17":"shipping-taxable","18":"purchasable","19":"product-type-simple"},"yoast_head":"<!-- This site is optimized with the Yoast SEO plugin v27.2 - https:\/\/yoast.com\/product\/yoast-seo-wordpress\/ -->\n<title>Blind HP-905 laserst\u00f6rare | Radar Service<\/title>\n<meta name=\"description\" content=\"Blinder HP 905 laserblockerare och parkeringshj\u00e4lp. De nyutvecklade laserdioderna fungerar tillf\u00f6rlitligt som laserst\u00f6rare i Europa.\" \/>\n<meta name=\"robots\" content=\"index, follow, max-snippet:-1, max-image-preview:large, max-video-preview:-1\" \/>\n<link rel=\"canonical\" href=\"https:\/\/radarservice.eu\/sv\/produkt\/blind-hp-905-laserstoerare\/\" \/>\n<meta property=\"og:locale\" content=\"sv_SE\" \/>\n<meta property=\"og:type\" content=\"article\" \/>\n<meta property=\"og:title\" content=\"Blind HP-905 laserst\u00f6rare | Radar Service\" \/>\n<meta property=\"og:description\" content=\"Blinder HP 905 laserblockerare och parkeringshj\u00e4lp. De nyutvecklade laserdioderna fungerar tillf\u00f6rlitligt som laserst\u00f6rare i Europa.\" \/>\n<meta property=\"og:url\" content=\"https:\/\/radarservice.eu\/sv\/produkt\/blind-hp-905-laserstoerare\/\" \/>\n<meta property=\"og:site_name\" content=\"Radar Service\" \/>\n<meta property=\"og:image\" content=\"https:\/\/radarservice.eu\/wp-content\/uploads\/2020\/09\/file_1_12.jpg\" \/>\n\t<meta property=\"og:image:width\" content=\"743\" \/>\n\t<meta property=\"og:image:height\" content=\"600\" \/>\n\t<meta property=\"og:image:type\" content=\"image\/jpeg\" \/>\n<meta name=\"twitter:card\" content=\"summary_large_image\" \/>\n<meta name=\"twitter:label1\" content=\"Ber\u00e4knad l\u00e4stid\" \/>\n\t<meta name=\"twitter:data1\" content=\"1 minut\" \/>\n<script type=\"application\/ld+json\" class=\"yoast-schema-graph\">{\"@context\":\"https:\/\/schema.org\",\"@graph\":[{\"@type\":\"WebPage\",\"@id\":\"https:\/\/radarservice.eu\/sv\/produkt\/blind-hp-905-laserstoerare\/\",\"url\":\"https:\/\/radarservice.eu\/sv\/produkt\/blind-hp-905-laserstoerare\/\",\"name\":\"Blind HP-905 laserst\u00f6rare | Radar Service\",\"isPartOf\":{\"@id\":\"https:\/\/radarservice.eu\/sv\/#website\"},\"primaryImageOfPage\":{\"@id\":\"https:\/\/radarservice.eu\/sv\/produkt\/blind-hp-905-laserstoerare\/#primaryimage\"},\"image\":{\"@id\":\"https:\/\/radarservice.eu\/sv\/produkt\/blind-hp-905-laserstoerare\/#primaryimage\"},\"thumbnailUrl\":\"https:\/\/radarservice.eu\/wp-content\/uploads\/2020\/09\/file_1_12.jpg\",\"datePublished\":\"2021-05-14T14:59:34+00:00\",\"description\":\"Blinder HP 905 laserblockerare och parkeringshj\u00e4lp. De nyutvecklade laserdioderna fungerar tillf\u00f6rlitligt som laserst\u00f6rare i Europa.\",\"breadcrumb\":{\"@id\":\"https:\/\/radarservice.eu\/sv\/produkt\/blind-hp-905-laserstoerare\/#breadcrumb\"},\"inLanguage\":\"sv-SE\",\"potentialAction\":[{\"@type\":\"ReadAction\",\"target\":[\"https:\/\/radarservice.eu\/sv\/produkt\/blind-hp-905-laserstoerare\/\"]}]},{\"@type\":\"ImageObject\",\"inLanguage\":\"sv-SE\",\"@id\":\"https:\/\/radarservice.eu\/sv\/produkt\/blind-hp-905-laserstoerare\/#primaryimage\",\"url\":\"https:\/\/radarservice.eu\/wp-content\/uploads\/2020\/09\/file_1_12.jpg\",\"contentUrl\":\"https:\/\/radarservice.eu\/wp-content\/uploads\/2020\/09\/file_1_12.jpg\",\"width\":743,\"height\":600,\"caption\":\"Blind HP-905 laserst\u00f6rare\"},{\"@type\":\"BreadcrumbList\",\"@id\":\"https:\/\/radarservice.eu\/sv\/produkt\/blind-hp-905-laserstoerare\/#breadcrumb\",\"itemListElement\":[{\"@type\":\"ListItem\",\"position\":1,\"name\":\"Butik\",\"item\":\"https:\/\/radarservice.eu\/sv\/butik\/\"},{\"@type\":\"ListItem\",\"position\":2,\"name\":\"Blind HP-905 laserst\u00f6rare\"}]},{\"@type\":\"WebSite\",\"@id\":\"https:\/\/radarservice.eu\/sv\/#website\",\"url\":\"https:\/\/radarservice.eu\/sv\/\",\"name\":\"Radar Service\",\"description\":\"Radar detector Laser jammer mobile fix\",\"publisher\":{\"@id\":\"https:\/\/radarservice.eu\/sv\/#organization\"},\"potentialAction\":[{\"@type\":\"SearchAction\",\"target\":{\"@type\":\"EntryPoint\",\"urlTemplate\":\"https:\/\/radarservice.eu\/sv\/?s={search_term_string}\"},\"query-input\":{\"@type\":\"PropertyValueSpecification\",\"valueRequired\":true,\"valueName\":\"search_term_string\"}}],\"inLanguage\":\"sv-SE\"},{\"@type\":\"Organization\",\"@id\":\"https:\/\/radarservice.eu\/sv\/#organization\",\"name\":\"RadarService\",\"url\":\"https:\/\/radarservice.eu\/sv\/\",\"logo\":{\"@type\":\"ImageObject\",\"inLanguage\":\"sv-SE\",\"@id\":\"https:\/\/radarservice.eu\/sv\/#\/schema\/logo\/image\/\",\"url\":\"https:\/\/radarservice.eu\/wp-content\/uploads\/2021\/03\/Radar_detector_service.png\",\"contentUrl\":\"https:\/\/radarservice.eu\/wp-content\/uploads\/2021\/03\/Radar_detector_service.png\",\"width\":174,\"height\":48,\"caption\":\"RadarService\"},\"image\":{\"@id\":\"https:\/\/radarservice.eu\/sv\/#\/schema\/logo\/image\/\"}}]}<\/script>\n<!-- \/ Yoast SEO plugin. -->","yoast_head_json":{"title":"Blind HP-905 laserst\u00f6rare | Radar Service","description":"Blinder HP 905 laserblockerare och parkeringshj\u00e4lp. De nyutvecklade laserdioderna fungerar tillf\u00f6rlitligt som laserst\u00f6rare i Europa.","robots":{"index":"index","follow":"follow","max-snippet":"max-snippet:-1","max-image-preview":"max-image-preview:large","max-video-preview":"max-video-preview:-1"},"canonical":"https:\/\/radarservice.eu\/sv\/produkt\/blind-hp-905-laserstoerare\/","og_locale":"sv_SE","og_type":"article","og_title":"Blind HP-905 laserst\u00f6rare | Radar Service","og_description":"Blinder HP 905 laserblockerare och parkeringshj\u00e4lp. De nyutvecklade laserdioderna fungerar tillf\u00f6rlitligt som laserst\u00f6rare i Europa.","og_url":"https:\/\/radarservice.eu\/sv\/produkt\/blind-hp-905-laserstoerare\/","og_site_name":"Radar Service","og_image":[{"width":743,"height":600,"url":"https:\/\/radarservice.eu\/wp-content\/uploads\/2020\/09\/file_1_12.jpg","type":"image\/jpeg"}],"twitter_card":"summary_large_image","twitter_misc":{"Ber\u00e4knad l\u00e4stid":"1 minut"},"schema":{"@context":"https:\/\/schema.org","@graph":[{"@type":"WebPage","@id":"https:\/\/radarservice.eu\/sv\/produkt\/blind-hp-905-laserstoerare\/","url":"https:\/\/radarservice.eu\/sv\/produkt\/blind-hp-905-laserstoerare\/","name":"Blind HP-905 laserst\u00f6rare | Radar Service","isPartOf":{"@id":"https:\/\/radarservice.eu\/sv\/#website"},"primaryImageOfPage":{"@id":"https:\/\/radarservice.eu\/sv\/produkt\/blind-hp-905-laserstoerare\/#primaryimage"},"image":{"@id":"https:\/\/radarservice.eu\/sv\/produkt\/blind-hp-905-laserstoerare\/#primaryimage"},"thumbnailUrl":"https:\/\/radarservice.eu\/wp-content\/uploads\/2020\/09\/file_1_12.jpg","datePublished":"2021-05-14T14:59:34+00:00","description":"Blinder HP 905 laserblockerare och parkeringshj\u00e4lp. De nyutvecklade laserdioderna fungerar tillf\u00f6rlitligt som laserst\u00f6rare i Europa.","breadcrumb":{"@id":"https:\/\/radarservice.eu\/sv\/produkt\/blind-hp-905-laserstoerare\/#breadcrumb"},"inLanguage":"sv-SE","potentialAction":[{"@type":"ReadAction","target":["https:\/\/radarservice.eu\/sv\/produkt\/blind-hp-905-laserstoerare\/"]}]},{"@type":"ImageObject","inLanguage":"sv-SE","@id":"https:\/\/radarservice.eu\/sv\/produkt\/blind-hp-905-laserstoerare\/#primaryimage","url":"https:\/\/radarservice.eu\/wp-content\/uploads\/2020\/09\/file_1_12.jpg","contentUrl":"https:\/\/radarservice.eu\/wp-content\/uploads\/2020\/09\/file_1_12.jpg","width":743,"height":600,"caption":"Blind HP-905 laserst\u00f6rare"},{"@type":"BreadcrumbList","@id":"https:\/\/radarservice.eu\/sv\/produkt\/blind-hp-905-laserstoerare\/#breadcrumb","itemListElement":[{"@type":"ListItem","position":1,"name":"Butik","item":"https:\/\/radarservice.eu\/sv\/butik\/"},{"@type":"ListItem","position":2,"name":"Blind HP-905 laserst\u00f6rare"}]},{"@type":"WebSite","@id":"https:\/\/radarservice.eu\/sv\/#website","url":"https:\/\/radarservice.eu\/sv\/","name":"Radar Service","description":"Radar detector Laser jammer mobile fix","publisher":{"@id":"https:\/\/radarservice.eu\/sv\/#organization"},"potentialAction":[{"@type":"SearchAction","target":{"@type":"EntryPoint","urlTemplate":"https:\/\/radarservice.eu\/sv\/?s={search_term_string}"},"query-input":{"@type":"PropertyValueSpecification","valueRequired":true,"valueName":"search_term_string"}}],"inLanguage":"sv-SE"},{"@type":"Organization","@id":"https:\/\/radarservice.eu\/sv\/#organization","name":"RadarService","url":"https:\/\/radarservice.eu\/sv\/","logo":{"@type":"ImageObject","inLanguage":"sv-SE","@id":"https:\/\/radarservice.eu\/sv\/#\/schema\/logo\/image\/","url":"https:\/\/radarservice.eu\/wp-content\/uploads\/2021\/03\/Radar_detector_service.png","contentUrl":"https:\/\/radarservice.eu\/wp-content\/uploads\/2021\/03\/Radar_detector_service.png","width":174,"height":48,"caption":"RadarService"},"image":{"@id":"https:\/\/radarservice.eu\/sv\/#\/schema\/logo\/image\/"}}]}},"_links":{"self":[{"href":"https:\/\/radarservice.eu\/sv\/wp-json\/wp\/v2\/product\/16112","targetHints":{"allow":["GET"]}}],"collection":[{"href":"https:\/\/radarservice.eu\/sv\/wp-json\/wp\/v2\/product"}],"about":[{"href":"https:\/\/radarservice.eu\/sv\/wp-json\/wp\/v2\/types\/product"}],"replies":[{"embeddable":true,"href":"https:\/\/radarservice.eu\/sv\/wp-json\/wp\/v2\/comments?post=16112"}],"wp:featuredmedia":[{"embeddable":true,"href":"https:\/\/radarservice.eu\/sv\/wp-json\/wp\/v2\/media\/16113"}],"wp:attachment":[{"href":"https:\/\/radarservice.eu\/sv\/wp-json\/wp\/v2\/media?parent=16112"}],"wp:term":[{"taxonomy":"product_brand","embeddable":true,"href":"https:\/\/radarservice.eu\/sv\/wp-json\/wp\/v2\/product_brand?post=16112"},{"taxonomy":"product_cat","embeddable":true,"href":"https:\/\/radarservice.eu\/sv\/wp-json\/wp\/v2\/product_cat?post=16112"},{"taxonomy":"product_tag","embeddable":true,"href":"https:\/\/radarservice.eu\/sv\/wp-json\/wp\/v2\/product_tag?post=16112"}],"curies":[{"name":"wp","href":"https:\/\/api.w.org\/{rel}","templated":true}]}}