{"id":16102,"date":"2021-05-14T16:55:35","date_gmt":"2021-05-14T14:55:35","guid":{"rendered":"https:\/\/radarservice.eu\/produkt\/escort-max-360c-international\/"},"modified":"2021-05-14T16:55:35","modified_gmt":"2021-05-14T14:55:35","slug":"escort-max-360c-international","status":"publish","type":"product","link":"https:\/\/radarservice.eu\/sv\/produkt\/escort-max-360c-international\/","title":{"rendered":"Escort MAX 360c International"},"content":{"rendered":"<p>Escort Max 360c International har en avancerad radarmottagare som ger l\u00e5ngv\u00e4ga varningar vid alla blixtdetektioner. <\/p>\n<p>Escort MAX 360c har en OLED-display som till\u00e5ter flera f\u00e4rginst\u00e4llningar. Du kan st\u00e4lla in displayen p\u00e5 bl\u00e5tt, gr\u00f6nt, r\u00f6tt eller gult. Displayens ljusstyrka kan st\u00e4llas in p\u00e5 m\u00f6rkt, minimalt, medel, maximalt eller automatiskt.<\/p>\n<p>.<\/p>\n<p><strong>Notera:<\/strong> Escort Max 360c har lasermottagning, men f\u00f6r s\u00e4kert laserskydd rekommenderar vi att du anv\u00e4nder en aktiv laserblockerare, t.ex. Antilaser ALP Priority eller Lasertrack Flare!<\/p>\n<p><strong>\u00d6versikt:<\/strong><br \/>\n+ mobil radardetektor med HD-radarantenn<br \/>.<br \/>\n+ Multaradar CD-detektering (viktigt f\u00f6r anv\u00e4ndning i \u00d6sterrike, Nederl\u00e4nderna &amp; Slovakien)<br \/>\n+ 360\u00b0-graders detektering av alla radark\u00e4llor i Europa (X \/ K \/ Ka-bandet)<br \/>\n+ Varning f\u00f6r laserm\u00e4tningar<br \/>\n+ Varning av station\u00e4ra hastighetsm\u00e4tningssystem<br \/>\n+ Varning f\u00f6r r\u00f6dljus\u00f6vervakning<br \/>\n+ Varning f\u00f6r sektionskontrollm\u00e4tningar (sektionskontroller)<br \/>\n+ OLED-display med olika bakgrundsf\u00e4rger<br \/>\n+ EUROPA-databas f\u00f6r fasta fartkameror<br \/>\n+ egna faropunkter som kan lagras<br \/>\n+ Uppdateringsprogram f\u00f6r Windows och Mac<\/p>\n<p><strong>Omfattning av leveransen:<\/strong><br \/>\n* Escort Max 360c radardetektor med integrerad GPS-mottagare<br \/>\n* Tillbeh\u00f6r f\u00f6r montering p\u00e5 vindrutan (sugkoppar)<br \/>\n* 12V str\u00f6mf\u00f6rs\u00f6rjning med cigarett\u00e4ndarkontakt<br \/>.<br \/>\n* Bruksanvisning<\/p>\n","protected":false},"excerpt":{"rendered":"<p>Escort Max 360c International har en avancerad radarmottagare som ger l\u00e5ngv\u00e4ga varningar vid alla blixtdetektioner. Escort MAX 360c har en OLED-display som till\u00e5ter flera f\u00e4rginst\u00e4llningar. Du kan st\u00e4lla in displayen p\u00e5 bl\u00e5tt, gr\u00f6nt, r\u00f6tt eller gult. Displayens ljusstyrka kan st\u00e4llas in p\u00e5 m\u00f6rkt, minimalt, medel, maximalt eller automatiskt. . Notera: Escort Max 360c har lasermottagning, [&#8230;]\n","protected":false},"featured_media":16103,"comment_status":"open","ping_status":"closed","template":"","meta":[],"product_brand":[],"product_cat":[1881,1775],"product_tag":[1889,1891,1759,1782,1827,1890,1853],"class_list":{"0":"post-16102","1":"product","2":"type-product","3":"status-publish","4":"has-post-thumbnail","6":"product_cat-escort-sv","7":"product_cat-mobila-radardetektorer","8":"product_tag-escort-sv","9":"product_tag-escort-max-360c-sv","10":"product_tag-europa-sv","11":"product_tag-gps-sv","12":"product_tag-hastighetsfalla","13":"product_tag-max-360c-sv","14":"product_tag-mobil-radardetektor","16":"first","17":"instock","18":"taxable","19":"shipping-taxable","20":"purchasable","21":"product-type-simple"},"yoast_head":"<!-- This site is optimized with the Yoast SEO plugin v27.2 - https:\/\/yoast.com\/product\/yoast-seo-wordpress\/ -->\n<title>Escort MAX 360c International | Radar Service<\/title>\n<meta name=\"description\" content=\"Escort Max 360c International har en modern radarantenn och varnar tillf\u00f6rlitligt f\u00f6r mobila hastighetsf\u00e4llor och laserm\u00e4tningar.\" \/>\n<meta name=\"robots\" content=\"index, follow, max-snippet:-1, max-image-preview:large, max-video-preview:-1\" \/>\n<link rel=\"canonical\" href=\"https:\/\/radarservice.eu\/sv\/produkt\/escort-max-360c-international\/\" \/>\n<meta property=\"og:locale\" content=\"sv_SE\" \/>\n<meta property=\"og:type\" content=\"article\" \/>\n<meta property=\"og:title\" content=\"Escort MAX 360c International | Radar Service\" \/>\n<meta property=\"og:description\" content=\"Escort Max 360c International har en modern radarantenn och varnar tillf\u00f6rlitligt f\u00f6r mobila hastighetsf\u00e4llor och laserm\u00e4tningar.\" \/>\n<meta property=\"og:url\" content=\"https:\/\/radarservice.eu\/sv\/produkt\/escort-max-360c-international\/\" \/>\n<meta property=\"og:site_name\" content=\"Radar Service\" \/>\n<meta property=\"og:image\" content=\"https:\/\/radarservice.eu\/wp-content\/uploads\/2020\/09\/Escort_Max_360c_International_display.png\" \/>\n\t<meta property=\"og:image:width\" content=\"800\" \/>\n\t<meta property=\"og:image:height\" content=\"800\" \/>\n\t<meta property=\"og:image:type\" content=\"image\/png\" \/>\n<meta name=\"twitter:card\" content=\"summary_large_image\" \/>\n<meta name=\"twitter:label1\" content=\"Ber\u00e4knad l\u00e4stid\" \/>\n\t<meta name=\"twitter:data1\" content=\"1 minut\" \/>\n<script type=\"application\/ld+json\" class=\"yoast-schema-graph\">{\"@context\":\"https:\/\/schema.org\",\"@graph\":[{\"@type\":\"WebPage\",\"@id\":\"https:\/\/radarservice.eu\/sv\/produkt\/escort-max-360c-international\/\",\"url\":\"https:\/\/radarservice.eu\/sv\/produkt\/escort-max-360c-international\/\",\"name\":\"Escort MAX 360c International | Radar Service\",\"isPartOf\":{\"@id\":\"https:\/\/radarservice.eu\/sv\/#website\"},\"primaryImageOfPage\":{\"@id\":\"https:\/\/radarservice.eu\/sv\/produkt\/escort-max-360c-international\/#primaryimage\"},\"image\":{\"@id\":\"https:\/\/radarservice.eu\/sv\/produkt\/escort-max-360c-international\/#primaryimage\"},\"thumbnailUrl\":\"https:\/\/radarservice.eu\/wp-content\/uploads\/2020\/09\/Escort_Max_360c_International_display.png\",\"datePublished\":\"2021-05-14T14:55:35+00:00\",\"description\":\"Escort Max 360c International har en modern radarantenn och varnar tillf\u00f6rlitligt f\u00f6r mobila hastighetsf\u00e4llor och laserm\u00e4tningar.\",\"breadcrumb\":{\"@id\":\"https:\/\/radarservice.eu\/sv\/produkt\/escort-max-360c-international\/#breadcrumb\"},\"inLanguage\":\"sv-SE\",\"potentialAction\":[{\"@type\":\"ReadAction\",\"target\":[\"https:\/\/radarservice.eu\/sv\/produkt\/escort-max-360c-international\/\"]}]},{\"@type\":\"ImageObject\",\"inLanguage\":\"sv-SE\",\"@id\":\"https:\/\/radarservice.eu\/sv\/produkt\/escort-max-360c-international\/#primaryimage\",\"url\":\"https:\/\/radarservice.eu\/wp-content\/uploads\/2020\/09\/Escort_Max_360c_International_display.png\",\"contentUrl\":\"https:\/\/radarservice.eu\/wp-content\/uploads\/2020\/09\/Escort_Max_360c_International_display.png\",\"width\":800,\"height\":800,\"caption\":\"Escort Max 360c International\"},{\"@type\":\"BreadcrumbList\",\"@id\":\"https:\/\/radarservice.eu\/sv\/produkt\/escort-max-360c-international\/#breadcrumb\",\"itemListElement\":[{\"@type\":\"ListItem\",\"position\":1,\"name\":\"Butik\",\"item\":\"https:\/\/radarservice.eu\/sv\/butik\/\"},{\"@type\":\"ListItem\",\"position\":2,\"name\":\"Escort MAX 360c International\"}]},{\"@type\":\"WebSite\",\"@id\":\"https:\/\/radarservice.eu\/sv\/#website\",\"url\":\"https:\/\/radarservice.eu\/sv\/\",\"name\":\"Radar Service\",\"description\":\"Radar detector Laser jammer mobile fix\",\"publisher\":{\"@id\":\"https:\/\/radarservice.eu\/sv\/#organization\"},\"potentialAction\":[{\"@type\":\"SearchAction\",\"target\":{\"@type\":\"EntryPoint\",\"urlTemplate\":\"https:\/\/radarservice.eu\/sv\/?s={search_term_string}\"},\"query-input\":{\"@type\":\"PropertyValueSpecification\",\"valueRequired\":true,\"valueName\":\"search_term_string\"}}],\"inLanguage\":\"sv-SE\"},{\"@type\":\"Organization\",\"@id\":\"https:\/\/radarservice.eu\/sv\/#organization\",\"name\":\"RadarService\",\"url\":\"https:\/\/radarservice.eu\/sv\/\",\"logo\":{\"@type\":\"ImageObject\",\"inLanguage\":\"sv-SE\",\"@id\":\"https:\/\/radarservice.eu\/sv\/#\/schema\/logo\/image\/\",\"url\":\"https:\/\/radarservice.eu\/wp-content\/uploads\/2021\/03\/Radar_detector_service.png\",\"contentUrl\":\"https:\/\/radarservice.eu\/wp-content\/uploads\/2021\/03\/Radar_detector_service.png\",\"width\":174,\"height\":48,\"caption\":\"RadarService\"},\"image\":{\"@id\":\"https:\/\/radarservice.eu\/sv\/#\/schema\/logo\/image\/\"}}]}<\/script>\n<!-- \/ Yoast SEO plugin. -->","yoast_head_json":{"title":"Escort MAX 360c International | Radar Service","description":"Escort Max 360c International har en modern radarantenn och varnar tillf\u00f6rlitligt f\u00f6r mobila hastighetsf\u00e4llor och laserm\u00e4tningar.","robots":{"index":"index","follow":"follow","max-snippet":"max-snippet:-1","max-image-preview":"max-image-preview:large","max-video-preview":"max-video-preview:-1"},"canonical":"https:\/\/radarservice.eu\/sv\/produkt\/escort-max-360c-international\/","og_locale":"sv_SE","og_type":"article","og_title":"Escort MAX 360c International | Radar Service","og_description":"Escort Max 360c International har en modern radarantenn och varnar tillf\u00f6rlitligt f\u00f6r mobila hastighetsf\u00e4llor och laserm\u00e4tningar.","og_url":"https:\/\/radarservice.eu\/sv\/produkt\/escort-max-360c-international\/","og_site_name":"Radar Service","og_image":[{"width":800,"height":800,"url":"https:\/\/radarservice.eu\/wp-content\/uploads\/2020\/09\/Escort_Max_360c_International_display.png","type":"image\/png"}],"twitter_card":"summary_large_image","twitter_misc":{"Ber\u00e4knad l\u00e4stid":"1 minut"},"schema":{"@context":"https:\/\/schema.org","@graph":[{"@type":"WebPage","@id":"https:\/\/radarservice.eu\/sv\/produkt\/escort-max-360c-international\/","url":"https:\/\/radarservice.eu\/sv\/produkt\/escort-max-360c-international\/","name":"Escort MAX 360c International | Radar Service","isPartOf":{"@id":"https:\/\/radarservice.eu\/sv\/#website"},"primaryImageOfPage":{"@id":"https:\/\/radarservice.eu\/sv\/produkt\/escort-max-360c-international\/#primaryimage"},"image":{"@id":"https:\/\/radarservice.eu\/sv\/produkt\/escort-max-360c-international\/#primaryimage"},"thumbnailUrl":"https:\/\/radarservice.eu\/wp-content\/uploads\/2020\/09\/Escort_Max_360c_International_display.png","datePublished":"2021-05-14T14:55:35+00:00","description":"Escort Max 360c International har en modern radarantenn och varnar tillf\u00f6rlitligt f\u00f6r mobila hastighetsf\u00e4llor och laserm\u00e4tningar.","breadcrumb":{"@id":"https:\/\/radarservice.eu\/sv\/produkt\/escort-max-360c-international\/#breadcrumb"},"inLanguage":"sv-SE","potentialAction":[{"@type":"ReadAction","target":["https:\/\/radarservice.eu\/sv\/produkt\/escort-max-360c-international\/"]}]},{"@type":"ImageObject","inLanguage":"sv-SE","@id":"https:\/\/radarservice.eu\/sv\/produkt\/escort-max-360c-international\/#primaryimage","url":"https:\/\/radarservice.eu\/wp-content\/uploads\/2020\/09\/Escort_Max_360c_International_display.png","contentUrl":"https:\/\/radarservice.eu\/wp-content\/uploads\/2020\/09\/Escort_Max_360c_International_display.png","width":800,"height":800,"caption":"Escort Max 360c International"},{"@type":"BreadcrumbList","@id":"https:\/\/radarservice.eu\/sv\/produkt\/escort-max-360c-international\/#breadcrumb","itemListElement":[{"@type":"ListItem","position":1,"name":"Butik","item":"https:\/\/radarservice.eu\/sv\/butik\/"},{"@type":"ListItem","position":2,"name":"Escort MAX 360c International"}]},{"@type":"WebSite","@id":"https:\/\/radarservice.eu\/sv\/#website","url":"https:\/\/radarservice.eu\/sv\/","name":"Radar Service","description":"Radar detector Laser jammer mobile fix","publisher":{"@id":"https:\/\/radarservice.eu\/sv\/#organization"},"potentialAction":[{"@type":"SearchAction","target":{"@type":"EntryPoint","urlTemplate":"https:\/\/radarservice.eu\/sv\/?s={search_term_string}"},"query-input":{"@type":"PropertyValueSpecification","valueRequired":true,"valueName":"search_term_string"}}],"inLanguage":"sv-SE"},{"@type":"Organization","@id":"https:\/\/radarservice.eu\/sv\/#organization","name":"RadarService","url":"https:\/\/radarservice.eu\/sv\/","logo":{"@type":"ImageObject","inLanguage":"sv-SE","@id":"https:\/\/radarservice.eu\/sv\/#\/schema\/logo\/image\/","url":"https:\/\/radarservice.eu\/wp-content\/uploads\/2021\/03\/Radar_detector_service.png","contentUrl":"https:\/\/radarservice.eu\/wp-content\/uploads\/2021\/03\/Radar_detector_service.png","width":174,"height":48,"caption":"RadarService"},"image":{"@id":"https:\/\/radarservice.eu\/sv\/#\/schema\/logo\/image\/"}}]}},"_links":{"self":[{"href":"https:\/\/radarservice.eu\/sv\/wp-json\/wp\/v2\/product\/16102","targetHints":{"allow":["GET"]}}],"collection":[{"href":"https:\/\/radarservice.eu\/sv\/wp-json\/wp\/v2\/product"}],"about":[{"href":"https:\/\/radarservice.eu\/sv\/wp-json\/wp\/v2\/types\/product"}],"replies":[{"embeddable":true,"href":"https:\/\/radarservice.eu\/sv\/wp-json\/wp\/v2\/comments?post=16102"}],"wp:featuredmedia":[{"embeddable":true,"href":"https:\/\/radarservice.eu\/sv\/wp-json\/wp\/v2\/media\/16103"}],"wp:attachment":[{"href":"https:\/\/radarservice.eu\/sv\/wp-json\/wp\/v2\/media?parent=16102"}],"wp:term":[{"taxonomy":"product_brand","embeddable":true,"href":"https:\/\/radarservice.eu\/sv\/wp-json\/wp\/v2\/product_brand?post=16102"},{"taxonomy":"product_cat","embeddable":true,"href":"https:\/\/radarservice.eu\/sv\/wp-json\/wp\/v2\/product_cat?post=16102"},{"taxonomy":"product_tag","embeddable":true,"href":"https:\/\/radarservice.eu\/sv\/wp-json\/wp\/v2\/product_tag?post=16102"}],"curies":[{"name":"wp","href":"https:\/\/api.w.org\/{rel}","templated":true}]}}