{"id":16099,"date":"2021-05-14T16:53:44","date_gmt":"2021-05-14T14:53:44","guid":{"rendered":"https:\/\/radarservice.eu\/produkt\/cheetah-c150-gps-warner-foer-europa\/"},"modified":"2021-05-14T16:53:44","modified_gmt":"2021-05-14T14:53:44","slug":"cheetah-c150-gps-warner-foer-europa","status":"publish","type":"product","link":"https:\/\/radarservice.eu\/sv\/produkt\/cheetah-c150-gps-warner-foer-europa\/","title":{"rendered":"Cheetah C150 GPS Warner f\u00f6r Europa"},"content":{"rendered":"<p>Cheetah C150 \u00e4r en GPS-varningsenhet f\u00f6r visning av fasta hastighetsm\u00e4tningssystem och \u00f6vervakningssystem f\u00f6r r\u00f6dljus trafikljus.<br \/>.<br \/>\nFrekvensen av varningstonerna \u00f6kar automatiskt n\u00e4r du n\u00e4rmar dig ett m\u00e4tsystem. N\u00e4r m\u00e4tningssystemet omedelbart passerar markeras det med en extra gong.<br \/>\nDatabasen kan uppdateras via USB-gr\u00e4nssnittet och omfattar fasta installationer i hela Europa.<\/p>\n<p>.<\/p>\n<p><strong>\u00d6versikt:<\/strong><br \/>\n+ GPS-hastighetsm\u00e4tare (din nuvarande hastighet best\u00e4ms av GPS och visas)<br \/>\n+ Varning f\u00f6r station\u00e4r hastighetskontroll<br \/>\n+ Varning f\u00f6r r\u00f6dljus\u00f6vervakning<br \/>\n+ Varning f\u00f6r sektionskontrollm\u00e4tningar (sektionskontroller)<br \/>\n+ Riktningsvarning (varning f\u00f6r fartkameror i f\u00e4rdriktningen)<br \/>\n+ automatiska p\u00e5minnelser f\u00f6r f\u00f6r\u00e5ldrade databaser<br \/>\n+ l\u00e4gg till &amp; ta bort egna faropunkter (max. 100)<br \/>\n+ h\u00f6rlursanslutning f\u00f6r motorcykelanv\u00e4ndning<\/p>\n<p>.<\/p>\n<p><strong>Leveransens omfattning:<\/strong><br \/>\n* Cheetah C150 GPS Warner<br \/>\n* 12V cigarett\u00e4ndarkabel<br \/>.<br \/>\n* Uppdatera programvara<\/p>\n","protected":false},"excerpt":{"rendered":"<p>Cheetah C150 \u00e4r en GPS-varningsenhet f\u00f6r visning av fasta hastighetsm\u00e4tningssystem och \u00f6vervakningssystem f\u00f6r r\u00f6dljus trafikljus.. Frekvensen av varningstonerna \u00f6kar automatiskt n\u00e4r du n\u00e4rmar dig ett m\u00e4tsystem. N\u00e4r m\u00e4tningssystemet omedelbart passerar markeras det med en extra gong. Databasen kan uppdateras via USB-gr\u00e4nssnittet och omfattar fasta installationer i hela Europa. . \u00d6versikt: + GPS-hastighetsm\u00e4tare (din nuvarande hastighet [&#8230;]\n","protected":false},"featured_media":16100,"comment_status":"open","ping_status":"closed","template":"","meta":[],"product_brand":[],"product_cat":[1865,1796],"product_tag":[1888,1759,1803,1758],"class_list":{"0":"post-16099","1":"product","2":"type-product","3":"status-publish","4":"has-post-thumbnail","6":"product_cat-cheetah-sv","7":"product_cat-gps-poi-detektorer","8":"product_tag-cheetah-c150-sv","9":"product_tag-europa-sv","10":"product_tag-gps-warner-sv","11":"product_tag-radardetektor","13":"first","14":"outofstock","15":"taxable","16":"shipping-taxable","17":"purchasable","18":"product-type-simple"},"yoast_head":"<!-- This site is optimized with the Yoast SEO plugin v27.2 - https:\/\/yoast.com\/product\/yoast-seo-wordpress\/ -->\n<title>Cheetah C150 GPS Warner f\u00f6r Europa | Radar Service<\/title>\n<meta name=\"description\" content=\"Cheetah C150 \u00e4r en GPS-varningsanordning f\u00f6r visning av fasta hastighetsm\u00e4tningssystem och \u00f6vervakningssystem f\u00f6r r\u00f6dljus trafikljus.\" \/>\n<meta name=\"robots\" content=\"index, follow, max-snippet:-1, max-image-preview:large, max-video-preview:-1\" \/>\n<link rel=\"canonical\" href=\"https:\/\/radarservice.eu\/sv\/produkt\/cheetah-c150-gps-warner-foer-europa\/\" \/>\n<meta property=\"og:locale\" content=\"sv_SE\" \/>\n<meta property=\"og:type\" content=\"article\" \/>\n<meta property=\"og:title\" content=\"Cheetah C150 GPS Warner f\u00f6r Europa | Radar Service\" \/>\n<meta property=\"og:description\" content=\"Cheetah C150 \u00e4r en GPS-varningsanordning f\u00f6r visning av fasta hastighetsm\u00e4tningssystem och \u00f6vervakningssystem f\u00f6r r\u00f6dljus trafikljus.\" \/>\n<meta property=\"og:url\" content=\"https:\/\/radarservice.eu\/sv\/produkt\/cheetah-c150-gps-warner-foer-europa\/\" \/>\n<meta property=\"og:site_name\" content=\"Radar Service\" \/>\n<meta property=\"og:image\" content=\"https:\/\/radarservice.eu\/wp-content\/uploads\/2020\/09\/cheetah_c150.jpg\" \/>\n\t<meta property=\"og:image:width\" content=\"903\" \/>\n\t<meta property=\"og:image:height\" content=\"569\" \/>\n\t<meta property=\"og:image:type\" content=\"image\/jpeg\" \/>\n<meta name=\"twitter:card\" content=\"summary_large_image\" \/>\n<meta name=\"twitter:label1\" content=\"Ber\u00e4knad l\u00e4stid\" \/>\n\t<meta name=\"twitter:data1\" content=\"1 minut\" \/>\n<script type=\"application\/ld+json\" class=\"yoast-schema-graph\">{\"@context\":\"https:\/\/schema.org\",\"@graph\":[{\"@type\":\"WebPage\",\"@id\":\"https:\/\/radarservice.eu\/sv\/produkt\/cheetah-c150-gps-warner-foer-europa\/\",\"url\":\"https:\/\/radarservice.eu\/sv\/produkt\/cheetah-c150-gps-warner-foer-europa\/\",\"name\":\"Cheetah C150 GPS Warner f\u00f6r Europa | Radar Service\",\"isPartOf\":{\"@id\":\"https:\/\/radarservice.eu\/sv\/#website\"},\"primaryImageOfPage\":{\"@id\":\"https:\/\/radarservice.eu\/sv\/produkt\/cheetah-c150-gps-warner-foer-europa\/#primaryimage\"},\"image\":{\"@id\":\"https:\/\/radarservice.eu\/sv\/produkt\/cheetah-c150-gps-warner-foer-europa\/#primaryimage\"},\"thumbnailUrl\":\"https:\/\/radarservice.eu\/wp-content\/uploads\/2020\/09\/cheetah_c150.jpg\",\"datePublished\":\"2021-05-14T14:53:44+00:00\",\"description\":\"Cheetah C150 \u00e4r en GPS-varningsanordning f\u00f6r visning av fasta hastighetsm\u00e4tningssystem och \u00f6vervakningssystem f\u00f6r r\u00f6dljus trafikljus.\",\"breadcrumb\":{\"@id\":\"https:\/\/radarservice.eu\/sv\/produkt\/cheetah-c150-gps-warner-foer-europa\/#breadcrumb\"},\"inLanguage\":\"sv-SE\",\"potentialAction\":[{\"@type\":\"ReadAction\",\"target\":[\"https:\/\/radarservice.eu\/sv\/produkt\/cheetah-c150-gps-warner-foer-europa\/\"]}]},{\"@type\":\"ImageObject\",\"inLanguage\":\"sv-SE\",\"@id\":\"https:\/\/radarservice.eu\/sv\/produkt\/cheetah-c150-gps-warner-foer-europa\/#primaryimage\",\"url\":\"https:\/\/radarservice.eu\/wp-content\/uploads\/2020\/09\/cheetah_c150.jpg\",\"contentUrl\":\"https:\/\/radarservice.eu\/wp-content\/uploads\/2020\/09\/cheetah_c150.jpg\",\"width\":903,\"height\":569,\"caption\":\"Cheetah C150\"},{\"@type\":\"BreadcrumbList\",\"@id\":\"https:\/\/radarservice.eu\/sv\/produkt\/cheetah-c150-gps-warner-foer-europa\/#breadcrumb\",\"itemListElement\":[{\"@type\":\"ListItem\",\"position\":1,\"name\":\"Butik\",\"item\":\"https:\/\/radarservice.eu\/sv\/butik\/\"},{\"@type\":\"ListItem\",\"position\":2,\"name\":\"Cheetah C150 GPS Warner f\u00f6r Europa\"}]},{\"@type\":\"WebSite\",\"@id\":\"https:\/\/radarservice.eu\/sv\/#website\",\"url\":\"https:\/\/radarservice.eu\/sv\/\",\"name\":\"Radar Service\",\"description\":\"Radar detector Laser jammer mobile fix\",\"publisher\":{\"@id\":\"https:\/\/radarservice.eu\/sv\/#organization\"},\"potentialAction\":[{\"@type\":\"SearchAction\",\"target\":{\"@type\":\"EntryPoint\",\"urlTemplate\":\"https:\/\/radarservice.eu\/sv\/?s={search_term_string}\"},\"query-input\":{\"@type\":\"PropertyValueSpecification\",\"valueRequired\":true,\"valueName\":\"search_term_string\"}}],\"inLanguage\":\"sv-SE\"},{\"@type\":\"Organization\",\"@id\":\"https:\/\/radarservice.eu\/sv\/#organization\",\"name\":\"RadarService\",\"url\":\"https:\/\/radarservice.eu\/sv\/\",\"logo\":{\"@type\":\"ImageObject\",\"inLanguage\":\"sv-SE\",\"@id\":\"https:\/\/radarservice.eu\/sv\/#\/schema\/logo\/image\/\",\"url\":\"https:\/\/radarservice.eu\/wp-content\/uploads\/2021\/03\/Radar_detector_service.png\",\"contentUrl\":\"https:\/\/radarservice.eu\/wp-content\/uploads\/2021\/03\/Radar_detector_service.png\",\"width\":174,\"height\":48,\"caption\":\"RadarService\"},\"image\":{\"@id\":\"https:\/\/radarservice.eu\/sv\/#\/schema\/logo\/image\/\"}}]}<\/script>\n<!-- \/ Yoast SEO plugin. -->","yoast_head_json":{"title":"Cheetah C150 GPS Warner f\u00f6r Europa | Radar Service","description":"Cheetah C150 \u00e4r en GPS-varningsanordning f\u00f6r visning av fasta hastighetsm\u00e4tningssystem och \u00f6vervakningssystem f\u00f6r r\u00f6dljus trafikljus.","robots":{"index":"index","follow":"follow","max-snippet":"max-snippet:-1","max-image-preview":"max-image-preview:large","max-video-preview":"max-video-preview:-1"},"canonical":"https:\/\/radarservice.eu\/sv\/produkt\/cheetah-c150-gps-warner-foer-europa\/","og_locale":"sv_SE","og_type":"article","og_title":"Cheetah C150 GPS Warner f\u00f6r Europa | Radar Service","og_description":"Cheetah C150 \u00e4r en GPS-varningsanordning f\u00f6r visning av fasta hastighetsm\u00e4tningssystem och \u00f6vervakningssystem f\u00f6r r\u00f6dljus trafikljus.","og_url":"https:\/\/radarservice.eu\/sv\/produkt\/cheetah-c150-gps-warner-foer-europa\/","og_site_name":"Radar Service","og_image":[{"width":903,"height":569,"url":"https:\/\/radarservice.eu\/wp-content\/uploads\/2020\/09\/cheetah_c150.jpg","type":"image\/jpeg"}],"twitter_card":"summary_large_image","twitter_misc":{"Ber\u00e4knad l\u00e4stid":"1 minut"},"schema":{"@context":"https:\/\/schema.org","@graph":[{"@type":"WebPage","@id":"https:\/\/radarservice.eu\/sv\/produkt\/cheetah-c150-gps-warner-foer-europa\/","url":"https:\/\/radarservice.eu\/sv\/produkt\/cheetah-c150-gps-warner-foer-europa\/","name":"Cheetah C150 GPS Warner f\u00f6r Europa | Radar Service","isPartOf":{"@id":"https:\/\/radarservice.eu\/sv\/#website"},"primaryImageOfPage":{"@id":"https:\/\/radarservice.eu\/sv\/produkt\/cheetah-c150-gps-warner-foer-europa\/#primaryimage"},"image":{"@id":"https:\/\/radarservice.eu\/sv\/produkt\/cheetah-c150-gps-warner-foer-europa\/#primaryimage"},"thumbnailUrl":"https:\/\/radarservice.eu\/wp-content\/uploads\/2020\/09\/cheetah_c150.jpg","datePublished":"2021-05-14T14:53:44+00:00","description":"Cheetah C150 \u00e4r en GPS-varningsanordning f\u00f6r visning av fasta hastighetsm\u00e4tningssystem och \u00f6vervakningssystem f\u00f6r r\u00f6dljus trafikljus.","breadcrumb":{"@id":"https:\/\/radarservice.eu\/sv\/produkt\/cheetah-c150-gps-warner-foer-europa\/#breadcrumb"},"inLanguage":"sv-SE","potentialAction":[{"@type":"ReadAction","target":["https:\/\/radarservice.eu\/sv\/produkt\/cheetah-c150-gps-warner-foer-europa\/"]}]},{"@type":"ImageObject","inLanguage":"sv-SE","@id":"https:\/\/radarservice.eu\/sv\/produkt\/cheetah-c150-gps-warner-foer-europa\/#primaryimage","url":"https:\/\/radarservice.eu\/wp-content\/uploads\/2020\/09\/cheetah_c150.jpg","contentUrl":"https:\/\/radarservice.eu\/wp-content\/uploads\/2020\/09\/cheetah_c150.jpg","width":903,"height":569,"caption":"Cheetah C150"},{"@type":"BreadcrumbList","@id":"https:\/\/radarservice.eu\/sv\/produkt\/cheetah-c150-gps-warner-foer-europa\/#breadcrumb","itemListElement":[{"@type":"ListItem","position":1,"name":"Butik","item":"https:\/\/radarservice.eu\/sv\/butik\/"},{"@type":"ListItem","position":2,"name":"Cheetah C150 GPS Warner f\u00f6r Europa"}]},{"@type":"WebSite","@id":"https:\/\/radarservice.eu\/sv\/#website","url":"https:\/\/radarservice.eu\/sv\/","name":"Radar Service","description":"Radar detector Laser jammer mobile fix","publisher":{"@id":"https:\/\/radarservice.eu\/sv\/#organization"},"potentialAction":[{"@type":"SearchAction","target":{"@type":"EntryPoint","urlTemplate":"https:\/\/radarservice.eu\/sv\/?s={search_term_string}"},"query-input":{"@type":"PropertyValueSpecification","valueRequired":true,"valueName":"search_term_string"}}],"inLanguage":"sv-SE"},{"@type":"Organization","@id":"https:\/\/radarservice.eu\/sv\/#organization","name":"RadarService","url":"https:\/\/radarservice.eu\/sv\/","logo":{"@type":"ImageObject","inLanguage":"sv-SE","@id":"https:\/\/radarservice.eu\/sv\/#\/schema\/logo\/image\/","url":"https:\/\/radarservice.eu\/wp-content\/uploads\/2021\/03\/Radar_detector_service.png","contentUrl":"https:\/\/radarservice.eu\/wp-content\/uploads\/2021\/03\/Radar_detector_service.png","width":174,"height":48,"caption":"RadarService"},"image":{"@id":"https:\/\/radarservice.eu\/sv\/#\/schema\/logo\/image\/"}}]}},"_links":{"self":[{"href":"https:\/\/radarservice.eu\/sv\/wp-json\/wp\/v2\/product\/16099","targetHints":{"allow":["GET"]}}],"collection":[{"href":"https:\/\/radarservice.eu\/sv\/wp-json\/wp\/v2\/product"}],"about":[{"href":"https:\/\/radarservice.eu\/sv\/wp-json\/wp\/v2\/types\/product"}],"replies":[{"embeddable":true,"href":"https:\/\/radarservice.eu\/sv\/wp-json\/wp\/v2\/comments?post=16099"}],"wp:featuredmedia":[{"embeddable":true,"href":"https:\/\/radarservice.eu\/sv\/wp-json\/wp\/v2\/media\/16100"}],"wp:attachment":[{"href":"https:\/\/radarservice.eu\/sv\/wp-json\/wp\/v2\/media?parent=16099"}],"wp:term":[{"taxonomy":"product_brand","embeddable":true,"href":"https:\/\/radarservice.eu\/sv\/wp-json\/wp\/v2\/product_brand?post=16099"},{"taxonomy":"product_cat","embeddable":true,"href":"https:\/\/radarservice.eu\/sv\/wp-json\/wp\/v2\/product_cat?post=16099"},{"taxonomy":"product_tag","embeddable":true,"href":"https:\/\/radarservice.eu\/sv\/wp-json\/wp\/v2\/product_tag?post=16099"}],"curies":[{"name":"wp","href":"https:\/\/api.w.org\/{rel}","templated":true}]}}