{"id":16094,"date":"2021-05-14T16:52:28","date_gmt":"2021-05-14T14:52:28","guid":{"rendered":"https:\/\/radarservice.eu\/produkt\/escort-8500ci-plus\/"},"modified":"2021-05-14T16:52:28","modified_gmt":"2021-05-14T14:52:28","slug":"escort-8500ci-plus","status":"publish","type":"product","link":"https:\/\/radarservice.eu\/sv\/produkt\/escort-8500ci-plus\/","title":{"rendered":"ESCORT 8500ci PLUS"},"content":{"rendered":"<p> ESCORT 8500ci PLUS \u00e4r en fast radardetektor med speciella K-bandsinst\u00e4llningar f\u00f6r minskade falska larm, laservarning och GPS-visning av hastighetsf\u00e5ngst.<br \/>\nMed avancerade inst\u00e4llningar f\u00f6r K-bandet kan 8500ci Plus anpassas f\u00f6r att uppfylla landsspecifika behov och minska antalet falska larm. Dessutom kan falska larm sparas genom att trycka p\u00e5 en knapp, s\u00e5 att de elimineras n\u00e4sta g\u00e5ng du k\u00f6r f\u00f6rbi. Den europeiska versionen har optimerats speciellt f\u00f6r anv\u00e4ndning i Europa, inklusive Tyskland, \u00d6sterrike, Frankrike, Italien och Nederl\u00e4nderna. Dessutom varnar den nya Escort 8500ci Plus \u00e4ven f\u00f6r station\u00e4ra fartkameror, sektionskontroller och fartkameror vid trafikljus i hela Europa.<\/p>\n<p>Mottagarenheten i Escort 8500ci installeras osynligt i fordonets framsida och visningen sker via en liten display med integrerat kontrollelement. Kontrollelementet \u00e4r mycket litet och kan ocks\u00e5 l\u00e4tt d\u00f6ljas i askkoppen eller annat f\u00f6rvaringsutrymme.<\/p>\n<p>Det h\u00f6rbara varningssystemet finns ocks\u00e5 tillg\u00e4ngligt.<\/p>\n<p>Den h\u00f6rbara varningen \u00e4r via en r\u00f6st och ger dig ocks\u00e5 information om den s\u00e4rskilda larmk\u00e4llan, t.ex. frekvensband eller laser.<\/p>\n<p><strong>\u00d6versikt:<\/strong><br \/>\n+ Fast radardetektor f\u00f6r osynlig installation<br \/>.<br \/>\n+ Varning f\u00f6r laserm\u00e4tningar<br \/>\n+ Varning f\u00f6r sektionskontrollm\u00e4tningar (sektionskontroller)<br \/>\n+ Varning f\u00f6r station\u00e4ra radaranordningar<br \/>\n+ Varning f\u00f6r station\u00e4r r\u00f6dljus\u00f6vervakning<br \/>\n+ aktiverbar autoscan \/ stads- och motorv\u00e4gsfilter (minskar falska larm)<br \/>\n+ automatisk justering av sk\u00e4rmens ljusstyrka<br \/>\n+ l\u00e4mplig f\u00f6r anv\u00e4ndning i Europa<\/p>\n<p><strong>Leveransens omfattning:<\/strong><br \/>\n* Escort 8500ci radar- och lasermottagare<br \/>.<br \/>\n* Separat display &amp; kontrollmodul<br \/>.<br \/>\n* kontrollenhet inkl. h\u00f6gtalare<br \/>\n* Monteringsmaterial<br \/>\n* Instruktioner f\u00f6r anv\u00e4ndning och installation<\/p>\n<p><strong>Notera:<\/strong> Escort 8500ci har lasermottagning, men f\u00f6r s\u00e4kert laserskydd rekommenderar vi att du anv\u00e4nder en aktiv laserblockerare, t.ex. Antilaser ALP Priority eller Lasertrack Flare!<\/p>\n","protected":false},"excerpt":{"rendered":"<p>ESCORT 8500ci PLUS \u00e4r en fast radardetektor med speciella K-bandsinst\u00e4llningar f\u00f6r minskade falska larm, laservarning och GPS-visning av hastighetsf\u00e5ngst. Med avancerade inst\u00e4llningar f\u00f6r K-bandet kan 8500ci Plus anpassas f\u00f6r att uppfylla landsspecifika behov och minska antalet falska larm. Dessutom kan falska larm sparas genom att trycka p\u00e5 en knapp, s\u00e5 att de elimineras n\u00e4sta g\u00e5ng [&#8230;]\n","protected":false},"featured_media":16098,"comment_status":"open","ping_status":"closed","template":"","meta":[],"product_brand":[],"product_cat":[1881,1755],"product_tag":[1887,1784,1781,1758],"class_list":{"0":"post-16094","1":"product","2":"type-product","3":"status-publish","4":"has-post-thumbnail","6":"product_cat-escort-sv","7":"product_cat-fast-monterade-radardetektorer","8":"product_tag-escort-8500ci-plus-sv","9":"product_tag-fast-radardetektor","10":"product_tag-laserdetektor","11":"product_tag-radardetektor","13":"first","14":"instock","15":"taxable","16":"shipping-taxable","17":"purchasable","18":"product-type-simple"},"yoast_head":"<!-- This site is optimized with the Yoast SEO plugin v27.2 - https:\/\/yoast.com\/product\/yoast-seo-wordpress\/ -->\n<title>ESCORT 8500ci PLUS | Radar Service<\/title>\n<meta name=\"description\" content=\"ESCORT 8500ci PLUS \u00e4r en osynlig fast radardetektor med radar, laservarning och GPS-radarf\u00e4lla.\" \/>\n<meta name=\"robots\" content=\"index, follow, max-snippet:-1, max-image-preview:large, max-video-preview:-1\" \/>\n<link rel=\"canonical\" href=\"https:\/\/radarservice.eu\/sv\/produkt\/escort-8500ci-plus\/\" \/>\n<meta property=\"og:locale\" content=\"sv_SE\" \/>\n<meta property=\"og:type\" content=\"article\" \/>\n<meta property=\"og:title\" content=\"ESCORT 8500ci PLUS | Radar Service\" \/>\n<meta property=\"og:description\" content=\"ESCORT 8500ci PLUS \u00e4r en osynlig fast radardetektor med radar, laservarning och GPS-radarf\u00e4lla.\" \/>\n<meta property=\"og:url\" content=\"https:\/\/radarservice.eu\/sv\/produkt\/escort-8500ci-plus\/\" \/>\n<meta property=\"og:site_name\" content=\"Radar Service\" \/>\n<meta property=\"og:image\" content=\"https:\/\/radarservice.eu\/wp-content\/uploads\/2020\/09\/escort8500ci_plus_set.jpg\" \/>\n\t<meta property=\"og:image:width\" content=\"531\" \/>\n\t<meta property=\"og:image:height\" content=\"379\" \/>\n\t<meta property=\"og:image:type\" content=\"image\/jpeg\" \/>\n<meta name=\"twitter:card\" content=\"summary_large_image\" \/>\n<meta name=\"twitter:label1\" content=\"Ber\u00e4knad l\u00e4stid\" \/>\n\t<meta name=\"twitter:data1\" content=\"1 minut\" \/>\n<script type=\"application\/ld+json\" class=\"yoast-schema-graph\">{\"@context\":\"https:\/\/schema.org\",\"@graph\":[{\"@type\":\"WebPage\",\"@id\":\"https:\/\/radarservice.eu\/sv\/produkt\/escort-8500ci-plus\/\",\"url\":\"https:\/\/radarservice.eu\/sv\/produkt\/escort-8500ci-plus\/\",\"name\":\"ESCORT 8500ci PLUS | Radar Service\",\"isPartOf\":{\"@id\":\"https:\/\/radarservice.eu\/sv\/#website\"},\"primaryImageOfPage\":{\"@id\":\"https:\/\/radarservice.eu\/sv\/produkt\/escort-8500ci-plus\/#primaryimage\"},\"image\":{\"@id\":\"https:\/\/radarservice.eu\/sv\/produkt\/escort-8500ci-plus\/#primaryimage\"},\"thumbnailUrl\":\"https:\/\/radarservice.eu\/wp-content\/uploads\/2020\/09\/escort8500ci_plus_set.jpg\",\"datePublished\":\"2021-05-14T14:52:28+00:00\",\"description\":\"ESCORT 8500ci PLUS \u00e4r en osynlig fast radardetektor med radar, laservarning och GPS-radarf\u00e4lla.\",\"breadcrumb\":{\"@id\":\"https:\/\/radarservice.eu\/sv\/produkt\/escort-8500ci-plus\/#breadcrumb\"},\"inLanguage\":\"sv-SE\",\"potentialAction\":[{\"@type\":\"ReadAction\",\"target\":[\"https:\/\/radarservice.eu\/sv\/produkt\/escort-8500ci-plus\/\"]}]},{\"@type\":\"ImageObject\",\"inLanguage\":\"sv-SE\",\"@id\":\"https:\/\/radarservice.eu\/sv\/produkt\/escort-8500ci-plus\/#primaryimage\",\"url\":\"https:\/\/radarservice.eu\/wp-content\/uploads\/2020\/09\/escort8500ci_plus_set.jpg\",\"contentUrl\":\"https:\/\/radarservice.eu\/wp-content\/uploads\/2020\/09\/escort8500ci_plus_set.jpg\",\"width\":531,\"height\":379,\"caption\":\"Escort 8500ci Plus\"},{\"@type\":\"BreadcrumbList\",\"@id\":\"https:\/\/radarservice.eu\/sv\/produkt\/escort-8500ci-plus\/#breadcrumb\",\"itemListElement\":[{\"@type\":\"ListItem\",\"position\":1,\"name\":\"Butik\",\"item\":\"https:\/\/radarservice.eu\/sv\/butik\/\"},{\"@type\":\"ListItem\",\"position\":2,\"name\":\"ESCORT 8500ci PLUS\"}]},{\"@type\":\"WebSite\",\"@id\":\"https:\/\/radarservice.eu\/sv\/#website\",\"url\":\"https:\/\/radarservice.eu\/sv\/\",\"name\":\"Radar Service\",\"description\":\"Radar detector Laser jammer mobile fix\",\"publisher\":{\"@id\":\"https:\/\/radarservice.eu\/sv\/#organization\"},\"potentialAction\":[{\"@type\":\"SearchAction\",\"target\":{\"@type\":\"EntryPoint\",\"urlTemplate\":\"https:\/\/radarservice.eu\/sv\/?s={search_term_string}\"},\"query-input\":{\"@type\":\"PropertyValueSpecification\",\"valueRequired\":true,\"valueName\":\"search_term_string\"}}],\"inLanguage\":\"sv-SE\"},{\"@type\":\"Organization\",\"@id\":\"https:\/\/radarservice.eu\/sv\/#organization\",\"name\":\"RadarService\",\"url\":\"https:\/\/radarservice.eu\/sv\/\",\"logo\":{\"@type\":\"ImageObject\",\"inLanguage\":\"sv-SE\",\"@id\":\"https:\/\/radarservice.eu\/sv\/#\/schema\/logo\/image\/\",\"url\":\"https:\/\/radarservice.eu\/wp-content\/uploads\/2021\/03\/Radar_detector_service.png\",\"contentUrl\":\"https:\/\/radarservice.eu\/wp-content\/uploads\/2021\/03\/Radar_detector_service.png\",\"width\":174,\"height\":48,\"caption\":\"RadarService\"},\"image\":{\"@id\":\"https:\/\/radarservice.eu\/sv\/#\/schema\/logo\/image\/\"}}]}<\/script>\n<!-- \/ Yoast SEO plugin. -->","yoast_head_json":{"title":"ESCORT 8500ci PLUS | Radar Service","description":"ESCORT 8500ci PLUS \u00e4r en osynlig fast radardetektor med radar, laservarning och GPS-radarf\u00e4lla.","robots":{"index":"index","follow":"follow","max-snippet":"max-snippet:-1","max-image-preview":"max-image-preview:large","max-video-preview":"max-video-preview:-1"},"canonical":"https:\/\/radarservice.eu\/sv\/produkt\/escort-8500ci-plus\/","og_locale":"sv_SE","og_type":"article","og_title":"ESCORT 8500ci PLUS | Radar Service","og_description":"ESCORT 8500ci PLUS \u00e4r en osynlig fast radardetektor med radar, laservarning och GPS-radarf\u00e4lla.","og_url":"https:\/\/radarservice.eu\/sv\/produkt\/escort-8500ci-plus\/","og_site_name":"Radar Service","og_image":[{"width":531,"height":379,"url":"https:\/\/radarservice.eu\/wp-content\/uploads\/2020\/09\/escort8500ci_plus_set.jpg","type":"image\/jpeg"}],"twitter_card":"summary_large_image","twitter_misc":{"Ber\u00e4knad l\u00e4stid":"1 minut"},"schema":{"@context":"https:\/\/schema.org","@graph":[{"@type":"WebPage","@id":"https:\/\/radarservice.eu\/sv\/produkt\/escort-8500ci-plus\/","url":"https:\/\/radarservice.eu\/sv\/produkt\/escort-8500ci-plus\/","name":"ESCORT 8500ci PLUS | Radar Service","isPartOf":{"@id":"https:\/\/radarservice.eu\/sv\/#website"},"primaryImageOfPage":{"@id":"https:\/\/radarservice.eu\/sv\/produkt\/escort-8500ci-plus\/#primaryimage"},"image":{"@id":"https:\/\/radarservice.eu\/sv\/produkt\/escort-8500ci-plus\/#primaryimage"},"thumbnailUrl":"https:\/\/radarservice.eu\/wp-content\/uploads\/2020\/09\/escort8500ci_plus_set.jpg","datePublished":"2021-05-14T14:52:28+00:00","description":"ESCORT 8500ci PLUS \u00e4r en osynlig fast radardetektor med radar, laservarning och GPS-radarf\u00e4lla.","breadcrumb":{"@id":"https:\/\/radarservice.eu\/sv\/produkt\/escort-8500ci-plus\/#breadcrumb"},"inLanguage":"sv-SE","potentialAction":[{"@type":"ReadAction","target":["https:\/\/radarservice.eu\/sv\/produkt\/escort-8500ci-plus\/"]}]},{"@type":"ImageObject","inLanguage":"sv-SE","@id":"https:\/\/radarservice.eu\/sv\/produkt\/escort-8500ci-plus\/#primaryimage","url":"https:\/\/radarservice.eu\/wp-content\/uploads\/2020\/09\/escort8500ci_plus_set.jpg","contentUrl":"https:\/\/radarservice.eu\/wp-content\/uploads\/2020\/09\/escort8500ci_plus_set.jpg","width":531,"height":379,"caption":"Escort 8500ci Plus"},{"@type":"BreadcrumbList","@id":"https:\/\/radarservice.eu\/sv\/produkt\/escort-8500ci-plus\/#breadcrumb","itemListElement":[{"@type":"ListItem","position":1,"name":"Butik","item":"https:\/\/radarservice.eu\/sv\/butik\/"},{"@type":"ListItem","position":2,"name":"ESCORT 8500ci PLUS"}]},{"@type":"WebSite","@id":"https:\/\/radarservice.eu\/sv\/#website","url":"https:\/\/radarservice.eu\/sv\/","name":"Radar Service","description":"Radar detector Laser jammer mobile fix","publisher":{"@id":"https:\/\/radarservice.eu\/sv\/#organization"},"potentialAction":[{"@type":"SearchAction","target":{"@type":"EntryPoint","urlTemplate":"https:\/\/radarservice.eu\/sv\/?s={search_term_string}"},"query-input":{"@type":"PropertyValueSpecification","valueRequired":true,"valueName":"search_term_string"}}],"inLanguage":"sv-SE"},{"@type":"Organization","@id":"https:\/\/radarservice.eu\/sv\/#organization","name":"RadarService","url":"https:\/\/radarservice.eu\/sv\/","logo":{"@type":"ImageObject","inLanguage":"sv-SE","@id":"https:\/\/radarservice.eu\/sv\/#\/schema\/logo\/image\/","url":"https:\/\/radarservice.eu\/wp-content\/uploads\/2021\/03\/Radar_detector_service.png","contentUrl":"https:\/\/radarservice.eu\/wp-content\/uploads\/2021\/03\/Radar_detector_service.png","width":174,"height":48,"caption":"RadarService"},"image":{"@id":"https:\/\/radarservice.eu\/sv\/#\/schema\/logo\/image\/"}}]}},"_links":{"self":[{"href":"https:\/\/radarservice.eu\/sv\/wp-json\/wp\/v2\/product\/16094","targetHints":{"allow":["GET"]}}],"collection":[{"href":"https:\/\/radarservice.eu\/sv\/wp-json\/wp\/v2\/product"}],"about":[{"href":"https:\/\/radarservice.eu\/sv\/wp-json\/wp\/v2\/types\/product"}],"replies":[{"embeddable":true,"href":"https:\/\/radarservice.eu\/sv\/wp-json\/wp\/v2\/comments?post=16094"}],"wp:featuredmedia":[{"embeddable":true,"href":"https:\/\/radarservice.eu\/sv\/wp-json\/wp\/v2\/media\/16098"}],"wp:attachment":[{"href":"https:\/\/radarservice.eu\/sv\/wp-json\/wp\/v2\/media?parent=16094"}],"wp:term":[{"taxonomy":"product_brand","embeddable":true,"href":"https:\/\/radarservice.eu\/sv\/wp-json\/wp\/v2\/product_brand?post=16094"},{"taxonomy":"product_cat","embeddable":true,"href":"https:\/\/radarservice.eu\/sv\/wp-json\/wp\/v2\/product_cat?post=16094"},{"taxonomy":"product_tag","embeddable":true,"href":"https:\/\/radarservice.eu\/sv\/wp-json\/wp\/v2\/product_tag?post=16094"}],"curies":[{"name":"wp","href":"https:\/\/api.w.org\/{rel}","templated":true}]}}