{"id":16088,"date":"2021-05-14T16:42:15","date_gmt":"2021-05-14T14:42:15","guid":{"rendered":"https:\/\/radarservice.eu\/produkt\/escort-redline-360c-international\/"},"modified":"2021-05-14T16:42:15","modified_gmt":"2021-05-14T14:42:15","slug":"escort-redline-360c-international","status":"publish","type":"product","link":"https:\/\/radarservice.eu\/sv\/produkt\/escort-redline-360c-international\/","title":{"rendered":"Escort Redline 360c International"},"content":{"rendered":"<p>Escort Redline 360c \u00e4r inte f\u00f6r alla, utan bara f\u00f6r dem som f\u00f6rv\u00e4ntar sig det b\u00e4sta.  Tack vare den extrema r\u00e4ckvidden (2x st\u00f6rre r\u00e4ckvidd j\u00e4mf\u00f6rt med Escort Redline EX) vet du exakt vad som h\u00e4nder framf\u00f6r dig, bakom dig och \u00f6verallt omkring dig. Escort Redline 360c radardetektor uppt\u00e4cker tillf\u00f6rlitligt hastighetsf\u00e4llor och laserm\u00e4tningar. \u00c4ven den nya MultaRadar (MRCD \/ MRCT \/ Moving) och Gatso radarn rapporteras i tid. De fasta fartkamerorna och sektionskontrollerna rapporteras p\u00e5 ett tillf\u00f6rlitligt s\u00e4tt av den integrerade GPS-mottagaren och en Europadatabas. <\/p>\n<p>Tack vare det nya filtret f\u00f6r falska larm \u00e4r falska larm s\u00e4rskilt undertryckta.<\/p>\n<p>Escort Redline 360c:s avancerade stealth-teknik ger ett tillf\u00f6rlitligt skydd mot radardetektorer som anv\u00e4nds av den franska och nederl\u00e4ndska polisen.<\/p>\n<p><strong>\u00d6versikt:<\/strong><br \/>\n+ Mobil radardetektor med 12V cigarett\u00e4ndarkontakt<br \/>.<br \/>\n+ Radar- och laservarning (X-band \/ K-band \/ KA-band \/ MultaRadar \/ Gatso och laser)<br \/>\n+ True-Lock GPS AutoLearn-teknik f\u00f6r att f\u00f6rhindra falska larm<br \/>.<br \/>\n+ GPS-hastighetsm\u00e4tare<br \/>\n+ Elektroniskt skydd mot uppt\u00e4ckt av radardetektorer<br \/>\n+ flerf\u00e4rgad OLED-display<br \/>\n+ ljusstyrning i flera niv\u00e5er plus m\u00f6rkt l\u00e4ge<br \/>\n+ flera inst\u00e4llningsalternativ<\/p>\n<p><strong>Leveransens omfattning:<\/strong><br \/>\n* Escort Redline 360c radardetektor<br \/>\n* Tillbeh\u00f6r f\u00f6r montering p\u00e5 vindrutan (sugkoppar)<br \/>.<br \/>\n* 12V str\u00f6mf\u00f6rs\u00f6rjning med cigarett\u00e4ndarkontakt<br \/>.<br \/>\n* Bruksanvisning<\/p>\n<p><strong>Anm\u00e4rkning:<\/strong> Escort Redline 360c har lasermottagning, men f\u00f6r s\u00e4kert laserskydd rekommenderar vi att du anv\u00e4nder en aktiv laserblockerare, t.ex. Antilaser ALP Priority eller Lasertrack Flare.<\/p>\n","protected":false},"excerpt":{"rendered":"<p>Escort Redline 360c \u00e4r inte f\u00f6r alla, utan bara f\u00f6r dem som f\u00f6rv\u00e4ntar sig det b\u00e4sta. Tack vare den extrema r\u00e4ckvidden (2x st\u00f6rre r\u00e4ckvidd j\u00e4mf\u00f6rt med Escort Redline EX) vet du exakt vad som h\u00e4nder framf\u00f6r dig, bakom dig och \u00f6verallt omkring dig. Escort Redline 360c radardetektor uppt\u00e4cker tillf\u00f6rlitligt hastighetsf\u00e4llor och laserm\u00e4tningar. \u00c4ven den nya [&#8230;]\n","protected":false},"featured_media":16093,"comment_status":"open","ping_status":"closed","template":"","meta":[],"product_brand":[],"product_cat":[1881,1775],"product_tag":[1883,1854,1885,1759,1884,1758,1886,1882],"class_list":{"0":"post-16088","1":"product","2":"type-product","3":"status-publish","4":"has-post-thumbnail","6":"product_cat-escort-sv","7":"product_cat-mobila-radardetektorer","8":"product_tag-billiga","9":"product_tag-escort-redline-sv","10":"product_tag-escort-redline-360c-sv","11":"product_tag-europa-sv","12":"product_tag-ingangsmodell","13":"product_tag-radardetektor","14":"product_tag-redline-360c-sv","15":"product_tag-tyskland","17":"first","18":"onbackorder","19":"sale","20":"taxable","21":"shipping-taxable","22":"purchasable","23":"product-type-simple"},"yoast_head":"<!-- This site is optimized with the Yoast SEO plugin v27.2 - https:\/\/yoast.com\/product\/yoast-seo-wordpress\/ -->\n<title>Escort Redline 360c International | Radar Service<\/title>\n<meta name=\"description\" content=\"Escort Redline 360c International | Radar Service\" \/>\n<meta name=\"robots\" content=\"index, follow, max-snippet:-1, max-image-preview:large, max-video-preview:-1\" \/>\n<link rel=\"canonical\" href=\"https:\/\/radarservice.eu\/sv\/produkt\/escort-redline-360c-international\/\" \/>\n<meta property=\"og:locale\" content=\"sv_SE\" \/>\n<meta property=\"og:type\" content=\"article\" \/>\n<meta property=\"og:title\" content=\"Escort Redline 360c International | Radar Service\" \/>\n<meta property=\"og:description\" content=\"Escort Redline 360c International | Radar Service\" \/>\n<meta property=\"og:url\" content=\"https:\/\/radarservice.eu\/sv\/produkt\/escort-redline-360c-international\/\" \/>\n<meta property=\"og:site_name\" content=\"Radar Service\" \/>\n<meta property=\"og:image\" content=\"https:\/\/radarservice.eu\/wp-content\/uploads\/2020\/09\/Escort_Redline_360c_International_display.jpg\" \/>\n\t<meta property=\"og:image:width\" content=\"800\" \/>\n\t<meta property=\"og:image:height\" content=\"800\" \/>\n\t<meta property=\"og:image:type\" content=\"image\/jpeg\" \/>\n<meta name=\"twitter:card\" content=\"summary_large_image\" \/>\n<meta name=\"twitter:label1\" content=\"Ber\u00e4knad l\u00e4stid\" \/>\n\t<meta name=\"twitter:data1\" content=\"1 minut\" \/>\n<script type=\"application\/ld+json\" class=\"yoast-schema-graph\">{\"@context\":\"https:\/\/schema.org\",\"@graph\":[{\"@type\":\"WebPage\",\"@id\":\"https:\/\/radarservice.eu\/sv\/produkt\/escort-redline-360c-international\/\",\"url\":\"https:\/\/radarservice.eu\/sv\/produkt\/escort-redline-360c-international\/\",\"name\":\"Escort Redline 360c International | Radar Service\",\"isPartOf\":{\"@id\":\"https:\/\/radarservice.eu\/sv\/#website\"},\"primaryImageOfPage\":{\"@id\":\"https:\/\/radarservice.eu\/sv\/produkt\/escort-redline-360c-international\/#primaryimage\"},\"image\":{\"@id\":\"https:\/\/radarservice.eu\/sv\/produkt\/escort-redline-360c-international\/#primaryimage\"},\"thumbnailUrl\":\"https:\/\/radarservice.eu\/wp-content\/uploads\/2020\/09\/Escort_Redline_360c_International_display.jpg\",\"datePublished\":\"2021-05-14T14:42:15+00:00\",\"description\":\"Escort Redline 360c International | Radar Service\",\"breadcrumb\":{\"@id\":\"https:\/\/radarservice.eu\/sv\/produkt\/escort-redline-360c-international\/#breadcrumb\"},\"inLanguage\":\"sv-SE\",\"potentialAction\":[{\"@type\":\"ReadAction\",\"target\":[\"https:\/\/radarservice.eu\/sv\/produkt\/escort-redline-360c-international\/\"]}]},{\"@type\":\"ImageObject\",\"inLanguage\":\"sv-SE\",\"@id\":\"https:\/\/radarservice.eu\/sv\/produkt\/escort-redline-360c-international\/#primaryimage\",\"url\":\"https:\/\/radarservice.eu\/wp-content\/uploads\/2020\/09\/Escort_Redline_360c_International_display.jpg\",\"contentUrl\":\"https:\/\/radarservice.eu\/wp-content\/uploads\/2020\/09\/Escort_Redline_360c_International_display.jpg\",\"width\":800,\"height\":800,\"caption\":\"Escort Redline 360c International\"},{\"@type\":\"BreadcrumbList\",\"@id\":\"https:\/\/radarservice.eu\/sv\/produkt\/escort-redline-360c-international\/#breadcrumb\",\"itemListElement\":[{\"@type\":\"ListItem\",\"position\":1,\"name\":\"Butik\",\"item\":\"https:\/\/radarservice.eu\/sv\/butik\/\"},{\"@type\":\"ListItem\",\"position\":2,\"name\":\"Escort Redline 360c International\"}]},{\"@type\":\"WebSite\",\"@id\":\"https:\/\/radarservice.eu\/sv\/#website\",\"url\":\"https:\/\/radarservice.eu\/sv\/\",\"name\":\"Radar Service\",\"description\":\"Radar detector Laser jammer mobile fix\",\"publisher\":{\"@id\":\"https:\/\/radarservice.eu\/sv\/#organization\"},\"potentialAction\":[{\"@type\":\"SearchAction\",\"target\":{\"@type\":\"EntryPoint\",\"urlTemplate\":\"https:\/\/radarservice.eu\/sv\/?s={search_term_string}\"},\"query-input\":{\"@type\":\"PropertyValueSpecification\",\"valueRequired\":true,\"valueName\":\"search_term_string\"}}],\"inLanguage\":\"sv-SE\"},{\"@type\":\"Organization\",\"@id\":\"https:\/\/radarservice.eu\/sv\/#organization\",\"name\":\"RadarService\",\"url\":\"https:\/\/radarservice.eu\/sv\/\",\"logo\":{\"@type\":\"ImageObject\",\"inLanguage\":\"sv-SE\",\"@id\":\"https:\/\/radarservice.eu\/sv\/#\/schema\/logo\/image\/\",\"url\":\"https:\/\/radarservice.eu\/wp-content\/uploads\/2021\/03\/Radar_detector_service.png\",\"contentUrl\":\"https:\/\/radarservice.eu\/wp-content\/uploads\/2021\/03\/Radar_detector_service.png\",\"width\":174,\"height\":48,\"caption\":\"RadarService\"},\"image\":{\"@id\":\"https:\/\/radarservice.eu\/sv\/#\/schema\/logo\/image\/\"}}]}<\/script>\n<!-- \/ Yoast SEO plugin. -->","yoast_head_json":{"title":"Escort Redline 360c International | Radar Service","description":"Escort Redline 360c International | Radar Service","robots":{"index":"index","follow":"follow","max-snippet":"max-snippet:-1","max-image-preview":"max-image-preview:large","max-video-preview":"max-video-preview:-1"},"canonical":"https:\/\/radarservice.eu\/sv\/produkt\/escort-redline-360c-international\/","og_locale":"sv_SE","og_type":"article","og_title":"Escort Redline 360c International | Radar Service","og_description":"Escort Redline 360c International | Radar Service","og_url":"https:\/\/radarservice.eu\/sv\/produkt\/escort-redline-360c-international\/","og_site_name":"Radar Service","og_image":[{"width":800,"height":800,"url":"https:\/\/radarservice.eu\/wp-content\/uploads\/2020\/09\/Escort_Redline_360c_International_display.jpg","type":"image\/jpeg"}],"twitter_card":"summary_large_image","twitter_misc":{"Ber\u00e4knad l\u00e4stid":"1 minut"},"schema":{"@context":"https:\/\/schema.org","@graph":[{"@type":"WebPage","@id":"https:\/\/radarservice.eu\/sv\/produkt\/escort-redline-360c-international\/","url":"https:\/\/radarservice.eu\/sv\/produkt\/escort-redline-360c-international\/","name":"Escort Redline 360c International | Radar Service","isPartOf":{"@id":"https:\/\/radarservice.eu\/sv\/#website"},"primaryImageOfPage":{"@id":"https:\/\/radarservice.eu\/sv\/produkt\/escort-redline-360c-international\/#primaryimage"},"image":{"@id":"https:\/\/radarservice.eu\/sv\/produkt\/escort-redline-360c-international\/#primaryimage"},"thumbnailUrl":"https:\/\/radarservice.eu\/wp-content\/uploads\/2020\/09\/Escort_Redline_360c_International_display.jpg","datePublished":"2021-05-14T14:42:15+00:00","description":"Escort Redline 360c International | Radar Service","breadcrumb":{"@id":"https:\/\/radarservice.eu\/sv\/produkt\/escort-redline-360c-international\/#breadcrumb"},"inLanguage":"sv-SE","potentialAction":[{"@type":"ReadAction","target":["https:\/\/radarservice.eu\/sv\/produkt\/escort-redline-360c-international\/"]}]},{"@type":"ImageObject","inLanguage":"sv-SE","@id":"https:\/\/radarservice.eu\/sv\/produkt\/escort-redline-360c-international\/#primaryimage","url":"https:\/\/radarservice.eu\/wp-content\/uploads\/2020\/09\/Escort_Redline_360c_International_display.jpg","contentUrl":"https:\/\/radarservice.eu\/wp-content\/uploads\/2020\/09\/Escort_Redline_360c_International_display.jpg","width":800,"height":800,"caption":"Escort Redline 360c International"},{"@type":"BreadcrumbList","@id":"https:\/\/radarservice.eu\/sv\/produkt\/escort-redline-360c-international\/#breadcrumb","itemListElement":[{"@type":"ListItem","position":1,"name":"Butik","item":"https:\/\/radarservice.eu\/sv\/butik\/"},{"@type":"ListItem","position":2,"name":"Escort Redline 360c International"}]},{"@type":"WebSite","@id":"https:\/\/radarservice.eu\/sv\/#website","url":"https:\/\/radarservice.eu\/sv\/","name":"Radar Service","description":"Radar detector Laser jammer mobile fix","publisher":{"@id":"https:\/\/radarservice.eu\/sv\/#organization"},"potentialAction":[{"@type":"SearchAction","target":{"@type":"EntryPoint","urlTemplate":"https:\/\/radarservice.eu\/sv\/?s={search_term_string}"},"query-input":{"@type":"PropertyValueSpecification","valueRequired":true,"valueName":"search_term_string"}}],"inLanguage":"sv-SE"},{"@type":"Organization","@id":"https:\/\/radarservice.eu\/sv\/#organization","name":"RadarService","url":"https:\/\/radarservice.eu\/sv\/","logo":{"@type":"ImageObject","inLanguage":"sv-SE","@id":"https:\/\/radarservice.eu\/sv\/#\/schema\/logo\/image\/","url":"https:\/\/radarservice.eu\/wp-content\/uploads\/2021\/03\/Radar_detector_service.png","contentUrl":"https:\/\/radarservice.eu\/wp-content\/uploads\/2021\/03\/Radar_detector_service.png","width":174,"height":48,"caption":"RadarService"},"image":{"@id":"https:\/\/radarservice.eu\/sv\/#\/schema\/logo\/image\/"}}]}},"_links":{"self":[{"href":"https:\/\/radarservice.eu\/sv\/wp-json\/wp\/v2\/product\/16088","targetHints":{"allow":["GET"]}}],"collection":[{"href":"https:\/\/radarservice.eu\/sv\/wp-json\/wp\/v2\/product"}],"about":[{"href":"https:\/\/radarservice.eu\/sv\/wp-json\/wp\/v2\/types\/product"}],"replies":[{"embeddable":true,"href":"https:\/\/radarservice.eu\/sv\/wp-json\/wp\/v2\/comments?post=16088"}],"wp:featuredmedia":[{"embeddable":true,"href":"https:\/\/radarservice.eu\/sv\/wp-json\/wp\/v2\/media\/16093"}],"wp:attachment":[{"href":"https:\/\/radarservice.eu\/sv\/wp-json\/wp\/v2\/media?parent=16088"}],"wp:term":[{"taxonomy":"product_brand","embeddable":true,"href":"https:\/\/radarservice.eu\/sv\/wp-json\/wp\/v2\/product_brand?post=16088"},{"taxonomy":"product_cat","embeddable":true,"href":"https:\/\/radarservice.eu\/sv\/wp-json\/wp\/v2\/product_cat?post=16088"},{"taxonomy":"product_tag","embeddable":true,"href":"https:\/\/radarservice.eu\/sv\/wp-json\/wp\/v2\/product_tag?post=16088"}],"curies":[{"name":"wp","href":"https:\/\/api.w.org\/{rel}","templated":true}]}}