{"id":16082,"date":"2021-05-14T16:40:36","date_gmt":"2021-05-14T14:40:36","guid":{"rendered":"https:\/\/radarservice.eu\/produkt\/genevo-ff-laser-jammer-laser-blocker\/"},"modified":"2021-05-14T16:40:36","modified_gmt":"2021-05-14T14:40:36","slug":"genevo-ff-laser-jammer-laser-blocker","status":"publish","type":"product","link":"https:\/\/radarservice.eu\/sv\/produkt\/genevo-ff-laser-jammer-laser-blocker\/","title":{"rendered":"Genevo FF Laser jammer | Laser blocker"},"content":{"rendered":"<p>Det nya lasersystemet Genevo FF kan anv\u00e4ndas b\u00e5de som en laglig parkeringssensor och\/eller som en laserst\u00f6rare mot hastighetsm\u00e4tningar med laserpistoler.<br \/>.<br \/>\nSensorernas mycket lilla design och den specialutvecklade Genevo-kyltpl\u00e5th\u00e5llaren f\u00f6r standardm\u00e4ssig osynlig installation g\u00f6r det f\u00f6r f\u00f6rsta g\u00e5ngen m\u00f6jligt att installera parkerings- och laserst\u00f6rsensorer helt osynligt och samtidigt enkelt.<br \/>\nLaserst\u00f6rfunktionen kan ocks\u00e5 o\u00e5terkalleligt st\u00e4ngas av med en knapptryckning och i enlighet med StVO. P\u00e5 s\u00e5 s\u00e4tt kan en laglig verksamhet etableras n\u00e4r som helst.<\/p>\n<p><strong>Anm\u00e4rkning:<\/strong> F\u00f6r att t\u00e4cka hela fordonsytan rekommenderar vi Genevo FF2-versionen med 2 sensorer f\u00f6r anv\u00e4ndning p\u00e5 en bil eller SUV.<br \/>\nOm du vill skydda fordonets bakre del ut\u00f6ver fordonets fr\u00e4mre del rekommenderar vi FF2x2-versionen f\u00f6r personbilar eller SUV:er.<br \/>\nMotorcyklar beh\u00f6ver bara den enkla Genevo FF-versionen med en sensor eller Genevo FF2 f\u00f6r fr\u00e4mre och bakre skydd.<br \/>\nGenevo FF4-versionen med 4 sensorer rekommenderas f\u00f6r lastbilar och bussar och f\u00f6r skydd fram och bak rekommenderas FF4x4-versionen med 8 sensorer.<\/p>\n<p>.<\/p>\n<p><strong>\u00d6versikt:<\/strong><br \/>\n+ de minsta lasersensorerna p\u00e5 marknaden<br \/>.<br \/>\n+ speciell nummerpl\u00e5th\u00e5llare f\u00f6r enkel &amp; osynlig installation (m\u00e5tt h\u00e5llare: 520mm x 110mm &#8211; EU-standard, inte l\u00e4mplig f\u00f6r \u00d6sterrike)<br \/>\n+ kan anv\u00e4ndas som en laserassisterad parkeringsassistent<br \/>\n+ Laservarning eller aktiv laserst\u00f6rning mot alla laserm\u00e4tningar<br \/>\n+ Den lagliga funktionen som ren parkeringsassistent kan aktiveras med en knapptryckning<br \/>\n+ CE- och E-m\u00e4rkning certifierad<\/p>\n<p><strong>Omfattning av leveransen:<\/strong><br \/>\n* Lasersensorer (ja efter val 1 \/ 2 \/ 4 eller 8 sensorer)<br \/>\n* Kontrollenhet<br \/>\n* Kabelupps\u00e4ttning inkl. h\u00f6gtalare och LED<\/p>\n","protected":false},"excerpt":{"rendered":"<p>Det nya lasersystemet Genevo FF kan anv\u00e4ndas b\u00e5de som en laglig parkeringssensor och\/eller som en laserst\u00f6rare mot hastighetsm\u00e4tningar med laserpistoler.. Sensorernas mycket lilla design och den specialutvecklade Genevo-kyltpl\u00e5th\u00e5llaren f\u00f6r standardm\u00e4ssig osynlig installation g\u00f6r det f\u00f6r f\u00f6rsta g\u00e5ngen m\u00f6jligt att installera parkerings- och laserst\u00f6rsensorer helt osynligt och samtidigt enkelt. Laserst\u00f6rfunktionen kan ocks\u00e5 o\u00e5terkalleligt st\u00e4ngas av med [&#8230;]\n","protected":false},"featured_media":16083,"comment_status":"open","ping_status":"closed","template":"","meta":[],"product_brand":[],"product_cat":[1756,1769],"product_tag":[1761,1807,1808,1879,1880],"class_list":{"0":"post-16082","1":"product","2":"type-product","3":"status-publish","4":"has-post-thumbnail","6":"product_cat-genevo-sv","7":"product_cat-laser-stoersaendare","8":"product_tag-genevo-ff-sv","9":"product_tag-laser-storsandare","10":"product_tag-laserblocker-sv","11":"product_tag-lasersensorer","12":"product_tag-parkeringssensorer","14":"first","15":"onbackorder","16":"taxable","17":"shipping-taxable","18":"purchasable","19":"product-type-simple"},"yoast_head":"<!-- This site is optimized with the Yoast SEO plugin v27.2 - https:\/\/yoast.com\/product\/yoast-seo-wordpress\/ -->\n<title>Genevo FF Laser jammer | Laser blocker | Radar Service<\/title>\n<meta name=\"description\" content=\"Genevo FF Antilaser kan anv\u00e4ndas som en laglig parkeringssensor och laserblockerare mot hastighetsm\u00e4tningar med laserpistoler.\" \/>\n<meta name=\"robots\" content=\"index, follow, max-snippet:-1, max-image-preview:large, max-video-preview:-1\" \/>\n<link rel=\"canonical\" href=\"https:\/\/radarservice.eu\/sv\/produkt\/genevo-ff-laser-jammer-laser-blocker\/\" \/>\n<meta property=\"og:locale\" content=\"sv_SE\" \/>\n<meta property=\"og:type\" content=\"article\" \/>\n<meta property=\"og:title\" content=\"Genevo FF Laser jammer | Laser blocker | Radar Service\" \/>\n<meta property=\"og:description\" content=\"Genevo FF Antilaser kan anv\u00e4ndas som en laglig parkeringssensor och laserblockerare mot hastighetsm\u00e4tningar med laserpistoler.\" \/>\n<meta property=\"og:url\" content=\"https:\/\/radarservice.eu\/sv\/produkt\/genevo-ff-laser-jammer-laser-blocker\/\" \/>\n<meta property=\"og:site_name\" content=\"Radar Service\" \/>\n<meta property=\"og:image\" content=\"https:\/\/radarservice.eu\/wp-content\/uploads\/2020\/09\/GENEVO_FF_Nummerschildhalterung.png\" \/>\n\t<meta property=\"og:image:width\" content=\"725\" \/>\n\t<meta property=\"og:image:height\" content=\"472\" \/>\n\t<meta property=\"og:image:type\" content=\"image\/png\" \/>\n<meta name=\"twitter:card\" content=\"summary_large_image\" \/>\n<meta name=\"twitter:label1\" content=\"Ber\u00e4knad l\u00e4stid\" \/>\n\t<meta name=\"twitter:data1\" content=\"1 minut\" \/>\n<script type=\"application\/ld+json\" class=\"yoast-schema-graph\">{\"@context\":\"https:\/\/schema.org\",\"@graph\":[{\"@type\":\"WebPage\",\"@id\":\"https:\/\/radarservice.eu\/sv\/produkt\/genevo-ff-laser-jammer-laser-blocker\/\",\"url\":\"https:\/\/radarservice.eu\/sv\/produkt\/genevo-ff-laser-jammer-laser-blocker\/\",\"name\":\"Genevo FF Laser jammer | Laser blocker | Radar Service\",\"isPartOf\":{\"@id\":\"https:\/\/radarservice.eu\/sv\/#website\"},\"primaryImageOfPage\":{\"@id\":\"https:\/\/radarservice.eu\/sv\/produkt\/genevo-ff-laser-jammer-laser-blocker\/#primaryimage\"},\"image\":{\"@id\":\"https:\/\/radarservice.eu\/sv\/produkt\/genevo-ff-laser-jammer-laser-blocker\/#primaryimage\"},\"thumbnailUrl\":\"https:\/\/radarservice.eu\/wp-content\/uploads\/2020\/09\/GENEVO_FF_Nummerschildhalterung.png\",\"datePublished\":\"2021-05-14T14:40:36+00:00\",\"description\":\"Genevo FF Antilaser kan anv\u00e4ndas som en laglig parkeringssensor och laserblockerare mot hastighetsm\u00e4tningar med laserpistoler.\",\"breadcrumb\":{\"@id\":\"https:\/\/radarservice.eu\/sv\/produkt\/genevo-ff-laser-jammer-laser-blocker\/#breadcrumb\"},\"inLanguage\":\"sv-SE\",\"potentialAction\":[{\"@type\":\"ReadAction\",\"target\":[\"https:\/\/radarservice.eu\/sv\/produkt\/genevo-ff-laser-jammer-laser-blocker\/\"]}]},{\"@type\":\"ImageObject\",\"inLanguage\":\"sv-SE\",\"@id\":\"https:\/\/radarservice.eu\/sv\/produkt\/genevo-ff-laser-jammer-laser-blocker\/#primaryimage\",\"url\":\"https:\/\/radarservice.eu\/wp-content\/uploads\/2020\/09\/GENEVO_FF_Nummerschildhalterung.png\",\"contentUrl\":\"https:\/\/radarservice.eu\/wp-content\/uploads\/2020\/09\/GENEVO_FF_Nummerschildhalterung.png\",\"width\":725,\"height\":472,\"caption\":\"GENEVO FF H\u00e5llare f\u00f6r registreringsskylt\"},{\"@type\":\"BreadcrumbList\",\"@id\":\"https:\/\/radarservice.eu\/sv\/produkt\/genevo-ff-laser-jammer-laser-blocker\/#breadcrumb\",\"itemListElement\":[{\"@type\":\"ListItem\",\"position\":1,\"name\":\"Butik\",\"item\":\"https:\/\/radarservice.eu\/sv\/butik\/\"},{\"@type\":\"ListItem\",\"position\":2,\"name\":\"Genevo FF Laser jammer | Laser blocker\"}]},{\"@type\":\"WebSite\",\"@id\":\"https:\/\/radarservice.eu\/sv\/#website\",\"url\":\"https:\/\/radarservice.eu\/sv\/\",\"name\":\"Radar Service\",\"description\":\"Radar detector Laser jammer mobile fix\",\"publisher\":{\"@id\":\"https:\/\/radarservice.eu\/sv\/#organization\"},\"potentialAction\":[{\"@type\":\"SearchAction\",\"target\":{\"@type\":\"EntryPoint\",\"urlTemplate\":\"https:\/\/radarservice.eu\/sv\/?s={search_term_string}\"},\"query-input\":{\"@type\":\"PropertyValueSpecification\",\"valueRequired\":true,\"valueName\":\"search_term_string\"}}],\"inLanguage\":\"sv-SE\"},{\"@type\":\"Organization\",\"@id\":\"https:\/\/radarservice.eu\/sv\/#organization\",\"name\":\"RadarService\",\"url\":\"https:\/\/radarservice.eu\/sv\/\",\"logo\":{\"@type\":\"ImageObject\",\"inLanguage\":\"sv-SE\",\"@id\":\"https:\/\/radarservice.eu\/sv\/#\/schema\/logo\/image\/\",\"url\":\"https:\/\/radarservice.eu\/wp-content\/uploads\/2021\/03\/Radar_detector_service.png\",\"contentUrl\":\"https:\/\/radarservice.eu\/wp-content\/uploads\/2021\/03\/Radar_detector_service.png\",\"width\":174,\"height\":48,\"caption\":\"RadarService\"},\"image\":{\"@id\":\"https:\/\/radarservice.eu\/sv\/#\/schema\/logo\/image\/\"}}]}<\/script>\n<!-- \/ Yoast SEO plugin. -->","yoast_head_json":{"title":"Genevo FF Laser jammer | Laser blocker | Radar Service","description":"Genevo FF Antilaser kan anv\u00e4ndas som en laglig parkeringssensor och laserblockerare mot hastighetsm\u00e4tningar med laserpistoler.","robots":{"index":"index","follow":"follow","max-snippet":"max-snippet:-1","max-image-preview":"max-image-preview:large","max-video-preview":"max-video-preview:-1"},"canonical":"https:\/\/radarservice.eu\/sv\/produkt\/genevo-ff-laser-jammer-laser-blocker\/","og_locale":"sv_SE","og_type":"article","og_title":"Genevo FF Laser jammer | Laser blocker | Radar Service","og_description":"Genevo FF Antilaser kan anv\u00e4ndas som en laglig parkeringssensor och laserblockerare mot hastighetsm\u00e4tningar med laserpistoler.","og_url":"https:\/\/radarservice.eu\/sv\/produkt\/genevo-ff-laser-jammer-laser-blocker\/","og_site_name":"Radar Service","og_image":[{"width":725,"height":472,"url":"https:\/\/radarservice.eu\/wp-content\/uploads\/2020\/09\/GENEVO_FF_Nummerschildhalterung.png","type":"image\/png"}],"twitter_card":"summary_large_image","twitter_misc":{"Ber\u00e4knad l\u00e4stid":"1 minut"},"schema":{"@context":"https:\/\/schema.org","@graph":[{"@type":"WebPage","@id":"https:\/\/radarservice.eu\/sv\/produkt\/genevo-ff-laser-jammer-laser-blocker\/","url":"https:\/\/radarservice.eu\/sv\/produkt\/genevo-ff-laser-jammer-laser-blocker\/","name":"Genevo FF Laser jammer | Laser blocker | Radar Service","isPartOf":{"@id":"https:\/\/radarservice.eu\/sv\/#website"},"primaryImageOfPage":{"@id":"https:\/\/radarservice.eu\/sv\/produkt\/genevo-ff-laser-jammer-laser-blocker\/#primaryimage"},"image":{"@id":"https:\/\/radarservice.eu\/sv\/produkt\/genevo-ff-laser-jammer-laser-blocker\/#primaryimage"},"thumbnailUrl":"https:\/\/radarservice.eu\/wp-content\/uploads\/2020\/09\/GENEVO_FF_Nummerschildhalterung.png","datePublished":"2021-05-14T14:40:36+00:00","description":"Genevo FF Antilaser kan anv\u00e4ndas som en laglig parkeringssensor och laserblockerare mot hastighetsm\u00e4tningar med laserpistoler.","breadcrumb":{"@id":"https:\/\/radarservice.eu\/sv\/produkt\/genevo-ff-laser-jammer-laser-blocker\/#breadcrumb"},"inLanguage":"sv-SE","potentialAction":[{"@type":"ReadAction","target":["https:\/\/radarservice.eu\/sv\/produkt\/genevo-ff-laser-jammer-laser-blocker\/"]}]},{"@type":"ImageObject","inLanguage":"sv-SE","@id":"https:\/\/radarservice.eu\/sv\/produkt\/genevo-ff-laser-jammer-laser-blocker\/#primaryimage","url":"https:\/\/radarservice.eu\/wp-content\/uploads\/2020\/09\/GENEVO_FF_Nummerschildhalterung.png","contentUrl":"https:\/\/radarservice.eu\/wp-content\/uploads\/2020\/09\/GENEVO_FF_Nummerschildhalterung.png","width":725,"height":472,"caption":"GENEVO FF H\u00e5llare f\u00f6r registreringsskylt"},{"@type":"BreadcrumbList","@id":"https:\/\/radarservice.eu\/sv\/produkt\/genevo-ff-laser-jammer-laser-blocker\/#breadcrumb","itemListElement":[{"@type":"ListItem","position":1,"name":"Butik","item":"https:\/\/radarservice.eu\/sv\/butik\/"},{"@type":"ListItem","position":2,"name":"Genevo FF Laser jammer | Laser blocker"}]},{"@type":"WebSite","@id":"https:\/\/radarservice.eu\/sv\/#website","url":"https:\/\/radarservice.eu\/sv\/","name":"Radar Service","description":"Radar detector Laser jammer mobile fix","publisher":{"@id":"https:\/\/radarservice.eu\/sv\/#organization"},"potentialAction":[{"@type":"SearchAction","target":{"@type":"EntryPoint","urlTemplate":"https:\/\/radarservice.eu\/sv\/?s={search_term_string}"},"query-input":{"@type":"PropertyValueSpecification","valueRequired":true,"valueName":"search_term_string"}}],"inLanguage":"sv-SE"},{"@type":"Organization","@id":"https:\/\/radarservice.eu\/sv\/#organization","name":"RadarService","url":"https:\/\/radarservice.eu\/sv\/","logo":{"@type":"ImageObject","inLanguage":"sv-SE","@id":"https:\/\/radarservice.eu\/sv\/#\/schema\/logo\/image\/","url":"https:\/\/radarservice.eu\/wp-content\/uploads\/2021\/03\/Radar_detector_service.png","contentUrl":"https:\/\/radarservice.eu\/wp-content\/uploads\/2021\/03\/Radar_detector_service.png","width":174,"height":48,"caption":"RadarService"},"image":{"@id":"https:\/\/radarservice.eu\/sv\/#\/schema\/logo\/image\/"}}]}},"_links":{"self":[{"href":"https:\/\/radarservice.eu\/sv\/wp-json\/wp\/v2\/product\/16082","targetHints":{"allow":["GET"]}}],"collection":[{"href":"https:\/\/radarservice.eu\/sv\/wp-json\/wp\/v2\/product"}],"about":[{"href":"https:\/\/radarservice.eu\/sv\/wp-json\/wp\/v2\/types\/product"}],"replies":[{"embeddable":true,"href":"https:\/\/radarservice.eu\/sv\/wp-json\/wp\/v2\/comments?post=16082"}],"wp:featuredmedia":[{"embeddable":true,"href":"https:\/\/radarservice.eu\/sv\/wp-json\/wp\/v2\/media\/16083"}],"wp:attachment":[{"href":"https:\/\/radarservice.eu\/sv\/wp-json\/wp\/v2\/media?parent=16082"}],"wp:term":[{"taxonomy":"product_brand","embeddable":true,"href":"https:\/\/radarservice.eu\/sv\/wp-json\/wp\/v2\/product_brand?post=16082"},{"taxonomy":"product_cat","embeddable":true,"href":"https:\/\/radarservice.eu\/sv\/wp-json\/wp\/v2\/product_cat?post=16082"},{"taxonomy":"product_tag","embeddable":true,"href":"https:\/\/radarservice.eu\/sv\/wp-json\/wp\/v2\/product_tag?post=16082"}],"curies":[{"name":"wp","href":"https:\/\/api.w.org\/{rel}","templated":true}]}}