{"id":16081,"date":"2021-05-14T16:37:45","date_gmt":"2021-05-14T14:37:45","guid":{"rendered":"https:\/\/radarservice.eu\/produkt\/genevo-gps-hdm-radardetektor\/"},"modified":"2021-05-14T16:37:45","modified_gmt":"2021-05-14T14:37:45","slug":"genevo-gps-hdm-radardetektor","status":"publish","type":"product","link":"https:\/\/radarservice.eu\/sv\/produkt\/genevo-gps-hdm-radardetektor\/","title":{"rendered":"Genevo GPS+ HDM+ Radardetektor"},"content":{"rendered":"<p>Genevo GPS+ HDM+ Radardetektor<\/p>\n<p>Den tr\u00e5dl\u00f6sa Genevo HDM+ radardetektorn \u00e4r en liten och kraftfull fast radardetektor f\u00f6r dold installation framtill p\u00e5 fordonet.<br \/>.<br \/>\nDet st\u00e4nkskyddade h\u00f6ljet g\u00f6r att osynlig installation inte \u00e4r n\u00e5got problem. De akustiska och visuella varningarna g\u00f6rs av Genevo GPS + POI Warner med tyska r\u00f6stmeddelanden. Genevo GPS+ kan som alternativ f\u00e4stas med sugkoppar p\u00e5 vindrutan eller placeras bekv\u00e4mt i mittkonsolen.<br \/>\nVia GPS+ Warner f\u00e5r du ocks\u00e5 varningar om fasta hastighets- och r\u00f6dljus\u00f6vervakningssystem i hela Europa.<\/p>\n<p>.<\/p>\n<p>Den kraftfulla HDM+ radarantennen varnar dig ocks\u00e5 p\u00e5 ett tillf\u00f6rlitligt s\u00e4tt f\u00f6r de nya MultaRadar- (MRCD \/ MRCT \/ Moving) och Gatso-hastighetsf\u00e4llorna i Europa.<\/p>\n<p><strong>\u00d6versikt:<\/strong><br \/>\n+ liten och kraftfull fast radardetektor<br \/>\n+ laservarning<br \/>\n+ tr\u00e5dl\u00f6s montering<br \/>\n+ X-, K-, KA-Band, MultaRadar, Gatso<br \/>\n+ Varning f\u00f6r station\u00e4r radar<br \/>\n+ Varning f\u00f6r r\u00f6dljus\u00f6vervakning<br \/>\n+ Varning f\u00f6r sektionskontrollm\u00e4tningar (sektionskontroller)<br \/>\n+ larmsignaler p\u00e5 tyska<br \/>\n+ L\u00e4mplig f\u00f6r anv\u00e4ndning i Europa<br \/>\n+ EUROPA-databas f\u00f6r fasta fartkameror redan f\u00f6rinstallerad<\/p>\n<p><strong>Omfattning av leveransen:<\/strong><br \/>\n* Extern tr\u00e5dl\u00f6s radarantenn Genevo HDM+<br \/>\n* Genevo GPS+ POI Warner<br \/>\n* kabelsats<br \/>\n* Komplett monteringsmaterial f\u00f6r installation<br \/>\n* Bruksanvisning<\/p>\n<p><strong>Anm\u00e4rkning:<\/strong> Radardetektorn Genevo HDM+ har lasermottagning, men f\u00f6r s\u00e4kert laserskydd rekommenderar vi att du anv\u00e4nder en aktiv laserblockerare, t.ex. Antilaser ALP Priority och Lasertrack Flare.<\/p>\n","protected":false},"excerpt":{"rendered":"<p>Genevo GPS+ HDM+ Radardetektor Den tr\u00e5dl\u00f6sa Genevo HDM+ radardetektorn \u00e4r en liten och kraftfull fast radardetektor f\u00f6r dold installation framtill p\u00e5 fordonet.. Det st\u00e4nkskyddade h\u00f6ljet g\u00f6r att osynlig installation inte \u00e4r n\u00e5got problem. De akustiska och visuella varningarna g\u00f6rs av Genevo GPS + POI Warner med tyska r\u00f6stmeddelanden. Genevo GPS+ kan som alternativ f\u00e4stas med [&#8230;]\n","protected":false},"featured_media":15963,"comment_status":"open","ping_status":"closed","template":"","meta":[],"product_brand":[],"product_cat":[1755,1756],"product_tag":[1759,1863,1870,1871,1781,1758,1878],"class_list":{"0":"post-16081","1":"product","2":"type-product","3":"status-publish","4":"has-post-thumbnail","6":"product_cat-fast-monterade-radardetektorer","7":"product_cat-genevo-sv","8":"product_tag-europa-sv","9":"product_tag-genevo-gps-sv","10":"product_tag-genevo-hdm-sv","11":"product_tag-hdm-radarantenn","12":"product_tag-laserdetektor","13":"product_tag-radardetektor","14":"product_tag-tradloes-fast-installation","16":"first","17":"instock","18":"sale","19":"taxable","20":"shipping-taxable","21":"purchasable","22":"product-type-simple"},"yoast_head":"<!-- This site is optimized with the Yoast SEO plugin v27.2 - https:\/\/yoast.com\/product\/yoast-seo-wordpress\/ -->\n<title>Genevo GPS+ HDM+ Radardetektor | Radar Service<\/title>\n<meta name=\"description\" content=\"Genevo HDM+ tr\u00e5dl\u00f6s radardetektor \u00e4r en liten fast radardetektor f\u00f6r dold montering framtill p\u00e5 fordonet.\" \/>\n<meta name=\"robots\" content=\"index, follow, max-snippet:-1, max-image-preview:large, max-video-preview:-1\" \/>\n<link rel=\"canonical\" href=\"https:\/\/radarservice.eu\/sv\/produkt\/genevo-gps-hdm-radardetektor\/\" \/>\n<meta property=\"og:locale\" content=\"sv_SE\" \/>\n<meta property=\"og:type\" content=\"article\" \/>\n<meta property=\"og:title\" content=\"Genevo GPS+ HDM+ Radardetektor | Radar Service\" \/>\n<meta property=\"og:description\" content=\"Genevo HDM+ tr\u00e5dl\u00f6s radardetektor \u00e4r en liten fast radardetektor f\u00f6r dold montering framtill p\u00e5 fordonet.\" \/>\n<meta property=\"og:url\" content=\"https:\/\/radarservice.eu\/sv\/produkt\/genevo-gps-hdm-radardetektor\/\" \/>\n<meta property=\"og:site_name\" content=\"Radar Service\" \/>\n<meta property=\"og:image\" content=\"https:\/\/radarservice.eu\/wp-content\/uploads\/2020\/09\/genevo_gpshdm_radarwarner.jpg\" \/>\n\t<meta property=\"og:image:width\" content=\"990\" \/>\n\t<meta property=\"og:image:height\" content=\"720\" \/>\n\t<meta property=\"og:image:type\" content=\"image\/jpeg\" \/>\n<meta name=\"twitter:card\" content=\"summary_large_image\" \/>\n<meta name=\"twitter:label1\" content=\"Ber\u00e4knad l\u00e4stid\" \/>\n\t<meta name=\"twitter:data1\" content=\"1 minut\" \/>\n<script type=\"application\/ld+json\" class=\"yoast-schema-graph\">{\"@context\":\"https:\/\/schema.org\",\"@graph\":[{\"@type\":\"WebPage\",\"@id\":\"https:\/\/radarservice.eu\/sv\/produkt\/genevo-gps-hdm-radardetektor\/\",\"url\":\"https:\/\/radarservice.eu\/sv\/produkt\/genevo-gps-hdm-radardetektor\/\",\"name\":\"Genevo GPS+ HDM+ Radardetektor | Radar Service\",\"isPartOf\":{\"@id\":\"https:\/\/radarservice.eu\/sv\/#website\"},\"primaryImageOfPage\":{\"@id\":\"https:\/\/radarservice.eu\/sv\/produkt\/genevo-gps-hdm-radardetektor\/#primaryimage\"},\"image\":{\"@id\":\"https:\/\/radarservice.eu\/sv\/produkt\/genevo-gps-hdm-radardetektor\/#primaryimage\"},\"thumbnailUrl\":\"https:\/\/radarservice.eu\/wp-content\/uploads\/2020\/09\/genevo_gpshdm_radarwarner.jpg\",\"datePublished\":\"2021-05-14T14:37:45+00:00\",\"description\":\"Genevo HDM+ tr\u00e5dl\u00f6s radardetektor \u00e4r en liten fast radardetektor f\u00f6r dold montering framtill p\u00e5 fordonet.\",\"breadcrumb\":{\"@id\":\"https:\/\/radarservice.eu\/sv\/produkt\/genevo-gps-hdm-radardetektor\/#breadcrumb\"},\"inLanguage\":\"sv-SE\",\"potentialAction\":[{\"@type\":\"ReadAction\",\"target\":[\"https:\/\/radarservice.eu\/sv\/produkt\/genevo-gps-hdm-radardetektor\/\"]}]},{\"@type\":\"ImageObject\",\"inLanguage\":\"sv-SE\",\"@id\":\"https:\/\/radarservice.eu\/sv\/produkt\/genevo-gps-hdm-radardetektor\/#primaryimage\",\"url\":\"https:\/\/radarservice.eu\/wp-content\/uploads\/2020\/09\/genevo_gpshdm_radarwarner.jpg\",\"contentUrl\":\"https:\/\/radarservice.eu\/wp-content\/uploads\/2020\/09\/genevo_gpshdm_radarwarner.jpg\",\"width\":990,\"height\":720,\"caption\":\"Genevo HDM+ GPS-radiodetektor\"},{\"@type\":\"BreadcrumbList\",\"@id\":\"https:\/\/radarservice.eu\/sv\/produkt\/genevo-gps-hdm-radardetektor\/#breadcrumb\",\"itemListElement\":[{\"@type\":\"ListItem\",\"position\":1,\"name\":\"Butik\",\"item\":\"https:\/\/radarservice.eu\/sv\/butik\/\"},{\"@type\":\"ListItem\",\"position\":2,\"name\":\"Genevo GPS+ HDM+ Radardetektor\"}]},{\"@type\":\"WebSite\",\"@id\":\"https:\/\/radarservice.eu\/sv\/#website\",\"url\":\"https:\/\/radarservice.eu\/sv\/\",\"name\":\"Radar Service\",\"description\":\"Radar detector Laser jammer mobile fix\",\"publisher\":{\"@id\":\"https:\/\/radarservice.eu\/sv\/#organization\"},\"potentialAction\":[{\"@type\":\"SearchAction\",\"target\":{\"@type\":\"EntryPoint\",\"urlTemplate\":\"https:\/\/radarservice.eu\/sv\/?s={search_term_string}\"},\"query-input\":{\"@type\":\"PropertyValueSpecification\",\"valueRequired\":true,\"valueName\":\"search_term_string\"}}],\"inLanguage\":\"sv-SE\"},{\"@type\":\"Organization\",\"@id\":\"https:\/\/radarservice.eu\/sv\/#organization\",\"name\":\"RadarService\",\"url\":\"https:\/\/radarservice.eu\/sv\/\",\"logo\":{\"@type\":\"ImageObject\",\"inLanguage\":\"sv-SE\",\"@id\":\"https:\/\/radarservice.eu\/sv\/#\/schema\/logo\/image\/\",\"url\":\"https:\/\/radarservice.eu\/wp-content\/uploads\/2021\/03\/Radar_detector_service.png\",\"contentUrl\":\"https:\/\/radarservice.eu\/wp-content\/uploads\/2021\/03\/Radar_detector_service.png\",\"width\":174,\"height\":48,\"caption\":\"RadarService\"},\"image\":{\"@id\":\"https:\/\/radarservice.eu\/sv\/#\/schema\/logo\/image\/\"}}]}<\/script>\n<!-- \/ Yoast SEO plugin. -->","yoast_head_json":{"title":"Genevo GPS+ HDM+ Radardetektor | Radar Service","description":"Genevo HDM+ tr\u00e5dl\u00f6s radardetektor \u00e4r en liten fast radardetektor f\u00f6r dold montering framtill p\u00e5 fordonet.","robots":{"index":"index","follow":"follow","max-snippet":"max-snippet:-1","max-image-preview":"max-image-preview:large","max-video-preview":"max-video-preview:-1"},"canonical":"https:\/\/radarservice.eu\/sv\/produkt\/genevo-gps-hdm-radardetektor\/","og_locale":"sv_SE","og_type":"article","og_title":"Genevo GPS+ HDM+ Radardetektor | Radar Service","og_description":"Genevo HDM+ tr\u00e5dl\u00f6s radardetektor \u00e4r en liten fast radardetektor f\u00f6r dold montering framtill p\u00e5 fordonet.","og_url":"https:\/\/radarservice.eu\/sv\/produkt\/genevo-gps-hdm-radardetektor\/","og_site_name":"Radar Service","og_image":[{"width":990,"height":720,"url":"https:\/\/radarservice.eu\/wp-content\/uploads\/2020\/09\/genevo_gpshdm_radarwarner.jpg","type":"image\/jpeg"}],"twitter_card":"summary_large_image","twitter_misc":{"Ber\u00e4knad l\u00e4stid":"1 minut"},"schema":{"@context":"https:\/\/schema.org","@graph":[{"@type":"WebPage","@id":"https:\/\/radarservice.eu\/sv\/produkt\/genevo-gps-hdm-radardetektor\/","url":"https:\/\/radarservice.eu\/sv\/produkt\/genevo-gps-hdm-radardetektor\/","name":"Genevo GPS+ HDM+ Radardetektor | Radar Service","isPartOf":{"@id":"https:\/\/radarservice.eu\/sv\/#website"},"primaryImageOfPage":{"@id":"https:\/\/radarservice.eu\/sv\/produkt\/genevo-gps-hdm-radardetektor\/#primaryimage"},"image":{"@id":"https:\/\/radarservice.eu\/sv\/produkt\/genevo-gps-hdm-radardetektor\/#primaryimage"},"thumbnailUrl":"https:\/\/radarservice.eu\/wp-content\/uploads\/2020\/09\/genevo_gpshdm_radarwarner.jpg","datePublished":"2021-05-14T14:37:45+00:00","description":"Genevo HDM+ tr\u00e5dl\u00f6s radardetektor \u00e4r en liten fast radardetektor f\u00f6r dold montering framtill p\u00e5 fordonet.","breadcrumb":{"@id":"https:\/\/radarservice.eu\/sv\/produkt\/genevo-gps-hdm-radardetektor\/#breadcrumb"},"inLanguage":"sv-SE","potentialAction":[{"@type":"ReadAction","target":["https:\/\/radarservice.eu\/sv\/produkt\/genevo-gps-hdm-radardetektor\/"]}]},{"@type":"ImageObject","inLanguage":"sv-SE","@id":"https:\/\/radarservice.eu\/sv\/produkt\/genevo-gps-hdm-radardetektor\/#primaryimage","url":"https:\/\/radarservice.eu\/wp-content\/uploads\/2020\/09\/genevo_gpshdm_radarwarner.jpg","contentUrl":"https:\/\/radarservice.eu\/wp-content\/uploads\/2020\/09\/genevo_gpshdm_radarwarner.jpg","width":990,"height":720,"caption":"Genevo HDM+ GPS-radiodetektor"},{"@type":"BreadcrumbList","@id":"https:\/\/radarservice.eu\/sv\/produkt\/genevo-gps-hdm-radardetektor\/#breadcrumb","itemListElement":[{"@type":"ListItem","position":1,"name":"Butik","item":"https:\/\/radarservice.eu\/sv\/butik\/"},{"@type":"ListItem","position":2,"name":"Genevo GPS+ HDM+ Radardetektor"}]},{"@type":"WebSite","@id":"https:\/\/radarservice.eu\/sv\/#website","url":"https:\/\/radarservice.eu\/sv\/","name":"Radar Service","description":"Radar detector Laser jammer mobile fix","publisher":{"@id":"https:\/\/radarservice.eu\/sv\/#organization"},"potentialAction":[{"@type":"SearchAction","target":{"@type":"EntryPoint","urlTemplate":"https:\/\/radarservice.eu\/sv\/?s={search_term_string}"},"query-input":{"@type":"PropertyValueSpecification","valueRequired":true,"valueName":"search_term_string"}}],"inLanguage":"sv-SE"},{"@type":"Organization","@id":"https:\/\/radarservice.eu\/sv\/#organization","name":"RadarService","url":"https:\/\/radarservice.eu\/sv\/","logo":{"@type":"ImageObject","inLanguage":"sv-SE","@id":"https:\/\/radarservice.eu\/sv\/#\/schema\/logo\/image\/","url":"https:\/\/radarservice.eu\/wp-content\/uploads\/2021\/03\/Radar_detector_service.png","contentUrl":"https:\/\/radarservice.eu\/wp-content\/uploads\/2021\/03\/Radar_detector_service.png","width":174,"height":48,"caption":"RadarService"},"image":{"@id":"https:\/\/radarservice.eu\/sv\/#\/schema\/logo\/image\/"}}]}},"_links":{"self":[{"href":"https:\/\/radarservice.eu\/sv\/wp-json\/wp\/v2\/product\/16081","targetHints":{"allow":["GET"]}}],"collection":[{"href":"https:\/\/radarservice.eu\/sv\/wp-json\/wp\/v2\/product"}],"about":[{"href":"https:\/\/radarservice.eu\/sv\/wp-json\/wp\/v2\/types\/product"}],"replies":[{"embeddable":true,"href":"https:\/\/radarservice.eu\/sv\/wp-json\/wp\/v2\/comments?post=16081"}],"wp:featuredmedia":[{"embeddable":true,"href":"https:\/\/radarservice.eu\/sv\/wp-json\/wp\/v2\/media\/15963"}],"wp:attachment":[{"href":"https:\/\/radarservice.eu\/sv\/wp-json\/wp\/v2\/media?parent=16081"}],"wp:term":[{"taxonomy":"product_brand","embeddable":true,"href":"https:\/\/radarservice.eu\/sv\/wp-json\/wp\/v2\/product_brand?post=16081"},{"taxonomy":"product_cat","embeddable":true,"href":"https:\/\/radarservice.eu\/sv\/wp-json\/wp\/v2\/product_cat?post=16081"},{"taxonomy":"product_tag","embeddable":true,"href":"https:\/\/radarservice.eu\/sv\/wp-json\/wp\/v2\/product_tag?post=16081"}],"curies":[{"name":"wp","href":"https:\/\/api.w.org\/{rel}","templated":true}]}}