{"id":16078,"date":"2021-05-14T16:36:25","date_gmt":"2021-05-14T14:36:25","guid":{"rendered":"https:\/\/radarservice.eu\/produkt\/genevo-one-s-svart-radardetektor\/"},"modified":"2023-04-02T20:26:06","modified_gmt":"2023-04-02T18:26:06","slug":"genevo-one-s-svart-radardetektor","status":"publish","type":"product","link":"https:\/\/radarservice.eu\/sv\/produkt\/genevo-one-s-svart-radardetektor\/","title":{"rendered":"Genevo One S &#8211; Svart radardetektor"},"content":{"rendered":"<p>Med den nyutvecklade UHD-radarantennen har Genevo G1 S Black Edition utvecklats speciellt f\u00f6r den europeiska marknaden.<\/p>\n<p>Om det beh\u00f6vs kan ett lagligt l\u00e4ge (endast hastighetsvisning) aktiveras p\u00e5 Genevo Black Edition genom att trycka p\u00e5 en knapp, vilket inaktiverar den otill\u00e5tna radar- och laservarningsfunktionen. Radarvarningsfunktionen kan \u00e5teraktiveras vid en senare tidpunkt p\u00e5 den b\u00e4rbara datorn eller hemdatorn.<\/p>\n<p>.<\/p>\n<p>Den svarta radardetektorn Genevo One S Black \u00e4r perfekt f\u00f6r mobil radardetektoranv\u00e4ndning. Den erbjuder de b\u00e4sta resultaten f\u00f6r f\u00f6rvarning f\u00f6r mobila hastighetsm\u00e4tningar samt en Europat\u00e4ckande varning f\u00f6r fasta fartkameror.<br \/>.<br \/>\nLivsl\u00e5nga uppdateringar av EU-databasen f\u00f6r fasta Radafallen \u00e4r sj\u00e4lvklart inkluderande.<\/p>\n<p>.<\/p>\n<p>Radar traps rapporterar Genevo S Black b\u00e5de i den nya matrisdisplayen och med hj\u00e4lp av r\u00f6stmeddelande. F\u00f6raren f\u00e5r detaljerad information om de uppt\u00e4ckta <br \/>\nHastighetsf\u00e4lla, POI-varning eller laserm\u00e4tning. Vid radardetektering visas signalens styrka ocks\u00e5 med hj\u00e4lp av ett pip f\u00f6r att indikera avst\u00e5ndet till radarf\u00e4llan.<\/p>\n<p>.<\/p>\n<p>Anv\u00e4ndaren kan ocks\u00e5 spara eller ta bort sina egna GPS-platser (POI) s\u00e5 att en ljudvarning ges vid dessa platser om s\u00e5 \u00f6nskas.<\/p>\n<p>Genevo G1 S Black Edition kan programmeras efter behov med hj\u00e4lp av en tysk meny, vilket g\u00f6r den anpassningsbar till kundens s\u00e4rskilda behov och preferenser.<\/p>\n<p><strong>\u00d6versikt:<\/strong><br \/>\n+ den mest kompakta mobila radardetektorn med radarantenn f\u00f6r mobila fartkameror samt GPS-teknik<br \/>.<br \/>\n+ 360\u00b0-graders detektering av alla radark\u00e4llor i Europa (X \/ K \/ Ka-bandet)<br \/>\n+ Varning f\u00f6r radarm\u00e4tning<br \/>\n+ Varning f\u00f6r laserm\u00e4tningar<br \/>\n+ Varning f\u00f6r station\u00e4r radar<br \/>\n+ Varning f\u00f6r r\u00f6dljus\u00f6vervakning<br \/>\n+ Varning f\u00f6r sektionskontrollm\u00e4tningar<br \/> + Varning f\u00f6r sektionskontrollm\u00e4tningar<br \/>\n+ Konfigurationsm\u00f6jligheter med hj\u00e4lp av tysk meny<br \/>\n+ kan uppdateras via USB-anslutning<br \/> + EUROPA-databas f\u00f6r fasta fartkameror<br \/>\n+ EUROPA-databasen f\u00f6r fasta fartkameror \u00e4r redan f\u00f6rinstallerad<br \/>\n+ Livsl\u00e5nga uppdateringar av EU-databasen ing\u00e5r<br \/>\n+ Larm och inst\u00e4llningar helt p\u00e5 tyska<br \/>\n+ l\u00e4mplig f\u00f6r anv\u00e4ndning i Europa<br \/>\n+ egna faropunkter som kan lagras<\/p>\n<p><strong>Omfattning av leveransen:<\/strong><br \/>\n* Genevo One S Black Edition radardetektor med integrerad GPS-mottagare<br \/>.<br \/>\n* F\u00f6rinstallerad EU-databas f\u00f6r hela Europa<br \/>\n* Tillbeh\u00f6r f\u00f6r montering p\u00e5 vindrutan (sugkoppar)<br \/>\n* 12V str\u00f6mf\u00f6rs\u00f6rjning med cigarett\u00e4ndaranslutning<br \/>\n* Bruksanvisning<br \/>\n* 24 m\u00e5naders garanti<\/p>\n<p><strong>Notera:<\/strong> Genevo One S Black Edition har lasermottagning, men f\u00f6r s\u00e4kert laserskydd rekommenderar vi att du anv\u00e4nder en aktiv laserblockerare, t.ex. Antilaser ALP Priority eller Lasertrack Flare.<\/p>\n","protected":false},"excerpt":{"rendered":"<p>Med den nyutvecklade UHD-radarantennen har Genevo G1 S Black Edition utvecklats speciellt f\u00f6r den europeiska marknaden. Om det beh\u00f6vs kan ett lagligt l\u00e4ge (endast hastighetsvisning) aktiveras p\u00e5 Genevo Black Edition genom att trycka p\u00e5 en knapp, vilket inaktiverar den otill\u00e5tna radar- och laservarningsfunktionen. Radarvarningsfunktionen kan \u00e5teraktiveras vid en senare tidpunkt p\u00e5 den b\u00e4rbara datorn eller [&#8230;]\n","protected":false},"featured_media":16080,"comment_status":"open","ping_status":"closed","template":"","meta":[],"product_brand":[],"product_cat":[1756,1775],"product_tag":[1759,1875,1874,1876,1853,1877],"class_list":{"0":"post-16078","1":"product","2":"type-product","3":"status-publish","4":"has-post-thumbnail","6":"product_cat-genevo-sv","7":"product_cat-mobila-radardetektorer","8":"product_tag-europa-sv","9":"product_tag-genevo-g1-s-svart-utgava","10":"product_tag-genevo-one-s-black-edition-sv","11":"product_tag-hogklassig-radardetektor","12":"product_tag-mobil-radardetektor","13":"product_tag-testvinnare","15":"first","16":"instock","17":"taxable","18":"shipping-taxable","19":"purchasable","20":"product-type-simple"},"yoast_head":"<!-- This site is optimized with the Yoast SEO plugin v27.2 - https:\/\/yoast.com\/product\/yoast-seo-wordpress\/ -->\n<title>Genevo One S - Svart radardetektor | Radar Service<\/title>\n<meta name=\"description\" content=\"Med den nyutvecklade UHD-radarantennen har Genevo G1 S Black Edition utvecklats speciellt f\u00f6r den europeiska marknaden.\" \/>\n<meta name=\"robots\" content=\"index, follow, max-snippet:-1, max-image-preview:large, max-video-preview:-1\" \/>\n<link rel=\"canonical\" href=\"https:\/\/radarservice.eu\/sv\/produkt\/genevo-one-s-svart-radardetektor\/\" \/>\n<meta property=\"og:locale\" content=\"sv_SE\" \/>\n<meta property=\"og:type\" content=\"article\" \/>\n<meta property=\"og:title\" content=\"Genevo One S - Svart radardetektor | Radar Service\" \/>\n<meta property=\"og:description\" content=\"Med den nyutvecklade UHD-radarantennen har Genevo G1 S Black Edition utvecklats speciellt f\u00f6r den europeiska marknaden.\" \/>\n<meta property=\"og:url\" content=\"https:\/\/radarservice.eu\/sv\/produkt\/genevo-one-s-svart-radardetektor\/\" \/>\n<meta property=\"og:site_name\" content=\"Radar Service\" \/>\n<meta property=\"article:modified_time\" content=\"2023-04-02T18:26:06+00:00\" \/>\n<meta property=\"og:image\" content=\"https:\/\/radarservice.eu\/wp-content\/uploads\/2020\/09\/genevo-black-edition-radarwarner.jpg\" \/>\n\t<meta property=\"og:image:width\" content=\"800\" \/>\n\t<meta property=\"og:image:height\" content=\"636\" \/>\n\t<meta property=\"og:image:type\" content=\"image\/jpeg\" \/>\n<meta name=\"twitter:card\" content=\"summary_large_image\" \/>\n<meta name=\"twitter:label1\" content=\"Ber\u00e4knad l\u00e4stid\" \/>\n\t<meta name=\"twitter:data1\" content=\"2 minuter\" \/>\n<script type=\"application\/ld+json\" class=\"yoast-schema-graph\">{\"@context\":\"https:\/\/schema.org\",\"@graph\":[{\"@type\":\"WebPage\",\"@id\":\"https:\/\/radarservice.eu\/sv\/produkt\/genevo-one-s-svart-radardetektor\/\",\"url\":\"https:\/\/radarservice.eu\/sv\/produkt\/genevo-one-s-svart-radardetektor\/\",\"name\":\"Genevo One S - Svart radardetektor | Radar Service\",\"isPartOf\":{\"@id\":\"https:\/\/radarservice.eu\/sv\/#website\"},\"primaryImageOfPage\":{\"@id\":\"https:\/\/radarservice.eu\/sv\/produkt\/genevo-one-s-svart-radardetektor\/#primaryimage\"},\"image\":{\"@id\":\"https:\/\/radarservice.eu\/sv\/produkt\/genevo-one-s-svart-radardetektor\/#primaryimage\"},\"thumbnailUrl\":\"https:\/\/radarservice.eu\/wp-content\/uploads\/2020\/09\/genevo-black-edition-radarwarner.jpg\",\"datePublished\":\"2021-05-14T14:36:25+00:00\",\"dateModified\":\"2023-04-02T18:26:06+00:00\",\"description\":\"Med den nyutvecklade UHD-radarantennen har Genevo G1 S Black Edition utvecklats speciellt f\u00f6r den europeiska marknaden.\",\"breadcrumb\":{\"@id\":\"https:\/\/radarservice.eu\/sv\/produkt\/genevo-one-s-svart-radardetektor\/#breadcrumb\"},\"inLanguage\":\"sv-SE\",\"potentialAction\":[{\"@type\":\"ReadAction\",\"target\":[\"https:\/\/radarservice.eu\/sv\/produkt\/genevo-one-s-svart-radardetektor\/\"]}]},{\"@type\":\"ImageObject\",\"inLanguage\":\"sv-SE\",\"@id\":\"https:\/\/radarservice.eu\/sv\/produkt\/genevo-one-s-svart-radardetektor\/#primaryimage\",\"url\":\"https:\/\/radarservice.eu\/wp-content\/uploads\/2020\/09\/genevo-black-edition-radarwarner.jpg\",\"contentUrl\":\"https:\/\/radarservice.eu\/wp-content\/uploads\/2020\/09\/genevo-black-edition-radarwarner.jpg\",\"width\":800,\"height\":636,\"caption\":\"Genevo One S Black Radardetektor\"},{\"@type\":\"BreadcrumbList\",\"@id\":\"https:\/\/radarservice.eu\/sv\/produkt\/genevo-one-s-svart-radardetektor\/#breadcrumb\",\"itemListElement\":[{\"@type\":\"ListItem\",\"position\":1,\"name\":\"Butik\",\"item\":\"https:\/\/radarservice.eu\/sv\/butik\/\"},{\"@type\":\"ListItem\",\"position\":2,\"name\":\"Genevo One S &#8211; Svart radardetektor\"}]},{\"@type\":\"WebSite\",\"@id\":\"https:\/\/radarservice.eu\/sv\/#website\",\"url\":\"https:\/\/radarservice.eu\/sv\/\",\"name\":\"Radar Service\",\"description\":\"Radar detector Laser jammer mobile fix\",\"publisher\":{\"@id\":\"https:\/\/radarservice.eu\/sv\/#organization\"},\"potentialAction\":[{\"@type\":\"SearchAction\",\"target\":{\"@type\":\"EntryPoint\",\"urlTemplate\":\"https:\/\/radarservice.eu\/sv\/?s={search_term_string}\"},\"query-input\":{\"@type\":\"PropertyValueSpecification\",\"valueRequired\":true,\"valueName\":\"search_term_string\"}}],\"inLanguage\":\"sv-SE\"},{\"@type\":\"Organization\",\"@id\":\"https:\/\/radarservice.eu\/sv\/#organization\",\"name\":\"RadarService\",\"url\":\"https:\/\/radarservice.eu\/sv\/\",\"logo\":{\"@type\":\"ImageObject\",\"inLanguage\":\"sv-SE\",\"@id\":\"https:\/\/radarservice.eu\/sv\/#\/schema\/logo\/image\/\",\"url\":\"https:\/\/radarservice.eu\/wp-content\/uploads\/2021\/03\/Radar_detector_service.png\",\"contentUrl\":\"https:\/\/radarservice.eu\/wp-content\/uploads\/2021\/03\/Radar_detector_service.png\",\"width\":174,\"height\":48,\"caption\":\"RadarService\"},\"image\":{\"@id\":\"https:\/\/radarservice.eu\/sv\/#\/schema\/logo\/image\/\"}}]}<\/script>\n<!-- \/ Yoast SEO plugin. -->","yoast_head_json":{"title":"Genevo One S - Svart radardetektor | Radar Service","description":"Med den nyutvecklade UHD-radarantennen har Genevo G1 S Black Edition utvecklats speciellt f\u00f6r den europeiska marknaden.","robots":{"index":"index","follow":"follow","max-snippet":"max-snippet:-1","max-image-preview":"max-image-preview:large","max-video-preview":"max-video-preview:-1"},"canonical":"https:\/\/radarservice.eu\/sv\/produkt\/genevo-one-s-svart-radardetektor\/","og_locale":"sv_SE","og_type":"article","og_title":"Genevo One S - Svart radardetektor | Radar Service","og_description":"Med den nyutvecklade UHD-radarantennen har Genevo G1 S Black Edition utvecklats speciellt f\u00f6r den europeiska marknaden.","og_url":"https:\/\/radarservice.eu\/sv\/produkt\/genevo-one-s-svart-radardetektor\/","og_site_name":"Radar Service","article_modified_time":"2023-04-02T18:26:06+00:00","og_image":[{"width":800,"height":636,"url":"https:\/\/radarservice.eu\/wp-content\/uploads\/2020\/09\/genevo-black-edition-radarwarner.jpg","type":"image\/jpeg"}],"twitter_card":"summary_large_image","twitter_misc":{"Ber\u00e4knad l\u00e4stid":"2 minuter"},"schema":{"@context":"https:\/\/schema.org","@graph":[{"@type":"WebPage","@id":"https:\/\/radarservice.eu\/sv\/produkt\/genevo-one-s-svart-radardetektor\/","url":"https:\/\/radarservice.eu\/sv\/produkt\/genevo-one-s-svart-radardetektor\/","name":"Genevo One S - Svart radardetektor | Radar Service","isPartOf":{"@id":"https:\/\/radarservice.eu\/sv\/#website"},"primaryImageOfPage":{"@id":"https:\/\/radarservice.eu\/sv\/produkt\/genevo-one-s-svart-radardetektor\/#primaryimage"},"image":{"@id":"https:\/\/radarservice.eu\/sv\/produkt\/genevo-one-s-svart-radardetektor\/#primaryimage"},"thumbnailUrl":"https:\/\/radarservice.eu\/wp-content\/uploads\/2020\/09\/genevo-black-edition-radarwarner.jpg","datePublished":"2021-05-14T14:36:25+00:00","dateModified":"2023-04-02T18:26:06+00:00","description":"Med den nyutvecklade UHD-radarantennen har Genevo G1 S Black Edition utvecklats speciellt f\u00f6r den europeiska marknaden.","breadcrumb":{"@id":"https:\/\/radarservice.eu\/sv\/produkt\/genevo-one-s-svart-radardetektor\/#breadcrumb"},"inLanguage":"sv-SE","potentialAction":[{"@type":"ReadAction","target":["https:\/\/radarservice.eu\/sv\/produkt\/genevo-one-s-svart-radardetektor\/"]}]},{"@type":"ImageObject","inLanguage":"sv-SE","@id":"https:\/\/radarservice.eu\/sv\/produkt\/genevo-one-s-svart-radardetektor\/#primaryimage","url":"https:\/\/radarservice.eu\/wp-content\/uploads\/2020\/09\/genevo-black-edition-radarwarner.jpg","contentUrl":"https:\/\/radarservice.eu\/wp-content\/uploads\/2020\/09\/genevo-black-edition-radarwarner.jpg","width":800,"height":636,"caption":"Genevo One S Black Radardetektor"},{"@type":"BreadcrumbList","@id":"https:\/\/radarservice.eu\/sv\/produkt\/genevo-one-s-svart-radardetektor\/#breadcrumb","itemListElement":[{"@type":"ListItem","position":1,"name":"Butik","item":"https:\/\/radarservice.eu\/sv\/butik\/"},{"@type":"ListItem","position":2,"name":"Genevo One S &#8211; Svart radardetektor"}]},{"@type":"WebSite","@id":"https:\/\/radarservice.eu\/sv\/#website","url":"https:\/\/radarservice.eu\/sv\/","name":"Radar Service","description":"Radar detector Laser jammer mobile fix","publisher":{"@id":"https:\/\/radarservice.eu\/sv\/#organization"},"potentialAction":[{"@type":"SearchAction","target":{"@type":"EntryPoint","urlTemplate":"https:\/\/radarservice.eu\/sv\/?s={search_term_string}"},"query-input":{"@type":"PropertyValueSpecification","valueRequired":true,"valueName":"search_term_string"}}],"inLanguage":"sv-SE"},{"@type":"Organization","@id":"https:\/\/radarservice.eu\/sv\/#organization","name":"RadarService","url":"https:\/\/radarservice.eu\/sv\/","logo":{"@type":"ImageObject","inLanguage":"sv-SE","@id":"https:\/\/radarservice.eu\/sv\/#\/schema\/logo\/image\/","url":"https:\/\/radarservice.eu\/wp-content\/uploads\/2021\/03\/Radar_detector_service.png","contentUrl":"https:\/\/radarservice.eu\/wp-content\/uploads\/2021\/03\/Radar_detector_service.png","width":174,"height":48,"caption":"RadarService"},"image":{"@id":"https:\/\/radarservice.eu\/sv\/#\/schema\/logo\/image\/"}}]}},"_links":{"self":[{"href":"https:\/\/radarservice.eu\/sv\/wp-json\/wp\/v2\/product\/16078","targetHints":{"allow":["GET"]}}],"collection":[{"href":"https:\/\/radarservice.eu\/sv\/wp-json\/wp\/v2\/product"}],"about":[{"href":"https:\/\/radarservice.eu\/sv\/wp-json\/wp\/v2\/types\/product"}],"replies":[{"embeddable":true,"href":"https:\/\/radarservice.eu\/sv\/wp-json\/wp\/v2\/comments?post=16078"}],"wp:featuredmedia":[{"embeddable":true,"href":"https:\/\/radarservice.eu\/sv\/wp-json\/wp\/v2\/media\/16080"}],"wp:attachment":[{"href":"https:\/\/radarservice.eu\/sv\/wp-json\/wp\/v2\/media?parent=16078"}],"wp:term":[{"taxonomy":"product_brand","embeddable":true,"href":"https:\/\/radarservice.eu\/sv\/wp-json\/wp\/v2\/product_brand?post=16078"},{"taxonomy":"product_cat","embeddable":true,"href":"https:\/\/radarservice.eu\/sv\/wp-json\/wp\/v2\/product_cat?post=16078"},{"taxonomy":"product_tag","embeddable":true,"href":"https:\/\/radarservice.eu\/sv\/wp-json\/wp\/v2\/product_tag?post=16078"}],"curies":[{"name":"wp","href":"https:\/\/api.w.org\/{rel}","templated":true}]}}