{"id":16077,"date":"2021-05-14T16:31:15","date_gmt":"2021-05-14T14:31:15","guid":{"rendered":"https:\/\/radarservice.eu\/produkt\/genevo-hd-gps-ff2-radardetektor-och-laserblocker\/"},"modified":"2021-05-14T16:31:15","modified_gmt":"2021-05-14T14:31:15","slug":"genevo-hd-gps-ff2-radardetektor-och-laserblocker","status":"publish","type":"product","link":"https:\/\/radarservice.eu\/sv\/produkt\/genevo-hd-gps-ff2-radardetektor-och-laserblocker\/","title":{"rendered":"Genevo HD+ &#038; GPS+ &#038; FF2 radardetektor och laserblocker"},"content":{"rendered":"<p>Billigt instegspaket med Genevo fast radarvarnare och laserblockerare. <\/p>\n<p> <strong>Tr\u00e5dl\u00f6s fast radardetektor:<\/strong><br \/>Den tr\u00e5dl\u00f6sa Genevo HD+ radardetektorn \u00e4r en liten och kraftfull fast radardetektor f\u00f6r dold installation i fordonets front. <br \/>Det st\u00e4nkskyddade h\u00f6ljet g\u00f6r osynlig installation till ett problem. De akustiska och visuella varningarna g\u00f6rs av Genevo GPS+ POI Warner med tyska r\u00f6stmeddelanden. Genevo GPS+ kan som alternativ f\u00e4stas p\u00e5 vindrutan med sugkoppar eller placeras bekv\u00e4mt i mittkonsolen.<br \/>Om GPS+ Warner f\u00e5r du ocks\u00e5 varningar om permanent installerade hastighets- och r\u00f6dljus\u00f6vervakningssystem i hela Europa. <\/p>\n<p><strong>\u00d6versikt: <\/strong><br \/>+ liten och kraftfull radardetektor f\u00f6r fast installation<br \/>+ laservarning<br \/>+ tr\u00e5dl\u00f6s montering<br \/>+ X-, K-, KA- och Ku-band<br \/>+ varning f\u00f6r station\u00e4r radar<br \/>+ varning f\u00f6r r\u00f6dljus\u00f6vervakning<br \/>+ varning f\u00f6r sektionskontrollm\u00e4tningar (sektionskontroller)<br \/>+ larmsignaler p\u00e5 tyska<br \/>+ l\u00e4mplig f\u00f6r anv\u00e4ndning i Europa<br \/>+ EUROPA-databas f\u00f6r fasta fartkameror redan f\u00f6rinstallerad<\/p>\n<p><strong>Laserblockerare: <\/strong><br \/>Den nya Genevo FF2 kan anv\u00e4ndas b\u00e5de som en laglig parkeringssensor och\/eller som en laserblockerare mot hastighetsm\u00e4tningar med laserpistoler. <br \/>Den mycket lilla designen av sensorerna och den specialutvecklade Genevo-nummerskylth\u00e5llaren f\u00f6r den standardm\u00e4ssiga osynliga installationen g\u00f6r det f\u00f6r f\u00f6rsta g\u00e5ngen m\u00f6jligt att installera parkerings- och laserst\u00f6rsensorer p\u00e5 ett helt osynligt och samtidigt enkelt s\u00e4tt.<br \/>Laserblockeringsfunktionen \u00e4r ocks\u00e5 m\u00f6jlig med en knapptryckning och enligt StVO o\u00e5terkalleligen omkopplingsbar. Detta inneb\u00e4r att en laglig verksamhet kan inledas n\u00e4r som helst. <\/p>\n<p><strong>\u00d6versikt:<\/strong><br \/>+ De minsta lasersensorerna p\u00e5 marknaden<br \/>+ Speciell nummerpl\u00e5th\u00e5llare f\u00f6r enkel och osynlig installation (m\u00e5tt h\u00e5llare: 520mm x 110mm &#8211; EU-standard, inte l\u00e4mplig f\u00f6r \u00d6sterrike)<br \/>+ Kan anv\u00e4ndas som en laserbaserad parkeringsassistent<br \/>+ Laservarning eller aktiv laserst\u00f6rning mot alla laserm\u00e4tningar<br \/>+ Laglig funktion som ren parkeringsassistent kan aktiveras genom att trycka p\u00e5 en knapp<br \/>+ CE- och E-m\u00e4rkt<\/p>\n<p><strong>Totalt levererat inneh\u00e5ll: <\/strong><br \/>* extern, tr\u00e5dl\u00f6s radarantenn Genevo HD+ <br \/>* Genevo GPS+ POI Warner<br \/>* kabelsats f\u00f6r radardetektor<br \/>* komplett monteringsmaterial f\u00f6r installation av radardetektorn<br \/>* bruksanvisning f\u00f6r radardetektor<br \/>* 2 lasersensorer<br \/>* nummerpl\u00e5th\u00e5llare f\u00f6r lasersensorer<br \/>* styrenhet laserblocker<br \/>* kabelsats inkl. H\u00f6gtalare och lysdioder f\u00f6r laserblocker<\/p>\n","protected":false},"excerpt":{"rendered":"<p>Billigt instegspaket med Genevo fast radarvarnare och laserblockerare. Tr\u00e5dl\u00f6s fast radardetektor:Den tr\u00e5dl\u00f6sa Genevo HD+ radardetektorn \u00e4r en liten och kraftfull fast radardetektor f\u00f6r dold installation i fordonets front. Det st\u00e4nkskyddade h\u00f6ljet g\u00f6r osynlig installation till ett problem. De akustiska och visuella varningarna g\u00f6rs av Genevo GPS+ POI Warner med tyska r\u00f6stmeddelanden. Genevo GPS+ kan som [&#8230;]\n","protected":false},"featured_media":0,"comment_status":"open","ping_status":"closed","template":"","meta":[],"product_brand":[],"product_cat":[1756],"product_tag":[1873,1863,1872,1809,1808,1758],"class_list":{"0":"post-16077","1":"product","2":"type-product","3":"status-publish","5":"product_cat-genevo-sv","6":"product_tag-genevo-ff2-sv","7":"product_tag-genevo-gps-sv","8":"product_tag-genevo-hd-sv","9":"product_tag-laserblind-sv","10":"product_tag-laserblocker-sv","11":"product_tag-radardetektor","13":"first","14":"instock","15":"sale","16":"taxable","17":"shipping-taxable","18":"purchasable","19":"product-type-simple"},"yoast_head":"<!-- This site is optimized with the Yoast SEO plugin v27.2 - https:\/\/yoast.com\/product\/yoast-seo-wordpress\/ -->\n<title>Genevo HD+ &amp; GPS+ &amp; FF2 radardetektor och laserblocker | Radar Service<\/title>\n<meta name=\"description\" content=\"Genevo HD+ &amp; GPS+ &amp; FF2 radardetektor och laserblocker | Radar Service\" \/>\n<meta name=\"robots\" content=\"index, follow, max-snippet:-1, max-image-preview:large, max-video-preview:-1\" \/>\n<link rel=\"canonical\" href=\"https:\/\/radarservice.eu\/sv\/produkt\/genevo-hd-gps-ff2-radardetektor-och-laserblocker\/\" \/>\n<meta property=\"og:locale\" content=\"sv_SE\" \/>\n<meta property=\"og:type\" content=\"article\" \/>\n<meta property=\"og:title\" content=\"Genevo HD+ &amp; GPS+ &amp; FF2 radardetektor och laserblocker | Radar Service\" \/>\n<meta property=\"og:description\" content=\"Genevo HD+ &amp; GPS+ &amp; FF2 radardetektor och laserblocker | Radar Service\" \/>\n<meta property=\"og:url\" content=\"https:\/\/radarservice.eu\/sv\/produkt\/genevo-hd-gps-ff2-radardetektor-och-laserblocker\/\" \/>\n<meta property=\"og:site_name\" content=\"Radar Service\" \/>\n<meta name=\"twitter:card\" content=\"summary_large_image\" \/>\n<meta name=\"twitter:label1\" content=\"Ber\u00e4knad l\u00e4stid\" \/>\n\t<meta name=\"twitter:data1\" content=\"2 minuter\" \/>\n<script type=\"application\/ld+json\" class=\"yoast-schema-graph\">{\"@context\":\"https:\/\/schema.org\",\"@graph\":[{\"@type\":\"WebPage\",\"@id\":\"https:\/\/radarservice.eu\/sv\/produkt\/genevo-hd-gps-ff2-radardetektor-och-laserblocker\/\",\"url\":\"https:\/\/radarservice.eu\/sv\/produkt\/genevo-hd-gps-ff2-radardetektor-och-laserblocker\/\",\"name\":\"Genevo HD+ & GPS+ & FF2 radardetektor och laserblocker | Radar Service\",\"isPartOf\":{\"@id\":\"https:\/\/radarservice.eu\/sv\/#website\"},\"datePublished\":\"2021-05-14T14:31:15+00:00\",\"description\":\"Genevo HD+ & GPS+ & FF2 radardetektor och laserblocker | Radar Service\",\"breadcrumb\":{\"@id\":\"https:\/\/radarservice.eu\/sv\/produkt\/genevo-hd-gps-ff2-radardetektor-och-laserblocker\/#breadcrumb\"},\"inLanguage\":\"sv-SE\",\"potentialAction\":[{\"@type\":\"ReadAction\",\"target\":[\"https:\/\/radarservice.eu\/sv\/produkt\/genevo-hd-gps-ff2-radardetektor-och-laserblocker\/\"]}]},{\"@type\":\"BreadcrumbList\",\"@id\":\"https:\/\/radarservice.eu\/sv\/produkt\/genevo-hd-gps-ff2-radardetektor-och-laserblocker\/#breadcrumb\",\"itemListElement\":[{\"@type\":\"ListItem\",\"position\":1,\"name\":\"Butik\",\"item\":\"https:\/\/radarservice.eu\/sv\/butik\/\"},{\"@type\":\"ListItem\",\"position\":2,\"name\":\"Genevo HD+ &#038; GPS+ &#038; FF2 radardetektor och laserblocker\"}]},{\"@type\":\"WebSite\",\"@id\":\"https:\/\/radarservice.eu\/sv\/#website\",\"url\":\"https:\/\/radarservice.eu\/sv\/\",\"name\":\"Radar Service\",\"description\":\"Radar detector Laser jammer mobile fix\",\"publisher\":{\"@id\":\"https:\/\/radarservice.eu\/sv\/#organization\"},\"potentialAction\":[{\"@type\":\"SearchAction\",\"target\":{\"@type\":\"EntryPoint\",\"urlTemplate\":\"https:\/\/radarservice.eu\/sv\/?s={search_term_string}\"},\"query-input\":{\"@type\":\"PropertyValueSpecification\",\"valueRequired\":true,\"valueName\":\"search_term_string\"}}],\"inLanguage\":\"sv-SE\"},{\"@type\":\"Organization\",\"@id\":\"https:\/\/radarservice.eu\/sv\/#organization\",\"name\":\"RadarService\",\"url\":\"https:\/\/radarservice.eu\/sv\/\",\"logo\":{\"@type\":\"ImageObject\",\"inLanguage\":\"sv-SE\",\"@id\":\"https:\/\/radarservice.eu\/sv\/#\/schema\/logo\/image\/\",\"url\":\"https:\/\/radarservice.eu\/wp-content\/uploads\/2021\/03\/Radar_detector_service.png\",\"contentUrl\":\"https:\/\/radarservice.eu\/wp-content\/uploads\/2021\/03\/Radar_detector_service.png\",\"width\":174,\"height\":48,\"caption\":\"RadarService\"},\"image\":{\"@id\":\"https:\/\/radarservice.eu\/sv\/#\/schema\/logo\/image\/\"}}]}<\/script>\n<!-- \/ Yoast SEO plugin. -->","yoast_head_json":{"title":"Genevo HD+ & GPS+ & FF2 radardetektor och laserblocker | Radar Service","description":"Genevo HD+ & GPS+ & FF2 radardetektor och laserblocker | Radar Service","robots":{"index":"index","follow":"follow","max-snippet":"max-snippet:-1","max-image-preview":"max-image-preview:large","max-video-preview":"max-video-preview:-1"},"canonical":"https:\/\/radarservice.eu\/sv\/produkt\/genevo-hd-gps-ff2-radardetektor-och-laserblocker\/","og_locale":"sv_SE","og_type":"article","og_title":"Genevo HD+ & GPS+ & FF2 radardetektor och laserblocker | Radar Service","og_description":"Genevo HD+ & GPS+ & FF2 radardetektor och laserblocker | Radar Service","og_url":"https:\/\/radarservice.eu\/sv\/produkt\/genevo-hd-gps-ff2-radardetektor-och-laserblocker\/","og_site_name":"Radar Service","twitter_card":"summary_large_image","twitter_misc":{"Ber\u00e4knad l\u00e4stid":"2 minuter"},"schema":{"@context":"https:\/\/schema.org","@graph":[{"@type":"WebPage","@id":"https:\/\/radarservice.eu\/sv\/produkt\/genevo-hd-gps-ff2-radardetektor-och-laserblocker\/","url":"https:\/\/radarservice.eu\/sv\/produkt\/genevo-hd-gps-ff2-radardetektor-och-laserblocker\/","name":"Genevo HD+ & GPS+ & FF2 radardetektor och laserblocker | Radar Service","isPartOf":{"@id":"https:\/\/radarservice.eu\/sv\/#website"},"datePublished":"2021-05-14T14:31:15+00:00","description":"Genevo HD+ & GPS+ & FF2 radardetektor och laserblocker | Radar Service","breadcrumb":{"@id":"https:\/\/radarservice.eu\/sv\/produkt\/genevo-hd-gps-ff2-radardetektor-och-laserblocker\/#breadcrumb"},"inLanguage":"sv-SE","potentialAction":[{"@type":"ReadAction","target":["https:\/\/radarservice.eu\/sv\/produkt\/genevo-hd-gps-ff2-radardetektor-och-laserblocker\/"]}]},{"@type":"BreadcrumbList","@id":"https:\/\/radarservice.eu\/sv\/produkt\/genevo-hd-gps-ff2-radardetektor-och-laserblocker\/#breadcrumb","itemListElement":[{"@type":"ListItem","position":1,"name":"Butik","item":"https:\/\/radarservice.eu\/sv\/butik\/"},{"@type":"ListItem","position":2,"name":"Genevo HD+ &#038; GPS+ &#038; FF2 radardetektor och laserblocker"}]},{"@type":"WebSite","@id":"https:\/\/radarservice.eu\/sv\/#website","url":"https:\/\/radarservice.eu\/sv\/","name":"Radar Service","description":"Radar detector Laser jammer mobile fix","publisher":{"@id":"https:\/\/radarservice.eu\/sv\/#organization"},"potentialAction":[{"@type":"SearchAction","target":{"@type":"EntryPoint","urlTemplate":"https:\/\/radarservice.eu\/sv\/?s={search_term_string}"},"query-input":{"@type":"PropertyValueSpecification","valueRequired":true,"valueName":"search_term_string"}}],"inLanguage":"sv-SE"},{"@type":"Organization","@id":"https:\/\/radarservice.eu\/sv\/#organization","name":"RadarService","url":"https:\/\/radarservice.eu\/sv\/","logo":{"@type":"ImageObject","inLanguage":"sv-SE","@id":"https:\/\/radarservice.eu\/sv\/#\/schema\/logo\/image\/","url":"https:\/\/radarservice.eu\/wp-content\/uploads\/2021\/03\/Radar_detector_service.png","contentUrl":"https:\/\/radarservice.eu\/wp-content\/uploads\/2021\/03\/Radar_detector_service.png","width":174,"height":48,"caption":"RadarService"},"image":{"@id":"https:\/\/radarservice.eu\/sv\/#\/schema\/logo\/image\/"}}]}},"_links":{"self":[{"href":"https:\/\/radarservice.eu\/sv\/wp-json\/wp\/v2\/product\/16077","targetHints":{"allow":["GET"]}}],"collection":[{"href":"https:\/\/radarservice.eu\/sv\/wp-json\/wp\/v2\/product"}],"about":[{"href":"https:\/\/radarservice.eu\/sv\/wp-json\/wp\/v2\/types\/product"}],"replies":[{"embeddable":true,"href":"https:\/\/radarservice.eu\/sv\/wp-json\/wp\/v2\/comments?post=16077"}],"wp:attachment":[{"href":"https:\/\/radarservice.eu\/sv\/wp-json\/wp\/v2\/media?parent=16077"}],"wp:term":[{"taxonomy":"product_brand","embeddable":true,"href":"https:\/\/radarservice.eu\/sv\/wp-json\/wp\/v2\/product_brand?post=16077"},{"taxonomy":"product_cat","embeddable":true,"href":"https:\/\/radarservice.eu\/sv\/wp-json\/wp\/v2\/product_cat?post=16077"},{"taxonomy":"product_tag","embeddable":true,"href":"https:\/\/radarservice.eu\/sv\/wp-json\/wp\/v2\/product_tag?post=16077"}],"curies":[{"name":"wp","href":"https:\/\/api.w.org\/{rel}","templated":true}]}}