{"id":16074,"date":"2021-05-14T16:29:23","date_gmt":"2021-05-14T14:29:23","guid":{"rendered":"https:\/\/radarservice.eu\/produkt\/genevo-hdm-tradloes-radarantenn\/"},"modified":"2021-11-27T16:09:02","modified_gmt":"2021-11-27T15:09:02","slug":"genevo-hdm-radarantenn","status":"publish","type":"product","link":"https:\/\/radarservice.eu\/sv\/produkt\/genevo-hdm-radarantenn\/","title":{"rendered":"Genevo HDM+ Radarantenn"},"content":{"rendered":"<p>Genevo HDM+ radarantenn \u00e4r en liten och kraftfull fast antenn f\u00f6r fast radardetektor f\u00f6r dold montering i fordonets framsida. Det st\u00e4nkskyddade h\u00f6ljet g\u00f6r att osynlig installation inte \u00e4r n\u00e5got problem.<\/p>\n<p><strong>\u00d6versikt: <\/strong><br \/>\n+ liten och kraftfull fast radarantenn<br \/>\n+ laservarning<br \/>\n+ X-, K-, KA-band, MultaRadar och Gatso<\/p>\n<p><strong>F\u00f6rm\u00e5ga att leverera:<\/strong><br \/>\n* extern radarantenn Genevo HDM+<br \/>\n* kabelupps\u00e4ttning<br \/>\n* komplett monteringsmaterial f\u00f6r installation<br \/>\n* Bruksanvisningar<\/p>\n","protected":false},"excerpt":{"rendered":"<p>Genevo HDM+ radarantenn \u00e4r en liten och kraftfull fast antenn f\u00f6r fast radardetektor f\u00f6r dold montering i fordonets framsida. Det st\u00e4nkskyddade h\u00f6ljet g\u00f6r att osynlig installation inte \u00e4r n\u00e5got problem. \u00d6versikt: + liten och kraftfull fast radarantenn + laservarning + X-, K-, KA-band, MultaRadar och Gatso F\u00f6rm\u00e5ga att leverera: * extern radarantenn Genevo HDM+ * [&#8230;]\n","protected":false},"featured_media":16075,"comment_status":"open","ping_status":"closed","template":"","meta":[],"product_brand":[],"product_cat":[1755,1756],"product_tag":[1759,1760,1762,1870,1871,1869],"class_list":{"0":"post-16074","1":"product","2":"type-product","3":"status-publish","4":"has-post-thumbnail","6":"product_cat-fast-monterade-radardetektorer","7":"product_cat-genevo-sv","8":"product_tag-europa-sv","9":"product_tag-fast-installation","10":"product_tag-genevo-sv","11":"product_tag-genevo-hdm-sv","12":"product_tag-hdm-radarantenn","13":"product_tag-tradloes","15":"first","16":"instock","17":"sale","18":"taxable","19":"shipping-taxable","20":"purchasable","21":"product-type-variable","22":"has-default-attributes"},"yoast_head":"<!-- This site is optimized with the Yoast SEO plugin v27.2 - https:\/\/yoast.com\/product\/yoast-seo-wordpress\/ -->\n<title>Genevo HDM+ Radarantenn | Radar Service<\/title>\n<meta name=\"description\" content=\"Genevo HDM+ radarantenn \u00e4r en liten och kraftfull radarantenn f\u00f6r dold montering i fordonets framsida.\" \/>\n<meta name=\"robots\" content=\"index, follow, max-snippet:-1, max-image-preview:large, max-video-preview:-1\" \/>\n<link rel=\"canonical\" href=\"https:\/\/radarservice.eu\/sv\/produkt\/genevo-hdm-radarantenn\/\" \/>\n<meta property=\"og:locale\" content=\"sv_SE\" \/>\n<meta property=\"og:type\" content=\"article\" \/>\n<meta property=\"og:title\" content=\"Genevo HDM+ Radarantenn | Radar Service\" \/>\n<meta property=\"og:description\" content=\"Genevo HDM+ radarantenn \u00e4r en liten och kraftfull radarantenn f\u00f6r dold montering i fordonets framsida.\" \/>\n<meta property=\"og:url\" content=\"https:\/\/radarservice.eu\/sv\/produkt\/genevo-hdm-radarantenn\/\" \/>\n<meta property=\"og:site_name\" content=\"Radar Service\" \/>\n<meta property=\"article:modified_time\" content=\"2021-11-27T15:09:02+00:00\" \/>\n<meta property=\"og:image\" content=\"https:\/\/radarservice.eu\/wp-content\/uploads\/2020\/09\/genevo_hdm_radarantenne.jpg\" \/>\n\t<meta property=\"og:image:width\" content=\"600\" \/>\n\t<meta property=\"og:image:height\" content=\"398\" \/>\n\t<meta property=\"og:image:type\" content=\"image\/jpeg\" \/>\n<meta name=\"twitter:card\" content=\"summary_large_image\" \/>\n<script type=\"application\/ld+json\" class=\"yoast-schema-graph\">{\"@context\":\"https:\/\/schema.org\",\"@graph\":[{\"@type\":\"WebPage\",\"@id\":\"https:\/\/radarservice.eu\/sv\/produkt\/genevo-hdm-radarantenn\/\",\"url\":\"https:\/\/radarservice.eu\/sv\/produkt\/genevo-hdm-radarantenn\/\",\"name\":\"Genevo HDM+ Radarantenn | Radar Service\",\"isPartOf\":{\"@id\":\"https:\/\/radarservice.eu\/sv\/#website\"},\"primaryImageOfPage\":{\"@id\":\"https:\/\/radarservice.eu\/sv\/produkt\/genevo-hdm-radarantenn\/#primaryimage\"},\"image\":{\"@id\":\"https:\/\/radarservice.eu\/sv\/produkt\/genevo-hdm-radarantenn\/#primaryimage\"},\"thumbnailUrl\":\"https:\/\/radarservice.eu\/wp-content\/uploads\/2020\/09\/genevo_hdm_radarantenne.jpg\",\"datePublished\":\"2021-05-14T14:29:23+00:00\",\"dateModified\":\"2021-11-27T15:09:02+00:00\",\"description\":\"Genevo HDM+ radarantenn \u00e4r en liten och kraftfull radarantenn f\u00f6r dold montering i fordonets framsida.\",\"breadcrumb\":{\"@id\":\"https:\/\/radarservice.eu\/sv\/produkt\/genevo-hdm-radarantenn\/#breadcrumb\"},\"inLanguage\":\"sv-SE\",\"potentialAction\":[{\"@type\":\"ReadAction\",\"target\":[\"https:\/\/radarservice.eu\/sv\/produkt\/genevo-hdm-radarantenn\/\"]}]},{\"@type\":\"ImageObject\",\"inLanguage\":\"sv-SE\",\"@id\":\"https:\/\/radarservice.eu\/sv\/produkt\/genevo-hdm-radarantenn\/#primaryimage\",\"url\":\"https:\/\/radarservice.eu\/wp-content\/uploads\/2020\/09\/genevo_hdm_radarantenne.jpg\",\"contentUrl\":\"https:\/\/radarservice.eu\/wp-content\/uploads\/2020\/09\/genevo_hdm_radarantenne.jpg\",\"width\":600,\"height\":398,\"caption\":\"Genevo HDM+ radarantenn\"},{\"@type\":\"BreadcrumbList\",\"@id\":\"https:\/\/radarservice.eu\/sv\/produkt\/genevo-hdm-radarantenn\/#breadcrumb\",\"itemListElement\":[{\"@type\":\"ListItem\",\"position\":1,\"name\":\"Butik\",\"item\":\"https:\/\/radarservice.eu\/sv\/butik\/\"},{\"@type\":\"ListItem\",\"position\":2,\"name\":\"Genevo HDM+ Radarantenn\"}]},{\"@type\":\"WebSite\",\"@id\":\"https:\/\/radarservice.eu\/sv\/#website\",\"url\":\"https:\/\/radarservice.eu\/sv\/\",\"name\":\"Radar Service\",\"description\":\"Radar detector Laser jammer mobile fix\",\"publisher\":{\"@id\":\"https:\/\/radarservice.eu\/sv\/#organization\"},\"potentialAction\":[{\"@type\":\"SearchAction\",\"target\":{\"@type\":\"EntryPoint\",\"urlTemplate\":\"https:\/\/radarservice.eu\/sv\/?s={search_term_string}\"},\"query-input\":{\"@type\":\"PropertyValueSpecification\",\"valueRequired\":true,\"valueName\":\"search_term_string\"}}],\"inLanguage\":\"sv-SE\"},{\"@type\":\"Organization\",\"@id\":\"https:\/\/radarservice.eu\/sv\/#organization\",\"name\":\"RadarService\",\"url\":\"https:\/\/radarservice.eu\/sv\/\",\"logo\":{\"@type\":\"ImageObject\",\"inLanguage\":\"sv-SE\",\"@id\":\"https:\/\/radarservice.eu\/sv\/#\/schema\/logo\/image\/\",\"url\":\"https:\/\/radarservice.eu\/wp-content\/uploads\/2021\/03\/Radar_detector_service.png\",\"contentUrl\":\"https:\/\/radarservice.eu\/wp-content\/uploads\/2021\/03\/Radar_detector_service.png\",\"width\":174,\"height\":48,\"caption\":\"RadarService\"},\"image\":{\"@id\":\"https:\/\/radarservice.eu\/sv\/#\/schema\/logo\/image\/\"}}]}<\/script>\n<!-- \/ Yoast SEO plugin. -->","yoast_head_json":{"title":"Genevo HDM+ Radarantenn | Radar Service","description":"Genevo HDM+ radarantenn \u00e4r en liten och kraftfull radarantenn f\u00f6r dold montering i fordonets framsida.","robots":{"index":"index","follow":"follow","max-snippet":"max-snippet:-1","max-image-preview":"max-image-preview:large","max-video-preview":"max-video-preview:-1"},"canonical":"https:\/\/radarservice.eu\/sv\/produkt\/genevo-hdm-radarantenn\/","og_locale":"sv_SE","og_type":"article","og_title":"Genevo HDM+ Radarantenn | Radar Service","og_description":"Genevo HDM+ radarantenn \u00e4r en liten och kraftfull radarantenn f\u00f6r dold montering i fordonets framsida.","og_url":"https:\/\/radarservice.eu\/sv\/produkt\/genevo-hdm-radarantenn\/","og_site_name":"Radar Service","article_modified_time":"2021-11-27T15:09:02+00:00","og_image":[{"width":600,"height":398,"url":"https:\/\/radarservice.eu\/wp-content\/uploads\/2020\/09\/genevo_hdm_radarantenne.jpg","type":"image\/jpeg"}],"twitter_card":"summary_large_image","schema":{"@context":"https:\/\/schema.org","@graph":[{"@type":"WebPage","@id":"https:\/\/radarservice.eu\/sv\/produkt\/genevo-hdm-radarantenn\/","url":"https:\/\/radarservice.eu\/sv\/produkt\/genevo-hdm-radarantenn\/","name":"Genevo HDM+ Radarantenn | Radar Service","isPartOf":{"@id":"https:\/\/radarservice.eu\/sv\/#website"},"primaryImageOfPage":{"@id":"https:\/\/radarservice.eu\/sv\/produkt\/genevo-hdm-radarantenn\/#primaryimage"},"image":{"@id":"https:\/\/radarservice.eu\/sv\/produkt\/genevo-hdm-radarantenn\/#primaryimage"},"thumbnailUrl":"https:\/\/radarservice.eu\/wp-content\/uploads\/2020\/09\/genevo_hdm_radarantenne.jpg","datePublished":"2021-05-14T14:29:23+00:00","dateModified":"2021-11-27T15:09:02+00:00","description":"Genevo HDM+ radarantenn \u00e4r en liten och kraftfull radarantenn f\u00f6r dold montering i fordonets framsida.","breadcrumb":{"@id":"https:\/\/radarservice.eu\/sv\/produkt\/genevo-hdm-radarantenn\/#breadcrumb"},"inLanguage":"sv-SE","potentialAction":[{"@type":"ReadAction","target":["https:\/\/radarservice.eu\/sv\/produkt\/genevo-hdm-radarantenn\/"]}]},{"@type":"ImageObject","inLanguage":"sv-SE","@id":"https:\/\/radarservice.eu\/sv\/produkt\/genevo-hdm-radarantenn\/#primaryimage","url":"https:\/\/radarservice.eu\/wp-content\/uploads\/2020\/09\/genevo_hdm_radarantenne.jpg","contentUrl":"https:\/\/radarservice.eu\/wp-content\/uploads\/2020\/09\/genevo_hdm_radarantenne.jpg","width":600,"height":398,"caption":"Genevo HDM+ radarantenn"},{"@type":"BreadcrumbList","@id":"https:\/\/radarservice.eu\/sv\/produkt\/genevo-hdm-radarantenn\/#breadcrumb","itemListElement":[{"@type":"ListItem","position":1,"name":"Butik","item":"https:\/\/radarservice.eu\/sv\/butik\/"},{"@type":"ListItem","position":2,"name":"Genevo HDM+ Radarantenn"}]},{"@type":"WebSite","@id":"https:\/\/radarservice.eu\/sv\/#website","url":"https:\/\/radarservice.eu\/sv\/","name":"Radar Service","description":"Radar detector Laser jammer mobile fix","publisher":{"@id":"https:\/\/radarservice.eu\/sv\/#organization"},"potentialAction":[{"@type":"SearchAction","target":{"@type":"EntryPoint","urlTemplate":"https:\/\/radarservice.eu\/sv\/?s={search_term_string}"},"query-input":{"@type":"PropertyValueSpecification","valueRequired":true,"valueName":"search_term_string"}}],"inLanguage":"sv-SE"},{"@type":"Organization","@id":"https:\/\/radarservice.eu\/sv\/#organization","name":"RadarService","url":"https:\/\/radarservice.eu\/sv\/","logo":{"@type":"ImageObject","inLanguage":"sv-SE","@id":"https:\/\/radarservice.eu\/sv\/#\/schema\/logo\/image\/","url":"https:\/\/radarservice.eu\/wp-content\/uploads\/2021\/03\/Radar_detector_service.png","contentUrl":"https:\/\/radarservice.eu\/wp-content\/uploads\/2021\/03\/Radar_detector_service.png","width":174,"height":48,"caption":"RadarService"},"image":{"@id":"https:\/\/radarservice.eu\/sv\/#\/schema\/logo\/image\/"}}]}},"_links":{"self":[{"href":"https:\/\/radarservice.eu\/sv\/wp-json\/wp\/v2\/product\/16074","targetHints":{"allow":["GET"]}}],"collection":[{"href":"https:\/\/radarservice.eu\/sv\/wp-json\/wp\/v2\/product"}],"about":[{"href":"https:\/\/radarservice.eu\/sv\/wp-json\/wp\/v2\/types\/product"}],"replies":[{"embeddable":true,"href":"https:\/\/radarservice.eu\/sv\/wp-json\/wp\/v2\/comments?post=16074"}],"wp:featuredmedia":[{"embeddable":true,"href":"https:\/\/radarservice.eu\/sv\/wp-json\/wp\/v2\/media\/16075"}],"wp:attachment":[{"href":"https:\/\/radarservice.eu\/sv\/wp-json\/wp\/v2\/media?parent=16074"}],"wp:term":[{"taxonomy":"product_brand","embeddable":true,"href":"https:\/\/radarservice.eu\/sv\/wp-json\/wp\/v2\/product_brand?post=16074"},{"taxonomy":"product_cat","embeddable":true,"href":"https:\/\/radarservice.eu\/sv\/wp-json\/wp\/v2\/product_cat?post=16074"},{"taxonomy":"product_tag","embeddable":true,"href":"https:\/\/radarservice.eu\/sv\/wp-json\/wp\/v2\/product_tag?post=16074"}],"curies":[{"name":"wp","href":"https:\/\/api.w.org\/{rel}","templated":true}]}}