{"id":16068,"date":"2021-05-14T16:23:52","date_gmt":"2021-05-14T14:23:52","guid":{"rendered":"https:\/\/radarservice.eu\/produkt\/radardetektor-genevo-max\/"},"modified":"2024-05-06T10:04:11","modified_gmt":"2024-05-06T08:04:11","slug":"radardetektor-genevo-max","status":"publish","type":"product","link":"https:\/\/radarservice.eu\/sv\/produkt\/radardetektor-genevo-max\/","title":{"rendered":"Radardetektor Genevo Max"},"content":{"rendered":"<p>Radardetektorn Genevo Max \u00e4r perfekt l\u00e4mpad f\u00f6r anv\u00e4ndning i Europa och kan med n\u00e5gra f\u00e5 enkla steg anv\u00e4ndas som en mobil radardetektor. Genevo Max erbjuder en mycket bra f\u00f6rvarning f\u00f6r mobila hastighets- och laserm\u00e4tningar. Dessutom f\u00e5r du varningar om fasta hastighetskameror och trafikljuskameror samt SectioControl-m\u00e4tningssystem.<\/p>\n<p>Genevo Max rapporterar radarf\u00e4llor b\u00e5de p\u00e5 displayen och med hj\u00e4lp av ett tyskt r\u00f6stmeddelande. F\u00f6raren f\u00e5r detaljerad information om den uppt\u00e4ckta hastighetsf\u00e4llan, POI-varningen eller laserm\u00e4tningen. Vid radardetektering visas signalens styrka ocks\u00e5 med hj\u00e4lp av ett pip f\u00f6r att indikera avst\u00e5ndet till radarf\u00e4llan.<\/p>\n<p>.<\/p>\n<p>Anv\u00e4ndaren kan ocks\u00e5 spara eller ta bort sina egna GPS-platser (POI) s\u00e5 att en ljudvarning ges vid dessa platser om s\u00e5 \u00f6nskas.<\/p>\n<p>Genevo Max kan programmeras efter behov med hj\u00e4lp av en tysk meny, vilket g\u00f6r den anpassningsbar f\u00f6r att uppfylla specifika behov och preferenser.<\/p>\n<p><strong>\u00d6versikt:<\/strong><br \/>\n+ den mest kompakta mobila radardetektorn med radarantenn f\u00f6r mobila fartkameror samt GPS-teknik<br \/>.<br \/>\n+ 360\u00b0-graders detektering av alla radark\u00e4llor i Europa (X \/ K \/ Ka-band \/ MultaRadar \/ Gatso)<br \/>\n+ Varning f\u00f6r laserm\u00e4tningar<br \/>\n+ Varning f\u00f6r station\u00e4r radar<br \/>\n+ Varning f\u00f6r r\u00f6dljus\u00f6vervakning<br \/>\n+ Varning f\u00f6r sektionskontrollm\u00e4tningar<br \/>\n+ Konfigurationsm\u00f6jligheter med hj\u00e4lp av tysk meny<br \/>\n+ kan uppdateras via USB-anslutning<br \/>\n+ larmsignaler och inst\u00e4llningar helt p\u00e5 tyska<br \/>\n+ egna faropunkter som kan lagras<\/p>\n<p><strong>Omfattning av leveransen:<\/strong><br \/>\n* Radardetektor Genevo Max med integrerad GPS-mottagare<br \/>\n* F\u00f6rinstallerad Europadatabas<br \/>\n* magnetiskt vindrutem\u00e4ssigt f\u00e4ste<br \/>\n* Kabelsats 12V str\u00f6mf\u00f6rs\u00f6rjning<br \/>\n* Tysk bruksanvisning<\/p>\n<p><strong>Anm\u00e4rkning:<\/strong> Radardetektorn Genevo Max har lasermottagning, men f\u00f6r s\u00e4kert laserskydd rekommenderar vi att du anv\u00e4nder en aktiv laserblockerare, t.ex. Antilaser ALP Priority eller Lasertrack Flare.<\/p>\n","protected":false},"excerpt":{"rendered":"<p>Radardetektorn Genevo Max \u00e4r perfekt f\u00f6r anv\u00e4ndning i Europa.<\/p>\n","protected":false},"featured_media":16073,"comment_status":"open","ping_status":"closed","template":"","meta":[],"product_brand":[],"product_cat":[1756,1775,1757],"product_tag":[1759,1762,1868,1758],"class_list":{"0":"post-16068","1":"product","2":"type-product","3":"status-publish","4":"has-post-thumbnail","6":"product_cat-genevo-sv","7":"product_cat-mobila-radardetektorer","8":"product_cat-rekommenderade-radardetektorer","9":"product_tag-europa-sv","10":"product_tag-genevo-sv","11":"product_tag-genevo-max-sv","12":"product_tag-radardetektor","14":"first","15":"instock","16":"sale","17":"taxable","18":"shipping-taxable","19":"purchasable","20":"product-type-simple"},"yoast_head":"<!-- This site is optimized with the Yoast SEO plugin v27.2 - https:\/\/yoast.com\/product\/yoast-seo-wordpress\/ -->\n<title>Radardetektor Genevo Max | Radar Service<\/title>\n<meta name=\"description\" content=\"Radardetektorn Genevo Max \u00e4r perfekt l\u00e4mpad f\u00f6r anv\u00e4ndning i Europa och kan flexibelt anv\u00e4ndas som en mobil radardetektor.\" \/>\n<meta name=\"robots\" content=\"index, follow, max-snippet:-1, max-image-preview:large, max-video-preview:-1\" \/>\n<link rel=\"canonical\" href=\"https:\/\/radarservice.eu\/sv\/produkt\/radardetektor-genevo-max\/\" \/>\n<meta property=\"og:locale\" content=\"sv_SE\" \/>\n<meta property=\"og:type\" content=\"article\" \/>\n<meta property=\"og:title\" content=\"Radardetektor Genevo Max | Radar Service\" \/>\n<meta property=\"og:description\" content=\"Radardetektorn Genevo Max \u00e4r perfekt l\u00e4mpad f\u00f6r anv\u00e4ndning i Europa och kan flexibelt anv\u00e4ndas som en mobil radardetektor.\" \/>\n<meta property=\"og:url\" content=\"https:\/\/radarservice.eu\/sv\/produkt\/radardetektor-genevo-max\/\" \/>\n<meta property=\"og:site_name\" content=\"Radar Service\" \/>\n<meta property=\"article:modified_time\" content=\"2024-05-06T08:04:11+00:00\" \/>\n<meta property=\"og:image\" content=\"https:\/\/radarservice.eu\/wp-content\/uploads\/2020\/09\/Genevo_Max_Seite.jpg\" \/>\n\t<meta property=\"og:image:width\" content=\"1096\" \/>\n\t<meta property=\"og:image:height\" content=\"949\" \/>\n\t<meta property=\"og:image:type\" content=\"image\/jpeg\" \/>\n<meta name=\"twitter:card\" content=\"summary_large_image\" \/>\n<meta name=\"twitter:label1\" content=\"Ber\u00e4knad l\u00e4stid\" \/>\n\t<meta name=\"twitter:data1\" content=\"1 minut\" \/>\n<script type=\"application\/ld+json\" class=\"yoast-schema-graph\">{\"@context\":\"https:\/\/schema.org\",\"@graph\":[{\"@type\":\"WebPage\",\"@id\":\"https:\/\/radarservice.eu\/sv\/produkt\/radardetektor-genevo-max\/\",\"url\":\"https:\/\/radarservice.eu\/sv\/produkt\/radardetektor-genevo-max\/\",\"name\":\"Radardetektor Genevo Max | Radar Service\",\"isPartOf\":{\"@id\":\"https:\/\/radarservice.eu\/sv\/#website\"},\"primaryImageOfPage\":{\"@id\":\"https:\/\/radarservice.eu\/sv\/produkt\/radardetektor-genevo-max\/#primaryimage\"},\"image\":{\"@id\":\"https:\/\/radarservice.eu\/sv\/produkt\/radardetektor-genevo-max\/#primaryimage\"},\"thumbnailUrl\":\"https:\/\/radarservice.eu\/wp-content\/uploads\/2020\/09\/Genevo_Max_Seite.jpg\",\"datePublished\":\"2021-05-14T14:23:52+00:00\",\"dateModified\":\"2024-05-06T08:04:11+00:00\",\"description\":\"Radardetektorn Genevo Max \u00e4r perfekt l\u00e4mpad f\u00f6r anv\u00e4ndning i Europa och kan flexibelt anv\u00e4ndas som en mobil radardetektor.\",\"breadcrumb\":{\"@id\":\"https:\/\/radarservice.eu\/sv\/produkt\/radardetektor-genevo-max\/#breadcrumb\"},\"inLanguage\":\"sv-SE\",\"potentialAction\":[{\"@type\":\"ReadAction\",\"target\":[\"https:\/\/radarservice.eu\/sv\/produkt\/radardetektor-genevo-max\/\"]}]},{\"@type\":\"ImageObject\",\"inLanguage\":\"sv-SE\",\"@id\":\"https:\/\/radarservice.eu\/sv\/produkt\/radardetektor-genevo-max\/#primaryimage\",\"url\":\"https:\/\/radarservice.eu\/wp-content\/uploads\/2020\/09\/Genevo_Max_Seite.jpg\",\"contentUrl\":\"https:\/\/radarservice.eu\/wp-content\/uploads\/2020\/09\/Genevo_Max_Seite.jpg\",\"width\":1096,\"height\":949,\"caption\":\"Radardetektor Genevo Max\"},{\"@type\":\"BreadcrumbList\",\"@id\":\"https:\/\/radarservice.eu\/sv\/produkt\/radardetektor-genevo-max\/#breadcrumb\",\"itemListElement\":[{\"@type\":\"ListItem\",\"position\":1,\"name\":\"Butik\",\"item\":\"https:\/\/radarservice.eu\/sv\/butik\/\"},{\"@type\":\"ListItem\",\"position\":2,\"name\":\"Radardetektor Genevo Max\"}]},{\"@type\":\"WebSite\",\"@id\":\"https:\/\/radarservice.eu\/sv\/#website\",\"url\":\"https:\/\/radarservice.eu\/sv\/\",\"name\":\"Radar Service\",\"description\":\"Radar detector Laser jammer mobile fix\",\"publisher\":{\"@id\":\"https:\/\/radarservice.eu\/sv\/#organization\"},\"potentialAction\":[{\"@type\":\"SearchAction\",\"target\":{\"@type\":\"EntryPoint\",\"urlTemplate\":\"https:\/\/radarservice.eu\/sv\/?s={search_term_string}\"},\"query-input\":{\"@type\":\"PropertyValueSpecification\",\"valueRequired\":true,\"valueName\":\"search_term_string\"}}],\"inLanguage\":\"sv-SE\"},{\"@type\":\"Organization\",\"@id\":\"https:\/\/radarservice.eu\/sv\/#organization\",\"name\":\"RadarService\",\"url\":\"https:\/\/radarservice.eu\/sv\/\",\"logo\":{\"@type\":\"ImageObject\",\"inLanguage\":\"sv-SE\",\"@id\":\"https:\/\/radarservice.eu\/sv\/#\/schema\/logo\/image\/\",\"url\":\"https:\/\/radarservice.eu\/wp-content\/uploads\/2021\/03\/Radar_detector_service.png\",\"contentUrl\":\"https:\/\/radarservice.eu\/wp-content\/uploads\/2021\/03\/Radar_detector_service.png\",\"width\":174,\"height\":48,\"caption\":\"RadarService\"},\"image\":{\"@id\":\"https:\/\/radarservice.eu\/sv\/#\/schema\/logo\/image\/\"}}]}<\/script>\n<!-- \/ Yoast SEO plugin. -->","yoast_head_json":{"title":"Radardetektor Genevo Max | Radar Service","description":"Radardetektorn Genevo Max \u00e4r perfekt l\u00e4mpad f\u00f6r anv\u00e4ndning i Europa och kan flexibelt anv\u00e4ndas som en mobil radardetektor.","robots":{"index":"index","follow":"follow","max-snippet":"max-snippet:-1","max-image-preview":"max-image-preview:large","max-video-preview":"max-video-preview:-1"},"canonical":"https:\/\/radarservice.eu\/sv\/produkt\/radardetektor-genevo-max\/","og_locale":"sv_SE","og_type":"article","og_title":"Radardetektor Genevo Max | Radar Service","og_description":"Radardetektorn Genevo Max \u00e4r perfekt l\u00e4mpad f\u00f6r anv\u00e4ndning i Europa och kan flexibelt anv\u00e4ndas som en mobil radardetektor.","og_url":"https:\/\/radarservice.eu\/sv\/produkt\/radardetektor-genevo-max\/","og_site_name":"Radar Service","article_modified_time":"2024-05-06T08:04:11+00:00","og_image":[{"width":1096,"height":949,"url":"https:\/\/radarservice.eu\/wp-content\/uploads\/2020\/09\/Genevo_Max_Seite.jpg","type":"image\/jpeg"}],"twitter_card":"summary_large_image","twitter_misc":{"Ber\u00e4knad l\u00e4stid":"1 minut"},"schema":{"@context":"https:\/\/schema.org","@graph":[{"@type":"WebPage","@id":"https:\/\/radarservice.eu\/sv\/produkt\/radardetektor-genevo-max\/","url":"https:\/\/radarservice.eu\/sv\/produkt\/radardetektor-genevo-max\/","name":"Radardetektor Genevo Max | Radar Service","isPartOf":{"@id":"https:\/\/radarservice.eu\/sv\/#website"},"primaryImageOfPage":{"@id":"https:\/\/radarservice.eu\/sv\/produkt\/radardetektor-genevo-max\/#primaryimage"},"image":{"@id":"https:\/\/radarservice.eu\/sv\/produkt\/radardetektor-genevo-max\/#primaryimage"},"thumbnailUrl":"https:\/\/radarservice.eu\/wp-content\/uploads\/2020\/09\/Genevo_Max_Seite.jpg","datePublished":"2021-05-14T14:23:52+00:00","dateModified":"2024-05-06T08:04:11+00:00","description":"Radardetektorn Genevo Max \u00e4r perfekt l\u00e4mpad f\u00f6r anv\u00e4ndning i Europa och kan flexibelt anv\u00e4ndas som en mobil radardetektor.","breadcrumb":{"@id":"https:\/\/radarservice.eu\/sv\/produkt\/radardetektor-genevo-max\/#breadcrumb"},"inLanguage":"sv-SE","potentialAction":[{"@type":"ReadAction","target":["https:\/\/radarservice.eu\/sv\/produkt\/radardetektor-genevo-max\/"]}]},{"@type":"ImageObject","inLanguage":"sv-SE","@id":"https:\/\/radarservice.eu\/sv\/produkt\/radardetektor-genevo-max\/#primaryimage","url":"https:\/\/radarservice.eu\/wp-content\/uploads\/2020\/09\/Genevo_Max_Seite.jpg","contentUrl":"https:\/\/radarservice.eu\/wp-content\/uploads\/2020\/09\/Genevo_Max_Seite.jpg","width":1096,"height":949,"caption":"Radardetektor Genevo Max"},{"@type":"BreadcrumbList","@id":"https:\/\/radarservice.eu\/sv\/produkt\/radardetektor-genevo-max\/#breadcrumb","itemListElement":[{"@type":"ListItem","position":1,"name":"Butik","item":"https:\/\/radarservice.eu\/sv\/butik\/"},{"@type":"ListItem","position":2,"name":"Radardetektor Genevo Max"}]},{"@type":"WebSite","@id":"https:\/\/radarservice.eu\/sv\/#website","url":"https:\/\/radarservice.eu\/sv\/","name":"Radar Service","description":"Radar detector Laser jammer mobile fix","publisher":{"@id":"https:\/\/radarservice.eu\/sv\/#organization"},"potentialAction":[{"@type":"SearchAction","target":{"@type":"EntryPoint","urlTemplate":"https:\/\/radarservice.eu\/sv\/?s={search_term_string}"},"query-input":{"@type":"PropertyValueSpecification","valueRequired":true,"valueName":"search_term_string"}}],"inLanguage":"sv-SE"},{"@type":"Organization","@id":"https:\/\/radarservice.eu\/sv\/#organization","name":"RadarService","url":"https:\/\/radarservice.eu\/sv\/","logo":{"@type":"ImageObject","inLanguage":"sv-SE","@id":"https:\/\/radarservice.eu\/sv\/#\/schema\/logo\/image\/","url":"https:\/\/radarservice.eu\/wp-content\/uploads\/2021\/03\/Radar_detector_service.png","contentUrl":"https:\/\/radarservice.eu\/wp-content\/uploads\/2021\/03\/Radar_detector_service.png","width":174,"height":48,"caption":"RadarService"},"image":{"@id":"https:\/\/radarservice.eu\/sv\/#\/schema\/logo\/image\/"}}]}},"_links":{"self":[{"href":"https:\/\/radarservice.eu\/sv\/wp-json\/wp\/v2\/product\/16068","targetHints":{"allow":["GET"]}}],"collection":[{"href":"https:\/\/radarservice.eu\/sv\/wp-json\/wp\/v2\/product"}],"about":[{"href":"https:\/\/radarservice.eu\/sv\/wp-json\/wp\/v2\/types\/product"}],"replies":[{"embeddable":true,"href":"https:\/\/radarservice.eu\/sv\/wp-json\/wp\/v2\/comments?post=16068"}],"wp:featuredmedia":[{"embeddable":true,"href":"https:\/\/radarservice.eu\/sv\/wp-json\/wp\/v2\/media\/16073"}],"wp:attachment":[{"href":"https:\/\/radarservice.eu\/sv\/wp-json\/wp\/v2\/media?parent=16068"}],"wp:term":[{"taxonomy":"product_brand","embeddable":true,"href":"https:\/\/radarservice.eu\/sv\/wp-json\/wp\/v2\/product_brand?post=16068"},{"taxonomy":"product_cat","embeddable":true,"href":"https:\/\/radarservice.eu\/sv\/wp-json\/wp\/v2\/product_cat?post=16068"},{"taxonomy":"product_tag","embeddable":true,"href":"https:\/\/radarservice.eu\/sv\/wp-json\/wp\/v2\/product_tag?post=16068"}],"curies":[{"name":"wp","href":"https:\/\/api.w.org\/{rel}","templated":true}]}}