{"id":16062,"date":"2021-05-14T16:20:28","date_gmt":"2021-05-14T14:20:28","guid":{"rendered":"https:\/\/radarservice.eu\/produkt\/genevo-gps-poi-warner\/"},"modified":"2021-05-14T16:20:28","modified_gmt":"2021-05-14T14:20:28","slug":"genevo-gps-poi-warner","status":"publish","type":"product","link":"https:\/\/radarservice.eu\/sv\/produkt\/genevo-gps-poi-warner\/","title":{"rendered":"Genevo GPS+ POI Warner"},"content":{"rendered":"<p>Den nya Genevo GPS+ POI Warner f\u00e4sts p\u00e5 vindrutan inom n\u00e5gra sekunder med hj\u00e4lp av sugkoppar och ansluts till 12V cigarett\u00e4ndaren.<br \/>\nGPS+ Warner varnar dig f\u00f6r permanent installerade hastighets- och r\u00f6dljus\u00f6vervakningssystem i hela Europa, varningen sker via r\u00f6stmeddelande.<\/p>\n<p>.<\/p>\n<p>Optionellt kan Genevo GPS+ Warner anslutas tr\u00e5dl\u00f6st till Genevo HD+ radar- och laserantennen. Denna kombination skapar en fullfj\u00e4drad fast radardetektor med radar-, laser- och GPS-varning.<\/p>\n<p>.<\/p>\n<p><strong>\u00d6versikt:<\/strong><br \/>\n+ Varning f\u00f6r station\u00e4r radar<br \/>.<br \/>\n+ Varning f\u00f6r r\u00f6dljus\u00f6vervakning<br \/>\n+ Varning f\u00f6r sektionskontrollm\u00e4tningar (sektionskontroller)<br \/>\n+ larmsignaler<br \/>\n+ L\u00e4mplig f\u00f6r anv\u00e4ndning i Europa<br \/>\n+ EUROPA-databas f\u00f6r fasta fartkameror redan f\u00f6rinstallerad<\/p>\n<p><strong>Kompatibilitet:<\/strong><br \/>\nGenevo HD+ tr\u00e5dl\u00f6s radarantenn (+599,00)<\/p>\n<p><strong>Leveransens omfattning:<\/strong><br \/>\n* Genevo GPS+ POI Warner<br \/>\n* Str\u00f6manslutningskabel 12V<\/p>\n","protected":false},"excerpt":{"rendered":"<p>Den nya Genevo GPS+ POI Warner f\u00e4sts p\u00e5 vindrutan inom n\u00e5gra sekunder med hj\u00e4lp av sugkoppar och ansluts till 12V cigarett\u00e4ndaren. GPS+ Warner varnar dig f\u00f6r permanent installerade hastighets- och r\u00f6dljus\u00f6vervakningssystem i hela Europa, varningen sker via r\u00f6stmeddelande. . Optionellt kan Genevo GPS+ Warner anslutas tr\u00e5dl\u00f6st till Genevo HD+ radar- och laserantennen. Denna kombination skapar [&#8230;]\n","protected":false},"featured_media":16063,"comment_status":"open","ping_status":"closed","template":"","meta":[],"product_brand":[],"product_cat":[1756,1796],"product_tag":[1759,1864,1863,1827,1783],"class_list":{"0":"post-16062","1":"product","2":"type-product","3":"status-publish","4":"has-post-thumbnail","6":"product_cat-genevo-sv","7":"product_cat-gps-poi-detektorer","8":"product_tag-europa-sv","9":"product_tag-fartkamera","10":"product_tag-genevo-gps-sv","11":"product_tag-hastighetsfalla","12":"product_tag-poi-warner-sv","14":"first","15":"instock","16":"taxable","17":"shipping-taxable","18":"purchasable","19":"product-type-simple"},"yoast_head":"<!-- This site is optimized with the Yoast SEO plugin v27.2 - https:\/\/yoast.com\/product\/yoast-seo-wordpress\/ -->\n<title>Genevo GPS+ POI Warner | Radar Service<\/title>\n<meta name=\"description\" content=\"Genevo GPS+ Warner varnar dig f\u00f6r fasta hastighetskontroller och r\u00f6dljuskontroller i hela Europa.\" \/>\n<meta name=\"robots\" content=\"index, follow, max-snippet:-1, max-image-preview:large, max-video-preview:-1\" \/>\n<link rel=\"canonical\" href=\"https:\/\/radarservice.eu\/sv\/produkt\/genevo-gps-poi-warner\/\" \/>\n<meta property=\"og:locale\" content=\"sv_SE\" \/>\n<meta property=\"og:type\" content=\"article\" \/>\n<meta property=\"og:title\" content=\"Genevo GPS+ POI Warner | Radar Service\" \/>\n<meta property=\"og:description\" content=\"Genevo GPS+ Warner varnar dig f\u00f6r fasta hastighetskontroller och r\u00f6dljuskontroller i hela Europa.\" \/>\n<meta property=\"og:url\" content=\"https:\/\/radarservice.eu\/sv\/produkt\/genevo-gps-poi-warner\/\" \/>\n<meta property=\"og:site_name\" content=\"Radar Service\" \/>\n<meta property=\"og:image\" content=\"https:\/\/radarservice.eu\/wp-content\/uploads\/2020\/09\/Genevo_GPS_Plus.jpg\" \/>\n\t<meta property=\"og:image:width\" content=\"1800\" \/>\n\t<meta property=\"og:image:height\" content=\"1286\" \/>\n\t<meta property=\"og:image:type\" content=\"image\/jpeg\" \/>\n<meta name=\"twitter:card\" content=\"summary_large_image\" \/>\n<meta name=\"twitter:label1\" content=\"Ber\u00e4knad l\u00e4stid\" \/>\n\t<meta name=\"twitter:data1\" content=\"1 minut\" \/>\n<script type=\"application\/ld+json\" class=\"yoast-schema-graph\">{\"@context\":\"https:\/\/schema.org\",\"@graph\":[{\"@type\":\"WebPage\",\"@id\":\"https:\/\/radarservice.eu\/sv\/produkt\/genevo-gps-poi-warner\/\",\"url\":\"https:\/\/radarservice.eu\/sv\/produkt\/genevo-gps-poi-warner\/\",\"name\":\"Genevo GPS+ POI Warner | Radar Service\",\"isPartOf\":{\"@id\":\"https:\/\/radarservice.eu\/sv\/#website\"},\"primaryImageOfPage\":{\"@id\":\"https:\/\/radarservice.eu\/sv\/produkt\/genevo-gps-poi-warner\/#primaryimage\"},\"image\":{\"@id\":\"https:\/\/radarservice.eu\/sv\/produkt\/genevo-gps-poi-warner\/#primaryimage\"},\"thumbnailUrl\":\"https:\/\/radarservice.eu\/wp-content\/uploads\/2020\/09\/Genevo_GPS_Plus.jpg\",\"datePublished\":\"2021-05-14T14:20:28+00:00\",\"description\":\"Genevo GPS+ Warner varnar dig f\u00f6r fasta hastighetskontroller och r\u00f6dljuskontroller i hela Europa.\",\"breadcrumb\":{\"@id\":\"https:\/\/radarservice.eu\/sv\/produkt\/genevo-gps-poi-warner\/#breadcrumb\"},\"inLanguage\":\"sv-SE\",\"potentialAction\":[{\"@type\":\"ReadAction\",\"target\":[\"https:\/\/radarservice.eu\/sv\/produkt\/genevo-gps-poi-warner\/\"]}]},{\"@type\":\"ImageObject\",\"inLanguage\":\"sv-SE\",\"@id\":\"https:\/\/radarservice.eu\/sv\/produkt\/genevo-gps-poi-warner\/#primaryimage\",\"url\":\"https:\/\/radarservice.eu\/wp-content\/uploads\/2020\/09\/Genevo_GPS_Plus.jpg\",\"contentUrl\":\"https:\/\/radarservice.eu\/wp-content\/uploads\/2020\/09\/Genevo_GPS_Plus.jpg\",\"width\":1800,\"height\":1286,\"caption\":\"Genevo GPS Plus\"},{\"@type\":\"BreadcrumbList\",\"@id\":\"https:\/\/radarservice.eu\/sv\/produkt\/genevo-gps-poi-warner\/#breadcrumb\",\"itemListElement\":[{\"@type\":\"ListItem\",\"position\":1,\"name\":\"Butik\",\"item\":\"https:\/\/radarservice.eu\/sv\/butik\/\"},{\"@type\":\"ListItem\",\"position\":2,\"name\":\"Genevo GPS+ POI Warner\"}]},{\"@type\":\"WebSite\",\"@id\":\"https:\/\/radarservice.eu\/sv\/#website\",\"url\":\"https:\/\/radarservice.eu\/sv\/\",\"name\":\"Radar Service\",\"description\":\"Radar detector Laser jammer mobile fix\",\"publisher\":{\"@id\":\"https:\/\/radarservice.eu\/sv\/#organization\"},\"potentialAction\":[{\"@type\":\"SearchAction\",\"target\":{\"@type\":\"EntryPoint\",\"urlTemplate\":\"https:\/\/radarservice.eu\/sv\/?s={search_term_string}\"},\"query-input\":{\"@type\":\"PropertyValueSpecification\",\"valueRequired\":true,\"valueName\":\"search_term_string\"}}],\"inLanguage\":\"sv-SE\"},{\"@type\":\"Organization\",\"@id\":\"https:\/\/radarservice.eu\/sv\/#organization\",\"name\":\"RadarService\",\"url\":\"https:\/\/radarservice.eu\/sv\/\",\"logo\":{\"@type\":\"ImageObject\",\"inLanguage\":\"sv-SE\",\"@id\":\"https:\/\/radarservice.eu\/sv\/#\/schema\/logo\/image\/\",\"url\":\"https:\/\/radarservice.eu\/wp-content\/uploads\/2021\/03\/Radar_detector_service.png\",\"contentUrl\":\"https:\/\/radarservice.eu\/wp-content\/uploads\/2021\/03\/Radar_detector_service.png\",\"width\":174,\"height\":48,\"caption\":\"RadarService\"},\"image\":{\"@id\":\"https:\/\/radarservice.eu\/sv\/#\/schema\/logo\/image\/\"}}]}<\/script>\n<!-- \/ Yoast SEO plugin. -->","yoast_head_json":{"title":"Genevo GPS+ POI Warner | Radar Service","description":"Genevo GPS+ Warner varnar dig f\u00f6r fasta hastighetskontroller och r\u00f6dljuskontroller i hela Europa.","robots":{"index":"index","follow":"follow","max-snippet":"max-snippet:-1","max-image-preview":"max-image-preview:large","max-video-preview":"max-video-preview:-1"},"canonical":"https:\/\/radarservice.eu\/sv\/produkt\/genevo-gps-poi-warner\/","og_locale":"sv_SE","og_type":"article","og_title":"Genevo GPS+ POI Warner | Radar Service","og_description":"Genevo GPS+ Warner varnar dig f\u00f6r fasta hastighetskontroller och r\u00f6dljuskontroller i hela Europa.","og_url":"https:\/\/radarservice.eu\/sv\/produkt\/genevo-gps-poi-warner\/","og_site_name":"Radar Service","og_image":[{"width":1800,"height":1286,"url":"https:\/\/radarservice.eu\/wp-content\/uploads\/2020\/09\/Genevo_GPS_Plus.jpg","type":"image\/jpeg"}],"twitter_card":"summary_large_image","twitter_misc":{"Ber\u00e4knad l\u00e4stid":"1 minut"},"schema":{"@context":"https:\/\/schema.org","@graph":[{"@type":"WebPage","@id":"https:\/\/radarservice.eu\/sv\/produkt\/genevo-gps-poi-warner\/","url":"https:\/\/radarservice.eu\/sv\/produkt\/genevo-gps-poi-warner\/","name":"Genevo GPS+ POI Warner | Radar Service","isPartOf":{"@id":"https:\/\/radarservice.eu\/sv\/#website"},"primaryImageOfPage":{"@id":"https:\/\/radarservice.eu\/sv\/produkt\/genevo-gps-poi-warner\/#primaryimage"},"image":{"@id":"https:\/\/radarservice.eu\/sv\/produkt\/genevo-gps-poi-warner\/#primaryimage"},"thumbnailUrl":"https:\/\/radarservice.eu\/wp-content\/uploads\/2020\/09\/Genevo_GPS_Plus.jpg","datePublished":"2021-05-14T14:20:28+00:00","description":"Genevo GPS+ Warner varnar dig f\u00f6r fasta hastighetskontroller och r\u00f6dljuskontroller i hela Europa.","breadcrumb":{"@id":"https:\/\/radarservice.eu\/sv\/produkt\/genevo-gps-poi-warner\/#breadcrumb"},"inLanguage":"sv-SE","potentialAction":[{"@type":"ReadAction","target":["https:\/\/radarservice.eu\/sv\/produkt\/genevo-gps-poi-warner\/"]}]},{"@type":"ImageObject","inLanguage":"sv-SE","@id":"https:\/\/radarservice.eu\/sv\/produkt\/genevo-gps-poi-warner\/#primaryimage","url":"https:\/\/radarservice.eu\/wp-content\/uploads\/2020\/09\/Genevo_GPS_Plus.jpg","contentUrl":"https:\/\/radarservice.eu\/wp-content\/uploads\/2020\/09\/Genevo_GPS_Plus.jpg","width":1800,"height":1286,"caption":"Genevo GPS Plus"},{"@type":"BreadcrumbList","@id":"https:\/\/radarservice.eu\/sv\/produkt\/genevo-gps-poi-warner\/#breadcrumb","itemListElement":[{"@type":"ListItem","position":1,"name":"Butik","item":"https:\/\/radarservice.eu\/sv\/butik\/"},{"@type":"ListItem","position":2,"name":"Genevo GPS+ POI Warner"}]},{"@type":"WebSite","@id":"https:\/\/radarservice.eu\/sv\/#website","url":"https:\/\/radarservice.eu\/sv\/","name":"Radar Service","description":"Radar detector Laser jammer mobile fix","publisher":{"@id":"https:\/\/radarservice.eu\/sv\/#organization"},"potentialAction":[{"@type":"SearchAction","target":{"@type":"EntryPoint","urlTemplate":"https:\/\/radarservice.eu\/sv\/?s={search_term_string}"},"query-input":{"@type":"PropertyValueSpecification","valueRequired":true,"valueName":"search_term_string"}}],"inLanguage":"sv-SE"},{"@type":"Organization","@id":"https:\/\/radarservice.eu\/sv\/#organization","name":"RadarService","url":"https:\/\/radarservice.eu\/sv\/","logo":{"@type":"ImageObject","inLanguage":"sv-SE","@id":"https:\/\/radarservice.eu\/sv\/#\/schema\/logo\/image\/","url":"https:\/\/radarservice.eu\/wp-content\/uploads\/2021\/03\/Radar_detector_service.png","contentUrl":"https:\/\/radarservice.eu\/wp-content\/uploads\/2021\/03\/Radar_detector_service.png","width":174,"height":48,"caption":"RadarService"},"image":{"@id":"https:\/\/radarservice.eu\/sv\/#\/schema\/logo\/image\/"}}]}},"_links":{"self":[{"href":"https:\/\/radarservice.eu\/sv\/wp-json\/wp\/v2\/product\/16062","targetHints":{"allow":["GET"]}}],"collection":[{"href":"https:\/\/radarservice.eu\/sv\/wp-json\/wp\/v2\/product"}],"about":[{"href":"https:\/\/radarservice.eu\/sv\/wp-json\/wp\/v2\/types\/product"}],"replies":[{"embeddable":true,"href":"https:\/\/radarservice.eu\/sv\/wp-json\/wp\/v2\/comments?post=16062"}],"wp:featuredmedia":[{"embeddable":true,"href":"https:\/\/radarservice.eu\/sv\/wp-json\/wp\/v2\/media\/16063"}],"wp:attachment":[{"href":"https:\/\/radarservice.eu\/sv\/wp-json\/wp\/v2\/media?parent=16062"}],"wp:term":[{"taxonomy":"product_brand","embeddable":true,"href":"https:\/\/radarservice.eu\/sv\/wp-json\/wp\/v2\/product_brand?post=16062"},{"taxonomy":"product_cat","embeddable":true,"href":"https:\/\/radarservice.eu\/sv\/wp-json\/wp\/v2\/product_cat?post=16062"},{"taxonomy":"product_tag","embeddable":true,"href":"https:\/\/radarservice.eu\/sv\/wp-json\/wp\/v2\/product_tag?post=16062"}],"curies":[{"name":"wp","href":"https:\/\/api.w.org\/{rel}","templated":true}]}}