{"id":16059,"date":"2021-05-14T16:16:55","date_gmt":"2021-05-14T14:16:55","guid":{"rendered":"https:\/\/radarservice.eu\/produkt\/quintezz-drive-control-gps-v4-0\/"},"modified":"2021-05-14T16:16:55","modified_gmt":"2021-05-14T14:16:55","slug":"quintezz-drive-control-gps-v4-0","status":"publish","type":"product","link":"https:\/\/radarservice.eu\/sv\/produkt\/quintezz-drive-control-gps-v4-0\/","title":{"rendered":"Quintezz Drive Control GPS V4.0"},"content":{"rendered":"<p>Den mobila radardetektorn Quintezz Drive Control \u00e4r en kostnadseffektiv instegsenhet som \u00e4r l\u00e4mplig f\u00f6r anv\u00e4ndning i Europa. Genom den inbyggda GPS-mottagaren f\u00e5r du inte bara radar- och laservarningar, utan \u00e4ven varningar fr\u00e5n permanent installerade hastighets- och r\u00f6dljus\u00f6vervakningssystem.<br \/>.<br \/>\nRadar- och laservarningsfunktionen kan vid behov avaktiveras med en knapptryckning (t.ex. vid trafik\u00f6vervakning, gr\u00e4nstrafik) och \u00e5teraktiveras senare med en hemlig kod.<\/p>\n<p>.<\/p>\n<p>Quintezz Drive Control \u00e4r optimal f\u00f6r f\u00f6rare som klarar sig med genomsnittliga prestanda och f\u00f6r vilka ett grundl\u00e4ggande skydd \u00e4r tillr\u00e4ckligt.<\/p>\n<p><strong>Anm\u00e4rkning:<\/strong> Quintezz Drive Control har lasermottagning, men f\u00f6r s\u00e4kert laserskydd rekommenderar vi<br \/>\nanv\u00e4ndning av en aktiv laserblockerare, t.ex. Genevo FF2 eller AL Priority.<\/p>\n<p><strong>\u00d6versikt:<\/strong><br \/>\n+ mobil radardetektor med 12V cigarett\u00e4ndaranslutning<br \/>.<br \/>\n+ Radar- och laservarning<br \/>\n+ Ka smalt band f\u00f6r maximal prestanda med europeisk Multanova-radar<br \/>\n+ M\u00e5tt: 34 x 75 x 117 (h\u00f6jd x bredd x l\u00e4ngd i mm)<\/p>\n<p>.<\/p>\n<p><strong>Frekvensomr\u00e5den:<\/strong><br \/>.<br \/>\n+ X-Band &#8211; 9,41 GHz, 9,90 GHz, 10,50 GHz, 10,525 GHz, 10,60 GHz<br \/>\n+ K-bandet &#8211; 24,10 GHz, 24,125 GHz, 24,150 GHz<br \/>\n+ Ka-Narrow &#8211; 34.00 GHz, 34.30 GHz, 34.36 GHz<br \/>\n+ Ka-Wide &#8211; 35,50 GHz, 35,70 GHz<br \/>\n+ KU-bandet &#8211; 13,450 GHz<\/p>\n<p><strong>Leveransens omfattning:<\/strong><br \/>\n* Quintezz Drive Control V4.0 Radardetektor<br \/>.<br \/>\n* F\u00e4ste och 12V-anslutningskabel<br \/>.<br \/>\n* USB-kabel<br \/>\n* Uppdatera programvaran (kamera med fast hastighet)<br \/>\n* Tysk bruksanvisning<\/p>\n","protected":false},"excerpt":{"rendered":"<p>Den mobila radardetektorn Quintezz Drive Control \u00e4r en kostnadseffektiv instegsenhet som \u00e4r l\u00e4mplig f\u00f6r anv\u00e4ndning i Europa. Genom den inbyggda GPS-mottagaren f\u00e5r du inte bara radar- och laservarningar, utan \u00e4ven varningar fr\u00e5n permanent installerade hastighets- och r\u00f6dljus\u00f6vervakningssystem.. Radar- och laservarningsfunktionen kan vid behov avaktiveras med en knapptryckning (t.ex. vid trafik\u00f6vervakning, gr\u00e4nstrafik) och \u00e5teraktiveras senare med [&#8230;]\n","protected":false},"featured_media":16060,"comment_status":"open","ping_status":"closed","template":"","meta":[],"product_brand":[],"product_cat":[1775,1855],"product_tag":[1859,1759,1782,1781,1783,1858,1758],"class_list":{"0":"post-16059","1":"product","2":"type-product","3":"status-publish","4":"has-post-thumbnail","6":"product_cat-mobila-radardetektorer","7":"product_cat-quintezz-sv","8":"product_tag-enhet-pa-instegsniva","9":"product_tag-europa-sv","10":"product_tag-gps-sv","11":"product_tag-laserdetektor","12":"product_tag-poi-warner-sv","13":"product_tag-quintezz-drive-control-sv","14":"product_tag-radardetektor","16":"first","17":"instock","18":"taxable","19":"shipping-taxable","20":"purchasable","21":"product-type-simple"},"yoast_head":"<!-- This site is optimized with the Yoast SEO plugin v27.2 - https:\/\/yoast.com\/product\/yoast-seo-wordpress\/ -->\n<title>Quintezz Drive Control GPS V4.0 | Radar Service<\/title>\n<meta name=\"description\" content=\"Den mobila radardetektorn Quintezz Drive Control \u00e4r en kostnadseffektiv instegsapparat som l\u00e4mpar sig f\u00f6r anv\u00e4ndning i Europa.\" \/>\n<meta name=\"robots\" content=\"index, follow, max-snippet:-1, max-image-preview:large, max-video-preview:-1\" \/>\n<link rel=\"canonical\" href=\"https:\/\/radarservice.eu\/sv\/produkt\/quintezz-drive-control-gps-v4-0\/\" \/>\n<meta property=\"og:locale\" content=\"sv_SE\" \/>\n<meta property=\"og:type\" content=\"article\" \/>\n<meta property=\"og:title\" content=\"Quintezz Drive Control GPS V4.0 | Radar Service\" \/>\n<meta property=\"og:description\" content=\"Den mobila radardetektorn Quintezz Drive Control \u00e4r en kostnadseffektiv instegsapparat som l\u00e4mpar sig f\u00f6r anv\u00e4ndning i Europa.\" \/>\n<meta property=\"og:url\" content=\"https:\/\/radarservice.eu\/sv\/produkt\/quintezz-drive-control-gps-v4-0\/\" \/>\n<meta property=\"og:site_name\" content=\"Radar Service\" \/>\n<meta property=\"og:image\" content=\"https:\/\/radarservice.eu\/wp-content\/uploads\/2020\/09\/quintezz_drive_control_gps_v4.jpg\" \/>\n\t<meta property=\"og:image:width\" content=\"450\" \/>\n\t<meta property=\"og:image:height\" content=\"450\" \/>\n\t<meta property=\"og:image:type\" content=\"image\/jpeg\" \/>\n<meta name=\"twitter:card\" content=\"summary_large_image\" \/>\n<meta name=\"twitter:label1\" content=\"Ber\u00e4knad l\u00e4stid\" \/>\n\t<meta name=\"twitter:data1\" content=\"1 minut\" \/>\n<script type=\"application\/ld+json\" class=\"yoast-schema-graph\">{\"@context\":\"https:\/\/schema.org\",\"@graph\":[{\"@type\":\"WebPage\",\"@id\":\"https:\/\/radarservice.eu\/sv\/produkt\/quintezz-drive-control-gps-v4-0\/\",\"url\":\"https:\/\/radarservice.eu\/sv\/produkt\/quintezz-drive-control-gps-v4-0\/\",\"name\":\"Quintezz Drive Control GPS V4.0 | Radar Service\",\"isPartOf\":{\"@id\":\"https:\/\/radarservice.eu\/sv\/#website\"},\"primaryImageOfPage\":{\"@id\":\"https:\/\/radarservice.eu\/sv\/produkt\/quintezz-drive-control-gps-v4-0\/#primaryimage\"},\"image\":{\"@id\":\"https:\/\/radarservice.eu\/sv\/produkt\/quintezz-drive-control-gps-v4-0\/#primaryimage\"},\"thumbnailUrl\":\"https:\/\/radarservice.eu\/wp-content\/uploads\/2020\/09\/quintezz_drive_control_gps_v4.jpg\",\"datePublished\":\"2021-05-14T14:16:55+00:00\",\"description\":\"Den mobila radardetektorn Quintezz Drive Control \u00e4r en kostnadseffektiv instegsapparat som l\u00e4mpar sig f\u00f6r anv\u00e4ndning i Europa.\",\"breadcrumb\":{\"@id\":\"https:\/\/radarservice.eu\/sv\/produkt\/quintezz-drive-control-gps-v4-0\/#breadcrumb\"},\"inLanguage\":\"sv-SE\",\"potentialAction\":[{\"@type\":\"ReadAction\",\"target\":[\"https:\/\/radarservice.eu\/sv\/produkt\/quintezz-drive-control-gps-v4-0\/\"]}]},{\"@type\":\"ImageObject\",\"inLanguage\":\"sv-SE\",\"@id\":\"https:\/\/radarservice.eu\/sv\/produkt\/quintezz-drive-control-gps-v4-0\/#primaryimage\",\"url\":\"https:\/\/radarservice.eu\/wp-content\/uploads\/2020\/09\/quintezz_drive_control_gps_v4.jpg\",\"contentUrl\":\"https:\/\/radarservice.eu\/wp-content\/uploads\/2020\/09\/quintezz_drive_control_gps_v4.jpg\",\"width\":450,\"height\":450,\"caption\":\"Quintezz Drive Control GPS V4.0\"},{\"@type\":\"BreadcrumbList\",\"@id\":\"https:\/\/radarservice.eu\/sv\/produkt\/quintezz-drive-control-gps-v4-0\/#breadcrumb\",\"itemListElement\":[{\"@type\":\"ListItem\",\"position\":1,\"name\":\"Butik\",\"item\":\"https:\/\/radarservice.eu\/sv\/butik\/\"},{\"@type\":\"ListItem\",\"position\":2,\"name\":\"Quintezz Drive Control GPS V4.0\"}]},{\"@type\":\"WebSite\",\"@id\":\"https:\/\/radarservice.eu\/sv\/#website\",\"url\":\"https:\/\/radarservice.eu\/sv\/\",\"name\":\"Radar Service\",\"description\":\"Radar detector Laser jammer mobile fix\",\"publisher\":{\"@id\":\"https:\/\/radarservice.eu\/sv\/#organization\"},\"potentialAction\":[{\"@type\":\"SearchAction\",\"target\":{\"@type\":\"EntryPoint\",\"urlTemplate\":\"https:\/\/radarservice.eu\/sv\/?s={search_term_string}\"},\"query-input\":{\"@type\":\"PropertyValueSpecification\",\"valueRequired\":true,\"valueName\":\"search_term_string\"}}],\"inLanguage\":\"sv-SE\"},{\"@type\":\"Organization\",\"@id\":\"https:\/\/radarservice.eu\/sv\/#organization\",\"name\":\"RadarService\",\"url\":\"https:\/\/radarservice.eu\/sv\/\",\"logo\":{\"@type\":\"ImageObject\",\"inLanguage\":\"sv-SE\",\"@id\":\"https:\/\/radarservice.eu\/sv\/#\/schema\/logo\/image\/\",\"url\":\"https:\/\/radarservice.eu\/wp-content\/uploads\/2021\/03\/Radar_detector_service.png\",\"contentUrl\":\"https:\/\/radarservice.eu\/wp-content\/uploads\/2021\/03\/Radar_detector_service.png\",\"width\":174,\"height\":48,\"caption\":\"RadarService\"},\"image\":{\"@id\":\"https:\/\/radarservice.eu\/sv\/#\/schema\/logo\/image\/\"}}]}<\/script>\n<!-- \/ Yoast SEO plugin. -->","yoast_head_json":{"title":"Quintezz Drive Control GPS V4.0 | Radar Service","description":"Den mobila radardetektorn Quintezz Drive Control \u00e4r en kostnadseffektiv instegsapparat som l\u00e4mpar sig f\u00f6r anv\u00e4ndning i Europa.","robots":{"index":"index","follow":"follow","max-snippet":"max-snippet:-1","max-image-preview":"max-image-preview:large","max-video-preview":"max-video-preview:-1"},"canonical":"https:\/\/radarservice.eu\/sv\/produkt\/quintezz-drive-control-gps-v4-0\/","og_locale":"sv_SE","og_type":"article","og_title":"Quintezz Drive Control GPS V4.0 | Radar Service","og_description":"Den mobila radardetektorn Quintezz Drive Control \u00e4r en kostnadseffektiv instegsapparat som l\u00e4mpar sig f\u00f6r anv\u00e4ndning i Europa.","og_url":"https:\/\/radarservice.eu\/sv\/produkt\/quintezz-drive-control-gps-v4-0\/","og_site_name":"Radar Service","og_image":[{"width":450,"height":450,"url":"https:\/\/radarservice.eu\/wp-content\/uploads\/2020\/09\/quintezz_drive_control_gps_v4.jpg","type":"image\/jpeg"}],"twitter_card":"summary_large_image","twitter_misc":{"Ber\u00e4knad l\u00e4stid":"1 minut"},"schema":{"@context":"https:\/\/schema.org","@graph":[{"@type":"WebPage","@id":"https:\/\/radarservice.eu\/sv\/produkt\/quintezz-drive-control-gps-v4-0\/","url":"https:\/\/radarservice.eu\/sv\/produkt\/quintezz-drive-control-gps-v4-0\/","name":"Quintezz Drive Control GPS V4.0 | Radar Service","isPartOf":{"@id":"https:\/\/radarservice.eu\/sv\/#website"},"primaryImageOfPage":{"@id":"https:\/\/radarservice.eu\/sv\/produkt\/quintezz-drive-control-gps-v4-0\/#primaryimage"},"image":{"@id":"https:\/\/radarservice.eu\/sv\/produkt\/quintezz-drive-control-gps-v4-0\/#primaryimage"},"thumbnailUrl":"https:\/\/radarservice.eu\/wp-content\/uploads\/2020\/09\/quintezz_drive_control_gps_v4.jpg","datePublished":"2021-05-14T14:16:55+00:00","description":"Den mobila radardetektorn Quintezz Drive Control \u00e4r en kostnadseffektiv instegsapparat som l\u00e4mpar sig f\u00f6r anv\u00e4ndning i Europa.","breadcrumb":{"@id":"https:\/\/radarservice.eu\/sv\/produkt\/quintezz-drive-control-gps-v4-0\/#breadcrumb"},"inLanguage":"sv-SE","potentialAction":[{"@type":"ReadAction","target":["https:\/\/radarservice.eu\/sv\/produkt\/quintezz-drive-control-gps-v4-0\/"]}]},{"@type":"ImageObject","inLanguage":"sv-SE","@id":"https:\/\/radarservice.eu\/sv\/produkt\/quintezz-drive-control-gps-v4-0\/#primaryimage","url":"https:\/\/radarservice.eu\/wp-content\/uploads\/2020\/09\/quintezz_drive_control_gps_v4.jpg","contentUrl":"https:\/\/radarservice.eu\/wp-content\/uploads\/2020\/09\/quintezz_drive_control_gps_v4.jpg","width":450,"height":450,"caption":"Quintezz Drive Control GPS V4.0"},{"@type":"BreadcrumbList","@id":"https:\/\/radarservice.eu\/sv\/produkt\/quintezz-drive-control-gps-v4-0\/#breadcrumb","itemListElement":[{"@type":"ListItem","position":1,"name":"Butik","item":"https:\/\/radarservice.eu\/sv\/butik\/"},{"@type":"ListItem","position":2,"name":"Quintezz Drive Control GPS V4.0"}]},{"@type":"WebSite","@id":"https:\/\/radarservice.eu\/sv\/#website","url":"https:\/\/radarservice.eu\/sv\/","name":"Radar Service","description":"Radar detector Laser jammer mobile fix","publisher":{"@id":"https:\/\/radarservice.eu\/sv\/#organization"},"potentialAction":[{"@type":"SearchAction","target":{"@type":"EntryPoint","urlTemplate":"https:\/\/radarservice.eu\/sv\/?s={search_term_string}"},"query-input":{"@type":"PropertyValueSpecification","valueRequired":true,"valueName":"search_term_string"}}],"inLanguage":"sv-SE"},{"@type":"Organization","@id":"https:\/\/radarservice.eu\/sv\/#organization","name":"RadarService","url":"https:\/\/radarservice.eu\/sv\/","logo":{"@type":"ImageObject","inLanguage":"sv-SE","@id":"https:\/\/radarservice.eu\/sv\/#\/schema\/logo\/image\/","url":"https:\/\/radarservice.eu\/wp-content\/uploads\/2021\/03\/Radar_detector_service.png","contentUrl":"https:\/\/radarservice.eu\/wp-content\/uploads\/2021\/03\/Radar_detector_service.png","width":174,"height":48,"caption":"RadarService"},"image":{"@id":"https:\/\/radarservice.eu\/sv\/#\/schema\/logo\/image\/"}}]}},"_links":{"self":[{"href":"https:\/\/radarservice.eu\/sv\/wp-json\/wp\/v2\/product\/16059","targetHints":{"allow":["GET"]}}],"collection":[{"href":"https:\/\/radarservice.eu\/sv\/wp-json\/wp\/v2\/product"}],"about":[{"href":"https:\/\/radarservice.eu\/sv\/wp-json\/wp\/v2\/types\/product"}],"replies":[{"embeddable":true,"href":"https:\/\/radarservice.eu\/sv\/wp-json\/wp\/v2\/comments?post=16059"}],"wp:featuredmedia":[{"embeddable":true,"href":"https:\/\/radarservice.eu\/sv\/wp-json\/wp\/v2\/media\/16060"}],"wp:attachment":[{"href":"https:\/\/radarservice.eu\/sv\/wp-json\/wp\/v2\/media?parent=16059"}],"wp:term":[{"taxonomy":"product_brand","embeddable":true,"href":"https:\/\/radarservice.eu\/sv\/wp-json\/wp\/v2\/product_brand?post=16059"},{"taxonomy":"product_cat","embeddable":true,"href":"https:\/\/radarservice.eu\/sv\/wp-json\/wp\/v2\/product_cat?post=16059"},{"taxonomy":"product_tag","embeddable":true,"href":"https:\/\/radarservice.eu\/sv\/wp-json\/wp\/v2\/product_tag?post=16059"}],"curies":[{"name":"wp","href":"https:\/\/api.w.org\/{rel}","templated":true}]}}