{"id":16050,"date":"2021-05-14T13:23:47","date_gmt":"2021-05-14T11:23:47","guid":{"rendered":"https:\/\/radarservice.eu\/produkt\/escort-redline-ex-international\/"},"modified":"2025-06-22T05:10:32","modified_gmt":"2025-06-22T03:10:32","slug":"escort-redline-ex-international","status":"publish","type":"product","link":"https:\/\/radarservice.eu\/sv\/produkt\/escort-redline-ex-international\/","title":{"rendered":"Escort RedLine EX International"},"content":{"rendered":"<h2>Escort RedLine EX International Radardetektor<\/h2>\n<p>.<\/p>\n<p>Escorts RedLine-serie \u00e4r en av de mest uppskattade radardetektorerna p\u00e5 senare \u00e5r och har f\u00e5tt m\u00e5nga positiva kundomd\u00f6men. Med RedLine EX radardetektorn f\u00f6rb\u00e4ttrar Escort en klassiker genom att utveckla en modern f\u00e4rgdisplay och ett f\u00f6rb\u00e4ttrat filter f\u00f6r falska larm.<\/p>\n[bildtext id=&#8221;attachment_13938&#8243; align=&#8221;aligncenter&#8221; width=&#8221;600&#8243;]<img loading=\"lazy\" decoding=\"async\" src=\"https:\/\/radarservice.eu\/wp-content\/uploads\/2020\/09\/Escort_Redline_Lieferumfang.jpg\" alt=\"Escort Redline EX leveransomfattning\" width=\"600\" height=\"600\" class=\"size-full wp-image-16056\" srcset=\"https:\/\/radarservice.eu\/wp-content\/uploads\/2020\/09\/Escort_Redline_Lieferumfang.jpg 800w, https:\/\/radarservice.eu\/wp-content\/uploads\/2020\/09\/Escort_Redline_Lieferumfang-300x300.jpg 300w, https:\/\/radarservice.eu\/wp-content\/uploads\/2020\/09\/Escort_Redline_Lieferumfang-150x150.jpg 150w, https:\/\/radarservice.eu\/wp-content\/uploads\/2020\/09\/Escort_Redline_Lieferumfang-768x768.jpg 768w, https:\/\/radarservice.eu\/wp-content\/uploads\/2020\/09\/Escort_Redline_Lieferumfang-510x510.jpg 510w, https:\/\/radarservice.eu\/wp-content\/uploads\/2020\/09\/Escort_Redline_Lieferumfang-100x100.jpg 100w\" sizes=\"auto, (max-width: 600px) 100vw, 600px\" \/> Escort Redline EX leveransomfattning[\/bildtext]\n<h3>F\u00f6rb\u00e4ttrat filter f\u00f6r falska larm<\/h3>\n<p>Med inf\u00f6randet av f\u00f6rarassistanssystem i moderna bilar uppstod ytterligare problem och ofta falska larm f\u00f6r radardetektorer.  Eftersom assistanssystemen anv\u00e4nder liknande frekvenser som konventionella hastighetsf\u00e4llor. Escort RedLine EX k\u00e4nner av signalerna fr\u00e5n f\u00f6rarassistanssystemen och separerar dem fr\u00e5n signalerna fr\u00e5n de riktiga hastighetsf\u00e4llorna, vilket g\u00f6r att on\u00f6diga falska larm undviks.<\/p>\n<h3>AutoLearn-teknik<\/h3>\n<p>RedLine EX:s AutoLearn-funktion kombinerar GPS-platsinformation med det unika frekvensomr\u00e5det f\u00f6r mottagna radarsignaler. P\u00e5 s\u00e5 s\u00e4tt kan radardetektorn automatiskt uppt\u00e4cka falska larm och filtrera dem i framtiden. Du kommer att h\u00f6ra f\u00e4rre falska larm \u00e4ven om du inte manuellt markerar dessa platser som falska larm. Efter endast tre falska larm p\u00e5 samma plats kommer denna plats att filtreras helt automatiskt i framtiden med hj\u00e4lp av GPS-positionering.<\/p>\n<p>.<\/p>\n<h3>Snabb visualisering av faror<\/h3>\n<p>.<\/p>\n<p>Den nya OLED-displayen ger dig en snabb och tydlig \u00f6verblick \u00f6ver relevant information om inkommande faralarm. Tydliga symboler och en extra lysdiod ger en perfekt visuell varning f\u00f6r ytterligare skydd. Sk\u00e4rmens ljusstyrka kan justeras gradvis fr\u00e5n ljus till m\u00f6rk och anpassas med avseende p\u00e5 f\u00e4rg.<\/p>\n<p>.<\/p>\n<h3>Tv\u00e5 antenner f\u00f6r perfekt mottagning<\/h3>\n<p>.<\/p>\n<p>De tv\u00e5 radarantennerna ger dig tidigast m\u00f6jliga varningar f\u00f6r alla europeiska frekvenser. De nya radarf\u00e4llorna GATSO, Multaradar CT (MRCT) \/ Multaradar CD (MRCD) \/ MultaRadar Moving och Gatso uppt\u00e4cks ocks\u00e5 tidigt. Redline EX \u00e4r ocks\u00e5 utrustad med flera lasersensorer. Bland dem finns en speciell lasermottagare f\u00f6r att uppt\u00e4cka en hastighetsm\u00e4tning bakifr\u00e5n. Patenterad digital signalbehandling analyserar inkommande s\u00e4ndningar och filtrerar bort brus, vilket minimerar st\u00f6rande falsklarm. <\/p>\n<h3>GPS POI Warner med en databas \u00f6ver fartkameror i Europa<\/h3>\n<p>.<\/p>\n<p>RedLine EX International levereras med en f\u00f6rinstallerad databas med fasta hastighetskameror, trafikljuskameror och sektionskontroller i hela Europa. Med den integrerade GPS-mottagaren och Europadatabasen rapporteras \u00e4ven fasta hastighetsf\u00e4llor p\u00e5 ett tillf\u00f6rlitligt s\u00e4tt. Uppdateringar av databasen kan laddas ner och installeras n\u00e4r som helst. Du beh\u00f6ver en prenumeration och en Windows\u00ae-baserad dator f\u00f6r att uppdatera RedLine EX-databasen. <\/p>\n<h3>Praktiskt sett osynlig f\u00f6r uppt\u00e4ckt<\/h3>\n<p>.<\/p>\n<p>TotalShield-tekniken s\u00e4kerst\u00e4ller att du inte kan sp\u00e5ras.  Inte ens de nuvarande VG2- och Spectre-detektorerna som anv\u00e4nds av polisen kan lokalisera Escort-radardetektorn. Med den h\u00e4r f\u00f6rdelen kan du anv\u00e4nda Escort Redline EX utan att oroa dig.<\/p>\n<p>.<\/p>\n<h3>Ansluta smartphone via Bluetooth<\/h3>\n<p>.<\/p>\n<p>Med det inbyggda Bluetooth-gr\u00e4nssnittet kan du enkelt koppla ihop Escort-radardetektorn med din telefon och ansluta den till Escort Live-appen. <\/p>\n<h3>Spara dina egna farozoner och automatisk ljudd\u00e4mpning<\/h3>\n<p>.<\/p>\n<p>Du kan spara dina egna faropunkter genom att trycka p\u00e5 en knapp. RedLine EX kommer att varna dig vid dessa platser i framtiden n\u00e4r du n\u00e4rmar dig.  Eller tryck p\u00e5 ljudknappen p\u00e5 en plats d\u00e4r du inte vill bli varnad i framtiden. Redline Radardetektor kommer ih\u00e5g GPS-koordinaterna och radarfrekvensen och st\u00e4nger av larmet n\u00e4sta g\u00e5ng du k\u00f6r f\u00f6rbi platsen. Om en annan radarfrekvens tas emot p\u00e5 den platsen, till exempel p\u00e5 grund av en hastighetsf\u00e4lla, kommer Escort EX \u00e4nd\u00e5 att varna dig i framtiden.<\/p>\n<p>.<\/p>\n<h3>Anv\u00e4ndarv\u00e4nlig drift<\/h3>\n<p>.<\/p>\n<p>RedLine EX-radardetektorn g\u00f6r det enkelt f\u00f6r dig att dra nytta av den fantastiska tekniken. Med tv\u00e5 f\u00f6rkonfigurerade k\u00e4nslighetsniv\u00e5er kan du st\u00e4lla in radardetektorn f\u00f6r anv\u00e4ndning i staden och p\u00e5 motorv\u00e4gen. Det digitala r\u00f6stljudet \u00e4r p\u00e5 engelska eller spanska, och du kan anv\u00e4nda mute-funktionen f\u00f6r att justera volymen eller st\u00e4nga av den helt.<\/p>\n<h3>SmartCord och resv\u00e4ska<\/h3>\n<p>Din Escort RedLine EX levereras med en resv\u00e4ska och en 12-volts SmartCord-anslutningskabel f\u00f6r cigarett\u00e4ndaren.  Det avancerade f\u00e4stet f\u00e4sts s\u00e4kert p\u00e5 vindrutan och g\u00f6r att du snabbt kan montera radardetektorn. Med den integrerade lysdioden i SmartCord-kabeln kan du se varningar \u00e4ven n\u00e4r displayen \u00e4r avst\u00e4ngd. <\/p>\n<p><strong>Anm\u00e4rkning:<\/strong> Escort Redline har god lasermottagning, men vi rekommenderar anv\u00e4ndning av en aktiv laserblockerare som AL Priority eller LaserTrack Flare f\u00f6r s\u00e4kert laserskydd.<\/p>\n<p>.<\/p>\n","protected":false},"excerpt":{"rendered":"<h2>Escort RedLine EX International<\/h2>\n<p>Radardetektor med Bluetooth, GPS och databas f\u00f6r Europa. Mycket bra radardetektor f\u00f6r anv\u00e4ndning i Europa.<br \/>\nSpeciellt inst\u00e4lld f\u00f6r anv\u00e4ndning i Europa, skydd mot X-, K-, Ka-, MultaRadar- och Gatso-radarf\u00e4llor. <\/p>\n","protected":false},"featured_media":16055,"comment_status":"open","ping_status":"closed","template":"","meta":[],"product_brand":[],"product_cat":[1881,1775,1757],"product_tag":[1854,1759,1781,1853,1758],"class_list":{"0":"post-16050","1":"product","2":"type-product","3":"status-publish","4":"has-post-thumbnail","6":"product_cat-escort-sv","7":"product_cat-mobila-radardetektorer","8":"product_cat-rekommenderade-radardetektorer","9":"product_tag-escort-redline-sv","10":"product_tag-europa-sv","11":"product_tag-laserdetektor","12":"product_tag-mobil-radardetektor","13":"product_tag-radardetektor","15":"first","16":"onbackorder","17":"sale","18":"taxable","19":"shipping-taxable","20":"purchasable","21":"product-type-simple"},"yoast_head":"<!-- This site is optimized with the Yoast SEO plugin v27.2 - https:\/\/yoast.com\/product\/yoast-seo-wordpress\/ -->\n<title>Escort RedLine EX International | Radar Service<\/title>\n<meta name=\"description\" content=\"Radardetektorn Escort RedLine EX erbjuder mycket bra radarvarning och b\u00e4sta m\u00f6jliga skydd mot mobila hastighetsf\u00e4llor och laserm\u00e4tningar.\" \/>\n<meta name=\"robots\" content=\"index, follow, max-snippet:-1, max-image-preview:large, max-video-preview:-1\" \/>\n<link rel=\"canonical\" href=\"https:\/\/radarservice.eu\/sv\/produkt\/escort-redline-ex-international\/\" \/>\n<meta property=\"og:locale\" content=\"sv_SE\" \/>\n<meta property=\"og:type\" content=\"article\" \/>\n<meta property=\"og:title\" content=\"Escort RedLine EX International | Radar Service\" \/>\n<meta property=\"og:description\" content=\"Radardetektorn Escort RedLine EX erbjuder mycket bra radarvarning och b\u00e4sta m\u00f6jliga skydd mot mobila hastighetsf\u00e4llor och laserm\u00e4tningar.\" \/>\n<meta property=\"og:url\" content=\"https:\/\/radarservice.eu\/sv\/produkt\/escort-redline-ex-international\/\" \/>\n<meta property=\"og:site_name\" content=\"Radar Service\" \/>\n<meta property=\"article:modified_time\" content=\"2025-06-22T03:10:32+00:00\" \/>\n<meta property=\"og:image\" content=\"https:\/\/radarservice.eu\/wp-content\/uploads\/2020\/09\/Escort_Redline_EX_International_display.png\" \/>\n\t<meta property=\"og:image:width\" content=\"780\" \/>\n\t<meta property=\"og:image:height\" content=\"440\" \/>\n\t<meta property=\"og:image:type\" content=\"image\/png\" \/>\n<meta name=\"twitter:card\" content=\"summary_large_image\" \/>\n<meta name=\"twitter:label1\" content=\"Ber\u00e4knad l\u00e4stid\" \/>\n\t<meta name=\"twitter:data1\" content=\"4 minuter\" \/>\n<script type=\"application\/ld+json\" class=\"yoast-schema-graph\">{\"@context\":\"https:\/\/schema.org\",\"@graph\":[{\"@type\":\"WebPage\",\"@id\":\"https:\/\/radarservice.eu\/sv\/produkt\/escort-redline-ex-international\/\",\"url\":\"https:\/\/radarservice.eu\/sv\/produkt\/escort-redline-ex-international\/\",\"name\":\"Escort RedLine EX International | Radar Service\",\"isPartOf\":{\"@id\":\"https:\/\/radarservice.eu\/sv\/#website\"},\"primaryImageOfPage\":{\"@id\":\"https:\/\/radarservice.eu\/sv\/produkt\/escort-redline-ex-international\/#primaryimage\"},\"image\":{\"@id\":\"https:\/\/radarservice.eu\/sv\/produkt\/escort-redline-ex-international\/#primaryimage\"},\"thumbnailUrl\":\"https:\/\/radarservice.eu\/wp-content\/uploads\/2020\/09\/Escort_Redline_EX_International_display.png\",\"datePublished\":\"2021-05-14T11:23:47+00:00\",\"dateModified\":\"2025-06-22T03:10:32+00:00\",\"description\":\"Radardetektorn Escort RedLine EX erbjuder mycket bra radarvarning och b\u00e4sta m\u00f6jliga skydd mot mobila hastighetsf\u00e4llor och laserm\u00e4tningar.\",\"breadcrumb\":{\"@id\":\"https:\/\/radarservice.eu\/sv\/produkt\/escort-redline-ex-international\/#breadcrumb\"},\"inLanguage\":\"sv-SE\",\"potentialAction\":[{\"@type\":\"ReadAction\",\"target\":[\"https:\/\/radarservice.eu\/sv\/produkt\/escort-redline-ex-international\/\"]}]},{\"@type\":\"ImageObject\",\"inLanguage\":\"sv-SE\",\"@id\":\"https:\/\/radarservice.eu\/sv\/produkt\/escort-redline-ex-international\/#primaryimage\",\"url\":\"https:\/\/radarservice.eu\/wp-content\/uploads\/2020\/09\/Escort_Redline_EX_International_display.png\",\"contentUrl\":\"https:\/\/radarservice.eu\/wp-content\/uploads\/2020\/09\/Escort_Redline_EX_International_display.png\",\"width\":780,\"height\":440,\"caption\":\"Escort Redline EX Internationell visning\"},{\"@type\":\"BreadcrumbList\",\"@id\":\"https:\/\/radarservice.eu\/sv\/produkt\/escort-redline-ex-international\/#breadcrumb\",\"itemListElement\":[{\"@type\":\"ListItem\",\"position\":1,\"name\":\"Butik\",\"item\":\"https:\/\/radarservice.eu\/sv\/butik\/\"},{\"@type\":\"ListItem\",\"position\":2,\"name\":\"Escort RedLine EX International\"}]},{\"@type\":\"WebSite\",\"@id\":\"https:\/\/radarservice.eu\/sv\/#website\",\"url\":\"https:\/\/radarservice.eu\/sv\/\",\"name\":\"Radar Service\",\"description\":\"Radar detector Laser jammer mobile fix\",\"publisher\":{\"@id\":\"https:\/\/radarservice.eu\/sv\/#organization\"},\"potentialAction\":[{\"@type\":\"SearchAction\",\"target\":{\"@type\":\"EntryPoint\",\"urlTemplate\":\"https:\/\/radarservice.eu\/sv\/?s={search_term_string}\"},\"query-input\":{\"@type\":\"PropertyValueSpecification\",\"valueRequired\":true,\"valueName\":\"search_term_string\"}}],\"inLanguage\":\"sv-SE\"},{\"@type\":\"Organization\",\"@id\":\"https:\/\/radarservice.eu\/sv\/#organization\",\"name\":\"RadarService\",\"url\":\"https:\/\/radarservice.eu\/sv\/\",\"logo\":{\"@type\":\"ImageObject\",\"inLanguage\":\"sv-SE\",\"@id\":\"https:\/\/radarservice.eu\/sv\/#\/schema\/logo\/image\/\",\"url\":\"https:\/\/radarservice.eu\/wp-content\/uploads\/2021\/03\/Radar_detector_service.png\",\"contentUrl\":\"https:\/\/radarservice.eu\/wp-content\/uploads\/2021\/03\/Radar_detector_service.png\",\"width\":174,\"height\":48,\"caption\":\"RadarService\"},\"image\":{\"@id\":\"https:\/\/radarservice.eu\/sv\/#\/schema\/logo\/image\/\"}}]}<\/script>\n<!-- \/ Yoast SEO plugin. -->","yoast_head_json":{"title":"Escort RedLine EX International | Radar Service","description":"Radardetektorn Escort RedLine EX erbjuder mycket bra radarvarning och b\u00e4sta m\u00f6jliga skydd mot mobila hastighetsf\u00e4llor och laserm\u00e4tningar.","robots":{"index":"index","follow":"follow","max-snippet":"max-snippet:-1","max-image-preview":"max-image-preview:large","max-video-preview":"max-video-preview:-1"},"canonical":"https:\/\/radarservice.eu\/sv\/produkt\/escort-redline-ex-international\/","og_locale":"sv_SE","og_type":"article","og_title":"Escort RedLine EX International | Radar Service","og_description":"Radardetektorn Escort RedLine EX erbjuder mycket bra radarvarning och b\u00e4sta m\u00f6jliga skydd mot mobila hastighetsf\u00e4llor och laserm\u00e4tningar.","og_url":"https:\/\/radarservice.eu\/sv\/produkt\/escort-redline-ex-international\/","og_site_name":"Radar Service","article_modified_time":"2025-06-22T03:10:32+00:00","og_image":[{"width":780,"height":440,"url":"https:\/\/radarservice.eu\/wp-content\/uploads\/2020\/09\/Escort_Redline_EX_International_display.png","type":"image\/png"}],"twitter_card":"summary_large_image","twitter_misc":{"Ber\u00e4knad l\u00e4stid":"4 minuter"},"schema":{"@context":"https:\/\/schema.org","@graph":[{"@type":"WebPage","@id":"https:\/\/radarservice.eu\/sv\/produkt\/escort-redline-ex-international\/","url":"https:\/\/radarservice.eu\/sv\/produkt\/escort-redline-ex-international\/","name":"Escort RedLine EX International | Radar Service","isPartOf":{"@id":"https:\/\/radarservice.eu\/sv\/#website"},"primaryImageOfPage":{"@id":"https:\/\/radarservice.eu\/sv\/produkt\/escort-redline-ex-international\/#primaryimage"},"image":{"@id":"https:\/\/radarservice.eu\/sv\/produkt\/escort-redline-ex-international\/#primaryimage"},"thumbnailUrl":"https:\/\/radarservice.eu\/wp-content\/uploads\/2020\/09\/Escort_Redline_EX_International_display.png","datePublished":"2021-05-14T11:23:47+00:00","dateModified":"2025-06-22T03:10:32+00:00","description":"Radardetektorn Escort RedLine EX erbjuder mycket bra radarvarning och b\u00e4sta m\u00f6jliga skydd mot mobila hastighetsf\u00e4llor och laserm\u00e4tningar.","breadcrumb":{"@id":"https:\/\/radarservice.eu\/sv\/produkt\/escort-redline-ex-international\/#breadcrumb"},"inLanguage":"sv-SE","potentialAction":[{"@type":"ReadAction","target":["https:\/\/radarservice.eu\/sv\/produkt\/escort-redline-ex-international\/"]}]},{"@type":"ImageObject","inLanguage":"sv-SE","@id":"https:\/\/radarservice.eu\/sv\/produkt\/escort-redline-ex-international\/#primaryimage","url":"https:\/\/radarservice.eu\/wp-content\/uploads\/2020\/09\/Escort_Redline_EX_International_display.png","contentUrl":"https:\/\/radarservice.eu\/wp-content\/uploads\/2020\/09\/Escort_Redline_EX_International_display.png","width":780,"height":440,"caption":"Escort Redline EX Internationell visning"},{"@type":"BreadcrumbList","@id":"https:\/\/radarservice.eu\/sv\/produkt\/escort-redline-ex-international\/#breadcrumb","itemListElement":[{"@type":"ListItem","position":1,"name":"Butik","item":"https:\/\/radarservice.eu\/sv\/butik\/"},{"@type":"ListItem","position":2,"name":"Escort RedLine EX International"}]},{"@type":"WebSite","@id":"https:\/\/radarservice.eu\/sv\/#website","url":"https:\/\/radarservice.eu\/sv\/","name":"Radar Service","description":"Radar detector Laser jammer mobile fix","publisher":{"@id":"https:\/\/radarservice.eu\/sv\/#organization"},"potentialAction":[{"@type":"SearchAction","target":{"@type":"EntryPoint","urlTemplate":"https:\/\/radarservice.eu\/sv\/?s={search_term_string}"},"query-input":{"@type":"PropertyValueSpecification","valueRequired":true,"valueName":"search_term_string"}}],"inLanguage":"sv-SE"},{"@type":"Organization","@id":"https:\/\/radarservice.eu\/sv\/#organization","name":"RadarService","url":"https:\/\/radarservice.eu\/sv\/","logo":{"@type":"ImageObject","inLanguage":"sv-SE","@id":"https:\/\/radarservice.eu\/sv\/#\/schema\/logo\/image\/","url":"https:\/\/radarservice.eu\/wp-content\/uploads\/2021\/03\/Radar_detector_service.png","contentUrl":"https:\/\/radarservice.eu\/wp-content\/uploads\/2021\/03\/Radar_detector_service.png","width":174,"height":48,"caption":"RadarService"},"image":{"@id":"https:\/\/radarservice.eu\/sv\/#\/schema\/logo\/image\/"}}]}},"_links":{"self":[{"href":"https:\/\/radarservice.eu\/sv\/wp-json\/wp\/v2\/product\/16050","targetHints":{"allow":["GET"]}}],"collection":[{"href":"https:\/\/radarservice.eu\/sv\/wp-json\/wp\/v2\/product"}],"about":[{"href":"https:\/\/radarservice.eu\/sv\/wp-json\/wp\/v2\/types\/product"}],"replies":[{"embeddable":true,"href":"https:\/\/radarservice.eu\/sv\/wp-json\/wp\/v2\/comments?post=16050"}],"wp:featuredmedia":[{"embeddable":true,"href":"https:\/\/radarservice.eu\/sv\/wp-json\/wp\/v2\/media\/16055"}],"wp:attachment":[{"href":"https:\/\/radarservice.eu\/sv\/wp-json\/wp\/v2\/media?parent=16050"}],"wp:term":[{"taxonomy":"product_brand","embeddable":true,"href":"https:\/\/radarservice.eu\/sv\/wp-json\/wp\/v2\/product_brand?post=16050"},{"taxonomy":"product_cat","embeddable":true,"href":"https:\/\/radarservice.eu\/sv\/wp-json\/wp\/v2\/product_cat?post=16050"},{"taxonomy":"product_tag","embeddable":true,"href":"https:\/\/radarservice.eu\/sv\/wp-json\/wp\/v2\/product_tag?post=16050"}],"curies":[{"name":"wp","href":"https:\/\/api.w.org\/{rel}","templated":true}]}}