{"id":16048,"date":"2021-05-14T13:21:09","date_gmt":"2021-05-14T11:21:09","guid":{"rendered":"https:\/\/radarservice.eu\/produkt\/stealth-mobile-mobil-radardetektor\/"},"modified":"2023-04-02T20:27:03","modified_gmt":"2023-04-02T18:27:03","slug":"stealth-mobile-mobil-radardetektor","status":"publish","type":"product","link":"https:\/\/radarservice.eu\/sv\/produkt\/stealth-mobile-mobil-radardetektor\/","title":{"rendered":"Stealth Mobile &#8211; mobil radardetektor"},"content":{"rendered":"<p>Stealth Mobile \u00e4r en mobil fartkameradetektor i mellanklass som varnar f\u00f6r mobila och fasta fartf\u00e4llor.<br \/>.<br \/>\nDen inbyggda GPS-mottagaren anv\u00e4nds i kombination med den f\u00f6rinstallerade databasen f\u00f6r att lokalisera hastighetsf\u00e4llor och f\u00f6rhindra falsklarm.<\/p>\n<p>.<\/p>\n<p><strong>Anm\u00e4rkning:<\/strong> Stealth Mobile har en inbyggd lasermottagare, men f\u00f6r s\u00e4kert laserskydd rekommenderar vi att du anv\u00e4nder en aktiv laserblockerare, t.ex. Genevo FF2 eller AL Priority.<\/p>\n<p><strong>\u00d6versikt:<\/strong><br \/>\n+ Radarvarning p\u00e5 K- och Ka-bandet<br \/>.<br \/>\n+ SiRF III GPS-mottagare med f\u00f6rinstallerad databas<br \/>.<br \/>\n+ GPS-undertryckning av falska larm<br \/>\n+ H\u00f6rlursuttag<\/p>\n<p><strong>Leveransens omfattning:<\/strong><br \/>\n* Stealth Mobile Radar Detector<br \/>.<br \/>\n* F\u00e4ste<br \/>\n* 12V-anslutningskabel f\u00f6r cigarett\u00e4ndare<\/p>\n","protected":false},"excerpt":{"rendered":"<p>Stealth Mobile \u00e4r en mobil fartkameradetektor i mellanklass som varnar f\u00f6r mobila och fasta fartf\u00e4llor.. Den inbyggda GPS-mottagaren anv\u00e4nds i kombination med den f\u00f6rinstallerade databasen f\u00f6r att lokalisera hastighetsf\u00e4llor och f\u00f6rhindra falsklarm. . Anm\u00e4rkning: Stealth Mobile har en inbyggd lasermottagare, men f\u00f6r s\u00e4kert laserskydd rekommenderar vi att du anv\u00e4nder en aktiv laserblockerare, t.ex. Genevo FF2 [&#8230;]\n","protected":false},"featured_media":16049,"comment_status":"open","ping_status":"closed","template":"","meta":[],"product_brand":[],"product_cat":[1775,1849],"product_tag":[1759,1852,1851,1758,1850],"class_list":{"0":"post-16048","1":"product","2":"type-product","3":"status-publish","4":"has-post-thumbnail","6":"product_cat-mobila-radardetektorer","7":"product_cat-stealth-sv","8":"product_tag-europa-sv","9":"product_tag-fasta-hastighetsfallor","10":"product_tag-mobila-hastighetsfallor","11":"product_tag-radardetektor","12":"product_tag-stealth-mobile-sv","14":"first","15":"instock","16":"sale","17":"taxable","18":"shipping-taxable","19":"purchasable","20":"product-type-simple"},"yoast_head":"<!-- This site is optimized with the Yoast SEO plugin v27.2 - https:\/\/yoast.com\/product\/yoast-seo-wordpress\/ -->\n<title>Stealth Mobile - mobil radardetektor | Radar Service<\/title>\n<meta name=\"description\" content=\"Stealth Mobile \u00e4r en mobil fartkameradetektor i mellanklass som varnar f\u00f6r mobila och fasta fartf\u00e4llor.\" \/>\n<meta name=\"robots\" content=\"index, follow, max-snippet:-1, max-image-preview:large, max-video-preview:-1\" \/>\n<link rel=\"canonical\" href=\"https:\/\/radarservice.eu\/sv\/produkt\/stealth-mobile-mobil-radardetektor\/\" \/>\n<meta property=\"og:locale\" content=\"sv_SE\" \/>\n<meta property=\"og:type\" content=\"article\" \/>\n<meta property=\"og:title\" content=\"Stealth Mobile - mobil radardetektor | Radar Service\" \/>\n<meta property=\"og:description\" content=\"Stealth Mobile \u00e4r en mobil fartkameradetektor i mellanklass som varnar f\u00f6r mobila och fasta fartf\u00e4llor.\" \/>\n<meta property=\"og:url\" content=\"https:\/\/radarservice.eu\/sv\/produkt\/stealth-mobile-mobil-radardetektor\/\" \/>\n<meta property=\"og:site_name\" content=\"Radar Service\" \/>\n<meta property=\"article:modified_time\" content=\"2023-04-02T18:27:03+00:00\" \/>\n<meta property=\"og:image\" content=\"https:\/\/radarservice.eu\/wp-content\/uploads\/2020\/09\/stealth_mobile.jpg\" \/>\n\t<meta property=\"og:image:width\" content=\"753\" \/>\n\t<meta property=\"og:image:height\" content=\"450\" \/>\n\t<meta property=\"og:image:type\" content=\"image\/jpeg\" \/>\n<meta name=\"twitter:card\" content=\"summary_large_image\" \/>\n<meta name=\"twitter:label1\" content=\"Ber\u00e4knad l\u00e4stid\" \/>\n\t<meta name=\"twitter:data1\" content=\"1 minut\" \/>\n<script type=\"application\/ld+json\" class=\"yoast-schema-graph\">{\"@context\":\"https:\/\/schema.org\",\"@graph\":[{\"@type\":\"WebPage\",\"@id\":\"https:\/\/radarservice.eu\/sv\/produkt\/stealth-mobile-mobil-radardetektor\/\",\"url\":\"https:\/\/radarservice.eu\/sv\/produkt\/stealth-mobile-mobil-radardetektor\/\",\"name\":\"Stealth Mobile - mobil radardetektor | Radar Service\",\"isPartOf\":{\"@id\":\"https:\/\/radarservice.eu\/sv\/#website\"},\"primaryImageOfPage\":{\"@id\":\"https:\/\/radarservice.eu\/sv\/produkt\/stealth-mobile-mobil-radardetektor\/#primaryimage\"},\"image\":{\"@id\":\"https:\/\/radarservice.eu\/sv\/produkt\/stealth-mobile-mobil-radardetektor\/#primaryimage\"},\"thumbnailUrl\":\"https:\/\/radarservice.eu\/wp-content\/uploads\/2020\/09\/stealth_mobile.jpg\",\"datePublished\":\"2021-05-14T11:21:09+00:00\",\"dateModified\":\"2023-04-02T18:27:03+00:00\",\"description\":\"Stealth Mobile \u00e4r en mobil fartkameradetektor i mellanklass som varnar f\u00f6r mobila och fasta fartf\u00e4llor.\",\"breadcrumb\":{\"@id\":\"https:\/\/radarservice.eu\/sv\/produkt\/stealth-mobile-mobil-radardetektor\/#breadcrumb\"},\"inLanguage\":\"sv-SE\",\"potentialAction\":[{\"@type\":\"ReadAction\",\"target\":[\"https:\/\/radarservice.eu\/sv\/produkt\/stealth-mobile-mobil-radardetektor\/\"]}]},{\"@type\":\"ImageObject\",\"inLanguage\":\"sv-SE\",\"@id\":\"https:\/\/radarservice.eu\/sv\/produkt\/stealth-mobile-mobil-radardetektor\/#primaryimage\",\"url\":\"https:\/\/radarservice.eu\/wp-content\/uploads\/2020\/09\/stealth_mobile.jpg\",\"contentUrl\":\"https:\/\/radarservice.eu\/wp-content\/uploads\/2020\/09\/stealth_mobile.jpg\",\"width\":753,\"height\":450,\"caption\":\"Stealth Mobile\"},{\"@type\":\"BreadcrumbList\",\"@id\":\"https:\/\/radarservice.eu\/sv\/produkt\/stealth-mobile-mobil-radardetektor\/#breadcrumb\",\"itemListElement\":[{\"@type\":\"ListItem\",\"position\":1,\"name\":\"Butik\",\"item\":\"https:\/\/radarservice.eu\/sv\/butik\/\"},{\"@type\":\"ListItem\",\"position\":2,\"name\":\"Stealth Mobile &#8211; mobil radardetektor\"}]},{\"@type\":\"WebSite\",\"@id\":\"https:\/\/radarservice.eu\/sv\/#website\",\"url\":\"https:\/\/radarservice.eu\/sv\/\",\"name\":\"Radar Service\",\"description\":\"Radar detector Laser jammer mobile fix\",\"publisher\":{\"@id\":\"https:\/\/radarservice.eu\/sv\/#organization\"},\"potentialAction\":[{\"@type\":\"SearchAction\",\"target\":{\"@type\":\"EntryPoint\",\"urlTemplate\":\"https:\/\/radarservice.eu\/sv\/?s={search_term_string}\"},\"query-input\":{\"@type\":\"PropertyValueSpecification\",\"valueRequired\":true,\"valueName\":\"search_term_string\"}}],\"inLanguage\":\"sv-SE\"},{\"@type\":\"Organization\",\"@id\":\"https:\/\/radarservice.eu\/sv\/#organization\",\"name\":\"RadarService\",\"url\":\"https:\/\/radarservice.eu\/sv\/\",\"logo\":{\"@type\":\"ImageObject\",\"inLanguage\":\"sv-SE\",\"@id\":\"https:\/\/radarservice.eu\/sv\/#\/schema\/logo\/image\/\",\"url\":\"https:\/\/radarservice.eu\/wp-content\/uploads\/2021\/03\/Radar_detector_service.png\",\"contentUrl\":\"https:\/\/radarservice.eu\/wp-content\/uploads\/2021\/03\/Radar_detector_service.png\",\"width\":174,\"height\":48,\"caption\":\"RadarService\"},\"image\":{\"@id\":\"https:\/\/radarservice.eu\/sv\/#\/schema\/logo\/image\/\"}}]}<\/script>\n<!-- \/ Yoast SEO plugin. -->","yoast_head_json":{"title":"Stealth Mobile - mobil radardetektor | Radar Service","description":"Stealth Mobile \u00e4r en mobil fartkameradetektor i mellanklass som varnar f\u00f6r mobila och fasta fartf\u00e4llor.","robots":{"index":"index","follow":"follow","max-snippet":"max-snippet:-1","max-image-preview":"max-image-preview:large","max-video-preview":"max-video-preview:-1"},"canonical":"https:\/\/radarservice.eu\/sv\/produkt\/stealth-mobile-mobil-radardetektor\/","og_locale":"sv_SE","og_type":"article","og_title":"Stealth Mobile - mobil radardetektor | Radar Service","og_description":"Stealth Mobile \u00e4r en mobil fartkameradetektor i mellanklass som varnar f\u00f6r mobila och fasta fartf\u00e4llor.","og_url":"https:\/\/radarservice.eu\/sv\/produkt\/stealth-mobile-mobil-radardetektor\/","og_site_name":"Radar Service","article_modified_time":"2023-04-02T18:27:03+00:00","og_image":[{"width":753,"height":450,"url":"https:\/\/radarservice.eu\/wp-content\/uploads\/2020\/09\/stealth_mobile.jpg","type":"image\/jpeg"}],"twitter_card":"summary_large_image","twitter_misc":{"Ber\u00e4knad l\u00e4stid":"1 minut"},"schema":{"@context":"https:\/\/schema.org","@graph":[{"@type":"WebPage","@id":"https:\/\/radarservice.eu\/sv\/produkt\/stealth-mobile-mobil-radardetektor\/","url":"https:\/\/radarservice.eu\/sv\/produkt\/stealth-mobile-mobil-radardetektor\/","name":"Stealth Mobile - mobil radardetektor | Radar Service","isPartOf":{"@id":"https:\/\/radarservice.eu\/sv\/#website"},"primaryImageOfPage":{"@id":"https:\/\/radarservice.eu\/sv\/produkt\/stealth-mobile-mobil-radardetektor\/#primaryimage"},"image":{"@id":"https:\/\/radarservice.eu\/sv\/produkt\/stealth-mobile-mobil-radardetektor\/#primaryimage"},"thumbnailUrl":"https:\/\/radarservice.eu\/wp-content\/uploads\/2020\/09\/stealth_mobile.jpg","datePublished":"2021-05-14T11:21:09+00:00","dateModified":"2023-04-02T18:27:03+00:00","description":"Stealth Mobile \u00e4r en mobil fartkameradetektor i mellanklass som varnar f\u00f6r mobila och fasta fartf\u00e4llor.","breadcrumb":{"@id":"https:\/\/radarservice.eu\/sv\/produkt\/stealth-mobile-mobil-radardetektor\/#breadcrumb"},"inLanguage":"sv-SE","potentialAction":[{"@type":"ReadAction","target":["https:\/\/radarservice.eu\/sv\/produkt\/stealth-mobile-mobil-radardetektor\/"]}]},{"@type":"ImageObject","inLanguage":"sv-SE","@id":"https:\/\/radarservice.eu\/sv\/produkt\/stealth-mobile-mobil-radardetektor\/#primaryimage","url":"https:\/\/radarservice.eu\/wp-content\/uploads\/2020\/09\/stealth_mobile.jpg","contentUrl":"https:\/\/radarservice.eu\/wp-content\/uploads\/2020\/09\/stealth_mobile.jpg","width":753,"height":450,"caption":"Stealth Mobile"},{"@type":"BreadcrumbList","@id":"https:\/\/radarservice.eu\/sv\/produkt\/stealth-mobile-mobil-radardetektor\/#breadcrumb","itemListElement":[{"@type":"ListItem","position":1,"name":"Butik","item":"https:\/\/radarservice.eu\/sv\/butik\/"},{"@type":"ListItem","position":2,"name":"Stealth Mobile &#8211; mobil radardetektor"}]},{"@type":"WebSite","@id":"https:\/\/radarservice.eu\/sv\/#website","url":"https:\/\/radarservice.eu\/sv\/","name":"Radar Service","description":"Radar detector Laser jammer mobile fix","publisher":{"@id":"https:\/\/radarservice.eu\/sv\/#organization"},"potentialAction":[{"@type":"SearchAction","target":{"@type":"EntryPoint","urlTemplate":"https:\/\/radarservice.eu\/sv\/?s={search_term_string}"},"query-input":{"@type":"PropertyValueSpecification","valueRequired":true,"valueName":"search_term_string"}}],"inLanguage":"sv-SE"},{"@type":"Organization","@id":"https:\/\/radarservice.eu\/sv\/#organization","name":"RadarService","url":"https:\/\/radarservice.eu\/sv\/","logo":{"@type":"ImageObject","inLanguage":"sv-SE","@id":"https:\/\/radarservice.eu\/sv\/#\/schema\/logo\/image\/","url":"https:\/\/radarservice.eu\/wp-content\/uploads\/2021\/03\/Radar_detector_service.png","contentUrl":"https:\/\/radarservice.eu\/wp-content\/uploads\/2021\/03\/Radar_detector_service.png","width":174,"height":48,"caption":"RadarService"},"image":{"@id":"https:\/\/radarservice.eu\/sv\/#\/schema\/logo\/image\/"}}]}},"_links":{"self":[{"href":"https:\/\/radarservice.eu\/sv\/wp-json\/wp\/v2\/product\/16048","targetHints":{"allow":["GET"]}}],"collection":[{"href":"https:\/\/radarservice.eu\/sv\/wp-json\/wp\/v2\/product"}],"about":[{"href":"https:\/\/radarservice.eu\/sv\/wp-json\/wp\/v2\/types\/product"}],"replies":[{"embeddable":true,"href":"https:\/\/radarservice.eu\/sv\/wp-json\/wp\/v2\/comments?post=16048"}],"wp:featuredmedia":[{"embeddable":true,"href":"https:\/\/radarservice.eu\/sv\/wp-json\/wp\/v2\/media\/16049"}],"wp:attachment":[{"href":"https:\/\/radarservice.eu\/sv\/wp-json\/wp\/v2\/media?parent=16048"}],"wp:term":[{"taxonomy":"product_brand","embeddable":true,"href":"https:\/\/radarservice.eu\/sv\/wp-json\/wp\/v2\/product_brand?post=16048"},{"taxonomy":"product_cat","embeddable":true,"href":"https:\/\/radarservice.eu\/sv\/wp-json\/wp\/v2\/product_cat?post=16048"},{"taxonomy":"product_tag","embeddable":true,"href":"https:\/\/radarservice.eu\/sv\/wp-json\/wp\/v2\/product_tag?post=16048"}],"curies":[{"name":"wp","href":"https:\/\/api.w.org\/{rel}","templated":true}]}}