{"id":16036,"date":"2021-05-14T13:12:00","date_gmt":"2021-05-14T11:12:00","guid":{"rendered":"https:\/\/radarservice.eu\/produkt\/valentine-one-radardetektor\/"},"modified":"2025-11-04T05:10:25","modified_gmt":"2025-11-04T04:10:25","slug":"valentine-one-radardetektor","status":"publish","type":"product","link":"https:\/\/radarservice.eu\/sv\/produkt\/valentine-one-radardetektor\/","title":{"rendered":"Valentine One Radardetektor"},"content":{"rendered":"<p>Valentine One har en exakt frekvensskanning och erbjuder d\u00e4rmed en optimal detektering av de radarsystem som anv\u00e4nds i Europa. Genom den st\u00e4ndiga vidareutvecklingen av den europeiska versionen har b\u00e5de varningstiderna och undertryckningen av falska larm f\u00f6rb\u00e4ttrats.<\/p>\n<p>N\u00e4r det g\u00e4ller laserdetektering \u00e4r V1 den absoluta toppmodellen. Till och med Traffic Observer-m\u00e4tsystemen som anv\u00e4nds i Schweiz, som ofta \u00e4r halvstation\u00e4ra, uppt\u00e4cks tillf\u00f6rlitligt av Valentine One.<\/p>\n<p>.<\/p>\n<p>Leveransen sker i Europa-inst\u00e4llningarna, men p\u00e5 beg\u00e4ran kan vi ocks\u00e5 programmera Valentine One individuellt efter dina \u00f6nskem\u00e5l.<\/p>\n<p><strong>\u00d6versikt:<\/strong><br \/>\n+ Radardetektor f\u00f6r \u00f6verklassen<br \/>\n+ mycket bra laserdetektion<br \/>\n+ varning f\u00f6r radarm\u00e4tning<br \/>\n+ varning f\u00f6r laserm\u00e4tningar<br \/>\n+ l\u00e4mplig f\u00f6r anv\u00e4ndning i Europa<\/p>\n<p><strong>Frekvens\u00f6versikt:<\/strong><br \/>\n+ 9.410 (X-band)<br \/>\n+ 13.450 (KU-band)<br \/>\n+ 24.125 (K-bandet)<br \/>\n+ 34 360 (KA-band)<\/p>\n<p><strong>Leveransens omfattning:<\/strong><br \/>\n* Valentine One radardetektor<br \/>\n* Vindrutef\u00e4ste (sugkoppar)<br \/>\n* Solskyddsf\u00e4ste<br \/>\n* 12V str\u00f6mf\u00f6rs\u00f6rjning med cigarett\u00e4ndaranslutning<br \/>\n* Tysk bruksanvisning<\/p>\n<p><strong>Notera:<\/strong> Valentine One har en mycket bra lasermottagning, men f\u00f6r ett s\u00e4kert laserskydd rekommenderar vi att du anv\u00e4nder en aktiv laserblocker, t.ex. Genevo FF2 eller AL Priority.<\/p>\n","protected":false},"excerpt":{"rendered":"<p>Valentine One har en exakt frekvensskanning och erbjuder d\u00e4rmed en optimal detektering av de radarsystem som anv\u00e4nds i Europa. Genom den st\u00e4ndiga vidareutvecklingen av den europeiska versionen har b\u00e5de varningstiderna och undertryckningen av falska larm f\u00f6rb\u00e4ttrats. N\u00e4r det g\u00e4ller laserdetektering \u00e4r V1 den absoluta toppmodellen. Till och med Traffic Observer-m\u00e4tsystemen som anv\u00e4nds i Schweiz, som [&#8230;]\n","protected":false},"featured_media":16037,"comment_status":"open","ping_status":"closed","template":"","meta":[],"product_brand":[],"product_cat":[1775,1826],"product_tag":[1821,1828,1781,1758,1837,1831],"class_list":{"0":"post-16036","1":"product","2":"type-product","3":"status-publish","4":"has-post-thumbnail","6":"product_cat-mobila-radardetektorer","7":"product_cat-valentine-one-sv","8":"product_tag-eu-sv","9":"product_tag-europeisk-version","10":"product_tag-laserdetektor","11":"product_tag-radardetektor","12":"product_tag-v1-sv","13":"product_tag-valentine-one-sv","15":"first","16":"instock","17":"taxable","18":"shipping-taxable","19":"purchasable","20":"product-type-simple"},"yoast_head":"<!-- This site is optimized with the Yoast SEO plugin v27.2 - https:\/\/yoast.com\/product\/yoast-seo-wordpress\/ -->\n<title>Valentine One Radardetektor | Radar Service<\/title>\n<meta name=\"description\" content=\"Valentine One radardetektor - utm\u00e4rkt radardetektor f\u00f6r anv\u00e4ndning i hela Europa - k\u00f6p nu.\" \/>\n<meta name=\"robots\" content=\"index, follow, max-snippet:-1, max-image-preview:large, max-video-preview:-1\" \/>\n<link rel=\"canonical\" href=\"https:\/\/radarservice.eu\/sv\/produkt\/valentine-one-radardetektor\/\" \/>\n<meta property=\"og:locale\" content=\"sv_SE\" \/>\n<meta property=\"og:type\" content=\"article\" \/>\n<meta property=\"og:title\" content=\"Valentine One Radardetektor | Radar Service\" \/>\n<meta property=\"og:description\" content=\"Valentine One radardetektor - utm\u00e4rkt radardetektor f\u00f6r anv\u00e4ndning i hela Europa - k\u00f6p nu.\" \/>\n<meta property=\"og:url\" content=\"https:\/\/radarservice.eu\/sv\/produkt\/valentine-one-radardetektor\/\" \/>\n<meta property=\"og:site_name\" content=\"Radar Service\" \/>\n<meta property=\"article:modified_time\" content=\"2025-11-04T04:10:25+00:00\" \/>\n<meta property=\"og:image\" content=\"https:\/\/radarservice.eu\/wp-content\/uploads\/2020\/09\/Valentine_One.jpg\" \/>\n\t<meta property=\"og:image:width\" content=\"600\" \/>\n\t<meta property=\"og:image:height\" content=\"451\" \/>\n\t<meta property=\"og:image:type\" content=\"image\/jpeg\" \/>\n<meta name=\"twitter:card\" content=\"summary_large_image\" \/>\n<meta name=\"twitter:label1\" content=\"Ber\u00e4knad l\u00e4stid\" \/>\n\t<meta name=\"twitter:data1\" content=\"1 minut\" \/>\n<script type=\"application\/ld+json\" class=\"yoast-schema-graph\">{\"@context\":\"https:\/\/schema.org\",\"@graph\":[{\"@type\":\"WebPage\",\"@id\":\"https:\/\/radarservice.eu\/sv\/produkt\/valentine-one-radardetektor\/\",\"url\":\"https:\/\/radarservice.eu\/sv\/produkt\/valentine-one-radardetektor\/\",\"name\":\"Valentine One Radardetektor | Radar Service\",\"isPartOf\":{\"@id\":\"https:\/\/radarservice.eu\/sv\/#website\"},\"primaryImageOfPage\":{\"@id\":\"https:\/\/radarservice.eu\/sv\/produkt\/valentine-one-radardetektor\/#primaryimage\"},\"image\":{\"@id\":\"https:\/\/radarservice.eu\/sv\/produkt\/valentine-one-radardetektor\/#primaryimage\"},\"thumbnailUrl\":\"https:\/\/radarservice.eu\/wp-content\/uploads\/2020\/09\/Valentine_One.jpg\",\"datePublished\":\"2021-05-14T11:12:00+00:00\",\"dateModified\":\"2025-11-04T04:10:25+00:00\",\"description\":\"Valentine One radardetektor - utm\u00e4rkt radardetektor f\u00f6r anv\u00e4ndning i hela Europa - k\u00f6p nu.\",\"breadcrumb\":{\"@id\":\"https:\/\/radarservice.eu\/sv\/produkt\/valentine-one-radardetektor\/#breadcrumb\"},\"inLanguage\":\"sv-SE\",\"potentialAction\":[{\"@type\":\"ReadAction\",\"target\":[\"https:\/\/radarservice.eu\/sv\/produkt\/valentine-one-radardetektor\/\"]}]},{\"@type\":\"ImageObject\",\"inLanguage\":\"sv-SE\",\"@id\":\"https:\/\/radarservice.eu\/sv\/produkt\/valentine-one-radardetektor\/#primaryimage\",\"url\":\"https:\/\/radarservice.eu\/wp-content\/uploads\/2020\/09\/Valentine_One.jpg\",\"contentUrl\":\"https:\/\/radarservice.eu\/wp-content\/uploads\/2020\/09\/Valentine_One.jpg\",\"width\":600,\"height\":451,\"caption\":\"Valentine One EU\"},{\"@type\":\"BreadcrumbList\",\"@id\":\"https:\/\/radarservice.eu\/sv\/produkt\/valentine-one-radardetektor\/#breadcrumb\",\"itemListElement\":[{\"@type\":\"ListItem\",\"position\":1,\"name\":\"Butik\",\"item\":\"https:\/\/radarservice.eu\/sv\/butik\/\"},{\"@type\":\"ListItem\",\"position\":2,\"name\":\"Valentine One Radardetektor\"}]},{\"@type\":\"WebSite\",\"@id\":\"https:\/\/radarservice.eu\/sv\/#website\",\"url\":\"https:\/\/radarservice.eu\/sv\/\",\"name\":\"Radar Service\",\"description\":\"Radar detector Laser jammer mobile fix\",\"publisher\":{\"@id\":\"https:\/\/radarservice.eu\/sv\/#organization\"},\"potentialAction\":[{\"@type\":\"SearchAction\",\"target\":{\"@type\":\"EntryPoint\",\"urlTemplate\":\"https:\/\/radarservice.eu\/sv\/?s={search_term_string}\"},\"query-input\":{\"@type\":\"PropertyValueSpecification\",\"valueRequired\":true,\"valueName\":\"search_term_string\"}}],\"inLanguage\":\"sv-SE\"},{\"@type\":\"Organization\",\"@id\":\"https:\/\/radarservice.eu\/sv\/#organization\",\"name\":\"RadarService\",\"url\":\"https:\/\/radarservice.eu\/sv\/\",\"logo\":{\"@type\":\"ImageObject\",\"inLanguage\":\"sv-SE\",\"@id\":\"https:\/\/radarservice.eu\/sv\/#\/schema\/logo\/image\/\",\"url\":\"https:\/\/radarservice.eu\/wp-content\/uploads\/2021\/03\/Radar_detector_service.png\",\"contentUrl\":\"https:\/\/radarservice.eu\/wp-content\/uploads\/2021\/03\/Radar_detector_service.png\",\"width\":174,\"height\":48,\"caption\":\"RadarService\"},\"image\":{\"@id\":\"https:\/\/radarservice.eu\/sv\/#\/schema\/logo\/image\/\"}}]}<\/script>\n<!-- \/ Yoast SEO plugin. -->","yoast_head_json":{"title":"Valentine One Radardetektor | Radar Service","description":"Valentine One radardetektor - utm\u00e4rkt radardetektor f\u00f6r anv\u00e4ndning i hela Europa - k\u00f6p nu.","robots":{"index":"index","follow":"follow","max-snippet":"max-snippet:-1","max-image-preview":"max-image-preview:large","max-video-preview":"max-video-preview:-1"},"canonical":"https:\/\/radarservice.eu\/sv\/produkt\/valentine-one-radardetektor\/","og_locale":"sv_SE","og_type":"article","og_title":"Valentine One Radardetektor | Radar Service","og_description":"Valentine One radardetektor - utm\u00e4rkt radardetektor f\u00f6r anv\u00e4ndning i hela Europa - k\u00f6p nu.","og_url":"https:\/\/radarservice.eu\/sv\/produkt\/valentine-one-radardetektor\/","og_site_name":"Radar Service","article_modified_time":"2025-11-04T04:10:25+00:00","og_image":[{"width":600,"height":451,"url":"https:\/\/radarservice.eu\/wp-content\/uploads\/2020\/09\/Valentine_One.jpg","type":"image\/jpeg"}],"twitter_card":"summary_large_image","twitter_misc":{"Ber\u00e4knad l\u00e4stid":"1 minut"},"schema":{"@context":"https:\/\/schema.org","@graph":[{"@type":"WebPage","@id":"https:\/\/radarservice.eu\/sv\/produkt\/valentine-one-radardetektor\/","url":"https:\/\/radarservice.eu\/sv\/produkt\/valentine-one-radardetektor\/","name":"Valentine One Radardetektor | Radar Service","isPartOf":{"@id":"https:\/\/radarservice.eu\/sv\/#website"},"primaryImageOfPage":{"@id":"https:\/\/radarservice.eu\/sv\/produkt\/valentine-one-radardetektor\/#primaryimage"},"image":{"@id":"https:\/\/radarservice.eu\/sv\/produkt\/valentine-one-radardetektor\/#primaryimage"},"thumbnailUrl":"https:\/\/radarservice.eu\/wp-content\/uploads\/2020\/09\/Valentine_One.jpg","datePublished":"2021-05-14T11:12:00+00:00","dateModified":"2025-11-04T04:10:25+00:00","description":"Valentine One radardetektor - utm\u00e4rkt radardetektor f\u00f6r anv\u00e4ndning i hela Europa - k\u00f6p nu.","breadcrumb":{"@id":"https:\/\/radarservice.eu\/sv\/produkt\/valentine-one-radardetektor\/#breadcrumb"},"inLanguage":"sv-SE","potentialAction":[{"@type":"ReadAction","target":["https:\/\/radarservice.eu\/sv\/produkt\/valentine-one-radardetektor\/"]}]},{"@type":"ImageObject","inLanguage":"sv-SE","@id":"https:\/\/radarservice.eu\/sv\/produkt\/valentine-one-radardetektor\/#primaryimage","url":"https:\/\/radarservice.eu\/wp-content\/uploads\/2020\/09\/Valentine_One.jpg","contentUrl":"https:\/\/radarservice.eu\/wp-content\/uploads\/2020\/09\/Valentine_One.jpg","width":600,"height":451,"caption":"Valentine One EU"},{"@type":"BreadcrumbList","@id":"https:\/\/radarservice.eu\/sv\/produkt\/valentine-one-radardetektor\/#breadcrumb","itemListElement":[{"@type":"ListItem","position":1,"name":"Butik","item":"https:\/\/radarservice.eu\/sv\/butik\/"},{"@type":"ListItem","position":2,"name":"Valentine One Radardetektor"}]},{"@type":"WebSite","@id":"https:\/\/radarservice.eu\/sv\/#website","url":"https:\/\/radarservice.eu\/sv\/","name":"Radar Service","description":"Radar detector Laser jammer mobile fix","publisher":{"@id":"https:\/\/radarservice.eu\/sv\/#organization"},"potentialAction":[{"@type":"SearchAction","target":{"@type":"EntryPoint","urlTemplate":"https:\/\/radarservice.eu\/sv\/?s={search_term_string}"},"query-input":{"@type":"PropertyValueSpecification","valueRequired":true,"valueName":"search_term_string"}}],"inLanguage":"sv-SE"},{"@type":"Organization","@id":"https:\/\/radarservice.eu\/sv\/#organization","name":"RadarService","url":"https:\/\/radarservice.eu\/sv\/","logo":{"@type":"ImageObject","inLanguage":"sv-SE","@id":"https:\/\/radarservice.eu\/sv\/#\/schema\/logo\/image\/","url":"https:\/\/radarservice.eu\/wp-content\/uploads\/2021\/03\/Radar_detector_service.png","contentUrl":"https:\/\/radarservice.eu\/wp-content\/uploads\/2021\/03\/Radar_detector_service.png","width":174,"height":48,"caption":"RadarService"},"image":{"@id":"https:\/\/radarservice.eu\/sv\/#\/schema\/logo\/image\/"}}]}},"_links":{"self":[{"href":"https:\/\/radarservice.eu\/sv\/wp-json\/wp\/v2\/product\/16036","targetHints":{"allow":["GET"]}}],"collection":[{"href":"https:\/\/radarservice.eu\/sv\/wp-json\/wp\/v2\/product"}],"about":[{"href":"https:\/\/radarservice.eu\/sv\/wp-json\/wp\/v2\/types\/product"}],"replies":[{"embeddable":true,"href":"https:\/\/radarservice.eu\/sv\/wp-json\/wp\/v2\/comments?post=16036"}],"wp:featuredmedia":[{"embeddable":true,"href":"https:\/\/radarservice.eu\/sv\/wp-json\/wp\/v2\/media\/16037"}],"wp:attachment":[{"href":"https:\/\/radarservice.eu\/sv\/wp-json\/wp\/v2\/media?parent=16036"}],"wp:term":[{"taxonomy":"product_brand","embeddable":true,"href":"https:\/\/radarservice.eu\/sv\/wp-json\/wp\/v2\/product_brand?post=16036"},{"taxonomy":"product_cat","embeddable":true,"href":"https:\/\/radarservice.eu\/sv\/wp-json\/wp\/v2\/product_cat?post=16036"},{"taxonomy":"product_tag","embeddable":true,"href":"https:\/\/radarservice.eu\/sv\/wp-json\/wp\/v2\/product_tag?post=16036"}],"curies":[{"name":"wp","href":"https:\/\/api.w.org\/{rel}","templated":true}]}}