{"id":16029,"date":"2021-05-14T13:10:23","date_gmt":"2021-05-14T11:10:23","guid":{"rendered":"https:\/\/radarservice.eu\/produkt\/valentine-one-version-gen2\/"},"modified":"2026-02-01T05:11:05","modified_gmt":"2026-02-01T04:11:05","slug":"valentine-one-version-gen2","status":"publish","type":"product","link":"https:\/\/radarservice.eu\/sv\/produkt\/valentine-one-version-gen2\/","title":{"rendered":"Valentine One Version Gen2"},"content":{"rendered":"<h1>Valentine One Gen2 Radardetektor<\/h1>\n<p>.<\/p>\n<p><strong>Den nya andra generationens Valentine One V1 radardetektor ger full t\u00e4ckning mot b\u00e5de radar och laser.<\/strong><\/p>\n<p>.<\/p>\n<p>Valentine One Gen2 uppt\u00e4cker farthinder framf\u00f6r, l\u00e4ngs med och bakom fordonet. V1 skannar hela omr\u00e5det runt bilen. En radarantenn och lasermottagare tittar fram\u00e5t, medan en andra antenn och lasermottagare \u00f6vervakar baksidan av fordonet.<\/p>\n<p>Valentine One Gen2 \u00e4r utformad f\u00f6r att uppt\u00e4cka farthinder framf\u00f6r bilen.<\/p>\n<p>F\u00f6rhandsvarningen har f\u00f6rb\u00e4ttrats ytterligare j\u00e4mf\u00f6rt med den tidigare modellen med ny och patenterad SAW D2L-elektronik. Valentine One Gen2:s f\u00f6rb\u00e4ttrade detektionsfrekvens hj\u00e4lper dock ocks\u00e5 till att uppt\u00e4cka fler o\u00f6nskade signaler. SAW D2L-tekniken g\u00f6r att V1 Gen2 snabbare kan filtrera o\u00f6nskade falsklarm fr\u00e5n trafikstyrningssystem, filbytes- och fordonsassistanssystem och d\u00e4rmed undvika falsklarm.<\/p>\n<p>.<\/p>\n<p><strong>Nya funktioner i Gen2-versionen j\u00e4mf\u00f6rt med f\u00f6reg\u00e5ngaren:<\/strong><br \/>.<br \/>\n* Den patenterade SAW D2L \u00f6kar skanningshastigheten med hundra g\u00e5nger j\u00e4mf\u00f6rt med f\u00f6reg\u00e5ngaren<br \/>.<br \/>\n* LNA-teknik \u00f6kar f\u00f6rvarningen och f\u00f6rb\u00e4ttrar smygandet<br \/>\n* F\u00f6rb\u00e4ttrat K-bandsfilter blockerar falska K-bandsalarmer fr\u00e5n k\u00f6rf\u00e4ltsbyte och f\u00f6rarassistanssystem p\u00e5 moderna fordon<br \/>\n* Inbyggd Bluetooth-funktion f\u00f6r att ansluta till en smartphone (anslutning till bilens handsfree-system \u00e4r INTE m\u00f6jlig)<\/p>\n<p>.<\/p>\n<p>Med den kostnadsfria appen kan du enkelt programmera Valentine One Gen2 och installera uppdateringar. Den inbyggda Bluetooth-funktionen g\u00f6r att du snabbt kan ansluta Valentine-radardetektorn till din smartphone och appen.<\/p>\n<p><strong>Omfattning av leveransen:<\/strong><br \/>.<br \/>\n* Valentine One Version Gen2 Radardetektor<br \/>.<br \/>\n* 1x vindrutef\u00e4ste (sugkoppar) och 1x solskyddsf\u00e4ste<br \/>.<br \/>\n* 1x anslutningskabel med sladd och 1x anslutningskabel sl\u00e4t inklusive 12V-kontakt f\u00f6r cigarett\u00e4ndare<br \/>\n* 1x anslutningskabel f\u00f6r direkt anslutning till fordonets elsystem<\/p>\n<p><strong>Notera:<\/strong> Valentine One har en mycket bra lasermottagning, men f\u00f6r ett s\u00e4kert laserskydd rekommenderar vi att du anv\u00e4nder en aktiv laserblockerare, t.ex. Antilaser AL Priority eller Lasertrack Flare.<\/p>\n","protected":false},"excerpt":{"rendered":"<p>Valentine One Gen2 Radardetektor . Den nya andra generationens Valentine One V1 radardetektor ger full t\u00e4ckning mot b\u00e5de radar och laser. . Valentine One Gen2 uppt\u00e4cker farthinder framf\u00f6r, l\u00e4ngs med och bakom fordonet. V1 skannar hela omr\u00e5det runt bilen. En radarantenn och lasermottagare tittar fram\u00e5t, medan en andra antenn och lasermottagare \u00f6vervakar baksidan av fordonet. [&#8230;]\n","protected":false},"featured_media":16035,"comment_status":"open","ping_status":"closed","template":"","meta":[],"product_brand":[],"product_cat":[1775,1757,1826],"product_tag":[1759,1836,1828,1834,1803,1831,1832,1835,1833],"class_list":{"0":"post-16029","1":"product","2":"type-product","3":"status-publish","4":"has-post-thumbnail","6":"product_cat-mobila-radardetektorer","7":"product_cat-rekommenderade-radardetektorer","8":"product_cat-valentine-one-sv","9":"product_tag-europa-sv","10":"product_tag-europe-sv","11":"product_tag-europeisk-version","12":"product_tag-gen2-sv","13":"product_tag-gps-warner-sv","14":"product_tag-valentine-one-sv","15":"product_tag-valentine-one-gen2-sv","16":"product_tag-valentine-one-ny-version","17":"product_tag-valentine-one-version-2-sv","19":"first","20":"onbackorder","21":"sale","22":"taxable","23":"shipping-taxable","24":"purchasable","25":"product-type-simple"},"yoast_head":"<!-- This site is optimized with the Yoast SEO plugin v27.2 - https:\/\/yoast.com\/product\/yoast-seo-wordpress\/ -->\n<title>Valentine One Version Gen2 % |% Radardetektor f\u00f6r Europa<\/title>\n<meta name=\"description\" content=\"Valentine One Gen2 erbjudande f\u00f6r endast 649,- Euro. Den nya Valentine One Gen2 uppt\u00e4cker mobila hastighetsf\u00e4llor och laserpistoler i Europa.\" \/>\n<meta name=\"robots\" content=\"index, follow, max-snippet:-1, max-image-preview:large, max-video-preview:-1\" \/>\n<link rel=\"canonical\" href=\"https:\/\/radarservice.eu\/sv\/produkt\/valentine-one-version-gen2\/\" \/>\n<meta property=\"og:locale\" content=\"sv_SE\" \/>\n<meta property=\"og:type\" content=\"article\" \/>\n<meta property=\"og:title\" content=\"Valentine One Version Gen2 % |% Radardetektor f\u00f6r Europa\" \/>\n<meta property=\"og:description\" content=\"Valentine One Gen2 erbjudande f\u00f6r endast 649,- Euro. Den nya Valentine One Gen2 uppt\u00e4cker mobila hastighetsf\u00e4llor och laserpistoler i Europa.\" \/>\n<meta property=\"og:url\" content=\"https:\/\/radarservice.eu\/sv\/produkt\/valentine-one-version-gen2\/\" \/>\n<meta property=\"og:site_name\" content=\"Radar Service\" \/>\n<meta property=\"article:modified_time\" content=\"2026-02-01T04:11:05+00:00\" \/>\n<meta property=\"og:image\" content=\"https:\/\/radarservice.eu\/wp-content\/uploads\/2020\/09\/Valentine_One_Version_Gen2.jpg\" \/>\n\t<meta property=\"og:image:width\" content=\"514\" \/>\n\t<meta property=\"og:image:height\" content=\"400\" \/>\n\t<meta property=\"og:image:type\" content=\"image\/jpeg\" \/>\n<meta name=\"twitter:card\" content=\"summary_large_image\" \/>\n<meta name=\"twitter:label1\" content=\"Ber\u00e4knad l\u00e4stid\" \/>\n\t<meta name=\"twitter:data1\" content=\"2 minuter\" \/>\n<script type=\"application\/ld+json\" class=\"yoast-schema-graph\">{\"@context\":\"https:\/\/schema.org\",\"@graph\":[{\"@type\":\"WebPage\",\"@id\":\"https:\/\/radarservice.eu\/sv\/produkt\/valentine-one-version-gen2\/\",\"url\":\"https:\/\/radarservice.eu\/sv\/produkt\/valentine-one-version-gen2\/\",\"name\":\"Valentine One Version Gen2 % |% Radardetektor f\u00f6r Europa\",\"isPartOf\":{\"@id\":\"https:\/\/radarservice.eu\/sv\/#website\"},\"primaryImageOfPage\":{\"@id\":\"https:\/\/radarservice.eu\/sv\/produkt\/valentine-one-version-gen2\/#primaryimage\"},\"image\":{\"@id\":\"https:\/\/radarservice.eu\/sv\/produkt\/valentine-one-version-gen2\/#primaryimage\"},\"thumbnailUrl\":\"https:\/\/radarservice.eu\/wp-content\/uploads\/2020\/09\/Valentine_One_Version_Gen2.jpg\",\"datePublished\":\"2021-05-14T11:10:23+00:00\",\"dateModified\":\"2026-02-01T04:11:05+00:00\",\"description\":\"Valentine One Gen2 erbjudande f\u00f6r endast 649,- Euro. Den nya Valentine One Gen2 uppt\u00e4cker mobila hastighetsf\u00e4llor och laserpistoler i Europa.\",\"breadcrumb\":{\"@id\":\"https:\/\/radarservice.eu\/sv\/produkt\/valentine-one-version-gen2\/#breadcrumb\"},\"inLanguage\":\"sv-SE\",\"potentialAction\":[{\"@type\":\"ReadAction\",\"target\":[\"https:\/\/radarservice.eu\/sv\/produkt\/valentine-one-version-gen2\/\"]}]},{\"@type\":\"ImageObject\",\"inLanguage\":\"sv-SE\",\"@id\":\"https:\/\/radarservice.eu\/sv\/produkt\/valentine-one-version-gen2\/#primaryimage\",\"url\":\"https:\/\/radarservice.eu\/wp-content\/uploads\/2020\/09\/Valentine_One_Version_Gen2.jpg\",\"contentUrl\":\"https:\/\/radarservice.eu\/wp-content\/uploads\/2020\/09\/Valentine_One_Version_Gen2.jpg\",\"width\":514,\"height\":400,\"caption\":\"Valentine One Version 2 Gen2\"},{\"@type\":\"BreadcrumbList\",\"@id\":\"https:\/\/radarservice.eu\/sv\/produkt\/valentine-one-version-gen2\/#breadcrumb\",\"itemListElement\":[{\"@type\":\"ListItem\",\"position\":1,\"name\":\"Butik\",\"item\":\"https:\/\/radarservice.eu\/sv\/butik\/\"},{\"@type\":\"ListItem\",\"position\":2,\"name\":\"Valentine One Version Gen2\"}]},{\"@type\":\"WebSite\",\"@id\":\"https:\/\/radarservice.eu\/sv\/#website\",\"url\":\"https:\/\/radarservice.eu\/sv\/\",\"name\":\"Radar Service\",\"description\":\"Radar detector Laser jammer mobile fix\",\"publisher\":{\"@id\":\"https:\/\/radarservice.eu\/sv\/#organization\"},\"potentialAction\":[{\"@type\":\"SearchAction\",\"target\":{\"@type\":\"EntryPoint\",\"urlTemplate\":\"https:\/\/radarservice.eu\/sv\/?s={search_term_string}\"},\"query-input\":{\"@type\":\"PropertyValueSpecification\",\"valueRequired\":true,\"valueName\":\"search_term_string\"}}],\"inLanguage\":\"sv-SE\"},{\"@type\":\"Organization\",\"@id\":\"https:\/\/radarservice.eu\/sv\/#organization\",\"name\":\"RadarService\",\"url\":\"https:\/\/radarservice.eu\/sv\/\",\"logo\":{\"@type\":\"ImageObject\",\"inLanguage\":\"sv-SE\",\"@id\":\"https:\/\/radarservice.eu\/sv\/#\/schema\/logo\/image\/\",\"url\":\"https:\/\/radarservice.eu\/wp-content\/uploads\/2021\/03\/Radar_detector_service.png\",\"contentUrl\":\"https:\/\/radarservice.eu\/wp-content\/uploads\/2021\/03\/Radar_detector_service.png\",\"width\":174,\"height\":48,\"caption\":\"RadarService\"},\"image\":{\"@id\":\"https:\/\/radarservice.eu\/sv\/#\/schema\/logo\/image\/\"}}]}<\/script>\n<!-- \/ Yoast SEO plugin. -->","yoast_head_json":{"title":"Valentine One Version Gen2 % |% Radardetektor f\u00f6r Europa","description":"Valentine One Gen2 erbjudande f\u00f6r endast 649,- Euro. Den nya Valentine One Gen2 uppt\u00e4cker mobila hastighetsf\u00e4llor och laserpistoler i Europa.","robots":{"index":"index","follow":"follow","max-snippet":"max-snippet:-1","max-image-preview":"max-image-preview:large","max-video-preview":"max-video-preview:-1"},"canonical":"https:\/\/radarservice.eu\/sv\/produkt\/valentine-one-version-gen2\/","og_locale":"sv_SE","og_type":"article","og_title":"Valentine One Version Gen2 % |% Radardetektor f\u00f6r Europa","og_description":"Valentine One Gen2 erbjudande f\u00f6r endast 649,- Euro. Den nya Valentine One Gen2 uppt\u00e4cker mobila hastighetsf\u00e4llor och laserpistoler i Europa.","og_url":"https:\/\/radarservice.eu\/sv\/produkt\/valentine-one-version-gen2\/","og_site_name":"Radar Service","article_modified_time":"2026-02-01T04:11:05+00:00","og_image":[{"width":514,"height":400,"url":"https:\/\/radarservice.eu\/wp-content\/uploads\/2020\/09\/Valentine_One_Version_Gen2.jpg","type":"image\/jpeg"}],"twitter_card":"summary_large_image","twitter_misc":{"Ber\u00e4knad l\u00e4stid":"2 minuter"},"schema":{"@context":"https:\/\/schema.org","@graph":[{"@type":"WebPage","@id":"https:\/\/radarservice.eu\/sv\/produkt\/valentine-one-version-gen2\/","url":"https:\/\/radarservice.eu\/sv\/produkt\/valentine-one-version-gen2\/","name":"Valentine One Version Gen2 % |% Radardetektor f\u00f6r Europa","isPartOf":{"@id":"https:\/\/radarservice.eu\/sv\/#website"},"primaryImageOfPage":{"@id":"https:\/\/radarservice.eu\/sv\/produkt\/valentine-one-version-gen2\/#primaryimage"},"image":{"@id":"https:\/\/radarservice.eu\/sv\/produkt\/valentine-one-version-gen2\/#primaryimage"},"thumbnailUrl":"https:\/\/radarservice.eu\/wp-content\/uploads\/2020\/09\/Valentine_One_Version_Gen2.jpg","datePublished":"2021-05-14T11:10:23+00:00","dateModified":"2026-02-01T04:11:05+00:00","description":"Valentine One Gen2 erbjudande f\u00f6r endast 649,- Euro. Den nya Valentine One Gen2 uppt\u00e4cker mobila hastighetsf\u00e4llor och laserpistoler i Europa.","breadcrumb":{"@id":"https:\/\/radarservice.eu\/sv\/produkt\/valentine-one-version-gen2\/#breadcrumb"},"inLanguage":"sv-SE","potentialAction":[{"@type":"ReadAction","target":["https:\/\/radarservice.eu\/sv\/produkt\/valentine-one-version-gen2\/"]}]},{"@type":"ImageObject","inLanguage":"sv-SE","@id":"https:\/\/radarservice.eu\/sv\/produkt\/valentine-one-version-gen2\/#primaryimage","url":"https:\/\/radarservice.eu\/wp-content\/uploads\/2020\/09\/Valentine_One_Version_Gen2.jpg","contentUrl":"https:\/\/radarservice.eu\/wp-content\/uploads\/2020\/09\/Valentine_One_Version_Gen2.jpg","width":514,"height":400,"caption":"Valentine One Version 2 Gen2"},{"@type":"BreadcrumbList","@id":"https:\/\/radarservice.eu\/sv\/produkt\/valentine-one-version-gen2\/#breadcrumb","itemListElement":[{"@type":"ListItem","position":1,"name":"Butik","item":"https:\/\/radarservice.eu\/sv\/butik\/"},{"@type":"ListItem","position":2,"name":"Valentine One Version Gen2"}]},{"@type":"WebSite","@id":"https:\/\/radarservice.eu\/sv\/#website","url":"https:\/\/radarservice.eu\/sv\/","name":"Radar Service","description":"Radar detector Laser jammer mobile fix","publisher":{"@id":"https:\/\/radarservice.eu\/sv\/#organization"},"potentialAction":[{"@type":"SearchAction","target":{"@type":"EntryPoint","urlTemplate":"https:\/\/radarservice.eu\/sv\/?s={search_term_string}"},"query-input":{"@type":"PropertyValueSpecification","valueRequired":true,"valueName":"search_term_string"}}],"inLanguage":"sv-SE"},{"@type":"Organization","@id":"https:\/\/radarservice.eu\/sv\/#organization","name":"RadarService","url":"https:\/\/radarservice.eu\/sv\/","logo":{"@type":"ImageObject","inLanguage":"sv-SE","@id":"https:\/\/radarservice.eu\/sv\/#\/schema\/logo\/image\/","url":"https:\/\/radarservice.eu\/wp-content\/uploads\/2021\/03\/Radar_detector_service.png","contentUrl":"https:\/\/radarservice.eu\/wp-content\/uploads\/2021\/03\/Radar_detector_service.png","width":174,"height":48,"caption":"RadarService"},"image":{"@id":"https:\/\/radarservice.eu\/sv\/#\/schema\/logo\/image\/"}}]}},"_links":{"self":[{"href":"https:\/\/radarservice.eu\/sv\/wp-json\/wp\/v2\/product\/16029","targetHints":{"allow":["GET"]}}],"collection":[{"href":"https:\/\/radarservice.eu\/sv\/wp-json\/wp\/v2\/product"}],"about":[{"href":"https:\/\/radarservice.eu\/sv\/wp-json\/wp\/v2\/types\/product"}],"replies":[{"embeddable":true,"href":"https:\/\/radarservice.eu\/sv\/wp-json\/wp\/v2\/comments?post=16029"}],"wp:featuredmedia":[{"embeddable":true,"href":"https:\/\/radarservice.eu\/sv\/wp-json\/wp\/v2\/media\/16035"}],"wp:attachment":[{"href":"https:\/\/radarservice.eu\/sv\/wp-json\/wp\/v2\/media?parent=16029"}],"wp:term":[{"taxonomy":"product_brand","embeddable":true,"href":"https:\/\/radarservice.eu\/sv\/wp-json\/wp\/v2\/product_brand?post=16029"},{"taxonomy":"product_cat","embeddable":true,"href":"https:\/\/radarservice.eu\/sv\/wp-json\/wp\/v2\/product_cat?post=16029"},{"taxonomy":"product_tag","embeddable":true,"href":"https:\/\/radarservice.eu\/sv\/wp-json\/wp\/v2\/product_tag?post=16029"}],"curies":[{"name":"wp","href":"https:\/\/api.w.org\/{rel}","templated":true}]}}