{"id":16027,"date":"2021-05-14T13:06:06","date_gmt":"2021-05-14T11:06:06","guid":{"rendered":"https:\/\/radarservice.eu\/produkt\/valentine-one-rc-europeisk-version\/"},"modified":"2021-05-14T13:06:06","modified_gmt":"2021-05-14T11:06:06","slug":"valentine-one-rc-europeisk-version","status":"publish","type":"product","link":"https:\/\/radarservice.eu\/sv\/produkt\/valentine-one-rc-europeisk-version\/","title":{"rendered":"Valentine One RC Europeisk version"},"content":{"rendered":"<p>Valentine One RC \u00e4r en extern, dold radardetektor. Den exakta frekvensavl\u00e4sningen och den h\u00f6ga k\u00e4nsligheten ger en optimal detektion av de radarsystem som anv\u00e4nds i Europa. Kontinuerlig utveckling av den europeiska versionen har f\u00f6rb\u00e4ttrat b\u00e5de varningstiderna och elimineringen av falska larm.<\/p>\n<p>N\u00e4r det g\u00e4ller laserdetektering \u00e4r V1 den absoluta toppmodellen. Till och med Traffic Observer-m\u00e4tningssystemen som anv\u00e4nds i Schweiz, ofta som delvis station\u00e4ra, uppt\u00e4cker Valentine One tillf\u00f6rlitligt.<br \/>\nUppm\u00e4rksamhet. F\u00f6r en ost\u00f6rd laserdetektion m\u00e5ste installeras i motorrummet n\u00f6dv\u00e4ndigtvis se till att Valentine One har fri &#8221;utsikt&#8221; fram\u00e5t. Om detta inte \u00e4r \u00f6nskv\u00e4rt eller m\u00f6jligt, installera n\u00f6dv\u00e4ndigtvis en extra laserblocker f\u00f6r laserskydd.<\/p>\n<p>.<\/p>\n<p>Leveransen sker i Europa-inst\u00e4llningarna, p\u00e5 beg\u00e4ran kan vi programmera Valentine One RC, dock \u00e4ven individuellt efter dina \u00f6nskem\u00e5l.<\/p>\n<p><strong>\u00d6versikt:<\/strong><br \/>\n+ Radardetektor f\u00f6r \u00f6verklassen<br \/>\n+ mycket bra laserdetektion<br \/>\n+ varning f\u00f6r radarm\u00e4tning<br \/>\n+ varning f\u00f6r laserm\u00e4tningar<br \/>\n+ l\u00e4mplig f\u00f6r anv\u00e4ndning i Europa<\/p>\n<p><strong>Frekvens\u00f6versikt:<\/strong><br \/>\n+ 9.410 (X-band)<br \/>\n+ 13.450 (KU-band)<br \/>\n+ 24.125 (K-bandet)<br \/>\n+ 34 360 (KA-band)<\/p>\n<p><strong>Installation:<\/strong><br \/>\n+ Installationen tar beroende p\u00e5 fordonstyp ca 2-4 timmar att genomf\u00f6ra i en specialiserad verkstad<\/p>\n<p>.<\/p>\n<p><strong>Omfattning av leveransen:<\/strong><br \/>\n* Valentine One RC europeisk version (extern version)<br \/>\n* Separat display<br \/>\n* Separat ljudmodul<br \/>\n* Extra l\u00e5ng str\u00f6mkabel f\u00f6r anslutning till styrelsens n\u00e4tverk<br \/>\n* Tysk handbok<\/p>\n<p><strong>Anm\u00e4rkning:<\/strong> Valentine One RC har mycket god lasermottagning, men f\u00f6r s\u00e4kert laserskydd rekommenderar vi att du anv\u00e4nder en aktiv laserblocker AL Priority eller Lasertrack Flare.<\/p>\n","protected":false},"excerpt":{"rendered":"<p>Valentine One RC \u00e4r en extern, dold radardetektor. Den exakta frekvensavl\u00e4sningen och den h\u00f6ga k\u00e4nsligheten ger en optimal detektion av de radarsystem som anv\u00e4nds i Europa. Kontinuerlig utveckling av den europeiska versionen har f\u00f6rb\u00e4ttrat b\u00e5de varningstiderna och elimineringen av falska larm. N\u00e4r det g\u00e4ller laserdetektering \u00e4r V1 den absoluta toppmodellen. Till och med Traffic Observer-m\u00e4tningssystemen [&#8230;]\n","protected":false},"featured_media":16028,"comment_status":"open","ping_status":"closed","template":"","meta":[],"product_brand":[],"product_cat":[1755,1826],"product_tag":[1828,1784,1830,1829],"class_list":{"0":"post-16027","1":"product","2":"type-product","3":"status-publish","4":"has-post-thumbnail","6":"product_cat-fast-monterade-radardetektorer","7":"product_cat-valentine-one-sv","8":"product_tag-europeisk-version","9":"product_tag-fast-radardetektor","10":"product_tag-v1-rc-sv","11":"product_tag-valentine-one-rc-sv","13":"first","14":"instock","15":"taxable","16":"shipping-taxable","17":"purchasable","18":"product-type-simple"},"yoast_head":"<!-- This site is optimized with the Yoast SEO plugin v27.2 - https:\/\/yoast.com\/product\/yoast-seo-wordpress\/ -->\n<title>Valentine One RC Europeisk version | Radar Service<\/title>\n<meta name=\"description\" content=\"Valentine One RC \u00e4r en radardetektor f\u00f6r extern, dold installation i motorrummet.\" \/>\n<meta name=\"robots\" content=\"index, follow, max-snippet:-1, max-image-preview:large, max-video-preview:-1\" \/>\n<link rel=\"canonical\" href=\"https:\/\/radarservice.eu\/sv\/produkt\/valentine-one-rc-europeisk-version\/\" \/>\n<meta property=\"og:locale\" content=\"sv_SE\" \/>\n<meta property=\"og:type\" content=\"article\" \/>\n<meta property=\"og:title\" content=\"Valentine One RC Europeisk version | Radar Service\" \/>\n<meta property=\"og:description\" content=\"Valentine One RC \u00e4r en radardetektor f\u00f6r extern, dold installation i motorrummet.\" \/>\n<meta property=\"og:url\" content=\"https:\/\/radarservice.eu\/sv\/produkt\/valentine-one-rc-europeisk-version\/\" \/>\n<meta property=\"og:site_name\" content=\"Radar Service\" \/>\n<meta property=\"og:image\" content=\"https:\/\/radarservice.eu\/wp-content\/uploads\/2020\/09\/Valentine_One_RC.jpg\" \/>\n\t<meta property=\"og:image:width\" content=\"600\" \/>\n\t<meta property=\"og:image:height\" content=\"360\" \/>\n\t<meta property=\"og:image:type\" content=\"image\/jpeg\" \/>\n<meta name=\"twitter:card\" content=\"summary_large_image\" \/>\n<meta name=\"twitter:label1\" content=\"Ber\u00e4knad l\u00e4stid\" \/>\n\t<meta name=\"twitter:data1\" content=\"1 minut\" \/>\n<script type=\"application\/ld+json\" class=\"yoast-schema-graph\">{\"@context\":\"https:\/\/schema.org\",\"@graph\":[{\"@type\":\"WebPage\",\"@id\":\"https:\/\/radarservice.eu\/sv\/produkt\/valentine-one-rc-europeisk-version\/\",\"url\":\"https:\/\/radarservice.eu\/sv\/produkt\/valentine-one-rc-europeisk-version\/\",\"name\":\"Valentine One RC Europeisk version | Radar Service\",\"isPartOf\":{\"@id\":\"https:\/\/radarservice.eu\/sv\/#website\"},\"primaryImageOfPage\":{\"@id\":\"https:\/\/radarservice.eu\/sv\/produkt\/valentine-one-rc-europeisk-version\/#primaryimage\"},\"image\":{\"@id\":\"https:\/\/radarservice.eu\/sv\/produkt\/valentine-one-rc-europeisk-version\/#primaryimage\"},\"thumbnailUrl\":\"https:\/\/radarservice.eu\/wp-content\/uploads\/2020\/09\/Valentine_One_RC.jpg\",\"datePublished\":\"2021-05-14T11:06:06+00:00\",\"description\":\"Valentine One RC \u00e4r en radardetektor f\u00f6r extern, dold installation i motorrummet.\",\"breadcrumb\":{\"@id\":\"https:\/\/radarservice.eu\/sv\/produkt\/valentine-one-rc-europeisk-version\/#breadcrumb\"},\"inLanguage\":\"sv-SE\",\"potentialAction\":[{\"@type\":\"ReadAction\",\"target\":[\"https:\/\/radarservice.eu\/sv\/produkt\/valentine-one-rc-europeisk-version\/\"]}]},{\"@type\":\"ImageObject\",\"inLanguage\":\"sv-SE\",\"@id\":\"https:\/\/radarservice.eu\/sv\/produkt\/valentine-one-rc-europeisk-version\/#primaryimage\",\"url\":\"https:\/\/radarservice.eu\/wp-content\/uploads\/2020\/09\/Valentine_One_RC.jpg\",\"contentUrl\":\"https:\/\/radarservice.eu\/wp-content\/uploads\/2020\/09\/Valentine_One_RC.jpg\",\"width\":600,\"height\":360,\"caption\":\"Valentine One RC\"},{\"@type\":\"BreadcrumbList\",\"@id\":\"https:\/\/radarservice.eu\/sv\/produkt\/valentine-one-rc-europeisk-version\/#breadcrumb\",\"itemListElement\":[{\"@type\":\"ListItem\",\"position\":1,\"name\":\"Butik\",\"item\":\"https:\/\/radarservice.eu\/sv\/butik\/\"},{\"@type\":\"ListItem\",\"position\":2,\"name\":\"Valentine One RC Europeisk version\"}]},{\"@type\":\"WebSite\",\"@id\":\"https:\/\/radarservice.eu\/sv\/#website\",\"url\":\"https:\/\/radarservice.eu\/sv\/\",\"name\":\"Radar Service\",\"description\":\"Radar detector Laser jammer mobile fix\",\"publisher\":{\"@id\":\"https:\/\/radarservice.eu\/sv\/#organization\"},\"potentialAction\":[{\"@type\":\"SearchAction\",\"target\":{\"@type\":\"EntryPoint\",\"urlTemplate\":\"https:\/\/radarservice.eu\/sv\/?s={search_term_string}\"},\"query-input\":{\"@type\":\"PropertyValueSpecification\",\"valueRequired\":true,\"valueName\":\"search_term_string\"}}],\"inLanguage\":\"sv-SE\"},{\"@type\":\"Organization\",\"@id\":\"https:\/\/radarservice.eu\/sv\/#organization\",\"name\":\"RadarService\",\"url\":\"https:\/\/radarservice.eu\/sv\/\",\"logo\":{\"@type\":\"ImageObject\",\"inLanguage\":\"sv-SE\",\"@id\":\"https:\/\/radarservice.eu\/sv\/#\/schema\/logo\/image\/\",\"url\":\"https:\/\/radarservice.eu\/wp-content\/uploads\/2021\/03\/Radar_detector_service.png\",\"contentUrl\":\"https:\/\/radarservice.eu\/wp-content\/uploads\/2021\/03\/Radar_detector_service.png\",\"width\":174,\"height\":48,\"caption\":\"RadarService\"},\"image\":{\"@id\":\"https:\/\/radarservice.eu\/sv\/#\/schema\/logo\/image\/\"}}]}<\/script>\n<!-- \/ Yoast SEO plugin. -->","yoast_head_json":{"title":"Valentine One RC Europeisk version | Radar Service","description":"Valentine One RC \u00e4r en radardetektor f\u00f6r extern, dold installation i motorrummet.","robots":{"index":"index","follow":"follow","max-snippet":"max-snippet:-1","max-image-preview":"max-image-preview:large","max-video-preview":"max-video-preview:-1"},"canonical":"https:\/\/radarservice.eu\/sv\/produkt\/valentine-one-rc-europeisk-version\/","og_locale":"sv_SE","og_type":"article","og_title":"Valentine One RC Europeisk version | Radar Service","og_description":"Valentine One RC \u00e4r en radardetektor f\u00f6r extern, dold installation i motorrummet.","og_url":"https:\/\/radarservice.eu\/sv\/produkt\/valentine-one-rc-europeisk-version\/","og_site_name":"Radar Service","og_image":[{"width":600,"height":360,"url":"https:\/\/radarservice.eu\/wp-content\/uploads\/2020\/09\/Valentine_One_RC.jpg","type":"image\/jpeg"}],"twitter_card":"summary_large_image","twitter_misc":{"Ber\u00e4knad l\u00e4stid":"1 minut"},"schema":{"@context":"https:\/\/schema.org","@graph":[{"@type":"WebPage","@id":"https:\/\/radarservice.eu\/sv\/produkt\/valentine-one-rc-europeisk-version\/","url":"https:\/\/radarservice.eu\/sv\/produkt\/valentine-one-rc-europeisk-version\/","name":"Valentine One RC Europeisk version | Radar Service","isPartOf":{"@id":"https:\/\/radarservice.eu\/sv\/#website"},"primaryImageOfPage":{"@id":"https:\/\/radarservice.eu\/sv\/produkt\/valentine-one-rc-europeisk-version\/#primaryimage"},"image":{"@id":"https:\/\/radarservice.eu\/sv\/produkt\/valentine-one-rc-europeisk-version\/#primaryimage"},"thumbnailUrl":"https:\/\/radarservice.eu\/wp-content\/uploads\/2020\/09\/Valentine_One_RC.jpg","datePublished":"2021-05-14T11:06:06+00:00","description":"Valentine One RC \u00e4r en radardetektor f\u00f6r extern, dold installation i motorrummet.","breadcrumb":{"@id":"https:\/\/radarservice.eu\/sv\/produkt\/valentine-one-rc-europeisk-version\/#breadcrumb"},"inLanguage":"sv-SE","potentialAction":[{"@type":"ReadAction","target":["https:\/\/radarservice.eu\/sv\/produkt\/valentine-one-rc-europeisk-version\/"]}]},{"@type":"ImageObject","inLanguage":"sv-SE","@id":"https:\/\/radarservice.eu\/sv\/produkt\/valentine-one-rc-europeisk-version\/#primaryimage","url":"https:\/\/radarservice.eu\/wp-content\/uploads\/2020\/09\/Valentine_One_RC.jpg","contentUrl":"https:\/\/radarservice.eu\/wp-content\/uploads\/2020\/09\/Valentine_One_RC.jpg","width":600,"height":360,"caption":"Valentine One RC"},{"@type":"BreadcrumbList","@id":"https:\/\/radarservice.eu\/sv\/produkt\/valentine-one-rc-europeisk-version\/#breadcrumb","itemListElement":[{"@type":"ListItem","position":1,"name":"Butik","item":"https:\/\/radarservice.eu\/sv\/butik\/"},{"@type":"ListItem","position":2,"name":"Valentine One RC Europeisk version"}]},{"@type":"WebSite","@id":"https:\/\/radarservice.eu\/sv\/#website","url":"https:\/\/radarservice.eu\/sv\/","name":"Radar Service","description":"Radar detector Laser jammer mobile fix","publisher":{"@id":"https:\/\/radarservice.eu\/sv\/#organization"},"potentialAction":[{"@type":"SearchAction","target":{"@type":"EntryPoint","urlTemplate":"https:\/\/radarservice.eu\/sv\/?s={search_term_string}"},"query-input":{"@type":"PropertyValueSpecification","valueRequired":true,"valueName":"search_term_string"}}],"inLanguage":"sv-SE"},{"@type":"Organization","@id":"https:\/\/radarservice.eu\/sv\/#organization","name":"RadarService","url":"https:\/\/radarservice.eu\/sv\/","logo":{"@type":"ImageObject","inLanguage":"sv-SE","@id":"https:\/\/radarservice.eu\/sv\/#\/schema\/logo\/image\/","url":"https:\/\/radarservice.eu\/wp-content\/uploads\/2021\/03\/Radar_detector_service.png","contentUrl":"https:\/\/radarservice.eu\/wp-content\/uploads\/2021\/03\/Radar_detector_service.png","width":174,"height":48,"caption":"RadarService"},"image":{"@id":"https:\/\/radarservice.eu\/sv\/#\/schema\/logo\/image\/"}}]}},"_links":{"self":[{"href":"https:\/\/radarservice.eu\/sv\/wp-json\/wp\/v2\/product\/16027","targetHints":{"allow":["GET"]}}],"collection":[{"href":"https:\/\/radarservice.eu\/sv\/wp-json\/wp\/v2\/product"}],"about":[{"href":"https:\/\/radarservice.eu\/sv\/wp-json\/wp\/v2\/types\/product"}],"replies":[{"embeddable":true,"href":"https:\/\/radarservice.eu\/sv\/wp-json\/wp\/v2\/comments?post=16027"}],"wp:featuredmedia":[{"embeddable":true,"href":"https:\/\/radarservice.eu\/sv\/wp-json\/wp\/v2\/media\/16028"}],"wp:attachment":[{"href":"https:\/\/radarservice.eu\/sv\/wp-json\/wp\/v2\/media?parent=16027"}],"wp:term":[{"taxonomy":"product_brand","embeddable":true,"href":"https:\/\/radarservice.eu\/sv\/wp-json\/wp\/v2\/product_brand?post=16027"},{"taxonomy":"product_cat","embeddable":true,"href":"https:\/\/radarservice.eu\/sv\/wp-json\/wp\/v2\/product_cat?post=16027"},{"taxonomy":"product_tag","embeddable":true,"href":"https:\/\/radarservice.eu\/sv\/wp-json\/wp\/v2\/product_tag?post=16027"}],"curies":[{"name":"wp","href":"https:\/\/api.w.org\/{rel}","templated":true}]}}