{"id":16021,"date":"2021-05-14T13:02:55","date_gmt":"2021-05-14T11:02:55","guid":{"rendered":"https:\/\/radarservice.eu\/produkt\/bel-sti-r-plus-fast-radardetektor-europeisk-version\/"},"modified":"2021-05-14T13:02:55","modified_gmt":"2021-05-14T11:02:55","slug":"bel-sti-r-plus-fast-radardetektor-europeisk-version","status":"publish","type":"product","link":"https:\/\/radarservice.eu\/sv\/produkt\/bel-sti-r-plus-fast-radardetektor-europeisk-version\/","title":{"rendered":"Bel STi-R Plus fast radardetektor europeisk version"},"content":{"rendered":"<p>Bel STi-R Plus \u00e4r speciellt utformad f\u00f6r anv\u00e4ndning i fordon med metallt\u00e4ckta vindrutor eller i cabrioleter och kan installeras dolt i motorrummet tack vare sitt vattent\u00e4ta h\u00f6lje. Tack vare mottagarmodulens v\u00e4derbest\u00e4ndiga konstruktion finns det inga begr\u00e4nsningar f\u00f6r installationsm\u00f6jligheterna. Den separata displayen och ljudmodulen \u00e4r ocks\u00e5 dolda i interi\u00f6ren och visar f\u00f6raren akustiskt och visuellt att det finns en hastighetsf\u00e4lla.<\/p>\n<p>.<\/p>\n<p>Den enkla anv\u00e4ndningen och det digitala r\u00f6stmeddelandet f\u00f6r radarvarningen ger f\u00f6raren all information han beh\u00f6ver och enkel \u00e5tkomst utan att distrahera honom fr\u00e5n trafiken.<\/p>\n<p><strong>\u00d6versikt:<\/strong><br \/>\n+ Fast radardetektor med h\u00f6gsta tillf\u00f6rlitlighet<br \/>.<br \/>\n+ Varning f\u00f6r laserm\u00e4tningar<br \/>\n+ Varning f\u00f6r sektionskontrollm\u00e4tningar (sektionskontroller)<br \/>\n+ Varning f\u00f6r station\u00e4r radar<br \/>\n+ Varning f\u00f6r r\u00f6dljus\u00f6vervakning<br \/>\n+ Aktiverbart autoscan \/ city \/ highway-filter (minskar falska larm)<br \/>\n+ 100 % osynlig f\u00f6r polisens elektroniska radardetektorer (t.ex. Schweiz, Nederl\u00e4nderna)<br \/>\n+ automatisk justering av sk\u00e4rmens ljusstyrka<br \/>\n+ l\u00e4mplig f\u00f6r anv\u00e4ndning i Europa<\/p>\n<p><strong>Leveransens omfattning:<\/strong><br \/>\n* STIR Plus radarmottagare<br \/>\n* Separat display<br \/>\n* kontrollenhet<br \/>\n* Separat kontrollenhet<br \/>\n* h\u00f6gtalare<br \/>\n* monteringsmaterial<br \/>\n* Instruktioner f\u00f6r anv\u00e4ndning och installation<\/p>\n<p><strong>Anm\u00e4rkning:<\/strong> Bel STIR Plus har ett mycket bra laserskydd, men f\u00f6r ett absolut s\u00e4kert laserskydd rekommenderas<br \/>.<br \/>\nanv\u00e4ndning av en aktiv laserblocker, t.ex. Genevo FF2 eller AL Priority!<\/p>\n","protected":false},"excerpt":{"rendered":"<p>Bel STi-R Plus extern radardetektor med integrerad varning f\u00f6r mobila och fasta hastighetsf\u00e4llor i Europa och f\u00f6rb\u00e4ttrat skydd mot falsklarm. De f\u00f6rb\u00e4ttrade radar- och lasersensorerna ger maximal r\u00e4ckvidd och varningstid. Med BEL:s nya AutoScan-funktion analyserar STI-R Plus permanent alla inkommande signaler och minskar d\u00e4rmed on\u00f6diga falsklarm.<\/p>\n","protected":false},"featured_media":16022,"comment_status":"open","ping_status":"closed","template":"","meta":[],"product_brand":[],"product_cat":[1818,1755],"product_tag":[1824,1819,1759,1825,1797,1784],"class_list":{"0":"post-16021","1":"product","2":"type-product","3":"status-publish","4":"has-post-thumbnail","6":"product_cat-beltronics-sv","7":"product_cat-fast-monterade-radardetektorer","8":"product_tag-bel-sti-r-plus-sv","9":"product_tag-beltronics-sv","10":"product_tag-europa-sv","11":"product_tag-externt","12":"product_tag-fartfallor","13":"product_tag-fast-radardetektor","15":"first","16":"onbackorder","17":"taxable","18":"shipping-taxable","19":"purchasable","20":"product-type-simple"},"yoast_head":"<!-- This site is optimized with the Yoast SEO plugin v27.2 - https:\/\/yoast.com\/product\/yoast-seo-wordpress\/ -->\n<title>Bel STi-R Plus fast radardetektor europeisk version<\/title>\n<meta name=\"description\" content=\"Bel STi-R Plus extern radardetektor f\u00f6r dold fast installation framtill p\u00e5 fordonet. L\u00e4mplig f\u00f6r anv\u00e4ndning i hela Europa.\" \/>\n<meta name=\"robots\" content=\"index, follow, max-snippet:-1, max-image-preview:large, max-video-preview:-1\" \/>\n<link rel=\"canonical\" href=\"https:\/\/radarservice.eu\/sv\/produkt\/bel-sti-r-plus-fast-radardetektor-europeisk-version\/\" \/>\n<meta property=\"og:locale\" content=\"sv_SE\" \/>\n<meta property=\"og:type\" content=\"article\" \/>\n<meta property=\"og:title\" content=\"Bel STi-R Plus fast radardetektor europeisk version\" \/>\n<meta property=\"og:description\" content=\"Bel STi-R Plus extern radardetektor f\u00f6r dold fast installation framtill p\u00e5 fordonet. L\u00e4mplig f\u00f6r anv\u00e4ndning i hela Europa.\" \/>\n<meta property=\"og:url\" content=\"https:\/\/radarservice.eu\/sv\/produkt\/bel-sti-r-plus-fast-radardetektor-europeisk-version\/\" \/>\n<meta property=\"og:site_name\" content=\"Radar Service\" \/>\n<meta property=\"og:image\" content=\"https:\/\/radarservice.eu\/wp-content\/uploads\/2020\/09\/STIR.jpg\" \/>\n\t<meta property=\"og:image:width\" content=\"750\" \/>\n\t<meta property=\"og:image:height\" content=\"800\" \/>\n\t<meta property=\"og:image:type\" content=\"image\/jpeg\" \/>\n<meta name=\"twitter:card\" content=\"summary_large_image\" \/>\n<meta name=\"twitter:label1\" content=\"Ber\u00e4knad l\u00e4stid\" \/>\n\t<meta name=\"twitter:data1\" content=\"1 minut\" \/>\n<script type=\"application\/ld+json\" class=\"yoast-schema-graph\">{\"@context\":\"https:\/\/schema.org\",\"@graph\":[{\"@type\":\"WebPage\",\"@id\":\"https:\/\/radarservice.eu\/sv\/produkt\/bel-sti-r-plus-fast-radardetektor-europeisk-version\/\",\"url\":\"https:\/\/radarservice.eu\/sv\/produkt\/bel-sti-r-plus-fast-radardetektor-europeisk-version\/\",\"name\":\"Bel STi-R Plus fast radardetektor europeisk version\",\"isPartOf\":{\"@id\":\"https:\/\/radarservice.eu\/sv\/#website\"},\"primaryImageOfPage\":{\"@id\":\"https:\/\/radarservice.eu\/sv\/produkt\/bel-sti-r-plus-fast-radardetektor-europeisk-version\/#primaryimage\"},\"image\":{\"@id\":\"https:\/\/radarservice.eu\/sv\/produkt\/bel-sti-r-plus-fast-radardetektor-europeisk-version\/#primaryimage\"},\"thumbnailUrl\":\"https:\/\/radarservice.eu\/wp-content\/uploads\/2020\/09\/STIR.jpg\",\"datePublished\":\"2021-05-14T11:02:55+00:00\",\"description\":\"Bel STi-R Plus extern radardetektor f\u00f6r dold fast installation framtill p\u00e5 fordonet. L\u00e4mplig f\u00f6r anv\u00e4ndning i hela Europa.\",\"breadcrumb\":{\"@id\":\"https:\/\/radarservice.eu\/sv\/produkt\/bel-sti-r-plus-fast-radardetektor-europeisk-version\/#breadcrumb\"},\"inLanguage\":\"sv-SE\",\"potentialAction\":[{\"@type\":\"ReadAction\",\"target\":[\"https:\/\/radarservice.eu\/sv\/produkt\/bel-sti-r-plus-fast-radardetektor-europeisk-version\/\"]}]},{\"@type\":\"ImageObject\",\"inLanguage\":\"sv-SE\",\"@id\":\"https:\/\/radarservice.eu\/sv\/produkt\/bel-sti-r-plus-fast-radardetektor-europeisk-version\/#primaryimage\",\"url\":\"https:\/\/radarservice.eu\/wp-content\/uploads\/2020\/09\/STIR.jpg\",\"contentUrl\":\"https:\/\/radarservice.eu\/wp-content\/uploads\/2020\/09\/STIR.jpg\",\"width\":750,\"height\":800,\"caption\":\"Beltronics Bel STI-R Plus\"},{\"@type\":\"BreadcrumbList\",\"@id\":\"https:\/\/radarservice.eu\/sv\/produkt\/bel-sti-r-plus-fast-radardetektor-europeisk-version\/#breadcrumb\",\"itemListElement\":[{\"@type\":\"ListItem\",\"position\":1,\"name\":\"Butik\",\"item\":\"https:\/\/radarservice.eu\/sv\/butik\/\"},{\"@type\":\"ListItem\",\"position\":2,\"name\":\"Bel STi-R Plus fast radardetektor europeisk version\"}]},{\"@type\":\"WebSite\",\"@id\":\"https:\/\/radarservice.eu\/sv\/#website\",\"url\":\"https:\/\/radarservice.eu\/sv\/\",\"name\":\"Radar Service\",\"description\":\"Radar detector Laser jammer mobile fix\",\"publisher\":{\"@id\":\"https:\/\/radarservice.eu\/sv\/#organization\"},\"potentialAction\":[{\"@type\":\"SearchAction\",\"target\":{\"@type\":\"EntryPoint\",\"urlTemplate\":\"https:\/\/radarservice.eu\/sv\/?s={search_term_string}\"},\"query-input\":{\"@type\":\"PropertyValueSpecification\",\"valueRequired\":true,\"valueName\":\"search_term_string\"}}],\"inLanguage\":\"sv-SE\"},{\"@type\":\"Organization\",\"@id\":\"https:\/\/radarservice.eu\/sv\/#organization\",\"name\":\"RadarService\",\"url\":\"https:\/\/radarservice.eu\/sv\/\",\"logo\":{\"@type\":\"ImageObject\",\"inLanguage\":\"sv-SE\",\"@id\":\"https:\/\/radarservice.eu\/sv\/#\/schema\/logo\/image\/\",\"url\":\"https:\/\/radarservice.eu\/wp-content\/uploads\/2021\/03\/Radar_detector_service.png\",\"contentUrl\":\"https:\/\/radarservice.eu\/wp-content\/uploads\/2021\/03\/Radar_detector_service.png\",\"width\":174,\"height\":48,\"caption\":\"RadarService\"},\"image\":{\"@id\":\"https:\/\/radarservice.eu\/sv\/#\/schema\/logo\/image\/\"}}]}<\/script>\n<!-- \/ Yoast SEO plugin. -->","yoast_head_json":{"title":"Bel STi-R Plus fast radardetektor europeisk version","description":"Bel STi-R Plus extern radardetektor f\u00f6r dold fast installation framtill p\u00e5 fordonet. L\u00e4mplig f\u00f6r anv\u00e4ndning i hela Europa.","robots":{"index":"index","follow":"follow","max-snippet":"max-snippet:-1","max-image-preview":"max-image-preview:large","max-video-preview":"max-video-preview:-1"},"canonical":"https:\/\/radarservice.eu\/sv\/produkt\/bel-sti-r-plus-fast-radardetektor-europeisk-version\/","og_locale":"sv_SE","og_type":"article","og_title":"Bel STi-R Plus fast radardetektor europeisk version","og_description":"Bel STi-R Plus extern radardetektor f\u00f6r dold fast installation framtill p\u00e5 fordonet. L\u00e4mplig f\u00f6r anv\u00e4ndning i hela Europa.","og_url":"https:\/\/radarservice.eu\/sv\/produkt\/bel-sti-r-plus-fast-radardetektor-europeisk-version\/","og_site_name":"Radar Service","og_image":[{"width":750,"height":800,"url":"https:\/\/radarservice.eu\/wp-content\/uploads\/2020\/09\/STIR.jpg","type":"image\/jpeg"}],"twitter_card":"summary_large_image","twitter_misc":{"Ber\u00e4knad l\u00e4stid":"1 minut"},"schema":{"@context":"https:\/\/schema.org","@graph":[{"@type":"WebPage","@id":"https:\/\/radarservice.eu\/sv\/produkt\/bel-sti-r-plus-fast-radardetektor-europeisk-version\/","url":"https:\/\/radarservice.eu\/sv\/produkt\/bel-sti-r-plus-fast-radardetektor-europeisk-version\/","name":"Bel STi-R Plus fast radardetektor europeisk version","isPartOf":{"@id":"https:\/\/radarservice.eu\/sv\/#website"},"primaryImageOfPage":{"@id":"https:\/\/radarservice.eu\/sv\/produkt\/bel-sti-r-plus-fast-radardetektor-europeisk-version\/#primaryimage"},"image":{"@id":"https:\/\/radarservice.eu\/sv\/produkt\/bel-sti-r-plus-fast-radardetektor-europeisk-version\/#primaryimage"},"thumbnailUrl":"https:\/\/radarservice.eu\/wp-content\/uploads\/2020\/09\/STIR.jpg","datePublished":"2021-05-14T11:02:55+00:00","description":"Bel STi-R Plus extern radardetektor f\u00f6r dold fast installation framtill p\u00e5 fordonet. L\u00e4mplig f\u00f6r anv\u00e4ndning i hela Europa.","breadcrumb":{"@id":"https:\/\/radarservice.eu\/sv\/produkt\/bel-sti-r-plus-fast-radardetektor-europeisk-version\/#breadcrumb"},"inLanguage":"sv-SE","potentialAction":[{"@type":"ReadAction","target":["https:\/\/radarservice.eu\/sv\/produkt\/bel-sti-r-plus-fast-radardetektor-europeisk-version\/"]}]},{"@type":"ImageObject","inLanguage":"sv-SE","@id":"https:\/\/radarservice.eu\/sv\/produkt\/bel-sti-r-plus-fast-radardetektor-europeisk-version\/#primaryimage","url":"https:\/\/radarservice.eu\/wp-content\/uploads\/2020\/09\/STIR.jpg","contentUrl":"https:\/\/radarservice.eu\/wp-content\/uploads\/2020\/09\/STIR.jpg","width":750,"height":800,"caption":"Beltronics Bel STI-R Plus"},{"@type":"BreadcrumbList","@id":"https:\/\/radarservice.eu\/sv\/produkt\/bel-sti-r-plus-fast-radardetektor-europeisk-version\/#breadcrumb","itemListElement":[{"@type":"ListItem","position":1,"name":"Butik","item":"https:\/\/radarservice.eu\/sv\/butik\/"},{"@type":"ListItem","position":2,"name":"Bel STi-R Plus fast radardetektor europeisk version"}]},{"@type":"WebSite","@id":"https:\/\/radarservice.eu\/sv\/#website","url":"https:\/\/radarservice.eu\/sv\/","name":"Radar Service","description":"Radar detector Laser jammer mobile fix","publisher":{"@id":"https:\/\/radarservice.eu\/sv\/#organization"},"potentialAction":[{"@type":"SearchAction","target":{"@type":"EntryPoint","urlTemplate":"https:\/\/radarservice.eu\/sv\/?s={search_term_string}"},"query-input":{"@type":"PropertyValueSpecification","valueRequired":true,"valueName":"search_term_string"}}],"inLanguage":"sv-SE"},{"@type":"Organization","@id":"https:\/\/radarservice.eu\/sv\/#organization","name":"RadarService","url":"https:\/\/radarservice.eu\/sv\/","logo":{"@type":"ImageObject","inLanguage":"sv-SE","@id":"https:\/\/radarservice.eu\/sv\/#\/schema\/logo\/image\/","url":"https:\/\/radarservice.eu\/wp-content\/uploads\/2021\/03\/Radar_detector_service.png","contentUrl":"https:\/\/radarservice.eu\/wp-content\/uploads\/2021\/03\/Radar_detector_service.png","width":174,"height":48,"caption":"RadarService"},"image":{"@id":"https:\/\/radarservice.eu\/sv\/#\/schema\/logo\/image\/"}}]}},"_links":{"self":[{"href":"https:\/\/radarservice.eu\/sv\/wp-json\/wp\/v2\/product\/16021","targetHints":{"allow":["GET"]}}],"collection":[{"href":"https:\/\/radarservice.eu\/sv\/wp-json\/wp\/v2\/product"}],"about":[{"href":"https:\/\/radarservice.eu\/sv\/wp-json\/wp\/v2\/types\/product"}],"replies":[{"embeddable":true,"href":"https:\/\/radarservice.eu\/sv\/wp-json\/wp\/v2\/comments?post=16021"}],"wp:featuredmedia":[{"embeddable":true,"href":"https:\/\/radarservice.eu\/sv\/wp-json\/wp\/v2\/media\/16022"}],"wp:attachment":[{"href":"https:\/\/radarservice.eu\/sv\/wp-json\/wp\/v2\/media?parent=16021"}],"wp:term":[{"taxonomy":"product_brand","embeddable":true,"href":"https:\/\/radarservice.eu\/sv\/wp-json\/wp\/v2\/product_brand?post=16021"},{"taxonomy":"product_cat","embeddable":true,"href":"https:\/\/radarservice.eu\/sv\/wp-json\/wp\/v2\/product_cat?post=16021"},{"taxonomy":"product_tag","embeddable":true,"href":"https:\/\/radarservice.eu\/sv\/wp-json\/wp\/v2\/product_tag?post=16021"}],"curies":[{"name":"wp","href":"https:\/\/api.w.org\/{rel}","templated":true}]}}