{"id":16004,"date":"2021-05-14T10:40:10","date_gmt":"2021-05-14T08:40:10","guid":{"rendered":"https:\/\/radarservice.eu\/produkt\/laser-jammer-antilaser-al-priority\/"},"modified":"2025-12-29T05:10:23","modified_gmt":"2025-12-29T04:10:23","slug":"laser-jammer-antilaser-al-priority","status":"publish","type":"product","link":"https:\/\/radarservice.eu\/sv\/produkt\/laser-jammer-antilaser-al-priority\/","title":{"rendered":"Laser jammer Antilaser AL-Priority"},"content":{"rendered":"<p>Den nya anti-lasern AL-Priority har f\u00f6rb\u00e4ttrats ytterligare j\u00e4mf\u00f6rt med sina f\u00f6reg\u00e5ngare AL-G8 och AL-G9. Sensorn \u00e4r inte bara mer kompakt med 30x14x57 mm och mer kraftfull, utan kan ocks\u00e5 installeras \u00e4nnu enklare i fordonet tack vare den optimerade kabeldragningen. Dessutom \u00e4r AL Priority nu en patenterad, T\u00dcV-testad parkeringsassistent med E-m\u00e4rkning och uppfyller alla n\u00f6dv\u00e4ndiga standarder f\u00f6r bilindustrin f\u00f6r en bekymmersfri drift i ditt fordon. ALP ger dig 100 % skydd mot hastighetskontroller med alla laserpistoler som f\u00f6r n\u00e4rvarande anv\u00e4nds i Europa. Trots de mycket sm\u00e5 dimensionerna erbjuder ALP ett effektivt skydd mot laserpistoler. ALPriority-laserblindern kan anv\u00e4ndas som parkeringssensor och laserst\u00f6rare.<\/p>\n<p>Observera: F\u00f6r att t\u00e4cka hela fordonsytan rekommenderar vi versionen med 2 sensorer f\u00f6r anv\u00e4ndning p\u00e5 en bil eller SUV. Om du vill skydda b\u00e5de fordonets bakre och fr\u00e4mre del beh\u00f6ver du fyra sensorer. Motorcyklar beh\u00f6ver bara den enkla versionen med en sensor eller tv\u00e5 sensorer f\u00f6r det fr\u00e4mre och bakre skyddet.<\/p>\n<p>.<\/p>\n<p><strong>\u00d6versikt:<\/strong><br \/>\n+ liten kompakt lasersensor<br \/>\n+ kan anv\u00e4ndas som en laserassisterad parkeringsassistent<br \/>.<br \/>\n+ laservarning eller aktiv laserst\u00f6rning mot alla laserm\u00e4tningar<br \/>\n+ CE- och E-m\u00e4rkt certifierad<\/p>\n<p><strong>Omfattning av leveransen:<\/strong><br \/>\n* Lasersensor (beroende p\u00e5 val 1 \/ 2 \/ 4 eller 5 sensorer)<br \/>\n* Kontrollenhet<br \/>\n* Kabelupps\u00e4ttning, LED-display och dimmer<br \/>\n* Monteringstillbeh\u00f6r (monteringsplatta, skruvar, kabelband)<br \/>\n* Bruksanvisning<br \/>\n* 2 \u00e5rs garanti<\/p>\n","protected":false},"excerpt":{"rendered":"<p>Den nya anti-lasern AL-Priority har f\u00f6rb\u00e4ttrats ytterligare j\u00e4mf\u00f6rt med sina f\u00f6reg\u00e5ngare AL-G8 och AL-G9. Sensorn \u00e4r inte bara mer kompakt med 30x14x57 mm och mer kraftfull, utan kan ocks\u00e5 installeras \u00e4nnu enklare i fordonet tack vare den optimerade kabeldragningen. Dessutom \u00e4r AL Priority nu en patenterad, T\u00dcV-testad parkeringsassistent med E-m\u00e4rkning och uppfyller alla n\u00f6dv\u00e4ndiga standarder [&#8230;]\n","protected":false},"featured_media":16005,"comment_status":"open","ping_status":"closed","template":"","meta":[],"product_brand":[],"product_cat":[1770,1769,1773],"product_tag":[1816,1806,1759,1807,1808,1817],"class_list":{"0":"post-16004","1":"product","2":"type-product","3":"status-publish","4":"has-post-thumbnail","6":"product_cat-anti-laser-sv","7":"product_cat-laser-stoersaendare","8":"product_cat-rekommenderade-storare","9":"product_tag-al-prioritet","10":"product_tag-antilaser-sv","11":"product_tag-europa-sv","12":"product_tag-laser-storsandare","13":"product_tag-laserblocker-sv","14":"product_tag-laserpistol","16":"first","17":"instock","18":"sale","19":"taxable","20":"shipping-taxable","21":"purchasable","22":"product-type-variable","23":"has-default-attributes"},"yoast_head":"<!-- This site is optimized with the Yoast SEO plugin v27.2 - https:\/\/yoast.com\/product\/yoast-seo-wordpress\/ -->\n<title>Laser jammer Antilaser AL-Priority | Radar Service<\/title>\n<meta name=\"description\" content=\"Antilaser ALP Priority ger dig 100 % skydd mot hastighetskontroller med alla laserpistoler som f\u00f6r n\u00e4rvarande anv\u00e4nds i Europa.\" \/>\n<meta name=\"robots\" content=\"index, follow, max-snippet:-1, max-image-preview:large, max-video-preview:-1\" \/>\n<link rel=\"canonical\" href=\"https:\/\/radarservice.eu\/sv\/produkt\/laser-jammer-antilaser-al-priority\/\" \/>\n<meta property=\"og:locale\" content=\"sv_SE\" \/>\n<meta property=\"og:type\" content=\"article\" \/>\n<meta property=\"og:title\" content=\"Laser jammer Antilaser AL-Priority | Radar Service\" \/>\n<meta property=\"og:description\" content=\"Antilaser ALP Priority ger dig 100 % skydd mot hastighetskontroller med alla laserpistoler som f\u00f6r n\u00e4rvarande anv\u00e4nds i Europa.\" \/>\n<meta property=\"og:url\" content=\"https:\/\/radarservice.eu\/sv\/produkt\/laser-jammer-antilaser-al-priority\/\" \/>\n<meta property=\"og:site_name\" content=\"Radar Service\" \/>\n<meta property=\"article:modified_time\" content=\"2025-12-29T04:10:23+00:00\" \/>\n<meta property=\"og:image\" content=\"https:\/\/radarservice.eu\/wp-content\/uploads\/2019\/07\/antilaser-al-priority-1-sensor.jpg\" \/>\n\t<meta property=\"og:image:width\" content=\"582\" \/>\n\t<meta property=\"og:image:height\" content=\"432\" \/>\n\t<meta property=\"og:image:type\" content=\"image\/jpeg\" \/>\n<meta name=\"twitter:card\" content=\"summary_large_image\" \/>\n<meta name=\"twitter:label1\" content=\"Ber\u00e4knad l\u00e4stid\" \/>\n\t<meta name=\"twitter:data1\" content=\"1 minut\" \/>\n<script type=\"application\/ld+json\" class=\"yoast-schema-graph\">{\"@context\":\"https:\/\/schema.org\",\"@graph\":[{\"@type\":\"WebPage\",\"@id\":\"https:\/\/radarservice.eu\/sv\/produkt\/laser-jammer-antilaser-al-priority\/\",\"url\":\"https:\/\/radarservice.eu\/sv\/produkt\/laser-jammer-antilaser-al-priority\/\",\"name\":\"Laser jammer Antilaser AL-Priority | Radar Service\",\"isPartOf\":{\"@id\":\"https:\/\/radarservice.eu\/sv\/#website\"},\"primaryImageOfPage\":{\"@id\":\"https:\/\/radarservice.eu\/sv\/produkt\/laser-jammer-antilaser-al-priority\/#primaryimage\"},\"image\":{\"@id\":\"https:\/\/radarservice.eu\/sv\/produkt\/laser-jammer-antilaser-al-priority\/#primaryimage\"},\"thumbnailUrl\":\"https:\/\/radarservice.eu\/wp-content\/uploads\/2019\/07\/antilaser-al-priority-1-sensor.jpg\",\"datePublished\":\"2021-05-14T08:40:10+00:00\",\"dateModified\":\"2025-12-29T04:10:23+00:00\",\"description\":\"Antilaser ALP Priority ger dig 100 % skydd mot hastighetskontroller med alla laserpistoler som f\u00f6r n\u00e4rvarande anv\u00e4nds i Europa.\",\"breadcrumb\":{\"@id\":\"https:\/\/radarservice.eu\/sv\/produkt\/laser-jammer-antilaser-al-priority\/#breadcrumb\"},\"inLanguage\":\"sv-SE\",\"potentialAction\":[{\"@type\":\"ReadAction\",\"target\":[\"https:\/\/radarservice.eu\/sv\/produkt\/laser-jammer-antilaser-al-priority\/\"]}]},{\"@type\":\"ImageObject\",\"inLanguage\":\"sv-SE\",\"@id\":\"https:\/\/radarservice.eu\/sv\/produkt\/laser-jammer-antilaser-al-priority\/#primaryimage\",\"url\":\"https:\/\/radarservice.eu\/wp-content\/uploads\/2019\/07\/antilaser-al-priority-1-sensor.jpg\",\"contentUrl\":\"https:\/\/radarservice.eu\/wp-content\/uploads\/2019\/07\/antilaser-al-priority-1-sensor.jpg\",\"width\":582,\"height\":432,\"caption\":\"Antilaser ALP Priority 1 givare\"},{\"@type\":\"BreadcrumbList\",\"@id\":\"https:\/\/radarservice.eu\/sv\/produkt\/laser-jammer-antilaser-al-priority\/#breadcrumb\",\"itemListElement\":[{\"@type\":\"ListItem\",\"position\":1,\"name\":\"Butik\",\"item\":\"https:\/\/radarservice.eu\/sv\/butik\/\"},{\"@type\":\"ListItem\",\"position\":2,\"name\":\"Laser jammer Antilaser AL-Priority\"}]},{\"@type\":\"WebSite\",\"@id\":\"https:\/\/radarservice.eu\/sv\/#website\",\"url\":\"https:\/\/radarservice.eu\/sv\/\",\"name\":\"Radar Service\",\"description\":\"Radar detector Laser jammer mobile fix\",\"publisher\":{\"@id\":\"https:\/\/radarservice.eu\/sv\/#organization\"},\"potentialAction\":[{\"@type\":\"SearchAction\",\"target\":{\"@type\":\"EntryPoint\",\"urlTemplate\":\"https:\/\/radarservice.eu\/sv\/?s={search_term_string}\"},\"query-input\":{\"@type\":\"PropertyValueSpecification\",\"valueRequired\":true,\"valueName\":\"search_term_string\"}}],\"inLanguage\":\"sv-SE\"},{\"@type\":\"Organization\",\"@id\":\"https:\/\/radarservice.eu\/sv\/#organization\",\"name\":\"RadarService\",\"url\":\"https:\/\/radarservice.eu\/sv\/\",\"logo\":{\"@type\":\"ImageObject\",\"inLanguage\":\"sv-SE\",\"@id\":\"https:\/\/radarservice.eu\/sv\/#\/schema\/logo\/image\/\",\"url\":\"https:\/\/radarservice.eu\/wp-content\/uploads\/2021\/03\/Radar_detector_service.png\",\"contentUrl\":\"https:\/\/radarservice.eu\/wp-content\/uploads\/2021\/03\/Radar_detector_service.png\",\"width\":174,\"height\":48,\"caption\":\"RadarService\"},\"image\":{\"@id\":\"https:\/\/radarservice.eu\/sv\/#\/schema\/logo\/image\/\"}}]}<\/script>\n<!-- \/ Yoast SEO plugin. -->","yoast_head_json":{"title":"Laser jammer Antilaser AL-Priority | Radar Service","description":"Antilaser ALP Priority ger dig 100 % skydd mot hastighetskontroller med alla laserpistoler som f\u00f6r n\u00e4rvarande anv\u00e4nds i Europa.","robots":{"index":"index","follow":"follow","max-snippet":"max-snippet:-1","max-image-preview":"max-image-preview:large","max-video-preview":"max-video-preview:-1"},"canonical":"https:\/\/radarservice.eu\/sv\/produkt\/laser-jammer-antilaser-al-priority\/","og_locale":"sv_SE","og_type":"article","og_title":"Laser jammer Antilaser AL-Priority | Radar Service","og_description":"Antilaser ALP Priority ger dig 100 % skydd mot hastighetskontroller med alla laserpistoler som f\u00f6r n\u00e4rvarande anv\u00e4nds i Europa.","og_url":"https:\/\/radarservice.eu\/sv\/produkt\/laser-jammer-antilaser-al-priority\/","og_site_name":"Radar Service","article_modified_time":"2025-12-29T04:10:23+00:00","og_image":[{"width":582,"height":432,"url":"https:\/\/radarservice.eu\/wp-content\/uploads\/2019\/07\/antilaser-al-priority-1-sensor.jpg","type":"image\/jpeg"}],"twitter_card":"summary_large_image","twitter_misc":{"Ber\u00e4knad l\u00e4stid":"1 minut"},"schema":{"@context":"https:\/\/schema.org","@graph":[{"@type":"WebPage","@id":"https:\/\/radarservice.eu\/sv\/produkt\/laser-jammer-antilaser-al-priority\/","url":"https:\/\/radarservice.eu\/sv\/produkt\/laser-jammer-antilaser-al-priority\/","name":"Laser jammer Antilaser AL-Priority | Radar Service","isPartOf":{"@id":"https:\/\/radarservice.eu\/sv\/#website"},"primaryImageOfPage":{"@id":"https:\/\/radarservice.eu\/sv\/produkt\/laser-jammer-antilaser-al-priority\/#primaryimage"},"image":{"@id":"https:\/\/radarservice.eu\/sv\/produkt\/laser-jammer-antilaser-al-priority\/#primaryimage"},"thumbnailUrl":"https:\/\/radarservice.eu\/wp-content\/uploads\/2019\/07\/antilaser-al-priority-1-sensor.jpg","datePublished":"2021-05-14T08:40:10+00:00","dateModified":"2025-12-29T04:10:23+00:00","description":"Antilaser ALP Priority ger dig 100 % skydd mot hastighetskontroller med alla laserpistoler som f\u00f6r n\u00e4rvarande anv\u00e4nds i Europa.","breadcrumb":{"@id":"https:\/\/radarservice.eu\/sv\/produkt\/laser-jammer-antilaser-al-priority\/#breadcrumb"},"inLanguage":"sv-SE","potentialAction":[{"@type":"ReadAction","target":["https:\/\/radarservice.eu\/sv\/produkt\/laser-jammer-antilaser-al-priority\/"]}]},{"@type":"ImageObject","inLanguage":"sv-SE","@id":"https:\/\/radarservice.eu\/sv\/produkt\/laser-jammer-antilaser-al-priority\/#primaryimage","url":"https:\/\/radarservice.eu\/wp-content\/uploads\/2019\/07\/antilaser-al-priority-1-sensor.jpg","contentUrl":"https:\/\/radarservice.eu\/wp-content\/uploads\/2019\/07\/antilaser-al-priority-1-sensor.jpg","width":582,"height":432,"caption":"Antilaser ALP Priority 1 givare"},{"@type":"BreadcrumbList","@id":"https:\/\/radarservice.eu\/sv\/produkt\/laser-jammer-antilaser-al-priority\/#breadcrumb","itemListElement":[{"@type":"ListItem","position":1,"name":"Butik","item":"https:\/\/radarservice.eu\/sv\/butik\/"},{"@type":"ListItem","position":2,"name":"Laser jammer Antilaser AL-Priority"}]},{"@type":"WebSite","@id":"https:\/\/radarservice.eu\/sv\/#website","url":"https:\/\/radarservice.eu\/sv\/","name":"Radar Service","description":"Radar detector Laser jammer mobile fix","publisher":{"@id":"https:\/\/radarservice.eu\/sv\/#organization"},"potentialAction":[{"@type":"SearchAction","target":{"@type":"EntryPoint","urlTemplate":"https:\/\/radarservice.eu\/sv\/?s={search_term_string}"},"query-input":{"@type":"PropertyValueSpecification","valueRequired":true,"valueName":"search_term_string"}}],"inLanguage":"sv-SE"},{"@type":"Organization","@id":"https:\/\/radarservice.eu\/sv\/#organization","name":"RadarService","url":"https:\/\/radarservice.eu\/sv\/","logo":{"@type":"ImageObject","inLanguage":"sv-SE","@id":"https:\/\/radarservice.eu\/sv\/#\/schema\/logo\/image\/","url":"https:\/\/radarservice.eu\/wp-content\/uploads\/2021\/03\/Radar_detector_service.png","contentUrl":"https:\/\/radarservice.eu\/wp-content\/uploads\/2021\/03\/Radar_detector_service.png","width":174,"height":48,"caption":"RadarService"},"image":{"@id":"https:\/\/radarservice.eu\/sv\/#\/schema\/logo\/image\/"}}]}},"_links":{"self":[{"href":"https:\/\/radarservice.eu\/sv\/wp-json\/wp\/v2\/product\/16004","targetHints":{"allow":["GET"]}}],"collection":[{"href":"https:\/\/radarservice.eu\/sv\/wp-json\/wp\/v2\/product"}],"about":[{"href":"https:\/\/radarservice.eu\/sv\/wp-json\/wp\/v2\/types\/product"}],"replies":[{"embeddable":true,"href":"https:\/\/radarservice.eu\/sv\/wp-json\/wp\/v2\/comments?post=16004"}],"wp:featuredmedia":[{"embeddable":true,"href":"https:\/\/radarservice.eu\/sv\/wp-json\/wp\/v2\/media\/16005"}],"wp:attachment":[{"href":"https:\/\/radarservice.eu\/sv\/wp-json\/wp\/v2\/media?parent=16004"}],"wp:term":[{"taxonomy":"product_brand","embeddable":true,"href":"https:\/\/radarservice.eu\/sv\/wp-json\/wp\/v2\/product_brand?post=16004"},{"taxonomy":"product_cat","embeddable":true,"href":"https:\/\/radarservice.eu\/sv\/wp-json\/wp\/v2\/product_cat?post=16004"},{"taxonomy":"product_tag","embeddable":true,"href":"https:\/\/radarservice.eu\/sv\/wp-json\/wp\/v2\/product_tag?post=16004"}],"curies":[{"name":"wp","href":"https:\/\/api.w.org\/{rel}","templated":true}]}}