{"id":16000,"date":"2021-05-14T10:35:35","date_gmt":"2021-05-14T08:35:35","guid":{"rendered":"https:\/\/radarservice.eu\/produkt\/antilaser-al-g9-rx-laser-blocker\/"},"modified":"2021-05-14T10:35:35","modified_gmt":"2021-05-14T08:35:35","slug":"antilaser-al-g9-rx-laser-blocker","status":"publish","type":"product","link":"https:\/\/radarservice.eu\/sv\/produkt\/antilaser-al-g9-rx-laser-blocker\/","title":{"rendered":"Antilaser AL G9 RX Laser Blocker"},"content":{"rendered":"<p>Den nya anti-lasern AL-G9 RX har f\u00f6rb\u00e4ttrats ytterligare j\u00e4mf\u00f6rt med f\u00f6reg\u00e5ngaren AL-G9. F\u00f6r ett \u00e4nnu effektivare skydd mot laserpistoler har mottagnings- och s\u00e4ndningseffekten hos AL-G9RX \u00f6kat avsev\u00e4rt. AL-G9 laserblinder \u00e4r ett multifunktionellt lasersystem som kan anv\u00e4ndas b\u00e5de som parkeringssensor och laserst\u00f6rare.<\/p>\n<p><strong>Anm\u00e4rkning:<\/strong> F\u00f6r att t\u00e4cka hela fordonet rekommenderar vi versionen med 2 sensorer f\u00f6r anv\u00e4ndning p\u00e5 en bil eller SUV. Om du vill skydda fordonets bakre del ut\u00f6ver den fr\u00e4mre beh\u00f6ver du 4 sensorer.<br \/>.<br \/>\nMotorcyklar beh\u00f6ver bara den enkla versionen med en sensor eller tv\u00e5 sensorer f\u00f6r det fr\u00e4mre och bakre skyddet.<\/p>\n<p>.<\/p>\n<p><strong>\u00d6versikt:<\/strong><br \/>\n+ kompakt lasersensor<br \/>\n+ laserassisterad parkeringsassistent<br \/>\n+ aktiv laserinterferens mot laserm\u00e4tningar<\/p>\n<p><strong>Omfattning av leveransen:<\/strong><br \/>\n* Lasersensor(er) (beroende p\u00e5 val 1 \/ 2 \/ 4)<br \/>\n* Kontrollenhet<br \/>\n* Kabelupps\u00e4ttning &amp; Display LED<br \/>\n* Monteringstillbeh\u00f6r (monteringsplatta, skruvar, kabelband)<br \/>\n* Bruksanvisning<br \/>\n* 2 \u00e5rs garanti<\/p>\n","protected":false},"excerpt":{"rendered":"<p>Den nya anti-lasern AL-G9 RX har f\u00f6rb\u00e4ttrats ytterligare j\u00e4mf\u00f6rt med f\u00f6reg\u00e5ngaren AL-G9. F\u00f6r ett \u00e4nnu effektivare skydd mot laserpistoler har mottagnings- och s\u00e4ndningseffekten hos AL-G9RX \u00f6kat avsev\u00e4rt. AL-G9 laserblinder \u00e4r ett multifunktionellt lasersystem som kan anv\u00e4ndas b\u00e5de som parkeringssensor och laserst\u00f6rare. Anm\u00e4rkning: F\u00f6r att t\u00e4cka hela fordonet rekommenderar vi versionen med 2 sensorer f\u00f6r anv\u00e4ndning [&#8230;]\n","protected":false},"featured_media":16001,"comment_status":"open","ping_status":"closed","template":"","meta":[],"product_brand":[],"product_cat":[1770],"product_tag":[1810,1806,1807,1809,1808],"class_list":{"0":"post-16000","1":"product","2":"type-product","3":"status-publish","4":"has-post-thumbnail","6":"product_cat-anti-laser-sv","7":"product_tag-al-g9-rx-sv","8":"product_tag-antilaser-sv","9":"product_tag-laser-storsandare","10":"product_tag-laserblind-sv","11":"product_tag-laserblocker-sv","13":"first","14":"outofstock","15":"taxable","16":"shipping-taxable","17":"purchasable","18":"product-type-simple"},"yoast_head":"<!-- This site is optimized with the Yoast SEO plugin v27.2 - https:\/\/yoast.com\/product\/yoast-seo-wordpress\/ -->\n<title>Antilaser AL G9 RX Laser Blocker | Radar Service<\/title>\n<meta name=\"description\" content=\"Antilaser AL G9 RX Laser Blocker | Radar Service\" \/>\n<meta name=\"robots\" content=\"index, follow, max-snippet:-1, max-image-preview:large, max-video-preview:-1\" \/>\n<link rel=\"canonical\" href=\"https:\/\/radarservice.eu\/sv\/produkt\/antilaser-al-g9-rx-laser-blocker\/\" \/>\n<meta property=\"og:locale\" content=\"sv_SE\" \/>\n<meta property=\"og:type\" content=\"article\" \/>\n<meta property=\"og:title\" content=\"Antilaser AL G9 RX Laser Blocker | Radar Service\" \/>\n<meta property=\"og:description\" content=\"Antilaser AL G9 RX Laser Blocker | Radar Service\" \/>\n<meta property=\"og:url\" content=\"https:\/\/radarservice.eu\/sv\/produkt\/antilaser-al-g9-rx-laser-blocker\/\" \/>\n<meta property=\"og:site_name\" content=\"Radar Service\" \/>\n<meta property=\"og:image\" content=\"https:\/\/radarservice.eu\/wp-content\/uploads\/2020\/09\/alg_9rx.jpg\" \/>\n\t<meta property=\"og:image:width\" content=\"600\" \/>\n\t<meta property=\"og:image:height\" content=\"495\" \/>\n\t<meta property=\"og:image:type\" content=\"image\/jpeg\" \/>\n<meta name=\"twitter:card\" content=\"summary_large_image\" \/>\n<meta name=\"twitter:label1\" content=\"Ber\u00e4knad l\u00e4stid\" \/>\n\t<meta name=\"twitter:data1\" content=\"1 minut\" \/>\n<script type=\"application\/ld+json\" class=\"yoast-schema-graph\">{\"@context\":\"https:\/\/schema.org\",\"@graph\":[{\"@type\":\"WebPage\",\"@id\":\"https:\/\/radarservice.eu\/sv\/produkt\/antilaser-al-g9-rx-laser-blocker\/\",\"url\":\"https:\/\/radarservice.eu\/sv\/produkt\/antilaser-al-g9-rx-laser-blocker\/\",\"name\":\"Antilaser AL G9 RX Laser Blocker | Radar Service\",\"isPartOf\":{\"@id\":\"https:\/\/radarservice.eu\/sv\/#website\"},\"primaryImageOfPage\":{\"@id\":\"https:\/\/radarservice.eu\/sv\/produkt\/antilaser-al-g9-rx-laser-blocker\/#primaryimage\"},\"image\":{\"@id\":\"https:\/\/radarservice.eu\/sv\/produkt\/antilaser-al-g9-rx-laser-blocker\/#primaryimage\"},\"thumbnailUrl\":\"https:\/\/radarservice.eu\/wp-content\/uploads\/2020\/09\/alg_9rx.jpg\",\"datePublished\":\"2021-05-14T08:35:35+00:00\",\"description\":\"Antilaser AL G9 RX Laser Blocker | Radar Service\",\"breadcrumb\":{\"@id\":\"https:\/\/radarservice.eu\/sv\/produkt\/antilaser-al-g9-rx-laser-blocker\/#breadcrumb\"},\"inLanguage\":\"sv-SE\",\"potentialAction\":[{\"@type\":\"ReadAction\",\"target\":[\"https:\/\/radarservice.eu\/sv\/produkt\/antilaser-al-g9-rx-laser-blocker\/\"]}]},{\"@type\":\"ImageObject\",\"inLanguage\":\"sv-SE\",\"@id\":\"https:\/\/radarservice.eu\/sv\/produkt\/antilaser-al-g9-rx-laser-blocker\/#primaryimage\",\"url\":\"https:\/\/radarservice.eu\/wp-content\/uploads\/2020\/09\/alg_9rx.jpg\",\"contentUrl\":\"https:\/\/radarservice.eu\/wp-content\/uploads\/2020\/09\/alg_9rx.jpg\",\"width\":600,\"height\":495,\"caption\":\"Antilaser ALG 9 RX\"},{\"@type\":\"BreadcrumbList\",\"@id\":\"https:\/\/radarservice.eu\/sv\/produkt\/antilaser-al-g9-rx-laser-blocker\/#breadcrumb\",\"itemListElement\":[{\"@type\":\"ListItem\",\"position\":1,\"name\":\"Butik\",\"item\":\"https:\/\/radarservice.eu\/sv\/butik\/\"},{\"@type\":\"ListItem\",\"position\":2,\"name\":\"Antilaser AL G9 RX Laser Blocker\"}]},{\"@type\":\"WebSite\",\"@id\":\"https:\/\/radarservice.eu\/sv\/#website\",\"url\":\"https:\/\/radarservice.eu\/sv\/\",\"name\":\"Radar Service\",\"description\":\"Radar detector Laser jammer mobile fix\",\"publisher\":{\"@id\":\"https:\/\/radarservice.eu\/sv\/#organization\"},\"potentialAction\":[{\"@type\":\"SearchAction\",\"target\":{\"@type\":\"EntryPoint\",\"urlTemplate\":\"https:\/\/radarservice.eu\/sv\/?s={search_term_string}\"},\"query-input\":{\"@type\":\"PropertyValueSpecification\",\"valueRequired\":true,\"valueName\":\"search_term_string\"}}],\"inLanguage\":\"sv-SE\"},{\"@type\":\"Organization\",\"@id\":\"https:\/\/radarservice.eu\/sv\/#organization\",\"name\":\"RadarService\",\"url\":\"https:\/\/radarservice.eu\/sv\/\",\"logo\":{\"@type\":\"ImageObject\",\"inLanguage\":\"sv-SE\",\"@id\":\"https:\/\/radarservice.eu\/sv\/#\/schema\/logo\/image\/\",\"url\":\"https:\/\/radarservice.eu\/wp-content\/uploads\/2021\/03\/Radar_detector_service.png\",\"contentUrl\":\"https:\/\/radarservice.eu\/wp-content\/uploads\/2021\/03\/Radar_detector_service.png\",\"width\":174,\"height\":48,\"caption\":\"RadarService\"},\"image\":{\"@id\":\"https:\/\/radarservice.eu\/sv\/#\/schema\/logo\/image\/\"}}]}<\/script>\n<!-- \/ Yoast SEO plugin. -->","yoast_head_json":{"title":"Antilaser AL G9 RX Laser Blocker | Radar Service","description":"Antilaser AL G9 RX Laser Blocker | Radar Service","robots":{"index":"index","follow":"follow","max-snippet":"max-snippet:-1","max-image-preview":"max-image-preview:large","max-video-preview":"max-video-preview:-1"},"canonical":"https:\/\/radarservice.eu\/sv\/produkt\/antilaser-al-g9-rx-laser-blocker\/","og_locale":"sv_SE","og_type":"article","og_title":"Antilaser AL G9 RX Laser Blocker | Radar Service","og_description":"Antilaser AL G9 RX Laser Blocker | Radar Service","og_url":"https:\/\/radarservice.eu\/sv\/produkt\/antilaser-al-g9-rx-laser-blocker\/","og_site_name":"Radar Service","og_image":[{"width":600,"height":495,"url":"https:\/\/radarservice.eu\/wp-content\/uploads\/2020\/09\/alg_9rx.jpg","type":"image\/jpeg"}],"twitter_card":"summary_large_image","twitter_misc":{"Ber\u00e4knad l\u00e4stid":"1 minut"},"schema":{"@context":"https:\/\/schema.org","@graph":[{"@type":"WebPage","@id":"https:\/\/radarservice.eu\/sv\/produkt\/antilaser-al-g9-rx-laser-blocker\/","url":"https:\/\/radarservice.eu\/sv\/produkt\/antilaser-al-g9-rx-laser-blocker\/","name":"Antilaser AL G9 RX Laser Blocker | Radar Service","isPartOf":{"@id":"https:\/\/radarservice.eu\/sv\/#website"},"primaryImageOfPage":{"@id":"https:\/\/radarservice.eu\/sv\/produkt\/antilaser-al-g9-rx-laser-blocker\/#primaryimage"},"image":{"@id":"https:\/\/radarservice.eu\/sv\/produkt\/antilaser-al-g9-rx-laser-blocker\/#primaryimage"},"thumbnailUrl":"https:\/\/radarservice.eu\/wp-content\/uploads\/2020\/09\/alg_9rx.jpg","datePublished":"2021-05-14T08:35:35+00:00","description":"Antilaser AL G9 RX Laser Blocker | Radar Service","breadcrumb":{"@id":"https:\/\/radarservice.eu\/sv\/produkt\/antilaser-al-g9-rx-laser-blocker\/#breadcrumb"},"inLanguage":"sv-SE","potentialAction":[{"@type":"ReadAction","target":["https:\/\/radarservice.eu\/sv\/produkt\/antilaser-al-g9-rx-laser-blocker\/"]}]},{"@type":"ImageObject","inLanguage":"sv-SE","@id":"https:\/\/radarservice.eu\/sv\/produkt\/antilaser-al-g9-rx-laser-blocker\/#primaryimage","url":"https:\/\/radarservice.eu\/wp-content\/uploads\/2020\/09\/alg_9rx.jpg","contentUrl":"https:\/\/radarservice.eu\/wp-content\/uploads\/2020\/09\/alg_9rx.jpg","width":600,"height":495,"caption":"Antilaser ALG 9 RX"},{"@type":"BreadcrumbList","@id":"https:\/\/radarservice.eu\/sv\/produkt\/antilaser-al-g9-rx-laser-blocker\/#breadcrumb","itemListElement":[{"@type":"ListItem","position":1,"name":"Butik","item":"https:\/\/radarservice.eu\/sv\/butik\/"},{"@type":"ListItem","position":2,"name":"Antilaser AL G9 RX Laser Blocker"}]},{"@type":"WebSite","@id":"https:\/\/radarservice.eu\/sv\/#website","url":"https:\/\/radarservice.eu\/sv\/","name":"Radar Service","description":"Radar detector Laser jammer mobile fix","publisher":{"@id":"https:\/\/radarservice.eu\/sv\/#organization"},"potentialAction":[{"@type":"SearchAction","target":{"@type":"EntryPoint","urlTemplate":"https:\/\/radarservice.eu\/sv\/?s={search_term_string}"},"query-input":{"@type":"PropertyValueSpecification","valueRequired":true,"valueName":"search_term_string"}}],"inLanguage":"sv-SE"},{"@type":"Organization","@id":"https:\/\/radarservice.eu\/sv\/#organization","name":"RadarService","url":"https:\/\/radarservice.eu\/sv\/","logo":{"@type":"ImageObject","inLanguage":"sv-SE","@id":"https:\/\/radarservice.eu\/sv\/#\/schema\/logo\/image\/","url":"https:\/\/radarservice.eu\/wp-content\/uploads\/2021\/03\/Radar_detector_service.png","contentUrl":"https:\/\/radarservice.eu\/wp-content\/uploads\/2021\/03\/Radar_detector_service.png","width":174,"height":48,"caption":"RadarService"},"image":{"@id":"https:\/\/radarservice.eu\/sv\/#\/schema\/logo\/image\/"}}]}},"_links":{"self":[{"href":"https:\/\/radarservice.eu\/sv\/wp-json\/wp\/v2\/product\/16000","targetHints":{"allow":["GET"]}}],"collection":[{"href":"https:\/\/radarservice.eu\/sv\/wp-json\/wp\/v2\/product"}],"about":[{"href":"https:\/\/radarservice.eu\/sv\/wp-json\/wp\/v2\/types\/product"}],"replies":[{"embeddable":true,"href":"https:\/\/radarservice.eu\/sv\/wp-json\/wp\/v2\/comments?post=16000"}],"wp:featuredmedia":[{"embeddable":true,"href":"https:\/\/radarservice.eu\/sv\/wp-json\/wp\/v2\/media\/16001"}],"wp:attachment":[{"href":"https:\/\/radarservice.eu\/sv\/wp-json\/wp\/v2\/media?parent=16000"}],"wp:term":[{"taxonomy":"product_brand","embeddable":true,"href":"https:\/\/radarservice.eu\/sv\/wp-json\/wp\/v2\/product_brand?post=16000"},{"taxonomy":"product_cat","embeddable":true,"href":"https:\/\/radarservice.eu\/sv\/wp-json\/wp\/v2\/product_cat?post=16000"},{"taxonomy":"product_tag","embeddable":true,"href":"https:\/\/radarservice.eu\/sv\/wp-json\/wp\/v2\/product_tag?post=16000"}],"curies":[{"name":"wp","href":"https:\/\/api.w.org\/{rel}","templated":true}]}}