{"id":15998,"date":"2021-05-14T10:33:32","date_gmt":"2021-05-14T08:33:32","guid":{"rendered":"https:\/\/radarservice.eu\/produkt\/gps-paminnelse-europa\/"},"modified":"2021-05-14T10:33:32","modified_gmt":"2021-05-14T08:33:32","slug":"gps-paminnelse-europa","status":"publish","type":"product","link":"https:\/\/radarservice.eu\/sv\/produkt\/gps-paminnelse-europa\/","title":{"rendered":"GPS-p\u00e5minnelse Europa"},"content":{"rendered":"<p>N\u00e4r du n\u00e4rmar dig en fartkamera ger GPS Reminder en tydlig optisk och akustisk varning. Den akustiska varningen ges genom ett pip och ett tyskt r\u00f6stmeddelande. En inbyggd r\u00f6relsesensor v\u00e4xlar automatiskt GPS-v\u00e4ckaren till standby-l\u00e4ge efter 15 minuters inaktivitet och aktiverar den helt automatiskt n\u00e4r du b\u00f6rjar k\u00f6ra igen. P\u00e5 s\u00e5 s\u00e4tt skyddas batteriet och n\u00e5r sin maximala drifttid utan att beh\u00f6va laddas.<\/p>\n<p>.<\/p>\n<p><strong>\u00d6versikt:<\/strong><br \/>\n+ Europadatabas med mer \u00e4n 40 000 fartkameror<br \/>\n+ tydlig visuell och akustisk varning<br \/>\n+ liten design<br \/>\n+ upp till 17 timmars str\u00f6m fr\u00e5n litiumjonbatteriet<\/p>\n<p><strong>Omfattning av leveransen:<\/strong><br \/>\n* GPS-p\u00e5minnelse<br \/>\n* F\u00f6rinstallerad Europadatabas<br \/>\n* Kabeln f\u00f6r billaddare (ing\u00e5ng 12V, utg\u00e5ng 5V)<br \/>\n* 220V-adapter (utg\u00e5ng 5,3V, 500mA)<br \/>\n* 1100mA litiumjonbatteri<br \/>\n* USB-anslutningskabel<br \/>\n* Antislipmatta<\/p>\n","protected":false},"excerpt":{"rendered":"<p>GPS Reminder Europe varnar dig f\u00f6r mer \u00e4n 40 000 fasta hastighetsf\u00e4llor i hela Europa.<\/p>\n","protected":false},"featured_media":15999,"comment_status":"open","ping_status":"closed","template":"","meta":[],"product_brand":[],"product_cat":[1796],"product_tag":[1759,1803,1804,1805],"class_list":{"0":"post-15998","1":"product","2":"type-product","3":"status-publish","4":"has-post-thumbnail","6":"product_cat-gps-poi-detektorer","7":"product_tag-europa-sv","8":"product_tag-gps-warner-sv","9":"product_tag-gps-paminnelse","10":"product_tag-varning-for-fartkameror","12":"first","13":"onbackorder","14":"taxable","15":"shipping-taxable","16":"purchasable","17":"product-type-simple"},"yoast_head":"<!-- This site is optimized with the Yoast SEO plugin v27.2 - https:\/\/yoast.com\/product\/yoast-seo-wordpress\/ -->\n<title>GPS-p\u00e5minnelse Europa POI Warner Europa<\/title>\n<meta name=\"description\" content=\"GPS Reminder Europe varnar dig f\u00f6r mer \u00e4n 40 000 fasta hastighetsf\u00e4llor i hela Europa.\" \/>\n<meta name=\"robots\" content=\"index, follow, max-snippet:-1, max-image-preview:large, max-video-preview:-1\" \/>\n<link rel=\"canonical\" href=\"https:\/\/radarservice.eu\/sv\/produkt\/gps-paminnelse-europa\/\" \/>\n<meta property=\"og:locale\" content=\"sv_SE\" \/>\n<meta property=\"og:type\" content=\"article\" \/>\n<meta property=\"og:title\" content=\"GPS-p\u00e5minnelse Europa POI Warner Europa\" \/>\n<meta property=\"og:description\" content=\"GPS Reminder Europe varnar dig f\u00f6r mer \u00e4n 40 000 fasta hastighetsf\u00e4llor i hela Europa.\" \/>\n<meta property=\"og:url\" content=\"https:\/\/radarservice.eu\/sv\/produkt\/gps-paminnelse-europa\/\" \/>\n<meta property=\"og:site_name\" content=\"Radar Service\" \/>\n<meta property=\"og:image\" content=\"https:\/\/radarservice.eu\/wp-content\/uploads\/2019\/07\/gps_reminder.jpg\" \/>\n\t<meta property=\"og:image:width\" content=\"500\" \/>\n\t<meta property=\"og:image:height\" content=\"222\" \/>\n\t<meta property=\"og:image:type\" content=\"image\/jpeg\" \/>\n<meta name=\"twitter:card\" content=\"summary_large_image\" \/>\n<meta name=\"twitter:label1\" content=\"Ber\u00e4knad l\u00e4stid\" \/>\n\t<meta name=\"twitter:data1\" content=\"1 minut\" \/>\n<script type=\"application\/ld+json\" class=\"yoast-schema-graph\">{\"@context\":\"https:\/\/schema.org\",\"@graph\":[{\"@type\":\"WebPage\",\"@id\":\"https:\/\/radarservice.eu\/sv\/produkt\/gps-paminnelse-europa\/\",\"url\":\"https:\/\/radarservice.eu\/sv\/produkt\/gps-paminnelse-europa\/\",\"name\":\"GPS-p\u00e5minnelse Europa POI Warner Europa\",\"isPartOf\":{\"@id\":\"https:\/\/radarservice.eu\/sv\/#website\"},\"primaryImageOfPage\":{\"@id\":\"https:\/\/radarservice.eu\/sv\/produkt\/gps-paminnelse-europa\/#primaryimage\"},\"image\":{\"@id\":\"https:\/\/radarservice.eu\/sv\/produkt\/gps-paminnelse-europa\/#primaryimage\"},\"thumbnailUrl\":\"https:\/\/radarservice.eu\/wp-content\/uploads\/2019\/07\/gps_reminder.jpg\",\"datePublished\":\"2021-05-14T08:33:32+00:00\",\"description\":\"GPS Reminder Europe varnar dig f\u00f6r mer \u00e4n 40 000 fasta hastighetsf\u00e4llor i hela Europa.\",\"breadcrumb\":{\"@id\":\"https:\/\/radarservice.eu\/sv\/produkt\/gps-paminnelse-europa\/#breadcrumb\"},\"inLanguage\":\"sv-SE\",\"potentialAction\":[{\"@type\":\"ReadAction\",\"target\":[\"https:\/\/radarservice.eu\/sv\/produkt\/gps-paminnelse-europa\/\"]}]},{\"@type\":\"ImageObject\",\"inLanguage\":\"sv-SE\",\"@id\":\"https:\/\/radarservice.eu\/sv\/produkt\/gps-paminnelse-europa\/#primaryimage\",\"url\":\"https:\/\/radarservice.eu\/wp-content\/uploads\/2019\/07\/gps_reminder.jpg\",\"contentUrl\":\"https:\/\/radarservice.eu\/wp-content\/uploads\/2019\/07\/gps_reminder.jpg\",\"width\":500,\"height\":222,\"caption\":\"GPS Reminder - POI Warner f\u00f6r Europa\"},{\"@type\":\"BreadcrumbList\",\"@id\":\"https:\/\/radarservice.eu\/sv\/produkt\/gps-paminnelse-europa\/#breadcrumb\",\"itemListElement\":[{\"@type\":\"ListItem\",\"position\":1,\"name\":\"Butik\",\"item\":\"https:\/\/radarservice.eu\/sv\/butik\/\"},{\"@type\":\"ListItem\",\"position\":2,\"name\":\"GPS-p\u00e5minnelse Europa\"}]},{\"@type\":\"WebSite\",\"@id\":\"https:\/\/radarservice.eu\/sv\/#website\",\"url\":\"https:\/\/radarservice.eu\/sv\/\",\"name\":\"Radar Service\",\"description\":\"Radar detector Laser jammer mobile fix\",\"publisher\":{\"@id\":\"https:\/\/radarservice.eu\/sv\/#organization\"},\"potentialAction\":[{\"@type\":\"SearchAction\",\"target\":{\"@type\":\"EntryPoint\",\"urlTemplate\":\"https:\/\/radarservice.eu\/sv\/?s={search_term_string}\"},\"query-input\":{\"@type\":\"PropertyValueSpecification\",\"valueRequired\":true,\"valueName\":\"search_term_string\"}}],\"inLanguage\":\"sv-SE\"},{\"@type\":\"Organization\",\"@id\":\"https:\/\/radarservice.eu\/sv\/#organization\",\"name\":\"RadarService\",\"url\":\"https:\/\/radarservice.eu\/sv\/\",\"logo\":{\"@type\":\"ImageObject\",\"inLanguage\":\"sv-SE\",\"@id\":\"https:\/\/radarservice.eu\/sv\/#\/schema\/logo\/image\/\",\"url\":\"https:\/\/radarservice.eu\/wp-content\/uploads\/2021\/03\/Radar_detector_service.png\",\"contentUrl\":\"https:\/\/radarservice.eu\/wp-content\/uploads\/2021\/03\/Radar_detector_service.png\",\"width\":174,\"height\":48,\"caption\":\"RadarService\"},\"image\":{\"@id\":\"https:\/\/radarservice.eu\/sv\/#\/schema\/logo\/image\/\"}}]}<\/script>\n<!-- \/ Yoast SEO plugin. -->","yoast_head_json":{"title":"GPS-p\u00e5minnelse Europa POI Warner Europa","description":"GPS Reminder Europe varnar dig f\u00f6r mer \u00e4n 40 000 fasta hastighetsf\u00e4llor i hela Europa.","robots":{"index":"index","follow":"follow","max-snippet":"max-snippet:-1","max-image-preview":"max-image-preview:large","max-video-preview":"max-video-preview:-1"},"canonical":"https:\/\/radarservice.eu\/sv\/produkt\/gps-paminnelse-europa\/","og_locale":"sv_SE","og_type":"article","og_title":"GPS-p\u00e5minnelse Europa POI Warner Europa","og_description":"GPS Reminder Europe varnar dig f\u00f6r mer \u00e4n 40 000 fasta hastighetsf\u00e4llor i hela Europa.","og_url":"https:\/\/radarservice.eu\/sv\/produkt\/gps-paminnelse-europa\/","og_site_name":"Radar Service","og_image":[{"width":500,"height":222,"url":"https:\/\/radarservice.eu\/wp-content\/uploads\/2019\/07\/gps_reminder.jpg","type":"image\/jpeg"}],"twitter_card":"summary_large_image","twitter_misc":{"Ber\u00e4knad l\u00e4stid":"1 minut"},"schema":{"@context":"https:\/\/schema.org","@graph":[{"@type":"WebPage","@id":"https:\/\/radarservice.eu\/sv\/produkt\/gps-paminnelse-europa\/","url":"https:\/\/radarservice.eu\/sv\/produkt\/gps-paminnelse-europa\/","name":"GPS-p\u00e5minnelse Europa POI Warner Europa","isPartOf":{"@id":"https:\/\/radarservice.eu\/sv\/#website"},"primaryImageOfPage":{"@id":"https:\/\/radarservice.eu\/sv\/produkt\/gps-paminnelse-europa\/#primaryimage"},"image":{"@id":"https:\/\/radarservice.eu\/sv\/produkt\/gps-paminnelse-europa\/#primaryimage"},"thumbnailUrl":"https:\/\/radarservice.eu\/wp-content\/uploads\/2019\/07\/gps_reminder.jpg","datePublished":"2021-05-14T08:33:32+00:00","description":"GPS Reminder Europe varnar dig f\u00f6r mer \u00e4n 40 000 fasta hastighetsf\u00e4llor i hela Europa.","breadcrumb":{"@id":"https:\/\/radarservice.eu\/sv\/produkt\/gps-paminnelse-europa\/#breadcrumb"},"inLanguage":"sv-SE","potentialAction":[{"@type":"ReadAction","target":["https:\/\/radarservice.eu\/sv\/produkt\/gps-paminnelse-europa\/"]}]},{"@type":"ImageObject","inLanguage":"sv-SE","@id":"https:\/\/radarservice.eu\/sv\/produkt\/gps-paminnelse-europa\/#primaryimage","url":"https:\/\/radarservice.eu\/wp-content\/uploads\/2019\/07\/gps_reminder.jpg","contentUrl":"https:\/\/radarservice.eu\/wp-content\/uploads\/2019\/07\/gps_reminder.jpg","width":500,"height":222,"caption":"GPS Reminder - POI Warner f\u00f6r Europa"},{"@type":"BreadcrumbList","@id":"https:\/\/radarservice.eu\/sv\/produkt\/gps-paminnelse-europa\/#breadcrumb","itemListElement":[{"@type":"ListItem","position":1,"name":"Butik","item":"https:\/\/radarservice.eu\/sv\/butik\/"},{"@type":"ListItem","position":2,"name":"GPS-p\u00e5minnelse Europa"}]},{"@type":"WebSite","@id":"https:\/\/radarservice.eu\/sv\/#website","url":"https:\/\/radarservice.eu\/sv\/","name":"Radar Service","description":"Radar detector Laser jammer mobile fix","publisher":{"@id":"https:\/\/radarservice.eu\/sv\/#organization"},"potentialAction":[{"@type":"SearchAction","target":{"@type":"EntryPoint","urlTemplate":"https:\/\/radarservice.eu\/sv\/?s={search_term_string}"},"query-input":{"@type":"PropertyValueSpecification","valueRequired":true,"valueName":"search_term_string"}}],"inLanguage":"sv-SE"},{"@type":"Organization","@id":"https:\/\/radarservice.eu\/sv\/#organization","name":"RadarService","url":"https:\/\/radarservice.eu\/sv\/","logo":{"@type":"ImageObject","inLanguage":"sv-SE","@id":"https:\/\/radarservice.eu\/sv\/#\/schema\/logo\/image\/","url":"https:\/\/radarservice.eu\/wp-content\/uploads\/2021\/03\/Radar_detector_service.png","contentUrl":"https:\/\/radarservice.eu\/wp-content\/uploads\/2021\/03\/Radar_detector_service.png","width":174,"height":48,"caption":"RadarService"},"image":{"@id":"https:\/\/radarservice.eu\/sv\/#\/schema\/logo\/image\/"}}]}},"_links":{"self":[{"href":"https:\/\/radarservice.eu\/sv\/wp-json\/wp\/v2\/product\/15998","targetHints":{"allow":["GET"]}}],"collection":[{"href":"https:\/\/radarservice.eu\/sv\/wp-json\/wp\/v2\/product"}],"about":[{"href":"https:\/\/radarservice.eu\/sv\/wp-json\/wp\/v2\/types\/product"}],"replies":[{"embeddable":true,"href":"https:\/\/radarservice.eu\/sv\/wp-json\/wp\/v2\/comments?post=15998"}],"wp:featuredmedia":[{"embeddable":true,"href":"https:\/\/radarservice.eu\/sv\/wp-json\/wp\/v2\/media\/15999"}],"wp:attachment":[{"href":"https:\/\/radarservice.eu\/sv\/wp-json\/wp\/v2\/media?parent=15998"}],"wp:term":[{"taxonomy":"product_brand","embeddable":true,"href":"https:\/\/radarservice.eu\/sv\/wp-json\/wp\/v2\/product_brand?post=15998"},{"taxonomy":"product_cat","embeddable":true,"href":"https:\/\/radarservice.eu\/sv\/wp-json\/wp\/v2\/product_cat?post=15998"},{"taxonomy":"product_tag","embeddable":true,"href":"https:\/\/radarservice.eu\/sv\/wp-json\/wp\/v2\/product_tag?post=15998"}],"curies":[{"name":"wp","href":"https:\/\/api.w.org\/{rel}","templated":true}]}}