{"id":15996,"date":"2021-05-14T10:31:35","date_gmt":"2021-05-14T08:31:35","guid":{"rendered":"https:\/\/radarservice.eu\/produkt\/poi-soekare-m-europa\/"},"modified":"2021-05-14T10:31:35","modified_gmt":"2021-05-14T08:31:35","slug":"poi-soekare-m-europa","status":"publish","type":"product","link":"https:\/\/radarservice.eu\/sv\/produkt\/poi-soekare-m-europa\/","title":{"rendered":"POI-s\u00f6kare M &#8211; Europa"},"content":{"rendered":"<p> POI Locator M \u00e4r en ny typ av radardetektor som varnar f\u00f6r ca 35 000 fast installerade och ca 50 000 mobila m\u00e4tstationer i hela Europa. Med en storlek p\u00e5 7,5 x 4,5 cm \u00e4r den lika stor som en t\u00e4ndsticksask och kan anv\u00e4ndas osynligt (t.ex. i askkoppen eller mittkonsolen). N\u00e4r man n\u00e4rmar sig en fast eller mobil hastighetsm\u00e4tningsplats under k\u00f6rning s\u00e4nds ett akustiskt och optiskt meddelande ut. POI Locator kan drivas med kontinuerlig str\u00f6m (12 V cigarett\u00e4ndare) eller med det medf\u00f6ljande uppladdningsbara batteriet. Batteritiden \u00e4r tillr\u00e4cklig \u00e4ven f\u00f6r en vanef\u00f6rare och r\u00e4cker i genomsnitt 13-14 timmar.<\/p>\n<p>.<\/p>\n<p><strong>\u00d6versikt:<\/strong><br \/>\n+ mer \u00e4n 85 000 mobila och fasta hastighetsf\u00e4llor<br \/>.<br \/>\n+ tydlig visuell och akustisk varning<br \/>\n+ liten design<br \/>\n+ upp till 17 timmars str\u00f6m fr\u00e5n litiumjonbatteriet<\/p>\n<p><strong>Leveransens omfattning:<\/strong><br \/>\n* POI Locator M (f\u00e4rdigkonfigurerad och redo att anv\u00e4ndas)<br \/>\n* F\u00f6rinstallerad Europadatabas<br \/>\n* Kabeln f\u00f6r billaddare (ing\u00e5ng 12V, utg\u00e5ng 5V)<br \/>\n* 220V-adapter (utg\u00e5ng 5,3V, 500mA)<br \/>\n* 1100mA litiumjonbatteri<br \/>\n* USB-anslutningskabel<br \/>\n* Antislipmatta<\/p>\n","protected":false},"excerpt":{"rendered":"<p>POI Locator M \u00e4r en ny typ av radardetektor som varnar f\u00f6r ca 35 000 fast installerade och ca 50 000 mobila m\u00e4tstationer i hela Europa. Med en storlek p\u00e5 7,5 x 4,5 cm \u00e4r den lika stor som en t\u00e4ndsticksask och kan anv\u00e4ndas osynligt (t.ex. i askkoppen eller mittkonsolen). N\u00e4r man n\u00e4rmar sig en [&#8230;]\n","protected":false},"featured_media":15997,"comment_status":"open","ping_status":"closed","template":"","meta":[],"product_brand":[],"product_cat":[1796],"product_tag":[1759,1797,1800,1798,1799,1801,1802],"class_list":{"0":"post-15996","1":"product","2":"type-product","3":"status-publish","4":"has-post-thumbnail","6":"product_cat-gps-poi-detektorer","7":"product_tag-europa-sv","8":"product_tag-fartfallor","9":"product_tag-mobil","10":"product_tag-poi-locator-sv","11":"product_tag-poi-sokare-m","12":"product_tag-rattade","13":"product_tag-rattade-sv","15":"first","16":"instock","17":"taxable","18":"shipping-taxable","19":"purchasable","20":"product-type-simple"},"yoast_head":"<!-- This site is optimized with the Yoast SEO plugin v27.2 - https:\/\/yoast.com\/product\/yoast-seo-wordpress\/ -->\n<title>POI-s\u00f6kare M - Europa | Radar Service<\/title>\n<meta name=\"description\" content=\"POI Locator M varnar p\u00e5 ett tillf\u00f6rlitligt s\u00e4tt f\u00f6r ca 35 000 fasta och 50 000 mobila hastighetsf\u00e4llor i hela Europa.\" \/>\n<meta name=\"robots\" content=\"index, follow, max-snippet:-1, max-image-preview:large, max-video-preview:-1\" \/>\n<link rel=\"canonical\" href=\"https:\/\/radarservice.eu\/sv\/produkt\/poi-soekare-m-europa\/\" \/>\n<meta property=\"og:locale\" content=\"sv_SE\" \/>\n<meta property=\"og:type\" content=\"article\" \/>\n<meta property=\"og:title\" content=\"POI-s\u00f6kare M - Europa | Radar Service\" \/>\n<meta property=\"og:description\" content=\"POI Locator M varnar p\u00e5 ett tillf\u00f6rlitligt s\u00e4tt f\u00f6r ca 35 000 fasta och 50 000 mobila hastighetsf\u00e4llor i hela Europa.\" \/>\n<meta property=\"og:url\" content=\"https:\/\/radarservice.eu\/sv\/produkt\/poi-soekare-m-europa\/\" \/>\n<meta property=\"og:site_name\" content=\"Radar Service\" \/>\n<meta property=\"og:image\" content=\"https:\/\/radarservice.eu\/wp-content\/uploads\/2020\/09\/POILocator.jpg\" \/>\n\t<meta property=\"og:image:width\" content=\"500\" \/>\n\t<meta property=\"og:image:height\" content=\"500\" \/>\n\t<meta property=\"og:image:type\" content=\"image\/jpeg\" \/>\n<meta name=\"twitter:card\" content=\"summary_large_image\" \/>\n<meta name=\"twitter:label1\" content=\"Ber\u00e4knad l\u00e4stid\" \/>\n\t<meta name=\"twitter:data1\" content=\"1 minut\" \/>\n<script type=\"application\/ld+json\" class=\"yoast-schema-graph\">{\"@context\":\"https:\/\/schema.org\",\"@graph\":[{\"@type\":\"WebPage\",\"@id\":\"https:\/\/radarservice.eu\/sv\/produkt\/poi-soekare-m-europa\/\",\"url\":\"https:\/\/radarservice.eu\/sv\/produkt\/poi-soekare-m-europa\/\",\"name\":\"POI-s\u00f6kare M - Europa | Radar Service\",\"isPartOf\":{\"@id\":\"https:\/\/radarservice.eu\/sv\/#website\"},\"primaryImageOfPage\":{\"@id\":\"https:\/\/radarservice.eu\/sv\/produkt\/poi-soekare-m-europa\/#primaryimage\"},\"image\":{\"@id\":\"https:\/\/radarservice.eu\/sv\/produkt\/poi-soekare-m-europa\/#primaryimage\"},\"thumbnailUrl\":\"https:\/\/radarservice.eu\/wp-content\/uploads\/2020\/09\/POILocator.jpg\",\"datePublished\":\"2021-05-14T08:31:35+00:00\",\"description\":\"POI Locator M varnar p\u00e5 ett tillf\u00f6rlitligt s\u00e4tt f\u00f6r ca 35 000 fasta och 50 000 mobila hastighetsf\u00e4llor i hela Europa.\",\"breadcrumb\":{\"@id\":\"https:\/\/radarservice.eu\/sv\/produkt\/poi-soekare-m-europa\/#breadcrumb\"},\"inLanguage\":\"sv-SE\",\"potentialAction\":[{\"@type\":\"ReadAction\",\"target\":[\"https:\/\/radarservice.eu\/sv\/produkt\/poi-soekare-m-europa\/\"]}]},{\"@type\":\"ImageObject\",\"inLanguage\":\"sv-SE\",\"@id\":\"https:\/\/radarservice.eu\/sv\/produkt\/poi-soekare-m-europa\/#primaryimage\",\"url\":\"https:\/\/radarservice.eu\/wp-content\/uploads\/2020\/09\/POILocator.jpg\",\"contentUrl\":\"https:\/\/radarservice.eu\/wp-content\/uploads\/2020\/09\/POILocator.jpg\",\"width\":500,\"height\":500,\"caption\":\"GPS POI-s\u00f6kare\"},{\"@type\":\"BreadcrumbList\",\"@id\":\"https:\/\/radarservice.eu\/sv\/produkt\/poi-soekare-m-europa\/#breadcrumb\",\"itemListElement\":[{\"@type\":\"ListItem\",\"position\":1,\"name\":\"Butik\",\"item\":\"https:\/\/radarservice.eu\/sv\/butik\/\"},{\"@type\":\"ListItem\",\"position\":2,\"name\":\"POI-s\u00f6kare M &#8211; Europa\"}]},{\"@type\":\"WebSite\",\"@id\":\"https:\/\/radarservice.eu\/sv\/#website\",\"url\":\"https:\/\/radarservice.eu\/sv\/\",\"name\":\"Radar Service\",\"description\":\"Radar detector Laser jammer mobile fix\",\"publisher\":{\"@id\":\"https:\/\/radarservice.eu\/sv\/#organization\"},\"potentialAction\":[{\"@type\":\"SearchAction\",\"target\":{\"@type\":\"EntryPoint\",\"urlTemplate\":\"https:\/\/radarservice.eu\/sv\/?s={search_term_string}\"},\"query-input\":{\"@type\":\"PropertyValueSpecification\",\"valueRequired\":true,\"valueName\":\"search_term_string\"}}],\"inLanguage\":\"sv-SE\"},{\"@type\":\"Organization\",\"@id\":\"https:\/\/radarservice.eu\/sv\/#organization\",\"name\":\"RadarService\",\"url\":\"https:\/\/radarservice.eu\/sv\/\",\"logo\":{\"@type\":\"ImageObject\",\"inLanguage\":\"sv-SE\",\"@id\":\"https:\/\/radarservice.eu\/sv\/#\/schema\/logo\/image\/\",\"url\":\"https:\/\/radarservice.eu\/wp-content\/uploads\/2021\/03\/Radar_detector_service.png\",\"contentUrl\":\"https:\/\/radarservice.eu\/wp-content\/uploads\/2021\/03\/Radar_detector_service.png\",\"width\":174,\"height\":48,\"caption\":\"RadarService\"},\"image\":{\"@id\":\"https:\/\/radarservice.eu\/sv\/#\/schema\/logo\/image\/\"}}]}<\/script>\n<!-- \/ Yoast SEO plugin. -->","yoast_head_json":{"title":"POI-s\u00f6kare M - Europa | Radar Service","description":"POI Locator M varnar p\u00e5 ett tillf\u00f6rlitligt s\u00e4tt f\u00f6r ca 35 000 fasta och 50 000 mobila hastighetsf\u00e4llor i hela Europa.","robots":{"index":"index","follow":"follow","max-snippet":"max-snippet:-1","max-image-preview":"max-image-preview:large","max-video-preview":"max-video-preview:-1"},"canonical":"https:\/\/radarservice.eu\/sv\/produkt\/poi-soekare-m-europa\/","og_locale":"sv_SE","og_type":"article","og_title":"POI-s\u00f6kare M - Europa | Radar Service","og_description":"POI Locator M varnar p\u00e5 ett tillf\u00f6rlitligt s\u00e4tt f\u00f6r ca 35 000 fasta och 50 000 mobila hastighetsf\u00e4llor i hela Europa.","og_url":"https:\/\/radarservice.eu\/sv\/produkt\/poi-soekare-m-europa\/","og_site_name":"Radar Service","og_image":[{"width":500,"height":500,"url":"https:\/\/radarservice.eu\/wp-content\/uploads\/2020\/09\/POILocator.jpg","type":"image\/jpeg"}],"twitter_card":"summary_large_image","twitter_misc":{"Ber\u00e4knad l\u00e4stid":"1 minut"},"schema":{"@context":"https:\/\/schema.org","@graph":[{"@type":"WebPage","@id":"https:\/\/radarservice.eu\/sv\/produkt\/poi-soekare-m-europa\/","url":"https:\/\/radarservice.eu\/sv\/produkt\/poi-soekare-m-europa\/","name":"POI-s\u00f6kare M - Europa | Radar Service","isPartOf":{"@id":"https:\/\/radarservice.eu\/sv\/#website"},"primaryImageOfPage":{"@id":"https:\/\/radarservice.eu\/sv\/produkt\/poi-soekare-m-europa\/#primaryimage"},"image":{"@id":"https:\/\/radarservice.eu\/sv\/produkt\/poi-soekare-m-europa\/#primaryimage"},"thumbnailUrl":"https:\/\/radarservice.eu\/wp-content\/uploads\/2020\/09\/POILocator.jpg","datePublished":"2021-05-14T08:31:35+00:00","description":"POI Locator M varnar p\u00e5 ett tillf\u00f6rlitligt s\u00e4tt f\u00f6r ca 35 000 fasta och 50 000 mobila hastighetsf\u00e4llor i hela Europa.","breadcrumb":{"@id":"https:\/\/radarservice.eu\/sv\/produkt\/poi-soekare-m-europa\/#breadcrumb"},"inLanguage":"sv-SE","potentialAction":[{"@type":"ReadAction","target":["https:\/\/radarservice.eu\/sv\/produkt\/poi-soekare-m-europa\/"]}]},{"@type":"ImageObject","inLanguage":"sv-SE","@id":"https:\/\/radarservice.eu\/sv\/produkt\/poi-soekare-m-europa\/#primaryimage","url":"https:\/\/radarservice.eu\/wp-content\/uploads\/2020\/09\/POILocator.jpg","contentUrl":"https:\/\/radarservice.eu\/wp-content\/uploads\/2020\/09\/POILocator.jpg","width":500,"height":500,"caption":"GPS POI-s\u00f6kare"},{"@type":"BreadcrumbList","@id":"https:\/\/radarservice.eu\/sv\/produkt\/poi-soekare-m-europa\/#breadcrumb","itemListElement":[{"@type":"ListItem","position":1,"name":"Butik","item":"https:\/\/radarservice.eu\/sv\/butik\/"},{"@type":"ListItem","position":2,"name":"POI-s\u00f6kare M &#8211; Europa"}]},{"@type":"WebSite","@id":"https:\/\/radarservice.eu\/sv\/#website","url":"https:\/\/radarservice.eu\/sv\/","name":"Radar Service","description":"Radar detector Laser jammer mobile fix","publisher":{"@id":"https:\/\/radarservice.eu\/sv\/#organization"},"potentialAction":[{"@type":"SearchAction","target":{"@type":"EntryPoint","urlTemplate":"https:\/\/radarservice.eu\/sv\/?s={search_term_string}"},"query-input":{"@type":"PropertyValueSpecification","valueRequired":true,"valueName":"search_term_string"}}],"inLanguage":"sv-SE"},{"@type":"Organization","@id":"https:\/\/radarservice.eu\/sv\/#organization","name":"RadarService","url":"https:\/\/radarservice.eu\/sv\/","logo":{"@type":"ImageObject","inLanguage":"sv-SE","@id":"https:\/\/radarservice.eu\/sv\/#\/schema\/logo\/image\/","url":"https:\/\/radarservice.eu\/wp-content\/uploads\/2021\/03\/Radar_detector_service.png","contentUrl":"https:\/\/radarservice.eu\/wp-content\/uploads\/2021\/03\/Radar_detector_service.png","width":174,"height":48,"caption":"RadarService"},"image":{"@id":"https:\/\/radarservice.eu\/sv\/#\/schema\/logo\/image\/"}}]}},"_links":{"self":[{"href":"https:\/\/radarservice.eu\/sv\/wp-json\/wp\/v2\/product\/15996","targetHints":{"allow":["GET"]}}],"collection":[{"href":"https:\/\/radarservice.eu\/sv\/wp-json\/wp\/v2\/product"}],"about":[{"href":"https:\/\/radarservice.eu\/sv\/wp-json\/wp\/v2\/types\/product"}],"replies":[{"embeddable":true,"href":"https:\/\/radarservice.eu\/sv\/wp-json\/wp\/v2\/comments?post=15996"}],"wp:featuredmedia":[{"embeddable":true,"href":"https:\/\/radarservice.eu\/sv\/wp-json\/wp\/v2\/media\/15997"}],"wp:attachment":[{"href":"https:\/\/radarservice.eu\/sv\/wp-json\/wp\/v2\/media?parent=15996"}],"wp:term":[{"taxonomy":"product_brand","embeddable":true,"href":"https:\/\/radarservice.eu\/sv\/wp-json\/wp\/v2\/product_brand?post=15996"},{"taxonomy":"product_cat","embeddable":true,"href":"https:\/\/radarservice.eu\/sv\/wp-json\/wp\/v2\/product_cat?post=15996"},{"taxonomy":"product_tag","embeddable":true,"href":"https:\/\/radarservice.eu\/sv\/wp-json\/wp\/v2\/product_tag?post=15996"}],"curies":[{"name":"wp","href":"https:\/\/api.w.org\/{rel}","templated":true}]}}