{"id":15991,"date":"2021-05-14T10:29:21","date_gmt":"2021-05-14T08:29:21","guid":{"rendered":"https:\/\/radarservice.eu\/produkt\/eso-guard-dual-light-barrier-jammer\/"},"modified":"2023-04-02T20:29:19","modified_gmt":"2023-04-02T18:29:19","slug":"eso-guard-dual-light-barrier-jammer","status":"publish","type":"product","link":"https:\/\/radarservice.eu\/sv\/produkt\/eso-guard-dual-light-barrier-jammer\/","title":{"rendered":"ESO Guard DUAL Light barrier jammer"},"content":{"rendered":"<p>Tv\u00e5 sensorer ger effektivt skydd fr\u00e5n b\u00e5da sidor. Det spelar ingen roll p\u00e5 vilken sida av v\u00e4gen ESO:s m\u00e4tsystem \u00e4r placerat. Eso Guard fr\u00e5n Jamtronics st\u00f6r Eso-enhetens sensorer (\u00e4ven ESO 3.0) och det \u00f6ver flera k\u00f6rf\u00e4lt. ESO Guard avbryter m\u00e4tningen av ESO-m\u00e5ttenheten, men utan att orsaka ett felmeddelande.<\/p>\n<p>.<\/p>\n<p>Installationen \u00e4r enkel och okomplicerad, sensorerna kan installeras diskret i registreringsskylth\u00e5llaren. \u00c4ven en tillf\u00e4llig installation p\u00e5 hyrda eller leasade fordon \u00e4r m\u00f6jlig utan problem.<\/p>\n<p>.<\/p>\n<p><strong>\u00d6versikt:<\/strong><br \/>\n+ DUAL-version f\u00f6r st\u00f6rningar p\u00e5 b\u00e5da sidor av ESO 3.0-ljussp\u00e4rren<br \/>\n+ mycket sm\u00e5 sensorer<br \/>\n+ snabb okomplicerad montering i registreringsskylth\u00e5llaren<br \/>\n+ m\u00e5tt (BxLxH i mm): 18 x 20 x 4<\/p>\n<p><strong>Omfattning av leveransen:<\/strong><br \/>\n* 2 st\u00f6rs\u00e4ndare<br \/>\n* Kabelupps\u00e4ttning<br \/>\n* Bruksanvisning<\/p>\n","protected":false},"excerpt":{"rendered":"<p>Tv\u00e5 sensorer ger effektivt skydd fr\u00e5n b\u00e5da sidor. Det spelar ingen roll p\u00e5 vilken sida av v\u00e4gen ESO:s m\u00e4tsystem \u00e4r placerat. Eso Guard fr\u00e5n Jamtronics st\u00f6r Eso-enhetens sensorer (\u00e4ven ESO 3.0) och det \u00f6ver flera k\u00f6rf\u00e4lt. ESO Guard avbryter m\u00e4tningen av ESO-m\u00e5ttenheten, men utan att orsaka ett felmeddelande. . Installationen \u00e4r enkel och okomplicerad, sensorerna [&#8230;]\n","protected":false},"featured_media":15994,"comment_status":"open","ping_status":"closed","template":"","meta":[],"product_brand":[],"product_cat":[1789,1788],"product_tag":[1792,1791,1794,1793,1790,1795],"class_list":{"0":"post-15991","1":"product","2":"type-product","3":"status-publish","4":"has-post-thumbnail","6":"product_cat-jamtronics-sv","7":"product_cat-stoersaendare-foer-ljusbarriaerer","8":"product_tag-eso-3-0-sv","9":"product_tag-eso-guard-sv","10":"product_tag-eso-jammer-sv","11":"product_tag-jamtronics-sv","12":"product_tag-storsandare-for-ljusbarriarer","13":"product_tag-storsandare-for-ljusbarriarer-sv","15":"first","16":"instock","17":"sale","18":"taxable","19":"shipping-taxable","20":"purchasable","21":"product-type-simple"},"yoast_head":"<!-- This site is optimized with the Yoast SEO plugin v27.2 - https:\/\/yoast.com\/product\/yoast-seo-wordpress\/ -->\n<title>ESO Guard DUAL Light barrier jammer | Radar Service<\/title>\n<meta name=\"description\" content=\"Eso Guard fr\u00e5n Jamtronics st\u00f6r ESO-enhetens sensorer (\u00e4ven ESO 3.0-ljussp\u00e4rr), och det \u00f6ver flera k\u00f6rf\u00e4lt.\" \/>\n<meta name=\"robots\" content=\"index, follow, max-snippet:-1, max-image-preview:large, max-video-preview:-1\" \/>\n<link rel=\"canonical\" href=\"https:\/\/radarservice.eu\/sv\/produkt\/eso-guard-dual-light-barrier-jammer\/\" \/>\n<meta property=\"og:locale\" content=\"sv_SE\" \/>\n<meta property=\"og:type\" content=\"article\" \/>\n<meta property=\"og:title\" content=\"ESO Guard DUAL Light barrier jammer | Radar Service\" \/>\n<meta property=\"og:description\" content=\"Eso Guard fr\u00e5n Jamtronics st\u00f6r ESO-enhetens sensorer (\u00e4ven ESO 3.0-ljussp\u00e4rr), och det \u00f6ver flera k\u00f6rf\u00e4lt.\" \/>\n<meta property=\"og:url\" content=\"https:\/\/radarservice.eu\/sv\/produkt\/eso-guard-dual-light-barrier-jammer\/\" \/>\n<meta property=\"og:site_name\" content=\"Radar Service\" \/>\n<meta property=\"article:modified_time\" content=\"2023-04-02T18:29:19+00:00\" \/>\n<meta property=\"og:image\" content=\"https:\/\/radarservice.eu\/wp-content\/uploads\/2020\/09\/esoguard_pro_esoschutz.jpg\" \/>\n\t<meta property=\"og:image:width\" content=\"990\" \/>\n\t<meta property=\"og:image:height\" content=\"720\" \/>\n\t<meta property=\"og:image:type\" content=\"image\/jpeg\" \/>\n<meta name=\"twitter:card\" content=\"summary_large_image\" \/>\n<meta name=\"twitter:label1\" content=\"Ber\u00e4knad l\u00e4stid\" \/>\n\t<meta name=\"twitter:data1\" content=\"1 minut\" \/>\n<script type=\"application\/ld+json\" class=\"yoast-schema-graph\">{\"@context\":\"https:\/\/schema.org\",\"@graph\":[{\"@type\":\"WebPage\",\"@id\":\"https:\/\/radarservice.eu\/sv\/produkt\/eso-guard-dual-light-barrier-jammer\/\",\"url\":\"https:\/\/radarservice.eu\/sv\/produkt\/eso-guard-dual-light-barrier-jammer\/\",\"name\":\"ESO Guard DUAL Light barrier jammer | Radar Service\",\"isPartOf\":{\"@id\":\"https:\/\/radarservice.eu\/sv\/#website\"},\"primaryImageOfPage\":{\"@id\":\"https:\/\/radarservice.eu\/sv\/produkt\/eso-guard-dual-light-barrier-jammer\/#primaryimage\"},\"image\":{\"@id\":\"https:\/\/radarservice.eu\/sv\/produkt\/eso-guard-dual-light-barrier-jammer\/#primaryimage\"},\"thumbnailUrl\":\"https:\/\/radarservice.eu\/wp-content\/uploads\/2020\/09\/esoguard_pro_esoschutz.jpg\",\"datePublished\":\"2021-05-14T08:29:21+00:00\",\"dateModified\":\"2023-04-02T18:29:19+00:00\",\"description\":\"Eso Guard fr\u00e5n Jamtronics st\u00f6r ESO-enhetens sensorer (\u00e4ven ESO 3.0-ljussp\u00e4rr), och det \u00f6ver flera k\u00f6rf\u00e4lt.\",\"breadcrumb\":{\"@id\":\"https:\/\/radarservice.eu\/sv\/produkt\/eso-guard-dual-light-barrier-jammer\/#breadcrumb\"},\"inLanguage\":\"sv-SE\",\"potentialAction\":[{\"@type\":\"ReadAction\",\"target\":[\"https:\/\/radarservice.eu\/sv\/produkt\/eso-guard-dual-light-barrier-jammer\/\"]}]},{\"@type\":\"ImageObject\",\"inLanguage\":\"sv-SE\",\"@id\":\"https:\/\/radarservice.eu\/sv\/produkt\/eso-guard-dual-light-barrier-jammer\/#primaryimage\",\"url\":\"https:\/\/radarservice.eu\/wp-content\/uploads\/2020\/09\/esoguard_pro_esoschutz.jpg\",\"contentUrl\":\"https:\/\/radarservice.eu\/wp-content\/uploads\/2020\/09\/esoguard_pro_esoschutz.jpg\",\"width\":990,\"height\":720,\"caption\":\"ESO Guard Eso Protection\"},{\"@type\":\"BreadcrumbList\",\"@id\":\"https:\/\/radarservice.eu\/sv\/produkt\/eso-guard-dual-light-barrier-jammer\/#breadcrumb\",\"itemListElement\":[{\"@type\":\"ListItem\",\"position\":1,\"name\":\"Butik\",\"item\":\"https:\/\/radarservice.eu\/sv\/butik\/\"},{\"@type\":\"ListItem\",\"position\":2,\"name\":\"ESO Guard DUAL Light barrier jammer\"}]},{\"@type\":\"WebSite\",\"@id\":\"https:\/\/radarservice.eu\/sv\/#website\",\"url\":\"https:\/\/radarservice.eu\/sv\/\",\"name\":\"Radar Service\",\"description\":\"Radar detector Laser jammer mobile fix\",\"publisher\":{\"@id\":\"https:\/\/radarservice.eu\/sv\/#organization\"},\"potentialAction\":[{\"@type\":\"SearchAction\",\"target\":{\"@type\":\"EntryPoint\",\"urlTemplate\":\"https:\/\/radarservice.eu\/sv\/?s={search_term_string}\"},\"query-input\":{\"@type\":\"PropertyValueSpecification\",\"valueRequired\":true,\"valueName\":\"search_term_string\"}}],\"inLanguage\":\"sv-SE\"},{\"@type\":\"Organization\",\"@id\":\"https:\/\/radarservice.eu\/sv\/#organization\",\"name\":\"RadarService\",\"url\":\"https:\/\/radarservice.eu\/sv\/\",\"logo\":{\"@type\":\"ImageObject\",\"inLanguage\":\"sv-SE\",\"@id\":\"https:\/\/radarservice.eu\/sv\/#\/schema\/logo\/image\/\",\"url\":\"https:\/\/radarservice.eu\/wp-content\/uploads\/2021\/03\/Radar_detector_service.png\",\"contentUrl\":\"https:\/\/radarservice.eu\/wp-content\/uploads\/2021\/03\/Radar_detector_service.png\",\"width\":174,\"height\":48,\"caption\":\"RadarService\"},\"image\":{\"@id\":\"https:\/\/radarservice.eu\/sv\/#\/schema\/logo\/image\/\"}}]}<\/script>\n<!-- \/ Yoast SEO plugin. -->","yoast_head_json":{"title":"ESO Guard DUAL Light barrier jammer | Radar Service","description":"Eso Guard fr\u00e5n Jamtronics st\u00f6r ESO-enhetens sensorer (\u00e4ven ESO 3.0-ljussp\u00e4rr), och det \u00f6ver flera k\u00f6rf\u00e4lt.","robots":{"index":"index","follow":"follow","max-snippet":"max-snippet:-1","max-image-preview":"max-image-preview:large","max-video-preview":"max-video-preview:-1"},"canonical":"https:\/\/radarservice.eu\/sv\/produkt\/eso-guard-dual-light-barrier-jammer\/","og_locale":"sv_SE","og_type":"article","og_title":"ESO Guard DUAL Light barrier jammer | Radar Service","og_description":"Eso Guard fr\u00e5n Jamtronics st\u00f6r ESO-enhetens sensorer (\u00e4ven ESO 3.0-ljussp\u00e4rr), och det \u00f6ver flera k\u00f6rf\u00e4lt.","og_url":"https:\/\/radarservice.eu\/sv\/produkt\/eso-guard-dual-light-barrier-jammer\/","og_site_name":"Radar Service","article_modified_time":"2023-04-02T18:29:19+00:00","og_image":[{"width":990,"height":720,"url":"https:\/\/radarservice.eu\/wp-content\/uploads\/2020\/09\/esoguard_pro_esoschutz.jpg","type":"image\/jpeg"}],"twitter_card":"summary_large_image","twitter_misc":{"Ber\u00e4knad l\u00e4stid":"1 minut"},"schema":{"@context":"https:\/\/schema.org","@graph":[{"@type":"WebPage","@id":"https:\/\/radarservice.eu\/sv\/produkt\/eso-guard-dual-light-barrier-jammer\/","url":"https:\/\/radarservice.eu\/sv\/produkt\/eso-guard-dual-light-barrier-jammer\/","name":"ESO Guard DUAL Light barrier jammer | Radar Service","isPartOf":{"@id":"https:\/\/radarservice.eu\/sv\/#website"},"primaryImageOfPage":{"@id":"https:\/\/radarservice.eu\/sv\/produkt\/eso-guard-dual-light-barrier-jammer\/#primaryimage"},"image":{"@id":"https:\/\/radarservice.eu\/sv\/produkt\/eso-guard-dual-light-barrier-jammer\/#primaryimage"},"thumbnailUrl":"https:\/\/radarservice.eu\/wp-content\/uploads\/2020\/09\/esoguard_pro_esoschutz.jpg","datePublished":"2021-05-14T08:29:21+00:00","dateModified":"2023-04-02T18:29:19+00:00","description":"Eso Guard fr\u00e5n Jamtronics st\u00f6r ESO-enhetens sensorer (\u00e4ven ESO 3.0-ljussp\u00e4rr), och det \u00f6ver flera k\u00f6rf\u00e4lt.","breadcrumb":{"@id":"https:\/\/radarservice.eu\/sv\/produkt\/eso-guard-dual-light-barrier-jammer\/#breadcrumb"},"inLanguage":"sv-SE","potentialAction":[{"@type":"ReadAction","target":["https:\/\/radarservice.eu\/sv\/produkt\/eso-guard-dual-light-barrier-jammer\/"]}]},{"@type":"ImageObject","inLanguage":"sv-SE","@id":"https:\/\/radarservice.eu\/sv\/produkt\/eso-guard-dual-light-barrier-jammer\/#primaryimage","url":"https:\/\/radarservice.eu\/wp-content\/uploads\/2020\/09\/esoguard_pro_esoschutz.jpg","contentUrl":"https:\/\/radarservice.eu\/wp-content\/uploads\/2020\/09\/esoguard_pro_esoschutz.jpg","width":990,"height":720,"caption":"ESO Guard Eso Protection"},{"@type":"BreadcrumbList","@id":"https:\/\/radarservice.eu\/sv\/produkt\/eso-guard-dual-light-barrier-jammer\/#breadcrumb","itemListElement":[{"@type":"ListItem","position":1,"name":"Butik","item":"https:\/\/radarservice.eu\/sv\/butik\/"},{"@type":"ListItem","position":2,"name":"ESO Guard DUAL Light barrier jammer"}]},{"@type":"WebSite","@id":"https:\/\/radarservice.eu\/sv\/#website","url":"https:\/\/radarservice.eu\/sv\/","name":"Radar Service","description":"Radar detector Laser jammer mobile fix","publisher":{"@id":"https:\/\/radarservice.eu\/sv\/#organization"},"potentialAction":[{"@type":"SearchAction","target":{"@type":"EntryPoint","urlTemplate":"https:\/\/radarservice.eu\/sv\/?s={search_term_string}"},"query-input":{"@type":"PropertyValueSpecification","valueRequired":true,"valueName":"search_term_string"}}],"inLanguage":"sv-SE"},{"@type":"Organization","@id":"https:\/\/radarservice.eu\/sv\/#organization","name":"RadarService","url":"https:\/\/radarservice.eu\/sv\/","logo":{"@type":"ImageObject","inLanguage":"sv-SE","@id":"https:\/\/radarservice.eu\/sv\/#\/schema\/logo\/image\/","url":"https:\/\/radarservice.eu\/wp-content\/uploads\/2021\/03\/Radar_detector_service.png","contentUrl":"https:\/\/radarservice.eu\/wp-content\/uploads\/2021\/03\/Radar_detector_service.png","width":174,"height":48,"caption":"RadarService"},"image":{"@id":"https:\/\/radarservice.eu\/sv\/#\/schema\/logo\/image\/"}}]}},"_links":{"self":[{"href":"https:\/\/radarservice.eu\/sv\/wp-json\/wp\/v2\/product\/15991","targetHints":{"allow":["GET"]}}],"collection":[{"href":"https:\/\/radarservice.eu\/sv\/wp-json\/wp\/v2\/product"}],"about":[{"href":"https:\/\/radarservice.eu\/sv\/wp-json\/wp\/v2\/types\/product"}],"replies":[{"embeddable":true,"href":"https:\/\/radarservice.eu\/sv\/wp-json\/wp\/v2\/comments?post=15991"}],"wp:featuredmedia":[{"embeddable":true,"href":"https:\/\/radarservice.eu\/sv\/wp-json\/wp\/v2\/media\/15994"}],"wp:attachment":[{"href":"https:\/\/radarservice.eu\/sv\/wp-json\/wp\/v2\/media?parent=15991"}],"wp:term":[{"taxonomy":"product_brand","embeddable":true,"href":"https:\/\/radarservice.eu\/sv\/wp-json\/wp\/v2\/product_brand?post=15991"},{"taxonomy":"product_cat","embeddable":true,"href":"https:\/\/radarservice.eu\/sv\/wp-json\/wp\/v2\/product_cat?post=15991"},{"taxonomy":"product_tag","embeddable":true,"href":"https:\/\/radarservice.eu\/sv\/wp-json\/wp\/v2\/product_tag?post=15991"}],"curies":[{"name":"wp","href":"https:\/\/api.w.org\/{rel}","templated":true}]}}