{"id":15987,"date":"2021-05-14T10:27:48","date_gmt":"2021-05-14T08:27:48","guid":{"rendered":"https:\/\/radarservice.eu\/produkt\/radardetektorpaket-foer-rtl-spiegeltv-saendning\/"},"modified":"2021-05-14T10:27:48","modified_gmt":"2021-05-14T08:27:48","slug":"radardetektorpaket-foer-rtl-spiegeltv-saendning","status":"publish","type":"product","link":"https:\/\/radarservice.eu\/sv\/produkt\/radardetektorpaket-foer-rtl-spiegeltv-saendning\/","title":{"rendered":"Radardetektorpaket f\u00f6r RTL SpiegelTV-s\u00e4ndning"},"content":{"rendered":"<p>Magasinet SpiegelTV rapporterade om v\u00e5ra radardetektorer under rubriken &#8221;H\u00f6gre straff f\u00f6r fortk\u00f6rare &#8211; uppgradering i fartkamerakriget&#8221;. Testresultaten var genomg\u00e5ende mycket bra. Du kan ocks\u00e5 dra nytta av v\u00e5r erfarenhet och best\u00e4lla ett helt\u00e4ckande paket utan bekymmer. Exklusivt f\u00f6r s\u00e4ndningen har vi sammanst\u00e4llt ett komplett paket f\u00f6r alla situationer.<\/p>\n<p>.<\/p>\n<p><strong>Sammans\u00e4ttning:<\/strong><br \/>\n+ mobilradardetektor Navty P1 Premium, som skyddar dig fr\u00e5n alla mobila radarm\u00e4tningar.<br \/>\n+ en ljusbarri\u00e4rst\u00f6rare som tillf\u00f6rlitligt skyddar dig fr\u00e5n de s\u00e5 kallade &#8221;tripods&#8221;<br \/>.<\/p>\n<p>Paketet inneh\u00e5ller 2 enheter till ett v\u00e4rde av 1198, &#8211; Euro n\u00e4r de k\u00f6ps enskilt. I samband med s\u00e4ndningen f\u00e5r du nu exklusivt det kompletta paketet f\u00f6r 999,- euro.<\/p>\n<p><strong>\u00d6versikt:<\/strong><br \/>\n+ mobil radardetektor speciellt f\u00f6r Europa<br \/>.<br \/>\n+ 360 \u00b0 graders detektering av alla radark\u00e4llor i Europa (X \/ K \/ Ka-band \/ MultaRadar MRCD \/ MRCT \/ Moving)<br \/>\n+ Varning av radarm\u00e4tningar<br \/>\n+ Varning f\u00f6r laserm\u00e4tningar<br \/>\n+ Varning av station\u00e4ra hastighetsm\u00e4tningssystem<br \/>\n+ Varning f\u00f6r r\u00f6dljus\u00f6vervakning<br \/>\n+ Varning f\u00f6r sektionskontrollm\u00e4tningar<br \/>\n+ kan uppdateras via USB-anslutning<br \/>\n+ EUROPA-databas f\u00f6r fasta fartkameror<br \/>\n+ egna faropunkter som kan lagras<\/p>\n<p><strong>Omfattning av leveransen:<\/strong><br \/>\n* Navty P1 Premium radardetektor<br \/>\n* Tillbeh\u00f6r f\u00f6r montering p\u00e5 vindrutan (sugkoppar)<br \/>\n* 12V str\u00f6mf\u00f6rs\u00f6rjning med cigarett\u00e4ndaranslutning<br \/>\n* Bruksanvisning<br \/>\n* ESO-ljusbarri\u00e4rst\u00f6rare<\/p>\n","protected":false},"excerpt":{"rendered":"<p>Magasinet SpiegelTV rapporterade om v\u00e5ra radardetektorer under rubriken &#8221;H\u00f6gre straff f\u00f6r fortk\u00f6rare &#8211; uppgradering i fartkamerakriget&#8221;. Testresultaten var genomg\u00e5ende mycket bra. Du kan ocks\u00e5 dra nytta av v\u00e5r erfarenhet och best\u00e4lla ett helt\u00e4ckande paket utan bekymmer. Exklusivt f\u00f6r s\u00e4ndningen har vi sammanst\u00e4llt ett komplett paket f\u00f6r alla situationer. . Sammans\u00e4ttning: + mobilradardetektor Navty P1 Premium, [&#8230;]\n","protected":false},"featured_media":15990,"comment_status":"open","ping_status":"closed","template":"","meta":[],"product_brand":[],"product_cat":[1776,1772],"product_tag":[1758,1785,1786,1787],"class_list":{"0":"post-15987","1":"product","2":"type-product","3":"status-publish","4":"has-post-thumbnail","6":"product_cat-navty-sv","7":"product_cat-rekommenderade-kompletta-paket","8":"product_tag-radardetektor","9":"product_tag-rtl-sv","10":"product_tag-spiegel-tv-sv","11":"product_tag-tv-rapport","13":"first","14":"instock","15":"sale","16":"taxable","17":"shipping-taxable","18":"purchasable","19":"product-type-simple"},"yoast_head":"<!-- This site is optimized with the Yoast SEO plugin v27.2 - https:\/\/yoast.com\/product\/yoast-seo-wordpress\/ -->\n<title>Radardetektorpaket f\u00f6r RTL SpiegelTV-s\u00e4ndning | Radar Service<\/title>\n<meta name=\"description\" content=\"Runtom sorgl\u00f6st paket - mobil radarvarningsteknik f\u00f6r flexibel anv\u00e4ndning i flera fordon.\" \/>\n<meta name=\"robots\" content=\"index, follow, max-snippet:-1, max-image-preview:large, max-video-preview:-1\" \/>\n<link rel=\"canonical\" href=\"https:\/\/radarservice.eu\/sv\/produkt\/radardetektorpaket-foer-rtl-spiegeltv-saendning\/\" \/>\n<meta property=\"og:locale\" content=\"sv_SE\" \/>\n<meta property=\"og:type\" content=\"article\" \/>\n<meta property=\"og:title\" content=\"Radardetektorpaket f\u00f6r RTL SpiegelTV-s\u00e4ndning | Radar Service\" \/>\n<meta property=\"og:description\" content=\"Runtom sorgl\u00f6st paket - mobil radarvarningsteknik f\u00f6r flexibel anv\u00e4ndning i flera fordon.\" \/>\n<meta property=\"og:url\" content=\"https:\/\/radarservice.eu\/sv\/produkt\/radardetektorpaket-foer-rtl-spiegeltv-saendning\/\" \/>\n<meta property=\"og:site_name\" content=\"Radar Service\" \/>\n<meta property=\"og:image\" content=\"https:\/\/radarservice.eu\/wp-content\/uploads\/2020\/09\/NAVTY-P1-Bentley-1.jpeg\" \/>\n\t<meta property=\"og:image:width\" content=\"2048\" \/>\n\t<meta property=\"og:image:height\" content=\"1353\" \/>\n\t<meta property=\"og:image:type\" content=\"image\/jpeg\" \/>\n<meta name=\"twitter:card\" content=\"summary_large_image\" \/>\n<meta name=\"twitter:label1\" content=\"Ber\u00e4knad l\u00e4stid\" \/>\n\t<meta name=\"twitter:data1\" content=\"1 minut\" \/>\n<script type=\"application\/ld+json\" class=\"yoast-schema-graph\">{\"@context\":\"https:\/\/schema.org\",\"@graph\":[{\"@type\":\"WebPage\",\"@id\":\"https:\/\/radarservice.eu\/sv\/produkt\/radardetektorpaket-foer-rtl-spiegeltv-saendning\/\",\"url\":\"https:\/\/radarservice.eu\/sv\/produkt\/radardetektorpaket-foer-rtl-spiegeltv-saendning\/\",\"name\":\"Radardetektorpaket f\u00f6r RTL SpiegelTV-s\u00e4ndning | Radar Service\",\"isPartOf\":{\"@id\":\"https:\/\/radarservice.eu\/sv\/#website\"},\"primaryImageOfPage\":{\"@id\":\"https:\/\/radarservice.eu\/sv\/produkt\/radardetektorpaket-foer-rtl-spiegeltv-saendning\/#primaryimage\"},\"image\":{\"@id\":\"https:\/\/radarservice.eu\/sv\/produkt\/radardetektorpaket-foer-rtl-spiegeltv-saendning\/#primaryimage\"},\"thumbnailUrl\":\"https:\/\/radarservice.eu\/wp-content\/uploads\/2020\/09\/NAVTY-P1-Bentley-1.jpeg\",\"datePublished\":\"2021-05-14T08:27:48+00:00\",\"description\":\"Runtom sorgl\u00f6st paket - mobil radarvarningsteknik f\u00f6r flexibel anv\u00e4ndning i flera fordon.\",\"breadcrumb\":{\"@id\":\"https:\/\/radarservice.eu\/sv\/produkt\/radardetektorpaket-foer-rtl-spiegeltv-saendning\/#breadcrumb\"},\"inLanguage\":\"sv-SE\",\"potentialAction\":[{\"@type\":\"ReadAction\",\"target\":[\"https:\/\/radarservice.eu\/sv\/produkt\/radardetektorpaket-foer-rtl-spiegeltv-saendning\/\"]}]},{\"@type\":\"ImageObject\",\"inLanguage\":\"sv-SE\",\"@id\":\"https:\/\/radarservice.eu\/sv\/produkt\/radardetektorpaket-foer-rtl-spiegeltv-saendning\/#primaryimage\",\"url\":\"https:\/\/radarservice.eu\/wp-content\/uploads\/2020\/09\/NAVTY-P1-Bentley-1.jpeg\",\"contentUrl\":\"https:\/\/radarservice.eu\/wp-content\/uploads\/2020\/09\/NAVTY-P1-Bentley-1.jpeg\",\"width\":2048,\"height\":1353,\"caption\":\"Navty P1 Bentley\"},{\"@type\":\"BreadcrumbList\",\"@id\":\"https:\/\/radarservice.eu\/sv\/produkt\/radardetektorpaket-foer-rtl-spiegeltv-saendning\/#breadcrumb\",\"itemListElement\":[{\"@type\":\"ListItem\",\"position\":1,\"name\":\"Butik\",\"item\":\"https:\/\/radarservice.eu\/sv\/butik\/\"},{\"@type\":\"ListItem\",\"position\":2,\"name\":\"Radardetektorpaket f\u00f6r RTL SpiegelTV-s\u00e4ndning\"}]},{\"@type\":\"WebSite\",\"@id\":\"https:\/\/radarservice.eu\/sv\/#website\",\"url\":\"https:\/\/radarservice.eu\/sv\/\",\"name\":\"Radar Service\",\"description\":\"Radar detector Laser jammer mobile fix\",\"publisher\":{\"@id\":\"https:\/\/radarservice.eu\/sv\/#organization\"},\"potentialAction\":[{\"@type\":\"SearchAction\",\"target\":{\"@type\":\"EntryPoint\",\"urlTemplate\":\"https:\/\/radarservice.eu\/sv\/?s={search_term_string}\"},\"query-input\":{\"@type\":\"PropertyValueSpecification\",\"valueRequired\":true,\"valueName\":\"search_term_string\"}}],\"inLanguage\":\"sv-SE\"},{\"@type\":\"Organization\",\"@id\":\"https:\/\/radarservice.eu\/sv\/#organization\",\"name\":\"RadarService\",\"url\":\"https:\/\/radarservice.eu\/sv\/\",\"logo\":{\"@type\":\"ImageObject\",\"inLanguage\":\"sv-SE\",\"@id\":\"https:\/\/radarservice.eu\/sv\/#\/schema\/logo\/image\/\",\"url\":\"https:\/\/radarservice.eu\/wp-content\/uploads\/2021\/03\/Radar_detector_service.png\",\"contentUrl\":\"https:\/\/radarservice.eu\/wp-content\/uploads\/2021\/03\/Radar_detector_service.png\",\"width\":174,\"height\":48,\"caption\":\"RadarService\"},\"image\":{\"@id\":\"https:\/\/radarservice.eu\/sv\/#\/schema\/logo\/image\/\"}}]}<\/script>\n<!-- \/ Yoast SEO plugin. -->","yoast_head_json":{"title":"Radardetektorpaket f\u00f6r RTL SpiegelTV-s\u00e4ndning | Radar Service","description":"Runtom sorgl\u00f6st paket - mobil radarvarningsteknik f\u00f6r flexibel anv\u00e4ndning i flera fordon.","robots":{"index":"index","follow":"follow","max-snippet":"max-snippet:-1","max-image-preview":"max-image-preview:large","max-video-preview":"max-video-preview:-1"},"canonical":"https:\/\/radarservice.eu\/sv\/produkt\/radardetektorpaket-foer-rtl-spiegeltv-saendning\/","og_locale":"sv_SE","og_type":"article","og_title":"Radardetektorpaket f\u00f6r RTL SpiegelTV-s\u00e4ndning | Radar Service","og_description":"Runtom sorgl\u00f6st paket - mobil radarvarningsteknik f\u00f6r flexibel anv\u00e4ndning i flera fordon.","og_url":"https:\/\/radarservice.eu\/sv\/produkt\/radardetektorpaket-foer-rtl-spiegeltv-saendning\/","og_site_name":"Radar Service","og_image":[{"width":2048,"height":1353,"url":"https:\/\/radarservice.eu\/wp-content\/uploads\/2020\/09\/NAVTY-P1-Bentley-1.jpeg","type":"image\/jpeg"}],"twitter_card":"summary_large_image","twitter_misc":{"Ber\u00e4knad l\u00e4stid":"1 minut"},"schema":{"@context":"https:\/\/schema.org","@graph":[{"@type":"WebPage","@id":"https:\/\/radarservice.eu\/sv\/produkt\/radardetektorpaket-foer-rtl-spiegeltv-saendning\/","url":"https:\/\/radarservice.eu\/sv\/produkt\/radardetektorpaket-foer-rtl-spiegeltv-saendning\/","name":"Radardetektorpaket f\u00f6r RTL SpiegelTV-s\u00e4ndning | Radar Service","isPartOf":{"@id":"https:\/\/radarservice.eu\/sv\/#website"},"primaryImageOfPage":{"@id":"https:\/\/radarservice.eu\/sv\/produkt\/radardetektorpaket-foer-rtl-spiegeltv-saendning\/#primaryimage"},"image":{"@id":"https:\/\/radarservice.eu\/sv\/produkt\/radardetektorpaket-foer-rtl-spiegeltv-saendning\/#primaryimage"},"thumbnailUrl":"https:\/\/radarservice.eu\/wp-content\/uploads\/2020\/09\/NAVTY-P1-Bentley-1.jpeg","datePublished":"2021-05-14T08:27:48+00:00","description":"Runtom sorgl\u00f6st paket - mobil radarvarningsteknik f\u00f6r flexibel anv\u00e4ndning i flera fordon.","breadcrumb":{"@id":"https:\/\/radarservice.eu\/sv\/produkt\/radardetektorpaket-foer-rtl-spiegeltv-saendning\/#breadcrumb"},"inLanguage":"sv-SE","potentialAction":[{"@type":"ReadAction","target":["https:\/\/radarservice.eu\/sv\/produkt\/radardetektorpaket-foer-rtl-spiegeltv-saendning\/"]}]},{"@type":"ImageObject","inLanguage":"sv-SE","@id":"https:\/\/radarservice.eu\/sv\/produkt\/radardetektorpaket-foer-rtl-spiegeltv-saendning\/#primaryimage","url":"https:\/\/radarservice.eu\/wp-content\/uploads\/2020\/09\/NAVTY-P1-Bentley-1.jpeg","contentUrl":"https:\/\/radarservice.eu\/wp-content\/uploads\/2020\/09\/NAVTY-P1-Bentley-1.jpeg","width":2048,"height":1353,"caption":"Navty P1 Bentley"},{"@type":"BreadcrumbList","@id":"https:\/\/radarservice.eu\/sv\/produkt\/radardetektorpaket-foer-rtl-spiegeltv-saendning\/#breadcrumb","itemListElement":[{"@type":"ListItem","position":1,"name":"Butik","item":"https:\/\/radarservice.eu\/sv\/butik\/"},{"@type":"ListItem","position":2,"name":"Radardetektorpaket f\u00f6r RTL SpiegelTV-s\u00e4ndning"}]},{"@type":"WebSite","@id":"https:\/\/radarservice.eu\/sv\/#website","url":"https:\/\/radarservice.eu\/sv\/","name":"Radar Service","description":"Radar detector Laser jammer mobile fix","publisher":{"@id":"https:\/\/radarservice.eu\/sv\/#organization"},"potentialAction":[{"@type":"SearchAction","target":{"@type":"EntryPoint","urlTemplate":"https:\/\/radarservice.eu\/sv\/?s={search_term_string}"},"query-input":{"@type":"PropertyValueSpecification","valueRequired":true,"valueName":"search_term_string"}}],"inLanguage":"sv-SE"},{"@type":"Organization","@id":"https:\/\/radarservice.eu\/sv\/#organization","name":"RadarService","url":"https:\/\/radarservice.eu\/sv\/","logo":{"@type":"ImageObject","inLanguage":"sv-SE","@id":"https:\/\/radarservice.eu\/sv\/#\/schema\/logo\/image\/","url":"https:\/\/radarservice.eu\/wp-content\/uploads\/2021\/03\/Radar_detector_service.png","contentUrl":"https:\/\/radarservice.eu\/wp-content\/uploads\/2021\/03\/Radar_detector_service.png","width":174,"height":48,"caption":"RadarService"},"image":{"@id":"https:\/\/radarservice.eu\/sv\/#\/schema\/logo\/image\/"}}]}},"_links":{"self":[{"href":"https:\/\/radarservice.eu\/sv\/wp-json\/wp\/v2\/product\/15987","targetHints":{"allow":["GET"]}}],"collection":[{"href":"https:\/\/radarservice.eu\/sv\/wp-json\/wp\/v2\/product"}],"about":[{"href":"https:\/\/radarservice.eu\/sv\/wp-json\/wp\/v2\/types\/product"}],"replies":[{"embeddable":true,"href":"https:\/\/radarservice.eu\/sv\/wp-json\/wp\/v2\/comments?post=15987"}],"wp:featuredmedia":[{"embeddable":true,"href":"https:\/\/radarservice.eu\/sv\/wp-json\/wp\/v2\/media\/15990"}],"wp:attachment":[{"href":"https:\/\/radarservice.eu\/sv\/wp-json\/wp\/v2\/media?parent=15987"}],"wp:term":[{"taxonomy":"product_brand","embeddable":true,"href":"https:\/\/radarservice.eu\/sv\/wp-json\/wp\/v2\/product_brand?post=15987"},{"taxonomy":"product_cat","embeddable":true,"href":"https:\/\/radarservice.eu\/sv\/wp-json\/wp\/v2\/product_cat?post=15987"},{"taxonomy":"product_tag","embeddable":true,"href":"https:\/\/radarservice.eu\/sv\/wp-json\/wp\/v2\/product_tag?post=15987"}],"curies":[{"name":"wp","href":"https:\/\/api.w.org\/{rel}","templated":true}]}}