{"id":15982,"date":"2021-05-14T10:26:11","date_gmt":"2021-05-14T08:26:11","guid":{"rendered":"https:\/\/radarservice.eu\/produkt\/komplett-paket-foer-installation-av-avancerade-radardetektorer-genevo-assist-lasertrack-flare-eso-guard-pro\/"},"modified":"2026-04-22T20:11:41","modified_gmt":"2026-04-22T18:11:41","slug":"komplett-paket-foer-installation-av-avancerade-radardetektorer-genevo-assist-lasertrack-flare-eso-guard-pro","status":"publish","type":"product","link":"https:\/\/radarservice.eu\/sv\/produkt\/komplett-paket-foer-installation-av-avancerade-radardetektorer-genevo-assist-lasertrack-flare-eso-guard-pro\/","title":{"rendered":"Komplett paket f\u00f6r installation av avancerade radardetektorer (Genevo Assist | Lasertrack Flare | ESO Guard Pro)"},"content":{"rendered":"<p>Radardetektorpaketet har utformats f\u00f6r extern installation och best\u00e5r av de absolut b\u00e4sta enheterna och testvinnarna. Paketet skyddar dig till 100 % mot radarkontroller och laserm\u00e4tningar.<\/p>\n<p>.<\/p>\n<p>I olika tester i facktidningar och p\u00e5 TV kunde paketet \u00f6vertyga.<\/p>\n<p>Som radardetektor levereras en Genevo Assist Pro HDM f\u00f6r att skydda mot alla mobila radarm\u00e4tningar hastighetsberoende varning.<br \/>\nGenevo Assist Pro HDM uppn\u00e5r de b\u00e4sta resultaten f\u00f6r f\u00f6rvarning och uppt\u00e4cker \u00e4ven de nya MutaRadar (MRCD \/ MRCT \/ Moving) och Gasto (RT3 \/ RT4) farthinderna.<br \/>\nEn Lasertrack Flare med den senaste programvaran anv\u00e4nds f\u00f6r att skydda mot laserm\u00e4tningar. Lasertrack Flare installeras i en diskret registreringsskylth\u00e5llare och kan d\u00e4rf\u00f6r installeras osynligt.<br \/>\nESO Guard ljusbarri\u00e4rst\u00f6rare f\u00f6r f\u00f6rsvar av ESO 1.0- och ESO 3.0-m\u00e4tningssystem kompletterar det totala paketet och ger ett perfekt helhetsskydd.<\/p>\n<p>.<\/p>\n<p>Om du har n\u00e5gra fr\u00e5gor om konsulttj\u00e4nster eller konfiguration \u00e4r du v\u00e4lkommen att kontakta oss <a title=\"Inquiry form\" href=\"\/contact\" target=\"_blank\" rel=\"noopener noreferrer\">skrivet<\/a> eller per telefon (+49 (0)40 \/ 228 590 32).<\/p>\n<p><strong>\u00d6versikt:<\/strong><br \/>\n+ b\u00e4sta fasta radardetektor f\u00f6r Europa<br \/>\n+ den minsta, osynliga laserbl\u00e4ndaren<br \/>\n+ modul\u00e4r design<br \/>\n+ X-band<br \/>\n+ K-bandet<br \/>\n+ KA-band<br \/>\n+ MultaRadar (MRCD \/ MRCT \/ Moving)<br \/>\n+ Gatso (RT3 \/ RT4)<br \/>\n+ Varning av radarm\u00e4tningar<br \/>\n+ Varning f\u00f6r laserm\u00e4tningar<br \/>\n+ Varning f\u00f6r station\u00e4r radar<br \/>\n+ Varning f\u00f6r r\u00f6dljus\u00f6vervakning<br \/>\n+ Varning f\u00f6r sektionskontrollm\u00e4tningar<br \/>\n+ Kan anv\u00e4ndas som en laserbaserad parkeringsassistent<br \/>\n+ laservarning eller aktiv laserst\u00f6rning mot alla laserm\u00e4tningar<br \/>\n+ laglig drift som en ren parkeringsassistent aktiverbar<br \/>\n+ interferens ESO 3.0 ljusbarri\u00e4rer<br \/>\n+ tekniskt sett inte m\u00f6jlig att hitta<br \/>\n+ larmsignaler p\u00e5 tyska<br \/>\n+ l\u00e4mplig f\u00f6r anv\u00e4ndning i Europa<br \/>\n+ Konfigurering p\u00e5 PC eller b\u00e4rbar dator med tyskspr\u00e5kig konfigureringsprogramvara<br \/>\n+ EUROPA-databas f\u00f6r fasta fartkameror redan f\u00f6rinstallerad<\/p>\n<p><strong>Omfattning av leveransen:<\/strong><br \/>\n* Radarantenn Genevo Assist Pro HDM+<br \/>\n* Laserblocker Lasertrack Flare<br \/>\n* ESO Guard ljusbarri\u00e4rst\u00f6rare<br \/>\n* Kontrollmodul f\u00f6r radar- och lasermottagare<br \/>\n* GPS-mottagare (med SIRFIII-chipset med h\u00f6g mottagningseffekt)<br \/>\n* H\u00f6gtalare<br \/>\n* Kabelsatser, v\u00e4xlar med LED<br \/>\n* Monteringssats f\u00f6r att f\u00e4sta alla komponenter<\/p>\n<p>.<\/p>\n<p><strong>Anm\u00e4rkning:<\/strong> Det avancerade paketet b\u00f6r installeras professionellt i en verkstad. Vi hj\u00e4lper dig g\u00e4rna att hitta en l\u00e4mplig verkstad, kontakta oss <a title=\"F\u00f6rfr\u00e5gningsformul\u00e4r\" href=\"\/contact\" target=\"_blank\" rel=\"noopener noreferrer\">skrivet<\/a> eller per telefon (+49 (0)40 \/ 228 590 32).<\/p>\n","protected":false},"excerpt":{"rendered":"<p>Radardetektorns kompletta paket installeras osynligt i motorrummet. Alla enheter \u00e4r testvinnare och alla \u00e4r ledande n\u00e4r det g\u00e4ller uppt\u00e4ckt eller st\u00f6rning av hastighetsf\u00e4llor. Paketet skyddar dig till 100 % fr\u00e5n fartkameror och laserm\u00e4tningar och kan inte uppt\u00e4ckas av polisen.<\/p>\n","protected":false},"featured_media":15986,"comment_status":"open","ping_status":"closed","template":"","meta":[],"product_brand":[],"product_cat":[1755,1772],"product_tag":[1759,1760,1784,1762,1763,1766,1761,1767,1768,1765,1764],"class_list":{"0":"post-15982","1":"product","2":"type-product","3":"status-publish","4":"has-post-thumbnail","6":"product_cat-fast-monterade-radardetektorer","7":"product_cat-rekommenderade-kompletta-paket","8":"product_tag-europa-sv","9":"product_tag-fast-installation","10":"product_tag-fast-radardetektor","11":"product_tag-genevo-sv","12":"product_tag-genevo-assist-sv","13":"product_tag-genevo-assist-hdm-sv","14":"product_tag-genevo-ff-sv","15":"product_tag-genevo-pro-sv","16":"product_tag-genevo-pro-hdm-sv","17":"product_tag-hamburg-sv","18":"product_tag-installationstjanst","20":"first","21":"instock","22":"sale","23":"taxable","24":"shipping-taxable","25":"purchasable","26":"product-type-simple"},"yoast_head":"<!-- This site is optimized with the Yoast SEO plugin v27.2 - https:\/\/yoast.com\/product\/yoast-seo-wordpress\/ -->\n<title>Installationspaket f\u00f6r radardetektorer Genevo Assist | Lasertrack Flare | ESO Guard<\/title>\n<meta name=\"description\" content=\"H\u00f6gklassigt installationspaket f\u00f6r radardetektorer - 100 % skydd mot fartkameror och laserm\u00e4tningar i Europa.\" \/>\n<meta name=\"robots\" content=\"index, follow, max-snippet:-1, max-image-preview:large, max-video-preview:-1\" \/>\n<link rel=\"canonical\" href=\"https:\/\/radarservice.eu\/sv\/produkt\/komplett-paket-foer-installation-av-avancerade-radardetektorer-genevo-assist-lasertrack-flare-eso-guard-pro\/\" \/>\n<meta property=\"og:locale\" content=\"sv_SE\" \/>\n<meta property=\"og:type\" content=\"article\" \/>\n<meta property=\"og:title\" content=\"Installationspaket f\u00f6r radardetektorer Genevo Assist | Lasertrack Flare | ESO Guard\" \/>\n<meta property=\"og:description\" content=\"H\u00f6gklassigt installationspaket f\u00f6r radardetektorer - 100 % skydd mot fartkameror och laserm\u00e4tningar i Europa.\" \/>\n<meta property=\"og:url\" content=\"https:\/\/radarservice.eu\/sv\/produkt\/komplett-paket-foer-installation-av-avancerade-radardetektorer-genevo-assist-lasertrack-flare-eso-guard-pro\/\" \/>\n<meta property=\"og:site_name\" content=\"Radar Service\" \/>\n<meta property=\"article:modified_time\" content=\"2026-04-22T18:11:41+00:00\" \/>\n<meta property=\"og:image\" content=\"https:\/\/radarservice.eu\/wp-content\/uploads\/2019\/07\/RD8000_Audi_A6.jpg\" \/>\n\t<meta property=\"og:image:width\" content=\"800\" \/>\n\t<meta property=\"og:image:height\" content=\"600\" \/>\n\t<meta property=\"og:image:type\" content=\"image\/jpeg\" \/>\n<meta name=\"twitter:card\" content=\"summary_large_image\" \/>\n<meta name=\"twitter:label1\" content=\"Ber\u00e4knad l\u00e4stid\" \/>\n\t<meta name=\"twitter:data1\" content=\"2 minuter\" \/>\n<script type=\"application\/ld+json\" class=\"yoast-schema-graph\">{\"@context\":\"https:\/\/schema.org\",\"@graph\":[{\"@type\":\"WebPage\",\"@id\":\"https:\/\/radarservice.eu\/sv\/produkt\/komplett-paket-foer-installation-av-avancerade-radardetektorer-genevo-assist-lasertrack-flare-eso-guard-pro\/\",\"url\":\"https:\/\/radarservice.eu\/sv\/produkt\/komplett-paket-foer-installation-av-avancerade-radardetektorer-genevo-assist-lasertrack-flare-eso-guard-pro\/\",\"name\":\"Installationspaket f\u00f6r radardetektorer Genevo Assist | Lasertrack Flare | ESO Guard\",\"isPartOf\":{\"@id\":\"https:\/\/radarservice.eu\/sv\/#website\"},\"primaryImageOfPage\":{\"@id\":\"https:\/\/radarservice.eu\/sv\/produkt\/komplett-paket-foer-installation-av-avancerade-radardetektorer-genevo-assist-lasertrack-flare-eso-guard-pro\/#primaryimage\"},\"image\":{\"@id\":\"https:\/\/radarservice.eu\/sv\/produkt\/komplett-paket-foer-installation-av-avancerade-radardetektorer-genevo-assist-lasertrack-flare-eso-guard-pro\/#primaryimage\"},\"thumbnailUrl\":\"https:\/\/radarservice.eu\/wp-content\/uploads\/2019\/07\/RD8000_Audi_A6.jpg\",\"datePublished\":\"2021-05-14T08:26:11+00:00\",\"dateModified\":\"2026-04-22T18:11:41+00:00\",\"description\":\"H\u00f6gklassigt installationspaket f\u00f6r radardetektorer - 100 % skydd mot fartkameror och laserm\u00e4tningar i Europa.\",\"breadcrumb\":{\"@id\":\"https:\/\/radarservice.eu\/sv\/produkt\/komplett-paket-foer-installation-av-avancerade-radardetektorer-genevo-assist-lasertrack-flare-eso-guard-pro\/#breadcrumb\"},\"inLanguage\":\"sv-SE\",\"potentialAction\":[{\"@type\":\"ReadAction\",\"target\":[\"https:\/\/radarservice.eu\/sv\/produkt\/komplett-paket-foer-installation-av-avancerade-radardetektorer-genevo-assist-lasertrack-flare-eso-guard-pro\/\"]}]},{\"@type\":\"ImageObject\",\"inLanguage\":\"sv-SE\",\"@id\":\"https:\/\/radarservice.eu\/sv\/produkt\/komplett-paket-foer-installation-av-avancerade-radardetektorer-genevo-assist-lasertrack-flare-eso-guard-pro\/#primaryimage\",\"url\":\"https:\/\/radarservice.eu\/wp-content\/uploads\/2019\/07\/RD8000_Audi_A6.jpg\",\"contentUrl\":\"https:\/\/radarservice.eu\/wp-content\/uploads\/2019\/07\/RD8000_Audi_A6.jpg\",\"width\":800,\"height\":600,\"caption\":\"Radardetektor med h\u00f6g kvalitet\"},{\"@type\":\"BreadcrumbList\",\"@id\":\"https:\/\/radarservice.eu\/sv\/produkt\/komplett-paket-foer-installation-av-avancerade-radardetektorer-genevo-assist-lasertrack-flare-eso-guard-pro\/#breadcrumb\",\"itemListElement\":[{\"@type\":\"ListItem\",\"position\":1,\"name\":\"Butik\",\"item\":\"https:\/\/radarservice.eu\/sv\/butik\/\"},{\"@type\":\"ListItem\",\"position\":2,\"name\":\"Komplett paket f\u00f6r installation av avancerade radardetektorer (Genevo Assist | Lasertrack Flare | ESO Guard Pro)\"}]},{\"@type\":\"WebSite\",\"@id\":\"https:\/\/radarservice.eu\/sv\/#website\",\"url\":\"https:\/\/radarservice.eu\/sv\/\",\"name\":\"Radar Service\",\"description\":\"Radar detector Laser jammer mobile fix\",\"publisher\":{\"@id\":\"https:\/\/radarservice.eu\/sv\/#organization\"},\"potentialAction\":[{\"@type\":\"SearchAction\",\"target\":{\"@type\":\"EntryPoint\",\"urlTemplate\":\"https:\/\/radarservice.eu\/sv\/?s={search_term_string}\"},\"query-input\":{\"@type\":\"PropertyValueSpecification\",\"valueRequired\":true,\"valueName\":\"search_term_string\"}}],\"inLanguage\":\"sv-SE\"},{\"@type\":\"Organization\",\"@id\":\"https:\/\/radarservice.eu\/sv\/#organization\",\"name\":\"RadarService\",\"url\":\"https:\/\/radarservice.eu\/sv\/\",\"logo\":{\"@type\":\"ImageObject\",\"inLanguage\":\"sv-SE\",\"@id\":\"https:\/\/radarservice.eu\/sv\/#\/schema\/logo\/image\/\",\"url\":\"https:\/\/radarservice.eu\/wp-content\/uploads\/2021\/03\/Radar_detector_service.png\",\"contentUrl\":\"https:\/\/radarservice.eu\/wp-content\/uploads\/2021\/03\/Radar_detector_service.png\",\"width\":174,\"height\":48,\"caption\":\"RadarService\"},\"image\":{\"@id\":\"https:\/\/radarservice.eu\/sv\/#\/schema\/logo\/image\/\"}}]}<\/script>\n<!-- \/ Yoast SEO plugin. -->","yoast_head_json":{"title":"Installationspaket f\u00f6r radardetektorer Genevo Assist | Lasertrack Flare | ESO Guard","description":"H\u00f6gklassigt installationspaket f\u00f6r radardetektorer - 100 % skydd mot fartkameror och laserm\u00e4tningar i Europa.","robots":{"index":"index","follow":"follow","max-snippet":"max-snippet:-1","max-image-preview":"max-image-preview:large","max-video-preview":"max-video-preview:-1"},"canonical":"https:\/\/radarservice.eu\/sv\/produkt\/komplett-paket-foer-installation-av-avancerade-radardetektorer-genevo-assist-lasertrack-flare-eso-guard-pro\/","og_locale":"sv_SE","og_type":"article","og_title":"Installationspaket f\u00f6r radardetektorer Genevo Assist | Lasertrack Flare | ESO Guard","og_description":"H\u00f6gklassigt installationspaket f\u00f6r radardetektorer - 100 % skydd mot fartkameror och laserm\u00e4tningar i Europa.","og_url":"https:\/\/radarservice.eu\/sv\/produkt\/komplett-paket-foer-installation-av-avancerade-radardetektorer-genevo-assist-lasertrack-flare-eso-guard-pro\/","og_site_name":"Radar Service","article_modified_time":"2026-04-22T18:11:41+00:00","og_image":[{"width":800,"height":600,"url":"https:\/\/radarservice.eu\/wp-content\/uploads\/2019\/07\/RD8000_Audi_A6.jpg","type":"image\/jpeg"}],"twitter_card":"summary_large_image","twitter_misc":{"Ber\u00e4knad l\u00e4stid":"2 minuter"},"schema":{"@context":"https:\/\/schema.org","@graph":[{"@type":"WebPage","@id":"https:\/\/radarservice.eu\/sv\/produkt\/komplett-paket-foer-installation-av-avancerade-radardetektorer-genevo-assist-lasertrack-flare-eso-guard-pro\/","url":"https:\/\/radarservice.eu\/sv\/produkt\/komplett-paket-foer-installation-av-avancerade-radardetektorer-genevo-assist-lasertrack-flare-eso-guard-pro\/","name":"Installationspaket f\u00f6r radardetektorer Genevo Assist | Lasertrack Flare | ESO Guard","isPartOf":{"@id":"https:\/\/radarservice.eu\/sv\/#website"},"primaryImageOfPage":{"@id":"https:\/\/radarservice.eu\/sv\/produkt\/komplett-paket-foer-installation-av-avancerade-radardetektorer-genevo-assist-lasertrack-flare-eso-guard-pro\/#primaryimage"},"image":{"@id":"https:\/\/radarservice.eu\/sv\/produkt\/komplett-paket-foer-installation-av-avancerade-radardetektorer-genevo-assist-lasertrack-flare-eso-guard-pro\/#primaryimage"},"thumbnailUrl":"https:\/\/radarservice.eu\/wp-content\/uploads\/2019\/07\/RD8000_Audi_A6.jpg","datePublished":"2021-05-14T08:26:11+00:00","dateModified":"2026-04-22T18:11:41+00:00","description":"H\u00f6gklassigt installationspaket f\u00f6r radardetektorer - 100 % skydd mot fartkameror och laserm\u00e4tningar i Europa.","breadcrumb":{"@id":"https:\/\/radarservice.eu\/sv\/produkt\/komplett-paket-foer-installation-av-avancerade-radardetektorer-genevo-assist-lasertrack-flare-eso-guard-pro\/#breadcrumb"},"inLanguage":"sv-SE","potentialAction":[{"@type":"ReadAction","target":["https:\/\/radarservice.eu\/sv\/produkt\/komplett-paket-foer-installation-av-avancerade-radardetektorer-genevo-assist-lasertrack-flare-eso-guard-pro\/"]}]},{"@type":"ImageObject","inLanguage":"sv-SE","@id":"https:\/\/radarservice.eu\/sv\/produkt\/komplett-paket-foer-installation-av-avancerade-radardetektorer-genevo-assist-lasertrack-flare-eso-guard-pro\/#primaryimage","url":"https:\/\/radarservice.eu\/wp-content\/uploads\/2019\/07\/RD8000_Audi_A6.jpg","contentUrl":"https:\/\/radarservice.eu\/wp-content\/uploads\/2019\/07\/RD8000_Audi_A6.jpg","width":800,"height":600,"caption":"Radardetektor med h\u00f6g kvalitet"},{"@type":"BreadcrumbList","@id":"https:\/\/radarservice.eu\/sv\/produkt\/komplett-paket-foer-installation-av-avancerade-radardetektorer-genevo-assist-lasertrack-flare-eso-guard-pro\/#breadcrumb","itemListElement":[{"@type":"ListItem","position":1,"name":"Butik","item":"https:\/\/radarservice.eu\/sv\/butik\/"},{"@type":"ListItem","position":2,"name":"Komplett paket f\u00f6r installation av avancerade radardetektorer (Genevo Assist | Lasertrack Flare | ESO Guard Pro)"}]},{"@type":"WebSite","@id":"https:\/\/radarservice.eu\/sv\/#website","url":"https:\/\/radarservice.eu\/sv\/","name":"Radar Service","description":"Radar detector Laser jammer mobile fix","publisher":{"@id":"https:\/\/radarservice.eu\/sv\/#organization"},"potentialAction":[{"@type":"SearchAction","target":{"@type":"EntryPoint","urlTemplate":"https:\/\/radarservice.eu\/sv\/?s={search_term_string}"},"query-input":{"@type":"PropertyValueSpecification","valueRequired":true,"valueName":"search_term_string"}}],"inLanguage":"sv-SE"},{"@type":"Organization","@id":"https:\/\/radarservice.eu\/sv\/#organization","name":"RadarService","url":"https:\/\/radarservice.eu\/sv\/","logo":{"@type":"ImageObject","inLanguage":"sv-SE","@id":"https:\/\/radarservice.eu\/sv\/#\/schema\/logo\/image\/","url":"https:\/\/radarservice.eu\/wp-content\/uploads\/2021\/03\/Radar_detector_service.png","contentUrl":"https:\/\/radarservice.eu\/wp-content\/uploads\/2021\/03\/Radar_detector_service.png","width":174,"height":48,"caption":"RadarService"},"image":{"@id":"https:\/\/radarservice.eu\/sv\/#\/schema\/logo\/image\/"}}]}},"_links":{"self":[{"href":"https:\/\/radarservice.eu\/sv\/wp-json\/wp\/v2\/product\/15982","targetHints":{"allow":["GET"]}}],"collection":[{"href":"https:\/\/radarservice.eu\/sv\/wp-json\/wp\/v2\/product"}],"about":[{"href":"https:\/\/radarservice.eu\/sv\/wp-json\/wp\/v2\/types\/product"}],"replies":[{"embeddable":true,"href":"https:\/\/radarservice.eu\/sv\/wp-json\/wp\/v2\/comments?post=15982"}],"wp:featuredmedia":[{"embeddable":true,"href":"https:\/\/radarservice.eu\/sv\/wp-json\/wp\/v2\/media\/15986"}],"wp:attachment":[{"href":"https:\/\/radarservice.eu\/sv\/wp-json\/wp\/v2\/media?parent=15982"}],"wp:term":[{"taxonomy":"product_brand","embeddable":true,"href":"https:\/\/radarservice.eu\/sv\/wp-json\/wp\/v2\/product_brand?post=15982"},{"taxonomy":"product_cat","embeddable":true,"href":"https:\/\/radarservice.eu\/sv\/wp-json\/wp\/v2\/product_cat?post=15982"},{"taxonomy":"product_tag","embeddable":true,"href":"https:\/\/radarservice.eu\/sv\/wp-json\/wp\/v2\/product_tag?post=15982"}],"curies":[{"name":"wp","href":"https:\/\/api.w.org\/{rel}","templated":true}]}}