{"id":15978,"date":"2021-05-14T10:23:56","date_gmt":"2021-05-14T08:23:56","guid":{"rendered":"https:\/\/radarservice.eu\/produkt\/genevo-assist-pro-hdm-fast-radardetektor\/"},"modified":"2025-06-22T05:10:26","modified_gmt":"2025-06-22T03:10:26","slug":"genevo-assist-pro-hdm-fast-radardetektor","status":"publish","type":"product","link":"https:\/\/radarservice.eu\/sv\/produkt\/genevo-assist-pro-hdm-fast-radardetektor\/","title":{"rendered":"Genevo Assist Pro HDM+ fast radardetektor"},"content":{"rendered":"<p>Den fasta radardetektorn Genevo Assist HDM+ \u00e4r f\u00f6r n\u00e4rvarande den b\u00e4sta avancerade inbyggda enheten f\u00f6r den europeiska marknaden. Tack vare den modul\u00e4ra konstruktionen \u00e4r det m\u00f6jligt att ut\u00f6ka systemet vid ett senare tillf\u00e4lle.<\/p>\n<p>B\u00e4sta resultat f\u00f6re larm med minimal andel falska larm g\u00f6r Genevo Assist HDM+ till den absoluta toppen av alla fasta radardetektorer.<br \/>.<br \/>\nGenevo \u00e4r en specialutveckling f\u00f6r anv\u00e4ndning i europeiska l\u00e4nder.<br \/>\nDen magnetiska displayen och kontrollenheten kan tas bort n\u00e4r som helst. Detta inaktiverar genavassistansen omedelbart. Detta rekommenderas s\u00e4rskilt f\u00f6r bost\u00e4der n\u00e4ra gr\u00e4nsen eller f\u00f6r frekventa gr\u00e4ns\u00f6verg\u00e5ngar med motsvarande kontroller.<\/p>\n<p>.<\/p>\n<p>Inst\u00e4llningsm\u00f6jligheterna i Genevo Assist \u00e4r o\u00f6vertr\u00e4ffade i sin m\u00e5ngfald. Men det \u00e4r ocks\u00e5 m\u00f6jligt f\u00f6r nyb\u00f6rjare att enkelt anpassa inst\u00e4llningarna till sina egna behov. En speciellt utvecklad programvara g\u00f6r det m\u00f6jligt att konfigurera den bekv\u00e4mt p\u00e5 en dator eller b\u00e4rbar dator hemma.<\/p>\n<p>.<\/p>\n<p>Varningarna ges antingen med tyska r\u00f6stmeddelanden eller med ett enkelt pip. POI-databasen i Genevo Assist \u00e4r f\u00f6rinstallerad gratis och varnar dig f\u00f6r fasta hastighets- och r\u00f6dljus\u00f6vervakningssystem i hela Europa.<\/p>\n<p>Den POI-databasen i Genevo Assist \u00e4r f\u00f6rinstallerad gratis och varnar dig f\u00f6r fasta hastighets- och r\u00f6dljus\u00f6vervakningssystem i hela Europa.<\/p>\n<p>Om du har n\u00e5gra fr\u00e5gor om r\u00e5dgivning eller konfiguration \u00e4r du v\u00e4lkommen att kontakta oss <a title=\"Inquiry form\" href=\"\/contact\" target=\"_blank\" rel=\"noopener noreferrer\">skrivet<\/a> eller per telefon (+49 (0)40 \/ 228 590 32).<\/p>\n<p><strong>\u00d6versikt:<\/strong><br \/>\n+ b\u00e4sta fasta radardetektor f\u00f6r Europa<br \/>\n+ modul\u00e4r design<br \/>\n+ X-band<br \/>\n+ K-bandet<br \/>\n+ KA-band<br \/>\n+ MultaRadar (MRCD \/ MRCT \/ Moving)<br \/>\n+ Gatso (RT3 \/ RT4)<br \/>\n+ Varning f\u00f6r laserm\u00e4tningar<br \/>\n+ Varning f\u00f6r station\u00e4r radar<br \/>\n+ Varning f\u00f6r r\u00f6dljus\u00f6vervakning<br \/>\n+ Varning f\u00f6r sektionskontrollm\u00e4tningar<br \/>\n+ larmsignaler p\u00e5 tyska<br \/>\n+ L\u00e4mplig f\u00f6r anv\u00e4ndning i Europa<br \/>\n+ Konfigurering p\u00e5 PC eller b\u00e4rbar dator med tyskspr\u00e5kig konfigureringsprogramvara<br \/>\n+ EUROPA-databas f\u00f6r fasta fartkameror redan f\u00f6rinstallerad<\/p>\n<p><strong>Omfattning av leveransen:<\/strong><br \/>\n* Genevo HDM+ radarantenn<br \/>\n* Kontrollmodul f\u00f6r radar- och lasermottagare<br \/>.<br \/>\n* GPS-mottagare (med SIRFIII-chipset med h\u00f6g mottagningseffekt)<br \/>\n* H\u00f6gtalare<br \/>\n* Monteringssats f\u00f6r att f\u00e4sta alla komponenter<\/p>\n","protected":false},"excerpt":{"rendered":"<p>Genevo Assist Pro HDM+ fast radardetektor \u00e4r en av de b\u00e4sta avancerade radardetektorerna f\u00f6r anv\u00e4ndning i Europa. Den varnar ocks\u00e5 p\u00e5 ett tillf\u00f6rlitligt s\u00e4tt f\u00f6r de nya MultaRadar-hastighetsf\u00e4llorna (MRCD \/ MRCT \/ Moving).<\/p>\n","protected":false},"featured_media":15967,"comment_status":"open","ping_status":"closed","template":"","meta":[],"product_brand":[],"product_cat":[1755,1756,1757],"product_tag":[1759,1760,1762,1763,1766,1761,1767,1768,1765,1764,1758],"class_list":{"0":"post-15978","1":"product","2":"type-product","3":"status-publish","4":"has-post-thumbnail","6":"product_cat-fast-monterade-radardetektorer","7":"product_cat-genevo-sv","8":"product_cat-rekommenderade-radardetektorer","9":"product_tag-europa-sv","10":"product_tag-fast-installation","11":"product_tag-genevo-sv","12":"product_tag-genevo-assist-sv","13":"product_tag-genevo-assist-hdm-sv","14":"product_tag-genevo-ff-sv","15":"product_tag-genevo-pro-sv","16":"product_tag-genevo-pro-hdm-sv","17":"product_tag-hamburg-sv","18":"product_tag-installationstjanst","19":"product_tag-radardetektor","21":"first","22":"instock","23":"sale","24":"taxable","25":"shipping-taxable","26":"purchasable","27":"product-type-variable","28":"has-default-attributes"},"yoast_head":"<!-- This site is optimized with the Yoast SEO plugin v27.2 - https:\/\/yoast.com\/product\/yoast-seo-wordpress\/ -->\n<title>Genevo Assist Pro HDM+ fast radardetektor<\/title>\n<meta name=\"description\" content=\"Genevo Assist Pro HDM+ fast radarvarnare \u00e4r f\u00f6r n\u00e4rvarande den b\u00e4sta avancerade kompletta l\u00f6sningen med MultaRadar- och Gatso-varning.\" \/>\n<meta name=\"robots\" content=\"index, follow, max-snippet:-1, max-image-preview:large, max-video-preview:-1\" \/>\n<link rel=\"canonical\" href=\"https:\/\/radarservice.eu\/sv\/produkt\/genevo-assist-pro-hdm-fast-radardetektor\/\" \/>\n<meta property=\"og:locale\" content=\"sv_SE\" \/>\n<meta property=\"og:type\" content=\"article\" \/>\n<meta property=\"og:title\" content=\"Genevo Assist Pro HDM+ fast radardetektor\" \/>\n<meta property=\"og:description\" content=\"Genevo Assist Pro HDM+ fast radarvarnare \u00e4r f\u00f6r n\u00e4rvarande den b\u00e4sta avancerade kompletta l\u00f6sningen med MultaRadar- och Gatso-varning.\" \/>\n<meta property=\"og:url\" content=\"https:\/\/radarservice.eu\/sv\/produkt\/genevo-assist-pro-hdm-fast-radardetektor\/\" \/>\n<meta property=\"og:site_name\" content=\"Radar Service\" \/>\n<meta property=\"article:modified_time\" content=\"2025-06-22T03:10:26+00:00\" \/>\n<meta property=\"og:image\" content=\"https:\/\/radarservice.eu\/wp-content\/uploads\/2020\/09\/Genevo-Assist-Pro-HDM-Verpackung.jpg\" \/>\n\t<meta property=\"og:image:width\" content=\"1600\" \/>\n\t<meta property=\"og:image:height\" content=\"1049\" \/>\n\t<meta property=\"og:image:type\" content=\"image\/jpeg\" \/>\n<meta name=\"twitter:card\" content=\"summary_large_image\" \/>\n<meta name=\"twitter:label1\" content=\"Ber\u00e4knad l\u00e4stid\" \/>\n\t<meta name=\"twitter:data1\" content=\"2 minuter\" \/>\n<script type=\"application\/ld+json\" class=\"yoast-schema-graph\">{\"@context\":\"https:\/\/schema.org\",\"@graph\":[{\"@type\":\"WebPage\",\"@id\":\"https:\/\/radarservice.eu\/sv\/produkt\/genevo-assist-pro-hdm-fast-radardetektor\/\",\"url\":\"https:\/\/radarservice.eu\/sv\/produkt\/genevo-assist-pro-hdm-fast-radardetektor\/\",\"name\":\"Genevo Assist Pro HDM+ fast radardetektor\",\"isPartOf\":{\"@id\":\"https:\/\/radarservice.eu\/sv\/#website\"},\"primaryImageOfPage\":{\"@id\":\"https:\/\/radarservice.eu\/sv\/produkt\/genevo-assist-pro-hdm-fast-radardetektor\/#primaryimage\"},\"image\":{\"@id\":\"https:\/\/radarservice.eu\/sv\/produkt\/genevo-assist-pro-hdm-fast-radardetektor\/#primaryimage\"},\"thumbnailUrl\":\"https:\/\/radarservice.eu\/wp-content\/uploads\/2020\/09\/Genevo-Assist-Pro-HDM-Verpackung.jpg\",\"datePublished\":\"2021-05-14T08:23:56+00:00\",\"dateModified\":\"2025-06-22T03:10:26+00:00\",\"description\":\"Genevo Assist Pro HDM+ fast radarvarnare \u00e4r f\u00f6r n\u00e4rvarande den b\u00e4sta avancerade kompletta l\u00f6sningen med MultaRadar- och Gatso-varning.\",\"breadcrumb\":{\"@id\":\"https:\/\/radarservice.eu\/sv\/produkt\/genevo-assist-pro-hdm-fast-radardetektor\/#breadcrumb\"},\"inLanguage\":\"sv-SE\",\"potentialAction\":[{\"@type\":\"ReadAction\",\"target\":[\"https:\/\/radarservice.eu\/sv\/produkt\/genevo-assist-pro-hdm-fast-radardetektor\/\"]}]},{\"@type\":\"ImageObject\",\"inLanguage\":\"sv-SE\",\"@id\":\"https:\/\/radarservice.eu\/sv\/produkt\/genevo-assist-pro-hdm-fast-radardetektor\/#primaryimage\",\"url\":\"https:\/\/radarservice.eu\/wp-content\/uploads\/2020\/09\/Genevo-Assist-Pro-HDM-Verpackung.jpg\",\"contentUrl\":\"https:\/\/radarservice.eu\/wp-content\/uploads\/2020\/09\/Genevo-Assist-Pro-HDM-Verpackung.jpg\",\"width\":1600,\"height\":1049,\"caption\":\"Genevo Assist Pro HDM F\u00f6rpackning\"},{\"@type\":\"BreadcrumbList\",\"@id\":\"https:\/\/radarservice.eu\/sv\/produkt\/genevo-assist-pro-hdm-fast-radardetektor\/#breadcrumb\",\"itemListElement\":[{\"@type\":\"ListItem\",\"position\":1,\"name\":\"Butik\",\"item\":\"https:\/\/radarservice.eu\/sv\/butik\/\"},{\"@type\":\"ListItem\",\"position\":2,\"name\":\"Genevo Assist Pro HDM+ fast radardetektor\"}]},{\"@type\":\"WebSite\",\"@id\":\"https:\/\/radarservice.eu\/sv\/#website\",\"url\":\"https:\/\/radarservice.eu\/sv\/\",\"name\":\"Radar Service\",\"description\":\"Radar detector Laser jammer mobile fix\",\"publisher\":{\"@id\":\"https:\/\/radarservice.eu\/sv\/#organization\"},\"potentialAction\":[{\"@type\":\"SearchAction\",\"target\":{\"@type\":\"EntryPoint\",\"urlTemplate\":\"https:\/\/radarservice.eu\/sv\/?s={search_term_string}\"},\"query-input\":{\"@type\":\"PropertyValueSpecification\",\"valueRequired\":true,\"valueName\":\"search_term_string\"}}],\"inLanguage\":\"sv-SE\"},{\"@type\":\"Organization\",\"@id\":\"https:\/\/radarservice.eu\/sv\/#organization\",\"name\":\"RadarService\",\"url\":\"https:\/\/radarservice.eu\/sv\/\",\"logo\":{\"@type\":\"ImageObject\",\"inLanguage\":\"sv-SE\",\"@id\":\"https:\/\/radarservice.eu\/sv\/#\/schema\/logo\/image\/\",\"url\":\"https:\/\/radarservice.eu\/wp-content\/uploads\/2021\/03\/Radar_detector_service.png\",\"contentUrl\":\"https:\/\/radarservice.eu\/wp-content\/uploads\/2021\/03\/Radar_detector_service.png\",\"width\":174,\"height\":48,\"caption\":\"RadarService\"},\"image\":{\"@id\":\"https:\/\/radarservice.eu\/sv\/#\/schema\/logo\/image\/\"}}]}<\/script>\n<!-- \/ Yoast SEO plugin. -->","yoast_head_json":{"title":"Genevo Assist Pro HDM+ fast radardetektor","description":"Genevo Assist Pro HDM+ fast radarvarnare \u00e4r f\u00f6r n\u00e4rvarande den b\u00e4sta avancerade kompletta l\u00f6sningen med MultaRadar- och Gatso-varning.","robots":{"index":"index","follow":"follow","max-snippet":"max-snippet:-1","max-image-preview":"max-image-preview:large","max-video-preview":"max-video-preview:-1"},"canonical":"https:\/\/radarservice.eu\/sv\/produkt\/genevo-assist-pro-hdm-fast-radardetektor\/","og_locale":"sv_SE","og_type":"article","og_title":"Genevo Assist Pro HDM+ fast radardetektor","og_description":"Genevo Assist Pro HDM+ fast radarvarnare \u00e4r f\u00f6r n\u00e4rvarande den b\u00e4sta avancerade kompletta l\u00f6sningen med MultaRadar- och Gatso-varning.","og_url":"https:\/\/radarservice.eu\/sv\/produkt\/genevo-assist-pro-hdm-fast-radardetektor\/","og_site_name":"Radar Service","article_modified_time":"2025-06-22T03:10:26+00:00","og_image":[{"width":1600,"height":1049,"url":"https:\/\/radarservice.eu\/wp-content\/uploads\/2020\/09\/Genevo-Assist-Pro-HDM-Verpackung.jpg","type":"image\/jpeg"}],"twitter_card":"summary_large_image","twitter_misc":{"Ber\u00e4knad l\u00e4stid":"2 minuter"},"schema":{"@context":"https:\/\/schema.org","@graph":[{"@type":"WebPage","@id":"https:\/\/radarservice.eu\/sv\/produkt\/genevo-assist-pro-hdm-fast-radardetektor\/","url":"https:\/\/radarservice.eu\/sv\/produkt\/genevo-assist-pro-hdm-fast-radardetektor\/","name":"Genevo Assist Pro HDM+ fast radardetektor","isPartOf":{"@id":"https:\/\/radarservice.eu\/sv\/#website"},"primaryImageOfPage":{"@id":"https:\/\/radarservice.eu\/sv\/produkt\/genevo-assist-pro-hdm-fast-radardetektor\/#primaryimage"},"image":{"@id":"https:\/\/radarservice.eu\/sv\/produkt\/genevo-assist-pro-hdm-fast-radardetektor\/#primaryimage"},"thumbnailUrl":"https:\/\/radarservice.eu\/wp-content\/uploads\/2020\/09\/Genevo-Assist-Pro-HDM-Verpackung.jpg","datePublished":"2021-05-14T08:23:56+00:00","dateModified":"2025-06-22T03:10:26+00:00","description":"Genevo Assist Pro HDM+ fast radarvarnare \u00e4r f\u00f6r n\u00e4rvarande den b\u00e4sta avancerade kompletta l\u00f6sningen med MultaRadar- och Gatso-varning.","breadcrumb":{"@id":"https:\/\/radarservice.eu\/sv\/produkt\/genevo-assist-pro-hdm-fast-radardetektor\/#breadcrumb"},"inLanguage":"sv-SE","potentialAction":[{"@type":"ReadAction","target":["https:\/\/radarservice.eu\/sv\/produkt\/genevo-assist-pro-hdm-fast-radardetektor\/"]}]},{"@type":"ImageObject","inLanguage":"sv-SE","@id":"https:\/\/radarservice.eu\/sv\/produkt\/genevo-assist-pro-hdm-fast-radardetektor\/#primaryimage","url":"https:\/\/radarservice.eu\/wp-content\/uploads\/2020\/09\/Genevo-Assist-Pro-HDM-Verpackung.jpg","contentUrl":"https:\/\/radarservice.eu\/wp-content\/uploads\/2020\/09\/Genevo-Assist-Pro-HDM-Verpackung.jpg","width":1600,"height":1049,"caption":"Genevo Assist Pro HDM F\u00f6rpackning"},{"@type":"BreadcrumbList","@id":"https:\/\/radarservice.eu\/sv\/produkt\/genevo-assist-pro-hdm-fast-radardetektor\/#breadcrumb","itemListElement":[{"@type":"ListItem","position":1,"name":"Butik","item":"https:\/\/radarservice.eu\/sv\/butik\/"},{"@type":"ListItem","position":2,"name":"Genevo Assist Pro HDM+ fast radardetektor"}]},{"@type":"WebSite","@id":"https:\/\/radarservice.eu\/sv\/#website","url":"https:\/\/radarservice.eu\/sv\/","name":"Radar Service","description":"Radar detector Laser jammer mobile fix","publisher":{"@id":"https:\/\/radarservice.eu\/sv\/#organization"},"potentialAction":[{"@type":"SearchAction","target":{"@type":"EntryPoint","urlTemplate":"https:\/\/radarservice.eu\/sv\/?s={search_term_string}"},"query-input":{"@type":"PropertyValueSpecification","valueRequired":true,"valueName":"search_term_string"}}],"inLanguage":"sv-SE"},{"@type":"Organization","@id":"https:\/\/radarservice.eu\/sv\/#organization","name":"RadarService","url":"https:\/\/radarservice.eu\/sv\/","logo":{"@type":"ImageObject","inLanguage":"sv-SE","@id":"https:\/\/radarservice.eu\/sv\/#\/schema\/logo\/image\/","url":"https:\/\/radarservice.eu\/wp-content\/uploads\/2021\/03\/Radar_detector_service.png","contentUrl":"https:\/\/radarservice.eu\/wp-content\/uploads\/2021\/03\/Radar_detector_service.png","width":174,"height":48,"caption":"RadarService"},"image":{"@id":"https:\/\/radarservice.eu\/sv\/#\/schema\/logo\/image\/"}}]}},"_links":{"self":[{"href":"https:\/\/radarservice.eu\/sv\/wp-json\/wp\/v2\/product\/15978","targetHints":{"allow":["GET"]}}],"collection":[{"href":"https:\/\/radarservice.eu\/sv\/wp-json\/wp\/v2\/product"}],"about":[{"href":"https:\/\/radarservice.eu\/sv\/wp-json\/wp\/v2\/types\/product"}],"replies":[{"embeddable":true,"href":"https:\/\/radarservice.eu\/sv\/wp-json\/wp\/v2\/comments?post=15978"}],"wp:featuredmedia":[{"embeddable":true,"href":"https:\/\/radarservice.eu\/sv\/wp-json\/wp\/v2\/media\/15967"}],"wp:attachment":[{"href":"https:\/\/radarservice.eu\/sv\/wp-json\/wp\/v2\/media?parent=15978"}],"wp:term":[{"taxonomy":"product_brand","embeddable":true,"href":"https:\/\/radarservice.eu\/sv\/wp-json\/wp\/v2\/product_brand?post=15978"},{"taxonomy":"product_cat","embeddable":true,"href":"https:\/\/radarservice.eu\/sv\/wp-json\/wp\/v2\/product_cat?post=15978"},{"taxonomy":"product_tag","embeddable":true,"href":"https:\/\/radarservice.eu\/sv\/wp-json\/wp\/v2\/product_tag?post=15978"}],"curies":[{"name":"wp","href":"https:\/\/api.w.org\/{rel}","templated":true}]}}