{"id":15975,"date":"2021-05-14T10:21:03","date_gmt":"2021-05-14T08:21:03","guid":{"rendered":"https:\/\/radarservice.eu\/produkt\/navty-p1-premium-edition\/"},"modified":"2025-05-06T05:10:19","modified_gmt":"2025-05-06T03:10:19","slug":"navty-p1-premium-edition","status":"publish","type":"product","link":"https:\/\/radarservice.eu\/sv\/produkt\/navty-p1-premium-edition\/","title":{"rendered":"Navty P1 Premium Edition"},"content":{"rendered":"<h2>Navty P1 radardetektor<\/h2>\n<p>Navty P1 Premium \u00e4r den f\u00f6rsta GPS-baserade accelerometern med en extra funktion f\u00f6r radardetektor som kan aktiveras.<\/p>\n<h3>Accelerometer\/prestanda\u00f6vervakning<\/h3>\n<p>.<\/p>\n<p>M\u00e4tningen av fordonets acceleration (0-100 \/ 0-200 km\/h) best\u00e4ms via den inbyggda GPS-mottagaren och \u00e4r helt automatisk. <\/p>\n<h3>Radardetektor \/ laserdetektor<\/h3>\n<p>Navty P1 har utvecklats f\u00f6r den europeiska marknaden och \u00e4r en av de b\u00e4sta high-end radardetektorerna i Europa tack vare den nya radar- och laserdetekteringen i realtid. Navty P1 har den senaste 3D Multaradar-tekniken och uppt\u00e4cker \u00e4ven de nya MultaRadar (MRCD \/ MRCT \/ Moving \/ Gatso RT3 \/ Gatso RT4) hastighetsf\u00e4llorna i Europa.<\/p>\n<p><iframe loading=\"lazy\" src=\"https:\/\/www.youtube-nocookie.com\/embed\/jrR6MXELtcw\" width=\"560\" height=\"315\" frameborder=\"0\" allowfullscreen=\"allowfullscreen\"><\/iframe><\/p>\n<h3>Filterteknik f\u00f6r att bek\u00e4mpa falska larm<\/h3>\n<p>.<\/p>\n<p>Ett av de b\u00e4sta och mest avancerade filtreringssystemen g\u00f6r det m\u00f6jligt att minska antalet falska larm till ett minimum, men utan att offra varningstider f\u00f6r verkliga radaravl\u00e4sningar.<\/p>\n<h3>Osynlig f\u00f6r polisen<\/h3>\n<p>.<\/p>\n<p>Stealth-teknik f\u00f6rhindrar polisens sp\u00e5rning och skyddar dig fr\u00e5n uppt\u00e4ckt. Inte ens de nuvarande VG2- och Spectre-detektorerna som anv\u00e4nds av polisen kan lokalisera Navty P1-radardetektorn. Vid en allm\u00e4n trafik- eller gr\u00e4nskontroll kan radarfunktionen dessutom st\u00e4ngas av med ett enkelt handgrepp.<\/p>\n<p>.<\/p>\n<h3>Anv\u00e4ndarv\u00e4nlig varning p\u00e5 fyra spr\u00e5k<\/h3>\n<p>.<\/p>\n<p>P\u00e5 displayen och via r\u00f6stmeddelande f\u00e5r du relevant information om inkommande meddelanden om fartkameror. Tydliga symboler och ytterligare textinformation ger en perfekt visuell varning. Displayens ljusstyrka kan justeras gradvis fr\u00e5n ljus till m\u00f6rk. Den smarta inst\u00e4llningen g\u00f6r att displayen endast lyser n\u00e4r det finns en varning f\u00f6r fara, vilket \u00e4r mycket praktiskt n\u00e4r du k\u00f6r p\u00e5 natten. Visuella displayer och r\u00f6stmeddelanden finns tillg\u00e4ngliga p\u00e5 tyska, engelska, franska eller spanska. <\/p>\n<p><iframe loading=\"lazy\" src=\"https:\/\/www.youtube-nocookie.com\/embed\/FMt9f86rG5U\" width=\"560\" height=\"315\" frameborder=\"0\" allowfullscreen=\"allowfullscreen\"><\/iframe><\/p>\n<h3>Gratis uppdateringar f\u00f6r fasta fartkameror<\/h3>\n<p>.<\/p>\n<p>Obegr\u00e4nsade, kostnadsfria uppdateringar av GPS POI-databasen ing\u00e5r i ink\u00f6pspriset och det finns inga efterf\u00f6ljande kostnader f\u00f6r dyra prenumerationer. Hastighetskameran och uppdateringar av den fasta programvaran kan enkelt och snabbt installeras inom n\u00e5gra sekunder via USB-stick. Uppdateringen kan g\u00f6ras bekv\u00e4mt i fordonet oberoende av ditt operativsystem (WIN\/MacOS\/Linux). Navty P1 beh\u00f6ver inte vara ansluten till datorn f\u00f6r uppdateringen.<\/p>\n<p>.<\/p>\n<h3>Spara dina egna farozoner och automatisk d\u00e4mpning<\/h3>\n<p>.<\/p>\n<p>Med en knapptryckning kan du spara dina egna riskpunkter i Navty P1 Premium och varna dig i framtiden n\u00e4r du n\u00e4rmar dig dem. Eller tryck p\u00e5 ljudknappen p\u00e5 en plats d\u00e4r du inte vill bli varnad i framtiden. Navty P1 kommer ih\u00e5g GPS-koordinaterna och radarfrekvensen och st\u00e4nger av larmet f\u00f6r den platsen. Om en annan radarfrekvens tas emot p\u00e5 den platsen i framtiden kommer Navty P1 \u00e4nd\u00e5 att sl\u00e5 larm.<\/p>\n<p>.<\/p>\n<h3>Leverans omfattning och funktioner<\/h3>\n<p>Navty P1 levereras med den aktuella databasen och radarfunktionen inaktiverad, s\u00e5 den s\u00e4ljs och levereras lagligt som en accelerometer. Om s\u00e5 \u00f6nskas kan radarfunktionen aktiveras f\u00f6re leverans. F\u00f6r att g\u00f6ra det, skicka oss ett kort e-postmeddelande med din beg\u00e4ran efter att du har f\u00e5tt orderbekr\u00e4ftelsen. I leveransen ing\u00e5r ett sugkoppsf\u00e4ste och en 12-volts SmartCord-anslutningskabel f\u00f6r cigarett\u00e4ndaren. F\u00e4stet f\u00e4sts s\u00e4kert p\u00e5 vindrutan och g\u00f6r att du snabbt kan montera radardetektorn. Bruksanvisningen finns p\u00e5 engelska, franska, tyska och spanska. <\/p>\n<h3>Funktion och produkt\u00f6versikt<\/h3>\n<ul>\n<li>Den f\u00f6rsta mobila radardetektorn med helautomatisk accelerometer (0-100\/0-200 km\/h)<\/li>\n<p>.<\/p>\n<li>Varningar av fasta och mobila hastighetsf\u00e4llor och laserm\u00e4tningar<\/li>\n<p>.<\/p>\n<li>Marknadens ledande filter f\u00f6r falska larm med en minskning av falska larm till ett minimum<\/li>\n<p>.<\/p>\n<li>Lifetime, gratis uppdateringar ing\u00e5r<\/li>\n<li>Alarmsignaler och inst\u00e4llningar p\u00e5 tyska\/engelska\/franska\/spanska<\/li>\n<\/ul>\n","protected":false},"excerpt":{"rendered":"<h1>Navty P1 Premium Radardetektor<\/h1>\n<p>.<\/p>\n<p>Den nya Navty P1 \u00e4r b\u00e5de en laglig accelerometer och en professionell radardetektor. Anordningen \u00e4r utformad f\u00f6r anv\u00e4ndning i Europa och skyddar mot Laser, X, K, Ka och de nya radarf\u00e4llorna MultaRadar och Gatso. Navty P1 skyddas av avancerad smygteknik och kan inte sp\u00e5ras av polisen med radardetektorer.<\/p>\n<p>.<\/p>\n","protected":false},"featured_media":15976,"comment_status":"open","ping_status":"closed","template":"","meta":[],"product_brand":[],"product_cat":[1775,1776,1757],"product_tag":[1778,1782,1781,1779,1780,1783,1758,1777],"class_list":{"0":"post-15975","1":"product","2":"type-product","3":"status-publish","4":"has-post-thumbnail","6":"product_cat-mobila-radardetektorer","7":"product_cat-navty-sv","8":"product_cat-rekommenderade-radardetektorer","9":"product_tag-accelerometer","10":"product_tag-gps-sv","11":"product_tag-laserdetektor","12":"product_tag-navty-sv","13":"product_tag-p1-sv","14":"product_tag-poi-warner-sv","15":"product_tag-radardetektor","16":"product_tag-resultatuppfoljning","18":"first","19":"instock","20":"sale","21":"taxable","22":"shipping-taxable","23":"purchasable","24":"product-type-simple"},"yoast_head":"<!-- This site is optimized with the Yoast SEO plugin v27.2 - https:\/\/yoast.com\/product\/yoast-seo-wordpress\/ -->\n<title>Navty P1 Premium Edition % mobil radardetektor f\u00f6r Europa<\/title>\n<meta name=\"description\" content=\"Navty P1 Premium radardetektor och accelerometer. Skydd mot radar- och laserm\u00e4tningar, inklusive de nya radarf\u00e4llorna MultaRadar och Gatso.\" \/>\n<meta name=\"robots\" content=\"index, follow, max-snippet:-1, max-image-preview:large, max-video-preview:-1\" \/>\n<link rel=\"canonical\" href=\"https:\/\/radarservice.eu\/sv\/produkt\/navty-p1-premium-edition\/\" \/>\n<meta property=\"og:locale\" content=\"sv_SE\" \/>\n<meta property=\"og:type\" content=\"article\" \/>\n<meta property=\"og:title\" content=\"Navty P1 Premium Edition % mobil radardetektor f\u00f6r Europa\" \/>\n<meta property=\"og:description\" content=\"Navty P1 Premium radardetektor och accelerometer. Skydd mot radar- och laserm\u00e4tningar, inklusive de nya radarf\u00e4llorna MultaRadar och Gatso.\" \/>\n<meta property=\"og:url\" content=\"https:\/\/radarservice.eu\/sv\/produkt\/navty-p1-premium-edition\/\" \/>\n<meta property=\"og:site_name\" content=\"Radar Service\" \/>\n<meta property=\"article:modified_time\" content=\"2025-05-06T03:10:19+00:00\" \/>\n<meta property=\"og:image\" content=\"https:\/\/radarservice.eu\/wp-content\/uploads\/2020\/09\/NAVTY_P1_Radarwarner_800x562.jpg\" \/>\n\t<meta property=\"og:image:width\" content=\"800\" \/>\n\t<meta property=\"og:image:height\" content=\"562\" \/>\n\t<meta property=\"og:image:type\" content=\"image\/jpeg\" \/>\n<meta name=\"twitter:card\" content=\"summary_large_image\" \/>\n<meta name=\"twitter:label1\" content=\"Ber\u00e4knad l\u00e4stid\" \/>\n\t<meta name=\"twitter:data1\" content=\"3 minuter\" \/>\n<script type=\"application\/ld+json\" class=\"yoast-schema-graph\">{\"@context\":\"https:\/\/schema.org\",\"@graph\":[{\"@type\":\"WebPage\",\"@id\":\"https:\/\/radarservice.eu\/sv\/produkt\/navty-p1-premium-edition\/\",\"url\":\"https:\/\/radarservice.eu\/sv\/produkt\/navty-p1-premium-edition\/\",\"name\":\"Navty P1 Premium Edition % mobil radardetektor f\u00f6r Europa\",\"isPartOf\":{\"@id\":\"https:\/\/radarservice.eu\/sv\/#website\"},\"primaryImageOfPage\":{\"@id\":\"https:\/\/radarservice.eu\/sv\/produkt\/navty-p1-premium-edition\/#primaryimage\"},\"image\":{\"@id\":\"https:\/\/radarservice.eu\/sv\/produkt\/navty-p1-premium-edition\/#primaryimage\"},\"thumbnailUrl\":\"https:\/\/radarservice.eu\/wp-content\/uploads\/2020\/09\/NAVTY_P1_Radarwarner_800x562.jpg\",\"datePublished\":\"2021-05-14T08:21:03+00:00\",\"dateModified\":\"2025-05-06T03:10:19+00:00\",\"description\":\"Navty P1 Premium radardetektor och accelerometer. Skydd mot radar- och laserm\u00e4tningar, inklusive de nya radarf\u00e4llorna MultaRadar och Gatso.\",\"breadcrumb\":{\"@id\":\"https:\/\/radarservice.eu\/sv\/produkt\/navty-p1-premium-edition\/#breadcrumb\"},\"inLanguage\":\"sv-SE\",\"potentialAction\":[{\"@type\":\"ReadAction\",\"target\":[\"https:\/\/radarservice.eu\/sv\/produkt\/navty-p1-premium-edition\/\"]}]},{\"@type\":\"ImageObject\",\"inLanguage\":\"sv-SE\",\"@id\":\"https:\/\/radarservice.eu\/sv\/produkt\/navty-p1-premium-edition\/#primaryimage\",\"url\":\"https:\/\/radarservice.eu\/wp-content\/uploads\/2020\/09\/NAVTY_P1_Radarwarner_800x562.jpg\",\"contentUrl\":\"https:\/\/radarservice.eu\/wp-content\/uploads\/2020\/09\/NAVTY_P1_Radarwarner_800x562.jpg\",\"width\":800,\"height\":562,\"caption\":\"NAVTY P1 Premium Radardetektor\"},{\"@type\":\"BreadcrumbList\",\"@id\":\"https:\/\/radarservice.eu\/sv\/produkt\/navty-p1-premium-edition\/#breadcrumb\",\"itemListElement\":[{\"@type\":\"ListItem\",\"position\":1,\"name\":\"Butik\",\"item\":\"https:\/\/radarservice.eu\/sv\/butik\/\"},{\"@type\":\"ListItem\",\"position\":2,\"name\":\"Navty P1 Premium Edition\"}]},{\"@type\":\"WebSite\",\"@id\":\"https:\/\/radarservice.eu\/sv\/#website\",\"url\":\"https:\/\/radarservice.eu\/sv\/\",\"name\":\"Radar Service\",\"description\":\"Radar detector Laser jammer mobile fix\",\"publisher\":{\"@id\":\"https:\/\/radarservice.eu\/sv\/#organization\"},\"potentialAction\":[{\"@type\":\"SearchAction\",\"target\":{\"@type\":\"EntryPoint\",\"urlTemplate\":\"https:\/\/radarservice.eu\/sv\/?s={search_term_string}\"},\"query-input\":{\"@type\":\"PropertyValueSpecification\",\"valueRequired\":true,\"valueName\":\"search_term_string\"}}],\"inLanguage\":\"sv-SE\"},{\"@type\":\"Organization\",\"@id\":\"https:\/\/radarservice.eu\/sv\/#organization\",\"name\":\"RadarService\",\"url\":\"https:\/\/radarservice.eu\/sv\/\",\"logo\":{\"@type\":\"ImageObject\",\"inLanguage\":\"sv-SE\",\"@id\":\"https:\/\/radarservice.eu\/sv\/#\/schema\/logo\/image\/\",\"url\":\"https:\/\/radarservice.eu\/wp-content\/uploads\/2021\/03\/Radar_detector_service.png\",\"contentUrl\":\"https:\/\/radarservice.eu\/wp-content\/uploads\/2021\/03\/Radar_detector_service.png\",\"width\":174,\"height\":48,\"caption\":\"RadarService\"},\"image\":{\"@id\":\"https:\/\/radarservice.eu\/sv\/#\/schema\/logo\/image\/\"}}]}<\/script>\n<!-- \/ Yoast SEO plugin. -->","yoast_head_json":{"title":"Navty P1 Premium Edition % mobil radardetektor f\u00f6r Europa","description":"Navty P1 Premium radardetektor och accelerometer. Skydd mot radar- och laserm\u00e4tningar, inklusive de nya radarf\u00e4llorna MultaRadar och Gatso.","robots":{"index":"index","follow":"follow","max-snippet":"max-snippet:-1","max-image-preview":"max-image-preview:large","max-video-preview":"max-video-preview:-1"},"canonical":"https:\/\/radarservice.eu\/sv\/produkt\/navty-p1-premium-edition\/","og_locale":"sv_SE","og_type":"article","og_title":"Navty P1 Premium Edition % mobil radardetektor f\u00f6r Europa","og_description":"Navty P1 Premium radardetektor och accelerometer. Skydd mot radar- och laserm\u00e4tningar, inklusive de nya radarf\u00e4llorna MultaRadar och Gatso.","og_url":"https:\/\/radarservice.eu\/sv\/produkt\/navty-p1-premium-edition\/","og_site_name":"Radar Service","article_modified_time":"2025-05-06T03:10:19+00:00","og_image":[{"width":800,"height":562,"url":"https:\/\/radarservice.eu\/wp-content\/uploads\/2020\/09\/NAVTY_P1_Radarwarner_800x562.jpg","type":"image\/jpeg"}],"twitter_card":"summary_large_image","twitter_misc":{"Ber\u00e4knad l\u00e4stid":"3 minuter"},"schema":{"@context":"https:\/\/schema.org","@graph":[{"@type":"WebPage","@id":"https:\/\/radarservice.eu\/sv\/produkt\/navty-p1-premium-edition\/","url":"https:\/\/radarservice.eu\/sv\/produkt\/navty-p1-premium-edition\/","name":"Navty P1 Premium Edition % mobil radardetektor f\u00f6r Europa","isPartOf":{"@id":"https:\/\/radarservice.eu\/sv\/#website"},"primaryImageOfPage":{"@id":"https:\/\/radarservice.eu\/sv\/produkt\/navty-p1-premium-edition\/#primaryimage"},"image":{"@id":"https:\/\/radarservice.eu\/sv\/produkt\/navty-p1-premium-edition\/#primaryimage"},"thumbnailUrl":"https:\/\/radarservice.eu\/wp-content\/uploads\/2020\/09\/NAVTY_P1_Radarwarner_800x562.jpg","datePublished":"2021-05-14T08:21:03+00:00","dateModified":"2025-05-06T03:10:19+00:00","description":"Navty P1 Premium radardetektor och accelerometer. Skydd mot radar- och laserm\u00e4tningar, inklusive de nya radarf\u00e4llorna MultaRadar och Gatso.","breadcrumb":{"@id":"https:\/\/radarservice.eu\/sv\/produkt\/navty-p1-premium-edition\/#breadcrumb"},"inLanguage":"sv-SE","potentialAction":[{"@type":"ReadAction","target":["https:\/\/radarservice.eu\/sv\/produkt\/navty-p1-premium-edition\/"]}]},{"@type":"ImageObject","inLanguage":"sv-SE","@id":"https:\/\/radarservice.eu\/sv\/produkt\/navty-p1-premium-edition\/#primaryimage","url":"https:\/\/radarservice.eu\/wp-content\/uploads\/2020\/09\/NAVTY_P1_Radarwarner_800x562.jpg","contentUrl":"https:\/\/radarservice.eu\/wp-content\/uploads\/2020\/09\/NAVTY_P1_Radarwarner_800x562.jpg","width":800,"height":562,"caption":"NAVTY P1 Premium Radardetektor"},{"@type":"BreadcrumbList","@id":"https:\/\/radarservice.eu\/sv\/produkt\/navty-p1-premium-edition\/#breadcrumb","itemListElement":[{"@type":"ListItem","position":1,"name":"Butik","item":"https:\/\/radarservice.eu\/sv\/butik\/"},{"@type":"ListItem","position":2,"name":"Navty P1 Premium Edition"}]},{"@type":"WebSite","@id":"https:\/\/radarservice.eu\/sv\/#website","url":"https:\/\/radarservice.eu\/sv\/","name":"Radar Service","description":"Radar detector Laser jammer mobile fix","publisher":{"@id":"https:\/\/radarservice.eu\/sv\/#organization"},"potentialAction":[{"@type":"SearchAction","target":{"@type":"EntryPoint","urlTemplate":"https:\/\/radarservice.eu\/sv\/?s={search_term_string}"},"query-input":{"@type":"PropertyValueSpecification","valueRequired":true,"valueName":"search_term_string"}}],"inLanguage":"sv-SE"},{"@type":"Organization","@id":"https:\/\/radarservice.eu\/sv\/#organization","name":"RadarService","url":"https:\/\/radarservice.eu\/sv\/","logo":{"@type":"ImageObject","inLanguage":"sv-SE","@id":"https:\/\/radarservice.eu\/sv\/#\/schema\/logo\/image\/","url":"https:\/\/radarservice.eu\/wp-content\/uploads\/2021\/03\/Radar_detector_service.png","contentUrl":"https:\/\/radarservice.eu\/wp-content\/uploads\/2021\/03\/Radar_detector_service.png","width":174,"height":48,"caption":"RadarService"},"image":{"@id":"https:\/\/radarservice.eu\/sv\/#\/schema\/logo\/image\/"}}]}},"_links":{"self":[{"href":"https:\/\/radarservice.eu\/sv\/wp-json\/wp\/v2\/product\/15975","targetHints":{"allow":["GET"]}}],"collection":[{"href":"https:\/\/radarservice.eu\/sv\/wp-json\/wp\/v2\/product"}],"about":[{"href":"https:\/\/radarservice.eu\/sv\/wp-json\/wp\/v2\/types\/product"}],"replies":[{"embeddable":true,"href":"https:\/\/radarservice.eu\/sv\/wp-json\/wp\/v2\/comments?post=15975"}],"wp:featuredmedia":[{"embeddable":true,"href":"https:\/\/radarservice.eu\/sv\/wp-json\/wp\/v2\/media\/15976"}],"wp:attachment":[{"href":"https:\/\/radarservice.eu\/sv\/wp-json\/wp\/v2\/media?parent=15975"}],"wp:term":[{"taxonomy":"product_brand","embeddable":true,"href":"https:\/\/radarservice.eu\/sv\/wp-json\/wp\/v2\/product_brand?post=15975"},{"taxonomy":"product_cat","embeddable":true,"href":"https:\/\/radarservice.eu\/sv\/wp-json\/wp\/v2\/product_cat?post=15975"},{"taxonomy":"product_tag","embeddable":true,"href":"https:\/\/radarservice.eu\/sv\/wp-json\/wp\/v2\/product_tag?post=15975"}],"curies":[{"name":"wp","href":"https:\/\/api.w.org\/{rel}","templated":true}]}}