{"id":15970,"date":"2021-05-14T10:16:17","date_gmt":"2021-05-14T08:16:17","guid":{"rendered":"https:\/\/radarservice.eu\/produkt\/navty-p1-lifetime-edition\/"},"modified":"2025-06-20T05:10:23","modified_gmt":"2025-06-20T03:10:23","slug":"navty-p1-lifetime-edition","status":"publish","type":"product","link":"https:\/\/radarservice.eu\/sv\/produkt\/navty-p1-lifetime-edition\/","title":{"rendered":"Navty P1 Lifetime Edition"},"content":{"rendered":"<p><strong>Navty P1 Lifetime \u00e4r den f\u00f6rsta GPS-baserade accelerometern med extra radar- och laserdetektion som kan aktiveras. <\/strong><\/p>\n<p><strong>Accelerometer\/prestanda\u00f6vervakning<\/strong><br \/>.<br \/>\nM\u00e4tningen av fordonets acceleration (0-100 \/ 0-200 km\/h) best\u00e4ms via den inbyggda GPS-mottagaren och \u00e4r helt automatisk.<\/p>\n<p><strong>Radardetektor \/ laserdetektor<\/strong><br \/>\nNavty P1 har utvecklats f\u00f6r den europeiska marknaden och \u00e4r en av de b\u00e4sta avancerade radardetektorerna i Europa tack vare den nya radar- och laserdetekteringen i realtid. P1 har den senaste 3D Multaradar-tekniken och k\u00e4nner \u00e4ven av de nya MultaRadar-m\u00e4tningssystemen.<\/p>\n<p>.<\/p>\n<p>Ett av de b\u00e4sta och mest avancerade filtreringssystemen g\u00f6r det m\u00f6jligt att h\u00e5lla falska larm till ett minimum, utan att offra viktig varningstid f\u00f6r riktiga faror.<\/p>\n<p>Navty P1 levereras med radarvarningsfunktionen inaktiverad som en accelerometer. Detta inneb\u00e4r att Navty P1 kan anv\u00e4ndas lagligt i alla l\u00e4nder. Vid behov kan radar- och laserdetektorfunktionen aktiveras och avaktiveras av anv\u00e4ndaren n\u00e4r som helst.<\/p>\n<p>Radarf\u00e4llor rapporteras b\u00e5de i displayen och med hj\u00e4lp av ett tyskt r\u00f6stmeddelande. F\u00f6raren f\u00e5r detaljerad information om den uppt\u00e4ckta hastighetsf\u00e4llan, POI-varningen eller laserm\u00e4tningen. Du kan ocks\u00e5 spara eller ta bort egna GPS-platser (POI) p\u00e5 Navty P1, s\u00e5 att en akustisk varning ges vid dessa platser.<\/p>\n<p>.<\/p>\n<p>Navty P1 Lifetime kan programmeras efter behov med hj\u00e4lp av en tysk meny, vilket g\u00f6r att den kan anpassas till kundens s\u00e4rskilda krav och preferenser.<\/p>\n<p><strong>Speed Camera Database \/ Uppdateringar<\/strong><br \/>.<br \/>\nLivsl\u00e5nga uppdateringar av EU-databasen f\u00f6r fasta hastighetsf\u00e4llor ing\u00e5r naturligtvis ocks\u00e5. Hastighetskameran och uppdateringar av den fasta programvaran kan installeras enkelt och snabbt inom n\u00e5gra sekunder via USB-stick. Uppdateringen kan g\u00f6ras bekv\u00e4mt i fordonet oavsett operativsystem (WIN\/MacOS\/Linux). Navty P1 beh\u00f6ver inte vara ansluten till datorn f\u00f6r uppdateringen.<\/p>\n<p><strong>\u00d6versikt:<\/strong><br \/>\n+ den f\u00f6rsta mobila radardetektorn med inbyggd accelerometer<br \/>.<br \/>\n+ Accelerometer (0-100 \/ 0-200 km\/h) &#8211; helt automatiskt utan att trycka p\u00e5 en knapp!<br \/>\n+ 360\u00b0-detektering av radar- och laserm\u00e4tare i Europa<br \/>\n+ Varning av radarm\u00e4tningsutrustning (X \/ K \/ KA band \/ MultaRadar MRCD \/ MultaRadar MRCT \/ MultaRadar Moving \/ Gatso RT3 \/ Gatso RT4)<br \/>\n+ Varning f\u00f6r laserm\u00e4tningar<br \/>\n+ Varning f\u00f6r station\u00e4r radar<br \/>\n+ Varning f\u00f6r r\u00f6dljus\u00f6vervakning<br \/>\n+ Varning f\u00f6r sektionskontrollm\u00e4tningar<br \/>\n+ Konfigurationsalternativ via den tyska menyn<br \/>\n+ Minimering av falska larm genom 2-faldig finjustering i K-bandet och 10-faldig finjustering i KA-bandet<br \/>\n+ dubbelt GPS-baserat filter f\u00f6r falska larm<br \/>\n+ kan uppdateras via USB-minne<br \/>\n+ EUROPA-databasen f\u00f6r fasta fartkameror \u00e4r redan f\u00f6rinstallerad<br \/>\n+ Livsl\u00e5nga uppdateringar av EU-databasen ing\u00e5r<br \/>\n+ Larm och inst\u00e4llningar helt p\u00e5 tyska<br \/>\n+ l\u00e4mplig f\u00f6r anv\u00e4ndning i Europa<br \/>\n+ egna faropunkter som kan lagras<\/p>\n<p><strong>Omfattning av leveransen:<\/strong><br \/>\n* Navty P1 Livstidsradardetektor och prestanda sp\u00e5rare<br \/>.<br \/>\n* F\u00f6rinstallerad EU-databas f\u00f6r hela Europa<br \/>.<br \/>\n* Tillbeh\u00f6r f\u00f6r montering p\u00e5 vindrutan (sugkoppar)<br \/>\n* 12V str\u00f6mf\u00f6rs\u00f6rjning med cigarett\u00e4ndarkontakt<\/p>\n","protected":false},"excerpt":{"rendered":"<p><strong>+ GPS Accelerometer\/Performance Tracker (0-100 \/ 0-200 km\/h)<br \/>\n+ kostnadsfria uppdateringar under hela livet<br \/>\n+ Radardetektor och laserdetektor, varnar f\u00f6r mobila hastighetsf\u00e4llor (X-Band, K-Band, KA-Band, MultaRadar, Gatso och Laser)<br \/>\n+ GPS POI-varning f\u00f6r fasta hastighetsf\u00e4llor, hastighetskameror vid trafikljus och nya hastighetskameror f\u00f6r sektioner i SectionControl<\/strong><\/p>\n<p>.<\/p>\n","protected":false},"featured_media":15974,"comment_status":"open","ping_status":"closed","template":"","meta":[],"product_brand":[],"product_cat":[1775,1776],"product_tag":[1778,1782,1781,1779,1780,1783,1758,1777],"class_list":{"0":"post-15970","1":"product","2":"type-product","3":"status-publish","4":"has-post-thumbnail","6":"product_cat-mobila-radardetektorer","7":"product_cat-navty-sv","8":"product_tag-accelerometer","9":"product_tag-gps-sv","10":"product_tag-laserdetektor","11":"product_tag-navty-sv","12":"product_tag-p1-sv","13":"product_tag-poi-warner-sv","14":"product_tag-radardetektor","15":"product_tag-resultatuppfoljning","17":"first","18":"instock","19":"sale","20":"taxable","21":"shipping-taxable","22":"purchasable","23":"product-type-simple"},"yoast_head":"<!-- This site is optimized with the Yoast SEO plugin v27.2 - https:\/\/yoast.com\/product\/yoast-seo-wordpress\/ -->\n<title>Navty P1 Lifetime Edition % mobil radardetektor<\/title>\n<meta name=\"description\" content=\"Navty P1 Lifetime Radar Detector \u00e4r den f\u00f6rsta GPS-baserade accelerometern med extra radar- och laserdetektion.\" \/>\n<meta name=\"robots\" content=\"index, follow, max-snippet:-1, max-image-preview:large, max-video-preview:-1\" \/>\n<link rel=\"canonical\" href=\"https:\/\/radarservice.eu\/sv\/produkt\/navty-p1-lifetime-edition\/\" \/>\n<meta property=\"og:locale\" content=\"sv_SE\" \/>\n<meta property=\"og:type\" content=\"article\" \/>\n<meta property=\"og:title\" content=\"Navty P1 Lifetime Edition % mobil radardetektor\" \/>\n<meta property=\"og:description\" content=\"Navty P1 Lifetime Radar Detector \u00e4r den f\u00f6rsta GPS-baserade accelerometern med extra radar- och laserdetektion.\" \/>\n<meta property=\"og:url\" content=\"https:\/\/radarservice.eu\/sv\/produkt\/navty-p1-lifetime-edition\/\" \/>\n<meta property=\"og:site_name\" content=\"Radar Service\" \/>\n<meta property=\"article:modified_time\" content=\"2025-06-20T03:10:23+00:00\" \/>\n<meta property=\"og:image\" content=\"https:\/\/radarservice.eu\/wp-content\/uploads\/2020\/09\/navtyp1-car-1.jpg\" \/>\n\t<meta property=\"og:image:width\" content=\"1800\" \/>\n\t<meta property=\"og:image:height\" content=\"1265\" \/>\n\t<meta property=\"og:image:type\" content=\"image\/jpeg\" \/>\n<meta name=\"twitter:card\" content=\"summary_large_image\" \/>\n<meta name=\"twitter:label1\" content=\"Ber\u00e4knad l\u00e4stid\" \/>\n\t<meta name=\"twitter:data1\" content=\"2 minuter\" \/>\n<script type=\"application\/ld+json\" class=\"yoast-schema-graph\">{\"@context\":\"https:\/\/schema.org\",\"@graph\":[{\"@type\":\"WebPage\",\"@id\":\"https:\/\/radarservice.eu\/sv\/produkt\/navty-p1-lifetime-edition\/\",\"url\":\"https:\/\/radarservice.eu\/sv\/produkt\/navty-p1-lifetime-edition\/\",\"name\":\"Navty P1 Lifetime Edition % mobil radardetektor\",\"isPartOf\":{\"@id\":\"https:\/\/radarservice.eu\/sv\/#website\"},\"primaryImageOfPage\":{\"@id\":\"https:\/\/radarservice.eu\/sv\/produkt\/navty-p1-lifetime-edition\/#primaryimage\"},\"image\":{\"@id\":\"https:\/\/radarservice.eu\/sv\/produkt\/navty-p1-lifetime-edition\/#primaryimage\"},\"thumbnailUrl\":\"https:\/\/radarservice.eu\/wp-content\/uploads\/2020\/09\/navtyp1-car-1.jpg\",\"datePublished\":\"2021-05-14T08:16:17+00:00\",\"dateModified\":\"2025-06-20T03:10:23+00:00\",\"description\":\"Navty P1 Lifetime Radar Detector \u00e4r den f\u00f6rsta GPS-baserade accelerometern med extra radar- och laserdetektion.\",\"breadcrumb\":{\"@id\":\"https:\/\/radarservice.eu\/sv\/produkt\/navty-p1-lifetime-edition\/#breadcrumb\"},\"inLanguage\":\"sv-SE\",\"potentialAction\":[{\"@type\":\"ReadAction\",\"target\":[\"https:\/\/radarservice.eu\/sv\/produkt\/navty-p1-lifetime-edition\/\"]}]},{\"@type\":\"ImageObject\",\"inLanguage\":\"sv-SE\",\"@id\":\"https:\/\/radarservice.eu\/sv\/produkt\/navty-p1-lifetime-edition\/#primaryimage\",\"url\":\"https:\/\/radarservice.eu\/wp-content\/uploads\/2020\/09\/navtyp1-car-1.jpg\",\"contentUrl\":\"https:\/\/radarservice.eu\/wp-content\/uploads\/2020\/09\/navtyp1-car-1.jpg\",\"width\":1800,\"height\":1265,\"caption\":\"NAVTY P1 radar detektor\"},{\"@type\":\"BreadcrumbList\",\"@id\":\"https:\/\/radarservice.eu\/sv\/produkt\/navty-p1-lifetime-edition\/#breadcrumb\",\"itemListElement\":[{\"@type\":\"ListItem\",\"position\":1,\"name\":\"Butik\",\"item\":\"https:\/\/radarservice.eu\/sv\/butik\/\"},{\"@type\":\"ListItem\",\"position\":2,\"name\":\"Navty P1 Lifetime Edition\"}]},{\"@type\":\"WebSite\",\"@id\":\"https:\/\/radarservice.eu\/sv\/#website\",\"url\":\"https:\/\/radarservice.eu\/sv\/\",\"name\":\"Radar Service\",\"description\":\"Radar detector Laser jammer mobile fix\",\"publisher\":{\"@id\":\"https:\/\/radarservice.eu\/sv\/#organization\"},\"potentialAction\":[{\"@type\":\"SearchAction\",\"target\":{\"@type\":\"EntryPoint\",\"urlTemplate\":\"https:\/\/radarservice.eu\/sv\/?s={search_term_string}\"},\"query-input\":{\"@type\":\"PropertyValueSpecification\",\"valueRequired\":true,\"valueName\":\"search_term_string\"}}],\"inLanguage\":\"sv-SE\"},{\"@type\":\"Organization\",\"@id\":\"https:\/\/radarservice.eu\/sv\/#organization\",\"name\":\"RadarService\",\"url\":\"https:\/\/radarservice.eu\/sv\/\",\"logo\":{\"@type\":\"ImageObject\",\"inLanguage\":\"sv-SE\",\"@id\":\"https:\/\/radarservice.eu\/sv\/#\/schema\/logo\/image\/\",\"url\":\"https:\/\/radarservice.eu\/wp-content\/uploads\/2021\/03\/Radar_detector_service.png\",\"contentUrl\":\"https:\/\/radarservice.eu\/wp-content\/uploads\/2021\/03\/Radar_detector_service.png\",\"width\":174,\"height\":48,\"caption\":\"RadarService\"},\"image\":{\"@id\":\"https:\/\/radarservice.eu\/sv\/#\/schema\/logo\/image\/\"}}]}<\/script>\n<!-- \/ Yoast SEO plugin. -->","yoast_head_json":{"title":"Navty P1 Lifetime Edition % mobil radardetektor","description":"Navty P1 Lifetime Radar Detector \u00e4r den f\u00f6rsta GPS-baserade accelerometern med extra radar- och laserdetektion.","robots":{"index":"index","follow":"follow","max-snippet":"max-snippet:-1","max-image-preview":"max-image-preview:large","max-video-preview":"max-video-preview:-1"},"canonical":"https:\/\/radarservice.eu\/sv\/produkt\/navty-p1-lifetime-edition\/","og_locale":"sv_SE","og_type":"article","og_title":"Navty P1 Lifetime Edition % mobil radardetektor","og_description":"Navty P1 Lifetime Radar Detector \u00e4r den f\u00f6rsta GPS-baserade accelerometern med extra radar- och laserdetektion.","og_url":"https:\/\/radarservice.eu\/sv\/produkt\/navty-p1-lifetime-edition\/","og_site_name":"Radar Service","article_modified_time":"2025-06-20T03:10:23+00:00","og_image":[{"width":1800,"height":1265,"url":"https:\/\/radarservice.eu\/wp-content\/uploads\/2020\/09\/navtyp1-car-1.jpg","type":"image\/jpeg"}],"twitter_card":"summary_large_image","twitter_misc":{"Ber\u00e4knad l\u00e4stid":"2 minuter"},"schema":{"@context":"https:\/\/schema.org","@graph":[{"@type":"WebPage","@id":"https:\/\/radarservice.eu\/sv\/produkt\/navty-p1-lifetime-edition\/","url":"https:\/\/radarservice.eu\/sv\/produkt\/navty-p1-lifetime-edition\/","name":"Navty P1 Lifetime Edition % mobil radardetektor","isPartOf":{"@id":"https:\/\/radarservice.eu\/sv\/#website"},"primaryImageOfPage":{"@id":"https:\/\/radarservice.eu\/sv\/produkt\/navty-p1-lifetime-edition\/#primaryimage"},"image":{"@id":"https:\/\/radarservice.eu\/sv\/produkt\/navty-p1-lifetime-edition\/#primaryimage"},"thumbnailUrl":"https:\/\/radarservice.eu\/wp-content\/uploads\/2020\/09\/navtyp1-car-1.jpg","datePublished":"2021-05-14T08:16:17+00:00","dateModified":"2025-06-20T03:10:23+00:00","description":"Navty P1 Lifetime Radar Detector \u00e4r den f\u00f6rsta GPS-baserade accelerometern med extra radar- och laserdetektion.","breadcrumb":{"@id":"https:\/\/radarservice.eu\/sv\/produkt\/navty-p1-lifetime-edition\/#breadcrumb"},"inLanguage":"sv-SE","potentialAction":[{"@type":"ReadAction","target":["https:\/\/radarservice.eu\/sv\/produkt\/navty-p1-lifetime-edition\/"]}]},{"@type":"ImageObject","inLanguage":"sv-SE","@id":"https:\/\/radarservice.eu\/sv\/produkt\/navty-p1-lifetime-edition\/#primaryimage","url":"https:\/\/radarservice.eu\/wp-content\/uploads\/2020\/09\/navtyp1-car-1.jpg","contentUrl":"https:\/\/radarservice.eu\/wp-content\/uploads\/2020\/09\/navtyp1-car-1.jpg","width":1800,"height":1265,"caption":"NAVTY P1 radar detektor"},{"@type":"BreadcrumbList","@id":"https:\/\/radarservice.eu\/sv\/produkt\/navty-p1-lifetime-edition\/#breadcrumb","itemListElement":[{"@type":"ListItem","position":1,"name":"Butik","item":"https:\/\/radarservice.eu\/sv\/butik\/"},{"@type":"ListItem","position":2,"name":"Navty P1 Lifetime Edition"}]},{"@type":"WebSite","@id":"https:\/\/radarservice.eu\/sv\/#website","url":"https:\/\/radarservice.eu\/sv\/","name":"Radar Service","description":"Radar detector Laser jammer mobile fix","publisher":{"@id":"https:\/\/radarservice.eu\/sv\/#organization"},"potentialAction":[{"@type":"SearchAction","target":{"@type":"EntryPoint","urlTemplate":"https:\/\/radarservice.eu\/sv\/?s={search_term_string}"},"query-input":{"@type":"PropertyValueSpecification","valueRequired":true,"valueName":"search_term_string"}}],"inLanguage":"sv-SE"},{"@type":"Organization","@id":"https:\/\/radarservice.eu\/sv\/#organization","name":"RadarService","url":"https:\/\/radarservice.eu\/sv\/","logo":{"@type":"ImageObject","inLanguage":"sv-SE","@id":"https:\/\/radarservice.eu\/sv\/#\/schema\/logo\/image\/","url":"https:\/\/radarservice.eu\/wp-content\/uploads\/2021\/03\/Radar_detector_service.png","contentUrl":"https:\/\/radarservice.eu\/wp-content\/uploads\/2021\/03\/Radar_detector_service.png","width":174,"height":48,"caption":"RadarService"},"image":{"@id":"https:\/\/radarservice.eu\/sv\/#\/schema\/logo\/image\/"}}]}},"_links":{"self":[{"href":"https:\/\/radarservice.eu\/sv\/wp-json\/wp\/v2\/product\/15970","targetHints":{"allow":["GET"]}}],"collection":[{"href":"https:\/\/radarservice.eu\/sv\/wp-json\/wp\/v2\/product"}],"about":[{"href":"https:\/\/radarservice.eu\/sv\/wp-json\/wp\/v2\/types\/product"}],"replies":[{"embeddable":true,"href":"https:\/\/radarservice.eu\/sv\/wp-json\/wp\/v2\/comments?post=15970"}],"wp:featuredmedia":[{"embeddable":true,"href":"https:\/\/radarservice.eu\/sv\/wp-json\/wp\/v2\/media\/15974"}],"wp:attachment":[{"href":"https:\/\/radarservice.eu\/sv\/wp-json\/wp\/v2\/media?parent=15970"}],"wp:term":[{"taxonomy":"product_brand","embeddable":true,"href":"https:\/\/radarservice.eu\/sv\/wp-json\/wp\/v2\/product_brand?post=15970"},{"taxonomy":"product_cat","embeddable":true,"href":"https:\/\/radarservice.eu\/sv\/wp-json\/wp\/v2\/product_cat?post=15970"},{"taxonomy":"product_tag","embeddable":true,"href":"https:\/\/radarservice.eu\/sv\/wp-json\/wp\/v2\/product_tag?post=15970"}],"curies":[{"name":"wp","href":"https:\/\/api.w.org\/{rel}","templated":true}]}}