{"id":15961,"date":"2021-05-14T10:11:11","date_gmt":"2021-05-14T08:11:11","guid":{"rendered":"https:\/\/radarservice.eu\/produkt\/genevo-gps-hdm-radarantenn-genevo-ff2-laser-jammer\/"},"modified":"2021-05-14T10:11:11","modified_gmt":"2021-05-14T08:11:11","slug":"genevo-gps-hdm-radarantenn-genevo-ff2-laser-jammer","status":"publish","type":"product","link":"https:\/\/radarservice.eu\/sv\/produkt\/genevo-gps-hdm-radarantenn-genevo-ff2-laser-jammer\/","title":{"rendered":"GENEVO GPS+&#038; HDM+ RADARANTENN &#038; GENEVO FF2 LASER JAMMER"},"content":{"rendered":"<h1>GENEVO GPS+ och HDM+ RADAR WARNER och GENEVO FF2 LASER DISTURBERS<\/h1>\n<h2>Genevo GPS+ &#038; HDM+ Radardetektor<\/h2>\n<p>Genevo HDM+ tr\u00e5dl\u00f6s radardetektor \u00e4r en liten och kraftfull fast radardetektor som \u00e4r utformad f\u00f6r dold montering i fordonets framsida. De h\u00f6rbara och visuella varningarna tillhandah\u00e5lls av Genevo GPS+ POI Warner med tyska r\u00f6stmeddelanden. Genevo GPS+ kan antingen f\u00e4stas p\u00e5 vindrutan med sugkoppar eller placeras bekv\u00e4mt i mittkonsolen. Det lilla och kraftfulla systemet varnar dig p\u00e5 ett tillf\u00f6rlitligt s\u00e4tt f\u00f6r hastighetsf\u00e4llor (inklusive de nya MultaRadar MRCD \/ MRCT \/ Moving och Gatso RT3 \/ RT4) i Europa.<\/p>\n<h2>Laser Jammer Genevo FF2<\/h2>\n<p>Lasersystemet Genevo FF2 kan anv\u00e4ndas b\u00e5de som en laglig parkeringssensor och som en laserst\u00f6rare mot hastighetsm\u00e4tningar med laserpistoler.<br \/>.<br \/>\nSensorns mycket lilla utformning g\u00f6r att den kan monteras diskret framtill p\u00e5 fordonet. Laserst\u00f6rfunktionen kan st\u00e4ngas av n\u00e4r som helst med en knapptryckning. D\u00e4rmed \u00e4r det m\u00f6jligt att anv\u00e4nda den som ett rent parkeringshj\u00e4lpmedel.<\/p>\n","protected":false},"excerpt":{"rendered":"<p>GENEVO GPS+ och HDM+ RADAR WARNER och GENEVO FF2 LASER DISTURBERS Genevo GPS+ &#038; HDM+ Radardetektor Genevo HDM+ tr\u00e5dl\u00f6s radardetektor \u00e4r en liten och kraftfull fast radardetektor som \u00e4r utformad f\u00f6r dold montering i fordonets framsida. De h\u00f6rbara och visuella varningarna tillhandah\u00e5lls av Genevo GPS+ POI Warner med tyska r\u00f6stmeddelanden. Genevo GPS+ kan antingen f\u00e4stas [&#8230;]\n","protected":false},"featured_media":15965,"comment_status":"open","ping_status":"closed","template":"","meta":[],"product_brand":[],"product_cat":[1756,1772],"product_tag":[],"class_list":{"0":"post-15961","1":"product","2":"type-product","3":"status-publish","4":"has-post-thumbnail","6":"product_cat-genevo-sv","7":"product_cat-rekommenderade-kompletta-paket","9":"first","10":"instock","11":"sale","12":"taxable","13":"shipping-taxable","14":"purchasable","15":"product-type-simple"},"yoast_head":"<!-- This site is optimized with the Yoast SEO plugin v27.2 - https:\/\/yoast.com\/product\/yoast-seo-wordpress\/ -->\n<title>GENEVO GPS+&amp; HDM+ RADARANTENN &amp; GENEVO FF2 LASER JAMMER<\/title>\n<meta name=\"description\" content=\"P\u00e5litligt instegspaket med tr\u00e5dl\u00f6s Genevo GPS+ HDM+ radardetektor och Genevo FF2 laserst\u00f6rare f\u00f6r fast installation i fordonet.\" \/>\n<meta name=\"robots\" content=\"index, follow, max-snippet:-1, max-image-preview:large, max-video-preview:-1\" \/>\n<link rel=\"canonical\" href=\"https:\/\/radarservice.eu\/sv\/produkt\/genevo-gps-hdm-radarantenn-genevo-ff2-laser-jammer\/\" \/>\n<meta property=\"og:locale\" content=\"sv_SE\" \/>\n<meta property=\"og:type\" content=\"article\" \/>\n<meta property=\"og:title\" content=\"GENEVO GPS+&amp; HDM+ RADARANTENN &amp; GENEVO FF2 LASER JAMMER\" \/>\n<meta property=\"og:description\" content=\"P\u00e5litligt instegspaket med tr\u00e5dl\u00f6s Genevo GPS+ HDM+ radardetektor och Genevo FF2 laserst\u00f6rare f\u00f6r fast installation i fordonet.\" \/>\n<meta property=\"og:url\" content=\"https:\/\/radarservice.eu\/sv\/produkt\/genevo-gps-hdm-radarantenn-genevo-ff2-laser-jammer\/\" \/>\n<meta property=\"og:site_name\" content=\"Radar Service\" \/>\n<meta property=\"og:image\" content=\"https:\/\/radarservice.eu\/wp-content\/uploads\/2020\/09\/genevo_gps_hdm_radar.jpg\" \/>\n\t<meta property=\"og:image:width\" content=\"990\" \/>\n\t<meta property=\"og:image:height\" content=\"720\" \/>\n\t<meta property=\"og:image:type\" content=\"image\/jpeg\" \/>\n<meta name=\"twitter:card\" content=\"summary_large_image\" \/>\n<meta name=\"twitter:label1\" content=\"Ber\u00e4knad l\u00e4stid\" \/>\n\t<meta name=\"twitter:data1\" content=\"1 minut\" \/>\n<script type=\"application\/ld+json\" class=\"yoast-schema-graph\">{\"@context\":\"https:\/\/schema.org\",\"@graph\":[{\"@type\":\"WebPage\",\"@id\":\"https:\/\/radarservice.eu\/sv\/produkt\/genevo-gps-hdm-radarantenn-genevo-ff2-laser-jammer\/\",\"url\":\"https:\/\/radarservice.eu\/sv\/produkt\/genevo-gps-hdm-radarantenn-genevo-ff2-laser-jammer\/\",\"name\":\"GENEVO GPS+& HDM+ RADARANTENN & GENEVO FF2 LASER JAMMER\",\"isPartOf\":{\"@id\":\"https:\/\/radarservice.eu\/sv\/#website\"},\"primaryImageOfPage\":{\"@id\":\"https:\/\/radarservice.eu\/sv\/produkt\/genevo-gps-hdm-radarantenn-genevo-ff2-laser-jammer\/#primaryimage\"},\"image\":{\"@id\":\"https:\/\/radarservice.eu\/sv\/produkt\/genevo-gps-hdm-radarantenn-genevo-ff2-laser-jammer\/#primaryimage\"},\"thumbnailUrl\":\"https:\/\/radarservice.eu\/wp-content\/uploads\/2020\/09\/genevo_gps_hdm_radar.jpg\",\"datePublished\":\"2021-05-14T08:11:11+00:00\",\"description\":\"P\u00e5litligt instegspaket med tr\u00e5dl\u00f6s Genevo GPS+ HDM+ radardetektor och Genevo FF2 laserst\u00f6rare f\u00f6r fast installation i fordonet.\",\"breadcrumb\":{\"@id\":\"https:\/\/radarservice.eu\/sv\/produkt\/genevo-gps-hdm-radarantenn-genevo-ff2-laser-jammer\/#breadcrumb\"},\"inLanguage\":\"sv-SE\",\"potentialAction\":[{\"@type\":\"ReadAction\",\"target\":[\"https:\/\/radarservice.eu\/sv\/produkt\/genevo-gps-hdm-radarantenn-genevo-ff2-laser-jammer\/\"]}]},{\"@type\":\"ImageObject\",\"inLanguage\":\"sv-SE\",\"@id\":\"https:\/\/radarservice.eu\/sv\/produkt\/genevo-gps-hdm-radarantenn-genevo-ff2-laser-jammer\/#primaryimage\",\"url\":\"https:\/\/radarservice.eu\/wp-content\/uploads\/2020\/09\/genevo_gps_hdm_radar.jpg\",\"contentUrl\":\"https:\/\/radarservice.eu\/wp-content\/uploads\/2020\/09\/genevo_gps_hdm_radar.jpg\",\"width\":990,\"height\":720,\"caption\":\"Genevo HDM+ GPS-paket\"},{\"@type\":\"BreadcrumbList\",\"@id\":\"https:\/\/radarservice.eu\/sv\/produkt\/genevo-gps-hdm-radarantenn-genevo-ff2-laser-jammer\/#breadcrumb\",\"itemListElement\":[{\"@type\":\"ListItem\",\"position\":1,\"name\":\"Butik\",\"item\":\"https:\/\/radarservice.eu\/sv\/butik\/\"},{\"@type\":\"ListItem\",\"position\":2,\"name\":\"GENEVO GPS+&#038; HDM+ RADARANTENN &#038; GENEVO FF2 LASER JAMMER\"}]},{\"@type\":\"WebSite\",\"@id\":\"https:\/\/radarservice.eu\/sv\/#website\",\"url\":\"https:\/\/radarservice.eu\/sv\/\",\"name\":\"Radar Service\",\"description\":\"Radar detector Laser jammer mobile fix\",\"publisher\":{\"@id\":\"https:\/\/radarservice.eu\/sv\/#organization\"},\"potentialAction\":[{\"@type\":\"SearchAction\",\"target\":{\"@type\":\"EntryPoint\",\"urlTemplate\":\"https:\/\/radarservice.eu\/sv\/?s={search_term_string}\"},\"query-input\":{\"@type\":\"PropertyValueSpecification\",\"valueRequired\":true,\"valueName\":\"search_term_string\"}}],\"inLanguage\":\"sv-SE\"},{\"@type\":\"Organization\",\"@id\":\"https:\/\/radarservice.eu\/sv\/#organization\",\"name\":\"RadarService\",\"url\":\"https:\/\/radarservice.eu\/sv\/\",\"logo\":{\"@type\":\"ImageObject\",\"inLanguage\":\"sv-SE\",\"@id\":\"https:\/\/radarservice.eu\/sv\/#\/schema\/logo\/image\/\",\"url\":\"https:\/\/radarservice.eu\/wp-content\/uploads\/2021\/03\/Radar_detector_service.png\",\"contentUrl\":\"https:\/\/radarservice.eu\/wp-content\/uploads\/2021\/03\/Radar_detector_service.png\",\"width\":174,\"height\":48,\"caption\":\"RadarService\"},\"image\":{\"@id\":\"https:\/\/radarservice.eu\/sv\/#\/schema\/logo\/image\/\"}}]}<\/script>\n<!-- \/ Yoast SEO plugin. -->","yoast_head_json":{"title":"GENEVO GPS+& HDM+ RADARANTENN & GENEVO FF2 LASER JAMMER","description":"P\u00e5litligt instegspaket med tr\u00e5dl\u00f6s Genevo GPS+ HDM+ radardetektor och Genevo FF2 laserst\u00f6rare f\u00f6r fast installation i fordonet.","robots":{"index":"index","follow":"follow","max-snippet":"max-snippet:-1","max-image-preview":"max-image-preview:large","max-video-preview":"max-video-preview:-1"},"canonical":"https:\/\/radarservice.eu\/sv\/produkt\/genevo-gps-hdm-radarantenn-genevo-ff2-laser-jammer\/","og_locale":"sv_SE","og_type":"article","og_title":"GENEVO GPS+& HDM+ RADARANTENN & GENEVO FF2 LASER JAMMER","og_description":"P\u00e5litligt instegspaket med tr\u00e5dl\u00f6s Genevo GPS+ HDM+ radardetektor och Genevo FF2 laserst\u00f6rare f\u00f6r fast installation i fordonet.","og_url":"https:\/\/radarservice.eu\/sv\/produkt\/genevo-gps-hdm-radarantenn-genevo-ff2-laser-jammer\/","og_site_name":"Radar Service","og_image":[{"width":990,"height":720,"url":"https:\/\/radarservice.eu\/wp-content\/uploads\/2020\/09\/genevo_gps_hdm_radar.jpg","type":"image\/jpeg"}],"twitter_card":"summary_large_image","twitter_misc":{"Ber\u00e4knad l\u00e4stid":"1 minut"},"schema":{"@context":"https:\/\/schema.org","@graph":[{"@type":"WebPage","@id":"https:\/\/radarservice.eu\/sv\/produkt\/genevo-gps-hdm-radarantenn-genevo-ff2-laser-jammer\/","url":"https:\/\/radarservice.eu\/sv\/produkt\/genevo-gps-hdm-radarantenn-genevo-ff2-laser-jammer\/","name":"GENEVO GPS+& HDM+ RADARANTENN & GENEVO FF2 LASER JAMMER","isPartOf":{"@id":"https:\/\/radarservice.eu\/sv\/#website"},"primaryImageOfPage":{"@id":"https:\/\/radarservice.eu\/sv\/produkt\/genevo-gps-hdm-radarantenn-genevo-ff2-laser-jammer\/#primaryimage"},"image":{"@id":"https:\/\/radarservice.eu\/sv\/produkt\/genevo-gps-hdm-radarantenn-genevo-ff2-laser-jammer\/#primaryimage"},"thumbnailUrl":"https:\/\/radarservice.eu\/wp-content\/uploads\/2020\/09\/genevo_gps_hdm_radar.jpg","datePublished":"2021-05-14T08:11:11+00:00","description":"P\u00e5litligt instegspaket med tr\u00e5dl\u00f6s Genevo GPS+ HDM+ radardetektor och Genevo FF2 laserst\u00f6rare f\u00f6r fast installation i fordonet.","breadcrumb":{"@id":"https:\/\/radarservice.eu\/sv\/produkt\/genevo-gps-hdm-radarantenn-genevo-ff2-laser-jammer\/#breadcrumb"},"inLanguage":"sv-SE","potentialAction":[{"@type":"ReadAction","target":["https:\/\/radarservice.eu\/sv\/produkt\/genevo-gps-hdm-radarantenn-genevo-ff2-laser-jammer\/"]}]},{"@type":"ImageObject","inLanguage":"sv-SE","@id":"https:\/\/radarservice.eu\/sv\/produkt\/genevo-gps-hdm-radarantenn-genevo-ff2-laser-jammer\/#primaryimage","url":"https:\/\/radarservice.eu\/wp-content\/uploads\/2020\/09\/genevo_gps_hdm_radar.jpg","contentUrl":"https:\/\/radarservice.eu\/wp-content\/uploads\/2020\/09\/genevo_gps_hdm_radar.jpg","width":990,"height":720,"caption":"Genevo HDM+ GPS-paket"},{"@type":"BreadcrumbList","@id":"https:\/\/radarservice.eu\/sv\/produkt\/genevo-gps-hdm-radarantenn-genevo-ff2-laser-jammer\/#breadcrumb","itemListElement":[{"@type":"ListItem","position":1,"name":"Butik","item":"https:\/\/radarservice.eu\/sv\/butik\/"},{"@type":"ListItem","position":2,"name":"GENEVO GPS+&#038; HDM+ RADARANTENN &#038; GENEVO FF2 LASER JAMMER"}]},{"@type":"WebSite","@id":"https:\/\/radarservice.eu\/sv\/#website","url":"https:\/\/radarservice.eu\/sv\/","name":"Radar Service","description":"Radar detector Laser jammer mobile fix","publisher":{"@id":"https:\/\/radarservice.eu\/sv\/#organization"},"potentialAction":[{"@type":"SearchAction","target":{"@type":"EntryPoint","urlTemplate":"https:\/\/radarservice.eu\/sv\/?s={search_term_string}"},"query-input":{"@type":"PropertyValueSpecification","valueRequired":true,"valueName":"search_term_string"}}],"inLanguage":"sv-SE"},{"@type":"Organization","@id":"https:\/\/radarservice.eu\/sv\/#organization","name":"RadarService","url":"https:\/\/radarservice.eu\/sv\/","logo":{"@type":"ImageObject","inLanguage":"sv-SE","@id":"https:\/\/radarservice.eu\/sv\/#\/schema\/logo\/image\/","url":"https:\/\/radarservice.eu\/wp-content\/uploads\/2021\/03\/Radar_detector_service.png","contentUrl":"https:\/\/radarservice.eu\/wp-content\/uploads\/2021\/03\/Radar_detector_service.png","width":174,"height":48,"caption":"RadarService"},"image":{"@id":"https:\/\/radarservice.eu\/sv\/#\/schema\/logo\/image\/"}}]}},"_links":{"self":[{"href":"https:\/\/radarservice.eu\/sv\/wp-json\/wp\/v2\/product\/15961","targetHints":{"allow":["GET"]}}],"collection":[{"href":"https:\/\/radarservice.eu\/sv\/wp-json\/wp\/v2\/product"}],"about":[{"href":"https:\/\/radarservice.eu\/sv\/wp-json\/wp\/v2\/types\/product"}],"replies":[{"embeddable":true,"href":"https:\/\/radarservice.eu\/sv\/wp-json\/wp\/v2\/comments?post=15961"}],"wp:featuredmedia":[{"embeddable":true,"href":"https:\/\/radarservice.eu\/sv\/wp-json\/wp\/v2\/media\/15965"}],"wp:attachment":[{"href":"https:\/\/radarservice.eu\/sv\/wp-json\/wp\/v2\/media?parent=15961"}],"wp:term":[{"taxonomy":"product_brand","embeddable":true,"href":"https:\/\/radarservice.eu\/sv\/wp-json\/wp\/v2\/product_brand?post=15961"},{"taxonomy":"product_cat","embeddable":true,"href":"https:\/\/radarservice.eu\/sv\/wp-json\/wp\/v2\/product_cat?post=15961"},{"taxonomy":"product_tag","embeddable":true,"href":"https:\/\/radarservice.eu\/sv\/wp-json\/wp\/v2\/product_tag?post=15961"}],"curies":[{"name":"wp","href":"https:\/\/api.w.org\/{rel}","templated":true}]}}