{"id":15957,"date":"2021-05-14T09:46:45","date_gmt":"2021-05-14T07:46:45","guid":{"rendered":"https:\/\/radarservice.eu\/produkt\/stinger-freedom-laser-fiberoptik-och-beroeringsfaelt\/"},"modified":"2023-07-25T20:32:35","modified_gmt":"2023-07-25T18:32:35","slug":"stinger-freedom-laser-fiberoptik-och-beroeringsfaelt","status":"publish","type":"product","link":"https:\/\/radarservice.eu\/sv\/produkt\/stinger-freedom-laser-fiberoptik-och-beroeringsfaelt\/","title":{"rendered":"Stinger Freedom Laser Fiberoptik och ber\u00f6ringsf\u00e4lt"},"content":{"rendered":"<h1>Stinger Freedom laserst\u00f6rare med osynliga fiberoptiska sensorer och ber\u00f6ringsf\u00e4lt<\/h1>\n<p>.<\/p>\n<p><strong>OPTIMALT LASERSKYDD &#8211; Helt osynligt<\/strong><br \/>.<br \/>\nStinger HD-lasrarna uppt\u00e4cker och analyserar laserm\u00e4tningar p\u00e5 ett tillf\u00f6rlitligt s\u00e4tt, utan att det syns. Mottagaren och st\u00f6rningssensorerna \u00e4r bundna i fiberoptiska kablar med en diameter p\u00e5 2,5 till 3 mm<br \/>.<br \/>\n och \u00e4r d\u00e4rf\u00f6r praktiskt taget osynliga. De h\u00e4r fiberoptiska sensorerna \u00e4r lika sm\u00e5 som ett t\u00e4ndstickshuvud och hittar en plats i den smalaste springan. <\/p>\n<p><strong>Stinger Freedom Laser ger mer k\u00e4nslighet och mer kraft<\/strong>.<br \/>\nStinger HD-lasrarna \u00e4r kraftfullare \u00e4n sina f\u00f6reg\u00e5ngare, som kombinerade s\u00e4ndare och mottagare i en sensor. Genom att nu bygga de tv\u00e5 komponenterna separat \u00f6kar mottagarens k\u00e4nslighet samtidigt som s\u00e4ndarens verkan blir kraftigare. <\/p>\n<p><strong>Touchf\u00e4lt f\u00f6r drift och visuell varning<\/strong><br \/>.<br \/>\nEtt modernt ber\u00f6ringsf\u00e4lt signalerar visuellt varningar under laserm\u00e4tningar. Dessutom kan pekf\u00e4ltet anv\u00e4ndas f\u00f6r att konfigurera systemet, t.ex. f\u00f6r att st\u00e4nga av ljudet, reglera volymen etc. <\/p>\n<p>.<\/p>\n","protected":false},"excerpt":{"rendered":"<p>Stinger Freedom laserst\u00f6rare med osynliga fiberoptiska sensorer och ber\u00f6ringsf\u00e4lt . OPTIMALT LASERSKYDD &#8211; Helt osynligt. Stinger HD-lasrarna uppt\u00e4cker och analyserar laserm\u00e4tningar p\u00e5 ett tillf\u00f6rlitligt s\u00e4tt, utan att det syns. Mottagaren och st\u00f6rningssensorerna \u00e4r bundna i fiberoptiska kablar med en diameter p\u00e5 2,5 till 3 mm. och \u00e4r d\u00e4rf\u00f6r praktiskt taget osynliga. De h\u00e4r fiberoptiska sensorerna [&#8230;]\n","protected":false},"featured_media":15958,"comment_status":"open","ping_status":"closed","template":"","meta":[],"product_brand":[],"product_cat":[1769,1773,1774],"product_tag":[],"class_list":{"0":"post-15957","1":"product","2":"type-product","3":"status-publish","4":"has-post-thumbnail","6":"product_cat-laser-stoersaendare","7":"product_cat-rekommenderade-storare","8":"product_cat-stinger-sv","10":"first","11":"instock","12":"taxable","13":"shipping-taxable","14":"purchasable","15":"product-type-variable","16":"has-default-attributes"},"yoast_head":"<!-- This site is optimized with the Yoast SEO plugin v27.2 - https:\/\/yoast.com\/product\/yoast-seo-wordpress\/ -->\n<title>Stinger Freedom Laser Fiberoptik och ber\u00f6ringsf\u00e4lt | Radar Service<\/title>\n<meta name=\"description\" content=\"Stinger Freedom laserst\u00f6rare med osynliga fiberoptiska sensorer och ber\u00f6ringsf\u00e4lt. F\u00f6rhindrar hastighetsm\u00e4tningar med laserm\u00e4tare.\" \/>\n<meta name=\"robots\" content=\"index, follow, max-snippet:-1, max-image-preview:large, max-video-preview:-1\" \/>\n<link rel=\"canonical\" href=\"https:\/\/radarservice.eu\/sv\/produkt\/stinger-freedom-laser-fiberoptik-och-beroeringsfaelt\/\" \/>\n<meta property=\"og:locale\" content=\"sv_SE\" \/>\n<meta property=\"og:type\" content=\"article\" \/>\n<meta property=\"og:title\" content=\"Stinger Freedom Laser Fiberoptik och ber\u00f6ringsf\u00e4lt | Radar Service\" \/>\n<meta property=\"og:description\" content=\"Stinger Freedom laserst\u00f6rare med osynliga fiberoptiska sensorer och ber\u00f6ringsf\u00e4lt. F\u00f6rhindrar hastighetsm\u00e4tningar med laserm\u00e4tare.\" \/>\n<meta property=\"og:url\" content=\"https:\/\/radarservice.eu\/sv\/produkt\/stinger-freedom-laser-fiberoptik-och-beroeringsfaelt\/\" \/>\n<meta property=\"og:site_name\" content=\"Radar Service\" \/>\n<meta property=\"article:modified_time\" content=\"2023-07-25T18:32:35+00:00\" \/>\n<meta property=\"og:image\" content=\"https:\/\/radarservice.eu\/wp-content\/uploads\/2020\/11\/Stinger-Freedom-Touchfeld-scaled.jpg\" \/>\n\t<meta property=\"og:image:width\" content=\"2048\" \/>\n\t<meta property=\"og:image:height\" content=\"1366\" \/>\n\t<meta property=\"og:image:type\" content=\"image\/jpeg\" \/>\n<meta name=\"twitter:card\" content=\"summary_large_image\" \/>\n<meta name=\"twitter:label1\" content=\"Ber\u00e4knad l\u00e4stid\" \/>\n\t<meta name=\"twitter:data1\" content=\"1 minut\" \/>\n<script type=\"application\/ld+json\" class=\"yoast-schema-graph\">{\"@context\":\"https:\/\/schema.org\",\"@graph\":[{\"@type\":\"WebPage\",\"@id\":\"https:\/\/radarservice.eu\/sv\/produkt\/stinger-freedom-laser-fiberoptik-och-beroeringsfaelt\/\",\"url\":\"https:\/\/radarservice.eu\/sv\/produkt\/stinger-freedom-laser-fiberoptik-och-beroeringsfaelt\/\",\"name\":\"Stinger Freedom Laser Fiberoptik och ber\u00f6ringsf\u00e4lt | Radar Service\",\"isPartOf\":{\"@id\":\"https:\/\/radarservice.eu\/sv\/#website\"},\"primaryImageOfPage\":{\"@id\":\"https:\/\/radarservice.eu\/sv\/produkt\/stinger-freedom-laser-fiberoptik-och-beroeringsfaelt\/#primaryimage\"},\"image\":{\"@id\":\"https:\/\/radarservice.eu\/sv\/produkt\/stinger-freedom-laser-fiberoptik-och-beroeringsfaelt\/#primaryimage\"},\"thumbnailUrl\":\"https:\/\/radarservice.eu\/wp-content\/uploads\/2020\/11\/Stinger-Freedom-Touchfeld-scaled.jpg\",\"datePublished\":\"2021-05-14T07:46:45+00:00\",\"dateModified\":\"2023-07-25T18:32:35+00:00\",\"description\":\"Stinger Freedom laserst\u00f6rare med osynliga fiberoptiska sensorer och ber\u00f6ringsf\u00e4lt. F\u00f6rhindrar hastighetsm\u00e4tningar med laserm\u00e4tare.\",\"breadcrumb\":{\"@id\":\"https:\/\/radarservice.eu\/sv\/produkt\/stinger-freedom-laser-fiberoptik-och-beroeringsfaelt\/#breadcrumb\"},\"inLanguage\":\"sv-SE\",\"potentialAction\":[{\"@type\":\"ReadAction\",\"target\":[\"https:\/\/radarservice.eu\/sv\/produkt\/stinger-freedom-laser-fiberoptik-och-beroeringsfaelt\/\"]}]},{\"@type\":\"ImageObject\",\"inLanguage\":\"sv-SE\",\"@id\":\"https:\/\/radarservice.eu\/sv\/produkt\/stinger-freedom-laser-fiberoptik-och-beroeringsfaelt\/#primaryimage\",\"url\":\"https:\/\/radarservice.eu\/wp-content\/uploads\/2020\/11\/Stinger-Freedom-Touchfeld-scaled.jpg\",\"contentUrl\":\"https:\/\/radarservice.eu\/wp-content\/uploads\/2020\/11\/Stinger-Freedom-Touchfeld-scaled.jpg\",\"width\":2048,\"height\":1366,\"caption\":\"Stinger Freedom Touch Field\"},{\"@type\":\"BreadcrumbList\",\"@id\":\"https:\/\/radarservice.eu\/sv\/produkt\/stinger-freedom-laser-fiberoptik-och-beroeringsfaelt\/#breadcrumb\",\"itemListElement\":[{\"@type\":\"ListItem\",\"position\":1,\"name\":\"Butik\",\"item\":\"https:\/\/radarservice.eu\/sv\/butik\/\"},{\"@type\":\"ListItem\",\"position\":2,\"name\":\"Stinger Freedom Laser Fiberoptik och ber\u00f6ringsf\u00e4lt\"}]},{\"@type\":\"WebSite\",\"@id\":\"https:\/\/radarservice.eu\/sv\/#website\",\"url\":\"https:\/\/radarservice.eu\/sv\/\",\"name\":\"Radar Service\",\"description\":\"Radar detector Laser jammer mobile fix\",\"publisher\":{\"@id\":\"https:\/\/radarservice.eu\/sv\/#organization\"},\"potentialAction\":[{\"@type\":\"SearchAction\",\"target\":{\"@type\":\"EntryPoint\",\"urlTemplate\":\"https:\/\/radarservice.eu\/sv\/?s={search_term_string}\"},\"query-input\":{\"@type\":\"PropertyValueSpecification\",\"valueRequired\":true,\"valueName\":\"search_term_string\"}}],\"inLanguage\":\"sv-SE\"},{\"@type\":\"Organization\",\"@id\":\"https:\/\/radarservice.eu\/sv\/#organization\",\"name\":\"RadarService\",\"url\":\"https:\/\/radarservice.eu\/sv\/\",\"logo\":{\"@type\":\"ImageObject\",\"inLanguage\":\"sv-SE\",\"@id\":\"https:\/\/radarservice.eu\/sv\/#\/schema\/logo\/image\/\",\"url\":\"https:\/\/radarservice.eu\/wp-content\/uploads\/2021\/03\/Radar_detector_service.png\",\"contentUrl\":\"https:\/\/radarservice.eu\/wp-content\/uploads\/2021\/03\/Radar_detector_service.png\",\"width\":174,\"height\":48,\"caption\":\"RadarService\"},\"image\":{\"@id\":\"https:\/\/radarservice.eu\/sv\/#\/schema\/logo\/image\/\"}}]}<\/script>\n<!-- \/ Yoast SEO plugin. -->","yoast_head_json":{"title":"Stinger Freedom Laser Fiberoptik och ber\u00f6ringsf\u00e4lt | Radar Service","description":"Stinger Freedom laserst\u00f6rare med osynliga fiberoptiska sensorer och ber\u00f6ringsf\u00e4lt. F\u00f6rhindrar hastighetsm\u00e4tningar med laserm\u00e4tare.","robots":{"index":"index","follow":"follow","max-snippet":"max-snippet:-1","max-image-preview":"max-image-preview:large","max-video-preview":"max-video-preview:-1"},"canonical":"https:\/\/radarservice.eu\/sv\/produkt\/stinger-freedom-laser-fiberoptik-och-beroeringsfaelt\/","og_locale":"sv_SE","og_type":"article","og_title":"Stinger Freedom Laser Fiberoptik och ber\u00f6ringsf\u00e4lt | Radar Service","og_description":"Stinger Freedom laserst\u00f6rare med osynliga fiberoptiska sensorer och ber\u00f6ringsf\u00e4lt. F\u00f6rhindrar hastighetsm\u00e4tningar med laserm\u00e4tare.","og_url":"https:\/\/radarservice.eu\/sv\/produkt\/stinger-freedom-laser-fiberoptik-och-beroeringsfaelt\/","og_site_name":"Radar Service","article_modified_time":"2023-07-25T18:32:35+00:00","og_image":[{"width":2048,"height":1366,"url":"https:\/\/radarservice.eu\/wp-content\/uploads\/2020\/11\/Stinger-Freedom-Touchfeld-scaled.jpg","type":"image\/jpeg"}],"twitter_card":"summary_large_image","twitter_misc":{"Ber\u00e4knad l\u00e4stid":"1 minut"},"schema":{"@context":"https:\/\/schema.org","@graph":[{"@type":"WebPage","@id":"https:\/\/radarservice.eu\/sv\/produkt\/stinger-freedom-laser-fiberoptik-och-beroeringsfaelt\/","url":"https:\/\/radarservice.eu\/sv\/produkt\/stinger-freedom-laser-fiberoptik-och-beroeringsfaelt\/","name":"Stinger Freedom Laser Fiberoptik och ber\u00f6ringsf\u00e4lt | Radar Service","isPartOf":{"@id":"https:\/\/radarservice.eu\/sv\/#website"},"primaryImageOfPage":{"@id":"https:\/\/radarservice.eu\/sv\/produkt\/stinger-freedom-laser-fiberoptik-och-beroeringsfaelt\/#primaryimage"},"image":{"@id":"https:\/\/radarservice.eu\/sv\/produkt\/stinger-freedom-laser-fiberoptik-och-beroeringsfaelt\/#primaryimage"},"thumbnailUrl":"https:\/\/radarservice.eu\/wp-content\/uploads\/2020\/11\/Stinger-Freedom-Touchfeld-scaled.jpg","datePublished":"2021-05-14T07:46:45+00:00","dateModified":"2023-07-25T18:32:35+00:00","description":"Stinger Freedom laserst\u00f6rare med osynliga fiberoptiska sensorer och ber\u00f6ringsf\u00e4lt. F\u00f6rhindrar hastighetsm\u00e4tningar med laserm\u00e4tare.","breadcrumb":{"@id":"https:\/\/radarservice.eu\/sv\/produkt\/stinger-freedom-laser-fiberoptik-och-beroeringsfaelt\/#breadcrumb"},"inLanguage":"sv-SE","potentialAction":[{"@type":"ReadAction","target":["https:\/\/radarservice.eu\/sv\/produkt\/stinger-freedom-laser-fiberoptik-och-beroeringsfaelt\/"]}]},{"@type":"ImageObject","inLanguage":"sv-SE","@id":"https:\/\/radarservice.eu\/sv\/produkt\/stinger-freedom-laser-fiberoptik-och-beroeringsfaelt\/#primaryimage","url":"https:\/\/radarservice.eu\/wp-content\/uploads\/2020\/11\/Stinger-Freedom-Touchfeld-scaled.jpg","contentUrl":"https:\/\/radarservice.eu\/wp-content\/uploads\/2020\/11\/Stinger-Freedom-Touchfeld-scaled.jpg","width":2048,"height":1366,"caption":"Stinger Freedom Touch Field"},{"@type":"BreadcrumbList","@id":"https:\/\/radarservice.eu\/sv\/produkt\/stinger-freedom-laser-fiberoptik-och-beroeringsfaelt\/#breadcrumb","itemListElement":[{"@type":"ListItem","position":1,"name":"Butik","item":"https:\/\/radarservice.eu\/sv\/butik\/"},{"@type":"ListItem","position":2,"name":"Stinger Freedom Laser Fiberoptik och ber\u00f6ringsf\u00e4lt"}]},{"@type":"WebSite","@id":"https:\/\/radarservice.eu\/sv\/#website","url":"https:\/\/radarservice.eu\/sv\/","name":"Radar Service","description":"Radar detector Laser jammer mobile fix","publisher":{"@id":"https:\/\/radarservice.eu\/sv\/#organization"},"potentialAction":[{"@type":"SearchAction","target":{"@type":"EntryPoint","urlTemplate":"https:\/\/radarservice.eu\/sv\/?s={search_term_string}"},"query-input":{"@type":"PropertyValueSpecification","valueRequired":true,"valueName":"search_term_string"}}],"inLanguage":"sv-SE"},{"@type":"Organization","@id":"https:\/\/radarservice.eu\/sv\/#organization","name":"RadarService","url":"https:\/\/radarservice.eu\/sv\/","logo":{"@type":"ImageObject","inLanguage":"sv-SE","@id":"https:\/\/radarservice.eu\/sv\/#\/schema\/logo\/image\/","url":"https:\/\/radarservice.eu\/wp-content\/uploads\/2021\/03\/Radar_detector_service.png","contentUrl":"https:\/\/radarservice.eu\/wp-content\/uploads\/2021\/03\/Radar_detector_service.png","width":174,"height":48,"caption":"RadarService"},"image":{"@id":"https:\/\/radarservice.eu\/sv\/#\/schema\/logo\/image\/"}}]}},"_links":{"self":[{"href":"https:\/\/radarservice.eu\/sv\/wp-json\/wp\/v2\/product\/15957","targetHints":{"allow":["GET"]}}],"collection":[{"href":"https:\/\/radarservice.eu\/sv\/wp-json\/wp\/v2\/product"}],"about":[{"href":"https:\/\/radarservice.eu\/sv\/wp-json\/wp\/v2\/types\/product"}],"replies":[{"embeddable":true,"href":"https:\/\/radarservice.eu\/sv\/wp-json\/wp\/v2\/comments?post=15957"}],"wp:featuredmedia":[{"embeddable":true,"href":"https:\/\/radarservice.eu\/sv\/wp-json\/wp\/v2\/media\/15958"}],"wp:attachment":[{"href":"https:\/\/radarservice.eu\/sv\/wp-json\/wp\/v2\/media?parent=15957"}],"wp:term":[{"taxonomy":"product_brand","embeddable":true,"href":"https:\/\/radarservice.eu\/sv\/wp-json\/wp\/v2\/product_brand?post=15957"},{"taxonomy":"product_cat","embeddable":true,"href":"https:\/\/radarservice.eu\/sv\/wp-json\/wp\/v2\/product_cat?post=15957"},{"taxonomy":"product_tag","embeddable":true,"href":"https:\/\/radarservice.eu\/sv\/wp-json\/wp\/v2\/product_tag?post=15957"}],"curies":[{"name":"wp","href":"https:\/\/api.w.org\/{rel}","templated":true}]}}