{"id":15952,"date":"2021-05-14T09:44:04","date_gmt":"2021-05-14T07:44:04","guid":{"rendered":"https:\/\/radarservice.eu\/produkt\/stinger-vip-radarwarner-stinger-freedom-laser-fiberoptik\/"},"modified":"2021-05-14T09:44:04","modified_gmt":"2021-05-14T07:44:04","slug":"stinger-vip-radarwarner-stinger-freedom-laser-fiberoptik","status":"publish","type":"product","link":"https:\/\/radarservice.eu\/sv\/produkt\/stinger-vip-radarwarner-stinger-freedom-laser-fiberoptik\/","title":{"rendered":"Stinger VIP Radarwarner &#038; Stinger Freedom Laser Fiberoptik"},"content":{"rendered":"<h1>Stinger VIP fast monterad radardetektor och Stinger Freedom Laser Fiber Optic<\/h1>\n<h3>STINGER VIP fast monterad radardetektor<\/h3>\n<p><strong>Osynlig radardetektor f\u00f6r dold installation<\/strong><br \/>.<br \/>\nStinger VIP kan installeras osynligt i motorrummet. Varningarna visas via en modern f\u00e4rgsk\u00e4rm med pekfunktion i fordonets inre. Dessutom ljuder de akustiska varningssignalerna. Om s\u00e5 \u00f6nskas kan \u00e4ven en r\u00f6stutg\u00e5ng aktiveras f\u00f6r varningen. Detta g\u00f6r att f\u00f6raren inte distraheras fr\u00e5n trafiken. Vid behov kan displayen tas bort fr\u00e5n den magnetiska h\u00e5llaren med ett handtag. <\/p>\n<p><strong>maximal s\u00e4kerhet<\/strong><br \/>.<br \/>\nMobila hastighetsf\u00e4llor, laserkanoner, m\u00e4tningar av sektionskontrollsektioner, r\u00f6rlig radar (fr\u00e5n fordon i r\u00f6relse), fasta hastighetsf\u00e4llor och hastighetskameror f\u00f6r trafikljus uppt\u00e4cks p\u00e5 ett tillf\u00f6rlitligt s\u00e4tt. <\/p>\n<h3>STINGER VIP LASER<\/h3>\n<p><strong>OPTIMALT LASERSKYDD &#8211; Helt osynligt<\/strong><br \/>.<br \/>\nStinger lasrar i fiberoptik uppt\u00e4cker och analyserar laserm\u00e4tningar p\u00e5 ett tillf\u00f6rlitligt s\u00e4tt och p\u00e5 ett osynligt s\u00e4tt. Mottagaren och st\u00f6rsensorerna \u00e4r var och en av dem bundna i en separat fiberoptisk kabel med en diameter p\u00e5 ca 2,7 mm (laserst\u00f6rs\u00e4ndare) och ca 3,2 mm (lasermottagare). Genom att separera mottagaren och st\u00f6rningssensorn kan de enskilda optiska fibrerna installeras n\u00e4stan osynligt. <\/p>\n<p>F\u00f6r en normal bil kr\u00e4vs minst 1 mottagare och 1 laser jammer (enkel version) per fordonsfront. F\u00f6r \u00f6kad s\u00e4kerhet och b\u00e4ttre t\u00e4ckning rekommenderar vi 2 mottagare och 2 st\u00f6rs\u00e4ndare vardera (DUAL VERSION). F\u00f6r SUV:s eller sk\u00e5pbilar, v\u00e4lj DUAL-versionen med 2 mottagar- och 2 st\u00f6rs\u00e4ndarsensorer per fordonsfront f\u00f6r tillf\u00f6rlitlig funktion.    <\/p>\n<p><strong>Framtidss\u00e4kert<\/strong><br \/>.<br \/>\nTack vare den modul\u00e4ra konstruktionen kan systemet ut\u00f6kas med ytterligare sensorer f\u00f6r att alltid vara fullt skyddat i framtiden.<\/p>\n","protected":false},"excerpt":{"rendered":"<p>Stinger VIP fast monterad radardetektor och Stinger Freedom Laser Fiber Optic STINGER VIP fast monterad radardetektor Osynlig radardetektor f\u00f6r dold installation. Stinger VIP kan installeras osynligt i motorrummet. Varningarna visas via en modern f\u00e4rgsk\u00e4rm med pekfunktion i fordonets inre. Dessutom ljuder de akustiska varningssignalerna. Om s\u00e5 \u00f6nskas kan \u00e4ven en r\u00f6stutg\u00e5ng aktiveras f\u00f6r varningen. Detta [&#8230;]\n","protected":false},"featured_media":15953,"comment_status":"open","ping_status":"closed","template":"","meta":[],"product_brand":[],"product_cat":[1772,1774],"product_tag":[],"class_list":{"0":"post-15952","1":"product","2":"type-product","3":"status-publish","4":"has-post-thumbnail","6":"product_cat-rekommenderade-kompletta-paket","7":"product_cat-stinger-sv","9":"first","10":"instock","11":"sale","12":"taxable","13":"shipping-taxable","14":"purchasable","15":"product-type-simple"},"yoast_head":"<!-- This site is optimized with the Yoast SEO plugin v27.2 - https:\/\/yoast.com\/product\/yoast-seo-wordpress\/ -->\n<title>Stinger VIP Radarwarner &amp; Stinger Freedom Laser Fiberoptik<\/title>\n<meta name=\"description\" content=\"Stinger VIP fast radardetektor och lasersamlare f\u00f6r osynlig installation i motorrummet. L\u00e4mplig f\u00f6r anv\u00e4ndning i Europa.\" \/>\n<meta name=\"robots\" content=\"index, follow, max-snippet:-1, max-image-preview:large, max-video-preview:-1\" \/>\n<link rel=\"canonical\" href=\"https:\/\/radarservice.eu\/sv\/produkt\/stinger-vip-radarwarner-stinger-freedom-laser-fiberoptik\/\" \/>\n<meta property=\"og:locale\" content=\"sv_SE\" \/>\n<meta property=\"og:type\" content=\"article\" \/>\n<meta property=\"og:title\" content=\"Stinger VIP Radarwarner &amp; Stinger Freedom Laser Fiberoptik\" \/>\n<meta property=\"og:description\" content=\"Stinger VIP fast radardetektor och lasersamlare f\u00f6r osynlig installation i motorrummet. L\u00e4mplig f\u00f6r anv\u00e4ndning i Europa.\" \/>\n<meta property=\"og:url\" content=\"https:\/\/radarservice.eu\/sv\/produkt\/stinger-vip-radarwarner-stinger-freedom-laser-fiberoptik\/\" \/>\n<meta property=\"og:site_name\" content=\"Radar Service\" \/>\n<meta property=\"og:image\" content=\"https:\/\/radarservice.eu\/wp-content\/uploads\/2020\/11\/Stinger_VIP_display.jpg\" \/>\n\t<meta property=\"og:image:width\" content=\"580\" \/>\n\t<meta property=\"og:image:height\" content=\"370\" \/>\n\t<meta property=\"og:image:type\" content=\"image\/jpeg\" \/>\n<meta name=\"twitter:card\" content=\"summary_large_image\" \/>\n<meta name=\"twitter:label1\" content=\"Ber\u00e4knad l\u00e4stid\" \/>\n\t<meta name=\"twitter:data1\" content=\"1 minut\" \/>\n<script type=\"application\/ld+json\" class=\"yoast-schema-graph\">{\"@context\":\"https:\/\/schema.org\",\"@graph\":[{\"@type\":\"WebPage\",\"@id\":\"https:\/\/radarservice.eu\/sv\/produkt\/stinger-vip-radarwarner-stinger-freedom-laser-fiberoptik\/\",\"url\":\"https:\/\/radarservice.eu\/sv\/produkt\/stinger-vip-radarwarner-stinger-freedom-laser-fiberoptik\/\",\"name\":\"Stinger VIP Radarwarner & Stinger Freedom Laser Fiberoptik\",\"isPartOf\":{\"@id\":\"https:\/\/radarservice.eu\/sv\/#website\"},\"primaryImageOfPage\":{\"@id\":\"https:\/\/radarservice.eu\/sv\/produkt\/stinger-vip-radarwarner-stinger-freedom-laser-fiberoptik\/#primaryimage\"},\"image\":{\"@id\":\"https:\/\/radarservice.eu\/sv\/produkt\/stinger-vip-radarwarner-stinger-freedom-laser-fiberoptik\/#primaryimage\"},\"thumbnailUrl\":\"https:\/\/radarservice.eu\/wp-content\/uploads\/2020\/11\/Stinger_VIP_display.jpg\",\"datePublished\":\"2021-05-14T07:44:04+00:00\",\"description\":\"Stinger VIP fast radardetektor och lasersamlare f\u00f6r osynlig installation i motorrummet. L\u00e4mplig f\u00f6r anv\u00e4ndning i Europa.\",\"breadcrumb\":{\"@id\":\"https:\/\/radarservice.eu\/sv\/produkt\/stinger-vip-radarwarner-stinger-freedom-laser-fiberoptik\/#breadcrumb\"},\"inLanguage\":\"sv-SE\",\"potentialAction\":[{\"@type\":\"ReadAction\",\"target\":[\"https:\/\/radarservice.eu\/sv\/produkt\/stinger-vip-radarwarner-stinger-freedom-laser-fiberoptik\/\"]}]},{\"@type\":\"ImageObject\",\"inLanguage\":\"sv-SE\",\"@id\":\"https:\/\/radarservice.eu\/sv\/produkt\/stinger-vip-radarwarner-stinger-freedom-laser-fiberoptik\/#primaryimage\",\"url\":\"https:\/\/radarservice.eu\/wp-content\/uploads\/2020\/11\/Stinger_VIP_display.jpg\",\"contentUrl\":\"https:\/\/radarservice.eu\/wp-content\/uploads\/2020\/11\/Stinger_VIP_display.jpg\",\"width\":580,\"height\":370,\"caption\":\"Stinger VIP fast radardetektor + laserst\u00f6rare\"},{\"@type\":\"BreadcrumbList\",\"@id\":\"https:\/\/radarservice.eu\/sv\/produkt\/stinger-vip-radarwarner-stinger-freedom-laser-fiberoptik\/#breadcrumb\",\"itemListElement\":[{\"@type\":\"ListItem\",\"position\":1,\"name\":\"Butik\",\"item\":\"https:\/\/radarservice.eu\/sv\/butik\/\"},{\"@type\":\"ListItem\",\"position\":2,\"name\":\"Stinger VIP Radarwarner &#038; Stinger Freedom Laser Fiberoptik\"}]},{\"@type\":\"WebSite\",\"@id\":\"https:\/\/radarservice.eu\/sv\/#website\",\"url\":\"https:\/\/radarservice.eu\/sv\/\",\"name\":\"Radar Service\",\"description\":\"Radar detector Laser jammer mobile fix\",\"publisher\":{\"@id\":\"https:\/\/radarservice.eu\/sv\/#organization\"},\"potentialAction\":[{\"@type\":\"SearchAction\",\"target\":{\"@type\":\"EntryPoint\",\"urlTemplate\":\"https:\/\/radarservice.eu\/sv\/?s={search_term_string}\"},\"query-input\":{\"@type\":\"PropertyValueSpecification\",\"valueRequired\":true,\"valueName\":\"search_term_string\"}}],\"inLanguage\":\"sv-SE\"},{\"@type\":\"Organization\",\"@id\":\"https:\/\/radarservice.eu\/sv\/#organization\",\"name\":\"RadarService\",\"url\":\"https:\/\/radarservice.eu\/sv\/\",\"logo\":{\"@type\":\"ImageObject\",\"inLanguage\":\"sv-SE\",\"@id\":\"https:\/\/radarservice.eu\/sv\/#\/schema\/logo\/image\/\",\"url\":\"https:\/\/radarservice.eu\/wp-content\/uploads\/2021\/03\/Radar_detector_service.png\",\"contentUrl\":\"https:\/\/radarservice.eu\/wp-content\/uploads\/2021\/03\/Radar_detector_service.png\",\"width\":174,\"height\":48,\"caption\":\"RadarService\"},\"image\":{\"@id\":\"https:\/\/radarservice.eu\/sv\/#\/schema\/logo\/image\/\"}}]}<\/script>\n<!-- \/ Yoast SEO plugin. -->","yoast_head_json":{"title":"Stinger VIP Radarwarner & Stinger Freedom Laser Fiberoptik","description":"Stinger VIP fast radardetektor och lasersamlare f\u00f6r osynlig installation i motorrummet. L\u00e4mplig f\u00f6r anv\u00e4ndning i Europa.","robots":{"index":"index","follow":"follow","max-snippet":"max-snippet:-1","max-image-preview":"max-image-preview:large","max-video-preview":"max-video-preview:-1"},"canonical":"https:\/\/radarservice.eu\/sv\/produkt\/stinger-vip-radarwarner-stinger-freedom-laser-fiberoptik\/","og_locale":"sv_SE","og_type":"article","og_title":"Stinger VIP Radarwarner & Stinger Freedom Laser Fiberoptik","og_description":"Stinger VIP fast radardetektor och lasersamlare f\u00f6r osynlig installation i motorrummet. L\u00e4mplig f\u00f6r anv\u00e4ndning i Europa.","og_url":"https:\/\/radarservice.eu\/sv\/produkt\/stinger-vip-radarwarner-stinger-freedom-laser-fiberoptik\/","og_site_name":"Radar Service","og_image":[{"width":580,"height":370,"url":"https:\/\/radarservice.eu\/wp-content\/uploads\/2020\/11\/Stinger_VIP_display.jpg","type":"image\/jpeg"}],"twitter_card":"summary_large_image","twitter_misc":{"Ber\u00e4knad l\u00e4stid":"1 minut"},"schema":{"@context":"https:\/\/schema.org","@graph":[{"@type":"WebPage","@id":"https:\/\/radarservice.eu\/sv\/produkt\/stinger-vip-radarwarner-stinger-freedom-laser-fiberoptik\/","url":"https:\/\/radarservice.eu\/sv\/produkt\/stinger-vip-radarwarner-stinger-freedom-laser-fiberoptik\/","name":"Stinger VIP Radarwarner & Stinger Freedom Laser Fiberoptik","isPartOf":{"@id":"https:\/\/radarservice.eu\/sv\/#website"},"primaryImageOfPage":{"@id":"https:\/\/radarservice.eu\/sv\/produkt\/stinger-vip-radarwarner-stinger-freedom-laser-fiberoptik\/#primaryimage"},"image":{"@id":"https:\/\/radarservice.eu\/sv\/produkt\/stinger-vip-radarwarner-stinger-freedom-laser-fiberoptik\/#primaryimage"},"thumbnailUrl":"https:\/\/radarservice.eu\/wp-content\/uploads\/2020\/11\/Stinger_VIP_display.jpg","datePublished":"2021-05-14T07:44:04+00:00","description":"Stinger VIP fast radardetektor och lasersamlare f\u00f6r osynlig installation i motorrummet. L\u00e4mplig f\u00f6r anv\u00e4ndning i Europa.","breadcrumb":{"@id":"https:\/\/radarservice.eu\/sv\/produkt\/stinger-vip-radarwarner-stinger-freedom-laser-fiberoptik\/#breadcrumb"},"inLanguage":"sv-SE","potentialAction":[{"@type":"ReadAction","target":["https:\/\/radarservice.eu\/sv\/produkt\/stinger-vip-radarwarner-stinger-freedom-laser-fiberoptik\/"]}]},{"@type":"ImageObject","inLanguage":"sv-SE","@id":"https:\/\/radarservice.eu\/sv\/produkt\/stinger-vip-radarwarner-stinger-freedom-laser-fiberoptik\/#primaryimage","url":"https:\/\/radarservice.eu\/wp-content\/uploads\/2020\/11\/Stinger_VIP_display.jpg","contentUrl":"https:\/\/radarservice.eu\/wp-content\/uploads\/2020\/11\/Stinger_VIP_display.jpg","width":580,"height":370,"caption":"Stinger VIP fast radardetektor + laserst\u00f6rare"},{"@type":"BreadcrumbList","@id":"https:\/\/radarservice.eu\/sv\/produkt\/stinger-vip-radarwarner-stinger-freedom-laser-fiberoptik\/#breadcrumb","itemListElement":[{"@type":"ListItem","position":1,"name":"Butik","item":"https:\/\/radarservice.eu\/sv\/butik\/"},{"@type":"ListItem","position":2,"name":"Stinger VIP Radarwarner &#038; Stinger Freedom Laser Fiberoptik"}]},{"@type":"WebSite","@id":"https:\/\/radarservice.eu\/sv\/#website","url":"https:\/\/radarservice.eu\/sv\/","name":"Radar Service","description":"Radar detector Laser jammer mobile fix","publisher":{"@id":"https:\/\/radarservice.eu\/sv\/#organization"},"potentialAction":[{"@type":"SearchAction","target":{"@type":"EntryPoint","urlTemplate":"https:\/\/radarservice.eu\/sv\/?s={search_term_string}"},"query-input":{"@type":"PropertyValueSpecification","valueRequired":true,"valueName":"search_term_string"}}],"inLanguage":"sv-SE"},{"@type":"Organization","@id":"https:\/\/radarservice.eu\/sv\/#organization","name":"RadarService","url":"https:\/\/radarservice.eu\/sv\/","logo":{"@type":"ImageObject","inLanguage":"sv-SE","@id":"https:\/\/radarservice.eu\/sv\/#\/schema\/logo\/image\/","url":"https:\/\/radarservice.eu\/wp-content\/uploads\/2021\/03\/Radar_detector_service.png","contentUrl":"https:\/\/radarservice.eu\/wp-content\/uploads\/2021\/03\/Radar_detector_service.png","width":174,"height":48,"caption":"RadarService"},"image":{"@id":"https:\/\/radarservice.eu\/sv\/#\/schema\/logo\/image\/"}}]}},"_links":{"self":[{"href":"https:\/\/radarservice.eu\/sv\/wp-json\/wp\/v2\/product\/15952","targetHints":{"allow":["GET"]}}],"collection":[{"href":"https:\/\/radarservice.eu\/sv\/wp-json\/wp\/v2\/product"}],"about":[{"href":"https:\/\/radarservice.eu\/sv\/wp-json\/wp\/v2\/types\/product"}],"replies":[{"embeddable":true,"href":"https:\/\/radarservice.eu\/sv\/wp-json\/wp\/v2\/comments?post=15952"}],"wp:featuredmedia":[{"embeddable":true,"href":"https:\/\/radarservice.eu\/sv\/wp-json\/wp\/v2\/media\/15953"}],"wp:attachment":[{"href":"https:\/\/radarservice.eu\/sv\/wp-json\/wp\/v2\/media?parent=15952"}],"wp:term":[{"taxonomy":"product_brand","embeddable":true,"href":"https:\/\/radarservice.eu\/sv\/wp-json\/wp\/v2\/product_brand?post=15952"},{"taxonomy":"product_cat","embeddable":true,"href":"https:\/\/radarservice.eu\/sv\/wp-json\/wp\/v2\/product_cat?post=15952"},{"taxonomy":"product_tag","embeddable":true,"href":"https:\/\/radarservice.eu\/sv\/wp-json\/wp\/v2\/product_tag?post=15952"}],"curies":[{"name":"wp","href":"https:\/\/api.w.org\/{rel}","templated":true}]}}