{"id":15944,"date":"2021-05-14T09:31:38","date_gmt":"2021-05-14T07:31:38","guid":{"rendered":"https:\/\/radarservice.eu\/produkt\/lasertrack-flare-registreringsskylthallare-dold\/"},"modified":"2025-06-20T05:10:27","modified_gmt":"2025-06-20T03:10:27","slug":"lasertrack-flare-registreringsskylthallare-dold","status":"publish","type":"product","link":"https:\/\/radarservice.eu\/sv\/produkt\/lasertrack-flare-registreringsskylthallare-dold\/","title":{"rendered":"Lasertrack Flare registreringsskylth\u00e5llare dold"},"content":{"rendered":"<h1>Target Lasertrack Flare \u00e4r osynligt g\u00f6md i registreringsskylth\u00e5llaren<\/h1>\n<p><strong>LaserTrack Flare \u00e4r osynligt g\u00f6md i registreringsskylth\u00e5llaren<\/strong><br \/>.<br \/>\nDe nya och mycket sm\u00e5 sensorerna i LaserTrack Flare \u00e4r osynligt integrerade i en nummerpl\u00e5th\u00e5llare. Detta g\u00f6r det m\u00f6jligt att installera den enkelt och diskret p\u00e5 n\u00e4stan alla fordon. F\u00f6r att g\u00f6ra detta byter du helt enkelt ut det gamla registreringsskyltf\u00e4stet mot det nya f\u00e4stet med de integrerade interferenssensorerna.  <\/p>\n<p><strong>LaserTrack Flare anti-laserteknik<\/strong><br \/>.<br \/>\nDen sofistikerade och mycket lilla LaserTrack Flare \u00e4r utrustad med samma teknik som anv\u00e4nds i polisens laserpistoler och ger dig som anv\u00e4ndare en stor f\u00f6rdel. Systemet skiljer mycket noggrant mellan de enskilda signalerna fr\u00e5n de m\u00e5nga laserm\u00e4tarna och polisens laserpistoler.<\/p>\n<p>.<\/p>\n<p><strong>Laglig drift som grind- och garage\u00f6ppnare<\/strong><br \/>.<br \/>\nLaserTrack Flare har en aktiverad funktion f\u00f6r grind\u00f6ppnare och garage\u00f6ppnare. Denna funktion \u00e4r till\u00e5ten \u00f6verallt i v\u00e4rlden och g\u00f6r det d\u00e4rf\u00f6r m\u00f6jligt att k\u00f6pa och installera lagligt. <\/p>\n<p><strong>Laser jammer \/ laser blocker-funktion<\/strong><br \/>.<br \/>\nMed aktiverad laserst\u00f6rningsfunktion skyddas ditt fordon fr\u00e5n hastighetsm\u00e4tningar med en laserm\u00e4tare eller laserpistol.  S\u00e5 snart en m\u00e4tning uppt\u00e4cks aktiverar LaserTrack Flare en skyddande sk\u00f6ld och fordonet kan inte m\u00e4tas. En akustisk och visuell varningssignal p\u00e5 displayen visar att skyddsl\u00e4get mot laser \u00e4r aktivt och att ingen hastighetsm\u00e4tning d\u00e4rf\u00f6r kan utf\u00f6ras med laserpistolen. Efter 4 sekunder avaktiveras skyddsl\u00e4get och fordonet kan m\u00e4tas. Under dessa 4 sekunder har du tillr\u00e4ckligt med tid f\u00f6r att anpassa din hastighet. <\/p>\n","protected":false},"excerpt":{"rendered":"<p>Target Lasertrack Flare \u00e4r osynligt g\u00f6md i registreringsskylth\u00e5llaren LaserTrack Flare \u00e4r osynligt g\u00f6md i registreringsskylth\u00e5llaren. De nya och mycket sm\u00e5 sensorerna i LaserTrack Flare \u00e4r osynligt integrerade i en nummerpl\u00e5th\u00e5llare. Detta g\u00f6r det m\u00f6jligt att installera den enkelt och diskret p\u00e5 n\u00e4stan alla fordon. F\u00f6r att g\u00f6ra detta byter du helt enkelt ut det gamla [&#8230;]\n","protected":false},"featured_media":15945,"comment_status":"open","ping_status":"closed","template":"","meta":[],"product_brand":[],"product_cat":[1769,1773,1771],"product_tag":[],"class_list":{"0":"post-15944","1":"product","2":"type-product","3":"status-publish","4":"has-post-thumbnail","6":"product_cat-laser-stoersaendare","7":"product_cat-rekommenderade-storare","8":"product_cat-target-sv","10":"first","11":"instock","12":"sale","13":"taxable","14":"shipping-taxable","15":"purchasable","16":"product-type-variable","17":"has-default-attributes"},"yoast_head":"<!-- This site is optimized with the Yoast SEO plugin v27.2 - https:\/\/yoast.com\/product\/yoast-seo-wordpress\/ -->\n<title>Lasertrack Flare registreringsskylth\u00e5llare dold<\/title>\n<meta name=\"description\" content=\"De nya och mycket sm\u00e5 sensorerna i LaserTrack Flare laserst\u00f6rs\u00e4ndaren \u00e4r osynligt integrerade i en nummerpl\u00e5th\u00e5llare.\" \/>\n<meta name=\"robots\" content=\"index, follow, max-snippet:-1, max-image-preview:large, max-video-preview:-1\" \/>\n<link rel=\"canonical\" href=\"https:\/\/radarservice.eu\/sv\/produkt\/lasertrack-flare-registreringsskylthallare-dold\/\" \/>\n<meta property=\"og:locale\" content=\"sv_SE\" \/>\n<meta property=\"og:type\" content=\"article\" \/>\n<meta property=\"og:title\" content=\"Lasertrack Flare registreringsskylth\u00e5llare dold\" \/>\n<meta property=\"og:description\" content=\"De nya och mycket sm\u00e5 sensorerna i LaserTrack Flare laserst\u00f6rs\u00e4ndaren \u00e4r osynligt integrerade i en nummerpl\u00e5th\u00e5llare.\" \/>\n<meta property=\"og:url\" content=\"https:\/\/radarservice.eu\/sv\/produkt\/lasertrack-flare-registreringsskylthallare-dold\/\" \/>\n<meta property=\"og:site_name\" content=\"Radar Service\" \/>\n<meta property=\"article:modified_time\" content=\"2025-06-20T03:10:27+00:00\" \/>\n<meta property=\"og:image\" content=\"https:\/\/radarservice.eu\/wp-content\/uploads\/2020\/09\/Lasertrack-Flare-Nummernschild.jpg\" \/>\n\t<meta property=\"og:image:width\" content=\"1900\" \/>\n\t<meta property=\"og:image:height\" content=\"1267\" \/>\n\t<meta property=\"og:image:type\" content=\"image\/jpeg\" \/>\n<meta name=\"twitter:card\" content=\"summary_large_image\" \/>\n<meta name=\"twitter:label1\" content=\"Ber\u00e4knad l\u00e4stid\" \/>\n\t<meta name=\"twitter:data1\" content=\"1 minut\" \/>\n<script type=\"application\/ld+json\" class=\"yoast-schema-graph\">{\"@context\":\"https:\/\/schema.org\",\"@graph\":[{\"@type\":\"WebPage\",\"@id\":\"https:\/\/radarservice.eu\/sv\/produkt\/lasertrack-flare-registreringsskylthallare-dold\/\",\"url\":\"https:\/\/radarservice.eu\/sv\/produkt\/lasertrack-flare-registreringsskylthallare-dold\/\",\"name\":\"Lasertrack Flare registreringsskylth\u00e5llare dold\",\"isPartOf\":{\"@id\":\"https:\/\/radarservice.eu\/sv\/#website\"},\"primaryImageOfPage\":{\"@id\":\"https:\/\/radarservice.eu\/sv\/produkt\/lasertrack-flare-registreringsskylthallare-dold\/#primaryimage\"},\"image\":{\"@id\":\"https:\/\/radarservice.eu\/sv\/produkt\/lasertrack-flare-registreringsskylthallare-dold\/#primaryimage\"},\"thumbnailUrl\":\"https:\/\/radarservice.eu\/wp-content\/uploads\/2020\/09\/Lasertrack-Flare-Nummernschild.jpg\",\"datePublished\":\"2021-05-14T07:31:38+00:00\",\"dateModified\":\"2025-06-20T03:10:27+00:00\",\"description\":\"De nya och mycket sm\u00e5 sensorerna i LaserTrack Flare laserst\u00f6rs\u00e4ndaren \u00e4r osynligt integrerade i en nummerpl\u00e5th\u00e5llare.\",\"breadcrumb\":{\"@id\":\"https:\/\/radarservice.eu\/sv\/produkt\/lasertrack-flare-registreringsskylthallare-dold\/#breadcrumb\"},\"inLanguage\":\"sv-SE\",\"potentialAction\":[{\"@type\":\"ReadAction\",\"target\":[\"https:\/\/radarservice.eu\/sv\/produkt\/lasertrack-flare-registreringsskylthallare-dold\/\"]}]},{\"@type\":\"ImageObject\",\"inLanguage\":\"sv-SE\",\"@id\":\"https:\/\/radarservice.eu\/sv\/produkt\/lasertrack-flare-registreringsskylthallare-dold\/#primaryimage\",\"url\":\"https:\/\/radarservice.eu\/wp-content\/uploads\/2020\/09\/Lasertrack-Flare-Nummernschild.jpg\",\"contentUrl\":\"https:\/\/radarservice.eu\/wp-content\/uploads\/2020\/09\/Lasertrack-Flare-Nummernschild.jpg\",\"width\":1900,\"height\":1267,\"caption\":\"Lasertrack Flare registreringsskylt\"},{\"@type\":\"BreadcrumbList\",\"@id\":\"https:\/\/radarservice.eu\/sv\/produkt\/lasertrack-flare-registreringsskylthallare-dold\/#breadcrumb\",\"itemListElement\":[{\"@type\":\"ListItem\",\"position\":1,\"name\":\"Butik\",\"item\":\"https:\/\/radarservice.eu\/sv\/butik\/\"},{\"@type\":\"ListItem\",\"position\":2,\"name\":\"Lasertrack Flare registreringsskylth\u00e5llare dold\"}]},{\"@type\":\"WebSite\",\"@id\":\"https:\/\/radarservice.eu\/sv\/#website\",\"url\":\"https:\/\/radarservice.eu\/sv\/\",\"name\":\"Radar Service\",\"description\":\"Radar detector Laser jammer mobile fix\",\"publisher\":{\"@id\":\"https:\/\/radarservice.eu\/sv\/#organization\"},\"potentialAction\":[{\"@type\":\"SearchAction\",\"target\":{\"@type\":\"EntryPoint\",\"urlTemplate\":\"https:\/\/radarservice.eu\/sv\/?s={search_term_string}\"},\"query-input\":{\"@type\":\"PropertyValueSpecification\",\"valueRequired\":true,\"valueName\":\"search_term_string\"}}],\"inLanguage\":\"sv-SE\"},{\"@type\":\"Organization\",\"@id\":\"https:\/\/radarservice.eu\/sv\/#organization\",\"name\":\"RadarService\",\"url\":\"https:\/\/radarservice.eu\/sv\/\",\"logo\":{\"@type\":\"ImageObject\",\"inLanguage\":\"sv-SE\",\"@id\":\"https:\/\/radarservice.eu\/sv\/#\/schema\/logo\/image\/\",\"url\":\"https:\/\/radarservice.eu\/wp-content\/uploads\/2021\/03\/Radar_detector_service.png\",\"contentUrl\":\"https:\/\/radarservice.eu\/wp-content\/uploads\/2021\/03\/Radar_detector_service.png\",\"width\":174,\"height\":48,\"caption\":\"RadarService\"},\"image\":{\"@id\":\"https:\/\/radarservice.eu\/sv\/#\/schema\/logo\/image\/\"}}]}<\/script>\n<!-- \/ Yoast SEO plugin. -->","yoast_head_json":{"title":"Lasertrack Flare registreringsskylth\u00e5llare dold","description":"De nya och mycket sm\u00e5 sensorerna i LaserTrack Flare laserst\u00f6rs\u00e4ndaren \u00e4r osynligt integrerade i en nummerpl\u00e5th\u00e5llare.","robots":{"index":"index","follow":"follow","max-snippet":"max-snippet:-1","max-image-preview":"max-image-preview:large","max-video-preview":"max-video-preview:-1"},"canonical":"https:\/\/radarservice.eu\/sv\/produkt\/lasertrack-flare-registreringsskylthallare-dold\/","og_locale":"sv_SE","og_type":"article","og_title":"Lasertrack Flare registreringsskylth\u00e5llare dold","og_description":"De nya och mycket sm\u00e5 sensorerna i LaserTrack Flare laserst\u00f6rs\u00e4ndaren \u00e4r osynligt integrerade i en nummerpl\u00e5th\u00e5llare.","og_url":"https:\/\/radarservice.eu\/sv\/produkt\/lasertrack-flare-registreringsskylthallare-dold\/","og_site_name":"Radar Service","article_modified_time":"2025-06-20T03:10:27+00:00","og_image":[{"width":1900,"height":1267,"url":"https:\/\/radarservice.eu\/wp-content\/uploads\/2020\/09\/Lasertrack-Flare-Nummernschild.jpg","type":"image\/jpeg"}],"twitter_card":"summary_large_image","twitter_misc":{"Ber\u00e4knad l\u00e4stid":"1 minut"},"schema":{"@context":"https:\/\/schema.org","@graph":[{"@type":"WebPage","@id":"https:\/\/radarservice.eu\/sv\/produkt\/lasertrack-flare-registreringsskylthallare-dold\/","url":"https:\/\/radarservice.eu\/sv\/produkt\/lasertrack-flare-registreringsskylthallare-dold\/","name":"Lasertrack Flare registreringsskylth\u00e5llare dold","isPartOf":{"@id":"https:\/\/radarservice.eu\/sv\/#website"},"primaryImageOfPage":{"@id":"https:\/\/radarservice.eu\/sv\/produkt\/lasertrack-flare-registreringsskylthallare-dold\/#primaryimage"},"image":{"@id":"https:\/\/radarservice.eu\/sv\/produkt\/lasertrack-flare-registreringsskylthallare-dold\/#primaryimage"},"thumbnailUrl":"https:\/\/radarservice.eu\/wp-content\/uploads\/2020\/09\/Lasertrack-Flare-Nummernschild.jpg","datePublished":"2021-05-14T07:31:38+00:00","dateModified":"2025-06-20T03:10:27+00:00","description":"De nya och mycket sm\u00e5 sensorerna i LaserTrack Flare laserst\u00f6rs\u00e4ndaren \u00e4r osynligt integrerade i en nummerpl\u00e5th\u00e5llare.","breadcrumb":{"@id":"https:\/\/radarservice.eu\/sv\/produkt\/lasertrack-flare-registreringsskylthallare-dold\/#breadcrumb"},"inLanguage":"sv-SE","potentialAction":[{"@type":"ReadAction","target":["https:\/\/radarservice.eu\/sv\/produkt\/lasertrack-flare-registreringsskylthallare-dold\/"]}]},{"@type":"ImageObject","inLanguage":"sv-SE","@id":"https:\/\/radarservice.eu\/sv\/produkt\/lasertrack-flare-registreringsskylthallare-dold\/#primaryimage","url":"https:\/\/radarservice.eu\/wp-content\/uploads\/2020\/09\/Lasertrack-Flare-Nummernschild.jpg","contentUrl":"https:\/\/radarservice.eu\/wp-content\/uploads\/2020\/09\/Lasertrack-Flare-Nummernschild.jpg","width":1900,"height":1267,"caption":"Lasertrack Flare registreringsskylt"},{"@type":"BreadcrumbList","@id":"https:\/\/radarservice.eu\/sv\/produkt\/lasertrack-flare-registreringsskylthallare-dold\/#breadcrumb","itemListElement":[{"@type":"ListItem","position":1,"name":"Butik","item":"https:\/\/radarservice.eu\/sv\/butik\/"},{"@type":"ListItem","position":2,"name":"Lasertrack Flare registreringsskylth\u00e5llare dold"}]},{"@type":"WebSite","@id":"https:\/\/radarservice.eu\/sv\/#website","url":"https:\/\/radarservice.eu\/sv\/","name":"Radar Service","description":"Radar detector Laser jammer mobile fix","publisher":{"@id":"https:\/\/radarservice.eu\/sv\/#organization"},"potentialAction":[{"@type":"SearchAction","target":{"@type":"EntryPoint","urlTemplate":"https:\/\/radarservice.eu\/sv\/?s={search_term_string}"},"query-input":{"@type":"PropertyValueSpecification","valueRequired":true,"valueName":"search_term_string"}}],"inLanguage":"sv-SE"},{"@type":"Organization","@id":"https:\/\/radarservice.eu\/sv\/#organization","name":"RadarService","url":"https:\/\/radarservice.eu\/sv\/","logo":{"@type":"ImageObject","inLanguage":"sv-SE","@id":"https:\/\/radarservice.eu\/sv\/#\/schema\/logo\/image\/","url":"https:\/\/radarservice.eu\/wp-content\/uploads\/2021\/03\/Radar_detector_service.png","contentUrl":"https:\/\/radarservice.eu\/wp-content\/uploads\/2021\/03\/Radar_detector_service.png","width":174,"height":48,"caption":"RadarService"},"image":{"@id":"https:\/\/radarservice.eu\/sv\/#\/schema\/logo\/image\/"}}]}},"_links":{"self":[{"href":"https:\/\/radarservice.eu\/sv\/wp-json\/wp\/v2\/product\/15944","targetHints":{"allow":["GET"]}}],"collection":[{"href":"https:\/\/radarservice.eu\/sv\/wp-json\/wp\/v2\/product"}],"about":[{"href":"https:\/\/radarservice.eu\/sv\/wp-json\/wp\/v2\/types\/product"}],"replies":[{"embeddable":true,"href":"https:\/\/radarservice.eu\/sv\/wp-json\/wp\/v2\/comments?post=15944"}],"wp:featuredmedia":[{"embeddable":true,"href":"https:\/\/radarservice.eu\/sv\/wp-json\/wp\/v2\/media\/15945"}],"wp:attachment":[{"href":"https:\/\/radarservice.eu\/sv\/wp-json\/wp\/v2\/media?parent=15944"}],"wp:term":[{"taxonomy":"product_brand","embeddable":true,"href":"https:\/\/radarservice.eu\/sv\/wp-json\/wp\/v2\/product_brand?post=15944"},{"taxonomy":"product_cat","embeddable":true,"href":"https:\/\/radarservice.eu\/sv\/wp-json\/wp\/v2\/product_cat?post=15944"},{"taxonomy":"product_tag","embeddable":true,"href":"https:\/\/radarservice.eu\/sv\/wp-json\/wp\/v2\/product_tag?post=15944"}],"curies":[{"name":"wp","href":"https:\/\/api.w.org\/{rel}","templated":true}]}}