{"id":15934,"date":"2021-05-14T09:27:05","date_gmt":"2021-05-14T07:27:05","guid":{"rendered":"https:\/\/radarservice.eu\/produkt\/genevo-assist-pro-ii-m-hdm\/"},"modified":"2022-04-03T14:41:40","modified_gmt":"2022-04-03T12:41:40","slug":"genevo-assist-pro-ii-m-hdm","status":"publish","type":"product","link":"https:\/\/radarservice.eu\/sv\/produkt\/genevo-assist-pro-ii-m-hdm\/","title":{"rendered":"Genevo Assist Pro II M (HDM+)"},"content":{"rendered":"<p>Den nya Genevo Assist Pro 2 M \u00e4r en radardetektor f\u00f6r dold installation med en ny OLED-f\u00e4rgsk\u00e4rm och den kraftfulla HDM+ radarantennen. Under utvecklingen lades s\u00e4rskild vikt vid h\u00f6g kvalitet, anv\u00e4ndarv\u00e4nlighet och enkel installation. Radardetektorn best\u00e5r av huvudstyrenhet, GPS-antenn, radarantenn, OLED-f\u00e4rgdisplay och magneth\u00e5llare f\u00f6r displayen.<\/p>\n<p>.<\/p>\n<h3>Allt i ett: radar- och laserskydd<\/h3>\n<p>.<\/p>\n<p>Genevo Assist PRO 2 kan anslutas till en ytterligare laserst\u00f6rare. Du kan v\u00e4lja mellan Genevo FF, Antilaser Priority och Target LaserTrack. Laserst\u00f6rs\u00e4ndarna kan enkelt styras fr\u00e5n Genevo Assist-menyn.<\/p>\n<p>.<\/p>\n<h3>Tv\u00e5 antenner, b\u00e4ttre prestanda<\/h3>\n<p>Genevo Assist PRO 2 M levereras med HDM+ radarantenn och kan som tillval uppgraderas med en andra radarantenn. P\u00e5 s\u00e5 s\u00e4tt kan du ocks\u00e5 skydda fordonets bakre del fr\u00e5n m\u00e4tningar bakifr\u00e5n. F\u00f6r anv\u00e4ndning i Tyskland och \u00d6sterrike r\u00e4cker det med den medf\u00f6ljande HDM+-antennen, eftersom inga radarkanoner anv\u00e4nds. <\/p>\n<h3>R\u00f6relsekontroll f\u00f6r bekv\u00e4m anv\u00e4ndning<\/h3>\n<p>.<\/p>\n<p>Den nya r\u00f6relsesensorn f\u00f6r ber\u00f6ringsfri drift m\u00f6jligg\u00f6r bekv\u00e4m drift. Du kan till exempel st\u00e4nga av larmet utan att beh\u00f6va leta efter r\u00e4tt knapp under k\u00f6rning. Vifta bara med handen i st\u00e4llet.<br \/>\n[bildtext id=&#8221;attachment_13956&#8243; align=&#8221;aligncenter&#8221; width=&#8221;450&#8243;]<img loading=\"lazy\" decoding=\"async\" src=\"https:\/\/radarservice.eu\/wp-content\/uploads\/2021\/01\/pro2_gesture_control-e1610501972758.jpg\" alt=\"Genevo Assist Gesture Control\" width=\"450\" height=\"341\" class=\"size-full wp-image-15936\" \/> Genevo Assist Gesture Control[\/bildtext]\n<h3>POI-databas med obegr\u00e4nsade uppdateringar<\/h3>\n<p>GPS-databasen, inklusive livstidsuppdateringar, ing\u00e5r i ink\u00f6pspriset. Detta omfattar fasta hastighetsf\u00e4llor, sektionskontroller och hastighetskameror f\u00f6r trafikljus.<br \/>.<br \/>\n<br \/>Uppdateringar och inst\u00e4llningar har aldrig varit enklare.<br \/>\nGenevo Asssit 2 \u00e4r l\u00e4tt att uppdatera och konfigurera med hj\u00e4lp av ett USB-minne. <\/p>\n<h3>Snabbt avaktiverad vid poliskontroller<\/h3>\n<p>.<\/p>\n<p>Den nya magnetiska displayen \u00e4r enkel att ta bort f\u00f6r att avaktivera Genevo Assist 2. Det \u00e4r lagligt att anv\u00e4nda Genevo Assist 2 i vissa EU-l\u00e4nder, men inte i andra, vilket \u00e4r anledningen till att enheten har en avtagbar sk\u00e4rm. Det inneb\u00e4r att n\u00e4r du beh\u00f6ver st\u00e4nga av enheten tar du helt enkelt bort sk\u00e4rmen fr\u00e5n det magnetiska f\u00e4stet och stoppar den i fickan eller i en bricka, till exempel. Enheten blir d\u00e5 inaktiv och det \u00e4r bara du som kan \u00e5teraktivera radardetektorn via displayen. Om du vill ta bort sk\u00e4rmen inklusive den magnetiska h\u00e5llaren \u00e4r det inte heller n\u00e5got problem. Det \u00e5terst\u00e5r bara en mikro-USB-laddare i fordonet, som du kan anv\u00e4nda f\u00f6r att till exempel ladda din smartphone.<br \/>\n<figure id=\"attachment_13953\" aria-describedby=\"caption-attachment-13953\" style=\"width: 900px\" class=\"wp-caption aligncenter\"><img loading=\"lazy\" decoding=\"async\" src=\"https:\/\/radarservice.eu\/wp-content\/uploads\/2021\/01\/installation_car.jpg\" alt=\"Genevo Assist Installation Radar Detector\" width=\"900\" height=\"518\" class=\"size-full wp-image-15940\" srcset=\"https:\/\/radarservice.eu\/wp-content\/uploads\/2021\/01\/installation_car.jpg 900w, https:\/\/radarservice.eu\/wp-content\/uploads\/2021\/01\/installation_car-300x173.jpg 300w, https:\/\/radarservice.eu\/wp-content\/uploads\/2021\/01\/installation_car-768x442.jpg 768w, https:\/\/radarservice.eu\/wp-content\/uploads\/2021\/01\/installation_car-510x294.jpg 510w\" sizes=\"auto, (max-width: 900px) 100vw, 900px\" \/><figcaption id=\"caption-attachment-13953\" class=\"wp-caption-text\">Genevo Assist Installation Radar Detector<\/figcaption><\/figure>\n<h3>Trade-in \/ byta gammalt mot nytt<\/h3>\n<p>\u00c4ger du en gammal Genevo inbyggd radardetektor eller en gammal mobil radardetektor? Utnyttja d\u00e5 v\u00e5rt inbytesprogram och uppgradera din gamla radardetektor till den nya Genevo Assist Pro 2 M. Kontakta oss f\u00f6r mer information. Om du letar efter den b\u00e4sta detektorn f\u00f6r hela Europa \u00e4r Genevo PRO det r\u00e4tta valet!<\/p>\n<\/h3>\n<p>De viktigaste f\u00f6rdelarna med Genevo Assist PRO II M:<\/h3>\n<ul>\n<li>B\u00e4sta v\u00e4rde f\u00f6r pengarna<\/li>\n<p>.<\/p>\n<li>Koppla in laserst\u00f6raren<\/li>\n<p>.<\/p>\n<li>Koppla in tv\u00e5 radarantenner (1x HDM+-antenn ing\u00e5r)<\/li>\n<li>Magnetisk display som kan tas bort<\/li>\n<li>M\u00e5ngf\u00e4rgad OLED-display<\/li>\n<li>R\u00f6relsesensor f\u00f6r geststyrning<\/li>\n<li>L\u00e4tt att uppdatera via USB-minne<\/li>\n<li>Den mest anv\u00e4ndarv\u00e4nliga menyn<\/li>\n<li>B\u00e4sta f\u00f6rvarningstider tack vare den nya HDM+-antennen<\/li>\n<li>Utm\u00e4rkt filter f\u00f6r falska larm<\/li>\n<li>POI-databas f\u00f6r hastighets\u00f6vervakning i hela Europa med obegr\u00e4nsad licens (inga kostnader f\u00f6r uppf\u00f6ljning)<\/li>\n<li>L\u00e4mplig f\u00f6r Europa<\/li>\n<\/ul>\n","protected":false},"excerpt":{"rendered":"<p>Den nya fasta radardetektorn Genevo Assist Pro 2 M \u00e4r den b\u00e4sta avancerade radardetektorn och \u00e4r perfekt f\u00f6r anv\u00e4ndning i Europa. Tack vare den kraftfulla HDM+-antennen varnar Genevo Assist 2 p\u00e5 ett tillf\u00f6rlitligt s\u00e4tt f\u00f6r de nya MultaRadar-hastighetsf\u00e4llorna (MRCD \/ MRCT \/ Moving) i Europa.<\/p>\n","protected":false},"featured_media":15941,"comment_status":"open","ping_status":"closed","template":"","meta":[],"product_brand":[],"product_cat":[1755,1756,1757],"product_tag":[1759,1760,1762,1763,1766,1761,1767,1768,1765,1764,1758],"class_list":{"0":"post-15934","1":"product","2":"type-product","3":"status-publish","4":"has-post-thumbnail","6":"product_cat-fast-monterade-radardetektorer","7":"product_cat-genevo-sv","8":"product_cat-rekommenderade-radardetektorer","9":"product_tag-europa-sv","10":"product_tag-fast-installation","11":"product_tag-genevo-sv","12":"product_tag-genevo-assist-sv","13":"product_tag-genevo-assist-hdm-sv","14":"product_tag-genevo-ff-sv","15":"product_tag-genevo-pro-sv","16":"product_tag-genevo-pro-hdm-sv","17":"product_tag-hamburg-sv","18":"product_tag-installationstjanst","19":"product_tag-radardetektor","21":"first","22":"instock","23":"sale","24":"taxable","25":"shipping-taxable","26":"purchasable","27":"product-type-variable","28":"has-default-attributes"},"yoast_head":"<!-- This site is optimized with the Yoast SEO plugin v27.2 - https:\/\/yoast.com\/product\/yoast-seo-wordpress\/ -->\n<title>Genevo Assist Pro II M (HDM+) % dolda fasta radardetektorer<\/title>\n<meta name=\"description\" content=\"Genevo Assist Pro HDM+ fast radarvarnare \u00e4r f\u00f6r n\u00e4rvarande den b\u00e4sta avancerade kompletta l\u00f6sningen med MultaRadar- och Gatso-varning.\" \/>\n<meta name=\"robots\" content=\"index, follow, max-snippet:-1, max-image-preview:large, max-video-preview:-1\" \/>\n<link rel=\"canonical\" href=\"https:\/\/radarservice.eu\/sv\/produkt\/genevo-assist-pro-ii-m-hdm\/\" \/>\n<meta property=\"og:locale\" content=\"sv_SE\" \/>\n<meta property=\"og:type\" content=\"article\" \/>\n<meta property=\"og:title\" content=\"Genevo Assist Pro II M (HDM+) % dolda fasta radardetektorer\" \/>\n<meta property=\"og:description\" content=\"Genevo Assist Pro HDM+ fast radarvarnare \u00e4r f\u00f6r n\u00e4rvarande den b\u00e4sta avancerade kompletta l\u00f6sningen med MultaRadar- och Gatso-varning.\" \/>\n<meta property=\"og:url\" content=\"https:\/\/radarservice.eu\/sv\/produkt\/genevo-assist-pro-ii-m-hdm\/\" \/>\n<meta property=\"og:site_name\" content=\"Radar Service\" \/>\n<meta property=\"article:modified_time\" content=\"2022-04-03T12:41:40+00:00\" \/>\n<meta property=\"og:image\" content=\"https:\/\/radarservice.eu\/wp-content\/uploads\/2021\/01\/multi_color_magnetic_display.jpg\" \/>\n\t<meta property=\"og:image:width\" content=\"1582\" \/>\n\t<meta property=\"og:image:height\" content=\"1092\" \/>\n\t<meta property=\"og:image:type\" content=\"image\/jpeg\" \/>\n<meta name=\"twitter:card\" content=\"summary_large_image\" \/>\n<meta name=\"twitter:label1\" content=\"Ber\u00e4knad l\u00e4stid\" \/>\n\t<meta name=\"twitter:data1\" content=\"3 minuter\" \/>\n<script type=\"application\/ld+json\" class=\"yoast-schema-graph\">{\"@context\":\"https:\/\/schema.org\",\"@graph\":[{\"@type\":\"WebPage\",\"@id\":\"https:\/\/radarservice.eu\/sv\/produkt\/genevo-assist-pro-ii-m-hdm\/\",\"url\":\"https:\/\/radarservice.eu\/sv\/produkt\/genevo-assist-pro-ii-m-hdm\/\",\"name\":\"Genevo Assist Pro II M (HDM+) % dolda fasta radardetektorer\",\"isPartOf\":{\"@id\":\"https:\/\/radarservice.eu\/sv\/#website\"},\"primaryImageOfPage\":{\"@id\":\"https:\/\/radarservice.eu\/sv\/produkt\/genevo-assist-pro-ii-m-hdm\/#primaryimage\"},\"image\":{\"@id\":\"https:\/\/radarservice.eu\/sv\/produkt\/genevo-assist-pro-ii-m-hdm\/#primaryimage\"},\"thumbnailUrl\":\"https:\/\/radarservice.eu\/wp-content\/uploads\/2021\/01\/multi_color_magnetic_display.jpg\",\"datePublished\":\"2021-05-14T07:27:05+00:00\",\"dateModified\":\"2022-04-03T12:41:40+00:00\",\"description\":\"Genevo Assist Pro HDM+ fast radarvarnare \u00e4r f\u00f6r n\u00e4rvarande den b\u00e4sta avancerade kompletta l\u00f6sningen med MultaRadar- och Gatso-varning.\",\"breadcrumb\":{\"@id\":\"https:\/\/radarservice.eu\/sv\/produkt\/genevo-assist-pro-ii-m-hdm\/#breadcrumb\"},\"inLanguage\":\"sv-SE\",\"potentialAction\":[{\"@type\":\"ReadAction\",\"target\":[\"https:\/\/radarservice.eu\/sv\/produkt\/genevo-assist-pro-ii-m-hdm\/\"]}]},{\"@type\":\"ImageObject\",\"inLanguage\":\"sv-SE\",\"@id\":\"https:\/\/radarservice.eu\/sv\/produkt\/genevo-assist-pro-ii-m-hdm\/#primaryimage\",\"url\":\"https:\/\/radarservice.eu\/wp-content\/uploads\/2021\/01\/multi_color_magnetic_display.jpg\",\"contentUrl\":\"https:\/\/radarservice.eu\/wp-content\/uploads\/2021\/01\/multi_color_magnetic_display.jpg\",\"width\":1582,\"height\":1092,\"caption\":\"Genevo Assist Pro II M\"},{\"@type\":\"BreadcrumbList\",\"@id\":\"https:\/\/radarservice.eu\/sv\/produkt\/genevo-assist-pro-ii-m-hdm\/#breadcrumb\",\"itemListElement\":[{\"@type\":\"ListItem\",\"position\":1,\"name\":\"Butik\",\"item\":\"https:\/\/radarservice.eu\/sv\/butik\/\"},{\"@type\":\"ListItem\",\"position\":2,\"name\":\"Genevo Assist Pro II M (HDM+)\"}]},{\"@type\":\"WebSite\",\"@id\":\"https:\/\/radarservice.eu\/sv\/#website\",\"url\":\"https:\/\/radarservice.eu\/sv\/\",\"name\":\"Radar Service\",\"description\":\"Radar detector Laser jammer mobile fix\",\"publisher\":{\"@id\":\"https:\/\/radarservice.eu\/sv\/#organization\"},\"potentialAction\":[{\"@type\":\"SearchAction\",\"target\":{\"@type\":\"EntryPoint\",\"urlTemplate\":\"https:\/\/radarservice.eu\/sv\/?s={search_term_string}\"},\"query-input\":{\"@type\":\"PropertyValueSpecification\",\"valueRequired\":true,\"valueName\":\"search_term_string\"}}],\"inLanguage\":\"sv-SE\"},{\"@type\":\"Organization\",\"@id\":\"https:\/\/radarservice.eu\/sv\/#organization\",\"name\":\"RadarService\",\"url\":\"https:\/\/radarservice.eu\/sv\/\",\"logo\":{\"@type\":\"ImageObject\",\"inLanguage\":\"sv-SE\",\"@id\":\"https:\/\/radarservice.eu\/sv\/#\/schema\/logo\/image\/\",\"url\":\"https:\/\/radarservice.eu\/wp-content\/uploads\/2021\/03\/Radar_detector_service.png\",\"contentUrl\":\"https:\/\/radarservice.eu\/wp-content\/uploads\/2021\/03\/Radar_detector_service.png\",\"width\":174,\"height\":48,\"caption\":\"RadarService\"},\"image\":{\"@id\":\"https:\/\/radarservice.eu\/sv\/#\/schema\/logo\/image\/\"}}]}<\/script>\n<!-- \/ Yoast SEO plugin. -->","yoast_head_json":{"title":"Genevo Assist Pro II M (HDM+) % dolda fasta radardetektorer","description":"Genevo Assist Pro HDM+ fast radarvarnare \u00e4r f\u00f6r n\u00e4rvarande den b\u00e4sta avancerade kompletta l\u00f6sningen med MultaRadar- och Gatso-varning.","robots":{"index":"index","follow":"follow","max-snippet":"max-snippet:-1","max-image-preview":"max-image-preview:large","max-video-preview":"max-video-preview:-1"},"canonical":"https:\/\/radarservice.eu\/sv\/produkt\/genevo-assist-pro-ii-m-hdm\/","og_locale":"sv_SE","og_type":"article","og_title":"Genevo Assist Pro II M (HDM+) % dolda fasta radardetektorer","og_description":"Genevo Assist Pro HDM+ fast radarvarnare \u00e4r f\u00f6r n\u00e4rvarande den b\u00e4sta avancerade kompletta l\u00f6sningen med MultaRadar- och Gatso-varning.","og_url":"https:\/\/radarservice.eu\/sv\/produkt\/genevo-assist-pro-ii-m-hdm\/","og_site_name":"Radar Service","article_modified_time":"2022-04-03T12:41:40+00:00","og_image":[{"width":1582,"height":1092,"url":"https:\/\/radarservice.eu\/wp-content\/uploads\/2021\/01\/multi_color_magnetic_display.jpg","type":"image\/jpeg"}],"twitter_card":"summary_large_image","twitter_misc":{"Ber\u00e4knad l\u00e4stid":"3 minuter"},"schema":{"@context":"https:\/\/schema.org","@graph":[{"@type":"WebPage","@id":"https:\/\/radarservice.eu\/sv\/produkt\/genevo-assist-pro-ii-m-hdm\/","url":"https:\/\/radarservice.eu\/sv\/produkt\/genevo-assist-pro-ii-m-hdm\/","name":"Genevo Assist Pro II M (HDM+) % dolda fasta radardetektorer","isPartOf":{"@id":"https:\/\/radarservice.eu\/sv\/#website"},"primaryImageOfPage":{"@id":"https:\/\/radarservice.eu\/sv\/produkt\/genevo-assist-pro-ii-m-hdm\/#primaryimage"},"image":{"@id":"https:\/\/radarservice.eu\/sv\/produkt\/genevo-assist-pro-ii-m-hdm\/#primaryimage"},"thumbnailUrl":"https:\/\/radarservice.eu\/wp-content\/uploads\/2021\/01\/multi_color_magnetic_display.jpg","datePublished":"2021-05-14T07:27:05+00:00","dateModified":"2022-04-03T12:41:40+00:00","description":"Genevo Assist Pro HDM+ fast radarvarnare \u00e4r f\u00f6r n\u00e4rvarande den b\u00e4sta avancerade kompletta l\u00f6sningen med MultaRadar- och Gatso-varning.","breadcrumb":{"@id":"https:\/\/radarservice.eu\/sv\/produkt\/genevo-assist-pro-ii-m-hdm\/#breadcrumb"},"inLanguage":"sv-SE","potentialAction":[{"@type":"ReadAction","target":["https:\/\/radarservice.eu\/sv\/produkt\/genevo-assist-pro-ii-m-hdm\/"]}]},{"@type":"ImageObject","inLanguage":"sv-SE","@id":"https:\/\/radarservice.eu\/sv\/produkt\/genevo-assist-pro-ii-m-hdm\/#primaryimage","url":"https:\/\/radarservice.eu\/wp-content\/uploads\/2021\/01\/multi_color_magnetic_display.jpg","contentUrl":"https:\/\/radarservice.eu\/wp-content\/uploads\/2021\/01\/multi_color_magnetic_display.jpg","width":1582,"height":1092,"caption":"Genevo Assist Pro II M"},{"@type":"BreadcrumbList","@id":"https:\/\/radarservice.eu\/sv\/produkt\/genevo-assist-pro-ii-m-hdm\/#breadcrumb","itemListElement":[{"@type":"ListItem","position":1,"name":"Butik","item":"https:\/\/radarservice.eu\/sv\/butik\/"},{"@type":"ListItem","position":2,"name":"Genevo Assist Pro II M (HDM+)"}]},{"@type":"WebSite","@id":"https:\/\/radarservice.eu\/sv\/#website","url":"https:\/\/radarservice.eu\/sv\/","name":"Radar Service","description":"Radar detector Laser jammer mobile fix","publisher":{"@id":"https:\/\/radarservice.eu\/sv\/#organization"},"potentialAction":[{"@type":"SearchAction","target":{"@type":"EntryPoint","urlTemplate":"https:\/\/radarservice.eu\/sv\/?s={search_term_string}"},"query-input":{"@type":"PropertyValueSpecification","valueRequired":true,"valueName":"search_term_string"}}],"inLanguage":"sv-SE"},{"@type":"Organization","@id":"https:\/\/radarservice.eu\/sv\/#organization","name":"RadarService","url":"https:\/\/radarservice.eu\/sv\/","logo":{"@type":"ImageObject","inLanguage":"sv-SE","@id":"https:\/\/radarservice.eu\/sv\/#\/schema\/logo\/image\/","url":"https:\/\/radarservice.eu\/wp-content\/uploads\/2021\/03\/Radar_detector_service.png","contentUrl":"https:\/\/radarservice.eu\/wp-content\/uploads\/2021\/03\/Radar_detector_service.png","width":174,"height":48,"caption":"RadarService"},"image":{"@id":"https:\/\/radarservice.eu\/sv\/#\/schema\/logo\/image\/"}}]}},"_links":{"self":[{"href":"https:\/\/radarservice.eu\/sv\/wp-json\/wp\/v2\/product\/15934","targetHints":{"allow":["GET"]}}],"collection":[{"href":"https:\/\/radarservice.eu\/sv\/wp-json\/wp\/v2\/product"}],"about":[{"href":"https:\/\/radarservice.eu\/sv\/wp-json\/wp\/v2\/types\/product"}],"replies":[{"embeddable":true,"href":"https:\/\/radarservice.eu\/sv\/wp-json\/wp\/v2\/comments?post=15934"}],"wp:featuredmedia":[{"embeddable":true,"href":"https:\/\/radarservice.eu\/sv\/wp-json\/wp\/v2\/media\/15941"}],"wp:attachment":[{"href":"https:\/\/radarservice.eu\/sv\/wp-json\/wp\/v2\/media?parent=15934"}],"wp:term":[{"taxonomy":"product_brand","embeddable":true,"href":"https:\/\/radarservice.eu\/sv\/wp-json\/wp\/v2\/product_brand?post=15934"},{"taxonomy":"product_cat","embeddable":true,"href":"https:\/\/radarservice.eu\/sv\/wp-json\/wp\/v2\/product_cat?post=15934"},{"taxonomy":"product_tag","embeddable":true,"href":"https:\/\/radarservice.eu\/sv\/wp-json\/wp\/v2\/product_tag?post=15934"}],"curies":[{"name":"wp","href":"https:\/\/api.w.org\/{rel}","templated":true}]}}