{"id":17703,"date":"2022-03-24T11:48:59","date_gmt":"2022-03-24T10:48:59","guid":{"rendered":"https:\/\/radarservice.eu\/allmanna-villkor\/"},"modified":"2022-03-24T11:49:03","modified_gmt":"2022-03-24T10:49:03","slug":"allmanna-villkor","status":"publish","type":"page","link":"https:\/\/radarservice.eu\/sv\/allmanna-villkor\/","title":{"rendered":"Allm\u00e4nna villkor"},"content":{"rendered":"\n<h1 class=\"wp-block-heading\">Allm\u00e4nna villkor med kundinformation<\/h1>\n\n<h2 class=\"wp-block-heading\">Inneh\u00e5llsf\u00f6rteckning<\/h2>\n\n<ol class=\"wp-block-list\"><li>Omfattning<\/li><li>Kontrakt<\/li><li>Uttag<\/li><li>Priser och betalningsvillkor<\/li><li>Leverans- och leveransvillkor<\/li><li>\u00c4gande<\/li><li>Ansvar f\u00f6r defekter (garanti)<\/li><li>Till\u00e4mplig lag<\/li><li>Spelplats<\/li><li>Alternativ tvistl\u00f6sning<\/li><\/ol>\n\n<h2 class=\"wp-block-heading\">1) Till\u00e4mpningsomr\u00e5det<\/h2>\n\n<p><strong>1.1<\/strong> Dessa allm\u00e4nna villkor (nedan kallade &#8221;GTC&#8221;) f\u00f6r RadarService (nedan kallad &#8221;S\u00e4ljare&#8221;) g\u00e4ller f\u00f6r alla avtal om leverans av varor som en konsument eller entrepren\u00f6r (nedan kallad &#8221;Kund&#8221;) sluter med s\u00e4ljaren med avseende p\u00e5 de varor som s\u00e4ljaren l\u00e4nger i sin webbutik. Inf\u00f6randet av kundens egna villkor inv\u00e4nds h\u00e4rmed mot, om inte annat avtalats.<\/p>\n\n<p><strong>1.2<\/strong> En konsument i den mening som avses i dessa allm\u00e4nna ekonomiska intressef\u00f6retag \u00e4r varje fysisk person som slutf\u00f6r en r\u00e4ttslig transaktion f\u00f6r \u00e4ndam\u00e5l som till \u00f6verv\u00e4gande del varken kan h\u00e4nf\u00f6ras till deras kommersiella eller oberoende yrkesverksamhet. En entrepren\u00f6r i den mening som avses i dessa allm\u00e4nna fr\u00e5gor \u00e4r en fysisk eller juridisk person eller ett partnerskap med r\u00e4ttskapacitet som, n\u00e4r han slutf\u00f6r en r\u00e4ttslig transaktion, agerar i ut\u00f6vandet av sin kommersiella eller oberoende yrkesverksamhet.<\/p>\n\n<h2 class=\"wp-block-heading\">2) Ing\u00e5ende av avtal<\/h2>\n\n<p><strong>2.1<\/strong> Produktbeskrivningarna i s\u00e4ljarens webbutik utg\u00f6r inte bindande erbjudanden fr\u00e5n s\u00e4ljarens sida, utan tj\u00e4nar till att l\u00e4mna ett bindande erbjudande fr\u00e5n Kunden.<\/p>\n\n<p><strong>2.2<\/strong> Kunden kan skicka in erbjudandet via onlinebest\u00e4llningsformul\u00e4ret integrerat i s\u00e4ljarens webbutik. Efter att ha placerat de valda varorna i den virtuella kundvagnen och g\u00e5tt igenom den elektroniska best\u00e4llningsprocessen skickar kunden ett juridiskt bindande avtalserbjudande avseende varorna i kundvagnen genom att klicka p\u00e5 knappen som avslutar best\u00e4llningsprocessen. Dessutom kan kunden ocks\u00e5 l\u00e4mna erbjudandet till s\u00e4ljaren via telefon, e-post eller online-kontaktformul\u00e4r.<\/p>\n\n<p><strong>2.3<\/strong> S\u00e4ljaren kan acceptera Kundens erbjudande inom fem dagar,<\/p>\n\n<ul class=\"wp-block-list\"><li>genom att skicka kunden en skriftlig orderbekr\u00e4ftelse eller en orderbekr\u00e4ftelse i textform (fax eller e-post), varigenom mottagandet av orderbekr\u00e4ftelsen fr\u00e5n kunden \u00e4r avg\u00f6rande i detta avseende, eller<\/li><li>genom att leverera de best\u00e4llda varorna till kunden, varvid kundens mottagande av varorna \u00e4r avg\u00f6rande i detta avseende, eller<\/li><li>genom att beg\u00e4ra betalning fr\u00e5n kunden efter att ha gjort sin best\u00e4llning.<\/li><\/ul>\n\n<p>Om det finns flera av de ovan n\u00e4mnda alternativen ing\u00e5s avtalet vid den tidpunkt d\u00e5 ett av de ovan n\u00e4mnda alternativen f\u00f6rst uppst\u00e5r. Perioden f\u00f6r godk\u00e4nnande av erbjudandet b\u00f6rjar dagen efter att kunden skickat erbjudandet och slutar med utg\u00e5ngen av den femte dagen efter det att erbjudandet har skickats. Om s\u00e4ljaren inte accepterar kundens erbjudande inom ovann\u00e4mnda period ska detta anses vara ett avslag p\u00e5 erbjudandet med f\u00f6ljden att kunden inte l\u00e4ngre \u00e4r bunden av sin avsiktsf\u00f6rklaring.<\/p>\n\n<p><strong>2.4<\/strong>Om betalningsmetoden &#8221;Amazon Payments&#8221; v\u00e4ljs behandlas betalningen av betaltj\u00e4nstleverant\u00f6ren Amazon Payments Europe s.c.a., 38 avenue John F. Kennedy, L-1855 Luxembourg (nedan kallad &#8221;Amazon&#8221;), med f\u00f6rbeh\u00e5ll f\u00f6r Amazon Payments Europe User Agreement, som kan ses under https:\/\/payments.amazon.de\/help\/201751590. Om kunden v\u00e4ljer &#8221;Amazon Payments&#8221; som betalningsmetod som en del av onlinebest\u00e4llningsprocessen, utf\u00e4rdar han &#8221;Amazon Payments&#8221; som betalningsmetod genom att klicka p\u00e5 knappen som avslutar best\u00e4llningsprocessen.  samtidigt ocks\u00e5 en betalningsorder till Amazon. I detta fall f\u00f6rklarar s\u00e4ljaren h\u00e4rmed godtagandet av kundens erbjudande vid den tidpunkt d\u00e5 kunden utl\u00f6ser betalningsprocessen genom att klicka p\u00e5 knappen som avslutar orderprocessen.<\/p>\n\n<p><strong>2.5<\/strong> N\u00e4r du skickar ett erbjudande via s\u00e4ljarens onlinebest\u00e4llningsformul\u00e4r kommer avtalstexten att lagras av s\u00e4ljaren efter avtalets ing\u00e5ende och \u00f6verf\u00f6ras till Kunden i textform (e.B. e-post, fax eller brev) efter att ha skickat sin best\u00e4llning. S\u00e4ljaren kommer inte att g\u00f6ra avtalstexten tillg\u00e4nglig ut\u00f6ver detta. Om kunden har skapat ett anv\u00e4ndarkonto i s\u00e4ljarens webbutik innan han skickar sin best\u00e4llning arkiveras best\u00e4llningsdata p\u00e5 s\u00e4ljarens webbplats och kan h\u00e4mtas gratis av kunden via hans l\u00f6senordsskyddade anv\u00e4ndarkonto genom att tillhandah\u00e5lla motsvarande inloggningsuppgifter.<\/p>\n\n<p><strong>2.6<\/strong> Innan best\u00e4llningen skickas in via s\u00e4ljarens onlinebest\u00e4llningsformul\u00e4r kan kunden uppt\u00e4cka eventuella inmatningsfel genom att noggrant l\u00e4sa informationen som visas p\u00e5 sk\u00e4rmen. Ett effektivt tekniskt s\u00e4tt att b\u00e4ttre uppt\u00e4cka inmatningsfel kan vara webbl\u00e4sarens f\u00f6rstoringsfunktion, med hj\u00e4lp av vilken sk\u00e4rmen p\u00e5 sk\u00e4rmen f\u00f6rstoras. Som en del av den elektroniska best\u00e4llningsprocessen kan kunden korrigera sina poster via de vanliga tangentbords- och musfunktionerna tills han klickar p\u00e5 knappen som avslutar best\u00e4llningsprocessen.<\/p>\n\n<p><strong>2.7<\/strong> De tyska och engelska spr\u00e5ken finns tillg\u00e4ngliga f\u00f6r ing\u00e5endet av avtalet.<\/p>\n\n<p><strong>2.8<\/strong> Best\u00e4llningsbehandling och kontakt sker vanligtvis via e-post och automatiserad orderbehandling. Kunden m\u00e5ste se till att den e-postadress som han tillhandah\u00e5ller f\u00f6r orderbehandling \u00e4r korrekt, s\u00e5 att de e-postmeddelanden som skickas av s\u00e4ljaren kan tas emot p\u00e5 denna adress. I synnerhet n\u00e4r du anv\u00e4nder SPAM-filter m\u00e5ste kunden se till att alla e-postmeddelanden som skickas av s\u00e4ljaren eller tredje part som best\u00e4llts av s\u00e4ljaren med orderbehandlingen kan levereras.<\/p>\n\n<h2 class=\"wp-block-heading\">3) \u00c5ngerr\u00e4tt<\/h2>\n\n<p><strong>3.1<\/strong> Konsumenter har i allm\u00e4nhet r\u00e4tt till \u00e5ngerr\u00e4tt.<\/p>\n\n<p><strong>3.2<\/strong> Ytterligare information om \u00e5ngerr\u00e4tten finns i s\u00e4ljarens avbokningsregler.<\/p>\n\n<h2 class=\"wp-block-heading\">4) Priser och betalningsvillkor<\/h2>\n\n<p><strong>4.1<\/strong> Om inget annat anges i s\u00e4ljarens produktbeskrivning \u00e4r de angivna priserna totala priser som inkluderar den lagstadgade merv\u00e4rdesskatten. Eventuella ytterligare leverans- och fraktkostnader kommer att anges separat i respektive produktbeskrivning.<\/p>\n\n<p><strong>4.2<\/strong> Vid leveranser till l\u00e4nder utanf\u00f6r Europeiska unionen kan ytterligare kostnader uppst\u00e5 i enskilda fall som s\u00e4ljaren inte \u00e4r ansvarig f\u00f6r och som ska b\u00e4ras av Kunden. Det handlar till exempel om kostnader f\u00f6r kreditinstitutens \u00f6verf\u00f6ring av pengar (t.B. \u00f6verf\u00f6ringsavgifter, v\u00e4xelkursavgifter) eller importtullar eller skatter (t.B tullar). S\u00e5dana kostnader kan ocks\u00e5 uppst\u00e5 i samband med \u00f6verf\u00f6ring av pengar om leveransen inte sker till ett land utanf\u00f6r Europeiska unionen, men kunden g\u00f6r betalningen fr\u00e5n ett land utanf\u00f6r Europeiska unionen.<\/p>\n\n<p><strong>4.3<\/strong> Betalningsalternativen kommer att meddelas kunden i s\u00e4ljarens webbutik.<\/p>\n\n<p><strong>4.4<\/strong> Om f\u00f6rskottsbetalning genom bank\u00f6verf\u00f6ring har avtalats f\u00f6rfaller betalningen omedelbart efter det att avtalet har ing\u00e5tts, s\u00e5vida inte parterna har kommit \u00f6verens om en senare f\u00f6rfallodag.<\/p>\n\n<p><strong>4.5<\/strong>Vid betalning med hj\u00e4lp av en betalningsmetod som erbjuds av PayPal kommer betalningen att behandlas av betaltj\u00e4nstleverant\u00f6ren PayPal (Europa) S.\u00e0 r.l. et Cie, S.C.A., 22-24 Boulevard Royal, L-2449 Luxemburg (nedan kallat &#8221;PayPal&#8221;), med f\u00f6rbeh\u00e5ll f\u00f6r PayPal anv\u00e4ndarvillkor, som finns tillg\u00e4ngliga enligt https:\/\/www.paypal.com\/de\/webapps\/mpp\/ua\/useragreement-full eller, om kunden inte har ett PayPal konto, med f\u00f6rbeh\u00e5ll f\u00f6r de PayPal  https:\/\/www.paypal.com\/de\/webapps\/mpp\/ua\/privacywax-full.<\/p>\n\n<h2 class=\"wp-block-heading\">5) Leverans- och fraktvillkor<\/h2>\n\n<p><strong>5.1<\/strong> Varorna ska levereras genom avs\u00e4ndning till den leveransadress som kunden anger, om inte annat \u00f6verenskommits. Vid behandling av transaktionen \u00e4r den leveransadress som anges i s\u00e4ljarens orderbehandling avg\u00f6rande.<\/p>\n\n<p><strong>5.2<\/strong> Om transportf\u00f6retaget returnerar de levererade varorna till s\u00e4ljaren p\u00e5 grund av att leverans till kunden inte var m\u00f6jlig, ska kunden b\u00e4ra kostnaderna f\u00f6r den misslyckade leveransen. Detta g\u00e4ller inte om kunden inte \u00e4r ansvarig f\u00f6r den omst\u00e4ndighet som ledde till om\u00f6jlig leverans eller om han tillf\u00e4lligt hindrades fr\u00e5n att acceptera den erbjudna tj\u00e4nsten, s\u00e5vida inte s\u00e4ljaren hade meddelat tj\u00e4nsten till honom en rimlig tid i f\u00f6rv\u00e4g. Detta g\u00e4ller inte heller kostnaderna f\u00f6r uts\u00e4ndningen om kunden i sj\u00e4lva verket ut\u00f6var sin \u00e5ngerr\u00e4tt. F\u00f6r returkostnaderna ska best\u00e4mmelsen i s\u00e4ljarens avbokningsregler g\u00e4lla om \u00e5ngerr\u00e4tten faktiskt ut\u00f6vas av kunden.<\/p>\n\n<p><strong>5.3<\/strong> Vid sj\u00e4lvindrivning ska s\u00e4ljaren f\u00f6rst via e-post informera Kunden om att de varor som best\u00e4llts av honom \u00e4r klara f\u00f6r upph\u00e4mtning. Vid mottagandet av detta e-postmeddelande kan kunden h\u00e4mta varorna efter samr\u00e5d med s\u00e4ljaren p\u00e5 s\u00e4ljarens s\u00e4te. I detta fall kommer inga fraktkostnader att debiteras.<\/p>\n\n<h2 class=\"wp-block-heading\">6) Bibeh\u00e5llande av titeln<\/h2>\n\n<p>Om s\u00e4ljaren g\u00f6r en f\u00f6rskottsbetalning reserverar han \u00e4gander\u00e4tten till de levererade varorna tills full betalning av ink\u00f6pspriset \u00e4r skyldigt.<\/p>\n\n<h2 class=\"wp-block-heading\">7) Ansvar f\u00f6r defekter (garanti)<\/h2>\n\n<p><strong>7.1<\/strong> Om den k\u00f6pta varan \u00e4r defekt ska best\u00e4mmelserna i lagstadgat ansvar f\u00f6r defekter g\u00e4lla.<\/p>\n\n<p><strong>7.2<\/strong> Trots detta g\u00e4ller f\u00f6ljande f\u00f6r begagnade varor: Krav p\u00e5 defekter \u00e4r uteslutna om defekten uppst\u00e5r f\u00f6rst efter ett \u00e5r fr\u00e5n leveransen av varorna. Fel som intr\u00e4ffar inom ett \u00e5r efter leverans av varorna kan h\u00e4vdas inom den lagstadgade preskriptionstiden. F\u00f6rkortningen av ansvarsperioden till ett \u00e5r g\u00e4ller dock inte<\/p>\n\n<ul class=\"wp-block-list\"><li>F\u00f6r f\u00f6rem\u00e5l som har anv\u00e4nts f\u00f6r en byggnad i enlighet med deras vanliga anv\u00e4ndning och som har orsakat dess defekt,<\/li><li>skadest\u00e5ndsanspr\u00e5k och ers\u00e4ttning f\u00f6r kundens kostnader, samt f\u00f6r skadest\u00e5ndskrav<\/li><li>om s\u00e4ljaren bedr\u00e4gligt har dolt felet.<\/li><\/ul>\n\n<p><strong>7.3<\/strong> Kunden ombeds att klaga till levereraren om levererade varor med uppenbara transportskador och att informera s\u00e4ljaren om detta. Om kunden inte f\u00f6ljer detta p\u00e5verkar detta inte hans r\u00e4ttsliga eller avtalsenliga krav p\u00e5 defekter.<\/p>\n\n<h2 class=\"wp-block-heading\">8) Till\u00e4mplig lag<\/h2>\n\n<p>Alla r\u00e4ttsliga f\u00f6rbindelser mellan parterna skall regleras av F\u00f6rbundsrepubliken Tysklands lagstiftning med undantag av lagarna om internationellt k\u00f6p av l\u00f6s egendom. N\u00e4r det g\u00e4ller konsumenter ska detta val av lag endast till\u00e4mpas i den m\u00e5n det beviljade skyddet inte \u00e5terkallas genom tvingande best\u00e4mmelser i lagen i den stat d\u00e4r konsumenten har sin hemvist.<\/p>\n\n<h2 class=\"wp-block-heading\">9) Jurisdiktionsort<\/h2>\n\n<p>Om kunden agerar som en k\u00f6pman, en offentligr\u00e4ttsligt eller en s\u00e4rskild fond enligt offentlig r\u00e4tt med sitt s\u00e4te inom F\u00f6rbundsrepubliken Tysklands territorium, \u00e4r den exklusiva jurisdiktionsorten f\u00f6r alla tvister som uppst\u00e5r till f\u00f6ljd av detta avtal s\u00e4ljarens s\u00e4te. Om kunden har sitt s\u00e4te utanf\u00f6r F\u00f6rbundsrepubliken Tysklands territorium \u00e4r s\u00e4ljarens verksamhetsort den exklusiva jurisdiktionsorten f\u00f6r alla tvister som uppst\u00e5r till f\u00f6ljd av detta avtal, om avtalet eller anspr\u00e5ken fr\u00e5n avtalet kan h\u00e4nf\u00f6ras till kundens yrkesm\u00e4ssiga eller kommersiella verksamhet. I ovanst\u00e5ende fall har s\u00e4ljaren dock under alla omst\u00e4ndigheter r\u00e4tt att \u00f6verklaga till domstolen p\u00e5 Kundens s\u00e4te.<\/p>\n\n<h2 class=\"wp-block-heading\">10) Alternativ tvistl\u00f6sning<\/h2>\n\n<p><strong>10.1<\/strong> EU-kommissionen tillhandah\u00e5ller en plattform f\u00f6r tvistl\u00f6sning online p\u00e5 Internet under f\u00f6ljande l\u00e4nk: https:\/\/ec.europa.eu\/consumers\/odr<\/p>\n\n<p>Denna plattform fungerar som en kontaktpunkt f\u00f6r tvistl\u00f6sning utanf\u00f6r domstol som uppst\u00e5r till f\u00f6ljd av k\u00f6p- eller tj\u00e4nsteavtal online d\u00e4r en konsument \u00e4r inblandad.<\/p>\n\n<p><strong>10.2<\/strong> S\u00e4ljaren \u00e4r varken skyldig eller villig att delta i ett tvistl\u00f6sningsf\u00f6rfarande inf\u00f6r en skiljen\u00e4mnd f\u00f6r konsumenter.<\/p>\n","protected":false},"excerpt":{"rendered":"<p>Allm\u00e4nna villkor med kundinformation Inneh\u00e5llsf\u00f6rteckning Omfattning Kontrakt Uttag Priser och betalningsvillkor Leverans- och leveransvillkor \u00c4gande Ansvar f\u00f6r defekter (garanti) Till\u00e4mplig lag Spelplats Alternativ tvistl\u00f6sning 1) Till\u00e4mpningsomr\u00e5det 1.1 Dessa allm\u00e4nna villkor (nedan kallade &#8221;GTC&#8221;) f\u00f6r RadarService (nedan kallad &#8221;S\u00e4ljare&#8221;) g\u00e4ller f\u00f6r alla avtal om leverans av varor som en konsument eller entrepren\u00f6r (nedan kallad &#8221;Kund&#8221;) sluter [&#8230;]\n","protected":false},"author":1,"featured_media":0,"parent":0,"menu_order":810,"comment_status":"closed","ping_status":"closed","template":"","meta":{"footnotes":""},"class_list":["post-17703","page","type-page","status-publish","hentry"],"yoast_head":"<!-- This site is optimized with the Yoast SEO plugin v27.2 - https:\/\/yoast.com\/product\/yoast-seo-wordpress\/ -->\n<title>Allm\u00e4nna villkor | Radar Service<\/title>\n<meta name=\"description\" content=\"Allm\u00e4nna villkor | Radar Service\" \/>\n<meta name=\"robots\" content=\"noindex, nofollow\" \/>\n<meta property=\"og:locale\" content=\"sv_SE\" \/>\n<meta property=\"og:type\" content=\"article\" \/>\n<meta property=\"og:title\" content=\"Allm\u00e4nna villkor | Radar Service\" \/>\n<meta property=\"og:description\" content=\"Allm\u00e4nna villkor | Radar Service\" \/>\n<meta property=\"og:url\" content=\"https:\/\/radarservice.eu\/sv\/allmanna-villkor\/\" \/>\n<meta property=\"og:site_name\" content=\"Radar Service\" \/>\n<meta property=\"article:modified_time\" content=\"2022-03-24T10:49:03+00:00\" \/>\n<meta name=\"twitter:card\" content=\"summary_large_image\" \/>\n<meta name=\"twitter:label1\" content=\"Ber\u00e4knad l\u00e4stid\" \/>\n\t<meta name=\"twitter:data1\" content=\"9 minuter\" \/>\n<script type=\"application\/ld+json\" class=\"yoast-schema-graph\">{\"@context\":\"https:\/\/schema.org\",\"@graph\":[{\"@type\":\"WebPage\",\"@id\":\"https:\/\/radarservice.eu\/sv\/allmanna-villkor\/\",\"url\":\"https:\/\/radarservice.eu\/sv\/allmanna-villkor\/\",\"name\":\"Allm\u00e4nna villkor | Radar Service\",\"isPartOf\":{\"@id\":\"https:\/\/radarservice.eu\/sv\/#website\"},\"datePublished\":\"2022-03-24T10:48:59+00:00\",\"dateModified\":\"2022-03-24T10:49:03+00:00\",\"description\":\"Allm\u00e4nna villkor | Radar Service\",\"inLanguage\":\"sv-SE\",\"potentialAction\":[{\"@type\":\"ReadAction\",\"target\":[\"https:\/\/radarservice.eu\/sv\/allmanna-villkor\/\"]}]},{\"@type\":\"WebSite\",\"@id\":\"https:\/\/radarservice.eu\/sv\/#website\",\"url\":\"https:\/\/radarservice.eu\/sv\/\",\"name\":\"Radar Service\",\"description\":\"Radar detector Laser jammer mobile fix\",\"publisher\":{\"@id\":\"https:\/\/radarservice.eu\/sv\/#organization\"},\"potentialAction\":[{\"@type\":\"SearchAction\",\"target\":{\"@type\":\"EntryPoint\",\"urlTemplate\":\"https:\/\/radarservice.eu\/sv\/?s={search_term_string}\"},\"query-input\":{\"@type\":\"PropertyValueSpecification\",\"valueRequired\":true,\"valueName\":\"search_term_string\"}}],\"inLanguage\":\"sv-SE\"},{\"@type\":\"Organization\",\"@id\":\"https:\/\/radarservice.eu\/sv\/#organization\",\"name\":\"RadarService\",\"url\":\"https:\/\/radarservice.eu\/sv\/\",\"logo\":{\"@type\":\"ImageObject\",\"inLanguage\":\"sv-SE\",\"@id\":\"https:\/\/radarservice.eu\/sv\/#\/schema\/logo\/image\/\",\"url\":\"https:\/\/radarservice.eu\/wp-content\/uploads\/2021\/03\/Radar_detector_service.png\",\"contentUrl\":\"https:\/\/radarservice.eu\/wp-content\/uploads\/2021\/03\/Radar_detector_service.png\",\"width\":174,\"height\":48,\"caption\":\"RadarService\"},\"image\":{\"@id\":\"https:\/\/radarservice.eu\/sv\/#\/schema\/logo\/image\/\"}}]}<\/script>\n<!-- \/ Yoast SEO plugin. -->","yoast_head_json":{"title":"Allm\u00e4nna villkor | Radar Service","description":"Allm\u00e4nna villkor | Radar Service","robots":{"index":"noindex","follow":"nofollow"},"og_locale":"sv_SE","og_type":"article","og_title":"Allm\u00e4nna villkor | Radar Service","og_description":"Allm\u00e4nna villkor | Radar Service","og_url":"https:\/\/radarservice.eu\/sv\/allmanna-villkor\/","og_site_name":"Radar Service","article_modified_time":"2022-03-24T10:49:03+00:00","twitter_card":"summary_large_image","twitter_misc":{"Ber\u00e4knad l\u00e4stid":"9 minuter"},"schema":{"@context":"https:\/\/schema.org","@graph":[{"@type":"WebPage","@id":"https:\/\/radarservice.eu\/sv\/allmanna-villkor\/","url":"https:\/\/radarservice.eu\/sv\/allmanna-villkor\/","name":"Allm\u00e4nna villkor | Radar Service","isPartOf":{"@id":"https:\/\/radarservice.eu\/sv\/#website"},"datePublished":"2022-03-24T10:48:59+00:00","dateModified":"2022-03-24T10:49:03+00:00","description":"Allm\u00e4nna villkor | Radar Service","inLanguage":"sv-SE","potentialAction":[{"@type":"ReadAction","target":["https:\/\/radarservice.eu\/sv\/allmanna-villkor\/"]}]},{"@type":"WebSite","@id":"https:\/\/radarservice.eu\/sv\/#website","url":"https:\/\/radarservice.eu\/sv\/","name":"Radar Service","description":"Radar detector Laser jammer mobile fix","publisher":{"@id":"https:\/\/radarservice.eu\/sv\/#organization"},"potentialAction":[{"@type":"SearchAction","target":{"@type":"EntryPoint","urlTemplate":"https:\/\/radarservice.eu\/sv\/?s={search_term_string}"},"query-input":{"@type":"PropertyValueSpecification","valueRequired":true,"valueName":"search_term_string"}}],"inLanguage":"sv-SE"},{"@type":"Organization","@id":"https:\/\/radarservice.eu\/sv\/#organization","name":"RadarService","url":"https:\/\/radarservice.eu\/sv\/","logo":{"@type":"ImageObject","inLanguage":"sv-SE","@id":"https:\/\/radarservice.eu\/sv\/#\/schema\/logo\/image\/","url":"https:\/\/radarservice.eu\/wp-content\/uploads\/2021\/03\/Radar_detector_service.png","contentUrl":"https:\/\/radarservice.eu\/wp-content\/uploads\/2021\/03\/Radar_detector_service.png","width":174,"height":48,"caption":"RadarService"},"image":{"@id":"https:\/\/radarservice.eu\/sv\/#\/schema\/logo\/image\/"}}]}},"_links":{"self":[{"href":"https:\/\/radarservice.eu\/sv\/wp-json\/wp\/v2\/pages\/17703","targetHints":{"allow":["GET"]}}],"collection":[{"href":"https:\/\/radarservice.eu\/sv\/wp-json\/wp\/v2\/pages"}],"about":[{"href":"https:\/\/radarservice.eu\/sv\/wp-json\/wp\/v2\/types\/page"}],"author":[{"embeddable":true,"href":"https:\/\/radarservice.eu\/sv\/wp-json\/wp\/v2\/users\/1"}],"replies":[{"embeddable":true,"href":"https:\/\/radarservice.eu\/sv\/wp-json\/wp\/v2\/comments?post=17703"}],"version-history":[{"count":3,"href":"https:\/\/radarservice.eu\/sv\/wp-json\/wp\/v2\/pages\/17703\/revisions"}],"predecessor-version":[{"id":17706,"href":"https:\/\/radarservice.eu\/sv\/wp-json\/wp\/v2\/pages\/17703\/revisions\/17706"}],"wp:attachment":[{"href":"https:\/\/radarservice.eu\/sv\/wp-json\/wp\/v2\/media?parent=17703"}],"curies":[{"name":"wp","href":"https:\/\/api.w.org\/{rel}","templated":true}]}}