{"id":18776,"date":"2022-10-05T17:26:37","date_gmt":"2022-10-05T15:26:37","guid":{"rendered":"https:\/\/radarservice.eu\/produkt\/detector-de-radar-cu-montare-fixa-genevo-assist-pro-hdm\/"},"modified":"2025-06-22T05:10:26","modified_gmt":"2025-06-22T03:10:26","slug":"detector-de-radar-cu-montare-fixa-genevo-assist-pro-hdm","status":"publish","type":"product","link":"https:\/\/radarservice.eu\/ro\/produs\/detector-de-radar-cu-montare-fixa-genevo-assist-pro-hdm\/","title":{"rendered":"Detector de radar cu montare fix\u0103 Genevo Assist Pro HDM+"},"content":{"rendered":"<p>Detectorul de radar fix Genevo Assist HDM+ este, \u00een prezent, cel mai bun dispozitiv \u00eencorporat high-end pentru pia\u021ba european\u0103. Designul modular face posibil\u0103 extinderea sistemului la o dat\u0103 ulterioar\u0103.<\/p>\n<p>Cele mai bune rezultate de pre-alarmare cu o rat\u0103 minim\u0103 de alarme false fac din Genevo Assist HDM+ dispozitivul de top absolut al tuturor detectoarelor de radar fixe.<br \/>\nGenevo este o dezvoltare special\u0103 pentru func\u021bionarea \u00een \u021b\u0103rile europene.<br \/>\nAfi\u0219ajul magnetic \u0219i unitatea de control pot fi \u00eendep\u0103rtate \u00een orice moment. Acest lucru dezactiveaz\u0103 imediat Genevo Assist. Acest lucru este recomandat \u00een special \u00een cazul locurilor de re\u0219edin\u021b\u0103 din apropierea frontierei sau \u00een cazul trecerilor frecvente ale frontierei cu controale corespunz\u0103toare.<\/p>\n<p>Op\u021biunile de setare ale Genevo Assist sunt de neegalat prin varietatea lor. Trotzdem ist es auch f\u00fcr Einsteiger einfach m\u00f6glich die Einstellungen auf den eigenen Bedarf anzupassen. Un software special dezvoltat permite o configurare convenabil\u0103 pe un PC sau un laptop la domiciliu.<\/p>\n<p>Avertiz\u0103rile sunt transmise fie printr-un anun\u021b vocal \u00een limba german\u0103, fie printr-un simplu semnal sonor. Baza de date Genevo Assist POI este preinstalat\u0103 gratuit \u0219i v\u0103 avertizeaz\u0103 cu privire la sistemele fixe de monitorizare a vitezei \u0219i a semafoarelor ro\u0219ii din \u00eentreaga Europ\u0103.<\/p>\n<p>Dac\u0103 ave\u021bi \u00eentreb\u0103ri legate de consiliere sau configurare, v\u0103 rug\u0103m s\u0103 ne <a title=\"contact\" href=\"https:\/\/radarservice.eu\/ro\/contact\/\" target=\"_blank\" rel=\"noopener noreferrer\">contacta\u021bi \u00een scris<\/a>.<\/p>\n<p><strong>Prezentare general\u0103:<\/strong><br \/>\n+ cel mai bun detector radar fix pentru Europa<br \/>\n+ design modular<br \/>\n+ K-band<br \/>\n+ KA-Band<br \/>\n+ MultaRadar (MRCD \/ MRCT \/ Moving) <br \/>\n+ Gatso (RT3 \/ RT4) <br \/>\n+ Avertizare de m\u0103sur\u0103tori cu laser<br \/>\n+ Avertizarea radarelor sta\u021bionare<br \/>\n+ Avertizare monitorizare semafoare<br \/>\n+ Avertisment pentru m\u0103sur\u0103torile de control al sec\u021biunii <br \/>\n+ Semnale de alarm\u0103 pe german\u0103<br \/>\n+ potrivit pentru utilizare \u00een Europa<br \/>\n+ Configurare pe PC sau laptop cu software de configurare german<br \/>\n+ baza de date EUROPA pentru camerele cu viteza fixa deja preinstalate<\/p>\n<p><strong>Domeniul de aplicare al livr\u0103rii:<\/strong><br \/>\n* Genevo HDM + anten\u0103 radar<br \/>\n* Modul de control pentru receptoare radar \u0219i laser<br \/>\n* Receptor GPS (cu chipset SIRFIII de inalta receptie)<br \/>\n* Vorbitor<br \/>\n* Kit de montare pentru fixarea tuturor componentelor<\/p>\n","protected":false},"excerpt":{"rendered":"<p>Detectorul de radar fix Genevo Assist Pro HDM+ este unul dintre cele mai bune detectoare de radar high-end pentru utilizare \u00een Europa. De asemenea, avertizeaz\u0103 \u00een mod fiabil cu privire la noile capcane de vitez\u0103 MultaRadar (MRCD \/ MRCT \/ Moving).<\/p>\n","protected":false},"featured_media":18777,"comment_status":"open","ping_status":"closed","template":"","meta":[],"product_brand":[],"product_cat":[1514,1464,1442],"product_tag":[1450,1451,1515,1516,1519,1445,1520,1521,1518,1490,1517],"class_list":{"0":"post-18776","1":"product","2":"type-product","3":"status-publish","4":"has-post-thumbnail","6":"product_cat-detectoare-de-radar-recomandate","7":"product_cat-detectoare-radar-montate-fix","8":"product_cat-genevo-ro","9":"product_tag-detector-de-radar-ro","10":"product_tag-europa-ro","11":"product_tag-genevo-ro","12":"product_tag-genevo-assist-ro","13":"product_tag-genevo-assist-hdm-ro","14":"product_tag-genevo-ff-ro","15":"product_tag-genevo-pro-ro","16":"product_tag-genevo-pro-hdm-ro","17":"product_tag-hamburg-ro","18":"product_tag-instalare-fixa","19":"product_tag-serviciul-de-instalare","21":"first","22":"instock","23":"sale","24":"taxable","25":"shipping-taxable","26":"purchasable","27":"product-type-variable","28":"has-default-attributes"},"yoast_head":"<!-- This site is optimized with the Yoast SEO plugin v27.2 - https:\/\/yoast.com\/product\/yoast-seo-wordpress\/ -->\n<title>Detector de radar cu montare fix\u0103 Genevo Assist Pro HDM+<\/title>\n<meta name=\"description\" content=\"Detectorul de radar fix Genevo Assist Pro HDM+ este \u00een prezent cea mai bun\u0103 solu\u021bie complet\u0103 high-end cu avertizare MultaRadar \u0219i Gatso.\" \/>\n<meta name=\"robots\" content=\"index, follow, max-snippet:-1, max-image-preview:large, max-video-preview:-1\" \/>\n<link rel=\"canonical\" href=\"https:\/\/radarservice.eu\/ro\/produs\/detector-de-radar-cu-montare-fixa-genevo-assist-pro-hdm\/\" \/>\n<meta property=\"og:locale\" content=\"ro_RO\" \/>\n<meta property=\"og:type\" content=\"article\" \/>\n<meta property=\"og:title\" content=\"Detector de radar cu montare fix\u0103 Genevo Assist Pro HDM+\" \/>\n<meta property=\"og:description\" content=\"Detectorul de radar fix Genevo Assist Pro HDM+ este \u00een prezent cea mai bun\u0103 solu\u021bie complet\u0103 high-end cu avertizare MultaRadar \u0219i Gatso.\" \/>\n<meta property=\"og:url\" content=\"https:\/\/radarservice.eu\/ro\/produs\/detector-de-radar-cu-montare-fixa-genevo-assist-pro-hdm\/\" \/>\n<meta property=\"og:site_name\" content=\"Radar Service\" \/>\n<meta property=\"article:modified_time\" content=\"2025-06-22T03:10:26+00:00\" \/>\n<meta property=\"og:image\" content=\"https:\/\/radarservice.eu\/wp-content\/uploads\/2020\/09\/Genevo-Assist-Pro-HDM-Verpackung.jpg\" \/>\n\t<meta property=\"og:image:width\" content=\"1600\" \/>\n\t<meta property=\"og:image:height\" content=\"1049\" \/>\n\t<meta property=\"og:image:type\" content=\"image\/jpeg\" \/>\n<meta name=\"twitter:card\" content=\"summary_large_image\" \/>\n<meta name=\"twitter:label1\" content=\"Timp estimat pentru citire\" \/>\n\t<meta name=\"twitter:data1\" content=\"2 minute\" \/>\n<script type=\"application\/ld+json\" class=\"yoast-schema-graph\">{\"@context\":\"https:\/\/schema.org\",\"@graph\":[{\"@type\":\"WebPage\",\"@id\":\"https:\/\/radarservice.eu\/ro\/produs\/detector-de-radar-cu-montare-fixa-genevo-assist-pro-hdm\/\",\"url\":\"https:\/\/radarservice.eu\/ro\/produs\/detector-de-radar-cu-montare-fixa-genevo-assist-pro-hdm\/\",\"name\":\"Detector de radar cu montare fix\u0103 Genevo Assist Pro HDM+\",\"isPartOf\":{\"@id\":\"https:\/\/radarservice.eu\/ro\/#website\"},\"primaryImageOfPage\":{\"@id\":\"https:\/\/radarservice.eu\/ro\/produs\/detector-de-radar-cu-montare-fixa-genevo-assist-pro-hdm\/#primaryimage\"},\"image\":{\"@id\":\"https:\/\/radarservice.eu\/ro\/produs\/detector-de-radar-cu-montare-fixa-genevo-assist-pro-hdm\/#primaryimage\"},\"thumbnailUrl\":\"https:\/\/radarservice.eu\/wp-content\/uploads\/2020\/09\/Genevo-Assist-Pro-HDM-Verpackung.jpg\",\"datePublished\":\"2022-10-05T15:26:37+00:00\",\"dateModified\":\"2025-06-22T03:10:26+00:00\",\"description\":\"Detectorul de radar fix Genevo Assist Pro HDM+ este \u00een prezent cea mai bun\u0103 solu\u021bie complet\u0103 high-end cu avertizare MultaRadar \u0219i Gatso.\",\"breadcrumb\":{\"@id\":\"https:\/\/radarservice.eu\/ro\/produs\/detector-de-radar-cu-montare-fixa-genevo-assist-pro-hdm\/#breadcrumb\"},\"inLanguage\":\"ro-RO\",\"potentialAction\":[{\"@type\":\"ReadAction\",\"target\":[\"https:\/\/radarservice.eu\/ro\/produs\/detector-de-radar-cu-montare-fixa-genevo-assist-pro-hdm\/\"]}]},{\"@type\":\"ImageObject\",\"inLanguage\":\"ro-RO\",\"@id\":\"https:\/\/radarservice.eu\/ro\/produs\/detector-de-radar-cu-montare-fixa-genevo-assist-pro-hdm\/#primaryimage\",\"url\":\"https:\/\/radarservice.eu\/wp-content\/uploads\/2020\/09\/Genevo-Assist-Pro-HDM-Verpackung.jpg\",\"contentUrl\":\"https:\/\/radarservice.eu\/wp-content\/uploads\/2020\/09\/Genevo-Assist-Pro-HDM-Verpackung.jpg\",\"width\":1600,\"height\":1049,\"caption\":\"Genevo Assist Pro HDM Ambalare\"},{\"@type\":\"BreadcrumbList\",\"@id\":\"https:\/\/radarservice.eu\/ro\/produs\/detector-de-radar-cu-montare-fixa-genevo-assist-pro-hdm\/#breadcrumb\",\"itemListElement\":[{\"@type\":\"ListItem\",\"position\":1,\"name\":\"Magazin\",\"item\":\"https:\/\/radarservice.eu\/ro\/magazin\/\"},{\"@type\":\"ListItem\",\"position\":2,\"name\":\"Detector de radar cu montare fix\u0103 Genevo Assist Pro HDM+\"}]},{\"@type\":\"WebSite\",\"@id\":\"https:\/\/radarservice.eu\/ro\/#website\",\"url\":\"https:\/\/radarservice.eu\/ro\/\",\"name\":\"Radar Service\",\"description\":\"Radar detector Laser jammer mobile fix\",\"publisher\":{\"@id\":\"https:\/\/radarservice.eu\/ro\/#organization\"},\"potentialAction\":[{\"@type\":\"SearchAction\",\"target\":{\"@type\":\"EntryPoint\",\"urlTemplate\":\"https:\/\/radarservice.eu\/ro\/?s={search_term_string}\"},\"query-input\":{\"@type\":\"PropertyValueSpecification\",\"valueRequired\":true,\"valueName\":\"search_term_string\"}}],\"inLanguage\":\"ro-RO\"},{\"@type\":\"Organization\",\"@id\":\"https:\/\/radarservice.eu\/ro\/#organization\",\"name\":\"RadarService\",\"url\":\"https:\/\/radarservice.eu\/ro\/\",\"logo\":{\"@type\":\"ImageObject\",\"inLanguage\":\"ro-RO\",\"@id\":\"https:\/\/radarservice.eu\/ro\/#\/schema\/logo\/image\/\",\"url\":\"https:\/\/radarservice.eu\/wp-content\/uploads\/2021\/03\/Radar_detector_service.png\",\"contentUrl\":\"https:\/\/radarservice.eu\/wp-content\/uploads\/2021\/03\/Radar_detector_service.png\",\"width\":174,\"height\":48,\"caption\":\"RadarService\"},\"image\":{\"@id\":\"https:\/\/radarservice.eu\/ro\/#\/schema\/logo\/image\/\"}}]}<\/script>\n<!-- \/ Yoast SEO plugin. -->","yoast_head_json":{"title":"Detector de radar cu montare fix\u0103 Genevo Assist Pro HDM+","description":"Detectorul de radar fix Genevo Assist Pro HDM+ este \u00een prezent cea mai bun\u0103 solu\u021bie complet\u0103 high-end cu avertizare MultaRadar \u0219i Gatso.","robots":{"index":"index","follow":"follow","max-snippet":"max-snippet:-1","max-image-preview":"max-image-preview:large","max-video-preview":"max-video-preview:-1"},"canonical":"https:\/\/radarservice.eu\/ro\/produs\/detector-de-radar-cu-montare-fixa-genevo-assist-pro-hdm\/","og_locale":"ro_RO","og_type":"article","og_title":"Detector de radar cu montare fix\u0103 Genevo Assist Pro HDM+","og_description":"Detectorul de radar fix Genevo Assist Pro HDM+ este \u00een prezent cea mai bun\u0103 solu\u021bie complet\u0103 high-end cu avertizare MultaRadar \u0219i Gatso.","og_url":"https:\/\/radarservice.eu\/ro\/produs\/detector-de-radar-cu-montare-fixa-genevo-assist-pro-hdm\/","og_site_name":"Radar Service","article_modified_time":"2025-06-22T03:10:26+00:00","og_image":[{"width":1600,"height":1049,"url":"https:\/\/radarservice.eu\/wp-content\/uploads\/2020\/09\/Genevo-Assist-Pro-HDM-Verpackung.jpg","type":"image\/jpeg"}],"twitter_card":"summary_large_image","twitter_misc":{"Timp estimat pentru citire":"2 minute"},"schema":{"@context":"https:\/\/schema.org","@graph":[{"@type":"WebPage","@id":"https:\/\/radarservice.eu\/ro\/produs\/detector-de-radar-cu-montare-fixa-genevo-assist-pro-hdm\/","url":"https:\/\/radarservice.eu\/ro\/produs\/detector-de-radar-cu-montare-fixa-genevo-assist-pro-hdm\/","name":"Detector de radar cu montare fix\u0103 Genevo Assist Pro HDM+","isPartOf":{"@id":"https:\/\/radarservice.eu\/ro\/#website"},"primaryImageOfPage":{"@id":"https:\/\/radarservice.eu\/ro\/produs\/detector-de-radar-cu-montare-fixa-genevo-assist-pro-hdm\/#primaryimage"},"image":{"@id":"https:\/\/radarservice.eu\/ro\/produs\/detector-de-radar-cu-montare-fixa-genevo-assist-pro-hdm\/#primaryimage"},"thumbnailUrl":"https:\/\/radarservice.eu\/wp-content\/uploads\/2020\/09\/Genevo-Assist-Pro-HDM-Verpackung.jpg","datePublished":"2022-10-05T15:26:37+00:00","dateModified":"2025-06-22T03:10:26+00:00","description":"Detectorul de radar fix Genevo Assist Pro HDM+ este \u00een prezent cea mai bun\u0103 solu\u021bie complet\u0103 high-end cu avertizare MultaRadar \u0219i Gatso.","breadcrumb":{"@id":"https:\/\/radarservice.eu\/ro\/produs\/detector-de-radar-cu-montare-fixa-genevo-assist-pro-hdm\/#breadcrumb"},"inLanguage":"ro-RO","potentialAction":[{"@type":"ReadAction","target":["https:\/\/radarservice.eu\/ro\/produs\/detector-de-radar-cu-montare-fixa-genevo-assist-pro-hdm\/"]}]},{"@type":"ImageObject","inLanguage":"ro-RO","@id":"https:\/\/radarservice.eu\/ro\/produs\/detector-de-radar-cu-montare-fixa-genevo-assist-pro-hdm\/#primaryimage","url":"https:\/\/radarservice.eu\/wp-content\/uploads\/2020\/09\/Genevo-Assist-Pro-HDM-Verpackung.jpg","contentUrl":"https:\/\/radarservice.eu\/wp-content\/uploads\/2020\/09\/Genevo-Assist-Pro-HDM-Verpackung.jpg","width":1600,"height":1049,"caption":"Genevo Assist Pro HDM Ambalare"},{"@type":"BreadcrumbList","@id":"https:\/\/radarservice.eu\/ro\/produs\/detector-de-radar-cu-montare-fixa-genevo-assist-pro-hdm\/#breadcrumb","itemListElement":[{"@type":"ListItem","position":1,"name":"Magazin","item":"https:\/\/radarservice.eu\/ro\/magazin\/"},{"@type":"ListItem","position":2,"name":"Detector de radar cu montare fix\u0103 Genevo Assist Pro HDM+"}]},{"@type":"WebSite","@id":"https:\/\/radarservice.eu\/ro\/#website","url":"https:\/\/radarservice.eu\/ro\/","name":"Radar Service","description":"Radar detector Laser jammer mobile fix","publisher":{"@id":"https:\/\/radarservice.eu\/ro\/#organization"},"potentialAction":[{"@type":"SearchAction","target":{"@type":"EntryPoint","urlTemplate":"https:\/\/radarservice.eu\/ro\/?s={search_term_string}"},"query-input":{"@type":"PropertyValueSpecification","valueRequired":true,"valueName":"search_term_string"}}],"inLanguage":"ro-RO"},{"@type":"Organization","@id":"https:\/\/radarservice.eu\/ro\/#organization","name":"RadarService","url":"https:\/\/radarservice.eu\/ro\/","logo":{"@type":"ImageObject","inLanguage":"ro-RO","@id":"https:\/\/radarservice.eu\/ro\/#\/schema\/logo\/image\/","url":"https:\/\/radarservice.eu\/wp-content\/uploads\/2021\/03\/Radar_detector_service.png","contentUrl":"https:\/\/radarservice.eu\/wp-content\/uploads\/2021\/03\/Radar_detector_service.png","width":174,"height":48,"caption":"RadarService"},"image":{"@id":"https:\/\/radarservice.eu\/ro\/#\/schema\/logo\/image\/"}}]}},"_links":{"self":[{"href":"https:\/\/radarservice.eu\/ro\/wp-json\/wp\/v2\/product\/18776","targetHints":{"allow":["GET"]}}],"collection":[{"href":"https:\/\/radarservice.eu\/ro\/wp-json\/wp\/v2\/product"}],"about":[{"href":"https:\/\/radarservice.eu\/ro\/wp-json\/wp\/v2\/types\/product"}],"replies":[{"embeddable":true,"href":"https:\/\/radarservice.eu\/ro\/wp-json\/wp\/v2\/comments?post=18776"}],"wp:featuredmedia":[{"embeddable":true,"href":"https:\/\/radarservice.eu\/ro\/wp-json\/wp\/v2\/media\/18777"}],"wp:attachment":[{"href":"https:\/\/radarservice.eu\/ro\/wp-json\/wp\/v2\/media?parent=18776"}],"wp:term":[{"taxonomy":"product_brand","embeddable":true,"href":"https:\/\/radarservice.eu\/ro\/wp-json\/wp\/v2\/product_brand?post=18776"},{"taxonomy":"product_cat","embeddable":true,"href":"https:\/\/radarservice.eu\/ro\/wp-json\/wp\/v2\/product_cat?post=18776"},{"taxonomy":"product_tag","embeddable":true,"href":"https:\/\/radarservice.eu\/ro\/wp-json\/wp\/v2\/product_tag?post=18776"}],"curies":[{"name":"wp","href":"https:\/\/api.w.org\/{rel}","templated":true}]}}