{"id":16144,"date":"2021-05-14T17:15:58","date_gmt":"2021-05-14T15:15:58","guid":{"rendered":"https:\/\/radarservice.eu\/produkt\/detector-de-radar-stinger-vip-stinger-freedom-laser-fiber-optics\/"},"modified":"2021-05-14T17:15:58","modified_gmt":"2021-05-14T15:15:58","slug":"detector-de-radar-stinger-vip-stinger-freedom-laser-fiber-optics","status":"publish","type":"product","link":"https:\/\/radarservice.eu\/ro\/produs\/detector-de-radar-stinger-vip-stinger-freedom-laser-fiber-optics\/","title":{"rendered":"Detector de radar Stinger VIP &#038; Stinger Freedom Laser Fiber Optics"},"content":{"rendered":"<h1>Stinger VIP Detector de radar cu montare fix\u0103 \u0219i Stinger Freedom Laser cu fibr\u0103 optic\u0103<\/h1>\n<h3>STINGER VIP Detector de radar cu montare fix\u0103<\/h3>\n<p><strong>Detector de radar invizibil pentru instalare ascuns\u0103<\/strong><br \/>.<br \/>\nStinger VIP poate fi instalat \u00een mod invizibil \u00een compartimentul motorului. Avertiz\u0103rile sunt afi\u0219ate pe un ecran color modern, cu touchscreen, \u00een interiorul vehiculului. \u00cen plus, semnalele acustice de avertizare sun\u0103. Dac\u0103 se dore\u0219te, poate fi activat\u0103 \u0219i o ie\u0219ire vocal\u0103 pentru avertizare. Astfel, se asigur\u0103 c\u0103 \u0219oferul nu este distras de la trafic. Dac\u0103 este necesar, afi\u0219ajul poate fi \u00eendep\u0103rtat de pe suportul magnetic cu ajutorul unui m\u00e2ner. <\/p>\n<p><strong>siguran\u021b\u0103 maxim\u0103<\/strong><br \/>.<br \/>\nSunt detectate \u00een mod fiabil radarele mobile, tunurile laser, m\u0103sur\u0103torile din sec\u021biunile de control al sec\u021biunilor, radarele \u00een mi\u0219care (de la vehicule \u00een mi\u0219care), radarele fixe \u0219i camerele de supraveghere a vitezei de la semafoare. <\/p>\n<h3>STINGER VIP LASER<\/h3>\n<p><strong>PROTEC\u021aIE LASER OPTIMAL\u0102 &#8211; TOTAL INVIZIBIL\u0102<\/strong><br \/>.<br \/>\nLaserele Stinger din fibre optice detecteaz\u0103 \u0219i analizeaz\u0103 \u00een mod fiabil \u0219i invizibil m\u0103sur\u0103torile laser. Receptorul \u0219i senzorii de interferen\u021b\u0103 sunt fiecare grupat \u00eentr-un cablu de fibr\u0103 optic\u0103 separat cu un diametru de aproximativ 2,7 mm (dispozitiv de bruiaj cu laser) \u0219i de aproximativ 3,2 mm (receptor cu laser). Prin separarea receptorului \u0219i a senzorului de bruiaj, fibrele optice individuale pot fi instalate aproape invizibil. <\/p>\n<p>Pentru o ma\u0219in\u0103 normal\u0103, sunt necesare cel pu\u021bin 1 receptor \u0219i 1 dispozitiv de bruiaj cu laser (versiune simpl\u0103) pe partea din fa\u021b\u0103 a vehiculului. Pentru mai mult\u0103 securitate \u0219i o acoperire mai bun\u0103, v\u0103 recomand\u0103m 2 receptoare \u0219i 2 bruiaje fiecare (VERSIUNE DUAL\u0102). Pentru SUV-uri sau furgonete, v\u0103 rug\u0103m s\u0103 alege\u021bi versiunea DUAL cu 2 senzori de recep\u021bie \u0219i 2 senzori de bruiaj pe partea din fa\u021b\u0103 a vehiculului pentru o func\u021bionare fiabil\u0103.    <\/p>\n<p><strong>Future proof<\/strong><br \/>.<br \/>\nDatorit\u0103 designului modular, sistemul poate fi extins cu senzori suplimentari pentru a fi \u00eentotdeauna complet protejat \u00een viitor.<\/p>\n<p>.<\/p>\n","protected":false},"excerpt":{"rendered":"<p>Stinger VIP Detector de radar cu montare fix\u0103 \u0219i Stinger Freedom Laser cu fibr\u0103 optic\u0103 STINGER VIP Detector de radar cu montare fix\u0103 Detector de radar invizibil pentru instalare ascuns\u0103. Stinger VIP poate fi instalat \u00een mod invizibil \u00een compartimentul motorului. Avertiz\u0103rile sunt afi\u0219ate pe un ecran color modern, cu touchscreen, \u00een interiorul vehiculului. \u00cen [&#8230;]\n","protected":false},"featured_media":16145,"comment_status":"open","ping_status":"closed","template":"","meta":[],"product_brand":[],"product_cat":[1523,1525],"product_tag":[],"class_list":{"0":"post-16144","1":"product","2":"type-product","3":"status-publish","4":"has-post-thumbnail","6":"product_cat-pachete-complete-recomandate","7":"product_cat-stinger-ro","9":"first","10":"instock","11":"sale","12":"taxable","13":"shipping-taxable","14":"purchasable","15":"product-type-simple"},"yoast_head":"<!-- This site is optimized with the Yoast SEO plugin v27.2 - https:\/\/yoast.com\/product\/yoast-seo-wordpress\/ -->\n<title>Detector de radar Stinger VIP &amp; Stinger Freedom Laser Fiber Optics<\/title>\n<meta name=\"description\" content=\"Detector de radar \u0219i bruiaj laser fix Stinger VIP pentru instalare invizibil\u0103 \u00een compartimentul motorului. Potrivit pentru utilizare \u00een Europa.\" \/>\n<meta name=\"robots\" content=\"index, follow, max-snippet:-1, max-image-preview:large, max-video-preview:-1\" \/>\n<link rel=\"canonical\" href=\"https:\/\/radarservice.eu\/ro\/produs\/detector-de-radar-stinger-vip-stinger-freedom-laser-fiber-optics\/\" \/>\n<meta property=\"og:locale\" content=\"ro_RO\" \/>\n<meta property=\"og:type\" content=\"article\" \/>\n<meta property=\"og:title\" content=\"Detector de radar Stinger VIP &amp; Stinger Freedom Laser Fiber Optics\" \/>\n<meta property=\"og:description\" content=\"Detector de radar \u0219i bruiaj laser fix Stinger VIP pentru instalare invizibil\u0103 \u00een compartimentul motorului. Potrivit pentru utilizare \u00een Europa.\" \/>\n<meta property=\"og:url\" content=\"https:\/\/radarservice.eu\/ro\/produs\/detector-de-radar-stinger-vip-stinger-freedom-laser-fiber-optics\/\" \/>\n<meta property=\"og:site_name\" content=\"Radar Service\" \/>\n<meta property=\"og:image\" content=\"https:\/\/radarservice.eu\/wp-content\/uploads\/2020\/11\/Stinger_VIP_display.jpg\" \/>\n\t<meta property=\"og:image:width\" content=\"580\" \/>\n\t<meta property=\"og:image:height\" content=\"370\" \/>\n\t<meta property=\"og:image:type\" content=\"image\/jpeg\" \/>\n<meta name=\"twitter:card\" content=\"summary_large_image\" \/>\n<meta name=\"twitter:label1\" content=\"Timp estimat pentru citire\" \/>\n\t<meta name=\"twitter:data1\" content=\"2 minute\" \/>\n<script type=\"application\/ld+json\" class=\"yoast-schema-graph\">{\"@context\":\"https:\/\/schema.org\",\"@graph\":[{\"@type\":\"WebPage\",\"@id\":\"https:\/\/radarservice.eu\/ro\/produs\/detector-de-radar-stinger-vip-stinger-freedom-laser-fiber-optics\/\",\"url\":\"https:\/\/radarservice.eu\/ro\/produs\/detector-de-radar-stinger-vip-stinger-freedom-laser-fiber-optics\/\",\"name\":\"Detector de radar Stinger VIP & Stinger Freedom Laser Fiber Optics\",\"isPartOf\":{\"@id\":\"https:\/\/radarservice.eu\/ro\/#website\"},\"primaryImageOfPage\":{\"@id\":\"https:\/\/radarservice.eu\/ro\/produs\/detector-de-radar-stinger-vip-stinger-freedom-laser-fiber-optics\/#primaryimage\"},\"image\":{\"@id\":\"https:\/\/radarservice.eu\/ro\/produs\/detector-de-radar-stinger-vip-stinger-freedom-laser-fiber-optics\/#primaryimage\"},\"thumbnailUrl\":\"https:\/\/radarservice.eu\/wp-content\/uploads\/2020\/11\/Stinger_VIP_display.jpg\",\"datePublished\":\"2021-05-14T15:15:58+00:00\",\"description\":\"Detector de radar \u0219i bruiaj laser fix Stinger VIP pentru instalare invizibil\u0103 \u00een compartimentul motorului. Potrivit pentru utilizare \u00een Europa.\",\"breadcrumb\":{\"@id\":\"https:\/\/radarservice.eu\/ro\/produs\/detector-de-radar-stinger-vip-stinger-freedom-laser-fiber-optics\/#breadcrumb\"},\"inLanguage\":\"ro-RO\",\"potentialAction\":[{\"@type\":\"ReadAction\",\"target\":[\"https:\/\/radarservice.eu\/ro\/produs\/detector-de-radar-stinger-vip-stinger-freedom-laser-fiber-optics\/\"]}]},{\"@type\":\"ImageObject\",\"inLanguage\":\"ro-RO\",\"@id\":\"https:\/\/radarservice.eu\/ro\/produs\/detector-de-radar-stinger-vip-stinger-freedom-laser-fiber-optics\/#primaryimage\",\"url\":\"https:\/\/radarservice.eu\/wp-content\/uploads\/2020\/11\/Stinger_VIP_display.jpg\",\"contentUrl\":\"https:\/\/radarservice.eu\/wp-content\/uploads\/2020\/11\/Stinger_VIP_display.jpg\",\"width\":580,\"height\":370,\"caption\":\"Detector de radar fix Stinger VIP + jammer laser\"},{\"@type\":\"BreadcrumbList\",\"@id\":\"https:\/\/radarservice.eu\/ro\/produs\/detector-de-radar-stinger-vip-stinger-freedom-laser-fiber-optics\/#breadcrumb\",\"itemListElement\":[{\"@type\":\"ListItem\",\"position\":1,\"name\":\"Magazin\",\"item\":\"https:\/\/radarservice.eu\/ro\/magazin\/\"},{\"@type\":\"ListItem\",\"position\":2,\"name\":\"Detector de radar Stinger VIP &#038; Stinger Freedom Laser Fiber Optics\"}]},{\"@type\":\"WebSite\",\"@id\":\"https:\/\/radarservice.eu\/ro\/#website\",\"url\":\"https:\/\/radarservice.eu\/ro\/\",\"name\":\"Radar Service\",\"description\":\"Radar detector Laser jammer mobile fix\",\"publisher\":{\"@id\":\"https:\/\/radarservice.eu\/ro\/#organization\"},\"potentialAction\":[{\"@type\":\"SearchAction\",\"target\":{\"@type\":\"EntryPoint\",\"urlTemplate\":\"https:\/\/radarservice.eu\/ro\/?s={search_term_string}\"},\"query-input\":{\"@type\":\"PropertyValueSpecification\",\"valueRequired\":true,\"valueName\":\"search_term_string\"}}],\"inLanguage\":\"ro-RO\"},{\"@type\":\"Organization\",\"@id\":\"https:\/\/radarservice.eu\/ro\/#organization\",\"name\":\"RadarService\",\"url\":\"https:\/\/radarservice.eu\/ro\/\",\"logo\":{\"@type\":\"ImageObject\",\"inLanguage\":\"ro-RO\",\"@id\":\"https:\/\/radarservice.eu\/ro\/#\/schema\/logo\/image\/\",\"url\":\"https:\/\/radarservice.eu\/wp-content\/uploads\/2021\/03\/Radar_detector_service.png\",\"contentUrl\":\"https:\/\/radarservice.eu\/wp-content\/uploads\/2021\/03\/Radar_detector_service.png\",\"width\":174,\"height\":48,\"caption\":\"RadarService\"},\"image\":{\"@id\":\"https:\/\/radarservice.eu\/ro\/#\/schema\/logo\/image\/\"}}]}<\/script>\n<!-- \/ Yoast SEO plugin. -->","yoast_head_json":{"title":"Detector de radar Stinger VIP & Stinger Freedom Laser Fiber Optics","description":"Detector de radar \u0219i bruiaj laser fix Stinger VIP pentru instalare invizibil\u0103 \u00een compartimentul motorului. Potrivit pentru utilizare \u00een Europa.","robots":{"index":"index","follow":"follow","max-snippet":"max-snippet:-1","max-image-preview":"max-image-preview:large","max-video-preview":"max-video-preview:-1"},"canonical":"https:\/\/radarservice.eu\/ro\/produs\/detector-de-radar-stinger-vip-stinger-freedom-laser-fiber-optics\/","og_locale":"ro_RO","og_type":"article","og_title":"Detector de radar Stinger VIP & Stinger Freedom Laser Fiber Optics","og_description":"Detector de radar \u0219i bruiaj laser fix Stinger VIP pentru instalare invizibil\u0103 \u00een compartimentul motorului. Potrivit pentru utilizare \u00een Europa.","og_url":"https:\/\/radarservice.eu\/ro\/produs\/detector-de-radar-stinger-vip-stinger-freedom-laser-fiber-optics\/","og_site_name":"Radar Service","og_image":[{"width":580,"height":370,"url":"https:\/\/radarservice.eu\/wp-content\/uploads\/2020\/11\/Stinger_VIP_display.jpg","type":"image\/jpeg"}],"twitter_card":"summary_large_image","twitter_misc":{"Timp estimat pentru citire":"2 minute"},"schema":{"@context":"https:\/\/schema.org","@graph":[{"@type":"WebPage","@id":"https:\/\/radarservice.eu\/ro\/produs\/detector-de-radar-stinger-vip-stinger-freedom-laser-fiber-optics\/","url":"https:\/\/radarservice.eu\/ro\/produs\/detector-de-radar-stinger-vip-stinger-freedom-laser-fiber-optics\/","name":"Detector de radar Stinger VIP & Stinger Freedom Laser Fiber Optics","isPartOf":{"@id":"https:\/\/radarservice.eu\/ro\/#website"},"primaryImageOfPage":{"@id":"https:\/\/radarservice.eu\/ro\/produs\/detector-de-radar-stinger-vip-stinger-freedom-laser-fiber-optics\/#primaryimage"},"image":{"@id":"https:\/\/radarservice.eu\/ro\/produs\/detector-de-radar-stinger-vip-stinger-freedom-laser-fiber-optics\/#primaryimage"},"thumbnailUrl":"https:\/\/radarservice.eu\/wp-content\/uploads\/2020\/11\/Stinger_VIP_display.jpg","datePublished":"2021-05-14T15:15:58+00:00","description":"Detector de radar \u0219i bruiaj laser fix Stinger VIP pentru instalare invizibil\u0103 \u00een compartimentul motorului. Potrivit pentru utilizare \u00een Europa.","breadcrumb":{"@id":"https:\/\/radarservice.eu\/ro\/produs\/detector-de-radar-stinger-vip-stinger-freedom-laser-fiber-optics\/#breadcrumb"},"inLanguage":"ro-RO","potentialAction":[{"@type":"ReadAction","target":["https:\/\/radarservice.eu\/ro\/produs\/detector-de-radar-stinger-vip-stinger-freedom-laser-fiber-optics\/"]}]},{"@type":"ImageObject","inLanguage":"ro-RO","@id":"https:\/\/radarservice.eu\/ro\/produs\/detector-de-radar-stinger-vip-stinger-freedom-laser-fiber-optics\/#primaryimage","url":"https:\/\/radarservice.eu\/wp-content\/uploads\/2020\/11\/Stinger_VIP_display.jpg","contentUrl":"https:\/\/radarservice.eu\/wp-content\/uploads\/2020\/11\/Stinger_VIP_display.jpg","width":580,"height":370,"caption":"Detector de radar fix Stinger VIP + jammer laser"},{"@type":"BreadcrumbList","@id":"https:\/\/radarservice.eu\/ro\/produs\/detector-de-radar-stinger-vip-stinger-freedom-laser-fiber-optics\/#breadcrumb","itemListElement":[{"@type":"ListItem","position":1,"name":"Magazin","item":"https:\/\/radarservice.eu\/ro\/magazin\/"},{"@type":"ListItem","position":2,"name":"Detector de radar Stinger VIP &#038; Stinger Freedom Laser Fiber Optics"}]},{"@type":"WebSite","@id":"https:\/\/radarservice.eu\/ro\/#website","url":"https:\/\/radarservice.eu\/ro\/","name":"Radar Service","description":"Radar detector Laser jammer mobile fix","publisher":{"@id":"https:\/\/radarservice.eu\/ro\/#organization"},"potentialAction":[{"@type":"SearchAction","target":{"@type":"EntryPoint","urlTemplate":"https:\/\/radarservice.eu\/ro\/?s={search_term_string}"},"query-input":{"@type":"PropertyValueSpecification","valueRequired":true,"valueName":"search_term_string"}}],"inLanguage":"ro-RO"},{"@type":"Organization","@id":"https:\/\/radarservice.eu\/ro\/#organization","name":"RadarService","url":"https:\/\/radarservice.eu\/ro\/","logo":{"@type":"ImageObject","inLanguage":"ro-RO","@id":"https:\/\/radarservice.eu\/ro\/#\/schema\/logo\/image\/","url":"https:\/\/radarservice.eu\/wp-content\/uploads\/2021\/03\/Radar_detector_service.png","contentUrl":"https:\/\/radarservice.eu\/wp-content\/uploads\/2021\/03\/Radar_detector_service.png","width":174,"height":48,"caption":"RadarService"},"image":{"@id":"https:\/\/radarservice.eu\/ro\/#\/schema\/logo\/image\/"}}]}},"_links":{"self":[{"href":"https:\/\/radarservice.eu\/ro\/wp-json\/wp\/v2\/product\/16144","targetHints":{"allow":["GET"]}}],"collection":[{"href":"https:\/\/radarservice.eu\/ro\/wp-json\/wp\/v2\/product"}],"about":[{"href":"https:\/\/radarservice.eu\/ro\/wp-json\/wp\/v2\/types\/product"}],"replies":[{"embeddable":true,"href":"https:\/\/radarservice.eu\/ro\/wp-json\/wp\/v2\/comments?post=16144"}],"wp:featuredmedia":[{"embeddable":true,"href":"https:\/\/radarservice.eu\/ro\/wp-json\/wp\/v2\/media\/16145"}],"wp:attachment":[{"href":"https:\/\/radarservice.eu\/ro\/wp-json\/wp\/v2\/media?parent=16144"}],"wp:term":[{"taxonomy":"product_brand","embeddable":true,"href":"https:\/\/radarservice.eu\/ro\/wp-json\/wp\/v2\/product_brand?post=16144"},{"taxonomy":"product_cat","embeddable":true,"href":"https:\/\/radarservice.eu\/ro\/wp-json\/wp\/v2\/product_cat?post=16144"},{"taxonomy":"product_tag","embeddable":true,"href":"https:\/\/radarservice.eu\/ro\/wp-json\/wp\/v2\/product_tag?post=16144"}],"curies":[{"name":"wp","href":"https:\/\/api.w.org\/{rel}","templated":true}]}}