{"id":15704,"date":"2021-04-27T08:35:05","date_gmt":"2021-04-27T06:35:05","guid":{"rendered":"https:\/\/radarservice.eu\/produkt\/detector-de-radar-si-blocator-laser-genevo-hd-gps-ff2\/"},"modified":"2021-04-27T08:35:05","modified_gmt":"2021-04-27T06:35:05","slug":"detector-de-radar-si-blocator-laser-genevo-hd-gps-ff2","status":"publish","type":"product","link":"https:\/\/radarservice.eu\/ro\/produs\/detector-de-radar-si-blocator-laser-genevo-hd-gps-ff2\/","title":{"rendered":"Detector de radar \u0219i blocator laser Genevo HD+ &#038; GPS+ &#038; FF2"},"content":{"rendered":"<p>Pachet entry-level ieftin de detector de radar fix Genevo \u0219i blocator laser. <\/p>\n<p> <strong>Detector de radar fix f\u0103r\u0103 fir:<\/strong><br \/>Detectorul de radar f\u0103r\u0103 fir Genevo HD+ este un detector de radar fix mic \u0219i puternic pentru instalarea ascuns\u0103 \u00een partea din fa\u021b\u0103 a vehiculului. <br \/>Carcasa rezistent\u0103 la stropire face ca instalarea invizibil\u0103 s\u0103 nu fie o problem\u0103. Avertiz\u0103rile acustice \u0219i vizuale sunt emise de Genevo GPS+ POI Warner cu anun\u021b vocal \u00een limba german\u0103. Genevo GPS+ poate fi ata\u0219at op\u021bional la parbriz cu ventuze sau poate fi amplasat convenabil \u00een consola central\u0103.<br \/>\u00cen leg\u0103tur\u0103 cu GPS+ Warner, primi\u021bi, de asemenea, avertismente privind sistemele de monitorizare a vitezei \u0219i a semaforului ro\u0219u instalate permanent \u00een \u00eentreaga Europ\u0103. <\/p>\n<p><strong>Prezentare general\u0103: <\/strong><br \/>+ detector de radar mic \u0219i puternic pentru instalare fix\u0103<br \/>+ avertizare cu laser<br \/>+ montare wireless<br \/>+ X-, K-, KA- \u0219i Ku-Band<br \/>+ avertizare de radar sta\u021bionar<br \/>+ avertizare de monitorizare a luminii ro\u0219ii<br \/>+ avertizare de m\u0103sur\u0103tori de control pe sec\u021biuni (controale pe sec\u021biuni)<br \/>+ semnale de alarm\u0103 \u00een limba german\u0103<br \/>+ potrivit pentru utilizare \u00een Europa<br \/>+ baza de date EUROPA pentru radare fixe deja preinstalat\u0103<\/p>\n<p><strong>Blocator cu laser: <\/strong><br \/>Noul Genevo FF2 poate fi utilizat at\u00e2t ca senzor de parcare legal\u0103 \u0219i\/sau ca blocant laser \u00eempotriva m\u0103sur\u0103torilor de vitez\u0103 cu pistoale laser. <br \/>Designul foarte mic al senzorilor \u0219i suportul de pl\u0103cu\u021b\u0103 de \u00eenmatriculare Genevo special dezvoltat pentru instalarea invizibil\u0103 standard permit pentru prima dat\u0103 o instalare complet invizibil\u0103 \u0219i \u00een acela\u0219i timp simpl\u0103 a senzorilor de parcare \u0219i a senzorilor de blocare a laserului.<br \/>Func\u021bia de blocare a laserului este, de asemenea, la cerere, la atingerea unui buton \u0219i, conform StVO, irevocabil comutabil\u0103. Aceasta \u00eenseamn\u0103 c\u0103 func\u021bionarea legal\u0103 poate fi stabilit\u0103 \u00een orice moment. <\/p>\n<p><strong>Vizualizare:<\/strong><br \/>+ cei mai mici senzori laser de pe pia\u021b\u0103<br \/>+ suport special pentru pl\u0103cu\u021be de \u00eenmatriculare pentru o instalare u\u0219oar\u0103 \u0219i invizibil\u0103 (dimensiuni suport: 520mm x 110mm &#8211; standard UE, nu este potrivit pentru Austria)<br \/>+ Poate fi folosit ca asistent de parcare cu laser<br \/>+ Avertizare laser sau interferen\u021b\u0103 laser activ\u0103 \u00eempotriva tuturor m\u0103sur\u0103torilor laser<br \/>+ Func\u021bionarea legal\u0103 ca asistent de parcare poate fi activat\u0103 prin ap\u0103sarea unui buton<br \/>+ Certificat CE \u0219i marcajul E<\/p>\n<p><strong>Dispozitiv total de livrare: <\/strong><br \/>* anten\u0103 radar extern\u0103, f\u0103r\u0103 fir, Genevo HD+ <br \/>* Genevo GPS+ POI Warner<br \/>* set de cabluri pentru detectorul de radar<br \/>* material de montaj complet pentru instalarea detectorului de radar<br \/>* instruc\u021biuni de utilizare detector de radar<br \/>* 2 senzori laser<br \/>* suport de pl\u0103cu\u021b\u0103 de \u00eenmatriculare pentru senzorii laser<br \/>* unitate de control blocator laser<br \/>* set de cabluri incl. Difuzoare \u0219i LED-uri pentru blocarea laserului<\/p>\n","protected":false},"excerpt":{"rendered":"<p>Pachet entry-level ieftin de detector de radar fix Genevo \u0219i blocator laser. Detector de radar fix f\u0103r\u0103 fir:Detectorul de radar f\u0103r\u0103 fir Genevo HD+ este un detector de radar fix mic \u0219i puternic pentru instalarea ascuns\u0103 \u00een partea din fa\u021b\u0103 a vehiculului. Carcasa rezistent\u0103 la stropire face ca instalarea invizibil\u0103 s\u0103 nu fie o problem\u0103. [&#8230;]\n","protected":false},"featured_media":0,"comment_status":"open","ping_status":"closed","template":"","meta":[],"product_brand":[],"product_cat":[1442],"product_tag":[1444,1450,1580,1567,1579,1581],"class_list":{"0":"post-15704","1":"product","2":"type-product","3":"status-publish","5":"product_cat-genevo-ro","6":"product_tag-blocator-laser","7":"product_tag-detector-de-radar-ro","8":"product_tag-genevo-ff2-ro","9":"product_tag-genevo-gps-ro","10":"product_tag-genevo-hd-ro","11":"product_tag-orbire-cu-laser","13":"first","14":"instock","15":"sale","16":"taxable","17":"shipping-taxable","18":"purchasable","19":"product-type-simple"},"yoast_head":"<!-- This site is optimized with the Yoast SEO plugin v27.2 - https:\/\/yoast.com\/product\/yoast-seo-wordpress\/ -->\n<title>Detector de radar \u0219i blocator laser Genevo HD+ &amp; GPS+ &amp; FF2 | Radar Service<\/title>\n<meta name=\"description\" content=\"Detector de radar \u0219i blocator laser Genevo HD+ &amp; GPS+ &amp; FF2 | Radar Service\" \/>\n<meta name=\"robots\" content=\"index, follow, max-snippet:-1, max-image-preview:large, max-video-preview:-1\" \/>\n<link rel=\"canonical\" href=\"https:\/\/radarservice.eu\/ro\/produs\/detector-de-radar-si-blocator-laser-genevo-hd-gps-ff2\/\" \/>\n<meta property=\"og:locale\" content=\"ro_RO\" \/>\n<meta property=\"og:type\" content=\"article\" \/>\n<meta property=\"og:title\" content=\"Detector de radar \u0219i blocator laser Genevo HD+ &amp; GPS+ &amp; FF2 | Radar Service\" \/>\n<meta property=\"og:description\" content=\"Detector de radar \u0219i blocator laser Genevo HD+ &amp; GPS+ &amp; FF2 | Radar Service\" \/>\n<meta property=\"og:url\" content=\"https:\/\/radarservice.eu\/ro\/produs\/detector-de-radar-si-blocator-laser-genevo-hd-gps-ff2\/\" \/>\n<meta property=\"og:site_name\" content=\"Radar Service\" \/>\n<meta name=\"twitter:card\" content=\"summary_large_image\" \/>\n<meta name=\"twitter:label1\" content=\"Timp estimat pentru citire\" \/>\n\t<meta name=\"twitter:data1\" content=\"2 minute\" \/>\n<script type=\"application\/ld+json\" class=\"yoast-schema-graph\">{\"@context\":\"https:\/\/schema.org\",\"@graph\":[{\"@type\":\"WebPage\",\"@id\":\"https:\/\/radarservice.eu\/ro\/produs\/detector-de-radar-si-blocator-laser-genevo-hd-gps-ff2\/\",\"url\":\"https:\/\/radarservice.eu\/ro\/produs\/detector-de-radar-si-blocator-laser-genevo-hd-gps-ff2\/\",\"name\":\"Detector de radar \u0219i blocator laser Genevo HD+ & GPS+ & FF2 | Radar Service\",\"isPartOf\":{\"@id\":\"https:\/\/radarservice.eu\/ro\/#website\"},\"datePublished\":\"2021-04-27T06:35:05+00:00\",\"description\":\"Detector de radar \u0219i blocator laser Genevo HD+ & GPS+ & FF2 | Radar Service\",\"breadcrumb\":{\"@id\":\"https:\/\/radarservice.eu\/ro\/produs\/detector-de-radar-si-blocator-laser-genevo-hd-gps-ff2\/#breadcrumb\"},\"inLanguage\":\"ro-RO\",\"potentialAction\":[{\"@type\":\"ReadAction\",\"target\":[\"https:\/\/radarservice.eu\/ro\/produs\/detector-de-radar-si-blocator-laser-genevo-hd-gps-ff2\/\"]}]},{\"@type\":\"BreadcrumbList\",\"@id\":\"https:\/\/radarservice.eu\/ro\/produs\/detector-de-radar-si-blocator-laser-genevo-hd-gps-ff2\/#breadcrumb\",\"itemListElement\":[{\"@type\":\"ListItem\",\"position\":1,\"name\":\"Magazin\",\"item\":\"https:\/\/radarservice.eu\/ro\/magazin\/\"},{\"@type\":\"ListItem\",\"position\":2,\"name\":\"Detector de radar \u0219i blocator laser Genevo HD+ &#038; GPS+ &#038; FF2\"}]},{\"@type\":\"WebSite\",\"@id\":\"https:\/\/radarservice.eu\/ro\/#website\",\"url\":\"https:\/\/radarservice.eu\/ro\/\",\"name\":\"Radar Service\",\"description\":\"Radar detector Laser jammer mobile fix\",\"publisher\":{\"@id\":\"https:\/\/radarservice.eu\/ro\/#organization\"},\"potentialAction\":[{\"@type\":\"SearchAction\",\"target\":{\"@type\":\"EntryPoint\",\"urlTemplate\":\"https:\/\/radarservice.eu\/ro\/?s={search_term_string}\"},\"query-input\":{\"@type\":\"PropertyValueSpecification\",\"valueRequired\":true,\"valueName\":\"search_term_string\"}}],\"inLanguage\":\"ro-RO\"},{\"@type\":\"Organization\",\"@id\":\"https:\/\/radarservice.eu\/ro\/#organization\",\"name\":\"RadarService\",\"url\":\"https:\/\/radarservice.eu\/ro\/\",\"logo\":{\"@type\":\"ImageObject\",\"inLanguage\":\"ro-RO\",\"@id\":\"https:\/\/radarservice.eu\/ro\/#\/schema\/logo\/image\/\",\"url\":\"https:\/\/radarservice.eu\/wp-content\/uploads\/2021\/03\/Radar_detector_service.png\",\"contentUrl\":\"https:\/\/radarservice.eu\/wp-content\/uploads\/2021\/03\/Radar_detector_service.png\",\"width\":174,\"height\":48,\"caption\":\"RadarService\"},\"image\":{\"@id\":\"https:\/\/radarservice.eu\/ro\/#\/schema\/logo\/image\/\"}}]}<\/script>\n<!-- \/ Yoast SEO plugin. -->","yoast_head_json":{"title":"Detector de radar \u0219i blocator laser Genevo HD+ & GPS+ & FF2 | Radar Service","description":"Detector de radar \u0219i blocator laser Genevo HD+ & GPS+ & FF2 | Radar Service","robots":{"index":"index","follow":"follow","max-snippet":"max-snippet:-1","max-image-preview":"max-image-preview:large","max-video-preview":"max-video-preview:-1"},"canonical":"https:\/\/radarservice.eu\/ro\/produs\/detector-de-radar-si-blocator-laser-genevo-hd-gps-ff2\/","og_locale":"ro_RO","og_type":"article","og_title":"Detector de radar \u0219i blocator laser Genevo HD+ & GPS+ & FF2 | Radar Service","og_description":"Detector de radar \u0219i blocator laser Genevo HD+ & GPS+ & FF2 | Radar Service","og_url":"https:\/\/radarservice.eu\/ro\/produs\/detector-de-radar-si-blocator-laser-genevo-hd-gps-ff2\/","og_site_name":"Radar Service","twitter_card":"summary_large_image","twitter_misc":{"Timp estimat pentru citire":"2 minute"},"schema":{"@context":"https:\/\/schema.org","@graph":[{"@type":"WebPage","@id":"https:\/\/radarservice.eu\/ro\/produs\/detector-de-radar-si-blocator-laser-genevo-hd-gps-ff2\/","url":"https:\/\/radarservice.eu\/ro\/produs\/detector-de-radar-si-blocator-laser-genevo-hd-gps-ff2\/","name":"Detector de radar \u0219i blocator laser Genevo HD+ & GPS+ & FF2 | Radar Service","isPartOf":{"@id":"https:\/\/radarservice.eu\/ro\/#website"},"datePublished":"2021-04-27T06:35:05+00:00","description":"Detector de radar \u0219i blocator laser Genevo HD+ & GPS+ & FF2 | Radar Service","breadcrumb":{"@id":"https:\/\/radarservice.eu\/ro\/produs\/detector-de-radar-si-blocator-laser-genevo-hd-gps-ff2\/#breadcrumb"},"inLanguage":"ro-RO","potentialAction":[{"@type":"ReadAction","target":["https:\/\/radarservice.eu\/ro\/produs\/detector-de-radar-si-blocator-laser-genevo-hd-gps-ff2\/"]}]},{"@type":"BreadcrumbList","@id":"https:\/\/radarservice.eu\/ro\/produs\/detector-de-radar-si-blocator-laser-genevo-hd-gps-ff2\/#breadcrumb","itemListElement":[{"@type":"ListItem","position":1,"name":"Magazin","item":"https:\/\/radarservice.eu\/ro\/magazin\/"},{"@type":"ListItem","position":2,"name":"Detector de radar \u0219i blocator laser Genevo HD+ &#038; GPS+ &#038; FF2"}]},{"@type":"WebSite","@id":"https:\/\/radarservice.eu\/ro\/#website","url":"https:\/\/radarservice.eu\/ro\/","name":"Radar Service","description":"Radar detector Laser jammer mobile fix","publisher":{"@id":"https:\/\/radarservice.eu\/ro\/#organization"},"potentialAction":[{"@type":"SearchAction","target":{"@type":"EntryPoint","urlTemplate":"https:\/\/radarservice.eu\/ro\/?s={search_term_string}"},"query-input":{"@type":"PropertyValueSpecification","valueRequired":true,"valueName":"search_term_string"}}],"inLanguage":"ro-RO"},{"@type":"Organization","@id":"https:\/\/radarservice.eu\/ro\/#organization","name":"RadarService","url":"https:\/\/radarservice.eu\/ro\/","logo":{"@type":"ImageObject","inLanguage":"ro-RO","@id":"https:\/\/radarservice.eu\/ro\/#\/schema\/logo\/image\/","url":"https:\/\/radarservice.eu\/wp-content\/uploads\/2021\/03\/Radar_detector_service.png","contentUrl":"https:\/\/radarservice.eu\/wp-content\/uploads\/2021\/03\/Radar_detector_service.png","width":174,"height":48,"caption":"RadarService"},"image":{"@id":"https:\/\/radarservice.eu\/ro\/#\/schema\/logo\/image\/"}}]}},"_links":{"self":[{"href":"https:\/\/radarservice.eu\/ro\/wp-json\/wp\/v2\/product\/15704","targetHints":{"allow":["GET"]}}],"collection":[{"href":"https:\/\/radarservice.eu\/ro\/wp-json\/wp\/v2\/product"}],"about":[{"href":"https:\/\/radarservice.eu\/ro\/wp-json\/wp\/v2\/types\/product"}],"replies":[{"embeddable":true,"href":"https:\/\/radarservice.eu\/ro\/wp-json\/wp\/v2\/comments?post=15704"}],"wp:attachment":[{"href":"https:\/\/radarservice.eu\/ro\/wp-json\/wp\/v2\/media?parent=15704"}],"wp:term":[{"taxonomy":"product_brand","embeddable":true,"href":"https:\/\/radarservice.eu\/ro\/wp-json\/wp\/v2\/product_brand?post=15704"},{"taxonomy":"product_cat","embeddable":true,"href":"https:\/\/radarservice.eu\/ro\/wp-json\/wp\/v2\/product_cat?post=15704"},{"taxonomy":"product_tag","embeddable":true,"href":"https:\/\/radarservice.eu\/ro\/wp-json\/wp\/v2\/product_tag?post=15704"}],"curies":[{"name":"wp","href":"https:\/\/api.w.org\/{rel}","templated":true}]}}