{"id":15694,"date":"2021-04-27T08:26:54","date_gmt":"2021-04-27T06:26:54","guid":{"rendered":"https:\/\/radarservice.eu\/produkt\/cheetah-c50-gps-poi-warner\/"},"modified":"2021-04-27T08:26:54","modified_gmt":"2021-04-27T06:26:54","slug":"cheetah-c50-gps-poi-warner","status":"publish","type":"product","link":"https:\/\/radarservice.eu\/ro\/produs\/cheetah-c50-gps-poi-warner\/","title":{"rendered":"Cheetah C50 GPS POI Warner"},"content":{"rendered":"<p>Cheetah C50 este un avertizor GPS pentru radare fixe de vitez\u0103 \u0219i monitorizarea semaforului ro\u0219u.<br \/>.<br \/>\nDetectorul de radar GPS v\u0103 avertizeaz\u0103 vizual \u0219i acustic (anun\u021b vocal) de pericolele precum radarele fixe, punctele negre ale accidentelor \u0219i zonele periculoase din traficul rutier.<br \/>.<br \/>\nBaza de date poate fi actualizat\u0103 prin intermediul interfe\u021bei USB \u0219i include instala\u021bii fixe \u00een \u00eentreaga Europ\u0103.<\/p>\n<p>.<\/p>\n<p><strong>Vizualizare general\u0103:<\/strong><br \/>\n+ Afi\u0219ajul vitezometrului GPS (viteza curent\u0103 de deplasare este determinat\u0103 de GPS \u0219i afi\u0219at\u0103)<br \/>.<br \/>\n+ Anun\u021b vocal \u00een limba german\u0103<br \/>\n+ Avertisment de monitorizare a vitezei \u00een sta\u021bionare<br \/>\n+ Avertisment de monitorizare a luminii ro\u0219ii<br \/>\n+ Avertisment pentru m\u0103sur\u0103torile de control al sec\u021biunii<br \/>\n+ Avertisment pentru zonele periculoase \u0219i punctele negre ale accidentelor<br \/>.<br \/>\n+ Avertizare direc\u021bional\u0103 (avertizare pentru radare de vitez\u0103 \u00een direc\u021bia de deplasare)<br \/>.<br \/>\n+ memento-uri automate pentru baze de date dep\u0103\u0219ite<br \/>.<br \/>\n+ ad\u0103uga\u021bi &amp; \u0219terge\u021bi propriile puncte de pericol (max. 100)<br \/>.<br \/>\n+ conector pentru c\u0103\u0219ti pentru utilizarea pe motociclet\u0103<\/p>\n<p>.<\/p>\n<p><strong>Scop de livrare:<\/strong><br \/>\n* Cheetah C50 GPS Warner <br \/>\n* Cablu de 12V pentru brichet\u0103<br \/>.<br \/>\n* Actualizarea software-ului<\/p>\n","protected":false},"excerpt":{"rendered":"<p>Cheetah C50 este un avertizor GPS pentru radare fixe de vitez\u0103 \u0219i monitorizarea semaforului ro\u0219u.. Detectorul de radar GPS v\u0103 avertizeaz\u0103 vizual \u0219i acustic (anun\u021b vocal) de pericolele precum radarele fixe, punctele negre ale accidentelor \u0219i zonele periculoase din traficul rutier.. Baza de date poate fi actualizat\u0103 prin intermediul interfe\u021bei USB \u0219i include instala\u021bii fixe [&#8230;]\n","protected":false},"featured_media":15580,"comment_status":"open","ping_status":"closed","template":"","meta":[],"product_brand":[],"product_cat":[1469,1468],"product_tag":[1574,1573,1451,1460,1559],"class_list":{"0":"post-15694","1":"product","2":"type-product","3":"status-publish","4":"has-post-thumbnail","6":"product_cat-cheetah-ro","7":"product_cat-detectoare-gps-poi","8":"product_tag-c50-ro","9":"product_tag-cheetah-ro","10":"product_tag-europa-ro","11":"product_tag-gps-ro","12":"product_tag-poi-warner-ro","14":"first","15":"outofstock","16":"taxable","17":"shipping-taxable","18":"purchasable","19":"product-type-simple"},"yoast_head":"<!-- This site is optimized with the Yoast SEO plugin v27.2 - https:\/\/yoast.com\/product\/yoast-seo-wordpress\/ -->\n<title>Cheetah C50 GPS POI Warner | Radar Service<\/title>\n<meta name=\"description\" content=\"Cheetah C50 este un dispozitiv de avertizare GPS pentru sistemele fixe de m\u0103surare a vitezei \u0219i pentru sistemele de monitorizare a semaforului ro\u0219u.\" \/>\n<meta name=\"robots\" content=\"index, follow, max-snippet:-1, max-image-preview:large, max-video-preview:-1\" \/>\n<link rel=\"canonical\" href=\"https:\/\/radarservice.eu\/ro\/produs\/cheetah-c50-gps-poi-warner\/\" \/>\n<meta property=\"og:locale\" content=\"ro_RO\" \/>\n<meta property=\"og:type\" content=\"article\" \/>\n<meta property=\"og:title\" content=\"Cheetah C50 GPS POI Warner | Radar Service\" \/>\n<meta property=\"og:description\" content=\"Cheetah C50 este un dispozitiv de avertizare GPS pentru sistemele fixe de m\u0103surare a vitezei \u0219i pentru sistemele de monitorizare a semaforului ro\u0219u.\" \/>\n<meta property=\"og:url\" content=\"https:\/\/radarservice.eu\/ro\/produs\/cheetah-c50-gps-poi-warner\/\" \/>\n<meta property=\"og:site_name\" content=\"Radar Service\" \/>\n<meta property=\"og:image\" content=\"https:\/\/radarservice.eu\/wp-content\/uploads\/2020\/09\/cheetah_c50_front.jpg\" \/>\n\t<meta property=\"og:image:width\" content=\"655\" \/>\n\t<meta property=\"og:image:height\" content=\"400\" \/>\n\t<meta property=\"og:image:type\" content=\"image\/jpeg\" \/>\n<meta name=\"twitter:card\" content=\"summary_large_image\" \/>\n<meta name=\"twitter:label1\" content=\"Timp estimat pentru citire\" \/>\n\t<meta name=\"twitter:data1\" content=\"1 minut\" \/>\n<script type=\"application\/ld+json\" class=\"yoast-schema-graph\">{\"@context\":\"https:\/\/schema.org\",\"@graph\":[{\"@type\":\"WebPage\",\"@id\":\"https:\/\/radarservice.eu\/ro\/produs\/cheetah-c50-gps-poi-warner\/\",\"url\":\"https:\/\/radarservice.eu\/ro\/produs\/cheetah-c50-gps-poi-warner\/\",\"name\":\"Cheetah C50 GPS POI Warner | Radar Service\",\"isPartOf\":{\"@id\":\"https:\/\/radarservice.eu\/ro\/#website\"},\"primaryImageOfPage\":{\"@id\":\"https:\/\/radarservice.eu\/ro\/produs\/cheetah-c50-gps-poi-warner\/#primaryimage\"},\"image\":{\"@id\":\"https:\/\/radarservice.eu\/ro\/produs\/cheetah-c50-gps-poi-warner\/#primaryimage\"},\"thumbnailUrl\":\"https:\/\/radarservice.eu\/wp-content\/uploads\/2020\/09\/cheetah_c50_front.jpg\",\"datePublished\":\"2021-04-27T06:26:54+00:00\",\"description\":\"Cheetah C50 este un dispozitiv de avertizare GPS pentru sistemele fixe de m\u0103surare a vitezei \u0219i pentru sistemele de monitorizare a semaforului ro\u0219u.\",\"breadcrumb\":{\"@id\":\"https:\/\/radarservice.eu\/ro\/produs\/cheetah-c50-gps-poi-warner\/#breadcrumb\"},\"inLanguage\":\"ro-RO\",\"potentialAction\":[{\"@type\":\"ReadAction\",\"target\":[\"https:\/\/radarservice.eu\/ro\/produs\/cheetah-c50-gps-poi-warner\/\"]}]},{\"@type\":\"ImageObject\",\"inLanguage\":\"ro-RO\",\"@id\":\"https:\/\/radarservice.eu\/ro\/produs\/cheetah-c50-gps-poi-warner\/#primaryimage\",\"url\":\"https:\/\/radarservice.eu\/wp-content\/uploads\/2020\/09\/cheetah_c50_front.jpg\",\"contentUrl\":\"https:\/\/radarservice.eu\/wp-content\/uploads\/2020\/09\/cheetah_c50_front.jpg\",\"width\":655,\"height\":400,\"caption\":\"Cheetah C50\"},{\"@type\":\"BreadcrumbList\",\"@id\":\"https:\/\/radarservice.eu\/ro\/produs\/cheetah-c50-gps-poi-warner\/#breadcrumb\",\"itemListElement\":[{\"@type\":\"ListItem\",\"position\":1,\"name\":\"Magazin\",\"item\":\"https:\/\/radarservice.eu\/ro\/magazin\/\"},{\"@type\":\"ListItem\",\"position\":2,\"name\":\"Cheetah C50 GPS POI Warner\"}]},{\"@type\":\"WebSite\",\"@id\":\"https:\/\/radarservice.eu\/ro\/#website\",\"url\":\"https:\/\/radarservice.eu\/ro\/\",\"name\":\"Radar Service\",\"description\":\"Radar detector Laser jammer mobile fix\",\"publisher\":{\"@id\":\"https:\/\/radarservice.eu\/ro\/#organization\"},\"potentialAction\":[{\"@type\":\"SearchAction\",\"target\":{\"@type\":\"EntryPoint\",\"urlTemplate\":\"https:\/\/radarservice.eu\/ro\/?s={search_term_string}\"},\"query-input\":{\"@type\":\"PropertyValueSpecification\",\"valueRequired\":true,\"valueName\":\"search_term_string\"}}],\"inLanguage\":\"ro-RO\"},{\"@type\":\"Organization\",\"@id\":\"https:\/\/radarservice.eu\/ro\/#organization\",\"name\":\"RadarService\",\"url\":\"https:\/\/radarservice.eu\/ro\/\",\"logo\":{\"@type\":\"ImageObject\",\"inLanguage\":\"ro-RO\",\"@id\":\"https:\/\/radarservice.eu\/ro\/#\/schema\/logo\/image\/\",\"url\":\"https:\/\/radarservice.eu\/wp-content\/uploads\/2021\/03\/Radar_detector_service.png\",\"contentUrl\":\"https:\/\/radarservice.eu\/wp-content\/uploads\/2021\/03\/Radar_detector_service.png\",\"width\":174,\"height\":48,\"caption\":\"RadarService\"},\"image\":{\"@id\":\"https:\/\/radarservice.eu\/ro\/#\/schema\/logo\/image\/\"}}]}<\/script>\n<!-- \/ Yoast SEO plugin. -->","yoast_head_json":{"title":"Cheetah C50 GPS POI Warner | Radar Service","description":"Cheetah C50 este un dispozitiv de avertizare GPS pentru sistemele fixe de m\u0103surare a vitezei \u0219i pentru sistemele de monitorizare a semaforului ro\u0219u.","robots":{"index":"index","follow":"follow","max-snippet":"max-snippet:-1","max-image-preview":"max-image-preview:large","max-video-preview":"max-video-preview:-1"},"canonical":"https:\/\/radarservice.eu\/ro\/produs\/cheetah-c50-gps-poi-warner\/","og_locale":"ro_RO","og_type":"article","og_title":"Cheetah C50 GPS POI Warner | Radar Service","og_description":"Cheetah C50 este un dispozitiv de avertizare GPS pentru sistemele fixe de m\u0103surare a vitezei \u0219i pentru sistemele de monitorizare a semaforului ro\u0219u.","og_url":"https:\/\/radarservice.eu\/ro\/produs\/cheetah-c50-gps-poi-warner\/","og_site_name":"Radar Service","og_image":[{"width":655,"height":400,"url":"https:\/\/radarservice.eu\/wp-content\/uploads\/2020\/09\/cheetah_c50_front.jpg","type":"image\/jpeg"}],"twitter_card":"summary_large_image","twitter_misc":{"Timp estimat pentru citire":"1 minut"},"schema":{"@context":"https:\/\/schema.org","@graph":[{"@type":"WebPage","@id":"https:\/\/radarservice.eu\/ro\/produs\/cheetah-c50-gps-poi-warner\/","url":"https:\/\/radarservice.eu\/ro\/produs\/cheetah-c50-gps-poi-warner\/","name":"Cheetah C50 GPS POI Warner | Radar Service","isPartOf":{"@id":"https:\/\/radarservice.eu\/ro\/#website"},"primaryImageOfPage":{"@id":"https:\/\/radarservice.eu\/ro\/produs\/cheetah-c50-gps-poi-warner\/#primaryimage"},"image":{"@id":"https:\/\/radarservice.eu\/ro\/produs\/cheetah-c50-gps-poi-warner\/#primaryimage"},"thumbnailUrl":"https:\/\/radarservice.eu\/wp-content\/uploads\/2020\/09\/cheetah_c50_front.jpg","datePublished":"2021-04-27T06:26:54+00:00","description":"Cheetah C50 este un dispozitiv de avertizare GPS pentru sistemele fixe de m\u0103surare a vitezei \u0219i pentru sistemele de monitorizare a semaforului ro\u0219u.","breadcrumb":{"@id":"https:\/\/radarservice.eu\/ro\/produs\/cheetah-c50-gps-poi-warner\/#breadcrumb"},"inLanguage":"ro-RO","potentialAction":[{"@type":"ReadAction","target":["https:\/\/radarservice.eu\/ro\/produs\/cheetah-c50-gps-poi-warner\/"]}]},{"@type":"ImageObject","inLanguage":"ro-RO","@id":"https:\/\/radarservice.eu\/ro\/produs\/cheetah-c50-gps-poi-warner\/#primaryimage","url":"https:\/\/radarservice.eu\/wp-content\/uploads\/2020\/09\/cheetah_c50_front.jpg","contentUrl":"https:\/\/radarservice.eu\/wp-content\/uploads\/2020\/09\/cheetah_c50_front.jpg","width":655,"height":400,"caption":"Cheetah C50"},{"@type":"BreadcrumbList","@id":"https:\/\/radarservice.eu\/ro\/produs\/cheetah-c50-gps-poi-warner\/#breadcrumb","itemListElement":[{"@type":"ListItem","position":1,"name":"Magazin","item":"https:\/\/radarservice.eu\/ro\/magazin\/"},{"@type":"ListItem","position":2,"name":"Cheetah C50 GPS POI Warner"}]},{"@type":"WebSite","@id":"https:\/\/radarservice.eu\/ro\/#website","url":"https:\/\/radarservice.eu\/ro\/","name":"Radar Service","description":"Radar detector Laser jammer mobile fix","publisher":{"@id":"https:\/\/radarservice.eu\/ro\/#organization"},"potentialAction":[{"@type":"SearchAction","target":{"@type":"EntryPoint","urlTemplate":"https:\/\/radarservice.eu\/ro\/?s={search_term_string}"},"query-input":{"@type":"PropertyValueSpecification","valueRequired":true,"valueName":"search_term_string"}}],"inLanguage":"ro-RO"},{"@type":"Organization","@id":"https:\/\/radarservice.eu\/ro\/#organization","name":"RadarService","url":"https:\/\/radarservice.eu\/ro\/","logo":{"@type":"ImageObject","inLanguage":"ro-RO","@id":"https:\/\/radarservice.eu\/ro\/#\/schema\/logo\/image\/","url":"https:\/\/radarservice.eu\/wp-content\/uploads\/2021\/03\/Radar_detector_service.png","contentUrl":"https:\/\/radarservice.eu\/wp-content\/uploads\/2021\/03\/Radar_detector_service.png","width":174,"height":48,"caption":"RadarService"},"image":{"@id":"https:\/\/radarservice.eu\/ro\/#\/schema\/logo\/image\/"}}]}},"_links":{"self":[{"href":"https:\/\/radarservice.eu\/ro\/wp-json\/wp\/v2\/product\/15694","targetHints":{"allow":["GET"]}}],"collection":[{"href":"https:\/\/radarservice.eu\/ro\/wp-json\/wp\/v2\/product"}],"about":[{"href":"https:\/\/radarservice.eu\/ro\/wp-json\/wp\/v2\/types\/product"}],"replies":[{"embeddable":true,"href":"https:\/\/radarservice.eu\/ro\/wp-json\/wp\/v2\/comments?post=15694"}],"wp:featuredmedia":[{"embeddable":true,"href":"https:\/\/radarservice.eu\/ro\/wp-json\/wp\/v2\/media\/15580"}],"wp:attachment":[{"href":"https:\/\/radarservice.eu\/ro\/wp-json\/wp\/v2\/media?parent=15694"}],"wp:term":[{"taxonomy":"product_brand","embeddable":true,"href":"https:\/\/radarservice.eu\/ro\/wp-json\/wp\/v2\/product_brand?post=15694"},{"taxonomy":"product_cat","embeddable":true,"href":"https:\/\/radarservice.eu\/ro\/wp-json\/wp\/v2\/product_cat?post=15694"},{"taxonomy":"product_tag","embeddable":true,"href":"https:\/\/radarservice.eu\/ro\/wp-json\/wp\/v2\/product_tag?post=15694"}],"curies":[{"name":"wp","href":"https:\/\/api.w.org\/{rel}","templated":true}]}}