{"id":15691,"date":"2021-04-27T08:24:34","date_gmt":"2021-04-27T06:24:34","guid":{"rendered":"https:\/\/radarservice.eu\/produkt\/detector-de-radar-genevo-one-s-negru\/"},"modified":"2023-04-02T20:26:06","modified_gmt":"2023-04-02T18:26:06","slug":"detector-de-radar-genevo-one-s-negru","status":"publish","type":"product","link":"https:\/\/radarservice.eu\/ro\/produs\/detector-de-radar-genevo-one-s-negru\/","title":{"rendered":"Detector de radar Genevo One S &#8211; Negru"},"content":{"rendered":"<p>Cu antena radar UHD nou dezvoltat\u0103, Genevo G1 S Black Edition a fost special dezvoltat\u0103 pentru pia\u021ba european\u0103.<\/p>\n<p><p>Dac\u0103 este necesar, pe Genevo Black Edition poate fi activat un mod legal (doar afi\u0219area vitezei) prin simpla ap\u0103sare a unui buton, dezactiv\u00e2nd func\u021bia de avertizare radar \u0219i laser nepermis\u0103. Func\u021bia de avertizare radar poate fi reactivat\u0103 ulterior pe laptop sau pe PC-ul de acas\u0103.<\/p>\n<p>.<\/p>\n<p>Detectorul de radar Genevo One S Black este perfect pentru utilizarea mobil\u0103 a detectorului de radar. Ofer\u0103 cele mai bune rezultate de pre-alarmare pentru m\u0103sur\u0103torile mobile de vitez\u0103, precum \u0219i o avertizare la nivel european privind radarele fixe.<br \/>.<br \/>\nActualiz\u0103rile permanente ale bazei de date a UE pentru Radafallen fix sunt incluse selbstverst\u00e4ndlich.<\/p>\n<p>.<\/p>\n<p>Capcanele radar raporteaz\u0103 Genevo S Black at\u00e2t \u00een noul afi\u0219aj matricial, c\u00e2t \u0219i prin intermediul anun\u021bului vocal. Conduc\u0103torul auto prime\u0219te informa\u021bii detaliate despre accidentele detectate<br \/>.<br \/>\nCaptur\u0103 de vitez\u0103, avertizare POI sau m\u0103surare cu laser. \u00cen cazul detec\u021biei radar, puterea semnalului este afi\u0219at\u0103 \u0219i prin intermediul unui semnal sonor pentru a indica distan\u021ba p\u00e2n\u0103 la capcana radar.<\/p>\n<p>.<\/p>\n<p>Utilizatorul poate, de asemenea, s\u0103 salveze sau s\u0103 elimine propriile loca\u021bii GPS (POI), astfel \u00eenc\u00e2t s\u0103 fie emis un avertisment sonor \u00een aceste loca\u021bii, dac\u0103 se dore\u0219te.<\/p>\n<p>Genevo G1 S Black Edition poate fi programat \u00een func\u021bie de necesit\u0103\u021bi cu ajutorul unui meniu \u00een limba german\u0103, f\u0103c\u00e2ndu-l personalizabil \u00een func\u021bie de nevoile \u0219i preferin\u021bele particulare ale clientului.<\/p>\n<p>.<\/p>\n<p><strong>Vizualizare general\u0103:<\/strong><br \/>\n+ cel mai compact detector de radar mobil cu anten\u0103 radar pentru radare mobile, precum \u0219i tehnologie GPS<br \/>.<br \/>\n+ Detectarea la 360 \u00b0 grade a tuturor surselor radar din Europa (banda X \/ K \/ Ka)<br \/>\n+ Avertizare de m\u0103surare radar<br \/>\n+ Avertizare de m\u0103sur\u0103tori cu laser<br \/>\n+ Avertizare de radar sta\u021bionar<br \/>\n+ Avertisment de monitorizare a luminii ro\u0219ii<br \/>\n+ Avertismentul privind m\u0103sur\u0103torile de control al sec\u021biunii<br \/> + Avertismentul privind m\u0103sur\u0103torile de control al sec\u021biunii<br \/>.<br \/>\n+ Posibilit\u0103\u021bi de configurare prin intermediul meniului german<br \/>.<br \/>\n+ actualizabil prin conexiune USB<br \/> + baza de date EUROPA pentru radare fixe<br \/> + baza de date EUROPA pentru radare fixe<br \/>.<br \/>\n+ Baza de date EUROPA pentru radarele fixe de vitez\u0103 este deja preinstalat\u0103<br \/>.<br \/>\n+ Actualiz\u0103ri pe tot parcursul vie\u021bii Baza de date UE inclus\u0103<br \/>\n+ Alarme \u0219i set\u0103ri complet \u00een limba german\u0103<br \/>\n+ potrivit pentru utilizare \u00een Europa<br \/>.<br \/>\n+ propriile puncte de pericol stocabile<\/p>\n<p><strong>Amploiul de furnizare:<\/strong><br \/>\n* Detector de radar Genevo One S Black Edition cu receptor GPS integrat<br \/>.<br \/>\n* Baz\u0103 de date UE preinstalat\u0103 pentru toat\u0103 Europa<br \/>.<br \/>\n* Accesorii pentru montarea pe parbriz (ventuze)<br \/>\n* Alimentare de 12 V cu conexiune la bricheta de \u021bigar\u0103<br \/>.<br \/>\n* Manual de instruc\u021biuni<br \/>\n* 24 de luni de garan\u021bie<\/p>\n<p><strong>Nota:<\/strong> Genevo One S Black Edition are recep\u021bie laser, dar pentru o protec\u021bie sigur\u0103 \u00eempotriva laserului v\u0103 recomand\u0103m s\u0103 utiliza\u021bi un blocant activ de laser, de exemplu Antilaser ALP Priority sau Lasertrack Flare.<\/p>\n<p>\n","protected":false},"excerpt":{"rendered":"<p>Cu antena radar UHD nou dezvoltat\u0103, Genevo G1 S Black Edition a fost special dezvoltat\u0103 pentru pia\u021ba european\u0103. Dac\u0103 este necesar, pe Genevo Black Edition poate fi activat un mod legal (doar afi\u0219area vitezei) prin simpla ap\u0103sare a unui buton, dezactiv\u00e2nd func\u021bia de avertizare radar \u0219i laser nepermis\u0103. Func\u021bia de avertizare radar poate fi reactivat\u0103 [&#8230;]\n","protected":false},"featured_media":15693,"comment_status":"open","ping_status":"closed","template":"","meta":[],"product_brand":[],"product_cat":[1448,1442],"product_tag":[1572,1571,1458,1451,1570,1569],"class_list":{"0":"post-15691","1":"product","2":"type-product","3":"status-publish","4":"has-post-thumbnail","6":"product_cat-detectoare-mobile-de-radar","7":"product_cat-genevo-ro","8":"product_tag-castigatorul-testului","9":"product_tag-detector-de-radar-high-end","10":"product_tag-detector-de-radar-mobil","11":"product_tag-europa-ro","12":"product_tag-genevo-g1-s-editie-neagra-ro","13":"product_tag-genevo-g1-s-editie-neagra","15":"first","16":"instock","17":"taxable","18":"shipping-taxable","19":"purchasable","20":"product-type-simple"},"yoast_head":"<!-- This site is optimized with the Yoast SEO plugin v27.2 - https:\/\/yoast.com\/product\/yoast-seo-wordpress\/ -->\n<title>Detector de radar Genevo One S - Negru | Radar Service<\/title>\n<meta name=\"description\" content=\"Cu antena radar UHD nou dezvoltat\u0103, Genevo G1 S Black Edition a fost dezvoltat special pentru pia\u021ba european\u0103.\" \/>\n<meta name=\"robots\" content=\"index, follow, max-snippet:-1, max-image-preview:large, max-video-preview:-1\" \/>\n<link rel=\"canonical\" href=\"https:\/\/radarservice.eu\/ro\/produs\/detector-de-radar-genevo-one-s-negru\/\" \/>\n<meta property=\"og:locale\" content=\"ro_RO\" \/>\n<meta property=\"og:type\" content=\"article\" \/>\n<meta property=\"og:title\" content=\"Detector de radar Genevo One S - Negru | Radar Service\" \/>\n<meta property=\"og:description\" content=\"Cu antena radar UHD nou dezvoltat\u0103, Genevo G1 S Black Edition a fost dezvoltat special pentru pia\u021ba european\u0103.\" \/>\n<meta property=\"og:url\" content=\"https:\/\/radarservice.eu\/ro\/produs\/detector-de-radar-genevo-one-s-negru\/\" \/>\n<meta property=\"og:site_name\" content=\"Radar Service\" \/>\n<meta property=\"article:modified_time\" content=\"2023-04-02T18:26:06+00:00\" \/>\n<meta property=\"og:image\" content=\"https:\/\/radarservice.eu\/wp-content\/uploads\/2020\/09\/genevo-black-edition-radarwarner.jpg\" \/>\n\t<meta property=\"og:image:width\" content=\"800\" \/>\n\t<meta property=\"og:image:height\" content=\"636\" \/>\n\t<meta property=\"og:image:type\" content=\"image\/jpeg\" \/>\n<meta name=\"twitter:card\" content=\"summary_large_image\" \/>\n<meta name=\"twitter:label1\" content=\"Timp estimat pentru citire\" \/>\n\t<meta name=\"twitter:data1\" content=\"2 minute\" \/>\n<script type=\"application\/ld+json\" class=\"yoast-schema-graph\">{\"@context\":\"https:\/\/schema.org\",\"@graph\":[{\"@type\":\"WebPage\",\"@id\":\"https:\/\/radarservice.eu\/ro\/produs\/detector-de-radar-genevo-one-s-negru\/\",\"url\":\"https:\/\/radarservice.eu\/ro\/produs\/detector-de-radar-genevo-one-s-negru\/\",\"name\":\"Detector de radar Genevo One S - Negru | Radar Service\",\"isPartOf\":{\"@id\":\"https:\/\/radarservice.eu\/ro\/#website\"},\"primaryImageOfPage\":{\"@id\":\"https:\/\/radarservice.eu\/ro\/produs\/detector-de-radar-genevo-one-s-negru\/#primaryimage\"},\"image\":{\"@id\":\"https:\/\/radarservice.eu\/ro\/produs\/detector-de-radar-genevo-one-s-negru\/#primaryimage\"},\"thumbnailUrl\":\"https:\/\/radarservice.eu\/wp-content\/uploads\/2020\/09\/genevo-black-edition-radarwarner.jpg\",\"datePublished\":\"2021-04-27T06:24:34+00:00\",\"dateModified\":\"2023-04-02T18:26:06+00:00\",\"description\":\"Cu antena radar UHD nou dezvoltat\u0103, Genevo G1 S Black Edition a fost dezvoltat special pentru pia\u021ba european\u0103.\",\"breadcrumb\":{\"@id\":\"https:\/\/radarservice.eu\/ro\/produs\/detector-de-radar-genevo-one-s-negru\/#breadcrumb\"},\"inLanguage\":\"ro-RO\",\"potentialAction\":[{\"@type\":\"ReadAction\",\"target\":[\"https:\/\/radarservice.eu\/ro\/produs\/detector-de-radar-genevo-one-s-negru\/\"]}]},{\"@type\":\"ImageObject\",\"inLanguage\":\"ro-RO\",\"@id\":\"https:\/\/radarservice.eu\/ro\/produs\/detector-de-radar-genevo-one-s-negru\/#primaryimage\",\"url\":\"https:\/\/radarservice.eu\/wp-content\/uploads\/2020\/09\/genevo-black-edition-radarwarner.jpg\",\"contentUrl\":\"https:\/\/radarservice.eu\/wp-content\/uploads\/2020\/09\/genevo-black-edition-radarwarner.jpg\",\"width\":800,\"height\":636,\"caption\":\"Detector de radar Genevo One S Black\"},{\"@type\":\"BreadcrumbList\",\"@id\":\"https:\/\/radarservice.eu\/ro\/produs\/detector-de-radar-genevo-one-s-negru\/#breadcrumb\",\"itemListElement\":[{\"@type\":\"ListItem\",\"position\":1,\"name\":\"Magazin\",\"item\":\"https:\/\/radarservice.eu\/ro\/magazin\/\"},{\"@type\":\"ListItem\",\"position\":2,\"name\":\"Detector de radar Genevo One S &#8211; Negru\"}]},{\"@type\":\"WebSite\",\"@id\":\"https:\/\/radarservice.eu\/ro\/#website\",\"url\":\"https:\/\/radarservice.eu\/ro\/\",\"name\":\"Radar Service\",\"description\":\"Radar detector Laser jammer mobile fix\",\"publisher\":{\"@id\":\"https:\/\/radarservice.eu\/ro\/#organization\"},\"potentialAction\":[{\"@type\":\"SearchAction\",\"target\":{\"@type\":\"EntryPoint\",\"urlTemplate\":\"https:\/\/radarservice.eu\/ro\/?s={search_term_string}\"},\"query-input\":{\"@type\":\"PropertyValueSpecification\",\"valueRequired\":true,\"valueName\":\"search_term_string\"}}],\"inLanguage\":\"ro-RO\"},{\"@type\":\"Organization\",\"@id\":\"https:\/\/radarservice.eu\/ro\/#organization\",\"name\":\"RadarService\",\"url\":\"https:\/\/radarservice.eu\/ro\/\",\"logo\":{\"@type\":\"ImageObject\",\"inLanguage\":\"ro-RO\",\"@id\":\"https:\/\/radarservice.eu\/ro\/#\/schema\/logo\/image\/\",\"url\":\"https:\/\/radarservice.eu\/wp-content\/uploads\/2021\/03\/Radar_detector_service.png\",\"contentUrl\":\"https:\/\/radarservice.eu\/wp-content\/uploads\/2021\/03\/Radar_detector_service.png\",\"width\":174,\"height\":48,\"caption\":\"RadarService\"},\"image\":{\"@id\":\"https:\/\/radarservice.eu\/ro\/#\/schema\/logo\/image\/\"}}]}<\/script>\n<!-- \/ Yoast SEO plugin. -->","yoast_head_json":{"title":"Detector de radar Genevo One S - Negru | Radar Service","description":"Cu antena radar UHD nou dezvoltat\u0103, Genevo G1 S Black Edition a fost dezvoltat special pentru pia\u021ba european\u0103.","robots":{"index":"index","follow":"follow","max-snippet":"max-snippet:-1","max-image-preview":"max-image-preview:large","max-video-preview":"max-video-preview:-1"},"canonical":"https:\/\/radarservice.eu\/ro\/produs\/detector-de-radar-genevo-one-s-negru\/","og_locale":"ro_RO","og_type":"article","og_title":"Detector de radar Genevo One S - Negru | Radar Service","og_description":"Cu antena radar UHD nou dezvoltat\u0103, Genevo G1 S Black Edition a fost dezvoltat special pentru pia\u021ba european\u0103.","og_url":"https:\/\/radarservice.eu\/ro\/produs\/detector-de-radar-genevo-one-s-negru\/","og_site_name":"Radar Service","article_modified_time":"2023-04-02T18:26:06+00:00","og_image":[{"width":800,"height":636,"url":"https:\/\/radarservice.eu\/wp-content\/uploads\/2020\/09\/genevo-black-edition-radarwarner.jpg","type":"image\/jpeg"}],"twitter_card":"summary_large_image","twitter_misc":{"Timp estimat pentru citire":"2 minute"},"schema":{"@context":"https:\/\/schema.org","@graph":[{"@type":"WebPage","@id":"https:\/\/radarservice.eu\/ro\/produs\/detector-de-radar-genevo-one-s-negru\/","url":"https:\/\/radarservice.eu\/ro\/produs\/detector-de-radar-genevo-one-s-negru\/","name":"Detector de radar Genevo One S - Negru | Radar Service","isPartOf":{"@id":"https:\/\/radarservice.eu\/ro\/#website"},"primaryImageOfPage":{"@id":"https:\/\/radarservice.eu\/ro\/produs\/detector-de-radar-genevo-one-s-negru\/#primaryimage"},"image":{"@id":"https:\/\/radarservice.eu\/ro\/produs\/detector-de-radar-genevo-one-s-negru\/#primaryimage"},"thumbnailUrl":"https:\/\/radarservice.eu\/wp-content\/uploads\/2020\/09\/genevo-black-edition-radarwarner.jpg","datePublished":"2021-04-27T06:24:34+00:00","dateModified":"2023-04-02T18:26:06+00:00","description":"Cu antena radar UHD nou dezvoltat\u0103, Genevo G1 S Black Edition a fost dezvoltat special pentru pia\u021ba european\u0103.","breadcrumb":{"@id":"https:\/\/radarservice.eu\/ro\/produs\/detector-de-radar-genevo-one-s-negru\/#breadcrumb"},"inLanguage":"ro-RO","potentialAction":[{"@type":"ReadAction","target":["https:\/\/radarservice.eu\/ro\/produs\/detector-de-radar-genevo-one-s-negru\/"]}]},{"@type":"ImageObject","inLanguage":"ro-RO","@id":"https:\/\/radarservice.eu\/ro\/produs\/detector-de-radar-genevo-one-s-negru\/#primaryimage","url":"https:\/\/radarservice.eu\/wp-content\/uploads\/2020\/09\/genevo-black-edition-radarwarner.jpg","contentUrl":"https:\/\/radarservice.eu\/wp-content\/uploads\/2020\/09\/genevo-black-edition-radarwarner.jpg","width":800,"height":636,"caption":"Detector de radar Genevo One S Black"},{"@type":"BreadcrumbList","@id":"https:\/\/radarservice.eu\/ro\/produs\/detector-de-radar-genevo-one-s-negru\/#breadcrumb","itemListElement":[{"@type":"ListItem","position":1,"name":"Magazin","item":"https:\/\/radarservice.eu\/ro\/magazin\/"},{"@type":"ListItem","position":2,"name":"Detector de radar Genevo One S &#8211; Negru"}]},{"@type":"WebSite","@id":"https:\/\/radarservice.eu\/ro\/#website","url":"https:\/\/radarservice.eu\/ro\/","name":"Radar Service","description":"Radar detector Laser jammer mobile fix","publisher":{"@id":"https:\/\/radarservice.eu\/ro\/#organization"},"potentialAction":[{"@type":"SearchAction","target":{"@type":"EntryPoint","urlTemplate":"https:\/\/radarservice.eu\/ro\/?s={search_term_string}"},"query-input":{"@type":"PropertyValueSpecification","valueRequired":true,"valueName":"search_term_string"}}],"inLanguage":"ro-RO"},{"@type":"Organization","@id":"https:\/\/radarservice.eu\/ro\/#organization","name":"RadarService","url":"https:\/\/radarservice.eu\/ro\/","logo":{"@type":"ImageObject","inLanguage":"ro-RO","@id":"https:\/\/radarservice.eu\/ro\/#\/schema\/logo\/image\/","url":"https:\/\/radarservice.eu\/wp-content\/uploads\/2021\/03\/Radar_detector_service.png","contentUrl":"https:\/\/radarservice.eu\/wp-content\/uploads\/2021\/03\/Radar_detector_service.png","width":174,"height":48,"caption":"RadarService"},"image":{"@id":"https:\/\/radarservice.eu\/ro\/#\/schema\/logo\/image\/"}}]}},"_links":{"self":[{"href":"https:\/\/radarservice.eu\/ro\/wp-json\/wp\/v2\/product\/15691","targetHints":{"allow":["GET"]}}],"collection":[{"href":"https:\/\/radarservice.eu\/ro\/wp-json\/wp\/v2\/product"}],"about":[{"href":"https:\/\/radarservice.eu\/ro\/wp-json\/wp\/v2\/types\/product"}],"replies":[{"embeddable":true,"href":"https:\/\/radarservice.eu\/ro\/wp-json\/wp\/v2\/comments?post=15691"}],"wp:featuredmedia":[{"embeddable":true,"href":"https:\/\/radarservice.eu\/ro\/wp-json\/wp\/v2\/media\/15693"}],"wp:attachment":[{"href":"https:\/\/radarservice.eu\/ro\/wp-json\/wp\/v2\/media?parent=15691"}],"wp:term":[{"taxonomy":"product_brand","embeddable":true,"href":"https:\/\/radarservice.eu\/ro\/wp-json\/wp\/v2\/product_brand?post=15691"},{"taxonomy":"product_cat","embeddable":true,"href":"https:\/\/radarservice.eu\/ro\/wp-json\/wp\/v2\/product_cat?post=15691"},{"taxonomy":"product_tag","embeddable":true,"href":"https:\/\/radarservice.eu\/ro\/wp-json\/wp\/v2\/product_tag?post=15691"}],"curies":[{"name":"wp","href":"https:\/\/api.w.org\/{rel}","templated":true}]}}