{"id":15687,"date":"2021-04-27T08:21:59","date_gmt":"2021-04-27T06:21:59","guid":{"rendered":"https:\/\/radarservice.eu\/produkt\/genevo-gps-poi-warner\/"},"modified":"2021-04-27T08:21:59","modified_gmt":"2021-04-27T06:21:59","slug":"genevo-gps-poi-warner","status":"publish","type":"product","link":"https:\/\/radarservice.eu\/ro\/produs\/genevo-gps-poi-warner\/","title":{"rendered":"Genevo GPS+ POI Warner"},"content":{"rendered":"<p>Noul Genevo GPS+ POI Warner este ata\u0219at la parbriz \u00een c\u00e2teva secunde cu ajutorul unor ventuze \u0219i conectat la bricheta de 12V.<br \/>.<br \/>\nGPS+ Warner v\u0103 avertizeaz\u0103 cu privire la sistemele de monitorizare a vitezei \u0219i a semaforului ro\u0219u instalate permanent \u00een \u00eentreaga Europ\u0103, avertizarea se face prin anun\u021b vocal.<\/p>\n<p>.<\/p>\n<p>Op\u021bional, Genevo GPS+ Warner poate fi conectat f\u0103r\u0103 fir la radarul \u0219i antena laser Genevo HD+. Aceast\u0103 combina\u021bie creeaz\u0103 un detector de radar fix cu toate func\u021biile, cu avertizare radar, laser \u0219i GPS.<\/p>\n<p>.<\/p>\n<p><strong>Vizualizare general\u0103:<\/strong><br \/>\n+ Avertizare de radar sta\u021bionar<br \/>.<br \/>\n+ Avertisment pentru monitorizarea luminilor ro\u0219ii<br \/>\n+ Avertisment pentru m\u0103sur\u0103torile de control al sec\u021biunii (controale de sec\u021biune)<br \/>.<br \/>\n+ semnale de alarm\u0103<br \/>\n+ Potrivit pentru utilizare \u00een Europa<br \/>\n+ Baza de date EUROPA pentru radare fixe de vitez\u0103 deja preinstalat\u0103<\/p>\n<p>><\/p>\n<p><strong>Compatibilitate:<\/strong><br \/>\nAnten\u0103 radar f\u0103r\u0103 fir Genevo HD+ (+599,00)<\/p>\n<p><p><strong>Scop de livrare:<\/strong><br \/>\n* Genevo GPS+ POI Warner<br \/> Genevo GPS+ POI Warner<br \/>\n* Cablu de conectare a aliment\u0103rii 12V<\/p>\n","protected":false},"excerpt":{"rendered":"<p>Noul Genevo GPS+ POI Warner este ata\u0219at la parbriz \u00een c\u00e2teva secunde cu ajutorul unor ventuze \u0219i conectat la bricheta de 12V.. GPS+ Warner v\u0103 avertizeaz\u0103 cu privire la sistemele de monitorizare a vitezei \u0219i a semaforului ro\u0219u instalate permanent \u00een \u00eentreaga Europ\u0103, avertizarea se face prin anun\u021b vocal. . Op\u021bional, Genevo GPS+ Warner poate [&#8230;]\n","protected":false},"featured_media":15688,"comment_status":"open","ping_status":"closed","template":"","meta":[],"product_brand":[],"product_cat":[1468,1442],"product_tag":[1568,1461,1451,1567,1559],"class_list":{"0":"post-15687","1":"product","2":"type-product","3":"status-publish","4":"has-post-thumbnail","6":"product_cat-detectoare-gps-poi","7":"product_cat-genevo-ro","8":"product_tag-camera-de-supraveghere-a-vitezei","9":"product_tag-capcana-de-viteza","10":"product_tag-europa-ro","11":"product_tag-genevo-gps-ro","12":"product_tag-poi-warner-ro","14":"first","15":"instock","16":"taxable","17":"shipping-taxable","18":"purchasable","19":"product-type-simple"},"yoast_head":"<!-- This site is optimized with the Yoast SEO plugin v27.2 - https:\/\/yoast.com\/product\/yoast-seo-wordpress\/ -->\n<title>Genevo GPS+ POI Warner | Radar Service<\/title>\n<meta name=\"description\" content=\"Genevo GPS+ Warner v\u0103 avertizeaz\u0103 cu privire la sistemele fixe de control al vitezei \u0219i la semafoarele ro\u0219ii din \u00eentreaga Europ\u0103.\" \/>\n<meta name=\"robots\" content=\"index, follow, max-snippet:-1, max-image-preview:large, max-video-preview:-1\" \/>\n<link rel=\"canonical\" href=\"https:\/\/radarservice.eu\/ro\/produs\/genevo-gps-poi-warner\/\" \/>\n<meta property=\"og:locale\" content=\"ro_RO\" \/>\n<meta property=\"og:type\" content=\"article\" \/>\n<meta property=\"og:title\" content=\"Genevo GPS+ POI Warner | Radar Service\" \/>\n<meta property=\"og:description\" content=\"Genevo GPS+ Warner v\u0103 avertizeaz\u0103 cu privire la sistemele fixe de control al vitezei \u0219i la semafoarele ro\u0219ii din \u00eentreaga Europ\u0103.\" \/>\n<meta property=\"og:url\" content=\"https:\/\/radarservice.eu\/ro\/produs\/genevo-gps-poi-warner\/\" \/>\n<meta property=\"og:site_name\" content=\"Radar Service\" \/>\n<meta property=\"og:image\" content=\"https:\/\/radarservice.eu\/wp-content\/uploads\/2020\/09\/Genevo_GPS_Plus.jpg\" \/>\n\t<meta property=\"og:image:width\" content=\"1800\" \/>\n\t<meta property=\"og:image:height\" content=\"1286\" \/>\n\t<meta property=\"og:image:type\" content=\"image\/jpeg\" \/>\n<meta name=\"twitter:card\" content=\"summary_large_image\" \/>\n<meta name=\"twitter:label1\" content=\"Timp estimat pentru citire\" \/>\n\t<meta name=\"twitter:data1\" content=\"1 minut\" \/>\n<script type=\"application\/ld+json\" class=\"yoast-schema-graph\">{\"@context\":\"https:\/\/schema.org\",\"@graph\":[{\"@type\":\"WebPage\",\"@id\":\"https:\/\/radarservice.eu\/ro\/produs\/genevo-gps-poi-warner\/\",\"url\":\"https:\/\/radarservice.eu\/ro\/produs\/genevo-gps-poi-warner\/\",\"name\":\"Genevo GPS+ POI Warner | Radar Service\",\"isPartOf\":{\"@id\":\"https:\/\/radarservice.eu\/ro\/#website\"},\"primaryImageOfPage\":{\"@id\":\"https:\/\/radarservice.eu\/ro\/produs\/genevo-gps-poi-warner\/#primaryimage\"},\"image\":{\"@id\":\"https:\/\/radarservice.eu\/ro\/produs\/genevo-gps-poi-warner\/#primaryimage\"},\"thumbnailUrl\":\"https:\/\/radarservice.eu\/wp-content\/uploads\/2020\/09\/Genevo_GPS_Plus.jpg\",\"datePublished\":\"2021-04-27T06:21:59+00:00\",\"description\":\"Genevo GPS+ Warner v\u0103 avertizeaz\u0103 cu privire la sistemele fixe de control al vitezei \u0219i la semafoarele ro\u0219ii din \u00eentreaga Europ\u0103.\",\"breadcrumb\":{\"@id\":\"https:\/\/radarservice.eu\/ro\/produs\/genevo-gps-poi-warner\/#breadcrumb\"},\"inLanguage\":\"ro-RO\",\"potentialAction\":[{\"@type\":\"ReadAction\",\"target\":[\"https:\/\/radarservice.eu\/ro\/produs\/genevo-gps-poi-warner\/\"]}]},{\"@type\":\"ImageObject\",\"inLanguage\":\"ro-RO\",\"@id\":\"https:\/\/radarservice.eu\/ro\/produs\/genevo-gps-poi-warner\/#primaryimage\",\"url\":\"https:\/\/radarservice.eu\/wp-content\/uploads\/2020\/09\/Genevo_GPS_Plus.jpg\",\"contentUrl\":\"https:\/\/radarservice.eu\/wp-content\/uploads\/2020\/09\/Genevo_GPS_Plus.jpg\",\"width\":1800,\"height\":1286,\"caption\":\"Genevo GPS Plus\"},{\"@type\":\"BreadcrumbList\",\"@id\":\"https:\/\/radarservice.eu\/ro\/produs\/genevo-gps-poi-warner\/#breadcrumb\",\"itemListElement\":[{\"@type\":\"ListItem\",\"position\":1,\"name\":\"Magazin\",\"item\":\"https:\/\/radarservice.eu\/ro\/magazin\/\"},{\"@type\":\"ListItem\",\"position\":2,\"name\":\"Genevo GPS+ POI Warner\"}]},{\"@type\":\"WebSite\",\"@id\":\"https:\/\/radarservice.eu\/ro\/#website\",\"url\":\"https:\/\/radarservice.eu\/ro\/\",\"name\":\"Radar Service\",\"description\":\"Radar detector Laser jammer mobile fix\",\"publisher\":{\"@id\":\"https:\/\/radarservice.eu\/ro\/#organization\"},\"potentialAction\":[{\"@type\":\"SearchAction\",\"target\":{\"@type\":\"EntryPoint\",\"urlTemplate\":\"https:\/\/radarservice.eu\/ro\/?s={search_term_string}\"},\"query-input\":{\"@type\":\"PropertyValueSpecification\",\"valueRequired\":true,\"valueName\":\"search_term_string\"}}],\"inLanguage\":\"ro-RO\"},{\"@type\":\"Organization\",\"@id\":\"https:\/\/radarservice.eu\/ro\/#organization\",\"name\":\"RadarService\",\"url\":\"https:\/\/radarservice.eu\/ro\/\",\"logo\":{\"@type\":\"ImageObject\",\"inLanguage\":\"ro-RO\",\"@id\":\"https:\/\/radarservice.eu\/ro\/#\/schema\/logo\/image\/\",\"url\":\"https:\/\/radarservice.eu\/wp-content\/uploads\/2021\/03\/Radar_detector_service.png\",\"contentUrl\":\"https:\/\/radarservice.eu\/wp-content\/uploads\/2021\/03\/Radar_detector_service.png\",\"width\":174,\"height\":48,\"caption\":\"RadarService\"},\"image\":{\"@id\":\"https:\/\/radarservice.eu\/ro\/#\/schema\/logo\/image\/\"}}]}<\/script>\n<!-- \/ Yoast SEO plugin. -->","yoast_head_json":{"title":"Genevo GPS+ POI Warner | Radar Service","description":"Genevo GPS+ Warner v\u0103 avertizeaz\u0103 cu privire la sistemele fixe de control al vitezei \u0219i la semafoarele ro\u0219ii din \u00eentreaga Europ\u0103.","robots":{"index":"index","follow":"follow","max-snippet":"max-snippet:-1","max-image-preview":"max-image-preview:large","max-video-preview":"max-video-preview:-1"},"canonical":"https:\/\/radarservice.eu\/ro\/produs\/genevo-gps-poi-warner\/","og_locale":"ro_RO","og_type":"article","og_title":"Genevo GPS+ POI Warner | Radar Service","og_description":"Genevo GPS+ Warner v\u0103 avertizeaz\u0103 cu privire la sistemele fixe de control al vitezei \u0219i la semafoarele ro\u0219ii din \u00eentreaga Europ\u0103.","og_url":"https:\/\/radarservice.eu\/ro\/produs\/genevo-gps-poi-warner\/","og_site_name":"Radar Service","og_image":[{"width":1800,"height":1286,"url":"https:\/\/radarservice.eu\/wp-content\/uploads\/2020\/09\/Genevo_GPS_Plus.jpg","type":"image\/jpeg"}],"twitter_card":"summary_large_image","twitter_misc":{"Timp estimat pentru citire":"1 minut"},"schema":{"@context":"https:\/\/schema.org","@graph":[{"@type":"WebPage","@id":"https:\/\/radarservice.eu\/ro\/produs\/genevo-gps-poi-warner\/","url":"https:\/\/radarservice.eu\/ro\/produs\/genevo-gps-poi-warner\/","name":"Genevo GPS+ POI Warner | Radar Service","isPartOf":{"@id":"https:\/\/radarservice.eu\/ro\/#website"},"primaryImageOfPage":{"@id":"https:\/\/radarservice.eu\/ro\/produs\/genevo-gps-poi-warner\/#primaryimage"},"image":{"@id":"https:\/\/radarservice.eu\/ro\/produs\/genevo-gps-poi-warner\/#primaryimage"},"thumbnailUrl":"https:\/\/radarservice.eu\/wp-content\/uploads\/2020\/09\/Genevo_GPS_Plus.jpg","datePublished":"2021-04-27T06:21:59+00:00","description":"Genevo GPS+ Warner v\u0103 avertizeaz\u0103 cu privire la sistemele fixe de control al vitezei \u0219i la semafoarele ro\u0219ii din \u00eentreaga Europ\u0103.","breadcrumb":{"@id":"https:\/\/radarservice.eu\/ro\/produs\/genevo-gps-poi-warner\/#breadcrumb"},"inLanguage":"ro-RO","potentialAction":[{"@type":"ReadAction","target":["https:\/\/radarservice.eu\/ro\/produs\/genevo-gps-poi-warner\/"]}]},{"@type":"ImageObject","inLanguage":"ro-RO","@id":"https:\/\/radarservice.eu\/ro\/produs\/genevo-gps-poi-warner\/#primaryimage","url":"https:\/\/radarservice.eu\/wp-content\/uploads\/2020\/09\/Genevo_GPS_Plus.jpg","contentUrl":"https:\/\/radarservice.eu\/wp-content\/uploads\/2020\/09\/Genevo_GPS_Plus.jpg","width":1800,"height":1286,"caption":"Genevo GPS Plus"},{"@type":"BreadcrumbList","@id":"https:\/\/radarservice.eu\/ro\/produs\/genevo-gps-poi-warner\/#breadcrumb","itemListElement":[{"@type":"ListItem","position":1,"name":"Magazin","item":"https:\/\/radarservice.eu\/ro\/magazin\/"},{"@type":"ListItem","position":2,"name":"Genevo GPS+ POI Warner"}]},{"@type":"WebSite","@id":"https:\/\/radarservice.eu\/ro\/#website","url":"https:\/\/radarservice.eu\/ro\/","name":"Radar Service","description":"Radar detector Laser jammer mobile fix","publisher":{"@id":"https:\/\/radarservice.eu\/ro\/#organization"},"potentialAction":[{"@type":"SearchAction","target":{"@type":"EntryPoint","urlTemplate":"https:\/\/radarservice.eu\/ro\/?s={search_term_string}"},"query-input":{"@type":"PropertyValueSpecification","valueRequired":true,"valueName":"search_term_string"}}],"inLanguage":"ro-RO"},{"@type":"Organization","@id":"https:\/\/radarservice.eu\/ro\/#organization","name":"RadarService","url":"https:\/\/radarservice.eu\/ro\/","logo":{"@type":"ImageObject","inLanguage":"ro-RO","@id":"https:\/\/radarservice.eu\/ro\/#\/schema\/logo\/image\/","url":"https:\/\/radarservice.eu\/wp-content\/uploads\/2021\/03\/Radar_detector_service.png","contentUrl":"https:\/\/radarservice.eu\/wp-content\/uploads\/2021\/03\/Radar_detector_service.png","width":174,"height":48,"caption":"RadarService"},"image":{"@id":"https:\/\/radarservice.eu\/ro\/#\/schema\/logo\/image\/"}}]}},"_links":{"self":[{"href":"https:\/\/radarservice.eu\/ro\/wp-json\/wp\/v2\/product\/15687","targetHints":{"allow":["GET"]}}],"collection":[{"href":"https:\/\/radarservice.eu\/ro\/wp-json\/wp\/v2\/product"}],"about":[{"href":"https:\/\/radarservice.eu\/ro\/wp-json\/wp\/v2\/types\/product"}],"replies":[{"embeddable":true,"href":"https:\/\/radarservice.eu\/ro\/wp-json\/wp\/v2\/comments?post=15687"}],"wp:featuredmedia":[{"embeddable":true,"href":"https:\/\/radarservice.eu\/ro\/wp-json\/wp\/v2\/media\/15688"}],"wp:attachment":[{"href":"https:\/\/radarservice.eu\/ro\/wp-json\/wp\/v2\/media?parent=15687"}],"wp:term":[{"taxonomy":"product_brand","embeddable":true,"href":"https:\/\/radarservice.eu\/ro\/wp-json\/wp\/v2\/product_brand?post=15687"},{"taxonomy":"product_cat","embeddable":true,"href":"https:\/\/radarservice.eu\/ro\/wp-json\/wp\/v2\/product_cat?post=15687"},{"taxonomy":"product_tag","embeddable":true,"href":"https:\/\/radarservice.eu\/ro\/wp-json\/wp\/v2\/product_tag?post=15687"}],"curies":[{"name":"wp","href":"https:\/\/api.w.org\/{rel}","templated":true}]}}