{"id":15683,"date":"2021-04-27T08:09:34","date_gmt":"2021-04-27T06:09:34","guid":{"rendered":"https:\/\/radarservice.eu\/produkt\/quintezz-drive-control-gps-v4-0\/"},"modified":"2021-04-27T08:09:34","modified_gmt":"2021-04-27T06:09:34","slug":"quintezz-drive-control-gps-v4-0","status":"publish","type":"product","link":"https:\/\/radarservice.eu\/ro\/produs\/quintezz-drive-control-gps-v4-0\/","title":{"rendered":"Quintezz Drive Control GPS V4.0"},"content":{"rendered":"<p>Detectorul mobil de radar Quintezz Drive Control este un dispozitiv de intrare \u00een gam\u0103 rentabil, potrivit pentru utilizarea \u00een Europa. Prin intermediul receptorului GPS \u00eencorporat, ve\u021bi primi nu numai avertismente radar \u0219i laser, ci \u0219i avertismente de vitez\u0103 fix\u0103 \u0219i sisteme de monitorizare a luminii ro\u0219ii.<br \/>.<br \/>\nFunc\u021bia de avertizare radar \u0219i laser poate fi dezactivat\u0103 prin ap\u0103sarea unui buton, dac\u0103 este necesar (de exemplu, controlul traficului, traficul de frontier\u0103) \u0219i reactivat\u0103 ulterior prin cod secret.<\/p>\n<p>.<\/p>\n<p>Controlul Quintezz Drive este optim pentru \u0219oferii care se descurc\u0103 cu performan\u021be medii \u0219i pentru care protec\u021bia de baz\u0103 este suficient\u0103.<\/p>\n<p><p><strong>Nota:<\/strong> Quintezz Drive Control are recep\u021bie laser, dar pentru o protec\u021bie sigur\u0103 a laserului v\u0103 recomand\u0103m<br \/>.<br \/>\nutilizarea unui blocant laser activ, de exemplu Genevo FF2 sau AL Priority.<\/p>\n<p>.<\/p>\n<p><strong>Vizualizare general\u0103:<\/strong><br \/>\n+ detector de radar mobil cu conexiune la bricheta de 12V<br \/>.<br \/>\n+ Avertizare radar \u0219i laser<br \/>\n+ band\u0103 \u00eengust\u0103 Ka pentru performan\u021be maxime cu radarele europene Multanova<br \/>.<br \/>\n+ Dimensiuni: 34 x 75 x 117 (\u00een\u0103l\u021bime x l\u0103\u021bime x lungime \u00een mm)<\/p>\n<p>.<\/p>\n<p><strong>Frecven\u021be de frecven\u021b\u0103:<\/strong><br \/>.<br \/>\n+ Banda X &#8211; 9,41 GHz, 9,90 GHz, 10,50 GHz, 10,525 GHz, 10,60 GHz<br \/>.<br \/>\n+ Banda K &#8211; 24,10 GHz, 24,125 GHz, 24,150 GHz<br \/>.<br \/>\n+ Ka-Narrow &#8211; 34.00 GHz, 34.30 GHz, 34.36 GHz<br \/>\n+ Ka-Wide &#8211; 35.50 GHz, 35.70 GHz<br \/>\n+ KU-Band &#8211; 13.450 GHz<\/p>\n<p>><\/p>\n<p><strong>Scop de livrare:<\/strong><br \/>\n* Detector de radar Quintezz Drive Control V4.0<br \/>.<br \/>\n* Suport \u0219i; cablu de conectare de 12V<br \/>.<br \/>\n* Cablu USB<br \/>\n* Actualizarea software-ului (camere de supraveghere a vitezei fixe)<br \/>\n* Instruc\u021biuni de utilizare \u00een limba german\u0103<\/p>\n","protected":false},"excerpt":{"rendered":"<p>Detectorul mobil de radar Quintezz Drive Control este un dispozitiv de intrare \u00een gam\u0103 rentabil, potrivit pentru utilizarea \u00een Europa. Prin intermediul receptorului GPS \u00eencorporat, ve\u021bi primi nu numai avertismente radar \u0219i laser, ci \u0219i avertismente de vitez\u0103 fix\u0103 \u0219i sisteme de monitorizare a luminii ro\u0219ii.. Func\u021bia de avertizare radar \u0219i laser poate fi dezactivat\u0103 [&#8230;]\n","protected":false},"featured_media":15684,"comment_status":"open","ping_status":"closed","template":"","meta":[],"product_brand":[],"product_cat":[1448,1556],"product_tag":[1450,1466,1561,1451,1460,1559,1560],"class_list":{"0":"post-15683","1":"product","2":"type-product","3":"status-publish","4":"has-post-thumbnail","6":"product_cat-detectoare-mobile-de-radar","7":"product_cat-quintezz-ro","8":"product_tag-detector-de-radar-ro","9":"product_tag-detector-laser-ro","10":"product_tag-dispozitiv-entry-level","11":"product_tag-europa-ro","12":"product_tag-gps-ro","13":"product_tag-poi-warner-ro","14":"product_tag-quintezz-drive-control-ro","16":"first","17":"instock","18":"taxable","19":"shipping-taxable","20":"purchasable","21":"product-type-simple"},"yoast_head":"<!-- This site is optimized with the Yoast SEO plugin v27.2 - https:\/\/yoast.com\/product\/yoast-seo-wordpress\/ -->\n<title>Quintezz Drive Control GPS V4.0 | Radar Service<\/title>\n<meta name=\"description\" content=\"Detectorul de radar mobil Quintezz Drive Control este un dispozitiv de intrare \u00een gam\u0103 eficient din punct de vedere al costurilor, care poate fi utilizat \u00een Europa.\" \/>\n<meta name=\"robots\" content=\"index, follow, max-snippet:-1, max-image-preview:large, max-video-preview:-1\" \/>\n<link rel=\"canonical\" href=\"https:\/\/radarservice.eu\/ro\/produs\/quintezz-drive-control-gps-v4-0\/\" \/>\n<meta property=\"og:locale\" content=\"ro_RO\" \/>\n<meta property=\"og:type\" content=\"article\" \/>\n<meta property=\"og:title\" content=\"Quintezz Drive Control GPS V4.0 | Radar Service\" \/>\n<meta property=\"og:description\" content=\"Detectorul de radar mobil Quintezz Drive Control este un dispozitiv de intrare \u00een gam\u0103 eficient din punct de vedere al costurilor, care poate fi utilizat \u00een Europa.\" \/>\n<meta property=\"og:url\" content=\"https:\/\/radarservice.eu\/ro\/produs\/quintezz-drive-control-gps-v4-0\/\" \/>\n<meta property=\"og:site_name\" content=\"Radar Service\" \/>\n<meta property=\"og:image\" content=\"https:\/\/radarservice.eu\/wp-content\/uploads\/2020\/09\/quintezz_drive_control_gps_v4.jpg\" \/>\n\t<meta property=\"og:image:width\" content=\"450\" \/>\n\t<meta property=\"og:image:height\" content=\"450\" \/>\n\t<meta property=\"og:image:type\" content=\"image\/jpeg\" \/>\n<meta name=\"twitter:card\" content=\"summary_large_image\" \/>\n<meta name=\"twitter:label1\" content=\"Timp estimat pentru citire\" \/>\n\t<meta name=\"twitter:data1\" content=\"1 minut\" \/>\n<script type=\"application\/ld+json\" class=\"yoast-schema-graph\">{\"@context\":\"https:\/\/schema.org\",\"@graph\":[{\"@type\":\"WebPage\",\"@id\":\"https:\/\/radarservice.eu\/ro\/produs\/quintezz-drive-control-gps-v4-0\/\",\"url\":\"https:\/\/radarservice.eu\/ro\/produs\/quintezz-drive-control-gps-v4-0\/\",\"name\":\"Quintezz Drive Control GPS V4.0 | Radar Service\",\"isPartOf\":{\"@id\":\"https:\/\/radarservice.eu\/ro\/#website\"},\"primaryImageOfPage\":{\"@id\":\"https:\/\/radarservice.eu\/ro\/produs\/quintezz-drive-control-gps-v4-0\/#primaryimage\"},\"image\":{\"@id\":\"https:\/\/radarservice.eu\/ro\/produs\/quintezz-drive-control-gps-v4-0\/#primaryimage\"},\"thumbnailUrl\":\"https:\/\/radarservice.eu\/wp-content\/uploads\/2020\/09\/quintezz_drive_control_gps_v4.jpg\",\"datePublished\":\"2021-04-27T06:09:34+00:00\",\"description\":\"Detectorul de radar mobil Quintezz Drive Control este un dispozitiv de intrare \u00een gam\u0103 eficient din punct de vedere al costurilor, care poate fi utilizat \u00een Europa.\",\"breadcrumb\":{\"@id\":\"https:\/\/radarservice.eu\/ro\/produs\/quintezz-drive-control-gps-v4-0\/#breadcrumb\"},\"inLanguage\":\"ro-RO\",\"potentialAction\":[{\"@type\":\"ReadAction\",\"target\":[\"https:\/\/radarservice.eu\/ro\/produs\/quintezz-drive-control-gps-v4-0\/\"]}]},{\"@type\":\"ImageObject\",\"inLanguage\":\"ro-RO\",\"@id\":\"https:\/\/radarservice.eu\/ro\/produs\/quintezz-drive-control-gps-v4-0\/#primaryimage\",\"url\":\"https:\/\/radarservice.eu\/wp-content\/uploads\/2020\/09\/quintezz_drive_control_gps_v4.jpg\",\"contentUrl\":\"https:\/\/radarservice.eu\/wp-content\/uploads\/2020\/09\/quintezz_drive_control_gps_v4.jpg\",\"width\":450,\"height\":450,\"caption\":\"Quintezz Drive Control GPS V4.0\"},{\"@type\":\"BreadcrumbList\",\"@id\":\"https:\/\/radarservice.eu\/ro\/produs\/quintezz-drive-control-gps-v4-0\/#breadcrumb\",\"itemListElement\":[{\"@type\":\"ListItem\",\"position\":1,\"name\":\"Magazin\",\"item\":\"https:\/\/radarservice.eu\/ro\/magazin\/\"},{\"@type\":\"ListItem\",\"position\":2,\"name\":\"Quintezz Drive Control GPS V4.0\"}]},{\"@type\":\"WebSite\",\"@id\":\"https:\/\/radarservice.eu\/ro\/#website\",\"url\":\"https:\/\/radarservice.eu\/ro\/\",\"name\":\"Radar Service\",\"description\":\"Radar detector Laser jammer mobile fix\",\"publisher\":{\"@id\":\"https:\/\/radarservice.eu\/ro\/#organization\"},\"potentialAction\":[{\"@type\":\"SearchAction\",\"target\":{\"@type\":\"EntryPoint\",\"urlTemplate\":\"https:\/\/radarservice.eu\/ro\/?s={search_term_string}\"},\"query-input\":{\"@type\":\"PropertyValueSpecification\",\"valueRequired\":true,\"valueName\":\"search_term_string\"}}],\"inLanguage\":\"ro-RO\"},{\"@type\":\"Organization\",\"@id\":\"https:\/\/radarservice.eu\/ro\/#organization\",\"name\":\"RadarService\",\"url\":\"https:\/\/radarservice.eu\/ro\/\",\"logo\":{\"@type\":\"ImageObject\",\"inLanguage\":\"ro-RO\",\"@id\":\"https:\/\/radarservice.eu\/ro\/#\/schema\/logo\/image\/\",\"url\":\"https:\/\/radarservice.eu\/wp-content\/uploads\/2021\/03\/Radar_detector_service.png\",\"contentUrl\":\"https:\/\/radarservice.eu\/wp-content\/uploads\/2021\/03\/Radar_detector_service.png\",\"width\":174,\"height\":48,\"caption\":\"RadarService\"},\"image\":{\"@id\":\"https:\/\/radarservice.eu\/ro\/#\/schema\/logo\/image\/\"}}]}<\/script>\n<!-- \/ Yoast SEO plugin. -->","yoast_head_json":{"title":"Quintezz Drive Control GPS V4.0 | Radar Service","description":"Detectorul de radar mobil Quintezz Drive Control este un dispozitiv de intrare \u00een gam\u0103 eficient din punct de vedere al costurilor, care poate fi utilizat \u00een Europa.","robots":{"index":"index","follow":"follow","max-snippet":"max-snippet:-1","max-image-preview":"max-image-preview:large","max-video-preview":"max-video-preview:-1"},"canonical":"https:\/\/radarservice.eu\/ro\/produs\/quintezz-drive-control-gps-v4-0\/","og_locale":"ro_RO","og_type":"article","og_title":"Quintezz Drive Control GPS V4.0 | Radar Service","og_description":"Detectorul de radar mobil Quintezz Drive Control este un dispozitiv de intrare \u00een gam\u0103 eficient din punct de vedere al costurilor, care poate fi utilizat \u00een Europa.","og_url":"https:\/\/radarservice.eu\/ro\/produs\/quintezz-drive-control-gps-v4-0\/","og_site_name":"Radar Service","og_image":[{"width":450,"height":450,"url":"https:\/\/radarservice.eu\/wp-content\/uploads\/2020\/09\/quintezz_drive_control_gps_v4.jpg","type":"image\/jpeg"}],"twitter_card":"summary_large_image","twitter_misc":{"Timp estimat pentru citire":"1 minut"},"schema":{"@context":"https:\/\/schema.org","@graph":[{"@type":"WebPage","@id":"https:\/\/radarservice.eu\/ro\/produs\/quintezz-drive-control-gps-v4-0\/","url":"https:\/\/radarservice.eu\/ro\/produs\/quintezz-drive-control-gps-v4-0\/","name":"Quintezz Drive Control GPS V4.0 | Radar Service","isPartOf":{"@id":"https:\/\/radarservice.eu\/ro\/#website"},"primaryImageOfPage":{"@id":"https:\/\/radarservice.eu\/ro\/produs\/quintezz-drive-control-gps-v4-0\/#primaryimage"},"image":{"@id":"https:\/\/radarservice.eu\/ro\/produs\/quintezz-drive-control-gps-v4-0\/#primaryimage"},"thumbnailUrl":"https:\/\/radarservice.eu\/wp-content\/uploads\/2020\/09\/quintezz_drive_control_gps_v4.jpg","datePublished":"2021-04-27T06:09:34+00:00","description":"Detectorul de radar mobil Quintezz Drive Control este un dispozitiv de intrare \u00een gam\u0103 eficient din punct de vedere al costurilor, care poate fi utilizat \u00een Europa.","breadcrumb":{"@id":"https:\/\/radarservice.eu\/ro\/produs\/quintezz-drive-control-gps-v4-0\/#breadcrumb"},"inLanguage":"ro-RO","potentialAction":[{"@type":"ReadAction","target":["https:\/\/radarservice.eu\/ro\/produs\/quintezz-drive-control-gps-v4-0\/"]}]},{"@type":"ImageObject","inLanguage":"ro-RO","@id":"https:\/\/radarservice.eu\/ro\/produs\/quintezz-drive-control-gps-v4-0\/#primaryimage","url":"https:\/\/radarservice.eu\/wp-content\/uploads\/2020\/09\/quintezz_drive_control_gps_v4.jpg","contentUrl":"https:\/\/radarservice.eu\/wp-content\/uploads\/2020\/09\/quintezz_drive_control_gps_v4.jpg","width":450,"height":450,"caption":"Quintezz Drive Control GPS V4.0"},{"@type":"BreadcrumbList","@id":"https:\/\/radarservice.eu\/ro\/produs\/quintezz-drive-control-gps-v4-0\/#breadcrumb","itemListElement":[{"@type":"ListItem","position":1,"name":"Magazin","item":"https:\/\/radarservice.eu\/ro\/magazin\/"},{"@type":"ListItem","position":2,"name":"Quintezz Drive Control GPS V4.0"}]},{"@type":"WebSite","@id":"https:\/\/radarservice.eu\/ro\/#website","url":"https:\/\/radarservice.eu\/ro\/","name":"Radar Service","description":"Radar detector Laser jammer mobile fix","publisher":{"@id":"https:\/\/radarservice.eu\/ro\/#organization"},"potentialAction":[{"@type":"SearchAction","target":{"@type":"EntryPoint","urlTemplate":"https:\/\/radarservice.eu\/ro\/?s={search_term_string}"},"query-input":{"@type":"PropertyValueSpecification","valueRequired":true,"valueName":"search_term_string"}}],"inLanguage":"ro-RO"},{"@type":"Organization","@id":"https:\/\/radarservice.eu\/ro\/#organization","name":"RadarService","url":"https:\/\/radarservice.eu\/ro\/","logo":{"@type":"ImageObject","inLanguage":"ro-RO","@id":"https:\/\/radarservice.eu\/ro\/#\/schema\/logo\/image\/","url":"https:\/\/radarservice.eu\/wp-content\/uploads\/2021\/03\/Radar_detector_service.png","contentUrl":"https:\/\/radarservice.eu\/wp-content\/uploads\/2021\/03\/Radar_detector_service.png","width":174,"height":48,"caption":"RadarService"},"image":{"@id":"https:\/\/radarservice.eu\/ro\/#\/schema\/logo\/image\/"}}]}},"_links":{"self":[{"href":"https:\/\/radarservice.eu\/ro\/wp-json\/wp\/v2\/product\/15683","targetHints":{"allow":["GET"]}}],"collection":[{"href":"https:\/\/radarservice.eu\/ro\/wp-json\/wp\/v2\/product"}],"about":[{"href":"https:\/\/radarservice.eu\/ro\/wp-json\/wp\/v2\/types\/product"}],"replies":[{"embeddable":true,"href":"https:\/\/radarservice.eu\/ro\/wp-json\/wp\/v2\/comments?post=15683"}],"wp:featuredmedia":[{"embeddable":true,"href":"https:\/\/radarservice.eu\/ro\/wp-json\/wp\/v2\/media\/15684"}],"wp:attachment":[{"href":"https:\/\/radarservice.eu\/ro\/wp-json\/wp\/v2\/media?parent=15683"}],"wp:term":[{"taxonomy":"product_brand","embeddable":true,"href":"https:\/\/radarservice.eu\/ro\/wp-json\/wp\/v2\/product_brand?post=15683"},{"taxonomy":"product_cat","embeddable":true,"href":"https:\/\/radarservice.eu\/ro\/wp-json\/wp\/v2\/product_cat?post=15683"},{"taxonomy":"product_tag","embeddable":true,"href":"https:\/\/radarservice.eu\/ro\/wp-json\/wp\/v2\/product_tag?post=15683"}],"curies":[{"name":"wp","href":"https:\/\/api.w.org\/{rel}","templated":true}]}}