{"id":15681,"date":"2021-04-27T08:08:06","date_gmt":"2021-04-27T06:08:06","guid":{"rendered":"https:\/\/radarservice.eu\/produkt\/quintezz-xt7000-z2-euro\/"},"modified":"2021-04-27T08:08:06","modified_gmt":"2021-04-27T06:08:06","slug":"quintezz-xt7000-z2-euro","status":"publish","type":"product","link":"https:\/\/radarservice.eu\/ro\/produs\/quintezz-xt7000-z2-euro\/","title":{"rendered":"Quintezz XT7000 Z2 Euro"},"content":{"rendered":"<p>Detectorul de radar mobil Quintezz XT7000 Z2 este un dispozitiv accesibil, de nivel de intrare, potrivit pentru utilizarea \u00een Europa.<br \/>.<br \/>\nOptim pentru \u0219oferii care se pot descurca cu performan\u021be medii \u0219i pentru care acoperirea de baz\u0103 este suficient\u0103.<\/p>\n<p>.<\/p>\n<p><strong>Nota:<\/strong> Quintezz XT7000 Z2 are recep\u021bie laser, dar pentru o protec\u021bie laser sigur\u0103 v\u0103 recomand\u0103m<br \/>.<br \/>\nutilizarea unui blocant laser activ, de exemplu Genevo FF2 sau AL Priority.<\/p>\n<p>.<\/p>\n<p><strong>Vizualizare general\u0103:<\/strong><br \/>\n+ detector de radar mobil cu conexiune la bricheta de 12V<br \/>.<br \/>\n+ banda X, K, KA \u0219i Ku<br \/>\n+ band\u0103 \u00eengust\u0103 Ka pentru performan\u021be maxime cu radarele europene Multanova<br \/>.<br \/>\n+ Dimensiuni: 34 x 75 x 117 (\u00een\u0103l\u021bime x l\u0103\u021bime x lungime \u00een mm)<\/p>\n<p>.<\/p>\n<p><strong>Frecven\u021be de frecven\u021b\u0103:<\/strong><br \/>.<br \/>\n+ Banda X &#8211; 9,41 GHz, 9,90 GHz, 10,525 GHz, 10,600 GHz<br \/>.<br \/>\n+ Banda K &#8211; 24,125 GHz, 24,150 GHz, 24,220 GHz<br \/>.<br \/>\n+ Banda Ka &#8211; 34,700 GHz \u00b1 1300 MHz<br \/>\n+ Ka Narrow &#8211; 34.00 GHz, 34.30 GHz, 34.36 GHz, 35.70 GHz<br \/>\n+ Banda KU &#8211; 13.450 GHz<\/p>\n<p>><\/p>\n<p><strong>Scop de livrare:<\/strong><br \/>\n* Detector de radar Quintezz XT7000 Z2<br \/>.<br \/>\n* Suport \u0219i; cablu de conectare de 12V<br \/>.<br \/>\n* Manual de instruc\u021biuni<\/p>\n","protected":false},"excerpt":{"rendered":"<p>Detectorul de radar mobil Quintezz XT7000 Z2 este un dispozitiv accesibil, de nivel de intrare, potrivit pentru utilizarea \u00een Europa.. Optim pentru \u0219oferii care se pot descurca cu performan\u021be medii \u0219i pentru care acoperirea de baz\u0103 este suficient\u0103. . Nota: Quintezz XT7000 Z2 are recep\u021bie laser, dar pentru o protec\u021bie laser sigur\u0103 v\u0103 recomand\u0103m. utilizarea [&#8230;]\n","protected":false},"featured_media":15682,"comment_status":"open","ping_status":"closed","template":"","meta":[],"product_brand":[],"product_cat":[1448,1556],"product_tag":[1450,1558,1451,1557],"class_list":{"0":"post-15681","1":"product","2":"type-product","3":"status-publish","4":"has-post-thumbnail","6":"product_cat-detectoare-mobile-de-radar","7":"product_cat-quintezz-ro","8":"product_tag-detector-de-radar-ro","9":"product_tag-euro-ro","10":"product_tag-europa-ro","11":"product_tag-quintezz-xt7000-ro","13":"first","14":"instock","15":"sale","16":"taxable","17":"shipping-taxable","18":"purchasable","19":"product-type-simple"},"yoast_head":"<!-- This site is optimized with the Yoast SEO plugin v27.2 - https:\/\/yoast.com\/product\/yoast-seo-wordpress\/ -->\n<title>Quintezz XT7000 Z2 Euro | Radar Service<\/title>\n<meta name=\"description\" content=\"Detectorul de radar mobil Quintezz XT7000 Z2 este un dispozitiv entry-level rentabil, potrivit pentru utilizarea \u00een Europa.\" \/>\n<meta name=\"robots\" content=\"index, follow, max-snippet:-1, max-image-preview:large, max-video-preview:-1\" \/>\n<link rel=\"canonical\" href=\"https:\/\/radarservice.eu\/ro\/produs\/quintezz-xt7000-z2-euro\/\" \/>\n<meta property=\"og:locale\" content=\"ro_RO\" \/>\n<meta property=\"og:type\" content=\"article\" \/>\n<meta property=\"og:title\" content=\"Quintezz XT7000 Z2 Euro | Radar Service\" \/>\n<meta property=\"og:description\" content=\"Detectorul de radar mobil Quintezz XT7000 Z2 este un dispozitiv entry-level rentabil, potrivit pentru utilizarea \u00een Europa.\" \/>\n<meta property=\"og:url\" content=\"https:\/\/radarservice.eu\/ro\/produs\/quintezz-xt7000-z2-euro\/\" \/>\n<meta property=\"og:site_name\" content=\"Radar Service\" \/>\n<meta property=\"og:image\" content=\"https:\/\/radarservice.eu\/wp-content\/uploads\/2020\/09\/quintezz_xt_7000.jpg\" \/>\n\t<meta property=\"og:image:width\" content=\"450\" \/>\n\t<meta property=\"og:image:height\" content=\"450\" \/>\n\t<meta property=\"og:image:type\" content=\"image\/jpeg\" \/>\n<meta name=\"twitter:card\" content=\"summary_large_image\" \/>\n<meta name=\"twitter:label1\" content=\"Timp estimat pentru citire\" \/>\n\t<meta name=\"twitter:data1\" content=\"1 minut\" \/>\n<script type=\"application\/ld+json\" class=\"yoast-schema-graph\">{\"@context\":\"https:\/\/schema.org\",\"@graph\":[{\"@type\":\"WebPage\",\"@id\":\"https:\/\/radarservice.eu\/ro\/produs\/quintezz-xt7000-z2-euro\/\",\"url\":\"https:\/\/radarservice.eu\/ro\/produs\/quintezz-xt7000-z2-euro\/\",\"name\":\"Quintezz XT7000 Z2 Euro | Radar Service\",\"isPartOf\":{\"@id\":\"https:\/\/radarservice.eu\/ro\/#website\"},\"primaryImageOfPage\":{\"@id\":\"https:\/\/radarservice.eu\/ro\/produs\/quintezz-xt7000-z2-euro\/#primaryimage\"},\"image\":{\"@id\":\"https:\/\/radarservice.eu\/ro\/produs\/quintezz-xt7000-z2-euro\/#primaryimage\"},\"thumbnailUrl\":\"https:\/\/radarservice.eu\/wp-content\/uploads\/2020\/09\/quintezz_xt_7000.jpg\",\"datePublished\":\"2021-04-27T06:08:06+00:00\",\"description\":\"Detectorul de radar mobil Quintezz XT7000 Z2 este un dispozitiv entry-level rentabil, potrivit pentru utilizarea \u00een Europa.\",\"breadcrumb\":{\"@id\":\"https:\/\/radarservice.eu\/ro\/produs\/quintezz-xt7000-z2-euro\/#breadcrumb\"},\"inLanguage\":\"ro-RO\",\"potentialAction\":[{\"@type\":\"ReadAction\",\"target\":[\"https:\/\/radarservice.eu\/ro\/produs\/quintezz-xt7000-z2-euro\/\"]}]},{\"@type\":\"ImageObject\",\"inLanguage\":\"ro-RO\",\"@id\":\"https:\/\/radarservice.eu\/ro\/produs\/quintezz-xt7000-z2-euro\/#primaryimage\",\"url\":\"https:\/\/radarservice.eu\/wp-content\/uploads\/2020\/09\/quintezz_xt_7000.jpg\",\"contentUrl\":\"https:\/\/radarservice.eu\/wp-content\/uploads\/2020\/09\/quintezz_xt_7000.jpg\",\"width\":450,\"height\":450,\"caption\":\"Quintezz XT7000\"},{\"@type\":\"BreadcrumbList\",\"@id\":\"https:\/\/radarservice.eu\/ro\/produs\/quintezz-xt7000-z2-euro\/#breadcrumb\",\"itemListElement\":[{\"@type\":\"ListItem\",\"position\":1,\"name\":\"Magazin\",\"item\":\"https:\/\/radarservice.eu\/ro\/magazin\/\"},{\"@type\":\"ListItem\",\"position\":2,\"name\":\"Quintezz XT7000 Z2 Euro\"}]},{\"@type\":\"WebSite\",\"@id\":\"https:\/\/radarservice.eu\/ro\/#website\",\"url\":\"https:\/\/radarservice.eu\/ro\/\",\"name\":\"Radar Service\",\"description\":\"Radar detector Laser jammer mobile fix\",\"publisher\":{\"@id\":\"https:\/\/radarservice.eu\/ro\/#organization\"},\"potentialAction\":[{\"@type\":\"SearchAction\",\"target\":{\"@type\":\"EntryPoint\",\"urlTemplate\":\"https:\/\/radarservice.eu\/ro\/?s={search_term_string}\"},\"query-input\":{\"@type\":\"PropertyValueSpecification\",\"valueRequired\":true,\"valueName\":\"search_term_string\"}}],\"inLanguage\":\"ro-RO\"},{\"@type\":\"Organization\",\"@id\":\"https:\/\/radarservice.eu\/ro\/#organization\",\"name\":\"RadarService\",\"url\":\"https:\/\/radarservice.eu\/ro\/\",\"logo\":{\"@type\":\"ImageObject\",\"inLanguage\":\"ro-RO\",\"@id\":\"https:\/\/radarservice.eu\/ro\/#\/schema\/logo\/image\/\",\"url\":\"https:\/\/radarservice.eu\/wp-content\/uploads\/2021\/03\/Radar_detector_service.png\",\"contentUrl\":\"https:\/\/radarservice.eu\/wp-content\/uploads\/2021\/03\/Radar_detector_service.png\",\"width\":174,\"height\":48,\"caption\":\"RadarService\"},\"image\":{\"@id\":\"https:\/\/radarservice.eu\/ro\/#\/schema\/logo\/image\/\"}}]}<\/script>\n<!-- \/ Yoast SEO plugin. -->","yoast_head_json":{"title":"Quintezz XT7000 Z2 Euro | Radar Service","description":"Detectorul de radar mobil Quintezz XT7000 Z2 este un dispozitiv entry-level rentabil, potrivit pentru utilizarea \u00een Europa.","robots":{"index":"index","follow":"follow","max-snippet":"max-snippet:-1","max-image-preview":"max-image-preview:large","max-video-preview":"max-video-preview:-1"},"canonical":"https:\/\/radarservice.eu\/ro\/produs\/quintezz-xt7000-z2-euro\/","og_locale":"ro_RO","og_type":"article","og_title":"Quintezz XT7000 Z2 Euro | Radar Service","og_description":"Detectorul de radar mobil Quintezz XT7000 Z2 este un dispozitiv entry-level rentabil, potrivit pentru utilizarea \u00een Europa.","og_url":"https:\/\/radarservice.eu\/ro\/produs\/quintezz-xt7000-z2-euro\/","og_site_name":"Radar Service","og_image":[{"width":450,"height":450,"url":"https:\/\/radarservice.eu\/wp-content\/uploads\/2020\/09\/quintezz_xt_7000.jpg","type":"image\/jpeg"}],"twitter_card":"summary_large_image","twitter_misc":{"Timp estimat pentru citire":"1 minut"},"schema":{"@context":"https:\/\/schema.org","@graph":[{"@type":"WebPage","@id":"https:\/\/radarservice.eu\/ro\/produs\/quintezz-xt7000-z2-euro\/","url":"https:\/\/radarservice.eu\/ro\/produs\/quintezz-xt7000-z2-euro\/","name":"Quintezz XT7000 Z2 Euro | Radar Service","isPartOf":{"@id":"https:\/\/radarservice.eu\/ro\/#website"},"primaryImageOfPage":{"@id":"https:\/\/radarservice.eu\/ro\/produs\/quintezz-xt7000-z2-euro\/#primaryimage"},"image":{"@id":"https:\/\/radarservice.eu\/ro\/produs\/quintezz-xt7000-z2-euro\/#primaryimage"},"thumbnailUrl":"https:\/\/radarservice.eu\/wp-content\/uploads\/2020\/09\/quintezz_xt_7000.jpg","datePublished":"2021-04-27T06:08:06+00:00","description":"Detectorul de radar mobil Quintezz XT7000 Z2 este un dispozitiv entry-level rentabil, potrivit pentru utilizarea \u00een Europa.","breadcrumb":{"@id":"https:\/\/radarservice.eu\/ro\/produs\/quintezz-xt7000-z2-euro\/#breadcrumb"},"inLanguage":"ro-RO","potentialAction":[{"@type":"ReadAction","target":["https:\/\/radarservice.eu\/ro\/produs\/quintezz-xt7000-z2-euro\/"]}]},{"@type":"ImageObject","inLanguage":"ro-RO","@id":"https:\/\/radarservice.eu\/ro\/produs\/quintezz-xt7000-z2-euro\/#primaryimage","url":"https:\/\/radarservice.eu\/wp-content\/uploads\/2020\/09\/quintezz_xt_7000.jpg","contentUrl":"https:\/\/radarservice.eu\/wp-content\/uploads\/2020\/09\/quintezz_xt_7000.jpg","width":450,"height":450,"caption":"Quintezz XT7000"},{"@type":"BreadcrumbList","@id":"https:\/\/radarservice.eu\/ro\/produs\/quintezz-xt7000-z2-euro\/#breadcrumb","itemListElement":[{"@type":"ListItem","position":1,"name":"Magazin","item":"https:\/\/radarservice.eu\/ro\/magazin\/"},{"@type":"ListItem","position":2,"name":"Quintezz XT7000 Z2 Euro"}]},{"@type":"WebSite","@id":"https:\/\/radarservice.eu\/ro\/#website","url":"https:\/\/radarservice.eu\/ro\/","name":"Radar Service","description":"Radar detector Laser jammer mobile fix","publisher":{"@id":"https:\/\/radarservice.eu\/ro\/#organization"},"potentialAction":[{"@type":"SearchAction","target":{"@type":"EntryPoint","urlTemplate":"https:\/\/radarservice.eu\/ro\/?s={search_term_string}"},"query-input":{"@type":"PropertyValueSpecification","valueRequired":true,"valueName":"search_term_string"}}],"inLanguage":"ro-RO"},{"@type":"Organization","@id":"https:\/\/radarservice.eu\/ro\/#organization","name":"RadarService","url":"https:\/\/radarservice.eu\/ro\/","logo":{"@type":"ImageObject","inLanguage":"ro-RO","@id":"https:\/\/radarservice.eu\/ro\/#\/schema\/logo\/image\/","url":"https:\/\/radarservice.eu\/wp-content\/uploads\/2021\/03\/Radar_detector_service.png","contentUrl":"https:\/\/radarservice.eu\/wp-content\/uploads\/2021\/03\/Radar_detector_service.png","width":174,"height":48,"caption":"RadarService"},"image":{"@id":"https:\/\/radarservice.eu\/ro\/#\/schema\/logo\/image\/"}}]}},"_links":{"self":[{"href":"https:\/\/radarservice.eu\/ro\/wp-json\/wp\/v2\/product\/15681","targetHints":{"allow":["GET"]}}],"collection":[{"href":"https:\/\/radarservice.eu\/ro\/wp-json\/wp\/v2\/product"}],"about":[{"href":"https:\/\/radarservice.eu\/ro\/wp-json\/wp\/v2\/types\/product"}],"replies":[{"embeddable":true,"href":"https:\/\/radarservice.eu\/ro\/wp-json\/wp\/v2\/comments?post=15681"}],"wp:featuredmedia":[{"embeddable":true,"href":"https:\/\/radarservice.eu\/ro\/wp-json\/wp\/v2\/media\/15682"}],"wp:attachment":[{"href":"https:\/\/radarservice.eu\/ro\/wp-json\/wp\/v2\/media?parent=15681"}],"wp:term":[{"taxonomy":"product_brand","embeddable":true,"href":"https:\/\/radarservice.eu\/ro\/wp-json\/wp\/v2\/product_brand?post=15681"},{"taxonomy":"product_cat","embeddable":true,"href":"https:\/\/radarservice.eu\/ro\/wp-json\/wp\/v2\/product_cat?post=15681"},{"taxonomy":"product_tag","embeddable":true,"href":"https:\/\/radarservice.eu\/ro\/wp-json\/wp\/v2\/product_tag?post=15681"}],"curies":[{"name":"wp","href":"https:\/\/api.w.org\/{rel}","templated":true}]}}