{"id":15674,"date":"2021-04-27T08:06:59","date_gmt":"2021-04-27T06:06:59","guid":{"rendered":"https:\/\/radarservice.eu\/produkt\/escort-redline-ex-international\/"},"modified":"2026-05-03T04:43:28","modified_gmt":"2026-05-03T02:43:28","slug":"escort-redline-ex-international","status":"publish","type":"product","link":"https:\/\/radarservice.eu\/ro\/produs\/escort-redline-ex-international\/","title":{"rendered":"Escort RedLine EX International"},"content":{"rendered":"<h2>Detector de radar Escort RedLine EX International<\/h2>\n<p>.<\/p>\n<p>Seria RedLine de la Escort este unul dintre cele mai apreciate detectoare de radar din ultimii ani \u0219i a primit multe recenzii pozitive din partea clien\u021bilor. Cu detectorul de radar RedLine EX, Escort \u00eembun\u0103t\u0103\u021be\u0219te un clasic prin dezvoltarea unui afi\u0219aj color modern \u0219i a unui filtru de alarme false \u00eembun\u0103t\u0103\u021bit.<\/p>\n<p>.<\/p>\n<figure id=\"attachment_13938\" aria-describedby=\"caption-attachment-13938\" style=\"width: 600px\" class=\"wp-caption aligncenter\"><img loading=\"lazy\" decoding=\"async\" src=\"https:\/\/radarservice.eu\/wp-content\/uploads\/2020\/09\/Escort_Redline_Lieferumfang.jpg\" alt=\"Escort Redline EX Scope of Delivery\" width=\"600\" height=\"600\" class=\"size-full wp-image-15680\" srcset=\"https:\/\/radarservice.eu\/wp-content\/uploads\/2020\/09\/Escort_Redline_Lieferumfang.jpg 800w, https:\/\/radarservice.eu\/wp-content\/uploads\/2020\/09\/Escort_Redline_Lieferumfang-300x300.jpg 300w, https:\/\/radarservice.eu\/wp-content\/uploads\/2020\/09\/Escort_Redline_Lieferumfang-150x150.jpg 150w, https:\/\/radarservice.eu\/wp-content\/uploads\/2020\/09\/Escort_Redline_Lieferumfang-768x768.jpg 768w, https:\/\/radarservice.eu\/wp-content\/uploads\/2020\/09\/Escort_Redline_Lieferumfang-510x510.jpg 510w, https:\/\/radarservice.eu\/wp-content\/uploads\/2020\/09\/Escort_Redline_Lieferumfang-100x100.jpg 100w\" sizes=\"auto, (max-width: 600px) 100vw, 600px\" \/><figcaption id=\"caption-attachment-13938\" class=\"wp-caption-text\">Escort Redline EX Scope of Delivery<\/figcaption><\/figure>\n<h3>Filtrul de alarme false \u00eembun\u0103t\u0103\u021bit<\/h3>\n<p> Odat\u0103 cu introducerea sistemelor de asisten\u021b\u0103 pentru \u0219oferi \u00een ma\u0219inile moderne, au ap\u0103rut probleme suplimentare \u0219i alarme false frecvente pentru detectoarele de radar.  Deoarece sistemele de asisten\u021b\u0103 utilizeaz\u0103 frecven\u021be similare cu cele ale radarelor conven\u021bionale. Escort RedLine EX detecteaz\u0103 semnalele provenite de la sistemele de asisten\u021b\u0103 pentru \u0219ofer \u0219i le separ\u0103 de semnalele de la adev\u0103ratele capcane de vitez\u0103, evit\u00e2nd astfel alarmele false inutile.<\/p>\n<p><h3>Tehnologia AutoLearn<\/h3>\n<p>Func\u021bia AutoLearn a RedLine EX combin\u0103 informa\u021biile de localizare GPS cu gama unic\u0103 de frecven\u021be a semnalelor radar recep\u021bionate. Acest lucru permite detectorului de radar s\u0103 detecteze automat alarmele false \u0219i s\u0103 le filtreze \u00een viitor. Ve\u021bi auzi mai pu\u021bine alarme false, chiar dac\u0103 nu marca\u021bi manual aceste loca\u021bii ca alarme false. Dup\u0103 numai trei apari\u021bii ale unei alarme false \u00een aceea\u0219i loca\u021bie, aceast\u0103 loca\u021bie va fi filtrat\u0103 complet automat \u00een viitor cu ajutorul pozi\u021bion\u0103rii GPS.<\/p>\n<p>.<\/p>\n<h3>Vizualizarea rapid\u0103 a pericolelor<\/h3>\n<p>.<\/p>\n<p>Noul afi\u0219aj OLED v\u0103 ofer\u0103 o imagine de ansamblu rapid\u0103 \u0219i clar\u0103 a informa\u021biilor relevante privind alarmele de pericol primite. Simbolurile clare \u0219i un LED suplimentar ofer\u0103 o avertizare vizual\u0103 perfect\u0103 pentru o protec\u021bie suplimentar\u0103. Luminozitatea afi\u0219ajului poate fi reglat\u0103 treptat de la luminos la \u00eentunecat \u0219i poate fi personalizat\u0103 \u00een ceea ce prive\u0219te culoarea.<\/p>\n<p>.<\/p>\n<h3>Dou\u0103 antene pentru o recep\u021bie perfect\u0103<\/h3>\n<p>.<\/p>\n<p>Dou\u0103 antene radar v\u0103 ofer\u0103 cele mai timpurii avertiz\u0103ri posibile pentru toate frecven\u021bele europene. Noile capcane radar GATSO, Multaradar CT (MRCT) \/ Multaradar CD (MRCD) \/ MultaRadar Moving \u0219i Gatso sunt, de asemenea, detectate din timp. Redline EX este, de asemenea, echipat cu mai mul\u021bi senzori laser. Printre acestea se num\u0103r\u0103 un receptor laser special pentru detectarea unei m\u0103sur\u0103tori de vitez\u0103 din spate. Procesarea digital\u0103 a semnalelor patentat\u0103 analizeaz\u0103 transmisiunile primite \u0219i filtreaz\u0103 zgomotul, minimiz\u00e2nd alarmele false deranjante. <\/p>\n<h3>GPS POI Warner cu baza de date a radarelor de vitez\u0103 din Europa<\/h3>\n<p>.<\/p>\n<p>RedLine EX International vine cu o baz\u0103 de date pre\u00eenc\u0103rcat\u0103 cu radare fixe de vitez\u0103 \u0219i semafoare \u0219i sec\u021biuni de control pe sec\u021biuni din \u00eentreaga Europ\u0103. Cu ajutorul receptorului GPS integrat \u0219i a bazei de date Europa, chiar \u0219i radarele fixe sunt raportate \u00een mod fiabil. Actualiz\u0103rile pentru baza de date pot fi desc\u0103rcate \u0219i instalate \u00een orice moment. Ave\u021bi nevoie de un abonament \u0219i de un computer cu Windows\u00ae pentru a actualiza baza de date RedLine EX. <\/p>\n<h3>Practic invizibil pentru detectare<\/h3>\n<p>.<\/p>\n<p>Tehnologia TotalShield v\u0103 asigur\u0103 c\u0103 nu pute\u021bi fi urm\u0103rit.  Chiar \u0219i actualele detectoare de radar VG2 \u0219i Spectre folosite de poli\u021bie nu pot localiza detectorul de radar Escort. Cu acest beneficiu suplimentar, pute\u021bi utiliza Escort Redline EX f\u0103r\u0103 griji.<\/p>\n<p>.<\/p>\n<h3>Conecta\u021bi smartphone-ul prin Bluetooth<\/h3>\n<p>.<\/p>\n<p>Cu interfa\u021ba Bluetooth \u00eencorporat\u0103, pute\u021bi cupla cu u\u0219urin\u021b\u0103 detectorul de radar Escort cu telefonul dvs. \u0219i \u00eel pute\u021bi conecta la aplica\u021bia Escort Live. <\/p>\n<h3>Salva\u021bi-v\u0103 propriile puncte de pericol \u0219i mute automat<\/h3>\n<p>.<\/p>\n<p>V\u0103 pute\u021bi salva propriile puncte de pericol prin simpla ap\u0103sare a unui buton. RedLine EX v\u0103 va avertiza \u00een viitor \u00een aceste loca\u021bii pe m\u0103sur\u0103 ce v\u0103 apropia\u021bi.  Sau ap\u0103sa\u021bi butonul de dezactivare a sunetului \u00eentr-o loca\u021bie \u00een care nu dori\u021bi s\u0103 fi\u021bi avertizat \u00een viitor. Detectorul de radar Redline va re\u021bine coordonatele GPS \u0219i frecven\u021ba radarului \u0219i va dezactiva alarma data viitoare c\u00e2nd trece\u021bi cu ma\u0219ina pe l\u00e2ng\u0103 locul respectiv. Dac\u0103 \u00een acea loca\u021bie se recep\u021bioneaz\u0103 o frecven\u021b\u0103 radar diferit\u0103, de exemplu din cauza unei capcane de vitez\u0103, Escort EX v\u0103 va avertiza \u00een continuare.<\/p>\n<p>.<\/p>\n<h3>Operare u\u0219or de utilizat<\/h3>\n<p>.<\/p>\n<p>Detectorul de radar RedLine EX v\u0103 permite s\u0103 profita\u021bi cu u\u0219urin\u021b\u0103 de tehnologia sa excelent\u0103. Cu dou\u0103 niveluri de sensibilitate preconfigurate, pute\u021bi seta detectorul de radar pentru utilizarea \u00een ora\u0219 \u0219i pe autostrad\u0103. Alerta vocal\u0103 digital\u0103 este \u00een limba englez\u0103 sau spaniol\u0103 \u0219i pute\u021bi folosi func\u021bia de dezactivare pentru a regla volumul sau pentru a o opri complet.<\/p>\n<p>.<\/p>\n<h3>SmartCord \u0219i hus\u0103 de c\u0103l\u0103torie<\/h3>\n<p>Scurt RedLine EX este livrat cu o hus\u0103 de c\u0103l\u0103torie \u0219i un cablu de conectare SmartCord de 12 vol\u021bi pentru brichet\u0103.  Suportul avansat se fixeaz\u0103 \u00een siguran\u021b\u0103 pe parbriz \u0219i v\u0103 permite s\u0103 monta\u021bi rapid detectorul de radar. Cu ajutorul LED-ului integrat \u00een cablul SmartCord, pute\u021bi vedea avertismentele chiar \u0219i atunci c\u00e2nd ecranul este oprit. <\/p>\n<p><strong>Nota:<\/strong> \u00cen timp ce Escort Redline are o recep\u021bie laser bun\u0103, recomand\u0103m utilizarea unui blocant laser activ, cum ar fi AL Priority sau LaserTrack Flare pentru o protec\u021bie laser sigur\u0103.<\/p>\n<p>.<\/p>\n","protected":false},"excerpt":{"rendered":"<h2>Escort RedLine EX International<\/h2>\n<p>Detector radar cu Bluetooth, GPS \u0219i baz\u0103 de date pentru Europa. Detector de radar foarte bun pentru utilizarea \u00een Europa.<br \/>.<br \/>\nSpecial reglat pentru utilizarea \u00een Europa, protec\u021bie \u00eempotriva capcanelor radar X, K, Ka, MultaRadar, Gatso. <\/p>\n","protected":false},"featured_media":15679,"comment_status":"open","ping_status":"closed","template":"","meta":[],"product_brand":[],"product_cat":[1514,1448,1449],"product_tag":[1450,1458,1466,1455,1451],"class_list":{"0":"post-15674","1":"product","2":"type-product","3":"status-publish","4":"has-post-thumbnail","6":"product_cat-detectoare-de-radar-recomandate","7":"product_cat-detectoare-mobile-de-radar","8":"product_cat-escort-ro","9":"product_tag-detector-de-radar-ro","10":"product_tag-detector-de-radar-mobil","11":"product_tag-detector-laser-ro","12":"product_tag-escort-redline-ro","13":"product_tag-europa-ro","15":"first","16":"onbackorder","17":"sale","18":"taxable","19":"shipping-taxable","20":"purchasable","21":"product-type-simple"},"yoast_head":"<!-- This site is optimized with the Yoast SEO plugin v27.2 - https:\/\/yoast.com\/product\/yoast-seo-wordpress\/ -->\n<title>Escort RedLine EX International | Radar Service<\/title>\n<meta name=\"description\" content=\"Detectorul de radar Escort RedLine EX ofer\u0103 o avertizare radar foarte bun\u0103 \u0219i cea mai bun\u0103 protec\u021bie posibil\u0103 \u00eempotriva capcanelor de vitez\u0103 mobile \u0219i a m\u0103sur\u0103torilor cu laser.\" \/>\n<meta name=\"robots\" content=\"index, follow, max-snippet:-1, max-image-preview:large, max-video-preview:-1\" \/>\n<link rel=\"canonical\" href=\"https:\/\/radarservice.eu\/ro\/produs\/escort-redline-ex-international\/\" \/>\n<meta property=\"og:locale\" content=\"ro_RO\" \/>\n<meta property=\"og:type\" content=\"article\" \/>\n<meta property=\"og:title\" content=\"Escort RedLine EX International | Radar Service\" \/>\n<meta property=\"og:description\" content=\"Detectorul de radar Escort RedLine EX ofer\u0103 o avertizare radar foarte bun\u0103 \u0219i cea mai bun\u0103 protec\u021bie posibil\u0103 \u00eempotriva capcanelor de vitez\u0103 mobile \u0219i a m\u0103sur\u0103torilor cu laser.\" \/>\n<meta property=\"og:url\" content=\"https:\/\/radarservice.eu\/ro\/produs\/escort-redline-ex-international\/\" \/>\n<meta property=\"og:site_name\" content=\"Radar Service\" \/>\n<meta property=\"article:modified_time\" content=\"2026-05-03T02:43:28+00:00\" \/>\n<meta property=\"og:image\" content=\"https:\/\/radarservice.eu\/wp-content\/uploads\/2020\/09\/Escort_Redline_EX_International_display.png\" \/>\n\t<meta property=\"og:image:width\" content=\"780\" \/>\n\t<meta property=\"og:image:height\" content=\"440\" \/>\n\t<meta property=\"og:image:type\" content=\"image\/png\" \/>\n<meta name=\"twitter:card\" content=\"summary_large_image\" \/>\n<meta name=\"twitter:label1\" content=\"Timp estimat pentru citire\" \/>\n\t<meta name=\"twitter:data1\" content=\"4 minute\" \/>\n<script type=\"application\/ld+json\" class=\"yoast-schema-graph\">{\"@context\":\"https:\/\/schema.org\",\"@graph\":[{\"@type\":\"WebPage\",\"@id\":\"https:\/\/radarservice.eu\/ro\/produs\/escort-redline-ex-international\/\",\"url\":\"https:\/\/radarservice.eu\/ro\/produs\/escort-redline-ex-international\/\",\"name\":\"Escort RedLine EX International | Radar Service\",\"isPartOf\":{\"@id\":\"https:\/\/radarservice.eu\/ro\/#website\"},\"primaryImageOfPage\":{\"@id\":\"https:\/\/radarservice.eu\/ro\/produs\/escort-redline-ex-international\/#primaryimage\"},\"image\":{\"@id\":\"https:\/\/radarservice.eu\/ro\/produs\/escort-redline-ex-international\/#primaryimage\"},\"thumbnailUrl\":\"https:\/\/radarservice.eu\/wp-content\/uploads\/2020\/09\/Escort_Redline_EX_International_display.png\",\"datePublished\":\"2021-04-27T06:06:59+00:00\",\"dateModified\":\"2026-05-03T02:43:28+00:00\",\"description\":\"Detectorul de radar Escort RedLine EX ofer\u0103 o avertizare radar foarte bun\u0103 \u0219i cea mai bun\u0103 protec\u021bie posibil\u0103 \u00eempotriva capcanelor de vitez\u0103 mobile \u0219i a m\u0103sur\u0103torilor cu laser.\",\"breadcrumb\":{\"@id\":\"https:\/\/radarservice.eu\/ro\/produs\/escort-redline-ex-international\/#breadcrumb\"},\"inLanguage\":\"ro-RO\",\"potentialAction\":[{\"@type\":\"ReadAction\",\"target\":[\"https:\/\/radarservice.eu\/ro\/produs\/escort-redline-ex-international\/\"]}]},{\"@type\":\"ImageObject\",\"inLanguage\":\"ro-RO\",\"@id\":\"https:\/\/radarservice.eu\/ro\/produs\/escort-redline-ex-international\/#primaryimage\",\"url\":\"https:\/\/radarservice.eu\/wp-content\/uploads\/2020\/09\/Escort_Redline_EX_International_display.png\",\"contentUrl\":\"https:\/\/radarservice.eu\/wp-content\/uploads\/2020\/09\/Escort_Redline_EX_International_display.png\",\"width\":780,\"height\":440,\"caption\":\"Afi\u0219aj interna\u021bional Escort Redline EX\"},{\"@type\":\"BreadcrumbList\",\"@id\":\"https:\/\/radarservice.eu\/ro\/produs\/escort-redline-ex-international\/#breadcrumb\",\"itemListElement\":[{\"@type\":\"ListItem\",\"position\":1,\"name\":\"Magazin\",\"item\":\"https:\/\/radarservice.eu\/ro\/magazin\/\"},{\"@type\":\"ListItem\",\"position\":2,\"name\":\"Escort RedLine EX International\"}]},{\"@type\":\"WebSite\",\"@id\":\"https:\/\/radarservice.eu\/ro\/#website\",\"url\":\"https:\/\/radarservice.eu\/ro\/\",\"name\":\"Radar Service\",\"description\":\"Radar detector Laser jammer mobile fix\",\"publisher\":{\"@id\":\"https:\/\/radarservice.eu\/ro\/#organization\"},\"potentialAction\":[{\"@type\":\"SearchAction\",\"target\":{\"@type\":\"EntryPoint\",\"urlTemplate\":\"https:\/\/radarservice.eu\/ro\/?s={search_term_string}\"},\"query-input\":{\"@type\":\"PropertyValueSpecification\",\"valueRequired\":true,\"valueName\":\"search_term_string\"}}],\"inLanguage\":\"ro-RO\"},{\"@type\":\"Organization\",\"@id\":\"https:\/\/radarservice.eu\/ro\/#organization\",\"name\":\"RadarService\",\"url\":\"https:\/\/radarservice.eu\/ro\/\",\"logo\":{\"@type\":\"ImageObject\",\"inLanguage\":\"ro-RO\",\"@id\":\"https:\/\/radarservice.eu\/ro\/#\/schema\/logo\/image\/\",\"url\":\"https:\/\/radarservice.eu\/wp-content\/uploads\/2021\/03\/Radar_detector_service.png\",\"contentUrl\":\"https:\/\/radarservice.eu\/wp-content\/uploads\/2021\/03\/Radar_detector_service.png\",\"width\":174,\"height\":48,\"caption\":\"RadarService\"},\"image\":{\"@id\":\"https:\/\/radarservice.eu\/ro\/#\/schema\/logo\/image\/\"}}]}<\/script>\n<!-- \/ Yoast SEO plugin. -->","yoast_head_json":{"title":"Escort RedLine EX International | Radar Service","description":"Detectorul de radar Escort RedLine EX ofer\u0103 o avertizare radar foarte bun\u0103 \u0219i cea mai bun\u0103 protec\u021bie posibil\u0103 \u00eempotriva capcanelor de vitez\u0103 mobile \u0219i a m\u0103sur\u0103torilor cu laser.","robots":{"index":"index","follow":"follow","max-snippet":"max-snippet:-1","max-image-preview":"max-image-preview:large","max-video-preview":"max-video-preview:-1"},"canonical":"https:\/\/radarservice.eu\/ro\/produs\/escort-redline-ex-international\/","og_locale":"ro_RO","og_type":"article","og_title":"Escort RedLine EX International | Radar Service","og_description":"Detectorul de radar Escort RedLine EX ofer\u0103 o avertizare radar foarte bun\u0103 \u0219i cea mai bun\u0103 protec\u021bie posibil\u0103 \u00eempotriva capcanelor de vitez\u0103 mobile \u0219i a m\u0103sur\u0103torilor cu laser.","og_url":"https:\/\/radarservice.eu\/ro\/produs\/escort-redline-ex-international\/","og_site_name":"Radar Service","article_modified_time":"2026-05-03T02:43:28+00:00","og_image":[{"width":780,"height":440,"url":"https:\/\/radarservice.eu\/wp-content\/uploads\/2020\/09\/Escort_Redline_EX_International_display.png","type":"image\/png"}],"twitter_card":"summary_large_image","twitter_misc":{"Timp estimat pentru citire":"4 minute"},"schema":{"@context":"https:\/\/schema.org","@graph":[{"@type":"WebPage","@id":"https:\/\/radarservice.eu\/ro\/produs\/escort-redline-ex-international\/","url":"https:\/\/radarservice.eu\/ro\/produs\/escort-redline-ex-international\/","name":"Escort RedLine EX International | Radar Service","isPartOf":{"@id":"https:\/\/radarservice.eu\/ro\/#website"},"primaryImageOfPage":{"@id":"https:\/\/radarservice.eu\/ro\/produs\/escort-redline-ex-international\/#primaryimage"},"image":{"@id":"https:\/\/radarservice.eu\/ro\/produs\/escort-redline-ex-international\/#primaryimage"},"thumbnailUrl":"https:\/\/radarservice.eu\/wp-content\/uploads\/2020\/09\/Escort_Redline_EX_International_display.png","datePublished":"2021-04-27T06:06:59+00:00","dateModified":"2026-05-03T02:43:28+00:00","description":"Detectorul de radar Escort RedLine EX ofer\u0103 o avertizare radar foarte bun\u0103 \u0219i cea mai bun\u0103 protec\u021bie posibil\u0103 \u00eempotriva capcanelor de vitez\u0103 mobile \u0219i a m\u0103sur\u0103torilor cu laser.","breadcrumb":{"@id":"https:\/\/radarservice.eu\/ro\/produs\/escort-redline-ex-international\/#breadcrumb"},"inLanguage":"ro-RO","potentialAction":[{"@type":"ReadAction","target":["https:\/\/radarservice.eu\/ro\/produs\/escort-redline-ex-international\/"]}]},{"@type":"ImageObject","inLanguage":"ro-RO","@id":"https:\/\/radarservice.eu\/ro\/produs\/escort-redline-ex-international\/#primaryimage","url":"https:\/\/radarservice.eu\/wp-content\/uploads\/2020\/09\/Escort_Redline_EX_International_display.png","contentUrl":"https:\/\/radarservice.eu\/wp-content\/uploads\/2020\/09\/Escort_Redline_EX_International_display.png","width":780,"height":440,"caption":"Afi\u0219aj interna\u021bional Escort Redline EX"},{"@type":"BreadcrumbList","@id":"https:\/\/radarservice.eu\/ro\/produs\/escort-redline-ex-international\/#breadcrumb","itemListElement":[{"@type":"ListItem","position":1,"name":"Magazin","item":"https:\/\/radarservice.eu\/ro\/magazin\/"},{"@type":"ListItem","position":2,"name":"Escort RedLine EX International"}]},{"@type":"WebSite","@id":"https:\/\/radarservice.eu\/ro\/#website","url":"https:\/\/radarservice.eu\/ro\/","name":"Radar Service","description":"Radar detector Laser jammer mobile fix","publisher":{"@id":"https:\/\/radarservice.eu\/ro\/#organization"},"potentialAction":[{"@type":"SearchAction","target":{"@type":"EntryPoint","urlTemplate":"https:\/\/radarservice.eu\/ro\/?s={search_term_string}"},"query-input":{"@type":"PropertyValueSpecification","valueRequired":true,"valueName":"search_term_string"}}],"inLanguage":"ro-RO"},{"@type":"Organization","@id":"https:\/\/radarservice.eu\/ro\/#organization","name":"RadarService","url":"https:\/\/radarservice.eu\/ro\/","logo":{"@type":"ImageObject","inLanguage":"ro-RO","@id":"https:\/\/radarservice.eu\/ro\/#\/schema\/logo\/image\/","url":"https:\/\/radarservice.eu\/wp-content\/uploads\/2021\/03\/Radar_detector_service.png","contentUrl":"https:\/\/radarservice.eu\/wp-content\/uploads\/2021\/03\/Radar_detector_service.png","width":174,"height":48,"caption":"RadarService"},"image":{"@id":"https:\/\/radarservice.eu\/ro\/#\/schema\/logo\/image\/"}}]}},"_links":{"self":[{"href":"https:\/\/radarservice.eu\/ro\/wp-json\/wp\/v2\/product\/15674","targetHints":{"allow":["GET"]}}],"collection":[{"href":"https:\/\/radarservice.eu\/ro\/wp-json\/wp\/v2\/product"}],"about":[{"href":"https:\/\/radarservice.eu\/ro\/wp-json\/wp\/v2\/types\/product"}],"replies":[{"embeddable":true,"href":"https:\/\/radarservice.eu\/ro\/wp-json\/wp\/v2\/comments?post=15674"}],"wp:featuredmedia":[{"embeddable":true,"href":"https:\/\/radarservice.eu\/ro\/wp-json\/wp\/v2\/media\/15679"}],"wp:attachment":[{"href":"https:\/\/radarservice.eu\/ro\/wp-json\/wp\/v2\/media?parent=15674"}],"wp:term":[{"taxonomy":"product_brand","embeddable":true,"href":"https:\/\/radarservice.eu\/ro\/wp-json\/wp\/v2\/product_brand?post=15674"},{"taxonomy":"product_cat","embeddable":true,"href":"https:\/\/radarservice.eu\/ro\/wp-json\/wp\/v2\/product_cat?post=15674"},{"taxonomy":"product_tag","embeddable":true,"href":"https:\/\/radarservice.eu\/ro\/wp-json\/wp\/v2\/product_tag?post=15674"}],"curies":[{"name":"wp","href":"https:\/\/api.w.org\/{rel}","templated":true}]}}